{"id":13,"date":"2023-02-20T07:40:05","date_gmt":"2023-02-20T07:40:05","guid":{"rendered":"https:\/\/urbanjournalism.institute\/forecast\/es\/forecast-2023\/ciudades-en-2023\/"},"modified":"2024-08-26T14:25:33","modified_gmt":"2024-08-26T14:25:33","slug":"ciudades-en-2023","status":"publish","type":"page","link":"https:\/\/urbanjournalism.institute\/forecast-es\/forecast-2023\/ciudades-en-2023\/","title":{"rendered":"Las Ciudades en 2023"},"content":{"rendered":"\n<figure class=\"wp-block-image size-large\"><img decoding=\"async\" src=\"https:\/\/urbanjournalism.institute\/forecast\/wp-content\/themes\/forecast\/dist\/assets\/images\/editorial\/page-1-portrait.jpg\" alt=\"\" \/><figcaption class=\"wp-element-caption\">\u00a9 ruslanshug<\/figcaption><\/figure>\n\n\n\n<div class=\"wp-block-group\"><div class=\"wp-block-group__inner-container is-layout-constrained wp-block-group-is-layout-constrained\">\n<div class=\"wp-block-group\"><div class=\"wp-block-group__inner-container is-layout-constrained wp-block-group-is-layout-constrained\">\n<pre class=\"wp-block-preformatted has-text-align-center\">Editorial<\/pre>\n\n\n\n<h1 class=\"wp-block-heading has-text-align-center\">Las Ciudades en 2023<\/h1>\n\n\n\n<div style=\"height:20px\" aria-hidden=\"true\" class=\"wp-block-spacer\"><\/div>\n\n\n\n<div class=\"wp-block-columns is-layout-flex wp-container-core-columns-is-layout-9d6595d7 wp-block-columns-is-layout-flex\">\n<div class=\"wp-block-column is-layout-flow wp-block-column-is-layout-flow\">\n<p><strong>Permacrisis <\/strong>es un periodo prolongado de inestabilidad e inseguridad. Es la palabra del a\u00f1o en 2022, seg\u00fan el Diccionario Collins, y parece m\u00e1s que pertinente para describir la situaci\u00f3n y el sentimiento abrumador compartido por la mayor\u00eda de las personas durante el a\u00f1o pasado. <strong>Policrisis <\/strong>es otro concepto ampliamente mencionado en 2022 para describir m\u00faltiples emergencias mundiales interrelacionadas, o la naturaleza conectada de una crisis incrustada en otras. Merece la pena leer el Chartbook #192 de Adam Tooze para reflexionar un poco m\u00e1s sobre las implicaciones y el alcance de \u00abpolicrisis\u00bb.<\/p>\n\n\n\n<p class=\"has-text-align-justify\">Ambos t\u00e9rminos est\u00e1n relacionados con la noci\u00f3n de <strong>emergencias globales complejas<\/strong>. A principios de 2020, la London School of Economics-LSE, CGLU y Metr\u00f3polis empezaron a investigar y aplicar conjuntamente este t\u00e9rmino a trav\u00e9s de la Iniciativa Gobernanza de Emergencias para Ciudades y Regiones. Las emergencias complejas se definen como duraderas, de naturaleza pol\u00edtica y capaces de erosionar la estabilidad cultural, civil y econ\u00f3mica de las sociedades.<\/p>\n\n\n\n<p class=\"has-text-align-justify\">La pandemia de la COVID-19 es actualmente la emergencia compleja m\u00e1s tangible ante la que los gobiernos locales han demostrado su capacidad de respuesta. La gobernanza multinivel coordinada, probada con \u00e9xito durante la pandemia, es el camino hacia un sistema multilateral m\u00e1s representativo, inclusivo y eficaz.<\/p>\n<\/div>\n\n\n\n<div class=\"wp-block-column is-layout-flow wp-block-column-is-layout-flow\">\n<p class=\"has-text-align-justify\">El llamado <strong>\u00abMultilateralismo 2.0\u00bb <\/strong>requiere un reconocimiento mayor del papel de los actores no estatales, como los gobiernos locales y regionales. La <strong>crisis clim\u00e1tica<\/strong>, el <strong>aumento de las desigualdades<\/strong> y la<strong> injusticia social <\/strong>deben tratarse como emergencias, y exigen una nueva arquitectura de gobernanza, redistribuci\u00f3n de recursos y competencias entre los distintos niveles de gobierno.<\/p>\n\n\n\n<p class=\"has-text-align-justify\"><strong>El liderazgo local democr\u00e1tico y feminista<\/strong> est\u00e1 preparado para sentarse en los puestos de toma de decisiones a escala internacional. La competencia geopol\u00edtica y los cambios pol\u00edticos no deben ocultar los esfuerzos cotidianos y colectivos para garantizar los derechos y la acci\u00f3n transformadora.<\/p>\n\n\n\n<p class=\"has-text-align-justify\"><strong>Localizar la sostenibilidad <\/strong>es la forma de demostrar que nos preocupamos, confiamos y colaboramos. Los esfuerzos en materia de <strong>accesibilidad, vivienda asequible, adaptaci\u00f3n al cambio clim\u00e1tico, movilidad y equidad <\/strong>se est\u00e1n produciendo a nivel local y regional.<\/p>\n\n\n\n<p class=\"has-text-align-justify\">En este contexto de inestabilidad permanente, el a\u00f1o 2023 debe poner de relieve el <strong>Poder de Nosotras<\/strong>, las <strong>Ciudades del S\u00ed <\/strong>y las<strong> diversas culturas<\/strong> a trav\u00e9s de las cuales se expresa nuestra <strong>humanidad com\u00fan<\/strong>.<\/p>\n<\/div>\n<\/div>\n<\/div><\/div>\n<\/div><\/div>\n","protected":false},"excerpt":{"rendered":"<p>Editorial Las Ciudades en 2023 Permacrisis es un periodo prolongado de inestabilidad e inseguridad. Es la palabra del a\u00f1o en 2022, seg\u00fan el Diccionario Collins, y parece m\u00e1s que pertinente para describir la situaci\u00f3n y el sentimiento abrumador compartido por la mayor\u00eda de las personas durante el a\u00f1o pasado. Policrisis es otro concepto ampliamente mencionado [&hellip;]<\/p>\n","protected":false},"author":1,"featured_media":0,"parent":12,"menu_order":0,"comment_status":"closed","ping_status":"closed","template":"","meta":{"footnotes":""},"class_list":["post-13","page","type-page","status-publish","hentry"],"yoast_head":"<!-- This site is optimized with the Yoast SEO plugin v27.0 - https:\/\/yoast.com\/product\/yoast-seo-wordpress\/ -->\n<title>Las Ciudades en 2023 - Municipal Forecast - Espa\u00f1ol<\/title>\n<meta name=\"robots\" content=\"index, follow, max-snippet:-1, max-image-preview:large, max-video-preview:-1\" \/>\n<link rel=\"canonical\" href=\"https:\/\/urbanjournalism.institute\/forecast-es\/forecast-2023\/ciudades-en-2023\/\" \/>\n<meta property=\"og:locale\" content=\"es_ES\" \/>\n<meta property=\"og:type\" content=\"article\" \/>\n<meta property=\"og:title\" content=\"Las Ciudades en 2023 - Municipal Forecast - Espa\u00f1ol\" \/>\n<meta property=\"og:description\" content=\"Editorial Las Ciudades en 2023 Permacrisis es un periodo prolongado de inestabilidad e inseguridad. Es la palabra del a\u00f1o en 2022, seg\u00fan el Diccionario Collins, y parece m\u00e1s que pertinente para describir la situaci\u00f3n y el sentimiento abrumador compartido por la mayor\u00eda de las personas durante el a\u00f1o pasado. Policrisis es otro concepto ampliamente mencionado [&hellip;]\" \/>\n<meta property=\"og:url\" content=\"https:\/\/urbanjournalism.institute\/forecast-es\/forecast-2023\/ciudades-en-2023\/\" \/>\n<meta property=\"og:site_name\" content=\"Municipal Forecast - Espa\u00f1ol\" \/>\n<meta property=\"article:modified_time\" content=\"2024-08-26T14:25:33+00:00\" \/>\n<meta property=\"og:image\" content=\"https:\/\/urbanjournalism.institute\/forecast\/wp-content\/themes\/forecast\/dist\/assets\/images\/editorial\/page-1-portrait.jpg\" \/>\n<meta name=\"twitter:card\" content=\"summary_large_image\" \/>\n<meta name=\"twitter:label1\" content=\"Tiempo de lectura\" \/>\n\t<meta name=\"twitter:data1\" content=\"2 minutos\" \/>\n<script type=\"application\/ld+json\" class=\"yoast-schema-graph\">{\"@context\":\"https:\/\/schema.org\",\"@graph\":[{\"@type\":\"WebPage\",\"@id\":\"https:\/\/urbanjournalism.institute\/forecast-es\/forecast-2023\/ciudades-en-2023\/\",\"url\":\"https:\/\/urbanjournalism.institute\/forecast-es\/forecast-2023\/ciudades-en-2023\/\",\"name\":\"Las Ciudades en 2023 - Municipal Forecast - Espa\u00f1ol\",\"isPartOf\":{\"@id\":\"https:\/\/urbanjournalism.institute\/forecast-es\/#website\"},\"primaryImageOfPage\":{\"@id\":\"https:\/\/urbanjournalism.institute\/forecast-es\/forecast-2023\/ciudades-en-2023\/#primaryimage\"},\"image\":{\"@id\":\"https:\/\/urbanjournalism.institute\/forecast-es\/forecast-2023\/ciudades-en-2023\/#primaryimage\"},\"thumbnailUrl\":\"https:\/\/urbanjournalism.institute\/forecast\/wp-content\/themes\/forecast\/dist\/assets\/images\/editorial\/page-1-portrait.jpg\",\"datePublished\":\"2023-02-20T07:40:05+00:00\",\"dateModified\":\"2024-08-26T14:25:33+00:00\",\"breadcrumb\":{\"@id\":\"https:\/\/urbanjournalism.institute\/forecast-es\/forecast-2023\/ciudades-en-2023\/#breadcrumb\"},\"inLanguage\":\"es\",\"potentialAction\":[{\"@type\":\"ReadAction\",\"target\":[\"https:\/\/urbanjournalism.institute\/forecast-es\/forecast-2023\/ciudades-en-2023\/\"]}]},{\"@type\":\"ImageObject\",\"inLanguage\":\"es\",\"@id\":\"https:\/\/urbanjournalism.institute\/forecast-es\/forecast-2023\/ciudades-en-2023\/#primaryimage\",\"url\":\"https:\/\/urbanjournalism.institute\/forecast\/wp-content\/themes\/forecast\/dist\/assets\/images\/editorial\/page-1-portrait.jpg\",\"contentUrl\":\"https:\/\/urbanjournalism.institute\/forecast\/wp-content\/themes\/forecast\/dist\/assets\/images\/editorial\/page-1-portrait.jpg\"},{\"@type\":\"BreadcrumbList\",\"@id\":\"https:\/\/urbanjournalism.institute\/forecast-es\/forecast-2023\/ciudades-en-2023\/#breadcrumb\",\"itemListElement\":[{\"@type\":\"ListItem\",\"position\":1,\"name\":\"Forecast 2023\",\"item\":\"https:\/\/urbanjournalism.institute\/forecast-es\/forecast-2023\/\"},{\"@type\":\"ListItem\",\"position\":2,\"name\":\"Las Ciudades en 2023\"}]},{\"@type\":\"WebSite\",\"@id\":\"https:\/\/urbanjournalism.institute\/forecast-es\/#website\",\"url\":\"https:\/\/urbanjournalism.institute\/forecast-es\/\",\"name\":\"Municipal Forecast - Espa\u00f1ol\",\"description\":\"\",\"potentialAction\":[{\"@type\":\"SearchAction\",\"target\":{\"@type\":\"EntryPoint\",\"urlTemplate\":\"https:\/\/urbanjournalism.institute\/forecast-es\/?s={search_term_string}\"},\"query-input\":{\"@type\":\"PropertyValueSpecification\",\"valueRequired\":true,\"valueName\":\"search_term_string\"}}],\"inLanguage\":\"es\"}]}<\/script>\n<!-- \/ Yoast SEO plugin. -->","yoast_head_json":{"title":"Las Ciudades en 2023 - Municipal Forecast - Espa\u00f1ol","robots":{"index":"index","follow":"follow","max-snippet":"max-snippet:-1","max-image-preview":"max-image-preview:large","max-video-preview":"max-video-preview:-1"},"canonical":"https:\/\/urbanjournalism.institute\/forecast-es\/forecast-2023\/ciudades-en-2023\/","og_locale":"es_ES","og_type":"article","og_title":"Las Ciudades en 2023 - Municipal Forecast - Espa\u00f1ol","og_description":"Editorial Las Ciudades en 2023 Permacrisis es un periodo prolongado de inestabilidad e inseguridad. Es la palabra del a\u00f1o en 2022, seg\u00fan el Diccionario Collins, y parece m\u00e1s que pertinente para describir la situaci\u00f3n y el sentimiento abrumador compartido por la mayor\u00eda de las personas durante el a\u00f1o pasado. Policrisis es otro concepto ampliamente mencionado [&hellip;]","og_url":"https:\/\/urbanjournalism.institute\/forecast-es\/forecast-2023\/ciudades-en-2023\/","og_site_name":"Municipal Forecast - Espa\u00f1ol","article_modified_time":"2024-08-26T14:25:33+00:00","og_image":[{"url":"https:\/\/urbanjournalism.institute\/forecast\/wp-content\/themes\/forecast\/dist\/assets\/images\/editorial\/page-1-portrait.jpg","type":"","width":"","height":""}],"twitter_card":"summary_large_image","twitter_misc":{"Tiempo de lectura":"2 minutos"},"schema":{"@context":"https:\/\/schema.org","@graph":[{"@type":"WebPage","@id":"https:\/\/urbanjournalism.institute\/forecast-es\/forecast-2023\/ciudades-en-2023\/","url":"https:\/\/urbanjournalism.institute\/forecast-es\/forecast-2023\/ciudades-en-2023\/","name":"Las Ciudades en 2023 - Municipal Forecast - Espa\u00f1ol","isPartOf":{"@id":"https:\/\/urbanjournalism.institute\/forecast-es\/#website"},"primaryImageOfPage":{"@id":"https:\/\/urbanjournalism.institute\/forecast-es\/forecast-2023\/ciudades-en-2023\/#primaryimage"},"image":{"@id":"https:\/\/urbanjournalism.institute\/forecast-es\/forecast-2023\/ciudades-en-2023\/#primaryimage"},"thumbnailUrl":"https:\/\/urbanjournalism.institute\/forecast\/wp-content\/themes\/forecast\/dist\/assets\/images\/editorial\/page-1-portrait.jpg","datePublished":"2023-02-20T07:40:05+00:00","dateModified":"2024-08-26T14:25:33+00:00","breadcrumb":{"@id":"https:\/\/urbanjournalism.institute\/forecast-es\/forecast-2023\/ciudades-en-2023\/#breadcrumb"},"inLanguage":"es","potentialAction":[{"@type":"ReadAction","target":["https:\/\/urbanjournalism.institute\/forecast-es\/forecast-2023\/ciudades-en-2023\/"]}]},{"@type":"ImageObject","inLanguage":"es","@id":"https:\/\/urbanjournalism.institute\/forecast-es\/forecast-2023\/ciudades-en-2023\/#primaryimage","url":"https:\/\/urbanjournalism.institute\/forecast\/wp-content\/themes\/forecast\/dist\/assets\/images\/editorial\/page-1-portrait.jpg","contentUrl":"https:\/\/urbanjournalism.institute\/forecast\/wp-content\/themes\/forecast\/dist\/assets\/images\/editorial\/page-1-portrait.jpg"},{"@type":"BreadcrumbList","@id":"https:\/\/urbanjournalism.institute\/forecast-es\/forecast-2023\/ciudades-en-2023\/#breadcrumb","itemListElement":[{"@type":"ListItem","position":1,"name":"Forecast 2023","item":"https:\/\/urbanjournalism.institute\/forecast-es\/forecast-2023\/"},{"@type":"ListItem","position":2,"name":"Las Ciudades en 2023"}]},{"@type":"WebSite","@id":"https:\/\/urbanjournalism.institute\/forecast-es\/#website","url":"https:\/\/urbanjournalism.institute\/forecast-es\/","name":"Municipal Forecast - Espa\u00f1ol","description":"","potentialAction":[{"@type":"SearchAction","target":{"@type":"EntryPoint","urlTemplate":"https:\/\/urbanjournalism.institute\/forecast-es\/?s={search_term_string}"},"query-input":{"@type":"PropertyValueSpecification","valueRequired":true,"valueName":"search_term_string"}}],"inLanguage":"es"}]}},"_links":{"self":[{"href":"https:\/\/urbanjournalism.institute\/forecast-es\/wp-json\/wp\/v2\/pages\/13","targetHints":{"allow":["GET"]}}],"collection":[{"href":"https:\/\/urbanjournalism.institute\/forecast-es\/wp-json\/wp\/v2\/pages"}],"about":[{"href":"https:\/\/urbanjournalism.institute\/forecast-es\/wp-json\/wp\/v2\/types\/page"}],"author":[{"embeddable":true,"href":"https:\/\/urbanjournalism.institute\/forecast-es\/wp-json\/wp\/v2\/users\/1"}],"replies":[{"embeddable":true,"href":"https:\/\/urbanjournalism.institute\/forecast-es\/wp-json\/wp\/v2\/comments?post=13"}],"version-history":[{"count":1,"href":"https:\/\/urbanjournalism.institute\/forecast-es\/wp-json\/wp\/v2\/pages\/13\/revisions"}],"predecessor-version":[{"id":258,"href":"https:\/\/urbanjournalism.institute\/forecast-es\/wp-json\/wp\/v2\/pages\/13\/revisions\/258"}],"up":[{"embeddable":true,"href":"https:\/\/urbanjournalism.institute\/forecast-es\/wp-json\/wp\/v2\/pages\/12"}],"wp:attachment":[{"href":"https:\/\/urbanjournalism.institute\/forecast-es\/wp-json\/wp\/v2\/media?parent=13"}],"curies":[{"name":"wp","href":"https:\/\/api.w.org\/{rel}","templated":true}]}}