{"id":15,"date":"2023-02-20T07:40:05","date_gmt":"2023-02-20T07:40:05","guid":{"rendered":"https:\/\/urbanjournalism.institute\/forecast\/es\/forecast-2023\/ciudades-en-2023\/que-esperar-en-2023\/"},"modified":"2024-08-26T14:27:45","modified_gmt":"2024-08-26T14:27:45","slug":"que-esperar-en-2023","status":"publish","type":"page","link":"https:\/\/urbanjournalism.institute\/forecast-es\/forecast-2023\/ciudades-en-2023\/que-esperar-en-2023\/","title":{"rendered":"\u00bfQu\u00e9 nos espera en 2023?"},"content":{"rendered":"\n<header class=\"wp-block-group\"><div class=\"wp-block-group__inner-container is-layout-constrained wp-block-group-is-layout-constrained\">\n<h1 class=\"wp-block-heading\">\u00bfQu\u00e9 nos espera en 2023?<\/h1>\n<\/div><\/header>\n\n\n\n<div class=\"wp-block-group\"><div class=\"wp-block-group__inner-container is-layout-constrained wp-block-group-is-layout-constrained\">\n<div class=\"wp-block-columns is-layout-flex wp-container-core-columns-is-layout-9d6595d7 wp-block-columns-is-layout-flex\">\n<div class=\"wp-block-column is-layout-flow wp-block-column-is-layout-flow\">\n<p>ONU-H\u00e1bitat ha esbozado las principales prioridades para 2023 en su informe <em>Priorities 2022\u20132023: Adequate Housing, Cities and Climate Change, and Localising the Sustainable Development Goals<\/em>. El <strong>acceso a una vivienda adecuada para todos<\/strong> sigue siendo el reto m\u00e1s urgente en las ciudades, y debe incluirse en las <strong>estrategias de ordenaci\u00f3n del territorio<\/strong> a escala nacional e internacional. La lucha contra el cambio clim\u00e1tico, en la que las ciudades desempe\u00f1an un papel central como part\u00edcipes de las <strong>soluciones clim\u00e1ticas<\/strong>, es otra prioridad que requiere atenci\u00f3n urgente. Las ciudades que trabajan con los gobiernos nacionales y las comunidades locales pueden construir asentamientos m\u00e1s resilientes y crear<strong> comunidades m\u00e1s seguras <\/strong>y con mejores condiciones medioambientales, sociales, sanitarias y econ\u00f3micas. Por \u00faltimo, debe prestarse una atenci\u00f3n especial a la <strong>localizaci\u00f3n de los Objetivos de Desarrollo Sostenible.<\/strong><\/p>\n\n\n\n<figure class=\"wp-block-image size-large caption-out\"><img decoding=\"async\" src=\"https:\/\/urbanjournalism.institute\/forecast\/wp-content\/themes\/forecast\/dist\/assets\/images\/editorial\/page-3-landscape.jpg\" alt=\"\" \/><figcaption class=\"wp-element-caption\"><em>Se\u00fal, Rep\u00fablica de Corea<\/em><br><em>\u00a9 Andre Greiffenstein<\/em><\/figcaption><\/figure>\n<\/div>\n\n\n\n<div class=\"wp-block-column is-layout-flow wp-block-column-is-layout-flow\">\n<p>Otras tendencias para 2023, en t\u00e9rminos de esfuerzos locales, est\u00e1n relacionadas con la <strong>descarbonizaci\u00f3n <\/strong>y la<strong> calidad del aire<\/strong>, las <strong>infraestructuras centradas en las personas<\/strong> y la reducci\u00f3n de la <strong>brecha digital<\/strong>, sobre todo con el objetivo de promover una<strong> ciudadan\u00eda m\u00e1s participativa <\/strong>que involucre a los <strong>j\u00f3venes <\/strong>y a las <strong>personas mayores<\/strong>.<\/p>\n\n\n\n<p>Seguir\u00e1 aumentando el alcance e influencia de la <strong>diplomacia de las ciudades<\/strong> en la consecuci\u00f3n del desarrollo sostenible. En octubre de 2022, la embajadora Nina Hachigian, ex primera teniente de alcalde de Asuntos Internacionales de la ciudad de Los \u00c1ngeles, fue nombrada como la primera representante especial para la Diplomacia Subnacional en el Departamento de Estado de los Estados Unidos. M\u00e1s gobiernos nacionales seguir\u00e1n este ejemplo y reforzar\u00e1n su compromiso y colaboraci\u00f3n con alcaldes y otros representantes locales. La pol\u00edtica exterior, a trav\u00e9s de la diplomacia subnacional, ganar\u00e1 espacio, as\u00ed como el compromiso internacional y las actividades de las ciudades para avanzar en las agendas nacionales e internacionales.<\/p>\n\n\n\n<p>Se luchar\u00e1 para que las estrategias de <strong>planificaci\u00f3n urbana<\/strong> sean relevantes a escala internacional, ya que todas las decisiones que se tomen en materia de desarrollo territorial determinar\u00e1n la igualdad y el car\u00e1cter integrador de las estructuras urbanas del futuro. El a\u00f1o 2023 ver\u00e1 avances en la planificaci\u00f3n de nuevas capitales como Nusantara, en Indonesia, o la Nueva Capital Administrativa, en Egipto. Sin embargo, no se encuentran en las agendas pol\u00edticas cuestiones \u00abperpetuas\u00bb como los <strong>asentamientos informales<\/strong>, en los que en algunos casos han vivido tres y cuatro generaciones de ciudadanos.<\/p>\n\n\n\n<p>La <strong>desinformaci\u00f3n <\/strong>y la <strong>ciberseguridad<\/strong>, incluida la difusi\u00f3n de informaci\u00f3n falsa y la explotaci\u00f3n de los datos personales, seguir\u00e1n siendo un riesgo global que afecta a la confianza en los gobiernos. Los derechos digitales de los ciudadanos y los entornos digitales accesibles y no discriminatorios requerir\u00e1n m\u00e1s atenci\u00f3n.<\/p>\n\n\n\n<p>La primera Conferencia del Agua de la ONU<br>llamar\u00e1 la atenci\u00f3n sobre los <strong>derechos del agua<\/strong><br>y la <strong>econom\u00eda azul<\/strong>, un vector en el que pueden<br>embarcarse las ciudades costeras o las ciudades<br>delta.<\/p>\n<\/div>\n<\/div>\n<\/div><\/div>\n\n\n\n<div class=\"wp-block-group\"><div class=\"wp-block-group__inner-container is-layout-constrained wp-block-group-is-layout-constrained\">\n<div class=\"wp-block-columns are-vertically-aligned-top is-layout-flex wp-container-core-columns-is-layout-9d6595d7 wp-block-columns-is-layout-flex\">\n<div class=\"wp-block-column is-vertically-aligned-top is-layout-flow wp-block-column-is-layout-flow\" style=\"flex-basis:33.33%\">\n<h4 class=\"wp-block-heading fs-4\"><em>\u00bfTodav\u00eda no conoce <a rel=\"noreferrer noopener\" href=\"https:\/\/openai.com\/blog\/chatgpt\/\" target=\"_blank\">ChatGPT<\/a>? <\/em><br><em>Prep\u00e1rese<\/em><\/h4>\n\n\n\n<hr class=\"wp-block-separator has-alpha-channel-opacity is-style-wide\" \/>\n\n\n\n<p>La empresa OpenAI present\u00f3 ChatGPT (Generative Pre-Trained Transformer) en forma de prototipo el 30 de noviembre de 2022. Desde entonces, los expertos han debatido sobre los aspectos positivos y negativos de la aplicaci\u00f3n. En las \u00faltimas semanas, desafiar a ChatGPT con preguntas y tareas ha sido casi un pasatiempo familiar para cientos de usuarios. Actualmente, el servicio es gratuito y, a finales de diciembre de 2022, lo hab\u00edan probado m\u00e1s de dos millones de usuarios.<\/p>\n\n\n\n<p>ChatGPT es un chatbot con un enorme modelo ling\u00fc\u00edstico entrenado con cantidades masivas de datos procedentes de Internet y otras fuentes p\u00fablicas. OpenAI explica que el modelo \u00abinteract\u00faa de forma conversacional. El formato de di\u00e1logo hace posible que ChatGPT responda a preguntas de seguimiento, admita sus errores, cuestione premisas incorrectas y rechace peticiones inapropiadas\u00bb.<\/p>\n\n\n\n<p>En enero de 2023, Microsoft, que ya era socio en el desarrollo de ChatGPT, anunci\u00f3 una inversi\u00f3n plurianual y multimillonaria con OpenAI para acelerar y democratizar la inteligencia artificial como una nueva plataforma tecnol\u00f3gica.<\/p>\n\n\n\n<p>Result\u00f3 dif\u00edcil luchar contra la tentaci\u00f3n de preguntar a ChatGPT sobre las tendencias globales en 2023 para los gobiernos locales y regionales. Juzgue por usted mismo\u2026<\/p>\n<\/div>\n\n\n\n<div class=\"wp-block-column is-vertically-aligned-top is-layout-flow wp-block-column-is-layout-flow\" style=\"flex-basis:66.66%\">\n<div class=\"wp-block-group has-pale-pink-background-color has-background\"><div class=\"wp-block-group__inner-container is-layout-constrained wp-block-group-is-layout-constrained\">\n<h4 class=\"wp-block-heading fs-4\"><em>Tendencias mundiales para los gobiernos locales y regionales<\/em><\/h4>\n\n\n\n<p class=\"small\"><em>Escrito por ChatGPT (enero de 2023)<\/em><\/p>\n\n\n\n<p><strong>1.<\/strong> <strong>Mayor uso de la tecnolog\u00eda digital.<\/strong> En todo el mundo, los gobiernos locales y regionales seguir\u00e1n invirtiendo en infraestructuras y tecnolog\u00edas digitales para mejorar la eficiencia y eficacia de sus operaciones y servicios. Esto incluye el uso de la inteligencia artificial, la computaci\u00f3n en la nube, el an\u00e1lisis de datos y la tecnolog\u00eda de cadena de bloques.<\/p>\n\n\n\n<p><strong>2. Mayor atenci\u00f3n a la sostenibilidad.<\/strong> Los gobiernos locales y regionales seguir\u00e1n priorizando las iniciativas de sostenibilidad, en particular las relacionadas con la reducci\u00f3n de las emisiones y la mejora en el uso eficiente de los recursos. Esto incluye el desarrollo de infraestructuras verdes, energ\u00edas renovables y edificios ecol\u00f3gicos.<\/p>\n\n\n\n<p><strong>3. Mayor compromiso ciudadano.<\/strong> Los gobiernos locales y regionales tratar\u00e1n de implicar m\u00e1s activamente a los ciudadanos en los procesos de toma de decisiones y de formulaci\u00f3n de pol\u00edticas. Esto incluye la utilizaci\u00f3n de herramientas digitales como los datos abiertos y las plataformas en l\u00ednea para la participaci\u00f3n c\u00edvica.<\/p>\n\n\n\n<p><strong>4.<\/strong> <strong>Mayor \u00e9nfasis en la seguridad p\u00fablica.<\/strong> Los gobiernos locales y regionales seguir\u00e1n dando prioridad al aumento de la seguridad p\u00fablica, sobre todo mediante el uso de las tecnolog\u00edas de vigilancia, la polic\u00eda predictiva y la contrataci\u00f3n de m\u00e1s agentes de polic\u00eda.<\/p>\n\n\n\n<p><strong>5. Fortalecimiento de las alianzas regionales.<\/strong> Para mejorar la competitividad a escala mundial, los gobiernos locales y regionales seguir\u00e1n construyendo alianzas m\u00e1s s\u00f3lidas con otros gobiernos, empresas y organizaciones de la sociedad civil. Esto incluye la negociaci\u00f3n de acuerdos comerciales regionales y la promoci\u00f3n de la integraci\u00f3n econ\u00f3mica regional.<\/p>\n<\/div><\/div>\n<\/div>\n<\/div>\n<\/div><\/div>\n","protected":false},"excerpt":{"rendered":"<p>\u00bfQu\u00e9 nos espera en 2023? ONU-H\u00e1bitat ha esbozado las principales prioridades para 2023 en su informe Priorities 2022\u20132023: Adequate Housing, Cities and Climate Change, and Localising the Sustainable Development Goals. El acceso a una vivienda adecuada para todos sigue siendo el reto m\u00e1s urgente en las ciudades, y debe incluirse en las estrategias de ordenaci\u00f3n [&hellip;]<\/p>\n","protected":false},"author":1,"featured_media":0,"parent":13,"menu_order":10,"comment_status":"closed","ping_status":"closed","template":"","meta":{"footnotes":""},"class_list":["post-15","page","type-page","status-publish","hentry"],"yoast_head":"<!-- This site is optimized with the Yoast SEO plugin v27.0 - https:\/\/yoast.com\/product\/yoast-seo-wordpress\/ -->\n<title>\u00bfQu\u00e9 nos espera en 2023? - Municipal Forecast - Espa\u00f1ol<\/title>\n<meta name=\"robots\" content=\"index, follow, max-snippet:-1, max-image-preview:large, max-video-preview:-1\" \/>\n<link rel=\"canonical\" href=\"https:\/\/urbanjournalism.institute\/forecast-es\/forecast-2023\/ciudades-en-2023\/que-esperar-en-2023\/\" \/>\n<meta property=\"og:locale\" content=\"es_ES\" \/>\n<meta property=\"og:type\" content=\"article\" \/>\n<meta property=\"og:title\" content=\"\u00bfQu\u00e9 nos espera en 2023? - Municipal Forecast - Espa\u00f1ol\" \/>\n<meta property=\"og:description\" content=\"\u00bfQu\u00e9 nos espera en 2023? ONU-H\u00e1bitat ha esbozado las principales prioridades para 2023 en su informe Priorities 2022\u20132023: Adequate Housing, Cities and Climate Change, and Localising the Sustainable Development Goals. El acceso a una vivienda adecuada para todos sigue siendo el reto m\u00e1s urgente en las ciudades, y debe incluirse en las estrategias de ordenaci\u00f3n [&hellip;]\" \/>\n<meta property=\"og:url\" content=\"https:\/\/urbanjournalism.institute\/forecast-es\/forecast-2023\/ciudades-en-2023\/que-esperar-en-2023\/\" \/>\n<meta property=\"og:site_name\" content=\"Municipal Forecast - Espa\u00f1ol\" \/>\n<meta property=\"article:modified_time\" content=\"2024-08-26T14:27:45+00:00\" \/>\n<meta property=\"og:image\" content=\"https:\/\/urbanjournalism.institute\/forecast\/wp-content\/themes\/forecast\/dist\/assets\/images\/editorial\/page-3-landscape.jpg\" \/>\n<meta name=\"twitter:card\" content=\"summary_large_image\" \/>\n<meta name=\"twitter:label1\" content=\"Tiempo de lectura\" \/>\n\t<meta name=\"twitter:data1\" content=\"5 minutos\" \/>\n<script type=\"application\/ld+json\" class=\"yoast-schema-graph\">{\"@context\":\"https:\/\/schema.org\",\"@graph\":[{\"@type\":\"WebPage\",\"@id\":\"https:\/\/urbanjournalism.institute\/forecast-es\/forecast-2023\/ciudades-en-2023\/que-esperar-en-2023\/\",\"url\":\"https:\/\/urbanjournalism.institute\/forecast-es\/forecast-2023\/ciudades-en-2023\/que-esperar-en-2023\/\",\"name\":\"\u00bfQu\u00e9 nos espera en 2023? - Municipal Forecast - Espa\u00f1ol\",\"isPartOf\":{\"@id\":\"https:\/\/urbanjournalism.institute\/forecast-es\/#website\"},\"primaryImageOfPage\":{\"@id\":\"https:\/\/urbanjournalism.institute\/forecast-es\/forecast-2023\/ciudades-en-2023\/que-esperar-en-2023\/#primaryimage\"},\"image\":{\"@id\":\"https:\/\/urbanjournalism.institute\/forecast-es\/forecast-2023\/ciudades-en-2023\/que-esperar-en-2023\/#primaryimage\"},\"thumbnailUrl\":\"https:\/\/urbanjournalism.institute\/forecast\/wp-content\/themes\/forecast\/dist\/assets\/images\/editorial\/page-3-landscape.jpg\",\"datePublished\":\"2023-02-20T07:40:05+00:00\",\"dateModified\":\"2024-08-26T14:27:45+00:00\",\"breadcrumb\":{\"@id\":\"https:\/\/urbanjournalism.institute\/forecast-es\/forecast-2023\/ciudades-en-2023\/que-esperar-en-2023\/#breadcrumb\"},\"inLanguage\":\"es\",\"potentialAction\":[{\"@type\":\"ReadAction\",\"target\":[\"https:\/\/urbanjournalism.institute\/forecast-es\/forecast-2023\/ciudades-en-2023\/que-esperar-en-2023\/\"]}]},{\"@type\":\"ImageObject\",\"inLanguage\":\"es\",\"@id\":\"https:\/\/urbanjournalism.institute\/forecast-es\/forecast-2023\/ciudades-en-2023\/que-esperar-en-2023\/#primaryimage\",\"url\":\"https:\/\/urbanjournalism.institute\/forecast\/wp-content\/themes\/forecast\/dist\/assets\/images\/editorial\/page-3-landscape.jpg\",\"contentUrl\":\"https:\/\/urbanjournalism.institute\/forecast\/wp-content\/themes\/forecast\/dist\/assets\/images\/editorial\/page-3-landscape.jpg\"},{\"@type\":\"BreadcrumbList\",\"@id\":\"https:\/\/urbanjournalism.institute\/forecast-es\/forecast-2023\/ciudades-en-2023\/que-esperar-en-2023\/#breadcrumb\",\"itemListElement\":[{\"@type\":\"ListItem\",\"position\":1,\"name\":\"Forecast 2023\",\"item\":\"https:\/\/urbanjournalism.institute\/forecast-es\/forecast-2023\/\"},{\"@type\":\"ListItem\",\"position\":2,\"name\":\"Las Ciudades en 2023\",\"item\":\"https:\/\/urbanjournalism.institute\/forecast-es\/forecast-2023\/ciudades-en-2023\/\"},{\"@type\":\"ListItem\",\"position\":3,\"name\":\"\u00bfQu\u00e9 nos espera en 2023?\"}]},{\"@type\":\"WebSite\",\"@id\":\"https:\/\/urbanjournalism.institute\/forecast-es\/#website\",\"url\":\"https:\/\/urbanjournalism.institute\/forecast-es\/\",\"name\":\"Municipal Forecast - Espa\u00f1ol\",\"description\":\"\",\"potentialAction\":[{\"@type\":\"SearchAction\",\"target\":{\"@type\":\"EntryPoint\",\"urlTemplate\":\"https:\/\/urbanjournalism.institute\/forecast-es\/?s={search_term_string}\"},\"query-input\":{\"@type\":\"PropertyValueSpecification\",\"valueRequired\":true,\"valueName\":\"search_term_string\"}}],\"inLanguage\":\"es\"}]}<\/script>\n<!-- \/ Yoast SEO plugin. -->","yoast_head_json":{"title":"\u00bfQu\u00e9 nos espera en 2023? - Municipal Forecast - Espa\u00f1ol","robots":{"index":"index","follow":"follow","max-snippet":"max-snippet:-1","max-image-preview":"max-image-preview:large","max-video-preview":"max-video-preview:-1"},"canonical":"https:\/\/urbanjournalism.institute\/forecast-es\/forecast-2023\/ciudades-en-2023\/que-esperar-en-2023\/","og_locale":"es_ES","og_type":"article","og_title":"\u00bfQu\u00e9 nos espera en 2023? - Municipal Forecast - Espa\u00f1ol","og_description":"\u00bfQu\u00e9 nos espera en 2023? ONU-H\u00e1bitat ha esbozado las principales prioridades para 2023 en su informe Priorities 2022\u20132023: Adequate Housing, Cities and Climate Change, and Localising the Sustainable Development Goals. El acceso a una vivienda adecuada para todos sigue siendo el reto m\u00e1s urgente en las ciudades, y debe incluirse en las estrategias de ordenaci\u00f3n [&hellip;]","og_url":"https:\/\/urbanjournalism.institute\/forecast-es\/forecast-2023\/ciudades-en-2023\/que-esperar-en-2023\/","og_site_name":"Municipal Forecast - Espa\u00f1ol","article_modified_time":"2024-08-26T14:27:45+00:00","og_image":[{"url":"https:\/\/urbanjournalism.institute\/forecast\/wp-content\/themes\/forecast\/dist\/assets\/images\/editorial\/page-3-landscape.jpg","type":"","width":"","height":""}],"twitter_card":"summary_large_image","twitter_misc":{"Tiempo de lectura":"5 minutos"},"schema":{"@context":"https:\/\/schema.org","@graph":[{"@type":"WebPage","@id":"https:\/\/urbanjournalism.institute\/forecast-es\/forecast-2023\/ciudades-en-2023\/que-esperar-en-2023\/","url":"https:\/\/urbanjournalism.institute\/forecast-es\/forecast-2023\/ciudades-en-2023\/que-esperar-en-2023\/","name":"\u00bfQu\u00e9 nos espera en 2023? - Municipal Forecast - Espa\u00f1ol","isPartOf":{"@id":"https:\/\/urbanjournalism.institute\/forecast-es\/#website"},"primaryImageOfPage":{"@id":"https:\/\/urbanjournalism.institute\/forecast-es\/forecast-2023\/ciudades-en-2023\/que-esperar-en-2023\/#primaryimage"},"image":{"@id":"https:\/\/urbanjournalism.institute\/forecast-es\/forecast-2023\/ciudades-en-2023\/que-esperar-en-2023\/#primaryimage"},"thumbnailUrl":"https:\/\/urbanjournalism.institute\/forecast\/wp-content\/themes\/forecast\/dist\/assets\/images\/editorial\/page-3-landscape.jpg","datePublished":"2023-02-20T07:40:05+00:00","dateModified":"2024-08-26T14:27:45+00:00","breadcrumb":{"@id":"https:\/\/urbanjournalism.institute\/forecast-es\/forecast-2023\/ciudades-en-2023\/que-esperar-en-2023\/#breadcrumb"},"inLanguage":"es","potentialAction":[{"@type":"ReadAction","target":["https:\/\/urbanjournalism.institute\/forecast-es\/forecast-2023\/ciudades-en-2023\/que-esperar-en-2023\/"]}]},{"@type":"ImageObject","inLanguage":"es","@id":"https:\/\/urbanjournalism.institute\/forecast-es\/forecast-2023\/ciudades-en-2023\/que-esperar-en-2023\/#primaryimage","url":"https:\/\/urbanjournalism.institute\/forecast\/wp-content\/themes\/forecast\/dist\/assets\/images\/editorial\/page-3-landscape.jpg","contentUrl":"https:\/\/urbanjournalism.institute\/forecast\/wp-content\/themes\/forecast\/dist\/assets\/images\/editorial\/page-3-landscape.jpg"},{"@type":"BreadcrumbList","@id":"https:\/\/urbanjournalism.institute\/forecast-es\/forecast-2023\/ciudades-en-2023\/que-esperar-en-2023\/#breadcrumb","itemListElement":[{"@type":"ListItem","position":1,"name":"Forecast 2023","item":"https:\/\/urbanjournalism.institute\/forecast-es\/forecast-2023\/"},{"@type":"ListItem","position":2,"name":"Las Ciudades en 2023","item":"https:\/\/urbanjournalism.institute\/forecast-es\/forecast-2023\/ciudades-en-2023\/"},{"@type":"ListItem","position":3,"name":"\u00bfQu\u00e9 nos espera en 2023?"}]},{"@type":"WebSite","@id":"https:\/\/urbanjournalism.institute\/forecast-es\/#website","url":"https:\/\/urbanjournalism.institute\/forecast-es\/","name":"Municipal Forecast - Espa\u00f1ol","description":"","potentialAction":[{"@type":"SearchAction","target":{"@type":"EntryPoint","urlTemplate":"https:\/\/urbanjournalism.institute\/forecast-es\/?s={search_term_string}"},"query-input":{"@type":"PropertyValueSpecification","valueRequired":true,"valueName":"search_term_string"}}],"inLanguage":"es"}]}},"_links":{"self":[{"href":"https:\/\/urbanjournalism.institute\/forecast-es\/wp-json\/wp\/v2\/pages\/15","targetHints":{"allow":["GET"]}}],"collection":[{"href":"https:\/\/urbanjournalism.institute\/forecast-es\/wp-json\/wp\/v2\/pages"}],"about":[{"href":"https:\/\/urbanjournalism.institute\/forecast-es\/wp-json\/wp\/v2\/types\/page"}],"author":[{"embeddable":true,"href":"https:\/\/urbanjournalism.institute\/forecast-es\/wp-json\/wp\/v2\/users\/1"}],"replies":[{"embeddable":true,"href":"https:\/\/urbanjournalism.institute\/forecast-es\/wp-json\/wp\/v2\/comments?post=15"}],"version-history":[{"count":1,"href":"https:\/\/urbanjournalism.institute\/forecast-es\/wp-json\/wp\/v2\/pages\/15\/revisions"}],"predecessor-version":[{"id":259,"href":"https:\/\/urbanjournalism.institute\/forecast-es\/wp-json\/wp\/v2\/pages\/15\/revisions\/259"}],"up":[{"embeddable":true,"href":"https:\/\/urbanjournalism.institute\/forecast-es\/wp-json\/wp\/v2\/pages\/13"}],"wp:attachment":[{"href":"https:\/\/urbanjournalism.institute\/forecast-es\/wp-json\/wp\/v2\/media?parent=15"}],"curies":[{"name":"wp","href":"https:\/\/api.w.org\/{rel}","templated":true}]}}