{"id":17,"date":"2023-02-20T07:40:05","date_gmt":"2023-02-20T07:40:05","guid":{"rendered":"https:\/\/urbanjournalism.institute\/forecast\/es\/forecast-2023\/periodismo-urbano\/comprendiendo-lo-local\/"},"modified":"2023-02-20T07:40:05","modified_gmt":"2023-02-20T07:40:05","slug":"comprendiendo-lo-local","status":"publish","type":"page","link":"https:\/\/urbanjournalism.institute\/forecast-es\/forecast-2023\/periodismo-urbano\/comprendiendo-lo-local\/","title":{"rendered":"Entender lo local"},"content":{"rendered":"\n<header class=\"wp-block-group\"><div class=\"wp-block-group__inner-container is-layout-constrained wp-block-group-is-layout-constrained\">\n<h1 class=\"wp-block-heading\">Periodismo Urbano<\/h1>\n\n\n\n<h4 class=\"wp-block-heading\"><em>Entender lo local<\/em><\/h4>\n<\/div><\/header>\n\n\n\n<div class=\"wp-block-group\"><div class=\"wp-block-group__inner-container is-layout-constrained wp-block-group-is-layout-constrained\">\n<div class=\"wp-block-columns is-layout-flex wp-container-core-columns-is-layout-9d6595d7 wp-block-columns-is-layout-flex\">\n<div class=\"wp-block-column is-layout-flow wp-block-column-is-layout-flow\">\n<p>A finales de 2022, Google desvel\u00f3 la cantidad de agua al a\u00f1o que sus centros de datos utilizan en todo el mundo para refrigerar ordenadores. La informaci\u00f3n se divulg\u00f3 despu\u00e9s de que <em>The Oregonian<\/em>, un peri\u00f3dico con sede en Portland, presionara al Ayuntamiento de The Dalles para que hiciera p\u00fablico su acuerdo sobre los derechos de uso del agua.<\/p>\n\n\n\n<figure class=\"wp-block-image size-large\"><img decoding=\"async\" src=\"https:\/\/urbanjournalism.institute\/forecast\/wp-content\/themes\/forecast\/dist\/assets\/images\/editorial\/page-4-portrait.jpg\" alt=\"\" \/><\/figure>\n\n\n\n<p>Cuando, en noviembre de 2021, el Ayuntamiento de The Dalles anunci\u00f3 un acuerdo con Google para suministrar agua a dos nuevos centros de datos, que se situar\u00edan en la misma zona del ya existente, <em>The Oregonian<\/em> solicit\u00f3 a la corporaci\u00f3n municipal la documentaci\u00f3n administrativa sobre el uso del agua y su impacto en la zona afectada por la sequ\u00eda.<\/p>\n\n\n\n<p>El Ayuntamiento no solo se neg\u00f3 a facilitar las cifras, alegando que se trataba de un \u00absecreto comercial\u00bb, sino que demand\u00f3 al peri\u00f3dico. Tras trece meses de batalla legal, ambas partes firmaron un acuerdo que permiti\u00f3 que se hicieran p\u00fablicos los datos de diez a\u00f1os sobre el uso del agua por parte de Google, con el compromiso de que se mantengan disponibles en el futuro.<\/p>\n\n\n\n<p>El pacto lleg\u00f3 pocas semanas despu\u00e9s de que Google publicara en su blog una entrada sobre la refrigeraci\u00f3n \u00abrespetuosa con el clima\u00bb en sus centros de datos. En el texto se inclu\u00eda el consumo de agua en 2021. El parque mundial de centros de datos us\u00f3 m\u00e1s de 15.000 millones de litros de agua, casi el 80 % de ellos en los Estados Unidos. En The Dalles, el consumo fue en 2021 de 1.250 millones de litros, el 29 % del agua consumida en la ciudad, lo que triplicaba las cifras de una d\u00e9cada antes.<\/p>\n\n\n\n<p>Son buenas noticias para el periodismo y para los ciudadanos. Normalmente, las decisiones tomadas por los gobiernos nacionales, regionales o locales tienen un impacto a largo plazo en la forma f\u00edsica, la sostenibilidad econ\u00f3mica y la capacidad de inclusi\u00f3n social de las ciudades. Sin embargo, para centrar la atenci\u00f3n en esas din\u00e1micas se requiere no solo periodistas formados y medios de comunicaci\u00f3n comprometidos, sino tambi\u00e9n comunicadores capaces de transmitir mensajes eficaces sobre el impacto positivo de los cambios urbanos en las comunidades locales. Esto significa que los medios de comunicaci\u00f3n, los periodistas y los comunicadores deben esforzarse por comprender c\u00f3mo se planifican, gestionan y gobiernan las ciudades.<\/p>\n\n\n\n<p>Para alcanzar el objetivo de hacer sostenibles las ciudades y los territorios, adem\u00e1s del compromiso del gobierno, tambi\u00e9n es necesario un cambio m\u00e1s profundo para remodelar las narrativas urbanas e invertir en la construcci\u00f3n de una sociedad bien informada sobre el desarrollo urbano sostenible. Los medios de comunicaci\u00f3n tienen un papel decisivo en el fomento de debates urbanos a todos los niveles.<\/p>\n\n\n\n<p>&nbsp;<\/p>\n<\/div>\n\n\n\n<div class=\"wp-block-column is-layout-flow wp-block-column-is-layout-flow\">\n<p>Por esta raz\u00f3n, OnCities2030 ha fundado el Instituto de Periodismo Urbano (UJI, por sus siglas en ingl\u00e9s). El concepto de <strong>periodismo urbano<\/strong> va m\u00e1s all\u00e1 de los reportajes que se centran en las ciudades o de los contenidos producidos por los medios de comunicaci\u00f3n locales. Se trata del <strong>periodismo especializado en informar sobre las din\u00e1micas urbanas<\/strong>, aquellas que definen si una ciudad es sostenible o no, ya que la forma en que se planifica y se gestiona afecta a la sostenibilidad futura de la ciudad y sus ciudadanos.<\/p>\n\n\n\n<p><strong><em>Municipal Forecast 2023<\/em><\/strong> pretende dibujar el panorama de los temas en los que se concentran los gobiernos locales y regionales, sus asociaciones y redes. Ofrece una perspectiva diferente de las tendencias mundiales y anima a los medios y comunicadores de todo el mundo a buscar nuevas narrativas que informen a los ciudadanos sobre variables complejas y a menudo no analizadas.<\/p>\n\n\n\n<p>Este esfuerzo forma parte de la campa\u00f1a mundial <strong>Media for Cities<\/strong>, que se present\u00f3 en octubre de 2022, en Daejeon, con el apoyo vital de CGLU. Colocar el periodismo urbano y los temas relacionados con las ciudades como una prioridad en las redacciones de los medios de comunicaci\u00f3n puede acelerar la implementaci\u00f3n de pol\u00edticas y proyectos que supongan una mejora a largo plazo en la vida de los ciudadanos.<\/p>\n\n\n\n<p>En Daejeon, se public\u00f3 tambi\u00e9n la primera edici\u00f3n del <strong><em>Municipal Times Journal<\/em><\/strong>, que re\u00fane dos objetivos complementarios: la voluntad de CGLU de amplificar las voces del movimiento municipal y la misi\u00f3n fundacional del Instituto de Periodismo Urbano de fomentar la difusi\u00f3n exhaustiva de informaci\u00f3n sobre el desarrollo urbano sostenible. El Congreso Mundial de CGLU en 2022 fue el proyecto piloto de cobertura informativa de los mensajes principales surgidos del evento. Le seguir\u00e1 el Retiro Anual de CGLU en Barcelona, en febrero de 2023, para seguir construyendo un legado de recursos extra\u00eddos de reuniones y eventos urbanos bien documentados que aprovechan el conocimiento y las soluciones orientadas a la acci\u00f3n.<\/p>\n\n\n\n<p>En 2023, Media for Cities presentar\u00e1 dos iniciativas m\u00e1s. En el Retiro de CGLU de febrero de 2023, en Barcelona, y en el Bureau Ejecutivo de CGLU de junio de 2023, en Bruselas, se incluir\u00e1 un debate p\u00fablico con influyentes representantes de los medios de comunicaci\u00f3n para elaborar estrategias que sirvan de apoyo al desarrollo urbano sostenible. Tambi\u00e9n se organizar\u00e1 en Bruselas, en junio de 2023, un taller de formaci\u00f3n espec\u00edfica sobre periodismo urbano para periodistas, comunicadores y responsables de medios de comunicaci\u00f3n.<\/p>\n\n\n\n<p>Cuando los medios de comunicaci\u00f3n informan sobre las tendencias contempor\u00e1neas m\u00e1s urgentes y difunden noticias sobre la crisis econ\u00f3mica, las emergencias de refugiados y migrantes, las luchas de las mujeres y los desastres naturales, est\u00e1n hablando de la forma en que se planifican, gestionan y viven las ciudades. Como ocurri\u00f3 en la d\u00e9cada de 1960 con el periodismo medioambiental, es urgente que se desarrolle y apoye el periodismo urbano para informar y concienciar sobre el desarrollo urbano sostenible y el papel de los gobiernos locales y regionales ante los retos globales.<\/p>\n\n\n\n<figure class=\"wp-block-image size-large\"><img decoding=\"async\" src=\"https:\/\/urbanjournalism.institute\/forecast\/wp-content\/themes\/forecast\/dist\/assets\/images\/editorial\/page-5-landscape.jpg\" alt=\"\" \/><figcaption class=\"wp-element-caption\"><em>\u00a9 enginakyurt<\/em><\/figcaption><\/figure>\n<\/div>\n<\/div>\n<\/div><\/div>\n\n\n\n<figure class=\"wp-block-image size-large\"><img decoding=\"async\" src=\"https:\/\/urbanjournalism.institute\/forecast\/wp-content\/themes\/forecast\/dist\/assets\/images\/layouts\/full%20screen.png\" alt=\"\" \/><\/figure>\n\n\n\n<div class=\"wp-block-group narrow-group has-pale-pink-background-color has-background\"><div class=\"wp-block-group__inner-container is-layout-constrained wp-block-group-is-layout-constrained\">\n<h2 class=\"wp-block-heading text-decoration-underline has-vivid-red-color has-text-color\"><strong>Para profundizar<\/strong><\/h2>\n\n\n\n<p class=\"lead has-vivid-red-color has-text-color\">Las conferencias, congresos, foros, debates y talleres tienen fama de ser eventos de relaciones sociales que no merece la pena cubrir informativamente. Sin embargo, si est\u00e1 interesado en saber c\u00f3mo los gobiernos locales y regionales est\u00e1n contribuyendo a revitalizar el sistema multilateral y a incorporar las voces de todos y para todos al proceso de toma de decisiones, estos son los lugares donde debe buscarlos.<\/p>\n\n\n\n<div style=\"height:30px\" aria-hidden=\"true\" class=\"wp-block-spacer\"><\/div>\n\n\n\n<div class=\"wp-block-columns is-layout-flex wp-container-core-columns-is-layout-9d6595d7 wp-block-columns-is-layout-flex\">\n<div class=\"wp-block-column is-layout-flow wp-block-column-is-layout-flow\">\n<div class=\"wp-block-group event-item has-vivid-red-color has-text-color\"><div class=\"wp-block-group__inner-container is-layout-constrained wp-block-group-is-layout-constrained\">\n<h4 class=\"wp-block-heading\">2 de marzo<\/h4>\n\n\n\n<p><strong>Cumbre de Alcaldes <\/strong><strong>de U7<\/strong><\/p>\n\n\n\n<p>Tokio (Jap\u00f3n)<\/p>\n<\/div><\/div>\n\n\n\n<div class=\"wp-block-group event-item has-vivid-red-color has-text-color\"><div class=\"wp-block-group__inner-container is-layout-constrained wp-block-group-is-layout-constrained\">\n<h4 class=\"wp-block-heading\">6-17 de marzo<\/h4>\n\n\n\n<p><strong><strong>67.\u00aa Sesi\u00f3n de la Comisi\u00f3n de la Condici\u00f3n Jur\u00eddica y Social de la Mujer<\/strong><\/strong><\/p>\n\n\n\n<p>Nueva York (EE. UU.)<\/p>\n<\/div><\/div>\n\n\n\n<div class=\"wp-block-group event-item has-vivid-red-color has-text-color\"><div class=\"wp-block-group__inner-container is-layout-constrained wp-block-group-is-layout-constrained\">\n<h4 class=\"wp-block-heading\">22-24 de marzo<\/h4>\n\n\n\n<p><strong><strong>Conferencia del Agua de la ONU<\/strong><\/strong><\/p>\n\n\n\n<p>Nueva York (EE. UU.)<\/p>\n<\/div><\/div>\n\n\n\n<div class=\"wp-block-group event-item has-vivid-red-color has-text-color\"><div class=\"wp-block-group__inner-container is-layout-constrained wp-block-group-is-layout-constrained\">\n<h4 class=\"wp-block-heading\">26-30  de abril<\/h4>\n\n\n\n<p><strong><strong>Primera Cumbre de Ciudades de las Am\u00e9ricas<\/strong><\/strong><\/p>\n\n\n\n<p>Denver (EE. UU.)<\/p>\n<\/div><\/div>\n\n\n\n<div class=\"wp-block-group event-item has-vivid-red-color has-text-color\"><div class=\"wp-block-group__inner-container is-layout-constrained wp-block-group-is-layout-constrained\">\n<h4 class=\"wp-block-heading\">5-9 de junio<\/h4>\n\n\n\n<p><strong><strong>Asamblea de ONU-H\u00e1bitat y Asamblea Mundial de Gobiernos Locales y Regionales<\/strong><\/strong><\/p>\n\n\n\n<p>Nairobi (Kenia)<\/p>\n<\/div><\/div>\n<\/div>\n\n\n\n<div class=\"wp-block-column is-layout-flow wp-block-column-is-layout-flow\">\n<div class=\"wp-block-group event-item has-vivid-red-color has-text-color\"><div class=\"wp-block-group__inner-container is-layout-constrained wp-block-group-is-layout-constrained\">\n<h4 class=\"wp-block-heading\">12-15 de junio<\/h4>\n\n\n\n<p><strong><strong>Cumbre Urbana de Bruselas Bureau Ejecutivo de CGLU y Congreso de Metr\u00f3polis<\/strong><\/strong><\/p>\n\n\n\n<p>Bruselas (B\u00e9lgica)<\/p>\n<\/div><\/div>\n\n\n\n<div class=\"wp-block-group event-item has-vivid-red-color has-text-color\"><div class=\"wp-block-group__inner-container is-layout-constrained wp-block-group-is-layout-constrained\">\n<h4 class=\"wp-block-heading\">27-28 de junio<\/h4>\n\n\n\n<p><strong><strong>Foro Ciudades y Territorios de Paz<\/strong><\/strong><\/p>\n\n\n\n<p>Bogot\u00e1 (Colombia)<\/p>\n<\/div><\/div>\n\n\n\n<div class=\"wp-block-group event-item has-vivid-red-color has-text-color\"><div class=\"wp-block-group__inner-container is-layout-constrained wp-block-group-is-layout-constrained\">\n<h4 class=\"wp-block-heading\">7-8 de julio<\/h4>\n\n\n\n<p><strong>Cumbre de Alcaldes de U20<\/strong><\/p>\n\n\n\n<p>Ahmedabad (India)<\/p>\n<\/div><\/div>\n\n\n\n<div class=\"wp-block-group event-item has-vivid-red-color has-text-color\"><div class=\"wp-block-group__inner-container is-layout-constrained wp-block-group-is-layout-constrained\">\n<h4 class=\"wp-block-heading\">12-21 de julio<\/h4>\n\n\n\n<p><strong><strong>FPAN y Foro de Gobiernos Locales y Regionales<\/strong><\/strong><\/p>\n\n\n\n<p>Nueva York (EE. UU.)<\/p>\n<\/div><\/div>\n<\/div>\n\n\n\n<div class=\"wp-block-column is-layout-flow wp-block-column-is-layout-flow\">\n<div class=\"wp-block-group event-item has-vivid-red-color has-text-color\"><div class=\"wp-block-group__inner-container is-layout-constrained wp-block-group-is-layout-constrained\">\n<h4 class=\"wp-block-heading\">18 de septiembre<\/h4>\n\n\n\n<p><strong><strong>Reuni\u00f3n ministerial preparatoria de la Cumbre del Futuro<\/strong><\/strong><\/p>\n\n\n\n<p>Nueva York (EE. UU.)<\/p>\n<\/div><\/div>\n\n\n\n<div class=\"wp-block-group event-item has-vivid-red-color has-text-color\"><div class=\"wp-block-group__inner-container is-layout-constrained wp-block-group-is-layout-constrained\">\n<h4 class=\"wp-block-heading\">19-20 de septiembre<\/h4>\n\n\n\n<p><strong><strong>Cumbre de los ODS y Asamblea Mundial de Gobiernos Locales y Regionales<\/strong><\/strong><\/p>\n\n\n\n<p>Nueva York (EE. UU.)<\/p>\n<\/div><\/div>\n\n\n\n<div class=\"wp-block-group event-item has-vivid-red-color has-text-color\"><div class=\"wp-block-group__inner-container is-layout-constrained wp-block-group-is-layout-constrained\">\n<h4 class=\"wp-block-heading\">27 de noviembre &#8211;<br>1 de diciembre<\/h4>\n\n\n\n<p><strong>5.\u00aa Cumbre de la Cultura de CGLU<\/strong><\/p>\n\n\n\n<p>Dubl\u00edn (Irlanda)<\/p>\n<\/div><\/div>\n\n\n\n<div class=\"wp-block-group event-item has-vivid-red-color has-text-color\"><div class=\"wp-block-group__inner-container is-layout-constrained wp-block-group-is-layout-constrained\">\n<h4 class=\"wp-block-heading\">30 de noviembre<br>\u2013 12 de diciembre<\/h4>\n\n\n\n<p><strong>COP28<\/strong><\/p>\n\n\n\n<p>Dub\u00e1i (UAE)<\/p>\n<\/div><\/div>\n<\/div>\n<\/div>\n<\/div><\/div>\n","protected":false},"excerpt":{"rendered":"<p>Periodismo Urbano Entender lo local A finales de 2022, Google desvel\u00f3 la cantidad de agua al a\u00f1o que sus centros de datos utilizan en todo el mundo para refrigerar ordenadores. La informaci\u00f3n se divulg\u00f3 despu\u00e9s de que The Oregonian, un peri\u00f3dico con sede en Portland, presionara al Ayuntamiento de The Dalles para que hiciera p\u00fablico [&hellip;]<\/p>\n","protected":false},"author":1,"featured_media":0,"parent":16,"menu_order":0,"comment_status":"closed","ping_status":"closed","template":"","meta":{"footnotes":""},"class_list":["post-17","page","type-page","status-publish","hentry"],"yoast_head":"<!-- This site is optimized with the Yoast SEO plugin v27.0 - https:\/\/yoast.com\/product\/yoast-seo-wordpress\/ -->\n<title>Entender lo local - Municipal Forecast - Espa\u00f1ol<\/title>\n<meta name=\"robots\" content=\"index, follow, max-snippet:-1, max-image-preview:large, max-video-preview:-1\" \/>\n<link rel=\"canonical\" href=\"https:\/\/urbanjournalism.institute\/forecast-es\/forecast-2023\/periodismo-urbano\/comprendiendo-lo-local\/\" \/>\n<meta property=\"og:locale\" content=\"es_ES\" \/>\n<meta property=\"og:type\" content=\"article\" \/>\n<meta property=\"og:title\" content=\"Entender lo local - Municipal Forecast - Espa\u00f1ol\" \/>\n<meta property=\"og:description\" content=\"Periodismo Urbano Entender lo local A finales de 2022, Google desvel\u00f3 la cantidad de agua al a\u00f1o que sus centros de datos utilizan en todo el mundo para refrigerar ordenadores. La informaci\u00f3n se divulg\u00f3 despu\u00e9s de que The Oregonian, un peri\u00f3dico con sede en Portland, presionara al Ayuntamiento de The Dalles para que hiciera p\u00fablico [&hellip;]\" \/>\n<meta property=\"og:url\" content=\"https:\/\/urbanjournalism.institute\/forecast-es\/forecast-2023\/periodismo-urbano\/comprendiendo-lo-local\/\" \/>\n<meta property=\"og:site_name\" content=\"Municipal Forecast - Espa\u00f1ol\" \/>\n<meta property=\"og:image\" content=\"https:\/\/urbanjournalism.institute\/forecast\/wp-content\/themes\/forecast\/dist\/assets\/images\/editorial\/page-4-portrait.jpg\" \/>\n<meta name=\"twitter:card\" content=\"summary_large_image\" \/>\n<meta name=\"twitter:label1\" content=\"Tiempo de lectura\" \/>\n\t<meta name=\"twitter:data1\" content=\"6 minutos\" \/>\n<script type=\"application\/ld+json\" class=\"yoast-schema-graph\">{\"@context\":\"https:\/\/schema.org\",\"@graph\":[{\"@type\":\"WebPage\",\"@id\":\"https:\/\/urbanjournalism.institute\/forecast-es\/forecast-2023\/periodismo-urbano\/comprendiendo-lo-local\/\",\"url\":\"https:\/\/urbanjournalism.institute\/forecast-es\/forecast-2023\/periodismo-urbano\/comprendiendo-lo-local\/\",\"name\":\"Entender lo local - Municipal Forecast - Espa\u00f1ol\",\"isPartOf\":{\"@id\":\"https:\/\/urbanjournalism.institute\/forecast-es\/#website\"},\"primaryImageOfPage\":{\"@id\":\"https:\/\/urbanjournalism.institute\/forecast-es\/forecast-2023\/periodismo-urbano\/comprendiendo-lo-local\/#primaryimage\"},\"image\":{\"@id\":\"https:\/\/urbanjournalism.institute\/forecast-es\/forecast-2023\/periodismo-urbano\/comprendiendo-lo-local\/#primaryimage\"},\"thumbnailUrl\":\"https:\/\/urbanjournalism.institute\/forecast\/wp-content\/themes\/forecast\/dist\/assets\/images\/editorial\/page-4-portrait.jpg\",\"datePublished\":\"2023-02-20T07:40:05+00:00\",\"breadcrumb\":{\"@id\":\"https:\/\/urbanjournalism.institute\/forecast-es\/forecast-2023\/periodismo-urbano\/comprendiendo-lo-local\/#breadcrumb\"},\"inLanguage\":\"es\",\"potentialAction\":[{\"@type\":\"ReadAction\",\"target\":[\"https:\/\/urbanjournalism.institute\/forecast-es\/forecast-2023\/periodismo-urbano\/comprendiendo-lo-local\/\"]}]},{\"@type\":\"ImageObject\",\"inLanguage\":\"es\",\"@id\":\"https:\/\/urbanjournalism.institute\/forecast-es\/forecast-2023\/periodismo-urbano\/comprendiendo-lo-local\/#primaryimage\",\"url\":\"https:\/\/urbanjournalism.institute\/forecast\/wp-content\/themes\/forecast\/dist\/assets\/images\/editorial\/page-4-portrait.jpg\",\"contentUrl\":\"https:\/\/urbanjournalism.institute\/forecast\/wp-content\/themes\/forecast\/dist\/assets\/images\/editorial\/page-4-portrait.jpg\"},{\"@type\":\"BreadcrumbList\",\"@id\":\"https:\/\/urbanjournalism.institute\/forecast-es\/forecast-2023\/periodismo-urbano\/comprendiendo-lo-local\/#breadcrumb\",\"itemListElement\":[{\"@type\":\"ListItem\",\"position\":1,\"name\":\"Forecast 2023\",\"item\":\"https:\/\/urbanjournalism.institute\/forecast-es\/forecast-2023\/\"},{\"@type\":\"ListItem\",\"position\":2,\"name\":\"Periodismo Urbano\",\"item\":\"https:\/\/urbanjournalism.institute\/forecast-es\/forecast-2023\/periodismo-urbano\/\"},{\"@type\":\"ListItem\",\"position\":3,\"name\":\"Entender lo local\"}]},{\"@type\":\"WebSite\",\"@id\":\"https:\/\/urbanjournalism.institute\/forecast-es\/#website\",\"url\":\"https:\/\/urbanjournalism.institute\/forecast-es\/\",\"name\":\"Municipal Forecast - Espa\u00f1ol\",\"description\":\"\",\"potentialAction\":[{\"@type\":\"SearchAction\",\"target\":{\"@type\":\"EntryPoint\",\"urlTemplate\":\"https:\/\/urbanjournalism.institute\/forecast-es\/?s={search_term_string}\"},\"query-input\":{\"@type\":\"PropertyValueSpecification\",\"valueRequired\":true,\"valueName\":\"search_term_string\"}}],\"inLanguage\":\"es\"}]}<\/script>\n<!-- \/ Yoast SEO plugin. -->","yoast_head_json":{"title":"Entender lo local - Municipal Forecast - Espa\u00f1ol","robots":{"index":"index","follow":"follow","max-snippet":"max-snippet:-1","max-image-preview":"max-image-preview:large","max-video-preview":"max-video-preview:-1"},"canonical":"https:\/\/urbanjournalism.institute\/forecast-es\/forecast-2023\/periodismo-urbano\/comprendiendo-lo-local\/","og_locale":"es_ES","og_type":"article","og_title":"Entender lo local - Municipal Forecast - Espa\u00f1ol","og_description":"Periodismo Urbano Entender lo local A finales de 2022, Google desvel\u00f3 la cantidad de agua al a\u00f1o que sus centros de datos utilizan en todo el mundo para refrigerar ordenadores. La informaci\u00f3n se divulg\u00f3 despu\u00e9s de que The Oregonian, un peri\u00f3dico con sede en Portland, presionara al Ayuntamiento de The Dalles para que hiciera p\u00fablico [&hellip;]","og_url":"https:\/\/urbanjournalism.institute\/forecast-es\/forecast-2023\/periodismo-urbano\/comprendiendo-lo-local\/","og_site_name":"Municipal Forecast - Espa\u00f1ol","og_image":[{"url":"https:\/\/urbanjournalism.institute\/forecast\/wp-content\/themes\/forecast\/dist\/assets\/images\/editorial\/page-4-portrait.jpg","type":"","width":"","height":""}],"twitter_card":"summary_large_image","twitter_misc":{"Tiempo de lectura":"6 minutos"},"schema":{"@context":"https:\/\/schema.org","@graph":[{"@type":"WebPage","@id":"https:\/\/urbanjournalism.institute\/forecast-es\/forecast-2023\/periodismo-urbano\/comprendiendo-lo-local\/","url":"https:\/\/urbanjournalism.institute\/forecast-es\/forecast-2023\/periodismo-urbano\/comprendiendo-lo-local\/","name":"Entender lo local - Municipal Forecast - Espa\u00f1ol","isPartOf":{"@id":"https:\/\/urbanjournalism.institute\/forecast-es\/#website"},"primaryImageOfPage":{"@id":"https:\/\/urbanjournalism.institute\/forecast-es\/forecast-2023\/periodismo-urbano\/comprendiendo-lo-local\/#primaryimage"},"image":{"@id":"https:\/\/urbanjournalism.institute\/forecast-es\/forecast-2023\/periodismo-urbano\/comprendiendo-lo-local\/#primaryimage"},"thumbnailUrl":"https:\/\/urbanjournalism.institute\/forecast\/wp-content\/themes\/forecast\/dist\/assets\/images\/editorial\/page-4-portrait.jpg","datePublished":"2023-02-20T07:40:05+00:00","breadcrumb":{"@id":"https:\/\/urbanjournalism.institute\/forecast-es\/forecast-2023\/periodismo-urbano\/comprendiendo-lo-local\/#breadcrumb"},"inLanguage":"es","potentialAction":[{"@type":"ReadAction","target":["https:\/\/urbanjournalism.institute\/forecast-es\/forecast-2023\/periodismo-urbano\/comprendiendo-lo-local\/"]}]},{"@type":"ImageObject","inLanguage":"es","@id":"https:\/\/urbanjournalism.institute\/forecast-es\/forecast-2023\/periodismo-urbano\/comprendiendo-lo-local\/#primaryimage","url":"https:\/\/urbanjournalism.institute\/forecast\/wp-content\/themes\/forecast\/dist\/assets\/images\/editorial\/page-4-portrait.jpg","contentUrl":"https:\/\/urbanjournalism.institute\/forecast\/wp-content\/themes\/forecast\/dist\/assets\/images\/editorial\/page-4-portrait.jpg"},{"@type":"BreadcrumbList","@id":"https:\/\/urbanjournalism.institute\/forecast-es\/forecast-2023\/periodismo-urbano\/comprendiendo-lo-local\/#breadcrumb","itemListElement":[{"@type":"ListItem","position":1,"name":"Forecast 2023","item":"https:\/\/urbanjournalism.institute\/forecast-es\/forecast-2023\/"},{"@type":"ListItem","position":2,"name":"Periodismo Urbano","item":"https:\/\/urbanjournalism.institute\/forecast-es\/forecast-2023\/periodismo-urbano\/"},{"@type":"ListItem","position":3,"name":"Entender lo local"}]},{"@type":"WebSite","@id":"https:\/\/urbanjournalism.institute\/forecast-es\/#website","url":"https:\/\/urbanjournalism.institute\/forecast-es\/","name":"Municipal Forecast - Espa\u00f1ol","description":"","potentialAction":[{"@type":"SearchAction","target":{"@type":"EntryPoint","urlTemplate":"https:\/\/urbanjournalism.institute\/forecast-es\/?s={search_term_string}"},"query-input":{"@type":"PropertyValueSpecification","valueRequired":true,"valueName":"search_term_string"}}],"inLanguage":"es"}]}},"_links":{"self":[{"href":"https:\/\/urbanjournalism.institute\/forecast-es\/wp-json\/wp\/v2\/pages\/17","targetHints":{"allow":["GET"]}}],"collection":[{"href":"https:\/\/urbanjournalism.institute\/forecast-es\/wp-json\/wp\/v2\/pages"}],"about":[{"href":"https:\/\/urbanjournalism.institute\/forecast-es\/wp-json\/wp\/v2\/types\/page"}],"author":[{"embeddable":true,"href":"https:\/\/urbanjournalism.institute\/forecast-es\/wp-json\/wp\/v2\/users\/1"}],"replies":[{"embeddable":true,"href":"https:\/\/urbanjournalism.institute\/forecast-es\/wp-json\/wp\/v2\/comments?post=17"}],"version-history":[{"count":0,"href":"https:\/\/urbanjournalism.institute\/forecast-es\/wp-json\/wp\/v2\/pages\/17\/revisions"}],"up":[{"embeddable":true,"href":"https:\/\/urbanjournalism.institute\/forecast-es\/wp-json\/wp\/v2\/pages\/16"}],"wp:attachment":[{"href":"https:\/\/urbanjournalism.institute\/forecast-es\/wp-json\/wp\/v2\/media?parent=17"}],"curies":[{"name":"wp","href":"https:\/\/api.w.org\/{rel}","templated":true}]}}