{"id":188,"date":"2024-02-18T23:39:07","date_gmt":"2024-02-18T23:39:07","guid":{"rendered":"https:\/\/urbanjournalism.institute\/forecast-es\/?page_id=188"},"modified":"2024-02-19T10:19:07","modified_gmt":"2024-02-19T10:19:07","slug":"para-profundizar","status":"publish","type":"page","link":"https:\/\/urbanjournalism.institute\/forecast-es\/forecast-2024\/urban-journalism\/para-profundizar\/","title":{"rendered":"Para profundizar"},"content":{"rendered":"\n<div class=\"wp-block-group has-vivid-cyan-blue-color has-light-green-cyan-background-color has-text-color has-background has-link-color wp-elements-068158f4b2704eaa9105cb0c7d47943c\"><div class=\"wp-block-group__inner-container is-layout-constrained wp-block-group-is-layout-constrained\">\n<div class=\"wp-block-group\"><div class=\"wp-block-group__inner-container is-layout-constrained wp-block-group-is-layout-constrained\">\n<div class=\"wp-block-group\"><div class=\"wp-block-group__inner-container is-layout-constrained wp-block-group-is-layout-constrained\">\n<h2 class=\"wp-block-heading text-underline font-normal\">Para profundizar<\/h2>\n\n\n\n<p>Explore nuestro calendario destacado con conferencias, congresos, foros y reuniones relevantes. En un a\u00f1o convulso, la atenci\u00f3n se centra en las oportunidades de los gobiernos locales y regionales para seguir agitando la escena multilateral. \u00bfEl objetivo? Garantizar que se oigan todas las voces en la mesa de toma de decisiones. Este es el calendario de lo esencial que no debe perderse. &nbsp;<\/p>\n<\/div><\/div>\n<\/div><\/div>\n\n\n\n<div class=\"wp-block-columns is-layout-flex wp-container-core-columns-is-layout-9d6595d7 wp-block-columns-is-layout-flex\">\n<div class=\"wp-block-column is-layout-flow wp-block-column-is-layout-flow\">\n<p class=\"has-text-align-left\"><strong>26 Febrero\u20131 Marzo<\/strong><br>Asamblea de las Naciones Unidas para el Medio Ambiente (incluido el D\u00eda de los Gobiernos Locales y Regionales)<strong><br><\/strong><em>Nairobi (Kenia)<\/em><strong><br><br>11-22 Marzo<\/strong><br>68\u00aa Sesi\u00f3n de la Comisi\u00f3n de la Condici\u00f3n Jur\u00eddica y Social de la Mujer (incluido el D\u00eda de los Gobiernos Locales y Regionales)<br><em>Nueva York (EE.UU.)<\/em><\/p>\n\n\n\n<p class=\"has-text-align-left\"><strong>17-19 Abril<\/strong><br>Bureau Ejecutivo de CGLU<strong><br><\/strong><em>San Jos\u00e9 (Costa Rica)<\/em><\/p>\n\n\n\n<p class=\"has-text-align-left\"><strong>29 Abril-3 Mayo <\/strong><br>57\u00aa Sesi\u00f3n de la Comisi\u00f3n de Poblaci\u00f3n y Desarrollo<br><em>Nueva York (EE.UU.)<\/em><\/p>\n\n\n\n<p class=\"has-text-align-left\"><strong>18-24 Mayo<\/strong><br>10\u00ba Foro Mundial del Agua<strong><br><\/strong><em>Bali (Indonesia)<\/em><\/p>\n<\/div>\n\n\n\n<div class=\"wp-block-column is-layout-flow wp-block-column-is-layout-flow\">\n<p class=\"has-text-align-left\"><strong>16-21 Junio<\/strong><br>Cumbre Internacional de S\u00e3o PauloConsejo de Administraci\u00f3n de Metropolis<br><em>S\u00e3o Paulo (Brasil)<\/em><\/p>\n\n\n\n<p class=\"has-text-align-left\"><strong>17-18 Junio<br><\/strong>Cumbre Urban20 S\u00e3o Paulo<br><em>S\u00e3o Paulo (Brasil)<\/em><\/p>\n\n\n\n<p class=\"has-text-align-left\"><strong>18-21 Junio<br><\/strong>Congreso Mundial de ICLEI<strong><br><\/strong><em>S\u00e3o Paulo (Brasil)<\/em><\/p>\n\n\n\n<p class=\"has-text-align-left\"><strong>8-18 Julio <\/strong><br>FPAN y Foro de Gobiernos Locales y Regionales<br><em>Nueva York (EE.UU.)<\/em><\/p>\n\n\n\n<p class=\"has-text-align-left\"><strong>22-23 Julio (Por confirmar)<br><\/strong>Reuni\u00f3n Urban7<br><em>Ginebra (Suiza)<\/em><\/p>\n\n\n\n<p class=\"has-text-align-left\"><strong>22-23 Septiembre <\/strong><br>Cumbre del Futuro de las Naciones Unidas<br><em><em>Nueva York (EE.UU.)<\/em><\/em><\/p>\n\n\n\n<p class=\"has-text-align-left\"><strong>30 Septiembre &#8211; 1 Octubre<\/strong><br>Foro de Alcaldes de la CEPE<strong><br><\/strong><em>Ginebra (Suiza)<\/em><\/p>\n<\/div>\n\n\n\n<div class=\"wp-block-column is-layout-flow wp-block-column-is-layout-flow\">\n<p class=\"has-text-align-left\"><strong>6-11 Octubre<\/strong><br>Consejo Mundial de CGLU<strong><br><\/strong><em>La Haya (Pa\u00edses Bajos)<\/em><\/p>\n\n\n\n<p class=\"has-text-align-left\"><strong>17-19 Octubre<\/strong><br>23\u00aa Conferencia Internacional del Observatorio Internacional de la Democracia Participativa<br><em>Valongo (Portugal)<\/em><\/p>\n\n\n\n<p class=\"has-text-align-left\"><strong>21 Octubre-1 Noviembre<\/strong><br>16\u00aa Reuni\u00f3n de la Conferencia de las Partes (COP) del Convenio sobre la Diversidad Biol\u00f3gica<br><em>(Colombia)<\/em><\/p>\n\n\n\n<p><strong>4-8 Noviembre<\/strong><br>Foro Urbano Mundial<strong><br><\/strong><em>El Cairo (Egipto)<\/em><\/p>\n\n\n\n<p class=\"has-text-align-left\"><strong>11-24 Noviembre<\/strong><br>COP29<strong><br><\/strong><em>Bak\u00fa (Azerbaiy\u00e1n)<\/em><\/p>\n\n\n\n<p class=\"has-text-align-left\"><strong>16-18 Noviembre (Por confirmar)<\/strong><br>Cumbre del G20 Cumbre Urban20 R\u00edo de Janeiro<br><em>R\u00edo de Janeiro (Brasil)<\/em><\/p>\n<\/div>\n<\/div>\n<\/div><\/div>\n","protected":false},"excerpt":{"rendered":"<p>Para profundizar Explore nuestro calendario destacado con conferencias, congresos, foros y reuniones relevantes. En un a\u00f1o convulso, la atenci\u00f3n se centra en las oportunidades de los gobiernos locales y regionales para seguir agitando la escena multilateral. \u00bfEl objetivo? Garantizar que se oigan todas las voces en la mesa de toma de decisiones. Este es el [&hellip;]<\/p>\n","protected":false},"author":1,"featured_media":0,"parent":53,"menu_order":5,"comment_status":"closed","ping_status":"closed","template":"","meta":{"footnotes":""},"class_list":["post-188","page","type-page","status-publish","hentry"],"yoast_head":"<!-- This site is optimized with the Yoast SEO plugin v27.0 - https:\/\/yoast.com\/product\/yoast-seo-wordpress\/ -->\n<title>Para profundizar - Municipal Forecast - Espa\u00f1ol<\/title>\n<meta name=\"robots\" content=\"index, follow, max-snippet:-1, max-image-preview:large, max-video-preview:-1\" \/>\n<link rel=\"canonical\" href=\"https:\/\/urbanjournalism.institute\/forecast-es\/forecast-2024\/urban-journalism\/para-profundizar\/\" \/>\n<meta property=\"og:locale\" content=\"es_ES\" \/>\n<meta property=\"og:type\" content=\"article\" \/>\n<meta property=\"og:title\" content=\"Para profundizar - Municipal Forecast - Espa\u00f1ol\" \/>\n<meta property=\"og:description\" content=\"Para profundizar Explore nuestro calendario destacado con conferencias, congresos, foros y reuniones relevantes. En un a\u00f1o convulso, la atenci\u00f3n se centra en las oportunidades de los gobiernos locales y regionales para seguir agitando la escena multilateral. \u00bfEl objetivo? Garantizar que se oigan todas las voces en la mesa de toma de decisiones. Este es el [&hellip;]\" \/>\n<meta property=\"og:url\" content=\"https:\/\/urbanjournalism.institute\/forecast-es\/forecast-2024\/urban-journalism\/para-profundizar\/\" \/>\n<meta property=\"og:site_name\" content=\"Municipal Forecast - Espa\u00f1ol\" \/>\n<meta property=\"article:modified_time\" content=\"2024-02-19T10:19:07+00:00\" \/>\n<meta name=\"twitter:card\" content=\"summary_large_image\" \/>\n<meta name=\"twitter:label1\" content=\"Tiempo de lectura\" \/>\n\t<meta name=\"twitter:data1\" content=\"2 minutos\" \/>\n<script type=\"application\/ld+json\" class=\"yoast-schema-graph\">{\"@context\":\"https:\/\/schema.org\",\"@graph\":[{\"@type\":\"WebPage\",\"@id\":\"https:\/\/urbanjournalism.institute\/forecast-es\/forecast-2024\/urban-journalism\/para-profundizar\/\",\"url\":\"https:\/\/urbanjournalism.institute\/forecast-es\/forecast-2024\/urban-journalism\/para-profundizar\/\",\"name\":\"Para profundizar - Municipal Forecast - Espa\u00f1ol\",\"isPartOf\":{\"@id\":\"https:\/\/urbanjournalism.institute\/forecast-es\/#website\"},\"datePublished\":\"2024-02-18T23:39:07+00:00\",\"dateModified\":\"2024-02-19T10:19:07+00:00\",\"breadcrumb\":{\"@id\":\"https:\/\/urbanjournalism.institute\/forecast-es\/forecast-2024\/urban-journalism\/para-profundizar\/#breadcrumb\"},\"inLanguage\":\"es\",\"potentialAction\":[{\"@type\":\"ReadAction\",\"target\":[\"https:\/\/urbanjournalism.institute\/forecast-es\/forecast-2024\/urban-journalism\/para-profundizar\/\"]}]},{\"@type\":\"BreadcrumbList\",\"@id\":\"https:\/\/urbanjournalism.institute\/forecast-es\/forecast-2024\/urban-journalism\/para-profundizar\/#breadcrumb\",\"itemListElement\":[{\"@type\":\"ListItem\",\"position\":1,\"name\":\"Forecast 2024\",\"item\":\"https:\/\/urbanjournalism.institute\/forecast-es\/\"},{\"@type\":\"ListItem\",\"position\":2,\"name\":\"Periodismo Urbano\",\"item\":\"https:\/\/urbanjournalism.institute\/forecast-es\/forecast-2024\/urban-journalism\/\"},{\"@type\":\"ListItem\",\"position\":3,\"name\":\"Para profundizar\"}]},{\"@type\":\"WebSite\",\"@id\":\"https:\/\/urbanjournalism.institute\/forecast-es\/#website\",\"url\":\"https:\/\/urbanjournalism.institute\/forecast-es\/\",\"name\":\"Municipal Forecast - Espa\u00f1ol\",\"description\":\"\",\"potentialAction\":[{\"@type\":\"SearchAction\",\"target\":{\"@type\":\"EntryPoint\",\"urlTemplate\":\"https:\/\/urbanjournalism.institute\/forecast-es\/?s={search_term_string}\"},\"query-input\":{\"@type\":\"PropertyValueSpecification\",\"valueRequired\":true,\"valueName\":\"search_term_string\"}}],\"inLanguage\":\"es\"}]}<\/script>\n<!-- \/ Yoast SEO plugin. -->","yoast_head_json":{"title":"Para profundizar - Municipal Forecast - Espa\u00f1ol","robots":{"index":"index","follow":"follow","max-snippet":"max-snippet:-1","max-image-preview":"max-image-preview:large","max-video-preview":"max-video-preview:-1"},"canonical":"https:\/\/urbanjournalism.institute\/forecast-es\/forecast-2024\/urban-journalism\/para-profundizar\/","og_locale":"es_ES","og_type":"article","og_title":"Para profundizar - Municipal Forecast - Espa\u00f1ol","og_description":"Para profundizar Explore nuestro calendario destacado con conferencias, congresos, foros y reuniones relevantes. En un a\u00f1o convulso, la atenci\u00f3n se centra en las oportunidades de los gobiernos locales y regionales para seguir agitando la escena multilateral. \u00bfEl objetivo? Garantizar que se oigan todas las voces en la mesa de toma de decisiones. Este es el [&hellip;]","og_url":"https:\/\/urbanjournalism.institute\/forecast-es\/forecast-2024\/urban-journalism\/para-profundizar\/","og_site_name":"Municipal Forecast - Espa\u00f1ol","article_modified_time":"2024-02-19T10:19:07+00:00","twitter_card":"summary_large_image","twitter_misc":{"Tiempo de lectura":"2 minutos"},"schema":{"@context":"https:\/\/schema.org","@graph":[{"@type":"WebPage","@id":"https:\/\/urbanjournalism.institute\/forecast-es\/forecast-2024\/urban-journalism\/para-profundizar\/","url":"https:\/\/urbanjournalism.institute\/forecast-es\/forecast-2024\/urban-journalism\/para-profundizar\/","name":"Para profundizar - Municipal Forecast - Espa\u00f1ol","isPartOf":{"@id":"https:\/\/urbanjournalism.institute\/forecast-es\/#website"},"datePublished":"2024-02-18T23:39:07+00:00","dateModified":"2024-02-19T10:19:07+00:00","breadcrumb":{"@id":"https:\/\/urbanjournalism.institute\/forecast-es\/forecast-2024\/urban-journalism\/para-profundizar\/#breadcrumb"},"inLanguage":"es","potentialAction":[{"@type":"ReadAction","target":["https:\/\/urbanjournalism.institute\/forecast-es\/forecast-2024\/urban-journalism\/para-profundizar\/"]}]},{"@type":"BreadcrumbList","@id":"https:\/\/urbanjournalism.institute\/forecast-es\/forecast-2024\/urban-journalism\/para-profundizar\/#breadcrumb","itemListElement":[{"@type":"ListItem","position":1,"name":"Forecast 2024","item":"https:\/\/urbanjournalism.institute\/forecast-es\/"},{"@type":"ListItem","position":2,"name":"Periodismo Urbano","item":"https:\/\/urbanjournalism.institute\/forecast-es\/forecast-2024\/urban-journalism\/"},{"@type":"ListItem","position":3,"name":"Para profundizar"}]},{"@type":"WebSite","@id":"https:\/\/urbanjournalism.institute\/forecast-es\/#website","url":"https:\/\/urbanjournalism.institute\/forecast-es\/","name":"Municipal Forecast - Espa\u00f1ol","description":"","potentialAction":[{"@type":"SearchAction","target":{"@type":"EntryPoint","urlTemplate":"https:\/\/urbanjournalism.institute\/forecast-es\/?s={search_term_string}"},"query-input":{"@type":"PropertyValueSpecification","valueRequired":true,"valueName":"search_term_string"}}],"inLanguage":"es"}]}},"_links":{"self":[{"href":"https:\/\/urbanjournalism.institute\/forecast-es\/wp-json\/wp\/v2\/pages\/188","targetHints":{"allow":["GET"]}}],"collection":[{"href":"https:\/\/urbanjournalism.institute\/forecast-es\/wp-json\/wp\/v2\/pages"}],"about":[{"href":"https:\/\/urbanjournalism.institute\/forecast-es\/wp-json\/wp\/v2\/types\/page"}],"author":[{"embeddable":true,"href":"https:\/\/urbanjournalism.institute\/forecast-es\/wp-json\/wp\/v2\/users\/1"}],"replies":[{"embeddable":true,"href":"https:\/\/urbanjournalism.institute\/forecast-es\/wp-json\/wp\/v2\/comments?post=188"}],"version-history":[{"count":3,"href":"https:\/\/urbanjournalism.institute\/forecast-es\/wp-json\/wp\/v2\/pages\/188\/revisions"}],"predecessor-version":[{"id":199,"href":"https:\/\/urbanjournalism.institute\/forecast-es\/wp-json\/wp\/v2\/pages\/188\/revisions\/199"}],"up":[{"embeddable":true,"href":"https:\/\/urbanjournalism.institute\/forecast-es\/wp-json\/wp\/v2\/pages\/53"}],"wp:attachment":[{"href":"https:\/\/urbanjournalism.institute\/forecast-es\/wp-json\/wp\/v2\/media?parent=188"}],"curies":[{"name":"wp","href":"https:\/\/api.w.org\/{rel}","templated":true}]}}