{"id":19,"date":"2023-02-20T07:40:05","date_gmt":"2023-02-20T07:40:05","guid":{"rendered":"https:\/\/urbanjournalism.institute\/forecast\/es\/forecast-2023\/hacia-un-multilateralismo-en-red\/un-periodo-para-sembrar-para-futuras-cosechas\/"},"modified":"2024-08-26T14:28:56","modified_gmt":"2024-08-26T14:28:56","slug":"un-periodo-para-sembrar-para-futuras-cosechas","status":"publish","type":"page","link":"https:\/\/urbanjournalism.institute\/forecast-es\/forecast-2023\/hacia-un-multilateralismo-en-red\/un-periodo-para-sembrar-para-futuras-cosechas\/","title":{"rendered":"Sembrar ahora para cosechar en el futuro"},"content":{"rendered":"\n<header class=\"wp-block-group\"><div class=\"wp-block-group__inner-container is-layout-constrained wp-block-group-is-layout-constrained\">\n<h1 class=\"wp-block-heading\">Hacia un multilateralismo en red<\/h1>\n\n\n\n<h4 class=\"wp-block-heading\"><em>Sembrar ahora para cosechar en el futuro<\/em><\/h4>\n<\/div><\/header>\n\n\n\n<div class=\"wp-block-group\"><div class=\"wp-block-group__inner-container is-layout-constrained wp-block-group-is-layout-constrained\">\n<div class=\"wp-block-columns is-layout-flex wp-container-core-columns-is-layout-9d6595d7 wp-block-columns-is-layout-flex\">\n<div class=\"wp-block-column is-layout-flow wp-block-column-is-layout-flow\" style=\"flex-basis:33.33%\">\n<p class=\"has-text-align-left\"><em><em>El centenario movimiento municipal consigui\u00f3 ser m\u00e1s relevante que nunca en el periodo multilateral 2012-2016. Esto se tradujo en un aumento de los espacios efectivos e inclusivos (aunque no todos ellos suficientemente reconocidos), destinados a influir en el proceso de toma de decisiones global. En el periodo 2016-2022, el movimiento municipal ha sido capaz de asegurar espacios estructurales en la esfera internacional y llevar la localizaci\u00f3n de los ODS a los foros globales. El periodo 2023- 2025 ser\u00e1 importante para seguir avanzando en el reconocimiento de los gobiernos locales y regionales en el \u00e1mbito multilateral. Estas semillas contribuir\u00e1n a una mejor cosecha en el ciclo 2026-2030 en cuanto al papel de los gobiernos locales y municipales.<\/em><\/em><\/p>\n<\/div>\n\n\n\n<div class=\"wp-block-column is-layout-flow wp-block-column-is-layout-flow\" style=\"flex-basis:66.66%\">\n<p>Los procesos multilaterales llevan tiempo. Esto significa que cualquier \u00abciclo de formaci\u00f3n de consenso\u00bb lleva al menos dos a\u00f1os. Ant\u00f3nio Guterres, secretario general de las Naciones Unidas, present\u00f3 su informe Nuestra Agenda Com\u00fan justo despu\u00e9s de ser reelegido para un segundo y \u00faltimo mandato, en septiembre de 2021. El a\u00f1o 2026 ser\u00e1 su \u00faltimo en el cargo, y probablemente sabe mejor que nadie que se tratar\u00e1 sobre todo de realizar el traspaso a la persona que lo substituya. Muchas partes interesadas abogan por que, por primera vez en la historia, se elija a una mujer para dirigir la organizaci\u00f3n. De ah\u00ed que el periodo 2023- 2025 sea clave para su visi\u00f3n multilateral y su legado.<\/p>\n\n\n\n<p>El plan expuesto en Nuestra Agenda Com\u00fan pivota en torno a la idea de \u00abacelerar\u00bb las medidas mediante una hoja de ruta con algunos hitos entre 2023 y 2025: la <strong>Cumbre del Futuro<\/strong>, la <strong>Cumbre Social Mundial<\/strong> y una <strong>cumbre bienal sobre la econom\u00eda mundial<\/strong>.<\/p>\n<\/div>\n<\/div>\n<\/div><\/div>\n\n\n\n<figure class=\"wp-block-image size-large\"><img decoding=\"async\" src=\"https:\/\/urbanjournalism.institute\/forecast\/wp-content\/themes\/forecast\/dist\/assets\/images\/editorial\/page-6-portrait.jpg\" alt=\"\" \/><figcaption class=\"wp-element-caption\"><em>Sevilla, Espa\u00f1a<\/em><br><em>\u00a9 Cl\u00e9ment Duguerre<\/em><\/figcaption><\/figure>\n\n\n\n<div class=\"wp-block-group narrow-group\"><div class=\"wp-block-group__inner-container is-layout-constrained wp-block-group-is-layout-constrained\">\n<p>La Cumbre del Futuro: soluciones multilaterales para un ma\u00f1ana mejor estaba prevista para 2023, pero se lleg\u00f3 al compromiso de posponerla a los d\u00edas 22 y 23 de septiembre de 2024, en Nueva York, y celebrar una reuni\u00f3n ministerial preparatoria el 18 de septiembre de 2023. El documento final de la cumbre ser\u00e1 Un Pacto para el Futuro, acordado previamente por consenso, aunque tambi\u00e9n se baraj\u00f3 un sistema de votaci\u00f3n por mayor\u00eda.<\/p>\n\n\n\n<p>Mientras se prepara la Cumbre del Futuro, las asociaciones de gobiernos locales y regionales ya est\u00e1n empezando a definir sus prioridades estrat\u00e9gicas y sus contribuciones al periodo clave 2023-2025 para el sistema multilateral.<\/p>\n\n\n\n<p>En octubre de 2022, en el 7.\u00ba Congreso Mundial de CGLU celebrado en Daejeon (Rep\u00fablica de Corea), los gobiernos locales y regionales y sus asociaciones de todo el mundo adoptaron el <strong>Pacto para el Futuro de la Humanidad<\/strong>. En el \u00faltimo p\u00e1rrafo, con el mismo t\u00edtulo que el futuro documento final de la cumbre de las Naciones Unidas, se define el esp\u00edritu de esta declaraci\u00f3n pol\u00edtica, cuyo objetivo es que \u00abhable directamente a las agendas internacionales de desarrollo m\u00e1s all\u00e1 de 2030, y que proporcione la contribuci\u00f3n\u00bb de la circunscripci\u00f3n de gobiernos locales y regionales a la Cumbre del Futuro de la ONU y a otros foros dentro de la hoja de ruta de Nuestra Agenda Com\u00fan.<\/p>\n\n\n\n<p>La concepci\u00f3n y las aspiraciones reflejadas en el Pacto de CGLU se plasmar\u00e1n en compromisos factibles a lo largo de 2023 y se convertir\u00e1n en la visi\u00f3n estrat\u00e9gica de CGLU, ya que ser\u00e1n reivindicadas y articuladas de forma conjunta en el <strong>Grupo de Trabajo Global de Gobiernos Locales y Regionales (Global Taskforce)<\/strong>. El Pacto reafirma que \u00abha llegado el momento de que el sistema multilateral local demuestre que ha alcanzado la mayor\u00eda de edad y que est\u00e1 preparado para unirse a los socios nacionales e internacionales para llevar a cabo una acci\u00f3n verdaderamente transformadora\u00bb.<\/p>\n\n\n\n<p>La propia existencia del Grupo de Trabajo Global representa un logro hist\u00f3rico para el movimiento municipal internacional. Los gobiernos locales y regionales son las \u00fanicas partes interesadas no estatales de las Naciones Unidas que cuentan con un mecanismo como el Grupo de Trabajo Global para desarrollar y coordinar las aportaciones a todos los procesos pol\u00edticos. Este \u00abmultilateralismo en red\u00bb fue fundamental en la conferencia H\u00e1bitat III y en el proceso de adopci\u00f3n de la Nueva Agenda Urbana. Despu\u00e9s de 2015 y 2016, el Grupo ha seguido colaborando con las Naciones Unidas para facilitar el seguimiento de la aplicaci\u00f3n de las principales agendas mundiales a escala local.<\/p>\n\n\n\n<h4 class=\"wp-block-heading\"><em>\u00bfCu\u00e1les ser\u00e1n los momentos clave para los gobiernos locales y regionales en materia de multilateralismo en 2023?<\/em><\/h4>\n\n\n\n<p>Tras la Reuni\u00f3n de Alto Nivel sobre el progreso en la implementaci\u00f3n de la<strong> Nueva Agenda Urbana<\/strong>, en abril de 2022, y el Foro Urbano Mundial en Katowice (Polonia), en julio de 2022, la segunda sesi\u00f3n de la <strong>Asamblea de ONU-H\u00e1bitat<\/strong> en junio de 2023 deber\u00eda representar una nueva oportunidad para seguir acelerando el desarrollo urbano sostenible. El Grupo de Trabajo Global de Gobiernos Locales y Regionales organizar\u00e1 en Nairobi una sesi\u00f3n de la Asamblea Mundial de Gobiernos Locales y Regionales dedicada a las acciones y alianzas de gran impacto que se desarrollar\u00e1n durante el a\u00f1o.<\/p>\n\n\n\n<p>El <strong>Foro Pol\u00edtico de Alto Nivel sobre el Desarrollo Sostenible<\/strong> (FPAN) supervisa anualmente la implementaci\u00f3n de la Agenda 2030. En julio de 2023, el FPAN revisar\u00e1 los Objetivos de Desarrollo Sostenible 6, 7, 9, 11 y 17. En el caso del ODS 11, se celebrar\u00e1 en febrero una reuni\u00f3n de un grupo de expertos, en Bilbao (Espa\u00f1a). El debate servir\u00e1 tanto para informar al FPAN como para revisar el primer borrador del<strong> Informe de S\u00edntesis 2023 sobre el ODS 11<\/strong>. El s\u00e9ptimo informe anual presentado por CGLU al FPAN, en nombre del Grupo de Trabajo Global de Gobiernos Locales y Regionales, se centrar\u00e1 tambi\u00e9n en la contribuci\u00f3n de los gobiernos locales de todo el mundo en la consecuci\u00f3n del ODS 11.<\/p>\n\n\n\n<p>La sexta edici\u00f3n del <strong>Foro de Gobiernos Locales y Regionales <\/strong>se celebrar\u00e1 en el marco del FPAN y se basar\u00e1 en los exitosos procesos de presentaci\u00f3n de informes a nivel subnacional, como los Informes Locales Voluntarios (VLR) y los Informes Subnacionales Voluntarios (VSR).<\/p>\n\n\n\n<p>Tambi\u00e9n se espera que en septiembre se publique el <strong>Informe Mundial sobre Desarrollo Sostenible 2023<\/strong>. Esta publicaci\u00f3n se fundamenta en el informe de 2019, pero para su elaboraci\u00f3n se ha designado a un nuevo grupo independiente de quince cient\u00edficos. Aunque probablemente es demasiado tarde para influir en su contenido, pronto comenzar\u00e1n los preparativos para el Informe Mundial sobre Desarrollo Sostenible 2027.<\/p>\n\n\n\n<p><\/p>\n<\/div><\/div>\n\n\n\n<div class=\"wp-block-group\"><div class=\"wp-block-group__inner-container is-layout-constrained wp-block-group-is-layout-constrained\">\n<div class=\"wp-block-columns are-vertically-aligned-top is-layout-flex wp-container-core-columns-is-layout-9d6595d7 wp-block-columns-is-layout-flex\">\n<div class=\"wp-block-column is-vertically-aligned-top is-layout-flow wp-block-column-is-layout-flow\">\n<p>La segunda <strong>Cumbre de los ODS <\/strong>desde la adopci\u00f3n de la Agenda 2030 tendr\u00e1 lugar los d\u00edas 19 y 20 de septiembre de 2023. Como eventos especiales, se han anunciado un <strong>Foro de Gobiernos Locales y Regionales <\/strong>y un Foro del Sector Privado. En el marco de la Cumbre se presentar\u00e1 otro informe de CGLU que analiza todos los ODS desde una dimensi\u00f3n pol\u00edtica m\u00e1s s\u00f3lida, que demuestra la importancia del papel de los gobiernos locales y regionales en la consecuci\u00f3n de la Agenda 2030.<\/p>\n\n\n\n<p>A finales de a\u00f1o, en Dub\u00e1i, la Conferencia de las Naciones Unidas sobre el Cambio Clim\u00e1tico de 2023 (COP28) tratar\u00e1 sobre el hist\u00f3rico avance en materia de p\u00e9rdidas y da\u00f1os. La presencia y la voz de los gobiernos locales y regionales en la COP27 ha sido clave para este progreso.<\/p>\n\n\n\n<figure class=\"wp-block-image size-large\"><img decoding=\"async\" src=\"https:\/\/urbanjournalism.institute\/forecast\/wp-content\/themes\/forecast\/dist\/assets\/images\/editorial\/page-6-square.jpg\" alt=\"\" \/><figcaption class=\"wp-element-caption\"><em>\u00a9 UCLG<\/em><\/figcaption><\/figure>\n<\/div>\n\n\n\n<div class=\"wp-block-column is-vertically-aligned-top is-layout-flow wp-block-column-is-layout-flow\">\n<div class=\"wp-block-group has-pale-pink-background-color has-background\"><div class=\"wp-block-group__inner-container is-layout-constrained wp-block-group-is-layout-constrained\">\n<h2 class=\"wp-block-heading\">NO PIERDA DE VISTA<\/h2>\n\n\n\n<h3 class=\"wp-block-heading\">Recomendaciones sobre Multilateralismo Eficaz<\/h3>\n\n\n\n<p>En marzo de 2022 se cre\u00f3 una Junta Consultiva de Alto Nivel sobre un Multilateralismo Eficaz. La Junta, compuesta por diez miembros, est\u00e1 copresidida por la expresidenta de Liberia, Ellen Johnson Sirleaf, y el ex primer ministro de Suecia, Stefan L\u00f6fven. Se espera que sus recomendaciones no vinculantes se publiquen a principios de 2023. Ser\u00e1 fundamental ver c\u00f3mo la Junta se aproxima al reconocimiento de las autoridades locales y regionales como parte de un sistema multilateral m\u00e1s eficaz.<\/p>\n\n\n\n<p><a rel=\"noreferrer noopener\" href=\"https:\/\/highleveladvisoryboard.org\/\" target=\"_blank\"><strong>M\u00e1s informaci\u00f3n en highleveladvisoryboard.org<\/strong><\/a><\/p>\n\n\n\n<h3 class=\"wp-block-heading\">Hoja de ruta para la evoluci\u00f3n del Banco Mundial <\/h3>\n\n\n\n<p>El Banco Mundial comenz\u00f3 el a\u00f1o 2023 con una reuni\u00f3n de su Directorio Ejecutivo para debatir una hoja de ruta para la gesti\u00f3n y evoluci\u00f3n de la organizaci\u00f3n. Merece la pena leer el borrador del documento, con fecha del 18 de diciembre de 2022, y observar el modo en que el Banco Mundial se enfrenta a un a\u00f1o agitado para aprobar la renovaci\u00f3n de su visi\u00f3n, su misi\u00f3n, su modelo operativo y su capacidad financiera. En una declaraci\u00f3n oficial, el organismo explica que la \u00abevoluci\u00f3n\u00bb pretende abordar de una mejor manera la magnitud de los retos del desarrollo, como la pobreza, la prosperidad compartida, la desigualdad y los desaf\u00edos transfronterizos, incluidos el cambio clim\u00e1tico, las pandemias y la fragilidad, los conflictos y la violencia. En el proceso tambi\u00e9n participar\u00e1n otras partes interesadas.<\/p>\n\n\n\n<p><a rel=\"noreferrer noopener\" href=\"https:\/\/bit.ly\/worldbankroadmap\" target=\"_blank\"><strong>La hoja de ruta est\u00e1 disponible aqu\u00ed<\/strong><\/a><\/p>\n<\/div><\/div>\n<\/div>\n<\/div>\n<\/div><\/div>\n","protected":false},"excerpt":{"rendered":"<p>Hacia un multilateralismo en red Sembrar ahora para cosechar en el futuro El centenario movimiento municipal consigui\u00f3 ser m\u00e1s relevante que nunca en el periodo multilateral 2012-2016. Esto se tradujo en un aumento de los espacios efectivos e inclusivos (aunque no todos ellos suficientemente reconocidos), destinados a influir en el proceso de toma de decisiones [&hellip;]<\/p>\n","protected":false},"author":1,"featured_media":0,"parent":18,"menu_order":0,"comment_status":"closed","ping_status":"closed","template":"","meta":{"footnotes":""},"class_list":["post-19","page","type-page","status-publish","hentry"],"yoast_head":"<!-- This site is optimized with the Yoast SEO plugin v27.0 - https:\/\/yoast.com\/product\/yoast-seo-wordpress\/ -->\n<title>Sembrar ahora para cosechar en el futuro - Municipal Forecast - Espa\u00f1ol<\/title>\n<meta name=\"robots\" content=\"index, follow, max-snippet:-1, max-image-preview:large, max-video-preview:-1\" \/>\n<link rel=\"canonical\" href=\"https:\/\/urbanjournalism.institute\/forecast-es\/forecast-2023\/hacia-un-multilateralismo-en-red\/un-periodo-para-sembrar-para-futuras-cosechas\/\" \/>\n<meta property=\"og:locale\" content=\"es_ES\" \/>\n<meta property=\"og:type\" content=\"article\" \/>\n<meta property=\"og:title\" content=\"Sembrar ahora para cosechar en el futuro - Municipal Forecast - Espa\u00f1ol\" \/>\n<meta property=\"og:description\" content=\"Hacia un multilateralismo en red Sembrar ahora para cosechar en el futuro El centenario movimiento municipal consigui\u00f3 ser m\u00e1s relevante que nunca en el periodo multilateral 2012-2016. Esto se tradujo en un aumento de los espacios efectivos e inclusivos (aunque no todos ellos suficientemente reconocidos), destinados a influir en el proceso de toma de decisiones [&hellip;]\" \/>\n<meta property=\"og:url\" content=\"https:\/\/urbanjournalism.institute\/forecast-es\/forecast-2023\/hacia-un-multilateralismo-en-red\/un-periodo-para-sembrar-para-futuras-cosechas\/\" \/>\n<meta property=\"og:site_name\" content=\"Municipal Forecast - Espa\u00f1ol\" \/>\n<meta property=\"article:modified_time\" content=\"2024-08-26T14:28:56+00:00\" \/>\n<meta property=\"og:image\" content=\"https:\/\/urbanjournalism.institute\/forecast\/wp-content\/themes\/forecast\/dist\/assets\/images\/editorial\/page-6-portrait.jpg\" \/>\n<meta name=\"twitter:card\" content=\"summary_large_image\" \/>\n<meta name=\"twitter:label1\" content=\"Tiempo de lectura\" \/>\n\t<meta name=\"twitter:data1\" content=\"7 minutos\" \/>\n<script type=\"application\/ld+json\" class=\"yoast-schema-graph\">{\"@context\":\"https:\/\/schema.org\",\"@graph\":[{\"@type\":\"WebPage\",\"@id\":\"https:\/\/urbanjournalism.institute\/forecast-es\/forecast-2023\/hacia-un-multilateralismo-en-red\/un-periodo-para-sembrar-para-futuras-cosechas\/\",\"url\":\"https:\/\/urbanjournalism.institute\/forecast-es\/forecast-2023\/hacia-un-multilateralismo-en-red\/un-periodo-para-sembrar-para-futuras-cosechas\/\",\"name\":\"Sembrar ahora para cosechar en el futuro - Municipal Forecast - Espa\u00f1ol\",\"isPartOf\":{\"@id\":\"https:\/\/urbanjournalism.institute\/forecast-es\/#website\"},\"primaryImageOfPage\":{\"@id\":\"https:\/\/urbanjournalism.institute\/forecast-es\/forecast-2023\/hacia-un-multilateralismo-en-red\/un-periodo-para-sembrar-para-futuras-cosechas\/#primaryimage\"},\"image\":{\"@id\":\"https:\/\/urbanjournalism.institute\/forecast-es\/forecast-2023\/hacia-un-multilateralismo-en-red\/un-periodo-para-sembrar-para-futuras-cosechas\/#primaryimage\"},\"thumbnailUrl\":\"https:\/\/urbanjournalism.institute\/forecast\/wp-content\/themes\/forecast\/dist\/assets\/images\/editorial\/page-6-portrait.jpg\",\"datePublished\":\"2023-02-20T07:40:05+00:00\",\"dateModified\":\"2024-08-26T14:28:56+00:00\",\"breadcrumb\":{\"@id\":\"https:\/\/urbanjournalism.institute\/forecast-es\/forecast-2023\/hacia-un-multilateralismo-en-red\/un-periodo-para-sembrar-para-futuras-cosechas\/#breadcrumb\"},\"inLanguage\":\"es\",\"potentialAction\":[{\"@type\":\"ReadAction\",\"target\":[\"https:\/\/urbanjournalism.institute\/forecast-es\/forecast-2023\/hacia-un-multilateralismo-en-red\/un-periodo-para-sembrar-para-futuras-cosechas\/\"]}]},{\"@type\":\"ImageObject\",\"inLanguage\":\"es\",\"@id\":\"https:\/\/urbanjournalism.institute\/forecast-es\/forecast-2023\/hacia-un-multilateralismo-en-red\/un-periodo-para-sembrar-para-futuras-cosechas\/#primaryimage\",\"url\":\"https:\/\/urbanjournalism.institute\/forecast\/wp-content\/themes\/forecast\/dist\/assets\/images\/editorial\/page-6-portrait.jpg\",\"contentUrl\":\"https:\/\/urbanjournalism.institute\/forecast\/wp-content\/themes\/forecast\/dist\/assets\/images\/editorial\/page-6-portrait.jpg\"},{\"@type\":\"BreadcrumbList\",\"@id\":\"https:\/\/urbanjournalism.institute\/forecast-es\/forecast-2023\/hacia-un-multilateralismo-en-red\/un-periodo-para-sembrar-para-futuras-cosechas\/#breadcrumb\",\"itemListElement\":[{\"@type\":\"ListItem\",\"position\":1,\"name\":\"Forecast 2023\",\"item\":\"https:\/\/urbanjournalism.institute\/forecast-es\/forecast-2023\/\"},{\"@type\":\"ListItem\",\"position\":2,\"name\":\"Hacia un multilateralismo en red\",\"item\":\"https:\/\/urbanjournalism.institute\/forecast-es\/forecast-2023\/hacia-un-multilateralismo-en-red\/\"},{\"@type\":\"ListItem\",\"position\":3,\"name\":\"Sembrar ahora para cosechar en el futuro\"}]},{\"@type\":\"WebSite\",\"@id\":\"https:\/\/urbanjournalism.institute\/forecast-es\/#website\",\"url\":\"https:\/\/urbanjournalism.institute\/forecast-es\/\",\"name\":\"Municipal Forecast - Espa\u00f1ol\",\"description\":\"\",\"potentialAction\":[{\"@type\":\"SearchAction\",\"target\":{\"@type\":\"EntryPoint\",\"urlTemplate\":\"https:\/\/urbanjournalism.institute\/forecast-es\/?s={search_term_string}\"},\"query-input\":{\"@type\":\"PropertyValueSpecification\",\"valueRequired\":true,\"valueName\":\"search_term_string\"}}],\"inLanguage\":\"es\"}]}<\/script>\n<!-- \/ Yoast SEO plugin. -->","yoast_head_json":{"title":"Sembrar ahora para cosechar en el futuro - Municipal Forecast - Espa\u00f1ol","robots":{"index":"index","follow":"follow","max-snippet":"max-snippet:-1","max-image-preview":"max-image-preview:large","max-video-preview":"max-video-preview:-1"},"canonical":"https:\/\/urbanjournalism.institute\/forecast-es\/forecast-2023\/hacia-un-multilateralismo-en-red\/un-periodo-para-sembrar-para-futuras-cosechas\/","og_locale":"es_ES","og_type":"article","og_title":"Sembrar ahora para cosechar en el futuro - Municipal Forecast - Espa\u00f1ol","og_description":"Hacia un multilateralismo en red Sembrar ahora para cosechar en el futuro El centenario movimiento municipal consigui\u00f3 ser m\u00e1s relevante que nunca en el periodo multilateral 2012-2016. Esto se tradujo en un aumento de los espacios efectivos e inclusivos (aunque no todos ellos suficientemente reconocidos), destinados a influir en el proceso de toma de decisiones [&hellip;]","og_url":"https:\/\/urbanjournalism.institute\/forecast-es\/forecast-2023\/hacia-un-multilateralismo-en-red\/un-periodo-para-sembrar-para-futuras-cosechas\/","og_site_name":"Municipal Forecast - Espa\u00f1ol","article_modified_time":"2024-08-26T14:28:56+00:00","og_image":[{"url":"https:\/\/urbanjournalism.institute\/forecast\/wp-content\/themes\/forecast\/dist\/assets\/images\/editorial\/page-6-portrait.jpg","type":"","width":"","height":""}],"twitter_card":"summary_large_image","twitter_misc":{"Tiempo de lectura":"7 minutos"},"schema":{"@context":"https:\/\/schema.org","@graph":[{"@type":"WebPage","@id":"https:\/\/urbanjournalism.institute\/forecast-es\/forecast-2023\/hacia-un-multilateralismo-en-red\/un-periodo-para-sembrar-para-futuras-cosechas\/","url":"https:\/\/urbanjournalism.institute\/forecast-es\/forecast-2023\/hacia-un-multilateralismo-en-red\/un-periodo-para-sembrar-para-futuras-cosechas\/","name":"Sembrar ahora para cosechar en el futuro - Municipal Forecast - Espa\u00f1ol","isPartOf":{"@id":"https:\/\/urbanjournalism.institute\/forecast-es\/#website"},"primaryImageOfPage":{"@id":"https:\/\/urbanjournalism.institute\/forecast-es\/forecast-2023\/hacia-un-multilateralismo-en-red\/un-periodo-para-sembrar-para-futuras-cosechas\/#primaryimage"},"image":{"@id":"https:\/\/urbanjournalism.institute\/forecast-es\/forecast-2023\/hacia-un-multilateralismo-en-red\/un-periodo-para-sembrar-para-futuras-cosechas\/#primaryimage"},"thumbnailUrl":"https:\/\/urbanjournalism.institute\/forecast\/wp-content\/themes\/forecast\/dist\/assets\/images\/editorial\/page-6-portrait.jpg","datePublished":"2023-02-20T07:40:05+00:00","dateModified":"2024-08-26T14:28:56+00:00","breadcrumb":{"@id":"https:\/\/urbanjournalism.institute\/forecast-es\/forecast-2023\/hacia-un-multilateralismo-en-red\/un-periodo-para-sembrar-para-futuras-cosechas\/#breadcrumb"},"inLanguage":"es","potentialAction":[{"@type":"ReadAction","target":["https:\/\/urbanjournalism.institute\/forecast-es\/forecast-2023\/hacia-un-multilateralismo-en-red\/un-periodo-para-sembrar-para-futuras-cosechas\/"]}]},{"@type":"ImageObject","inLanguage":"es","@id":"https:\/\/urbanjournalism.institute\/forecast-es\/forecast-2023\/hacia-un-multilateralismo-en-red\/un-periodo-para-sembrar-para-futuras-cosechas\/#primaryimage","url":"https:\/\/urbanjournalism.institute\/forecast\/wp-content\/themes\/forecast\/dist\/assets\/images\/editorial\/page-6-portrait.jpg","contentUrl":"https:\/\/urbanjournalism.institute\/forecast\/wp-content\/themes\/forecast\/dist\/assets\/images\/editorial\/page-6-portrait.jpg"},{"@type":"BreadcrumbList","@id":"https:\/\/urbanjournalism.institute\/forecast-es\/forecast-2023\/hacia-un-multilateralismo-en-red\/un-periodo-para-sembrar-para-futuras-cosechas\/#breadcrumb","itemListElement":[{"@type":"ListItem","position":1,"name":"Forecast 2023","item":"https:\/\/urbanjournalism.institute\/forecast-es\/forecast-2023\/"},{"@type":"ListItem","position":2,"name":"Hacia un multilateralismo en red","item":"https:\/\/urbanjournalism.institute\/forecast-es\/forecast-2023\/hacia-un-multilateralismo-en-red\/"},{"@type":"ListItem","position":3,"name":"Sembrar ahora para cosechar en el futuro"}]},{"@type":"WebSite","@id":"https:\/\/urbanjournalism.institute\/forecast-es\/#website","url":"https:\/\/urbanjournalism.institute\/forecast-es\/","name":"Municipal Forecast - Espa\u00f1ol","description":"","potentialAction":[{"@type":"SearchAction","target":{"@type":"EntryPoint","urlTemplate":"https:\/\/urbanjournalism.institute\/forecast-es\/?s={search_term_string}"},"query-input":{"@type":"PropertyValueSpecification","valueRequired":true,"valueName":"search_term_string"}}],"inLanguage":"es"}]}},"_links":{"self":[{"href":"https:\/\/urbanjournalism.institute\/forecast-es\/wp-json\/wp\/v2\/pages\/19","targetHints":{"allow":["GET"]}}],"collection":[{"href":"https:\/\/urbanjournalism.institute\/forecast-es\/wp-json\/wp\/v2\/pages"}],"about":[{"href":"https:\/\/urbanjournalism.institute\/forecast-es\/wp-json\/wp\/v2\/types\/page"}],"author":[{"embeddable":true,"href":"https:\/\/urbanjournalism.institute\/forecast-es\/wp-json\/wp\/v2\/users\/1"}],"replies":[{"embeddable":true,"href":"https:\/\/urbanjournalism.institute\/forecast-es\/wp-json\/wp\/v2\/comments?post=19"}],"version-history":[{"count":1,"href":"https:\/\/urbanjournalism.institute\/forecast-es\/wp-json\/wp\/v2\/pages\/19\/revisions"}],"predecessor-version":[{"id":260,"href":"https:\/\/urbanjournalism.institute\/forecast-es\/wp-json\/wp\/v2\/pages\/19\/revisions\/260"}],"up":[{"embeddable":true,"href":"https:\/\/urbanjournalism.institute\/forecast-es\/wp-json\/wp\/v2\/pages\/18"}],"wp:attachment":[{"href":"https:\/\/urbanjournalism.institute\/forecast-es\/wp-json\/wp\/v2\/media?parent=19"}],"curies":[{"name":"wp","href":"https:\/\/api.w.org\/{rel}","templated":true}]}}