{"id":20,"date":"2023-02-20T07:40:05","date_gmt":"2023-02-20T07:40:05","guid":{"rendered":"https:\/\/urbanjournalism.institute\/forecast\/es\/forecast-2023\/hacia-un-multilateralismo-en-red\/india-y-japon-centros-para-intensificar-el-multilateralismo-local\/"},"modified":"2023-02-20T07:40:05","modified_gmt":"2023-02-20T07:40:05","slug":"india-y-japon-centros-para-intensificar-el-multilateralismo-local","status":"publish","type":"page","link":"https:\/\/urbanjournalism.institute\/forecast-es\/forecast-2023\/hacia-un-multilateralismo-en-red\/india-y-japon-centros-para-intensificar-el-multilateralismo-local\/","title":{"rendered":"India y Jap\u00f3n, nodos para el fortalecimiento del multilateralismo local"},"content":{"rendered":"\n<div class=\"wp-block-group\"><div class=\"wp-block-group__inner-container is-layout-constrained wp-block-group-is-layout-constrained\">\n<div class=\"wp-block-columns is-layout-flex wp-container-core-columns-is-layout-9d6595d7 wp-block-columns-is-layout-flex\">\n<div class=\"wp-block-column is-layout-flow wp-block-column-is-layout-flow\" style=\"flex-basis:66.66%\">\n<h2 class=\"wp-block-heading\">India y Jap\u00f3n, nodos para el fortalecimiento del multilateralismo local<\/h2>\n\n\n\n<h4 class=\"wp-block-heading\"><em>Urban 20 est\u00e1 consolidando su influencia en el G20, y el G7 ha publicado el primer Comunicado de los Ministros de Desarrollo Urbano de Urban7.<\/em><\/h4>\n<\/div>\n\n\n\n<div class=\"wp-block-column is-layout-flow wp-block-column-is-layout-flow\" style=\"flex-basis:33.33%\"><\/div>\n<\/div>\n\n\n\n<div class=\"wp-block-columns is-layout-flex wp-container-core-columns-is-layout-9d6595d7 wp-block-columns-is-layout-flex\">\n<div class=\"wp-block-column is-layout-flow wp-block-column-is-layout-flow\">\n<p>Dos de las econom\u00edas m\u00e1s grandes del mundo asumir\u00e1n las presidencias del G20 y del G7. En 2022, Jap\u00f3n era la tercera mayor econom\u00eda, mientras que la India era la quinta. Se prev\u00e9 que la India pase a ocupar la tercera posici\u00f3n en 2030. Ambos pa\u00edses desarrollar\u00e1n en 2023 un papel fundamental en los escenarios multilaterales.<\/p>\n\n\n\n<p>El Comunicado de los L\u00edderes del G7 de junio de 2022, durante la presidencia de Alemania, reconoci\u00f3 la funci\u00f3n de las ciudades, sus asociaciones y redes como agentes impulsores de la prosperidad y la transformaci\u00f3n hacia el desarrollo sostenible. La primera Reuni\u00f3n Ministerial del G7 para el Desarrollo Urbano Sostenible se celebr\u00f3 en Potsdam, en septiembre de 2022. En el comunicado final se expresa el apoyo a \u00abun mayor reconocimiento de las ciudades como interlocutores en el marco del G7, mediante la continuaci\u00f3n e intensificaci\u00f3n del di\u00e1logo con las asociaciones, alianzas y redes de ciudades\u00bb. Jap\u00f3n ya ha anunciado la segunda Reuni\u00f3n de Ministros de Desarrollo Urbano del G7, que se celebrar\u00e1 en Takamatsu, en la prefectura de Kagawa, del 7 al 9 de julio de 2023.<\/p>\n\n\n\n<p>La India ostenta la presidencia del G20 del 1 de diciembre de 2022 al 30 de noviembre de 2023. Se trata de la segunda de las cuatro presidencias consecutivas de los denominados pa\u00edses del Sur Global, tras la de Indonesia en 2022, a la que seguir\u00e1n las de Brasil en 2024 y Sud\u00e1frica en 2025.<\/p>\n<\/div>\n\n\n\n<div class=\"wp-block-column is-layout-flow wp-block-column-is-layout-flow\">\n<p>Adem\u00e1s, la India, Brasil y Sud\u00e1frica son pa\u00edses BRICS, lideran por primera vez el G20 y tienen sistemas pol\u00edticos basados en la democracia local. Podr\u00eda ser un periodo \u00fanico para desarrollar la reforma del sistema multilateral, revisar la gobernanza financiera mundial y acelerar la consecuci\u00f3n de los ODS.<\/p>\n\n\n\n<p>La Cumbre de Jefes de Estado y de Gobierno del G20 tendr\u00e1 lugar los d\u00edas 9 y 10 de septiembre en Nueva Deli. Entre las reuniones previstas, la ciudad de Ahmedabad acoger\u00e1 Urban 20 (U20). Este grupo re\u00fane a alcaldes de las principales ciudades del G20 para informar en los debates de los l\u00edderes nacionales en el G20 y establece una plataforma para que las ciudades contribuyan de forma conjunta durante las negociaciones del G20.<\/p>\n\n\n\n<p>Las \u00e1reas prioritarias del U20 para 2023 son fomentar comportamientos responsables con el medio ambiente, garantizar la seguridad del agua, acelerar la financiaci\u00f3n clim\u00e1tica, defender la identidad local, reinventar los marcos para la gobernanza y la planificaci\u00f3n urbanas, y catalizar futuros urbanos digitales. Se espera que, en julio de 2023, el U20 presente el documento final con sus recomendaciones.<\/p>\n<\/div>\n<\/div>\n\n\n\n<p><\/p>\n\n\n\n<p>Todos los comunicados del U20 anteriores est\u00e1n disponibles en:<\/p>\n\n\n\n<p><a href=\"https:\/\/bit.ly\/u20comms\"><strong>https:\/\/bit.ly\/u20comms<\/strong><\/a><\/p>\n\n\n\n<p>M\u00e1s informaci\u00f3n:<\/p>\n\n\n\n<p><a rel=\"noreferrer noopener\" href=\"https:\/\/www.urban20.org\" target=\"_blank\"><strong>https:\/\/www.urban20.org<\/strong><\/a><\/p>\n\n\n\n<p><a href=\"https:\/\/www.u20india.org\"><strong>https:\/\/www.u20india.org<\/strong><\/a><\/p>\n<\/div><\/div>\n\n\n\n<figure class=\"wp-block-image size-large\"><img decoding=\"async\" src=\"https:\/\/urbanjournalism.institute\/forecast\/wp-content\/themes\/forecast\/dist\/assets\/images\/editorial\/page-7-portrait.jpg\" alt=\"\" \/><figcaption class=\"wp-element-caption\"><em>Imagen nocturna de una ciudad japonesa<br>\u00a9 Toru Shimada<\/em><\/figcaption><\/figure>\n","protected":false},"excerpt":{"rendered":"<p>India y Jap\u00f3n, nodos para el fortalecimiento del multilateralismo local Urban 20 est\u00e1 consolidando su influencia en el G20, y el G7 ha publicado el primer Comunicado de los Ministros de Desarrollo Urbano de Urban7. Dos de las econom\u00edas m\u00e1s grandes del mundo asumir\u00e1n las presidencias del G20 y del G7. En 2022, Jap\u00f3n era [&hellip;]<\/p>\n","protected":false},"author":1,"featured_media":0,"parent":18,"menu_order":10,"comment_status":"closed","ping_status":"closed","template":"","meta":{"footnotes":""},"class_list":["post-20","page","type-page","status-publish","hentry"],"yoast_head":"<!-- This site is optimized with the Yoast SEO plugin v27.0 - https:\/\/yoast.com\/product\/yoast-seo-wordpress\/ -->\n<title>India y Jap\u00f3n, nodos para el fortalecimiento del multilateralismo local - Municipal Forecast - Espa\u00f1ol<\/title>\n<meta name=\"robots\" content=\"index, follow, max-snippet:-1, max-image-preview:large, max-video-preview:-1\" \/>\n<link rel=\"canonical\" href=\"https:\/\/urbanjournalism.institute\/forecast-es\/forecast-2023\/hacia-un-multilateralismo-en-red\/india-y-japon-centros-para-intensificar-el-multilateralismo-local\/\" \/>\n<meta property=\"og:locale\" content=\"es_ES\" \/>\n<meta property=\"og:type\" content=\"article\" \/>\n<meta property=\"og:title\" content=\"India y Jap\u00f3n, nodos para el fortalecimiento del multilateralismo local - Municipal Forecast - Espa\u00f1ol\" \/>\n<meta property=\"og:description\" content=\"India y Jap\u00f3n, nodos para el fortalecimiento del multilateralismo local Urban 20 est\u00e1 consolidando su influencia en el G20, y el G7 ha publicado el primer Comunicado de los Ministros de Desarrollo Urbano de Urban7. Dos de las econom\u00edas m\u00e1s grandes del mundo asumir\u00e1n las presidencias del G20 y del G7. En 2022, Jap\u00f3n era [&hellip;]\" \/>\n<meta property=\"og:url\" content=\"https:\/\/urbanjournalism.institute\/forecast-es\/forecast-2023\/hacia-un-multilateralismo-en-red\/india-y-japon-centros-para-intensificar-el-multilateralismo-local\/\" \/>\n<meta property=\"og:site_name\" content=\"Municipal Forecast - Espa\u00f1ol\" \/>\n<meta property=\"og:image\" content=\"https:\/\/urbanjournalism.institute\/forecast\/wp-content\/themes\/forecast\/dist\/assets\/images\/editorial\/page-7-portrait.jpg\" \/>\n<meta name=\"twitter:card\" content=\"summary_large_image\" \/>\n<meta name=\"twitter:label1\" content=\"Tiempo de lectura\" \/>\n\t<meta name=\"twitter:data1\" content=\"3 minutos\" \/>\n<script type=\"application\/ld+json\" class=\"yoast-schema-graph\">{\"@context\":\"https:\/\/schema.org\",\"@graph\":[{\"@type\":\"WebPage\",\"@id\":\"https:\/\/urbanjournalism.institute\/forecast-es\/forecast-2023\/hacia-un-multilateralismo-en-red\/india-y-japon-centros-para-intensificar-el-multilateralismo-local\/\",\"url\":\"https:\/\/urbanjournalism.institute\/forecast-es\/forecast-2023\/hacia-un-multilateralismo-en-red\/india-y-japon-centros-para-intensificar-el-multilateralismo-local\/\",\"name\":\"India y Jap\u00f3n, nodos para el fortalecimiento del multilateralismo local - Municipal Forecast - Espa\u00f1ol\",\"isPartOf\":{\"@id\":\"https:\/\/urbanjournalism.institute\/forecast-es\/#website\"},\"primaryImageOfPage\":{\"@id\":\"https:\/\/urbanjournalism.institute\/forecast-es\/forecast-2023\/hacia-un-multilateralismo-en-red\/india-y-japon-centros-para-intensificar-el-multilateralismo-local\/#primaryimage\"},\"image\":{\"@id\":\"https:\/\/urbanjournalism.institute\/forecast-es\/forecast-2023\/hacia-un-multilateralismo-en-red\/india-y-japon-centros-para-intensificar-el-multilateralismo-local\/#primaryimage\"},\"thumbnailUrl\":\"https:\/\/urbanjournalism.institute\/forecast\/wp-content\/themes\/forecast\/dist\/assets\/images\/editorial\/page-7-portrait.jpg\",\"datePublished\":\"2023-02-20T07:40:05+00:00\",\"breadcrumb\":{\"@id\":\"https:\/\/urbanjournalism.institute\/forecast-es\/forecast-2023\/hacia-un-multilateralismo-en-red\/india-y-japon-centros-para-intensificar-el-multilateralismo-local\/#breadcrumb\"},\"inLanguage\":\"es\",\"potentialAction\":[{\"@type\":\"ReadAction\",\"target\":[\"https:\/\/urbanjournalism.institute\/forecast-es\/forecast-2023\/hacia-un-multilateralismo-en-red\/india-y-japon-centros-para-intensificar-el-multilateralismo-local\/\"]}]},{\"@type\":\"ImageObject\",\"inLanguage\":\"es\",\"@id\":\"https:\/\/urbanjournalism.institute\/forecast-es\/forecast-2023\/hacia-un-multilateralismo-en-red\/india-y-japon-centros-para-intensificar-el-multilateralismo-local\/#primaryimage\",\"url\":\"https:\/\/urbanjournalism.institute\/forecast\/wp-content\/themes\/forecast\/dist\/assets\/images\/editorial\/page-7-portrait.jpg\",\"contentUrl\":\"https:\/\/urbanjournalism.institute\/forecast\/wp-content\/themes\/forecast\/dist\/assets\/images\/editorial\/page-7-portrait.jpg\"},{\"@type\":\"BreadcrumbList\",\"@id\":\"https:\/\/urbanjournalism.institute\/forecast-es\/forecast-2023\/hacia-un-multilateralismo-en-red\/india-y-japon-centros-para-intensificar-el-multilateralismo-local\/#breadcrumb\",\"itemListElement\":[{\"@type\":\"ListItem\",\"position\":1,\"name\":\"Forecast 2023\",\"item\":\"https:\/\/urbanjournalism.institute\/forecast-es\/forecast-2023\/\"},{\"@type\":\"ListItem\",\"position\":2,\"name\":\"Hacia un multilateralismo en red\",\"item\":\"https:\/\/urbanjournalism.institute\/forecast-es\/forecast-2023\/hacia-un-multilateralismo-en-red\/\"},{\"@type\":\"ListItem\",\"position\":3,\"name\":\"India y Jap\u00f3n, nodos para el fortalecimiento del multilateralismo local\"}]},{\"@type\":\"WebSite\",\"@id\":\"https:\/\/urbanjournalism.institute\/forecast-es\/#website\",\"url\":\"https:\/\/urbanjournalism.institute\/forecast-es\/\",\"name\":\"Municipal Forecast - Espa\u00f1ol\",\"description\":\"\",\"potentialAction\":[{\"@type\":\"SearchAction\",\"target\":{\"@type\":\"EntryPoint\",\"urlTemplate\":\"https:\/\/urbanjournalism.institute\/forecast-es\/?s={search_term_string}\"},\"query-input\":{\"@type\":\"PropertyValueSpecification\",\"valueRequired\":true,\"valueName\":\"search_term_string\"}}],\"inLanguage\":\"es\"}]}<\/script>\n<!-- \/ Yoast SEO plugin. -->","yoast_head_json":{"title":"India y Jap\u00f3n, nodos para el fortalecimiento del multilateralismo local - Municipal Forecast - Espa\u00f1ol","robots":{"index":"index","follow":"follow","max-snippet":"max-snippet:-1","max-image-preview":"max-image-preview:large","max-video-preview":"max-video-preview:-1"},"canonical":"https:\/\/urbanjournalism.institute\/forecast-es\/forecast-2023\/hacia-un-multilateralismo-en-red\/india-y-japon-centros-para-intensificar-el-multilateralismo-local\/","og_locale":"es_ES","og_type":"article","og_title":"India y Jap\u00f3n, nodos para el fortalecimiento del multilateralismo local - Municipal Forecast - Espa\u00f1ol","og_description":"India y Jap\u00f3n, nodos para el fortalecimiento del multilateralismo local Urban 20 est\u00e1 consolidando su influencia en el G20, y el G7 ha publicado el primer Comunicado de los Ministros de Desarrollo Urbano de Urban7. Dos de las econom\u00edas m\u00e1s grandes del mundo asumir\u00e1n las presidencias del G20 y del G7. En 2022, Jap\u00f3n era [&hellip;]","og_url":"https:\/\/urbanjournalism.institute\/forecast-es\/forecast-2023\/hacia-un-multilateralismo-en-red\/india-y-japon-centros-para-intensificar-el-multilateralismo-local\/","og_site_name":"Municipal Forecast - Espa\u00f1ol","og_image":[{"url":"https:\/\/urbanjournalism.institute\/forecast\/wp-content\/themes\/forecast\/dist\/assets\/images\/editorial\/page-7-portrait.jpg","type":"","width":"","height":""}],"twitter_card":"summary_large_image","twitter_misc":{"Tiempo de lectura":"3 minutos"},"schema":{"@context":"https:\/\/schema.org","@graph":[{"@type":"WebPage","@id":"https:\/\/urbanjournalism.institute\/forecast-es\/forecast-2023\/hacia-un-multilateralismo-en-red\/india-y-japon-centros-para-intensificar-el-multilateralismo-local\/","url":"https:\/\/urbanjournalism.institute\/forecast-es\/forecast-2023\/hacia-un-multilateralismo-en-red\/india-y-japon-centros-para-intensificar-el-multilateralismo-local\/","name":"India y Jap\u00f3n, nodos para el fortalecimiento del multilateralismo local - Municipal Forecast - Espa\u00f1ol","isPartOf":{"@id":"https:\/\/urbanjournalism.institute\/forecast-es\/#website"},"primaryImageOfPage":{"@id":"https:\/\/urbanjournalism.institute\/forecast-es\/forecast-2023\/hacia-un-multilateralismo-en-red\/india-y-japon-centros-para-intensificar-el-multilateralismo-local\/#primaryimage"},"image":{"@id":"https:\/\/urbanjournalism.institute\/forecast-es\/forecast-2023\/hacia-un-multilateralismo-en-red\/india-y-japon-centros-para-intensificar-el-multilateralismo-local\/#primaryimage"},"thumbnailUrl":"https:\/\/urbanjournalism.institute\/forecast\/wp-content\/themes\/forecast\/dist\/assets\/images\/editorial\/page-7-portrait.jpg","datePublished":"2023-02-20T07:40:05+00:00","breadcrumb":{"@id":"https:\/\/urbanjournalism.institute\/forecast-es\/forecast-2023\/hacia-un-multilateralismo-en-red\/india-y-japon-centros-para-intensificar-el-multilateralismo-local\/#breadcrumb"},"inLanguage":"es","potentialAction":[{"@type":"ReadAction","target":["https:\/\/urbanjournalism.institute\/forecast-es\/forecast-2023\/hacia-un-multilateralismo-en-red\/india-y-japon-centros-para-intensificar-el-multilateralismo-local\/"]}]},{"@type":"ImageObject","inLanguage":"es","@id":"https:\/\/urbanjournalism.institute\/forecast-es\/forecast-2023\/hacia-un-multilateralismo-en-red\/india-y-japon-centros-para-intensificar-el-multilateralismo-local\/#primaryimage","url":"https:\/\/urbanjournalism.institute\/forecast\/wp-content\/themes\/forecast\/dist\/assets\/images\/editorial\/page-7-portrait.jpg","contentUrl":"https:\/\/urbanjournalism.institute\/forecast\/wp-content\/themes\/forecast\/dist\/assets\/images\/editorial\/page-7-portrait.jpg"},{"@type":"BreadcrumbList","@id":"https:\/\/urbanjournalism.institute\/forecast-es\/forecast-2023\/hacia-un-multilateralismo-en-red\/india-y-japon-centros-para-intensificar-el-multilateralismo-local\/#breadcrumb","itemListElement":[{"@type":"ListItem","position":1,"name":"Forecast 2023","item":"https:\/\/urbanjournalism.institute\/forecast-es\/forecast-2023\/"},{"@type":"ListItem","position":2,"name":"Hacia un multilateralismo en red","item":"https:\/\/urbanjournalism.institute\/forecast-es\/forecast-2023\/hacia-un-multilateralismo-en-red\/"},{"@type":"ListItem","position":3,"name":"India y Jap\u00f3n, nodos para el fortalecimiento del multilateralismo local"}]},{"@type":"WebSite","@id":"https:\/\/urbanjournalism.institute\/forecast-es\/#website","url":"https:\/\/urbanjournalism.institute\/forecast-es\/","name":"Municipal Forecast - Espa\u00f1ol","description":"","potentialAction":[{"@type":"SearchAction","target":{"@type":"EntryPoint","urlTemplate":"https:\/\/urbanjournalism.institute\/forecast-es\/?s={search_term_string}"},"query-input":{"@type":"PropertyValueSpecification","valueRequired":true,"valueName":"search_term_string"}}],"inLanguage":"es"}]}},"_links":{"self":[{"href":"https:\/\/urbanjournalism.institute\/forecast-es\/wp-json\/wp\/v2\/pages\/20","targetHints":{"allow":["GET"]}}],"collection":[{"href":"https:\/\/urbanjournalism.institute\/forecast-es\/wp-json\/wp\/v2\/pages"}],"about":[{"href":"https:\/\/urbanjournalism.institute\/forecast-es\/wp-json\/wp\/v2\/types\/page"}],"author":[{"embeddable":true,"href":"https:\/\/urbanjournalism.institute\/forecast-es\/wp-json\/wp\/v2\/users\/1"}],"replies":[{"embeddable":true,"href":"https:\/\/urbanjournalism.institute\/forecast-es\/wp-json\/wp\/v2\/comments?post=20"}],"version-history":[{"count":0,"href":"https:\/\/urbanjournalism.institute\/forecast-es\/wp-json\/wp\/v2\/pages\/20\/revisions"}],"up":[{"embeddable":true,"href":"https:\/\/urbanjournalism.institute\/forecast-es\/wp-json\/wp\/v2\/pages\/18"}],"wp:attachment":[{"href":"https:\/\/urbanjournalism.institute\/forecast-es\/wp-json\/wp\/v2\/media?parent=20"}],"curies":[{"name":"wp","href":"https:\/\/api.w.org\/{rel}","templated":true}]}}