{"id":21,"date":"2023-02-20T07:40:05","date_gmt":"2023-02-20T07:40:05","guid":{"rendered":"https:\/\/urbanjournalism.institute\/forecast\/es\/forecast-2023\/hacia-un-multilateralismo-en-red\/eventos-clave-sobre-el-clima-hacia-una-accion-mas-rapida\/"},"modified":"2023-02-20T07:40:05","modified_gmt":"2023-02-20T07:40:05","slug":"eventos-clave-sobre-el-clima-hacia-una-accion-mas-rapida","status":"publish","type":"page","link":"https:\/\/urbanjournalism.institute\/forecast-es\/forecast-2023\/hacia-un-multilateralismo-en-red\/eventos-clave-sobre-el-clima-hacia-una-accion-mas-rapida\/","title":{"rendered":"Principales eventos clim\u00e1ticos en 2023: hacia una acci\u00f3n m\u00e1s r\u00e1pida"},"content":{"rendered":"\n<header class=\"wp-block-group\"><div class=\"wp-block-group__inner-container is-layout-constrained wp-block-group-is-layout-constrained\">\n<div class=\"wp-block-columns is-layout-flex wp-container-core-columns-is-layout-9d6595d7 wp-block-columns-is-layout-flex\">\n<div class=\"wp-block-column is-layout-flow wp-block-column-is-layout-flow\" style=\"flex-basis:66.66%\">\n<h1 class=\"wp-block-heading\">Principales eventos clim\u00e1ticos en 2023: hacia una acci\u00f3n m\u00e1s r\u00e1pida<\/h1>\n\n\n\n<h4 class=\"wp-block-heading\"><em>Tras el \u00e9xito de la Conferencia de las Naciones Unidas sobre la Biodiversidad (COP15) celebrada en diciembre de 2022, en Montreal, en la que las partes acordaron detener y revertir la p\u00e9rdida de biodiversidad para 2030, mejor\u00f3 el estado de \u00e1nimo. Apenas un mes antes, en la COP27 de Sharm el Sheij (Egipto), se hab\u00eda perdido otra oportunidad de acordar en la escena internacional una acci\u00f3n clim\u00e1tica decisiva.<\/em><\/h4>\n<\/div>\n\n\n\n<div class=\"wp-block-column is-layout-flow wp-block-column-is-layout-flow\" style=\"flex-basis:33.33%\"><\/div>\n<\/div>\n\n\n\n<p><\/p>\n<\/div><\/header>\n\n\n\n<div class=\"wp-block-group\"><div class=\"wp-block-group__inner-container is-layout-constrained wp-block-group-is-layout-constrained\">\n<div class=\"wp-block-columns is-layout-flex wp-container-core-columns-is-layout-9d6595d7 wp-block-columns-is-layout-flex\">\n<div class=\"wp-block-column is-layout-flow wp-block-column-is-layout-flow\" style=\"flex-basis:66.66%\">\n<figure class=\"wp-block-image size-large caption-out\"><img decoding=\"async\" src=\"https:\/\/urbanjournalism.institute\/forecast\/wp-content\/themes\/forecast\/dist\/assets\/images\/editorial\/page-8-portrait.jpg\" alt=\"\" \/><figcaption class=\"wp-element-caption\"><em>Egretta garzetta caminando entre muchas botellas de pl\u00e1stico y basura \u00a9 F.C.G.<\/em><\/figcaption><\/figure>\n<\/div>\n\n\n\n<div class=\"wp-block-column is-layout-flow wp-block-column-is-layout-flow\" style=\"flex-basis:33.33%\">\n<p>Los gobiernos locales y municipales son los que implementan sobre el terreno las pol\u00edticas clim\u00e1ticas. Son los m\u00e1s cercanos a las comunidades y a las personas, y necesitan el apoyo y la financiaci\u00f3n de los gobiernos regionales y nacionales para poner en pr\u00e1ctica numerosas propuestas.<\/p>\n\n\n\n<p>Aunque ahora exista un importante nuevo marco sobre la biodiversidad, la mayor\u00eda de los pa\u00edses no han presentado sus contribuciones determinadas a nivel nacional a los objetivos clim\u00e1ticos del Acuerdo de Par\u00eds. Aqu\u00ed, los gobiernos locales tienen la oportunidad de demostrar que, incluso sin avances diplom\u00e1ticos, se puede (y se debe) actuar m\u00e1s r\u00e1pido en 2023 y en adelante.<\/p>\n\n\n\n<p>La pr\u00f3xima gran conferencia de las Naciones Unidas sobre el clima tendr\u00e1 lugar en noviembre y diciembre de 2023, en los Emiratos \u00c1rabes Unidos. Otros acontecimientos importantes en 2023 son la Conferencia del Agua de la ONU, en marzo, la Conferencia sobre el Cambio Clim\u00e1tico de Bonn, en junio, y la Semana Mundial del Agua, del 27 de agosto al 1 de septiembre. Estos hitos sirven para recordar todo el trabajo que a\u00fan queda por hacer.<\/p>\n\n\n\n<p>Australia y Brasil, por ejemplo, que cambiaron de gobierno el a\u00f1o pasado, han demostrado lo mucho que puede mejorar la pol\u00edtica clim\u00e1tica en poco tiempo. Pero el aut\u00e9ntico trabajo se realiza d\u00eda a d\u00eda en los municipios. Los h\u00e9roes cotidianos (desde alcaldes a empleados p\u00fablicos, ciudadanos concienciados y miembros del sector privado) impulsan ciudades y pueblos m\u00e1s ecol\u00f3gicos, mediante la puesta en marcha de nuevos proyectos y la b\u00fasqueda continua de financiaci\u00f3n. Ellos son la clave para acelerar en 2023 la acci\u00f3n por el clima.<\/p>\n<\/div>\n<\/div>\n<\/div><\/div>\n\n\n\n<figure class=\"wp-block-image size-large\"><img decoding=\"async\" src=\"https:\/\/urbanjournalism.institute\/forecast\/wp-content\/themes\/forecast\/dist\/assets\/images\/editorial\/page-8-landscape.jpg\" alt=\"\" \/><figcaption class=\"wp-element-caption\"><em>Barriada en peligro por el cambio clim\u00e1tico y la subida del nivel del mar \u00a9 Richard Carey<\/em><\/figcaption><\/figure>\n","protected":false},"excerpt":{"rendered":"<p>Principales eventos clim\u00e1ticos en 2023: hacia una acci\u00f3n m\u00e1s r\u00e1pida Tras el \u00e9xito de la Conferencia de las Naciones Unidas sobre la Biodiversidad (COP15) celebrada en diciembre de 2022, en Montreal, en la que las partes acordaron detener y revertir la p\u00e9rdida de biodiversidad para 2030, mejor\u00f3 el estado de \u00e1nimo. Apenas un mes antes, [&hellip;]<\/p>\n","protected":false},"author":1,"featured_media":0,"parent":18,"menu_order":20,"comment_status":"closed","ping_status":"closed","template":"","meta":{"footnotes":""},"class_list":["post-21","page","type-page","status-publish","hentry"],"yoast_head":"<!-- This site is optimized with the Yoast SEO plugin v27.0 - https:\/\/yoast.com\/product\/yoast-seo-wordpress\/ -->\n<title>Principales eventos clim\u00e1ticos en 2023: hacia una acci\u00f3n m\u00e1s r\u00e1pida - Municipal Forecast - Espa\u00f1ol<\/title>\n<meta name=\"robots\" content=\"index, follow, max-snippet:-1, max-image-preview:large, max-video-preview:-1\" \/>\n<link rel=\"canonical\" href=\"https:\/\/urbanjournalism.institute\/forecast-es\/forecast-2023\/hacia-un-multilateralismo-en-red\/eventos-clave-sobre-el-clima-hacia-una-accion-mas-rapida\/\" \/>\n<meta property=\"og:locale\" content=\"es_ES\" \/>\n<meta property=\"og:type\" content=\"article\" \/>\n<meta property=\"og:title\" content=\"Principales eventos clim\u00e1ticos en 2023: hacia una acci\u00f3n m\u00e1s r\u00e1pida - Municipal Forecast - Espa\u00f1ol\" \/>\n<meta property=\"og:description\" content=\"Principales eventos clim\u00e1ticos en 2023: hacia una acci\u00f3n m\u00e1s r\u00e1pida Tras el \u00e9xito de la Conferencia de las Naciones Unidas sobre la Biodiversidad (COP15) celebrada en diciembre de 2022, en Montreal, en la que las partes acordaron detener y revertir la p\u00e9rdida de biodiversidad para 2030, mejor\u00f3 el estado de \u00e1nimo. Apenas un mes antes, [&hellip;]\" \/>\n<meta property=\"og:url\" content=\"https:\/\/urbanjournalism.institute\/forecast-es\/forecast-2023\/hacia-un-multilateralismo-en-red\/eventos-clave-sobre-el-clima-hacia-una-accion-mas-rapida\/\" \/>\n<meta property=\"og:site_name\" content=\"Municipal Forecast - Espa\u00f1ol\" \/>\n<meta property=\"og:image\" content=\"https:\/\/urbanjournalism.institute\/forecast\/wp-content\/themes\/forecast\/dist\/assets\/images\/editorial\/page-8-portrait.jpg\" \/>\n<meta name=\"twitter:card\" content=\"summary_large_image\" \/>\n<meta name=\"twitter:label1\" content=\"Tiempo de lectura\" \/>\n\t<meta name=\"twitter:data1\" content=\"2 minutos\" \/>\n<script type=\"application\/ld+json\" class=\"yoast-schema-graph\">{\"@context\":\"https:\/\/schema.org\",\"@graph\":[{\"@type\":\"WebPage\",\"@id\":\"https:\/\/urbanjournalism.institute\/forecast-es\/forecast-2023\/hacia-un-multilateralismo-en-red\/eventos-clave-sobre-el-clima-hacia-una-accion-mas-rapida\/\",\"url\":\"https:\/\/urbanjournalism.institute\/forecast-es\/forecast-2023\/hacia-un-multilateralismo-en-red\/eventos-clave-sobre-el-clima-hacia-una-accion-mas-rapida\/\",\"name\":\"Principales eventos clim\u00e1ticos en 2023: hacia una acci\u00f3n m\u00e1s r\u00e1pida - Municipal Forecast - Espa\u00f1ol\",\"isPartOf\":{\"@id\":\"https:\/\/urbanjournalism.institute\/forecast-es\/#website\"},\"primaryImageOfPage\":{\"@id\":\"https:\/\/urbanjournalism.institute\/forecast-es\/forecast-2023\/hacia-un-multilateralismo-en-red\/eventos-clave-sobre-el-clima-hacia-una-accion-mas-rapida\/#primaryimage\"},\"image\":{\"@id\":\"https:\/\/urbanjournalism.institute\/forecast-es\/forecast-2023\/hacia-un-multilateralismo-en-red\/eventos-clave-sobre-el-clima-hacia-una-accion-mas-rapida\/#primaryimage\"},\"thumbnailUrl\":\"https:\/\/urbanjournalism.institute\/forecast\/wp-content\/themes\/forecast\/dist\/assets\/images\/editorial\/page-8-portrait.jpg\",\"datePublished\":\"2023-02-20T07:40:05+00:00\",\"breadcrumb\":{\"@id\":\"https:\/\/urbanjournalism.institute\/forecast-es\/forecast-2023\/hacia-un-multilateralismo-en-red\/eventos-clave-sobre-el-clima-hacia-una-accion-mas-rapida\/#breadcrumb\"},\"inLanguage\":\"es\",\"potentialAction\":[{\"@type\":\"ReadAction\",\"target\":[\"https:\/\/urbanjournalism.institute\/forecast-es\/forecast-2023\/hacia-un-multilateralismo-en-red\/eventos-clave-sobre-el-clima-hacia-una-accion-mas-rapida\/\"]}]},{\"@type\":\"ImageObject\",\"inLanguage\":\"es\",\"@id\":\"https:\/\/urbanjournalism.institute\/forecast-es\/forecast-2023\/hacia-un-multilateralismo-en-red\/eventos-clave-sobre-el-clima-hacia-una-accion-mas-rapida\/#primaryimage\",\"url\":\"https:\/\/urbanjournalism.institute\/forecast\/wp-content\/themes\/forecast\/dist\/assets\/images\/editorial\/page-8-portrait.jpg\",\"contentUrl\":\"https:\/\/urbanjournalism.institute\/forecast\/wp-content\/themes\/forecast\/dist\/assets\/images\/editorial\/page-8-portrait.jpg\"},{\"@type\":\"BreadcrumbList\",\"@id\":\"https:\/\/urbanjournalism.institute\/forecast-es\/forecast-2023\/hacia-un-multilateralismo-en-red\/eventos-clave-sobre-el-clima-hacia-una-accion-mas-rapida\/#breadcrumb\",\"itemListElement\":[{\"@type\":\"ListItem\",\"position\":1,\"name\":\"Forecast 2023\",\"item\":\"https:\/\/urbanjournalism.institute\/forecast-es\/forecast-2023\/\"},{\"@type\":\"ListItem\",\"position\":2,\"name\":\"Hacia un multilateralismo en red\",\"item\":\"https:\/\/urbanjournalism.institute\/forecast-es\/forecast-2023\/hacia-un-multilateralismo-en-red\/\"},{\"@type\":\"ListItem\",\"position\":3,\"name\":\"Principales eventos clim\u00e1ticos en 2023: hacia una acci\u00f3n m\u00e1s r\u00e1pida\"}]},{\"@type\":\"WebSite\",\"@id\":\"https:\/\/urbanjournalism.institute\/forecast-es\/#website\",\"url\":\"https:\/\/urbanjournalism.institute\/forecast-es\/\",\"name\":\"Municipal Forecast - Espa\u00f1ol\",\"description\":\"\",\"potentialAction\":[{\"@type\":\"SearchAction\",\"target\":{\"@type\":\"EntryPoint\",\"urlTemplate\":\"https:\/\/urbanjournalism.institute\/forecast-es\/?s={search_term_string}\"},\"query-input\":{\"@type\":\"PropertyValueSpecification\",\"valueRequired\":true,\"valueName\":\"search_term_string\"}}],\"inLanguage\":\"es\"}]}<\/script>\n<!-- \/ Yoast SEO plugin. -->","yoast_head_json":{"title":"Principales eventos clim\u00e1ticos en 2023: hacia una acci\u00f3n m\u00e1s r\u00e1pida - Municipal Forecast - Espa\u00f1ol","robots":{"index":"index","follow":"follow","max-snippet":"max-snippet:-1","max-image-preview":"max-image-preview:large","max-video-preview":"max-video-preview:-1"},"canonical":"https:\/\/urbanjournalism.institute\/forecast-es\/forecast-2023\/hacia-un-multilateralismo-en-red\/eventos-clave-sobre-el-clima-hacia-una-accion-mas-rapida\/","og_locale":"es_ES","og_type":"article","og_title":"Principales eventos clim\u00e1ticos en 2023: hacia una acci\u00f3n m\u00e1s r\u00e1pida - Municipal Forecast - Espa\u00f1ol","og_description":"Principales eventos clim\u00e1ticos en 2023: hacia una acci\u00f3n m\u00e1s r\u00e1pida Tras el \u00e9xito de la Conferencia de las Naciones Unidas sobre la Biodiversidad (COP15) celebrada en diciembre de 2022, en Montreal, en la que las partes acordaron detener y revertir la p\u00e9rdida de biodiversidad para 2030, mejor\u00f3 el estado de \u00e1nimo. Apenas un mes antes, [&hellip;]","og_url":"https:\/\/urbanjournalism.institute\/forecast-es\/forecast-2023\/hacia-un-multilateralismo-en-red\/eventos-clave-sobre-el-clima-hacia-una-accion-mas-rapida\/","og_site_name":"Municipal Forecast - Espa\u00f1ol","og_image":[{"url":"https:\/\/urbanjournalism.institute\/forecast\/wp-content\/themes\/forecast\/dist\/assets\/images\/editorial\/page-8-portrait.jpg","type":"","width":"","height":""}],"twitter_card":"summary_large_image","twitter_misc":{"Tiempo de lectura":"2 minutos"},"schema":{"@context":"https:\/\/schema.org","@graph":[{"@type":"WebPage","@id":"https:\/\/urbanjournalism.institute\/forecast-es\/forecast-2023\/hacia-un-multilateralismo-en-red\/eventos-clave-sobre-el-clima-hacia-una-accion-mas-rapida\/","url":"https:\/\/urbanjournalism.institute\/forecast-es\/forecast-2023\/hacia-un-multilateralismo-en-red\/eventos-clave-sobre-el-clima-hacia-una-accion-mas-rapida\/","name":"Principales eventos clim\u00e1ticos en 2023: hacia una acci\u00f3n m\u00e1s r\u00e1pida - Municipal Forecast - Espa\u00f1ol","isPartOf":{"@id":"https:\/\/urbanjournalism.institute\/forecast-es\/#website"},"primaryImageOfPage":{"@id":"https:\/\/urbanjournalism.institute\/forecast-es\/forecast-2023\/hacia-un-multilateralismo-en-red\/eventos-clave-sobre-el-clima-hacia-una-accion-mas-rapida\/#primaryimage"},"image":{"@id":"https:\/\/urbanjournalism.institute\/forecast-es\/forecast-2023\/hacia-un-multilateralismo-en-red\/eventos-clave-sobre-el-clima-hacia-una-accion-mas-rapida\/#primaryimage"},"thumbnailUrl":"https:\/\/urbanjournalism.institute\/forecast\/wp-content\/themes\/forecast\/dist\/assets\/images\/editorial\/page-8-portrait.jpg","datePublished":"2023-02-20T07:40:05+00:00","breadcrumb":{"@id":"https:\/\/urbanjournalism.institute\/forecast-es\/forecast-2023\/hacia-un-multilateralismo-en-red\/eventos-clave-sobre-el-clima-hacia-una-accion-mas-rapida\/#breadcrumb"},"inLanguage":"es","potentialAction":[{"@type":"ReadAction","target":["https:\/\/urbanjournalism.institute\/forecast-es\/forecast-2023\/hacia-un-multilateralismo-en-red\/eventos-clave-sobre-el-clima-hacia-una-accion-mas-rapida\/"]}]},{"@type":"ImageObject","inLanguage":"es","@id":"https:\/\/urbanjournalism.institute\/forecast-es\/forecast-2023\/hacia-un-multilateralismo-en-red\/eventos-clave-sobre-el-clima-hacia-una-accion-mas-rapida\/#primaryimage","url":"https:\/\/urbanjournalism.institute\/forecast\/wp-content\/themes\/forecast\/dist\/assets\/images\/editorial\/page-8-portrait.jpg","contentUrl":"https:\/\/urbanjournalism.institute\/forecast\/wp-content\/themes\/forecast\/dist\/assets\/images\/editorial\/page-8-portrait.jpg"},{"@type":"BreadcrumbList","@id":"https:\/\/urbanjournalism.institute\/forecast-es\/forecast-2023\/hacia-un-multilateralismo-en-red\/eventos-clave-sobre-el-clima-hacia-una-accion-mas-rapida\/#breadcrumb","itemListElement":[{"@type":"ListItem","position":1,"name":"Forecast 2023","item":"https:\/\/urbanjournalism.institute\/forecast-es\/forecast-2023\/"},{"@type":"ListItem","position":2,"name":"Hacia un multilateralismo en red","item":"https:\/\/urbanjournalism.institute\/forecast-es\/forecast-2023\/hacia-un-multilateralismo-en-red\/"},{"@type":"ListItem","position":3,"name":"Principales eventos clim\u00e1ticos en 2023: hacia una acci\u00f3n m\u00e1s r\u00e1pida"}]},{"@type":"WebSite","@id":"https:\/\/urbanjournalism.institute\/forecast-es\/#website","url":"https:\/\/urbanjournalism.institute\/forecast-es\/","name":"Municipal Forecast - Espa\u00f1ol","description":"","potentialAction":[{"@type":"SearchAction","target":{"@type":"EntryPoint","urlTemplate":"https:\/\/urbanjournalism.institute\/forecast-es\/?s={search_term_string}"},"query-input":{"@type":"PropertyValueSpecification","valueRequired":true,"valueName":"search_term_string"}}],"inLanguage":"es"}]}},"_links":{"self":[{"href":"https:\/\/urbanjournalism.institute\/forecast-es\/wp-json\/wp\/v2\/pages\/21","targetHints":{"allow":["GET"]}}],"collection":[{"href":"https:\/\/urbanjournalism.institute\/forecast-es\/wp-json\/wp\/v2\/pages"}],"about":[{"href":"https:\/\/urbanjournalism.institute\/forecast-es\/wp-json\/wp\/v2\/types\/page"}],"author":[{"embeddable":true,"href":"https:\/\/urbanjournalism.institute\/forecast-es\/wp-json\/wp\/v2\/users\/1"}],"replies":[{"embeddable":true,"href":"https:\/\/urbanjournalism.institute\/forecast-es\/wp-json\/wp\/v2\/comments?post=21"}],"version-history":[{"count":0,"href":"https:\/\/urbanjournalism.institute\/forecast-es\/wp-json\/wp\/v2\/pages\/21\/revisions"}],"up":[{"embeddable":true,"href":"https:\/\/urbanjournalism.institute\/forecast-es\/wp-json\/wp\/v2\/pages\/18"}],"wp:attachment":[{"href":"https:\/\/urbanjournalism.institute\/forecast-es\/wp-json\/wp\/v2\/media?parent=21"}],"curies":[{"name":"wp","href":"https:\/\/api.w.org\/{rel}","templated":true}]}}