{"id":22,"date":"2023-02-20T07:40:05","date_gmt":"2023-02-20T07:40:05","guid":{"rendered":"https:\/\/urbanjournalism.institute\/forecast\/es\/forecast-2023\/hacia-un-multilateralismo-en-red\/el-movimiento-municipal-internacional-adopta-un-plan-estrategico\/"},"modified":"2024-08-26T14:31:00","modified_gmt":"2024-08-26T14:31:00","slug":"el-movimiento-municipal-internacional-adopta-un-plan-estrategico","status":"publish","type":"page","link":"https:\/\/urbanjournalism.institute\/forecast-es\/forecast-2023\/hacia-un-multilateralismo-en-red\/el-movimiento-municipal-internacional-adopta-un-plan-estrategico\/","title":{"rendered":"El movimiento municipal internacional adopta un plan estrat\u00e9gico"},"content":{"rendered":"\n<header class=\"wp-block-group\"><div class=\"wp-block-group__inner-container is-layout-constrained wp-block-group-is-layout-constrained\">\n<div class=\"wp-block-columns is-layout-flex wp-container-core-columns-is-layout-9d6595d7 wp-block-columns-is-layout-flex\">\n<div class=\"wp-block-column is-layout-flow wp-block-column-is-layout-flow\" style=\"flex-basis:66.66%\">\n<h1 class=\"wp-block-heading\">El movimiento municipal internacional adopta un plan estrat\u00e9gico<\/h1>\n<\/div>\n\n\n\n<div class=\"wp-block-column is-layout-flow wp-block-column-is-layout-flow\" style=\"flex-basis:33.33%\"><\/div>\n<\/div>\n\n\n\n<h4 class=\"wp-block-heading\"><em>El Pacto para el Futuro de la Humanidad es una realidad<\/em><\/h4>\n\n\n\n<p><strong><em>Emilia Saiz<\/em><\/strong><br><em>Secretaria general de Ciudades y Gobiernos Locales Unidos (CGLU)<\/em><\/p>\n<\/div><\/header>\n\n\n\n<div class=\"wp-block-group\"><div class=\"wp-block-group__inner-container is-layout-constrained wp-block-group-is-layout-constrained\">\n<div class=\"wp-block-columns is-layout-flex wp-container-core-columns-is-layout-9d6595d7 wp-block-columns-is-layout-flex\">\n<div class=\"wp-block-column is-layout-flow wp-block-column-is-layout-flow\">\n<p>Alcaldes, gobernadores y l\u00edderes locales de todo el mundo son muy conscientes de que nuestro mundo se encuentra en un momento fundacional. La pandemia les situ\u00f3 frente a un escenario sin precedentes, pero tambi\u00e9n les dio un <strong>renovado sentido de prop\u00f3sito para llevar a cabo acciones verdaderamente transformadoras<\/strong>, para superar los actuales niveles de desigualdad, abordar la crisis medioambiental y desafiar la creciente brecha cultural.<\/p>\n\n\n\n<p>En este contexto fue aprobado el Pacto para el Futuro de la Humanidad por la Organizaci\u00f3n Mundial de Ciudades y Gobiernos Locales Unidos, la mayor red mundial de ciudades y gobiernos locales, regionales y metropolitanos y sus asociaciones; heredera de un movimiento centenario basado en la diplomacia de las ciudades y la cooperaci\u00f3n. Es un Pacto para el futuro de las personas, del planeta y del gobierno, adoptado por 345 representantes pol\u00edticos elegidos en una reuni\u00f3n de m\u00e1s de 4.000 l\u00edderes.<\/p>\n\n\n\n<p>En el mayor ejercicio de democracia local del mundo, los \u00f3rganos de gobierno de nuestra Organizaci\u00f3n aprobaron por consenso el Pacto para el Futuro.<\/p>\n\n\n\n<p>Mediante este compromiso, los gobiernos locales y regionales aceptan su papel y responsabilidad decisivos para promover una calidad de vida m\u00e1s igualitaria y sostenible tanto para los ciudadanos como para las comunidades, y para proteger sus derechos a los bienes comunes globales y locales a la vez que se protege el planeta para las generaciones futuras.<\/p>\n<\/div>\n\n\n\n<div class=\"wp-block-column is-layout-flow wp-block-column-is-layout-flow\">\n<p>En definitiva, el Pacto, tal y como afirm\u00f3 la presidenta de CGLU e intendenta de Montevideo, Carolina Cosse, \u00abes el compromiso de los gobiernos locales y regionales con la transformaci\u00f3n sist\u00e9mica a trav\u00e9s de una diplomacia impulsada por el liderazgo feminista y la solidaridad, comprometida con la democracia local y la paz, fiel a los valores de subsidiariedad, igualdad de g\u00e9nero, autogobierno y rendici\u00f3n de cuentas\u00bb.<\/p>\n\n\n\n<p>La aprobaci\u00f3n del Pacto para el Futuro demuestra las aspiraciones de gran alcance del movimiento, garantiza que los gobiernos locales y regionales puedan desempe\u00f1ar su papel dentro de un sistema multilateral renovado para alcanzar las agendas de desarrollo globales, como la Agenda 2030, el Acuerdo de Par\u00eds y la Nueva Agenda Urbana. El movimiento internacional lleva muchas d\u00e9cadas reclamando una plaza en la mesa global y, como predecesores del sistema multilateral estatal que se fund\u00f3 tras la Segunda Guerra Mundial (sus cimientos datan de 1913), se ven a s\u00ed mismos como actores fundamentales para garantizar el tan necesario sistema de gobernanza mundial renovado que sea capaz de ofrecer resultados.<\/p>\n\n\n\n<p>El Pacto tiene una poderosa narrativa que reivindica una humanidad com\u00fan: \u00abRechazamos la codicia, los prejuicios y la divisi\u00f3n, y optamos por situar los cuidados en el centro de nuestro Pacto para el Futuro\u00bb. Los tres ejes del Pacto (Personas, Planeta y Gobierno) ponen de manifiesto el cuidado de los derechos humanos de todas las personas y el cuidado de la integridad de nuestro planeta. Para responder a las expectativas de las generaciones actuales y futuras, y para reafirmar nuestra humanidad com\u00fan.<\/p>\n<\/div>\n<\/div>\n<\/div><\/div>\n\n\n\n<div class=\"wp-block-group narrow-group has-vivid-red-background-color has-background\"><div class=\"wp-block-group__inner-container is-layout-constrained wp-block-group-is-layout-constrained\">\n<p class=\"font-serif fs-6 has-pale-pink-color has-text-color\">El 7.\u00ba Congreso Mundial y Cumbre de L\u00edderes Locales y Regionales de CGLU se clausur\u00f3 el 14 de octubre de 2022 con la adopci\u00f3n del <strong>Pacto para el Futuro de la Humanidad<\/strong>.<\/p>\n\n\n\n<p class=\"font-serif fs-6 has-pale-pink-color has-text-color\">El documento se fundamenta en la profunda comprensi\u00f3n y sentido de la responsabilidad de los miembros de CGLU sobre el papel fundamental que deben desempe\u00f1ar para garantizar \u00abuna calidad de vida m\u00e1s igualitaria y sostenible para la ciudadan\u00eda y las comunidades, para proteger sus derechos a los bienes comunes globales y locales a la vez que se protege el planeta para las generaciones futuras\u00bb.<\/p>\n\n\n\n<p class=\"font-serif fs-6 has-pale-pink-color has-text-color\">Con la aprobaci\u00f3n del Pacto, la organizaci\u00f3n tambi\u00e9n ha reforzado su identidad con el Movimiento Municipal Feminista, el \u00abDerecho a la Ciudad para Todos\u00bb universal, los principios de igualdad de g\u00e9nero y democracia, y la misi\u00f3n de situar los cuidados en el centro de la gobernanza local.<\/p>\n\n\n\n<p class=\"font-serif fs-6 has-pale-pink-color has-text-color\">La relevancia creciente de CGLU en los espacios multilaterales, sobre todo en la \u00faltima d\u00e9cada, seguir\u00e1 siendo un objetivo estrat\u00e9gico, en particular de cara a la Cumbre del Futuro de las Naciones Unidas y las agendas de desarrollo pos2030.<\/p>\n\n\n\n<p class=\"has-pale-pink-color has-text-color\"><a href=\"https:\/\/bit.ly\/40XJ68W\" target=\"_blank\" rel=\"noreferrer noopener\">Puede leer la versi\u00f3n completa del documento aqu\u00ed<\/a><\/p>\n<\/div><\/div>\n\n\n\n<div class=\"wp-block-group\"><div class=\"wp-block-group__inner-container is-layout-constrained wp-block-group-is-layout-constrained\">\n<h4 class=\"wp-block-heading\"><em>Personas, Planeta y Gobierno: Tres ejes para impulsar la transformaci\u00f3n<\/em><\/h4>\n\n\n\n<div class=\"wp-block-columns is-layout-flex wp-container-core-columns-is-layout-9d6595d7 wp-block-columns-is-layout-flex\">\n<div class=\"wp-block-column is-layout-flow wp-block-column-is-layout-flow\" style=\"flex-basis:66.66%\">\n<figure class=\"wp-block-image size-large\"><img decoding=\"async\" src=\"https:\/\/urbanjournalism.institute\/forecast\/wp-content\/themes\/forecast\/dist\/assets\/images\/editorial\/page-9-landscape.jpg\" alt=\"\" \/><figcaption class=\"wp-element-caption\"><em>\u00a9 The World Bank&nbsp;<\/em><\/figcaption><\/figure>\n<\/div>\n\n\n\n<div class=\"wp-block-column is-layout-flow wp-block-column-is-layout-flow\" style=\"flex-basis:33.33%\">\n<p><strong>El Pacto para el Futuro de las Personas<\/strong> se centra en las necesidades de las generaciones actuales y en ampliar los derechos de las futuras al garantizar el acceso a los servicios p\u00fablicos y a los bienes comunes. Al reconocer el impacto de las crecientes desigualdades dentro de las ciudades y entre ellas, el Pacto busca ofrecer equidad y justicia interseccional para todas las personas y lugares.<\/p>\n\n\n\n<p><strong>El Futuro para el Planeta<\/strong> promueve sistemas y formas de vivir en armon\u00eda con nuestro planeta, a la vez que construye resiliencia y sostenibilidad mediante pol\u00edticas que renaturalizan nuestros modelos de producci\u00f3n y consumo, ser\u00e1n piedras angulares cruciales del Pacto para el Futuro, y un esfuerzo que ning\u00fan actor ni nivel de gobierno puede lograr por s\u00ed solo.<\/p>\n\n\n\n<p><strong>El Futuro para el Gobierno<\/strong> se basa en la llamada de nuestras comunidades, que piden cada vez m\u00e1s la transformaci\u00f3n de los sistemas de gobierno. Nos encontramos ante una oportunidad \u00fanica en una generaci\u00f3n de revisar y mejorar nuestras herramientas para responder a los retos a los que nos enfrentamos, y para garantizar que impulsamos una profunda transformaci\u00f3n de nuestras sociedades y nuestros sistemas.<\/p>\n<\/div>\n<\/div>\n<\/div><\/div>\n\n\n\n<div class=\"wp-block-group narrow-group\"><div class=\"wp-block-group__inner-container is-layout-constrained wp-block-group-is-layout-constrained\">\n<h4 class=\"wp-block-heading\"><em>El Pacto para el Futuro: M\u00e1s all\u00e1 de la narrativa<\/em><\/h4>\n\n\n\n<p>En v\u00edsperas de la revisi\u00f3n intermedia en 2023 de la Agenda 2030 y los ODS, y con el mundo pos-2030 en el horizonte, el Pacto aporta la visi\u00f3n para conseguir un mundo que tienda puentes entre las acciones locales y las tendencias globales, y que incorpore las perspectivas territoriales a las agendas globales. El Pacto es una iniciativa global que apuesta por la esperanza, demostrando que otro camino es posible y que, colectivamente, abundan los recursos, la capacidad intelectual, las habilidades y el deseo de hacerlo mejor.<\/p>\n\n\n\n<p>El a\u00f1o 2023 proporciona la oportunidad de poner en marcha un proceso de reflexi\u00f3n colectiva que se base en el legado del movimiento municipal; que adopte sus valores y principios fundacionales (descentralizaci\u00f3n, subsidiariedad, autogobierno, rendici\u00f3n de cuentas), con los Cuidados, la Cultura y los Derechos Humanos como valores transversales hacia una prestaci\u00f3n de servicios p\u00fablicos renovada. Ser\u00e1 el momento de crear alianzas de gran impacto y de fomentar la reflexi\u00f3n colectiva, junto con la sociedad civil, en torno a la estructura y el alcance de los cuatro elementos que facilitan el Pacto para el Futuro: Bienes comunes, Financiaci\u00f3n, Confianza y Renovaci\u00f3n de la arquitectura de gobernanza.<\/p>\n\n\n\n<p>El Pacto, que precede a la Cumbre del Futuro de las Naciones Unidas, es en s\u00ed mismo un paso adelante en los debates que deber\u00e1n conducir al desarrollo de una agenda com\u00fan renovada y ambiciosa que vaya m\u00e1s all\u00e1 de 2030 y mire hacia un futuro m\u00e1s brillante.<\/p>\n\n\n\n<p><em>\u201cLa ambici\u00f3n es que todo el Grupo de Trabajo Global, que lleva la voz de las ciudades y regiones a la esfera internacional, influya en los resultados de la Cumbre del Futuro\u201d.<\/em><\/p>\n<\/div><\/div>\n\n\n\n<blockquote class=\"wp-block-quote has-pale-pink-color has-vivid-red-background-color has-text-color has-background is-layout-flow wp-block-quote-is-layout-flow\">\n<p><strong><em>\u00abUn papel crucial de los gobiernos locales y regionales para un sistema multilateral, renovado, eficiente y en red. Un sistema multilateralista que acepta el hecho de que los desaf\u00edos globales \u00fanicamente pueden afrontarse mediante los desaf\u00edos locales y que, a su vez, los desaf\u00edos locales dependen de los desaf\u00edos globales\u00bb<\/em><\/strong><\/p>\n<cite><br>Pacto para el Futuro de la Humanidad de CGLU<\/cite><\/blockquote>\n","protected":false},"excerpt":{"rendered":"<p>El movimiento municipal internacional adopta un plan estrat\u00e9gico El Pacto para el Futuro de la Humanidad es una realidad Emilia SaizSecretaria general de Ciudades y Gobiernos Locales Unidos (CGLU) Alcaldes, gobernadores y l\u00edderes locales de todo el mundo son muy conscientes de que nuestro mundo se encuentra en un momento fundacional. La pandemia les situ\u00f3 [&hellip;]<\/p>\n","protected":false},"author":1,"featured_media":0,"parent":18,"menu_order":30,"comment_status":"closed","ping_status":"closed","template":"","meta":{"footnotes":""},"class_list":["post-22","page","type-page","status-publish","hentry"],"yoast_head":"<!-- This site is optimized with the Yoast SEO plugin v27.0 - https:\/\/yoast.com\/product\/yoast-seo-wordpress\/ -->\n<title>El movimiento municipal internacional adopta un plan estrat\u00e9gico - Municipal Forecast - Espa\u00f1ol<\/title>\n<meta name=\"robots\" content=\"index, follow, max-snippet:-1, max-image-preview:large, max-video-preview:-1\" \/>\n<link rel=\"canonical\" href=\"https:\/\/urbanjournalism.institute\/forecast-es\/forecast-2023\/hacia-un-multilateralismo-en-red\/el-movimiento-municipal-internacional-adopta-un-plan-estrategico\/\" \/>\n<meta property=\"og:locale\" content=\"es_ES\" \/>\n<meta property=\"og:type\" content=\"article\" \/>\n<meta property=\"og:title\" content=\"El movimiento municipal internacional adopta un plan estrat\u00e9gico - Municipal Forecast - Espa\u00f1ol\" \/>\n<meta property=\"og:description\" content=\"El movimiento municipal internacional adopta un plan estrat\u00e9gico El Pacto para el Futuro de la Humanidad es una realidad Emilia SaizSecretaria general de Ciudades y Gobiernos Locales Unidos (CGLU) Alcaldes, gobernadores y l\u00edderes locales de todo el mundo son muy conscientes de que nuestro mundo se encuentra en un momento fundacional. La pandemia les situ\u00f3 [&hellip;]\" \/>\n<meta property=\"og:url\" content=\"https:\/\/urbanjournalism.institute\/forecast-es\/forecast-2023\/hacia-un-multilateralismo-en-red\/el-movimiento-municipal-internacional-adopta-un-plan-estrategico\/\" \/>\n<meta property=\"og:site_name\" content=\"Municipal Forecast - Espa\u00f1ol\" \/>\n<meta property=\"article:modified_time\" content=\"2024-08-26T14:31:00+00:00\" \/>\n<meta property=\"og:image\" content=\"https:\/\/urbanjournalism.institute\/forecast\/wp-content\/themes\/forecast\/dist\/assets\/images\/editorial\/page-9-landscape.jpg\" \/>\n<meta name=\"twitter:card\" content=\"summary_large_image\" \/>\n<meta name=\"twitter:label1\" content=\"Tiempo de lectura\" \/>\n\t<meta name=\"twitter:data1\" content=\"6 minutos\" \/>\n<script type=\"application\/ld+json\" class=\"yoast-schema-graph\">{\"@context\":\"https:\/\/schema.org\",\"@graph\":[{\"@type\":\"WebPage\",\"@id\":\"https:\/\/urbanjournalism.institute\/forecast-es\/forecast-2023\/hacia-un-multilateralismo-en-red\/el-movimiento-municipal-internacional-adopta-un-plan-estrategico\/\",\"url\":\"https:\/\/urbanjournalism.institute\/forecast-es\/forecast-2023\/hacia-un-multilateralismo-en-red\/el-movimiento-municipal-internacional-adopta-un-plan-estrategico\/\",\"name\":\"El movimiento municipal internacional adopta un plan estrat\u00e9gico - Municipal Forecast - Espa\u00f1ol\",\"isPartOf\":{\"@id\":\"https:\/\/urbanjournalism.institute\/forecast-es\/#website\"},\"primaryImageOfPage\":{\"@id\":\"https:\/\/urbanjournalism.institute\/forecast-es\/forecast-2023\/hacia-un-multilateralismo-en-red\/el-movimiento-municipal-internacional-adopta-un-plan-estrategico\/#primaryimage\"},\"image\":{\"@id\":\"https:\/\/urbanjournalism.institute\/forecast-es\/forecast-2023\/hacia-un-multilateralismo-en-red\/el-movimiento-municipal-internacional-adopta-un-plan-estrategico\/#primaryimage\"},\"thumbnailUrl\":\"https:\/\/urbanjournalism.institute\/forecast\/wp-content\/themes\/forecast\/dist\/assets\/images\/editorial\/page-9-landscape.jpg\",\"datePublished\":\"2023-02-20T07:40:05+00:00\",\"dateModified\":\"2024-08-26T14:31:00+00:00\",\"breadcrumb\":{\"@id\":\"https:\/\/urbanjournalism.institute\/forecast-es\/forecast-2023\/hacia-un-multilateralismo-en-red\/el-movimiento-municipal-internacional-adopta-un-plan-estrategico\/#breadcrumb\"},\"inLanguage\":\"es\",\"potentialAction\":[{\"@type\":\"ReadAction\",\"target\":[\"https:\/\/urbanjournalism.institute\/forecast-es\/forecast-2023\/hacia-un-multilateralismo-en-red\/el-movimiento-municipal-internacional-adopta-un-plan-estrategico\/\"]}]},{\"@type\":\"ImageObject\",\"inLanguage\":\"es\",\"@id\":\"https:\/\/urbanjournalism.institute\/forecast-es\/forecast-2023\/hacia-un-multilateralismo-en-red\/el-movimiento-municipal-internacional-adopta-un-plan-estrategico\/#primaryimage\",\"url\":\"https:\/\/urbanjournalism.institute\/forecast\/wp-content\/themes\/forecast\/dist\/assets\/images\/editorial\/page-9-landscape.jpg\",\"contentUrl\":\"https:\/\/urbanjournalism.institute\/forecast\/wp-content\/themes\/forecast\/dist\/assets\/images\/editorial\/page-9-landscape.jpg\"},{\"@type\":\"BreadcrumbList\",\"@id\":\"https:\/\/urbanjournalism.institute\/forecast-es\/forecast-2023\/hacia-un-multilateralismo-en-red\/el-movimiento-municipal-internacional-adopta-un-plan-estrategico\/#breadcrumb\",\"itemListElement\":[{\"@type\":\"ListItem\",\"position\":1,\"name\":\"Forecast 2023\",\"item\":\"https:\/\/urbanjournalism.institute\/forecast-es\/forecast-2023\/\"},{\"@type\":\"ListItem\",\"position\":2,\"name\":\"Hacia un multilateralismo en red\",\"item\":\"https:\/\/urbanjournalism.institute\/forecast-es\/forecast-2023\/hacia-un-multilateralismo-en-red\/\"},{\"@type\":\"ListItem\",\"position\":3,\"name\":\"El movimiento municipal internacional adopta un plan estrat\u00e9gico\"}]},{\"@type\":\"WebSite\",\"@id\":\"https:\/\/urbanjournalism.institute\/forecast-es\/#website\",\"url\":\"https:\/\/urbanjournalism.institute\/forecast-es\/\",\"name\":\"Municipal Forecast - Espa\u00f1ol\",\"description\":\"\",\"potentialAction\":[{\"@type\":\"SearchAction\",\"target\":{\"@type\":\"EntryPoint\",\"urlTemplate\":\"https:\/\/urbanjournalism.institute\/forecast-es\/?s={search_term_string}\"},\"query-input\":{\"@type\":\"PropertyValueSpecification\",\"valueRequired\":true,\"valueName\":\"search_term_string\"}}],\"inLanguage\":\"es\"}]}<\/script>\n<!-- \/ Yoast SEO plugin. -->","yoast_head_json":{"title":"El movimiento municipal internacional adopta un plan estrat\u00e9gico - Municipal Forecast - Espa\u00f1ol","robots":{"index":"index","follow":"follow","max-snippet":"max-snippet:-1","max-image-preview":"max-image-preview:large","max-video-preview":"max-video-preview:-1"},"canonical":"https:\/\/urbanjournalism.institute\/forecast-es\/forecast-2023\/hacia-un-multilateralismo-en-red\/el-movimiento-municipal-internacional-adopta-un-plan-estrategico\/","og_locale":"es_ES","og_type":"article","og_title":"El movimiento municipal internacional adopta un plan estrat\u00e9gico - Municipal Forecast - Espa\u00f1ol","og_description":"El movimiento municipal internacional adopta un plan estrat\u00e9gico El Pacto para el Futuro de la Humanidad es una realidad Emilia SaizSecretaria general de Ciudades y Gobiernos Locales Unidos (CGLU) Alcaldes, gobernadores y l\u00edderes locales de todo el mundo son muy conscientes de que nuestro mundo se encuentra en un momento fundacional. La pandemia les situ\u00f3 [&hellip;]","og_url":"https:\/\/urbanjournalism.institute\/forecast-es\/forecast-2023\/hacia-un-multilateralismo-en-red\/el-movimiento-municipal-internacional-adopta-un-plan-estrategico\/","og_site_name":"Municipal Forecast - Espa\u00f1ol","article_modified_time":"2024-08-26T14:31:00+00:00","og_image":[{"url":"https:\/\/urbanjournalism.institute\/forecast\/wp-content\/themes\/forecast\/dist\/assets\/images\/editorial\/page-9-landscape.jpg","type":"","width":"","height":""}],"twitter_card":"summary_large_image","twitter_misc":{"Tiempo de lectura":"6 minutos"},"schema":{"@context":"https:\/\/schema.org","@graph":[{"@type":"WebPage","@id":"https:\/\/urbanjournalism.institute\/forecast-es\/forecast-2023\/hacia-un-multilateralismo-en-red\/el-movimiento-municipal-internacional-adopta-un-plan-estrategico\/","url":"https:\/\/urbanjournalism.institute\/forecast-es\/forecast-2023\/hacia-un-multilateralismo-en-red\/el-movimiento-municipal-internacional-adopta-un-plan-estrategico\/","name":"El movimiento municipal internacional adopta un plan estrat\u00e9gico - Municipal Forecast - Espa\u00f1ol","isPartOf":{"@id":"https:\/\/urbanjournalism.institute\/forecast-es\/#website"},"primaryImageOfPage":{"@id":"https:\/\/urbanjournalism.institute\/forecast-es\/forecast-2023\/hacia-un-multilateralismo-en-red\/el-movimiento-municipal-internacional-adopta-un-plan-estrategico\/#primaryimage"},"image":{"@id":"https:\/\/urbanjournalism.institute\/forecast-es\/forecast-2023\/hacia-un-multilateralismo-en-red\/el-movimiento-municipal-internacional-adopta-un-plan-estrategico\/#primaryimage"},"thumbnailUrl":"https:\/\/urbanjournalism.institute\/forecast\/wp-content\/themes\/forecast\/dist\/assets\/images\/editorial\/page-9-landscape.jpg","datePublished":"2023-02-20T07:40:05+00:00","dateModified":"2024-08-26T14:31:00+00:00","breadcrumb":{"@id":"https:\/\/urbanjournalism.institute\/forecast-es\/forecast-2023\/hacia-un-multilateralismo-en-red\/el-movimiento-municipal-internacional-adopta-un-plan-estrategico\/#breadcrumb"},"inLanguage":"es","potentialAction":[{"@type":"ReadAction","target":["https:\/\/urbanjournalism.institute\/forecast-es\/forecast-2023\/hacia-un-multilateralismo-en-red\/el-movimiento-municipal-internacional-adopta-un-plan-estrategico\/"]}]},{"@type":"ImageObject","inLanguage":"es","@id":"https:\/\/urbanjournalism.institute\/forecast-es\/forecast-2023\/hacia-un-multilateralismo-en-red\/el-movimiento-municipal-internacional-adopta-un-plan-estrategico\/#primaryimage","url":"https:\/\/urbanjournalism.institute\/forecast\/wp-content\/themes\/forecast\/dist\/assets\/images\/editorial\/page-9-landscape.jpg","contentUrl":"https:\/\/urbanjournalism.institute\/forecast\/wp-content\/themes\/forecast\/dist\/assets\/images\/editorial\/page-9-landscape.jpg"},{"@type":"BreadcrumbList","@id":"https:\/\/urbanjournalism.institute\/forecast-es\/forecast-2023\/hacia-un-multilateralismo-en-red\/el-movimiento-municipal-internacional-adopta-un-plan-estrategico\/#breadcrumb","itemListElement":[{"@type":"ListItem","position":1,"name":"Forecast 2023","item":"https:\/\/urbanjournalism.institute\/forecast-es\/forecast-2023\/"},{"@type":"ListItem","position":2,"name":"Hacia un multilateralismo en red","item":"https:\/\/urbanjournalism.institute\/forecast-es\/forecast-2023\/hacia-un-multilateralismo-en-red\/"},{"@type":"ListItem","position":3,"name":"El movimiento municipal internacional adopta un plan estrat\u00e9gico"}]},{"@type":"WebSite","@id":"https:\/\/urbanjournalism.institute\/forecast-es\/#website","url":"https:\/\/urbanjournalism.institute\/forecast-es\/","name":"Municipal Forecast - Espa\u00f1ol","description":"","potentialAction":[{"@type":"SearchAction","target":{"@type":"EntryPoint","urlTemplate":"https:\/\/urbanjournalism.institute\/forecast-es\/?s={search_term_string}"},"query-input":{"@type":"PropertyValueSpecification","valueRequired":true,"valueName":"search_term_string"}}],"inLanguage":"es"}]}},"_links":{"self":[{"href":"https:\/\/urbanjournalism.institute\/forecast-es\/wp-json\/wp\/v2\/pages\/22","targetHints":{"allow":["GET"]}}],"collection":[{"href":"https:\/\/urbanjournalism.institute\/forecast-es\/wp-json\/wp\/v2\/pages"}],"about":[{"href":"https:\/\/urbanjournalism.institute\/forecast-es\/wp-json\/wp\/v2\/types\/page"}],"author":[{"embeddable":true,"href":"https:\/\/urbanjournalism.institute\/forecast-es\/wp-json\/wp\/v2\/users\/1"}],"replies":[{"embeddable":true,"href":"https:\/\/urbanjournalism.institute\/forecast-es\/wp-json\/wp\/v2\/comments?post=22"}],"version-history":[{"count":2,"href":"https:\/\/urbanjournalism.institute\/forecast-es\/wp-json\/wp\/v2\/pages\/22\/revisions"}],"predecessor-version":[{"id":262,"href":"https:\/\/urbanjournalism.institute\/forecast-es\/wp-json\/wp\/v2\/pages\/22\/revisions\/262"}],"up":[{"embeddable":true,"href":"https:\/\/urbanjournalism.institute\/forecast-es\/wp-json\/wp\/v2\/pages\/18"}],"wp:attachment":[{"href":"https:\/\/urbanjournalism.institute\/forecast-es\/wp-json\/wp\/v2\/media?parent=22"}],"curies":[{"name":"wp","href":"https:\/\/api.w.org\/{rel}","templated":true}]}}