{"id":24,"date":"2023-02-20T07:40:05","date_gmt":"2023-02-20T07:40:05","guid":{"rendered":"https:\/\/urbanjournalism.institute\/forecast\/es\/forecast-2023\/liderazgo-local\/elecciones-locales-en-2023\/"},"modified":"2023-02-20T07:40:05","modified_gmt":"2023-02-20T07:40:05","slug":"elecciones-locales-en-2023","status":"publish","type":"page","link":"https:\/\/urbanjournalism.institute\/forecast-es\/forecast-2023\/liderazgo-local\/elecciones-locales-en-2023\/","title":{"rendered":"Las elecciones locales en 2023"},"content":{"rendered":"\n<header class=\"wp-block-group\"><div class=\"wp-block-group__inner-container is-layout-constrained wp-block-group-is-layout-constrained\">\n<div class=\"wp-block-columns is-layout-flex wp-container-core-columns-is-layout-9d6595d7 wp-block-columns-is-layout-flex\">\n<div class=\"wp-block-column is-layout-flow wp-block-column-is-layout-flow\" style=\"flex-basis:66.66%\">\n<h1 class=\"wp-block-heading\">Liderazgo Local<\/h1>\n\n\n\n<h2 class=\"wp-block-heading\">Las elecciones locales en 2023<\/h2>\n\n\n\n<h4 class=\"wp-block-heading\"><em>El a\u00f1o 2022 fue ajetreado para la democracia local. La Rep\u00fablica Checa, Islandia, Italia, Nepal, Nueva Zelanda, Per\u00fa, Filipinas, Senegal, Serbia, Eslovaquia, Suecia y la Rep\u00fablica de Corea son algunos de los pa\u00edses que eligieron representantes locales<\/em>.<\/h4>\n<\/div>\n\n\n\n<div class=\"wp-block-column is-layout-flow wp-block-column-is-layout-flow\" style=\"flex-basis:33.33%\"><\/div>\n<\/div>\n<\/div><\/header>\n\n\n\n<figure class=\"wp-block-image size-large banner\"><img decoding=\"async\" src=\"https:\/\/urbanjournalism.institute\/forecast\/wp-content\/themes\/forecast\/dist\/assets\/images\/editorial\/page-10-landscape.jpg\" alt=\"\" \/><figcaption class=\"wp-element-caption\"><em>\u00a9 Laiotz&nbsp;<\/em><\/figcaption><\/figure>\n\n\n\n<div class=\"wp-block-group narrow-group\"><div class=\"wp-block-group__inner-container is-layout-constrained wp-block-group-is-layout-constrained\">\n<p>En 2022, Nepal celebr\u00f3 sus primeras elecciones locales en veinte a\u00f1os. Los ciudadanos nepal\u00edes votaron en seis ciudades metropolitanas, once ciudades submetropolitanas, 276 municipios y 460 municipios rurales. Las elecciones hab\u00edan cobrado a\u00fan m\u00e1s importancia a partir de la aprobaci\u00f3n de la nueva Constituci\u00f3n, en 2015, y de la Ley de Operaciones Locales, en 2017, que transfiri\u00f3 ciertas competencias y responsabilidades a las autoridades locales. Los resultados no tienen precedentes, debido al triunfo de los candidatos independientes frente a los representantes de los partidos pol\u00edticos hist\u00f3ricamente dominantes. Adem\u00e1s, el 41,21 % de los cargos disponibles fue obtenido por mujeres.<\/p>\n\n\n\n<p>Se prev\u00e9 que en 2023 se celebrar\u00e1n elecciones locales en Ecuador, Espa\u00f1a, Guyana, Israel, Noruega, Sri Lanka y Reino Unido. Tambi\u00e9n se elegir\u00e1n los alcaldes de algunas ciudades de los Estados Unidos, como Chicago, Denver, Houston y Filadelfia.<\/p>\n\n\n\n<div style=\"height:56px\" aria-hidden=\"true\" class=\"wp-block-spacer\"><\/div>\n\n\n\n<div class=\"wp-block-columns is-layout-flex wp-container-core-columns-is-layout-9d6595d7 wp-block-columns-is-layout-flex\">\n<div class=\"wp-block-column is-layout-flow wp-block-column-is-layout-flow\">\n<p><strong>Espa\u00f1a afronta en 2023 un intenso ciclo de elecciones democr\u00e1ticas<\/strong><\/p>\n\n\n\n<p>Las elecciones municipales de mayo de 2023 inaugurar\u00e1n el ciclo electoral en Espa\u00f1a. Ese mismo d\u00eda, los ciudadanos tambi\u00e9n votar\u00e1n a los representantes de doce gobiernos regionales: Arag\u00f3n, Principado de Asturias, Islas Baleares, Canarias, Cantabria, Castilla La Mancha, Extremadura, Comunidad de Madrid, Regi\u00f3n de Murcia, Comunidad Foral de Navarra, La Rioja y Comunidad Valenciana. Las elecciones generales nacionales podr\u00edan celebrarse a finales de a\u00f1o, en diciembre, cuando Espa\u00f1a ostentar\u00e1 la presidencia rotatoria de la Uni\u00f3n Europea, a partir del 1 de julio de 2023.<\/p>\n\n\n\n<p>M\u00e1s de 8.000 municipios celebrar\u00e1n las duod\u00e9cimas elecciones locales democr\u00e1ticas en Espa\u00f1a. Las primeras elecciones independientes, tras el periodo en el que el pa\u00eds estuvo gobernado por el dictador Francisco Franco, entre 1936 y 1975, se celebraron en 1979. En la actualidad, m\u00e1s del 80 % de la poblaci\u00f3n espa\u00f1ola, unos cuarenta millones de personas, vive en ciudades. Madrid, Barcelona, Valencia, Sevilla, Zaragoza y M\u00e1laga son las ciudades con mayor poblaci\u00f3n. De estas seis, Barcelona es la \u00fanica gobernada actualmente por una mujer, Ada Colau. Sin embargo, desde 1979 todas las ciudades m\u00e1s grandes de Espa\u00f1a han tenido al menos una alcaldesa.<\/p>\n\n\n\n<figure class=\"wp-block-image size-large caption-out\"><img decoding=\"async\" src=\"https:\/\/urbanjournalism.institute\/forecast\/wp-content\/themes\/forecast\/dist\/assets\/images\/editorial\/page-11-landscape.jpg\" alt=\"\" \/><figcaption class=\"wp-element-caption\"><em>Madrid, Espa\u00f1a<\/em><br><em>\u00a9 Igor Oliyarnik<\/em><\/figcaption><\/figure>\n<\/div>\n\n\n\n<div class=\"wp-block-column is-layout-flow wp-block-column-is-layout-flow\">\n<p>En cuanto a los partidos pol\u00edticos, los dos m\u00e1s importantes son, hist\u00f3ricamente, el Partido Socialista Obrero Espa\u00f1ol (PSOE) y el Partido Popular (PP). En las \u00faltimas elecciones municipales de 2019, el Partido Socialista fue el m\u00e1s votado (casi el 30 %). Le sigui\u00f3 el Partido Popular, con un 22 % de los votos. El an\u00e1lisis de las \u00faltimas cuatro elecciones municipales en Espa\u00f1a muestra que el Partido Socialista fue el m\u00e1s votado en 2007 (35 %), mientras que el Partido Popular recibi\u00f3 el mayor n\u00famero de votos en 2011 (37,5 %). Estas cifras son, en parte, el resultado de la aparici\u00f3n y el crecimiento de partidos m\u00e1s peque\u00f1os, lo que ha fragmentado el voto de la poblaci\u00f3n y ha obligado a que los grupos pol\u00edticos lleguen a m\u00e1s pactos poselectorales que garanticen la gobernabilidad de las ciudades.<\/p>\n\n\n\n<p>Cinco de las seis ciudades m\u00e1s grandes tienen un gobierno de coalici\u00f3n. Barcelona, Sevilla y Valencia est\u00e1n gobernadas por partidos de centroizquierda; Madrid y M\u00e1laga, por partidos de centroderecha, y Zaragoza, dirigida por un alcalde del Partido Popular, gobierna con el apoyo de Ciudadanos, un partido liberal-conservador, y Vox, un partido pol\u00edtico de extrema derecha.<\/p>\n\n\n\n<p>En el caso de los doce gobiernos regionales en que se celebrar\u00e1n elecciones este a\u00f1o, diez de ellos est\u00e1n gobernados actualmente por partidos o coaliciones de centroizquierda, y solo dos (Madrid y Murcia) por partidos o coaliciones de centroderecha.<\/p>\n\n\n\n<p>La ciudad de Madrid estuvo gobernada por el Partido Popular durante casi 25 a\u00f1os, hasta las elecciones municipales de 2015. Manuela Carmena gan\u00f3 las elecciones como l\u00edder de una plataforma ciudadana llamada Ahora Madrid y form\u00f3 gobierno con el apoyo del Partido Socialista. En 2019, la lista m\u00e1s votada fue M\u00e1s Madrid, un nuevo partido pol\u00edtico progresista formado para suceder a Ahora Madrid. Sin embargo, Jos\u00e9 Luis Mart\u00ednez Almeida fue elegido alcalde de Madrid con una coalici\u00f3n formada por el Partido Popular y Ciudadanos.<\/p>\n\n\n\n<p>En Valencia, el Partido Popular gobern\u00f3 la ciudad durante casi 25 a\u00f1os, con Rita Barber\u00e0 como alcaldesa desde 1991. Coalici\u00f3 Comprom\u00eds, una coalici\u00f3n de izquierdas, gan\u00f3 las elecciones en 2015 y pact\u00f3 el gobierno con el Partido Socialista. En 2019, el alcalde Joan Rib\u00f3, de Comprom\u00eds, renov\u00f3 el acuerdo de coalici\u00f3n.<\/p>\n<\/div>\n<\/div>\n\n\n\n<div style=\"height:56px\" aria-hidden=\"true\" class=\"wp-block-spacer\"><\/div>\n\n\n\n<p>En Barcelona, el Partido Socialista gobern\u00f3 la ciudad de 1979 a 2011. Despu\u00e9s de 32 a\u00f1os, gan\u00f3 las elecciones Converg\u00e8ncia i Uni\u00f3, el partido pol\u00edtico nacionalista catal\u00e1n conservador que dirigi\u00f3 el gobierno regional catal\u00e1n de 1979 a 2003. Estuvo en el poder durante un periodo de cuatro a\u00f1os, antes de que un nuevo gobierno progresista volviera al Ayuntamiento de Barcelona. En 2015, la alcaldesa Ada Colau gan\u00f3 las elecciones, liderando una coalici\u00f3n de izquierdas y plataforma ciudadana llamada Barcelona en Com\u00fa. En 2019, aunque no fue la candidata m\u00e1s votada, Colau pact\u00f3 una coalici\u00f3n con el Partido Socialista y fue reelegida alcaldesa.<\/p>\n\n\n\n<p>Sevilla y Zaragoza han vivido varias alternancias pol\u00edticas entre populares y socialistas. En M\u00e1laga, el Partido Popular gobierna la ciudad desde 1995 con el mismo alcalde, Francisco de la Torre, en el cargo desde hace 23 a\u00f1os.<\/p>\n\n\n\n<div style=\"height:56px\" aria-hidden=\"true\" class=\"wp-block-spacer\"><\/div>\n\n\n\n<div class=\"wp-block-columns is-layout-flex wp-container-core-columns-is-layout-9d6595d7 wp-block-columns-is-layout-flex\">\n<div class=\"wp-block-column is-layout-flow wp-block-column-is-layout-flow\">\n<p><strong>En Sri Lanka, aplazadas las elecciones locales de 2022 y confirmadas para 2023<\/strong><\/p>\n\n\n\n<p>Sri Lanka anunci\u00f3 que las elecciones municipales tendr\u00e1n lugar el 9 de marzo de 2023. Se trata de las primeras elecciones a escala nacional tras la intensa crisis econ\u00f3mica y pol\u00edtica a la que se ha enfrentado el pa\u00eds. M\u00e1s de 16,6 millones de esrilanqueses votar\u00e1n para elegir a sus representantes locales.<\/p>\n\n\n\n<p>Las \u00faltimas elecciones locales se celebraron en 2018. El relanzado partido Sri Lanka Podujana Peramuna (SLPP) obtuvo el 40 % de los votos y gobierna en la mayor\u00eda de los ayuntamientos desde entonces. Este es el caso de la capital administrativa del pa\u00eds, Sri Jayawardenapura Kotte, y de la mayor\u00eda de las principales ciudades, como Dehiwala-Mount Lavinia, Moratuwa y Negombo.<\/p>\n\n\n\n<p>Sin embargo, el partido gobernante en Colombo, la capital ejecutiva y judicial, as\u00ed como la ciudad m\u00e1s grande del pa\u00eds, es el Partido Nacional Unido (considerado de centroderecha), con la activista Rosy Senanayake como alcaldesa desde marzo de 2018. Se ha calificado al SLPP como un partido populista, que enfatiza el nacionalismo, el desarrollo econ\u00f3mico y el conservadurismo social.<\/p>\n\n\n\n<figure class=\"wp-block-image size-large caption-out\"><img decoding=\"async\" src=\"https:\/\/urbanjournalism.institute\/forecast\/wp-content\/themes\/forecast\/dist\/assets\/images\/editorial\/page-12-landscape.jpg\" alt=\"\" \/><figcaption class=\"wp-element-caption\"><em>Colombo, Sri Lanka<\/em><br><em>\u00a9 Alex Azabache&nbsp;<\/em><\/figcaption><\/figure>\n<\/div>\n\n\n\n<div class=\"wp-block-column is-layout-flow wp-block-column-is-layout-flow\">\n<figure class=\"wp-block-image size-large caption-out\"><img decoding=\"async\" src=\"https:\/\/urbanjournalism.institute\/forecast\/wp-content\/themes\/forecast\/dist\/assets\/images\/editorial\/page-13-landscape.jpg\" alt=\"\" \/><figcaption class=\"wp-element-caption\"><em>Oslo, Noruega<\/em><br><em>\u00a9 Maria Bobrova<\/em><\/figcaption><\/figure>\n\n\n\n<p><strong>\u00bfSer\u00e1n los resultados de las elecciones locales de Noruega en 2023 un r\u00e9cord de alcaldesas?<\/strong><\/p>\n\n\n\n<p>Noruega celebrar\u00e1 las elecciones locales el 11 de septiembre de 2023. En 2019, el porcentaje de alcaldesas fue el m\u00e1s alto de la historia del pa\u00eds n\u00f3rdico. M\u00e1s de un tercio de los alcaldes electos fueron mujeres. En veinte a\u00f1os, de 1999 a 2019, el porcentaje de alcaldesas se ha m\u00e1s que duplicado.<\/p>\n\n\n\n<p>Las seis ciudades m\u00e1s grandes, que cuentan con casi dos millones de habitantes, est\u00e1n todas dirigidas por mujeres. Bergen, Stavanger, Trondheim, Fredrikstad y Drammen est\u00e1n gobernadas por alcaldesas del Partido Laborista, de centroizquierda. Oslo, la capital y ciudad m\u00e1s grande con diferencia, es la \u00fanica gobernada por el Partido de la Izquierda Socialista.<\/p>\n<\/div>\n<\/div>\n<\/div><\/div>\n","protected":false},"excerpt":{"rendered":"<p>Liderazgo Local Las elecciones locales en 2023 El a\u00f1o 2022 fue ajetreado para la democracia local. La Rep\u00fablica Checa, Islandia, Italia, Nepal, Nueva Zelanda, Per\u00fa, Filipinas, Senegal, Serbia, Eslovaquia, Suecia y la Rep\u00fablica de Corea son algunos de los pa\u00edses que eligieron representantes locales. En 2022, Nepal celebr\u00f3 sus primeras elecciones locales en veinte a\u00f1os. [&hellip;]<\/p>\n","protected":false},"author":1,"featured_media":0,"parent":23,"menu_order":0,"comment_status":"closed","ping_status":"closed","template":"","meta":{"footnotes":""},"class_list":["post-24","page","type-page","status-publish","hentry"],"yoast_head":"<!-- This site is optimized with the Yoast SEO plugin v27.0 - https:\/\/yoast.com\/product\/yoast-seo-wordpress\/ -->\n<title>Las elecciones locales en 2023 - Municipal Forecast - Espa\u00f1ol<\/title>\n<meta name=\"robots\" content=\"index, follow, max-snippet:-1, max-image-preview:large, max-video-preview:-1\" \/>\n<link rel=\"canonical\" href=\"https:\/\/urbanjournalism.institute\/forecast-es\/forecast-2023\/liderazgo-local\/elecciones-locales-en-2023\/\" \/>\n<meta property=\"og:locale\" content=\"es_ES\" \/>\n<meta property=\"og:type\" content=\"article\" \/>\n<meta property=\"og:title\" content=\"Las elecciones locales en 2023 - Municipal Forecast - Espa\u00f1ol\" \/>\n<meta property=\"og:description\" content=\"Liderazgo Local Las elecciones locales en 2023 El a\u00f1o 2022 fue ajetreado para la democracia local. La Rep\u00fablica Checa, Islandia, Italia, Nepal, Nueva Zelanda, Per\u00fa, Filipinas, Senegal, Serbia, Eslovaquia, Suecia y la Rep\u00fablica de Corea son algunos de los pa\u00edses que eligieron representantes locales. En 2022, Nepal celebr\u00f3 sus primeras elecciones locales en veinte a\u00f1os. [&hellip;]\" \/>\n<meta property=\"og:url\" content=\"https:\/\/urbanjournalism.institute\/forecast-es\/forecast-2023\/liderazgo-local\/elecciones-locales-en-2023\/\" \/>\n<meta property=\"og:site_name\" content=\"Municipal Forecast - Espa\u00f1ol\" \/>\n<meta property=\"og:image\" content=\"https:\/\/urbanjournalism.institute\/forecast\/wp-content\/themes\/forecast\/dist\/assets\/images\/editorial\/page-10-landscape.jpg\" \/>\n<meta name=\"twitter:card\" content=\"summary_large_image\" \/>\n<meta name=\"twitter:label1\" content=\"Tiempo de lectura\" \/>\n\t<meta name=\"twitter:data1\" content=\"6 minutos\" \/>\n<script type=\"application\/ld+json\" class=\"yoast-schema-graph\">{\"@context\":\"https:\/\/schema.org\",\"@graph\":[{\"@type\":\"WebPage\",\"@id\":\"https:\/\/urbanjournalism.institute\/forecast-es\/forecast-2023\/liderazgo-local\/elecciones-locales-en-2023\/\",\"url\":\"https:\/\/urbanjournalism.institute\/forecast-es\/forecast-2023\/liderazgo-local\/elecciones-locales-en-2023\/\",\"name\":\"Las elecciones locales en 2023 - Municipal Forecast - Espa\u00f1ol\",\"isPartOf\":{\"@id\":\"https:\/\/urbanjournalism.institute\/forecast-es\/#website\"},\"primaryImageOfPage\":{\"@id\":\"https:\/\/urbanjournalism.institute\/forecast-es\/forecast-2023\/liderazgo-local\/elecciones-locales-en-2023\/#primaryimage\"},\"image\":{\"@id\":\"https:\/\/urbanjournalism.institute\/forecast-es\/forecast-2023\/liderazgo-local\/elecciones-locales-en-2023\/#primaryimage\"},\"thumbnailUrl\":\"https:\/\/urbanjournalism.institute\/forecast\/wp-content\/themes\/forecast\/dist\/assets\/images\/editorial\/page-10-landscape.jpg\",\"datePublished\":\"2023-02-20T07:40:05+00:00\",\"breadcrumb\":{\"@id\":\"https:\/\/urbanjournalism.institute\/forecast-es\/forecast-2023\/liderazgo-local\/elecciones-locales-en-2023\/#breadcrumb\"},\"inLanguage\":\"es\",\"potentialAction\":[{\"@type\":\"ReadAction\",\"target\":[\"https:\/\/urbanjournalism.institute\/forecast-es\/forecast-2023\/liderazgo-local\/elecciones-locales-en-2023\/\"]}]},{\"@type\":\"ImageObject\",\"inLanguage\":\"es\",\"@id\":\"https:\/\/urbanjournalism.institute\/forecast-es\/forecast-2023\/liderazgo-local\/elecciones-locales-en-2023\/#primaryimage\",\"url\":\"https:\/\/urbanjournalism.institute\/forecast\/wp-content\/themes\/forecast\/dist\/assets\/images\/editorial\/page-10-landscape.jpg\",\"contentUrl\":\"https:\/\/urbanjournalism.institute\/forecast\/wp-content\/themes\/forecast\/dist\/assets\/images\/editorial\/page-10-landscape.jpg\"},{\"@type\":\"BreadcrumbList\",\"@id\":\"https:\/\/urbanjournalism.institute\/forecast-es\/forecast-2023\/liderazgo-local\/elecciones-locales-en-2023\/#breadcrumb\",\"itemListElement\":[{\"@type\":\"ListItem\",\"position\":1,\"name\":\"Forecast 2023\",\"item\":\"https:\/\/urbanjournalism.institute\/forecast-es\/forecast-2023\/\"},{\"@type\":\"ListItem\",\"position\":2,\"name\":\"Liderazgo Local\",\"item\":\"https:\/\/urbanjournalism.institute\/forecast-es\/forecast-2023\/liderazgo-local\/\"},{\"@type\":\"ListItem\",\"position\":3,\"name\":\"Las elecciones locales en 2023\"}]},{\"@type\":\"WebSite\",\"@id\":\"https:\/\/urbanjournalism.institute\/forecast-es\/#website\",\"url\":\"https:\/\/urbanjournalism.institute\/forecast-es\/\",\"name\":\"Municipal Forecast - Espa\u00f1ol\",\"description\":\"\",\"potentialAction\":[{\"@type\":\"SearchAction\",\"target\":{\"@type\":\"EntryPoint\",\"urlTemplate\":\"https:\/\/urbanjournalism.institute\/forecast-es\/?s={search_term_string}\"},\"query-input\":{\"@type\":\"PropertyValueSpecification\",\"valueRequired\":true,\"valueName\":\"search_term_string\"}}],\"inLanguage\":\"es\"}]}<\/script>\n<!-- \/ Yoast SEO plugin. -->","yoast_head_json":{"title":"Las elecciones locales en 2023 - Municipal Forecast - Espa\u00f1ol","robots":{"index":"index","follow":"follow","max-snippet":"max-snippet:-1","max-image-preview":"max-image-preview:large","max-video-preview":"max-video-preview:-1"},"canonical":"https:\/\/urbanjournalism.institute\/forecast-es\/forecast-2023\/liderazgo-local\/elecciones-locales-en-2023\/","og_locale":"es_ES","og_type":"article","og_title":"Las elecciones locales en 2023 - Municipal Forecast - Espa\u00f1ol","og_description":"Liderazgo Local Las elecciones locales en 2023 El a\u00f1o 2022 fue ajetreado para la democracia local. La Rep\u00fablica Checa, Islandia, Italia, Nepal, Nueva Zelanda, Per\u00fa, Filipinas, Senegal, Serbia, Eslovaquia, Suecia y la Rep\u00fablica de Corea son algunos de los pa\u00edses que eligieron representantes locales. En 2022, Nepal celebr\u00f3 sus primeras elecciones locales en veinte a\u00f1os. [&hellip;]","og_url":"https:\/\/urbanjournalism.institute\/forecast-es\/forecast-2023\/liderazgo-local\/elecciones-locales-en-2023\/","og_site_name":"Municipal Forecast - Espa\u00f1ol","og_image":[{"url":"https:\/\/urbanjournalism.institute\/forecast\/wp-content\/themes\/forecast\/dist\/assets\/images\/editorial\/page-10-landscape.jpg","type":"","width":"","height":""}],"twitter_card":"summary_large_image","twitter_misc":{"Tiempo de lectura":"6 minutos"},"schema":{"@context":"https:\/\/schema.org","@graph":[{"@type":"WebPage","@id":"https:\/\/urbanjournalism.institute\/forecast-es\/forecast-2023\/liderazgo-local\/elecciones-locales-en-2023\/","url":"https:\/\/urbanjournalism.institute\/forecast-es\/forecast-2023\/liderazgo-local\/elecciones-locales-en-2023\/","name":"Las elecciones locales en 2023 - Municipal Forecast - Espa\u00f1ol","isPartOf":{"@id":"https:\/\/urbanjournalism.institute\/forecast-es\/#website"},"primaryImageOfPage":{"@id":"https:\/\/urbanjournalism.institute\/forecast-es\/forecast-2023\/liderazgo-local\/elecciones-locales-en-2023\/#primaryimage"},"image":{"@id":"https:\/\/urbanjournalism.institute\/forecast-es\/forecast-2023\/liderazgo-local\/elecciones-locales-en-2023\/#primaryimage"},"thumbnailUrl":"https:\/\/urbanjournalism.institute\/forecast\/wp-content\/themes\/forecast\/dist\/assets\/images\/editorial\/page-10-landscape.jpg","datePublished":"2023-02-20T07:40:05+00:00","breadcrumb":{"@id":"https:\/\/urbanjournalism.institute\/forecast-es\/forecast-2023\/liderazgo-local\/elecciones-locales-en-2023\/#breadcrumb"},"inLanguage":"es","potentialAction":[{"@type":"ReadAction","target":["https:\/\/urbanjournalism.institute\/forecast-es\/forecast-2023\/liderazgo-local\/elecciones-locales-en-2023\/"]}]},{"@type":"ImageObject","inLanguage":"es","@id":"https:\/\/urbanjournalism.institute\/forecast-es\/forecast-2023\/liderazgo-local\/elecciones-locales-en-2023\/#primaryimage","url":"https:\/\/urbanjournalism.institute\/forecast\/wp-content\/themes\/forecast\/dist\/assets\/images\/editorial\/page-10-landscape.jpg","contentUrl":"https:\/\/urbanjournalism.institute\/forecast\/wp-content\/themes\/forecast\/dist\/assets\/images\/editorial\/page-10-landscape.jpg"},{"@type":"BreadcrumbList","@id":"https:\/\/urbanjournalism.institute\/forecast-es\/forecast-2023\/liderazgo-local\/elecciones-locales-en-2023\/#breadcrumb","itemListElement":[{"@type":"ListItem","position":1,"name":"Forecast 2023","item":"https:\/\/urbanjournalism.institute\/forecast-es\/forecast-2023\/"},{"@type":"ListItem","position":2,"name":"Liderazgo Local","item":"https:\/\/urbanjournalism.institute\/forecast-es\/forecast-2023\/liderazgo-local\/"},{"@type":"ListItem","position":3,"name":"Las elecciones locales en 2023"}]},{"@type":"WebSite","@id":"https:\/\/urbanjournalism.institute\/forecast-es\/#website","url":"https:\/\/urbanjournalism.institute\/forecast-es\/","name":"Municipal Forecast - Espa\u00f1ol","description":"","potentialAction":[{"@type":"SearchAction","target":{"@type":"EntryPoint","urlTemplate":"https:\/\/urbanjournalism.institute\/forecast-es\/?s={search_term_string}"},"query-input":{"@type":"PropertyValueSpecification","valueRequired":true,"valueName":"search_term_string"}}],"inLanguage":"es"}]}},"_links":{"self":[{"href":"https:\/\/urbanjournalism.institute\/forecast-es\/wp-json\/wp\/v2\/pages\/24","targetHints":{"allow":["GET"]}}],"collection":[{"href":"https:\/\/urbanjournalism.institute\/forecast-es\/wp-json\/wp\/v2\/pages"}],"about":[{"href":"https:\/\/urbanjournalism.institute\/forecast-es\/wp-json\/wp\/v2\/types\/page"}],"author":[{"embeddable":true,"href":"https:\/\/urbanjournalism.institute\/forecast-es\/wp-json\/wp\/v2\/users\/1"}],"replies":[{"embeddable":true,"href":"https:\/\/urbanjournalism.institute\/forecast-es\/wp-json\/wp\/v2\/comments?post=24"}],"version-history":[{"count":0,"href":"https:\/\/urbanjournalism.institute\/forecast-es\/wp-json\/wp\/v2\/pages\/24\/revisions"}],"up":[{"embeddable":true,"href":"https:\/\/urbanjournalism.institute\/forecast-es\/wp-json\/wp\/v2\/pages\/23"}],"wp:attachment":[{"href":"https:\/\/urbanjournalism.institute\/forecast-es\/wp-json\/wp\/v2\/media?parent=24"}],"curies":[{"name":"wp","href":"https:\/\/api.w.org\/{rel}","templated":true}]}}