{"id":27,"date":"2023-02-20T07:40:05","date_gmt":"2023-02-20T07:40:05","guid":{"rendered":"https:\/\/urbanjournalism.institute\/forecast\/es\/forecast-2023\/localizando-la-sostenibilidad\/movimiento-de-revisiones-locales-voluntarias-de-los-ods\/"},"modified":"2024-08-26T14:32:19","modified_gmt":"2024-08-26T14:32:19","slug":"movimiento-de-revisiones-locales-voluntarias-de-los-ods","status":"publish","type":"page","link":"https:\/\/urbanjournalism.institute\/forecast-es\/forecast-2023\/localizando-la-sostenibilidad\/movimiento-de-revisiones-locales-voluntarias-de-los-ods\/","title":{"rendered":"El Movimiento de los Informes Locales Voluntarios"},"content":{"rendered":"\n<div class=\"wp-block-group pt-0\"><div class=\"wp-block-group__inner-container is-layout-constrained wp-block-group-is-layout-constrained\">\n<figure class=\"wp-block-image size-large banner banner-xl\"><img decoding=\"async\" src=\"https:\/\/urbanjournalism.institute\/forecast\/wp-content\/themes\/forecast\/dist\/assets\/images\/editorial\/page-16-square.jpg\" alt=\"\" \/><figcaption class=\"wp-element-caption\"><em>\u00a9&nbsp; lorenzophotoprojects<\/em><\/figcaption><\/figure>\n<\/div><\/div>\n\n\n\n<header class=\"wp-block-group\"><div class=\"wp-block-group__inner-container is-layout-constrained wp-block-group-is-layout-constrained\">\n<h1 class=\"wp-block-heading\">LOCALIZAR LA SOSTENIBILIDAD<\/h1>\n\n\n\n<h2 class=\"wp-block-heading\">El Movimiento de los Informes Locales Voluntarios<\/h2>\n\n\n\n<div class=\"wp-block-columns are-vertically-aligned-bottom is-layout-flex wp-container-core-columns-is-layout-9d6595d7 wp-block-columns-is-layout-flex\">\n<div class=\"wp-block-column is-vertically-aligned-bottom is-layout-flow wp-block-column-is-layout-flow\" style=\"flex-basis:66.66%\">\n<div class=\"wp-block-columns is-layout-flex wp-container-core-columns-is-layout-9d6595d7 wp-block-columns-is-layout-flex\">\n<div class=\"wp-block-column is-layout-flow wp-block-column-is-layout-flow\" style=\"flex-basis:33.33%\"><\/div>\n\n\n\n<div class=\"wp-block-column is-layout-flow wp-block-column-is-layout-flow\" style=\"flex-basis:66.66%\">\n<h4 class=\"wp-block-heading\"><em>Las ciudades, las regiones y sus asociaciones monitorizan cada vez m\u00e1s sus avances en materia de sostenibilidad<\/em><\/h4>\n\n\n\n<p>Cuando se adopt\u00f3 la Agenda 2030, los Estados miembros de las Naciones Unidas se comprometieron a colaborar estrechamente con los gobiernos locales y regionales en la implementaci\u00f3n de los Objetivos de Desarrollo Sostenible (ODS). Desde 2015, las metr\u00f3polis, las ciudades peque\u00f1as, las regiones y sus asociaciones han estado localizando activamente la Agenda 2030. Han acercado los ODS a las personas a las que sirven y han utilizado el documento marco como una herramienta de planificaci\u00f3n y ejecuci\u00f3n.<\/p>\n\n\n\n<p>Como parte de sus mecanismos de seguimiento y revisi\u00f3n, la Agenda 2030 para el Desarrollo Sostenible anima a los Estados miembros a que \u00abrealicen ex\u00e1menes peri\u00f3dicos e inclusivos, liderados e impulsados por los pa\u00edses, de los progresos nacionales y subnacionales\u00bb (p\u00e1rrafo 79). En el p\u00e1rrafo 89 se pide a los grupos principales y otras partes interesadas, incluidas las autoridades locales, que informen sobre sus contribuciones a la implementaci\u00f3n de la Agenda.<\/p>\n<\/div>\n<\/div>\n<\/div>\n\n\n\n<div class=\"wp-block-column is-vertically-aligned-bottom is-layout-flow wp-block-column-is-layout-flow\" style=\"flex-basis:33.33%\">\n<p>Con este esp\u00edritu, los gobiernos locales y regionales participan cada vez m\u00e1s en estos reportes subnacionales sobre la implementaci\u00f3n de los ODS, denominados Informes Locales Voluntarios (VLR, por sus siglas en ingl\u00e9s) e Informes Subnacionales Voluntarios (VSR, por sus siglas en ingl\u00e9s). Aunque los VLR y los VSR no tienen car\u00e1cter oficial, el proceso de realizaci\u00f3n de estas evaluaciones subnacionales aporta m\u00faltiples beneficios a las entidades que participan en ellas, as\u00ed como a la implementaci\u00f3n de los ODS en general. Los VLR y los VSR tambi\u00e9n pueden ayudar a reforzar la coherencia vertical, as\u00ed como complementar y contribuir a los Informes Nacionales Voluntarios (VNR, por sus siglas en ingl\u00e9s) sobre la implementaci\u00f3n de los ODS.<\/p>\n\n\n\n<p>Ya en 2016, varios gobiernos regionales (por ejemplo, la Comunidad Valenciana, Renania del Norte-Westfalia y Euskadi-Pa\u00eds Vasco) presentaron documentos que se consideran las primeras evaluaciones locales. En 2018, la ciudad de Nueva York present\u00f3 el primer Informe Local Voluntario sobre la implementaci\u00f3n de los ODS durante el Foro Pol\u00edtico de Alto Nivel sobre el Desarrollo Sostenible (FPAN), al igual que los municipios japoneses de Kitakyushu, Shimokawa y Toyama. Helsinki les sigui\u00f3 en 2019 y se convirti\u00f3 en la primera ciudad europea en informar sobre los avances en la implementaci\u00f3n de los ODS.<\/p>\n<\/div>\n<\/div>\n\n\n\n<div style=\"height:51px\" aria-hidden=\"true\" class=\"wp-block-spacer\"><\/div>\n<\/div><\/header>\n\n\n\n<div class=\"wp-block-group narrow-group\"><div class=\"wp-block-group__inner-container is-layout-constrained wp-block-group-is-layout-constrained\">\n<div class=\"wp-block-columns are-vertically-aligned-center is-layout-flex wp-container-core-columns-is-layout-9d6595d7 wp-block-columns-is-layout-flex\">\n<div class=\"wp-block-column is-vertically-aligned-center is-layout-flow wp-block-column-is-layout-flow\">\n<figure class=\"wp-block-image size-large\"><img decoding=\"async\" src=\"https:\/\/urbanjournalism.institute\/forecast\/wp-content\/themes\/forecast\/dist\/assets\/images\/editorial\/page-16-portrait.jpg\" alt=\"\" \/><figcaption class=\"wp-element-caption\"><em>S\u00e3o Paulo, Brasil<\/em><br><em>\u00a9 Lucas Silva Pinheiro Santos<\/em><\/figcaption><\/figure>\n<\/div>\n\n\n\n<div class=\"wp-block-column is-vertically-aligned-center is-layout-flow wp-block-column-is-layout-flow\">\n<p>Las asociaciones de gobiernos locales y\/o regionales desarrollan los VSR, facilitados por CGLU desde 2020. Se trata de procesos a escala nacional de elaboraci\u00f3n de informes subnacionales ascendentes, conectados y complementarios a los VNR y presentados por los Estados miembros en el FPAN. Los primeros VSR fueron entregados en 2020 por Ben\u00edn, Costa Rica, Ecuador, Kenia, Mozambique y Nepal como parte de un proyecto piloto.<\/p>\n\n\n\n<p>En 2022, siete a\u00f1os despu\u00e9s de la adopci\u00f3n de los ODS, casi todos los Estados miembros de las Naciones Unidas hab\u00edan presentado sus VNR en el FPAN. Adem\u00e1s, se han llevado a cabo unos 150 Informes Locales Voluntarios, que representan a 350 millones de personas. Las asociaciones de gobiernos locales de 24 pa\u00edses tambi\u00e9n informaron sobre los progresos de sus miembros a trav\u00e9s de los VSR, que en conjunto representan a m\u00e1s de 1.250 millones de habitantes. En 2023, ocho pa\u00edses est\u00e1n preparando sus VSR.<\/p>\n\n\n\n<p>El movimiento VLR est\u00e1 creciendo, ya que los gobiernos locales los consideran una herramienta integrada para un proceso coherente, multinivel y a largo plazo hacia el desarrollo sostenible. Ofrecen una oportunidad \u00fanica para identificar las prioridades adaptadas a los territorios (especialmente en el marco de la implementaci\u00f3n de la Nueva Agenda Urbana); para alinear las inversiones y los recursos a trav\u00e9s de los niveles de gobierno nacional, regional y local; y para comprometerse y cooperar con el sector privado, la sociedad civil y otros actores.<\/p>\n<\/div>\n<\/div>\n<\/div><\/div>\n\n\n\n<div class=\"wp-block-group narrow-group has-pale-pink-background-color has-background\"><div class=\"wp-block-group__inner-container is-layout-constrained wp-block-group-is-layout-constrained\">\n<h2 class=\"wp-block-heading\">\u00bfEst\u00e1 interesado en unirse al movimiento VLR-VSR?<\/h2>\n\n\n\n<h4 class=\"wp-block-heading\"><em>CGLU y ONU-H\u00e1bitat han creado varias herramientas para proporcionar orientaciones, definiciones y apoyo t\u00e9cnico a todos los gobiernos locales y regionales que deseen participar en el proceso de VLR. Estos son algunos de los recursos b\u00e1sicos que no debe perderse:<\/em><\/h4>\n\n\n\n<div class=\"wp-block-columns is-layout-flex wp-container-core-columns-is-layout-9d6595d7 wp-block-columns-is-layout-flex\">\n<div class=\"wp-block-column is-layout-flow wp-block-column-is-layout-flow\">\n<p><strong>Nuevo MOOC sobre los Informes Locales Voluntarios.<\/strong><br>Este nuevo curso en l\u00ednea gratuito es ofrecido por CGLU en colaboraci\u00f3n con el Grupo de Trabajo Global de Gobiernos Locales y Regionales, ONU-H\u00e1bitat, el PNUD y la Diputaci\u00f3n de Barcelona. Incluye v\u00eddeos, infograf\u00edas, cuestionarios y ejemplos pr\u00e1cticos. Puede suscribirse en:<br><a rel=\"noreferrer noopener\" href=\"https:\/\/bit.ly\/3I9gi4G\" target=\"_blank\">https:\/\/bit.ly\/3I9gi4G<\/a>&nbsp;<\/p>\n\n\n\n<p><strong>MOOC sobre los Informes Subnacionales Voluntarios.<\/strong><br>Este curso se centra en el desarrollo de Informes Subnacionales Voluntarios por parte de las asociaciones de gobiernos locales y regionales. Est\u00e1 disponible en:<br><a rel=\"noreferrer noopener\" href=\"https:\/\/bit.ly\/3IpXH5L\" target=\"_blank\">https:\/\/bit.ly\/3IpXH5L<\/a><\/p>\n\n\n\n<p><strong>Gu\u00eda para la elaboraci\u00f3n de Informes Locales Voluntarios.<\/strong><br>Dos publicaciones, tambi\u00e9n elaboradas por CGLU y ONU-H\u00e1bitat dentro de la colecci\u00f3n sobre los VLR. El primer volumen, A Comparative Analysis of Existing VLRs, se public\u00f3 en 2020; y el segundo, Towards a New Generation of VLRs: Exploring the localnational link, en 2022. Ambos documentos est\u00e1n disponibles en l\u00ednea en:<br><a rel=\"noreferrer noopener\" href=\"https:\/\/bit.ly\/uclgvlrguide\" target=\"_blank\"><strong>https:\/\/bit.ly\/uclgvlrguide<\/strong><\/a><\/p>\n<\/div>\n\n\n\n<div class=\"wp-block-column is-layout-flow wp-block-column-is-layout-flow\">\n<p><strong>Gu\u00eda para la elaboraci\u00f3n de Informes Subnacionales Voluntarios.<\/strong><br>Publicada por CGLU en 2021 para ayudar a las asociaciones de gobiernos locales y regionales a informar sobre sus retos y avances generales en la consecuci\u00f3n de los ODS. Est\u00e1 disponible en:<br><a rel=\"noreferrer noopener\" href=\"https:\/\/bit.ly\/unhabitatvlr\" target=\"_blank\"><strong>https:\/\/bit.ly\/unhabitatvlr<\/strong><\/a><\/p>\n\n\n\n<p><strong>Gu\u00eda regional de Asia y el Pac\u00edfico para la elaboraci\u00f3n de Informes Locales Voluntarios.<\/strong><br>Publicada en 2020 por la Comisi\u00f3n Econ\u00f3mica y Social de las Naciones Unidas para Asia y el Pac\u00edfico. Est\u00e1 disponible en:<br><a rel=\"noreferrer noopener\" href=\"https:\/\/bit.ly\/apvlr\" target=\"_blank\"><strong>https:\/\/bit.ly\/apvlr<\/strong><\/a><\/p>\n\n\n\n<p><strong>Gu\u00eda para la elaboraci\u00f3n de Informes Locales Voluntarios en la regi\u00f3n ECE.<\/strong><br>Publicada en 2021 por la Comisi\u00f3n Econ\u00f3mica de las Naciones Unidas para Europa. Est\u00e1 disponible en:&nbsp;<br><a rel=\"noreferrer noopener\" href=\"http:\/\/bit.ly\/unecevlr\" target=\"_blank\"><strong>bit.ly\/unecevlr<\/strong><\/a><\/p>\n\n\n\n<p><strong>Gu\u00eda para la elaboraci\u00f3n de Informes Locales Voluntarios en \u00c1frica.<\/strong><br>Ya han desarrollado sus VLR varias ciudades africanas, como Acra, Ciudad del Cabo, Yaund\u00e9 y Harare. Esta gu\u00eda, publicada en 2022 por CGLU-\u00c1frica, la Comisi\u00f3n Econ\u00f3mica de las Naciones Unidas para \u00c1frica y ONU-H\u00e1bitat, ofrece una plantilla para aquellas ciudades interesadas en preparar un VLR, as\u00ed como ejemplos de experiencias en toda \u00c1frica. Est\u00e1 disponible en:<br><a href=\"https:\/\/bit.ly\/africavlr\"><strong>https:\/\/bit.ly\/africavlr<\/strong><\/a><\/p>\n<\/div>\n<\/div>\n<\/div><\/div>\n","protected":false},"excerpt":{"rendered":"<p>LOCALIZAR LA SOSTENIBILIDAD El Movimiento de los Informes Locales Voluntarios Las ciudades, las regiones y sus asociaciones monitorizan cada vez m\u00e1s sus avances en materia de sostenibilidad Cuando se adopt\u00f3 la Agenda 2030, los Estados miembros de las Naciones Unidas se comprometieron a colaborar estrechamente con los gobiernos locales y regionales en la implementaci\u00f3n de [&hellip;]<\/p>\n","protected":false},"author":1,"featured_media":0,"parent":26,"menu_order":0,"comment_status":"closed","ping_status":"closed","template":"","meta":{"footnotes":""},"class_list":["post-27","page","type-page","status-publish","hentry"],"yoast_head":"<!-- This site is optimized with the Yoast SEO plugin v27.0 - https:\/\/yoast.com\/product\/yoast-seo-wordpress\/ -->\n<title>El Movimiento de los Informes Locales Voluntarios - Municipal Forecast - Espa\u00f1ol<\/title>\n<meta name=\"robots\" content=\"index, follow, max-snippet:-1, max-image-preview:large, max-video-preview:-1\" \/>\n<link rel=\"canonical\" href=\"https:\/\/urbanjournalism.institute\/forecast-es\/forecast-2023\/localizando-la-sostenibilidad\/movimiento-de-revisiones-locales-voluntarias-de-los-ods\/\" \/>\n<meta property=\"og:locale\" content=\"es_ES\" \/>\n<meta property=\"og:type\" content=\"article\" \/>\n<meta property=\"og:title\" content=\"El Movimiento de los Informes Locales Voluntarios - Municipal Forecast - Espa\u00f1ol\" \/>\n<meta property=\"og:description\" content=\"LOCALIZAR LA SOSTENIBILIDAD El Movimiento de los Informes Locales Voluntarios Las ciudades, las regiones y sus asociaciones monitorizan cada vez m\u00e1s sus avances en materia de sostenibilidad Cuando se adopt\u00f3 la Agenda 2030, los Estados miembros de las Naciones Unidas se comprometieron a colaborar estrechamente con los gobiernos locales y regionales en la implementaci\u00f3n de [&hellip;]\" \/>\n<meta property=\"og:url\" content=\"https:\/\/urbanjournalism.institute\/forecast-es\/forecast-2023\/localizando-la-sostenibilidad\/movimiento-de-revisiones-locales-voluntarias-de-los-ods\/\" \/>\n<meta property=\"og:site_name\" content=\"Municipal Forecast - Espa\u00f1ol\" \/>\n<meta property=\"article:modified_time\" content=\"2024-08-26T14:32:19+00:00\" \/>\n<meta property=\"og:image\" content=\"https:\/\/urbanjournalism.institute\/forecast\/wp-content\/themes\/forecast\/dist\/assets\/images\/editorial\/page-16-square.jpg\" \/>\n<meta name=\"twitter:card\" content=\"summary_large_image\" \/>\n<meta name=\"twitter:label1\" content=\"Tiempo de lectura\" \/>\n\t<meta name=\"twitter:data1\" content=\"5 minutos\" \/>\n<script type=\"application\/ld+json\" class=\"yoast-schema-graph\">{\"@context\":\"https:\/\/schema.org\",\"@graph\":[{\"@type\":\"WebPage\",\"@id\":\"https:\/\/urbanjournalism.institute\/forecast-es\/forecast-2023\/localizando-la-sostenibilidad\/movimiento-de-revisiones-locales-voluntarias-de-los-ods\/\",\"url\":\"https:\/\/urbanjournalism.institute\/forecast-es\/forecast-2023\/localizando-la-sostenibilidad\/movimiento-de-revisiones-locales-voluntarias-de-los-ods\/\",\"name\":\"El Movimiento de los Informes Locales Voluntarios - Municipal Forecast - Espa\u00f1ol\",\"isPartOf\":{\"@id\":\"https:\/\/urbanjournalism.institute\/forecast-es\/#website\"},\"primaryImageOfPage\":{\"@id\":\"https:\/\/urbanjournalism.institute\/forecast-es\/forecast-2023\/localizando-la-sostenibilidad\/movimiento-de-revisiones-locales-voluntarias-de-los-ods\/#primaryimage\"},\"image\":{\"@id\":\"https:\/\/urbanjournalism.institute\/forecast-es\/forecast-2023\/localizando-la-sostenibilidad\/movimiento-de-revisiones-locales-voluntarias-de-los-ods\/#primaryimage\"},\"thumbnailUrl\":\"https:\/\/urbanjournalism.institute\/forecast\/wp-content\/themes\/forecast\/dist\/assets\/images\/editorial\/page-16-square.jpg\",\"datePublished\":\"2023-02-20T07:40:05+00:00\",\"dateModified\":\"2024-08-26T14:32:19+00:00\",\"breadcrumb\":{\"@id\":\"https:\/\/urbanjournalism.institute\/forecast-es\/forecast-2023\/localizando-la-sostenibilidad\/movimiento-de-revisiones-locales-voluntarias-de-los-ods\/#breadcrumb\"},\"inLanguage\":\"es\",\"potentialAction\":[{\"@type\":\"ReadAction\",\"target\":[\"https:\/\/urbanjournalism.institute\/forecast-es\/forecast-2023\/localizando-la-sostenibilidad\/movimiento-de-revisiones-locales-voluntarias-de-los-ods\/\"]}]},{\"@type\":\"ImageObject\",\"inLanguage\":\"es\",\"@id\":\"https:\/\/urbanjournalism.institute\/forecast-es\/forecast-2023\/localizando-la-sostenibilidad\/movimiento-de-revisiones-locales-voluntarias-de-los-ods\/#primaryimage\",\"url\":\"https:\/\/urbanjournalism.institute\/forecast\/wp-content\/themes\/forecast\/dist\/assets\/images\/editorial\/page-16-square.jpg\",\"contentUrl\":\"https:\/\/urbanjournalism.institute\/forecast\/wp-content\/themes\/forecast\/dist\/assets\/images\/editorial\/page-16-square.jpg\"},{\"@type\":\"BreadcrumbList\",\"@id\":\"https:\/\/urbanjournalism.institute\/forecast-es\/forecast-2023\/localizando-la-sostenibilidad\/movimiento-de-revisiones-locales-voluntarias-de-los-ods\/#breadcrumb\",\"itemListElement\":[{\"@type\":\"ListItem\",\"position\":1,\"name\":\"Forecast 2023\",\"item\":\"https:\/\/urbanjournalism.institute\/forecast-es\/forecast-2023\/\"},{\"@type\":\"ListItem\",\"position\":2,\"name\":\"Localizando la sostenibilidad\",\"item\":\"https:\/\/urbanjournalism.institute\/forecast-es\/forecast-2023\/localizando-la-sostenibilidad\/\"},{\"@type\":\"ListItem\",\"position\":3,\"name\":\"El Movimiento de los Informes Locales Voluntarios\"}]},{\"@type\":\"WebSite\",\"@id\":\"https:\/\/urbanjournalism.institute\/forecast-es\/#website\",\"url\":\"https:\/\/urbanjournalism.institute\/forecast-es\/\",\"name\":\"Municipal Forecast - Espa\u00f1ol\",\"description\":\"\",\"potentialAction\":[{\"@type\":\"SearchAction\",\"target\":{\"@type\":\"EntryPoint\",\"urlTemplate\":\"https:\/\/urbanjournalism.institute\/forecast-es\/?s={search_term_string}\"},\"query-input\":{\"@type\":\"PropertyValueSpecification\",\"valueRequired\":true,\"valueName\":\"search_term_string\"}}],\"inLanguage\":\"es\"}]}<\/script>\n<!-- \/ Yoast SEO plugin. -->","yoast_head_json":{"title":"El Movimiento de los Informes Locales Voluntarios - Municipal Forecast - Espa\u00f1ol","robots":{"index":"index","follow":"follow","max-snippet":"max-snippet:-1","max-image-preview":"max-image-preview:large","max-video-preview":"max-video-preview:-1"},"canonical":"https:\/\/urbanjournalism.institute\/forecast-es\/forecast-2023\/localizando-la-sostenibilidad\/movimiento-de-revisiones-locales-voluntarias-de-los-ods\/","og_locale":"es_ES","og_type":"article","og_title":"El Movimiento de los Informes Locales Voluntarios - Municipal Forecast - Espa\u00f1ol","og_description":"LOCALIZAR LA SOSTENIBILIDAD El Movimiento de los Informes Locales Voluntarios Las ciudades, las regiones y sus asociaciones monitorizan cada vez m\u00e1s sus avances en materia de sostenibilidad Cuando se adopt\u00f3 la Agenda 2030, los Estados miembros de las Naciones Unidas se comprometieron a colaborar estrechamente con los gobiernos locales y regionales en la implementaci\u00f3n de [&hellip;]","og_url":"https:\/\/urbanjournalism.institute\/forecast-es\/forecast-2023\/localizando-la-sostenibilidad\/movimiento-de-revisiones-locales-voluntarias-de-los-ods\/","og_site_name":"Municipal Forecast - Espa\u00f1ol","article_modified_time":"2024-08-26T14:32:19+00:00","og_image":[{"url":"https:\/\/urbanjournalism.institute\/forecast\/wp-content\/themes\/forecast\/dist\/assets\/images\/editorial\/page-16-square.jpg","type":"","width":"","height":""}],"twitter_card":"summary_large_image","twitter_misc":{"Tiempo de lectura":"5 minutos"},"schema":{"@context":"https:\/\/schema.org","@graph":[{"@type":"WebPage","@id":"https:\/\/urbanjournalism.institute\/forecast-es\/forecast-2023\/localizando-la-sostenibilidad\/movimiento-de-revisiones-locales-voluntarias-de-los-ods\/","url":"https:\/\/urbanjournalism.institute\/forecast-es\/forecast-2023\/localizando-la-sostenibilidad\/movimiento-de-revisiones-locales-voluntarias-de-los-ods\/","name":"El Movimiento de los Informes Locales Voluntarios - Municipal Forecast - Espa\u00f1ol","isPartOf":{"@id":"https:\/\/urbanjournalism.institute\/forecast-es\/#website"},"primaryImageOfPage":{"@id":"https:\/\/urbanjournalism.institute\/forecast-es\/forecast-2023\/localizando-la-sostenibilidad\/movimiento-de-revisiones-locales-voluntarias-de-los-ods\/#primaryimage"},"image":{"@id":"https:\/\/urbanjournalism.institute\/forecast-es\/forecast-2023\/localizando-la-sostenibilidad\/movimiento-de-revisiones-locales-voluntarias-de-los-ods\/#primaryimage"},"thumbnailUrl":"https:\/\/urbanjournalism.institute\/forecast\/wp-content\/themes\/forecast\/dist\/assets\/images\/editorial\/page-16-square.jpg","datePublished":"2023-02-20T07:40:05+00:00","dateModified":"2024-08-26T14:32:19+00:00","breadcrumb":{"@id":"https:\/\/urbanjournalism.institute\/forecast-es\/forecast-2023\/localizando-la-sostenibilidad\/movimiento-de-revisiones-locales-voluntarias-de-los-ods\/#breadcrumb"},"inLanguage":"es","potentialAction":[{"@type":"ReadAction","target":["https:\/\/urbanjournalism.institute\/forecast-es\/forecast-2023\/localizando-la-sostenibilidad\/movimiento-de-revisiones-locales-voluntarias-de-los-ods\/"]}]},{"@type":"ImageObject","inLanguage":"es","@id":"https:\/\/urbanjournalism.institute\/forecast-es\/forecast-2023\/localizando-la-sostenibilidad\/movimiento-de-revisiones-locales-voluntarias-de-los-ods\/#primaryimage","url":"https:\/\/urbanjournalism.institute\/forecast\/wp-content\/themes\/forecast\/dist\/assets\/images\/editorial\/page-16-square.jpg","contentUrl":"https:\/\/urbanjournalism.institute\/forecast\/wp-content\/themes\/forecast\/dist\/assets\/images\/editorial\/page-16-square.jpg"},{"@type":"BreadcrumbList","@id":"https:\/\/urbanjournalism.institute\/forecast-es\/forecast-2023\/localizando-la-sostenibilidad\/movimiento-de-revisiones-locales-voluntarias-de-los-ods\/#breadcrumb","itemListElement":[{"@type":"ListItem","position":1,"name":"Forecast 2023","item":"https:\/\/urbanjournalism.institute\/forecast-es\/forecast-2023\/"},{"@type":"ListItem","position":2,"name":"Localizando la sostenibilidad","item":"https:\/\/urbanjournalism.institute\/forecast-es\/forecast-2023\/localizando-la-sostenibilidad\/"},{"@type":"ListItem","position":3,"name":"El Movimiento de los Informes Locales Voluntarios"}]},{"@type":"WebSite","@id":"https:\/\/urbanjournalism.institute\/forecast-es\/#website","url":"https:\/\/urbanjournalism.institute\/forecast-es\/","name":"Municipal Forecast - Espa\u00f1ol","description":"","potentialAction":[{"@type":"SearchAction","target":{"@type":"EntryPoint","urlTemplate":"https:\/\/urbanjournalism.institute\/forecast-es\/?s={search_term_string}"},"query-input":{"@type":"PropertyValueSpecification","valueRequired":true,"valueName":"search_term_string"}}],"inLanguage":"es"}]}},"_links":{"self":[{"href":"https:\/\/urbanjournalism.institute\/forecast-es\/wp-json\/wp\/v2\/pages\/27","targetHints":{"allow":["GET"]}}],"collection":[{"href":"https:\/\/urbanjournalism.institute\/forecast-es\/wp-json\/wp\/v2\/pages"}],"about":[{"href":"https:\/\/urbanjournalism.institute\/forecast-es\/wp-json\/wp\/v2\/types\/page"}],"author":[{"embeddable":true,"href":"https:\/\/urbanjournalism.institute\/forecast-es\/wp-json\/wp\/v2\/users\/1"}],"replies":[{"embeddable":true,"href":"https:\/\/urbanjournalism.institute\/forecast-es\/wp-json\/wp\/v2\/comments?post=27"}],"version-history":[{"count":1,"href":"https:\/\/urbanjournalism.institute\/forecast-es\/wp-json\/wp\/v2\/pages\/27\/revisions"}],"predecessor-version":[{"id":263,"href":"https:\/\/urbanjournalism.institute\/forecast-es\/wp-json\/wp\/v2\/pages\/27\/revisions\/263"}],"up":[{"embeddable":true,"href":"https:\/\/urbanjournalism.institute\/forecast-es\/wp-json\/wp\/v2\/pages\/26"}],"wp:attachment":[{"href":"https:\/\/urbanjournalism.institute\/forecast-es\/wp-json\/wp\/v2\/media?parent=27"}],"curies":[{"name":"wp","href":"https:\/\/api.w.org\/{rel}","templated":true}]}}