{"id":28,"date":"2023-02-20T07:40:05","date_gmt":"2023-02-20T07:40:05","guid":{"rendered":"https:\/\/urbanjournalism.institute\/forecast\/es\/forecast-2023\/localizando-la-sostenibilidad\/el-sector-turistico-como-acelerador-de-la-accesibilidad\/"},"modified":"2023-02-20T07:40:05","modified_gmt":"2023-02-20T07:40:05","slug":"el-sector-turistico-como-acelerador-de-la-accesibilidad","status":"publish","type":"page","link":"https:\/\/urbanjournalism.institute\/forecast-es\/forecast-2023\/localizando-la-sostenibilidad\/el-sector-turistico-como-acelerador-de-la-accesibilidad\/","title":{"rendered":"El sector del turismo como acelerador de la accesibilidad"},"content":{"rendered":"\n<figure class=\"wp-block-image size-large banner\"><img decoding=\"async\" src=\"https:\/\/urbanjournalism.institute\/forecast\/wp-content\/themes\/forecast\/dist\/assets\/images\/editorial\/page-17.jpg\" alt=\"\" \/><figcaption class=\"wp-element-caption\"><em>Rampa de accesibilidad de un edificio \u00a9 Thanh<\/em><\/figcaption><\/figure>\n\n\n\n<div class=\"wp-block-group\"><div class=\"wp-block-group__inner-container is-layout-constrained wp-block-group-is-layout-constrained\">\n<header class=\"wp-block-group\"><div class=\"wp-block-group__inner-container is-layout-constrained wp-block-group-is-layout-constrained\">\n<h1 class=\"wp-block-heading\">El sector del turismo como acelerador de la accesibilidad<\/h1>\n\n\n\n<div style=\"height:25px\" aria-hidden=\"true\" class=\"wp-block-spacer\"><\/div>\n<\/div><\/header>\n\n\n\n<div class=\"wp-block-columns is-layout-flex wp-container-core-columns-is-layout-9d6595d7 wp-block-columns-is-layout-flex\">\n<div class=\"wp-block-column is-layout-flow wp-block-column-is-layout-flow\">\n<p>El 16 % de la poblaci\u00f3n mundial (1.300 millones de personas) tiene una discapacidad significativa, seg\u00fan los datos de diciembre de 2022 de la Organizaci\u00f3n Mundial de la Salud (OMS). Esto significa que una de cada seis personas en todo el mundo es discapacitada. El Banco Mundial calcul\u00f3 en 2021 que alrededor del 80 % de la poblaci\u00f3n con discapacidad vive en pa\u00edses en desarrollo.<\/p>\n\n\n\n<p>Aunque algunas ciudades han aumentado sus inversiones en edificios p\u00fablicos y sistemas de transporte accesibles, a\u00fan quedan muchos retos por superar, como las instalaciones sanitarias poco adecuadas, las infraestructuras tecnol\u00f3gicas y la capacitaci\u00f3n de las personas con discapacidad como parte de la planificaci\u00f3n urbana y territorial. Organizaciones como World Enabled y la Uni\u00f3n Mundial de Ciegos han trabajado en el desarrollo urbano inclusivo y accesible a trav\u00e9s de varios programas y campa\u00f1as, como Cities for All. La iniciativa Amsterdam for All, presentada en 2022, es un ejemplo de estos esfuerzos.<\/p>\n\n\n\n<p>Uno de los principales sectores econ\u00f3micos que pueden acelerar la inclusi\u00f3n y beneficiarse de ella es el de la hosteler\u00eda y el turismo. La accesibilidad de las instalaciones, productos y servicios tur\u00edsticos para todas las personas deber\u00eda ser un elemento central de cualquier pol\u00edtica tur\u00edstica responsable y sostenible.<\/p>\n<\/div>\n\n\n\n<div class=\"wp-block-column is-layout-flow wp-block-column-is-layout-flow\">\n<p>La accesibilidad es un derecho humano, y los destinos y las empresas deber\u00edan acoger a todos los visitantes, ya que, en \u00faltima instancia, sus ingresos aumentar\u00edan.<\/p>\n\n\n\n<p>La Organizaci\u00f3n Mundial del Turismo de las Naciones Unidas (OMT), la Fundaci\u00f3n ONCE y la Asociaci\u00f3n Espa\u00f1ola de Normalizaci\u00f3n (UNE) han publicado recientemente una gu\u00eda del usuario para la aplicaci\u00f3n de las normas internacionales en las empresas de alojamiento, bebidas y alimentaci\u00f3n y MICE (reuniones, incentivos, conferencias y exposiciones). Estas nuevas recomendaciones deber\u00edan ser \u00fatiles como punto de partida para que las ciudades eval\u00faen sus niveles de accesibilidad, as\u00ed como para desarrollar o adaptar los servicios y experiencias accesibles que estos sectores ofrecen.<\/p>\n\n\n\n<p>En el marco de colaboraci\u00f3n entre la OMT y las Organizaciones de Personas con Discapacidad (OPD), se han publicado varios Manuales sobre Turismo Accesible para Todos con el fin de ayudar a los agentes del sector tur\u00edstico a mejorar la accesibilidad de los destinos, instalaciones y servicios tur\u00edsticos en todo el mundo. Algunos ejemplos son Gondolas for All, una iniciativa que hace que las g\u00f3ndolas sean accesibles para todas las personas, o Wesemann Travel, que asiste a viajeros sordos europeos que visitan comunidades sordas de pa\u00edses en desarrollo.<\/p>\n<\/div>\n\n\n\n<div class=\"wp-block-column is-layout-flow wp-block-column-is-layout-flow\">\n<p>Uno de los portales en l\u00ednea que hace posible los viajes para todos es Ruta Accessible. La web ofrece informaci\u00f3n sobre varios pa\u00edses para viajeros con movilidad reducida. Adem\u00e1s, dentro del proyecto Capital Europea de la Cultura en 2022, Novi Sad evalu\u00f3 la accesibilidad de todas las infraestructuras relacionadas con la cultura en la ciudad y aplic\u00f3 los ajustes recomendados para permitir el acceso de todas las personas a la programaci\u00f3n cultural.<\/p>\n\n\n\n<p>El Gobierno de Queensland declar\u00f3 2023 A\u00f1o del Turismo Accesible y cre\u00f3 la Alianza Australiana de Turismo Accesible en colaboraci\u00f3n con una organizaci\u00f3n sin \u00e1nimo de lucro, Spinal Life Australia. El Gobierno de Gales anunci\u00f3 una partida financiera destinada a que las autoridades locales mejoren en el periodo 2023-2025 las infraestructuras tur\u00edsticas a peque\u00f1a escala, incluida la accesibilidad.<\/p>\n\n\n\n<p>La contribuci\u00f3n del sector tur\u00edstico a los ODS y a su agenda inclusiva es fundamental. El turismo represent\u00f3 el 6,1 % del PIB mundial en 2021, un a\u00f1o con la pandemia de la COVID-19. Se espera que en 2023 las visitas de turistas internacionales aumenten un 30 %. Es vital que los gobiernos y las empresas del sector de los viajes trabajen para satisfacer las necesidades de accesibilidad a nivel mundial.<\/p>\n<\/div>\n<\/div>\n<\/div><\/div>\n","protected":false},"excerpt":{"rendered":"<p>El sector del turismo como acelerador de la accesibilidad El 16 % de la poblaci\u00f3n mundial (1.300 millones de personas) tiene una discapacidad significativa, seg\u00fan los datos de diciembre de 2022 de la Organizaci\u00f3n Mundial de la Salud (OMS). Esto significa que una de cada seis personas en todo el mundo es discapacitada. El Banco [&hellip;]<\/p>\n","protected":false},"author":1,"featured_media":0,"parent":26,"menu_order":10,"comment_status":"closed","ping_status":"closed","template":"","meta":{"footnotes":""},"class_list":["post-28","page","type-page","status-publish","hentry"],"yoast_head":"<!-- This site is optimized with the Yoast SEO plugin v27.0 - https:\/\/yoast.com\/product\/yoast-seo-wordpress\/ -->\n<title>El sector del turismo como acelerador de la accesibilidad - Municipal Forecast - Espa\u00f1ol<\/title>\n<meta name=\"robots\" content=\"index, follow, max-snippet:-1, max-image-preview:large, max-video-preview:-1\" \/>\n<link rel=\"canonical\" href=\"https:\/\/urbanjournalism.institute\/forecast-es\/forecast-2023\/localizando-la-sostenibilidad\/el-sector-turistico-como-acelerador-de-la-accesibilidad\/\" \/>\n<meta property=\"og:locale\" content=\"es_ES\" \/>\n<meta property=\"og:type\" content=\"article\" \/>\n<meta property=\"og:title\" content=\"El sector del turismo como acelerador de la accesibilidad - Municipal Forecast - Espa\u00f1ol\" \/>\n<meta property=\"og:description\" content=\"El sector del turismo como acelerador de la accesibilidad El 16 % de la poblaci\u00f3n mundial (1.300 millones de personas) tiene una discapacidad significativa, seg\u00fan los datos de diciembre de 2022 de la Organizaci\u00f3n Mundial de la Salud (OMS). Esto significa que una de cada seis personas en todo el mundo es discapacitada. El Banco [&hellip;]\" \/>\n<meta property=\"og:url\" content=\"https:\/\/urbanjournalism.institute\/forecast-es\/forecast-2023\/localizando-la-sostenibilidad\/el-sector-turistico-como-acelerador-de-la-accesibilidad\/\" \/>\n<meta property=\"og:site_name\" content=\"Municipal Forecast - Espa\u00f1ol\" \/>\n<meta property=\"og:image\" content=\"https:\/\/urbanjournalism.institute\/forecast\/wp-content\/themes\/forecast\/dist\/assets\/images\/editorial\/page-17.jpg\" \/>\n<meta name=\"twitter:card\" content=\"summary_large_image\" \/>\n<meta name=\"twitter:label1\" content=\"Tiempo de lectura\" \/>\n\t<meta name=\"twitter:data1\" content=\"3 minutos\" \/>\n<script type=\"application\/ld+json\" class=\"yoast-schema-graph\">{\"@context\":\"https:\/\/schema.org\",\"@graph\":[{\"@type\":\"WebPage\",\"@id\":\"https:\/\/urbanjournalism.institute\/forecast-es\/forecast-2023\/localizando-la-sostenibilidad\/el-sector-turistico-como-acelerador-de-la-accesibilidad\/\",\"url\":\"https:\/\/urbanjournalism.institute\/forecast-es\/forecast-2023\/localizando-la-sostenibilidad\/el-sector-turistico-como-acelerador-de-la-accesibilidad\/\",\"name\":\"El sector del turismo como acelerador de la accesibilidad - Municipal Forecast - Espa\u00f1ol\",\"isPartOf\":{\"@id\":\"https:\/\/urbanjournalism.institute\/forecast-es\/#website\"},\"primaryImageOfPage\":{\"@id\":\"https:\/\/urbanjournalism.institute\/forecast-es\/forecast-2023\/localizando-la-sostenibilidad\/el-sector-turistico-como-acelerador-de-la-accesibilidad\/#primaryimage\"},\"image\":{\"@id\":\"https:\/\/urbanjournalism.institute\/forecast-es\/forecast-2023\/localizando-la-sostenibilidad\/el-sector-turistico-como-acelerador-de-la-accesibilidad\/#primaryimage\"},\"thumbnailUrl\":\"https:\/\/urbanjournalism.institute\/forecast\/wp-content\/themes\/forecast\/dist\/assets\/images\/editorial\/page-17.jpg\",\"datePublished\":\"2023-02-20T07:40:05+00:00\",\"breadcrumb\":{\"@id\":\"https:\/\/urbanjournalism.institute\/forecast-es\/forecast-2023\/localizando-la-sostenibilidad\/el-sector-turistico-como-acelerador-de-la-accesibilidad\/#breadcrumb\"},\"inLanguage\":\"es\",\"potentialAction\":[{\"@type\":\"ReadAction\",\"target\":[\"https:\/\/urbanjournalism.institute\/forecast-es\/forecast-2023\/localizando-la-sostenibilidad\/el-sector-turistico-como-acelerador-de-la-accesibilidad\/\"]}]},{\"@type\":\"ImageObject\",\"inLanguage\":\"es\",\"@id\":\"https:\/\/urbanjournalism.institute\/forecast-es\/forecast-2023\/localizando-la-sostenibilidad\/el-sector-turistico-como-acelerador-de-la-accesibilidad\/#primaryimage\",\"url\":\"https:\/\/urbanjournalism.institute\/forecast\/wp-content\/themes\/forecast\/dist\/assets\/images\/editorial\/page-17.jpg\",\"contentUrl\":\"https:\/\/urbanjournalism.institute\/forecast\/wp-content\/themes\/forecast\/dist\/assets\/images\/editorial\/page-17.jpg\"},{\"@type\":\"BreadcrumbList\",\"@id\":\"https:\/\/urbanjournalism.institute\/forecast-es\/forecast-2023\/localizando-la-sostenibilidad\/el-sector-turistico-como-acelerador-de-la-accesibilidad\/#breadcrumb\",\"itemListElement\":[{\"@type\":\"ListItem\",\"position\":1,\"name\":\"Forecast 2023\",\"item\":\"https:\/\/urbanjournalism.institute\/forecast-es\/forecast-2023\/\"},{\"@type\":\"ListItem\",\"position\":2,\"name\":\"Localizando la sostenibilidad\",\"item\":\"https:\/\/urbanjournalism.institute\/forecast-es\/forecast-2023\/localizando-la-sostenibilidad\/\"},{\"@type\":\"ListItem\",\"position\":3,\"name\":\"El sector del turismo como acelerador de la accesibilidad\"}]},{\"@type\":\"WebSite\",\"@id\":\"https:\/\/urbanjournalism.institute\/forecast-es\/#website\",\"url\":\"https:\/\/urbanjournalism.institute\/forecast-es\/\",\"name\":\"Municipal Forecast - Espa\u00f1ol\",\"description\":\"\",\"potentialAction\":[{\"@type\":\"SearchAction\",\"target\":{\"@type\":\"EntryPoint\",\"urlTemplate\":\"https:\/\/urbanjournalism.institute\/forecast-es\/?s={search_term_string}\"},\"query-input\":{\"@type\":\"PropertyValueSpecification\",\"valueRequired\":true,\"valueName\":\"search_term_string\"}}],\"inLanguage\":\"es\"}]}<\/script>\n<!-- \/ Yoast SEO plugin. -->","yoast_head_json":{"title":"El sector del turismo como acelerador de la accesibilidad - Municipal Forecast - Espa\u00f1ol","robots":{"index":"index","follow":"follow","max-snippet":"max-snippet:-1","max-image-preview":"max-image-preview:large","max-video-preview":"max-video-preview:-1"},"canonical":"https:\/\/urbanjournalism.institute\/forecast-es\/forecast-2023\/localizando-la-sostenibilidad\/el-sector-turistico-como-acelerador-de-la-accesibilidad\/","og_locale":"es_ES","og_type":"article","og_title":"El sector del turismo como acelerador de la accesibilidad - Municipal Forecast - Espa\u00f1ol","og_description":"El sector del turismo como acelerador de la accesibilidad El 16 % de la poblaci\u00f3n mundial (1.300 millones de personas) tiene una discapacidad significativa, seg\u00fan los datos de diciembre de 2022 de la Organizaci\u00f3n Mundial de la Salud (OMS). Esto significa que una de cada seis personas en todo el mundo es discapacitada. El Banco [&hellip;]","og_url":"https:\/\/urbanjournalism.institute\/forecast-es\/forecast-2023\/localizando-la-sostenibilidad\/el-sector-turistico-como-acelerador-de-la-accesibilidad\/","og_site_name":"Municipal Forecast - Espa\u00f1ol","og_image":[{"url":"https:\/\/urbanjournalism.institute\/forecast\/wp-content\/themes\/forecast\/dist\/assets\/images\/editorial\/page-17.jpg","type":"","width":"","height":""}],"twitter_card":"summary_large_image","twitter_misc":{"Tiempo de lectura":"3 minutos"},"schema":{"@context":"https:\/\/schema.org","@graph":[{"@type":"WebPage","@id":"https:\/\/urbanjournalism.institute\/forecast-es\/forecast-2023\/localizando-la-sostenibilidad\/el-sector-turistico-como-acelerador-de-la-accesibilidad\/","url":"https:\/\/urbanjournalism.institute\/forecast-es\/forecast-2023\/localizando-la-sostenibilidad\/el-sector-turistico-como-acelerador-de-la-accesibilidad\/","name":"El sector del turismo como acelerador de la accesibilidad - Municipal Forecast - Espa\u00f1ol","isPartOf":{"@id":"https:\/\/urbanjournalism.institute\/forecast-es\/#website"},"primaryImageOfPage":{"@id":"https:\/\/urbanjournalism.institute\/forecast-es\/forecast-2023\/localizando-la-sostenibilidad\/el-sector-turistico-como-acelerador-de-la-accesibilidad\/#primaryimage"},"image":{"@id":"https:\/\/urbanjournalism.institute\/forecast-es\/forecast-2023\/localizando-la-sostenibilidad\/el-sector-turistico-como-acelerador-de-la-accesibilidad\/#primaryimage"},"thumbnailUrl":"https:\/\/urbanjournalism.institute\/forecast\/wp-content\/themes\/forecast\/dist\/assets\/images\/editorial\/page-17.jpg","datePublished":"2023-02-20T07:40:05+00:00","breadcrumb":{"@id":"https:\/\/urbanjournalism.institute\/forecast-es\/forecast-2023\/localizando-la-sostenibilidad\/el-sector-turistico-como-acelerador-de-la-accesibilidad\/#breadcrumb"},"inLanguage":"es","potentialAction":[{"@type":"ReadAction","target":["https:\/\/urbanjournalism.institute\/forecast-es\/forecast-2023\/localizando-la-sostenibilidad\/el-sector-turistico-como-acelerador-de-la-accesibilidad\/"]}]},{"@type":"ImageObject","inLanguage":"es","@id":"https:\/\/urbanjournalism.institute\/forecast-es\/forecast-2023\/localizando-la-sostenibilidad\/el-sector-turistico-como-acelerador-de-la-accesibilidad\/#primaryimage","url":"https:\/\/urbanjournalism.institute\/forecast\/wp-content\/themes\/forecast\/dist\/assets\/images\/editorial\/page-17.jpg","contentUrl":"https:\/\/urbanjournalism.institute\/forecast\/wp-content\/themes\/forecast\/dist\/assets\/images\/editorial\/page-17.jpg"},{"@type":"BreadcrumbList","@id":"https:\/\/urbanjournalism.institute\/forecast-es\/forecast-2023\/localizando-la-sostenibilidad\/el-sector-turistico-como-acelerador-de-la-accesibilidad\/#breadcrumb","itemListElement":[{"@type":"ListItem","position":1,"name":"Forecast 2023","item":"https:\/\/urbanjournalism.institute\/forecast-es\/forecast-2023\/"},{"@type":"ListItem","position":2,"name":"Localizando la sostenibilidad","item":"https:\/\/urbanjournalism.institute\/forecast-es\/forecast-2023\/localizando-la-sostenibilidad\/"},{"@type":"ListItem","position":3,"name":"El sector del turismo como acelerador de la accesibilidad"}]},{"@type":"WebSite","@id":"https:\/\/urbanjournalism.institute\/forecast-es\/#website","url":"https:\/\/urbanjournalism.institute\/forecast-es\/","name":"Municipal Forecast - Espa\u00f1ol","description":"","potentialAction":[{"@type":"SearchAction","target":{"@type":"EntryPoint","urlTemplate":"https:\/\/urbanjournalism.institute\/forecast-es\/?s={search_term_string}"},"query-input":{"@type":"PropertyValueSpecification","valueRequired":true,"valueName":"search_term_string"}}],"inLanguage":"es"}]}},"_links":{"self":[{"href":"https:\/\/urbanjournalism.institute\/forecast-es\/wp-json\/wp\/v2\/pages\/28","targetHints":{"allow":["GET"]}}],"collection":[{"href":"https:\/\/urbanjournalism.institute\/forecast-es\/wp-json\/wp\/v2\/pages"}],"about":[{"href":"https:\/\/urbanjournalism.institute\/forecast-es\/wp-json\/wp\/v2\/types\/page"}],"author":[{"embeddable":true,"href":"https:\/\/urbanjournalism.institute\/forecast-es\/wp-json\/wp\/v2\/users\/1"}],"replies":[{"embeddable":true,"href":"https:\/\/urbanjournalism.institute\/forecast-es\/wp-json\/wp\/v2\/comments?post=28"}],"version-history":[{"count":0,"href":"https:\/\/urbanjournalism.institute\/forecast-es\/wp-json\/wp\/v2\/pages\/28\/revisions"}],"up":[{"embeddable":true,"href":"https:\/\/urbanjournalism.institute\/forecast-es\/wp-json\/wp\/v2\/pages\/26"}],"wp:attachment":[{"href":"https:\/\/urbanjournalism.institute\/forecast-es\/wp-json\/wp\/v2\/media?parent=28"}],"curies":[{"name":"wp","href":"https:\/\/api.w.org\/{rel}","templated":true}]}}