{"id":30,"date":"2023-02-20T07:40:05","date_gmt":"2023-02-20T07:40:05","guid":{"rendered":"https:\/\/urbanjournalism.institute\/forecast\/es\/forecast-2023\/localizando-la-sostenibilidad\/resiliencia-urbana-en-accion\/"},"modified":"2023-02-20T07:40:05","modified_gmt":"2023-02-20T07:40:05","slug":"resiliencia-urbana-en-accion","status":"publish","type":"page","link":"https:\/\/urbanjournalism.institute\/forecast-es\/forecast-2023\/localizando-la-sostenibilidad\/resiliencia-urbana-en-accion\/","title":{"rendered":"La resiliencia urbana, en acci\u00f3n"},"content":{"rendered":"\n<header class=\"wp-block-group\"><div class=\"wp-block-group__inner-container is-layout-constrained wp-block-group-is-layout-constrained\">\n<div class=\"wp-block-columns is-layout-flex wp-container-core-columns-is-layout-9d6595d7 wp-block-columns-is-layout-flex\">\n<div class=\"wp-block-column is-layout-flow wp-block-column-is-layout-flow\" style=\"flex-basis:66.66%\">\n<h1 class=\"wp-block-heading\" id=\"block-5e36494f-e6fe-442a-b42b-4ec4287edbb2\">La resiliencia urbana, en acci\u00f3n<\/h1>\n\n\n\n<h4 class=\"wp-block-heading\"><em>La resiliencia urbana, como parte de las estrategias de reducci\u00f3n del riesgo de desastres, es fundamental para lograr el desarrollo urbano sostenible. La mejora de la resiliencia urbana tambi\u00e9n est\u00e1 estrechamente relacionada con el cambio clim\u00e1tico<\/em>.<\/h4>\n\n\n\n<p class=\"has-text-align-left\">La importancia de la reducci\u00f3n del riesgo de desastres, y en particular de la resiliencia local, ha sido reconocida en varios documentos y acuerdos internacionales, entre ellos la Agenda 2030 para el Desarrollo Sostenible y la Nueva Agenda Urbana.<\/p>\n\n\n\n<p class=\"has-text-align-left\">El m\u00e1s relevante es el Marco de Sendai para la Reducci\u00f3n del Riesgo de Desastres 2015-2030. En este documento se identifican las oportunidades para alcanzar los ODS mediante la reducci\u00f3n del riesgo de desastres, como la disminuci\u00f3n del grado de exposici\u00f3n y la vulnerabilidad de los pobres a los desastres y la construcci\u00f3n de infraestructuras resilientes. En el presente a\u00f1o concluye el examen intermedio de la implementaci\u00f3n del Marco de Sendai. Los d\u00edas 18 y 19 de mayo de 2023 se celebrar\u00e1 en Nueva York una Reuni\u00f3n de Alto Nivel de la Asamblea General para adoptar una declaraci\u00f3n pol\u00edtica concisa y orientada a la acci\u00f3n cuyo fin es renovar los compromisos y acelerar la implementaci\u00f3n del Marco de Sendai.<\/p>\n<\/div>\n\n\n\n<div class=\"wp-block-column is-layout-flow wp-block-column-is-layout-flow\" style=\"flex-basis:33.33%\"><\/div>\n<\/div>\n<\/div><\/header>\n\n\n\n<div class=\"wp-block-group\"><div class=\"wp-block-group__inner-container is-layout-constrained wp-block-group-is-layout-constrained\">\n<div class=\"wp-block-columns is-layout-flex wp-container-core-columns-is-layout-9d6595d7 wp-block-columns-is-layout-flex\">\n<div class=\"wp-block-column is-layout-flow wp-block-column-is-layout-flow\" style=\"flex-basis:33.33%\">\n<figure class=\"wp-block-image size-large\"><img decoding=\"async\" src=\"https:\/\/urbanjournalism.institute\/forecast\/wp-content\/themes\/forecast\/dist\/assets\/images\/editorial\/page-20.jpg\" alt=\"\" \/><figcaption class=\"wp-element-caption\"><em>Hanoi, Vietnam \u00a9 Frida Aguilar Estrada<\/em><\/figcaption><\/figure>\n\n\n\n<div style=\"height:22px\" aria-hidden=\"true\" class=\"wp-block-spacer\"><\/div>\n\n\n\n<figure class=\"wp-block-image size-large\"><img decoding=\"async\" src=\"https:\/\/urbanjournalism.institute\/forecast\/wp-content\/themes\/forecast\/dist\/assets\/images\/editorial\/page-21.jpg\" alt=\"\" \/><figcaption class=\"wp-element-caption\"><em>Kampung Biru Arema, Indonesia \u00a9 Silas Baisch<\/em><\/figcaption><\/figure>\n<\/div>\n\n\n\n<div class=\"wp-block-column is-layout-flow wp-block-column-is-layout-flow\" style=\"flex-basis:66.66%\">\n<p><strong>\u00bfPor qu\u00e9 es importante la resiliencia urbana en el contexto internacional actual?<\/strong><\/p>\n\n\n\n<p>El 15 de noviembre de 2022, la poblaci\u00f3n mundial lleg\u00f3 a los ocho mil millones de personas. Con el aumento global de la poblaci\u00f3n (sobre todo la urbana, que crece con una gran rapidez), en las ciudades se concentran los principales retos y oportunidades tanto para el planeta como para la sociedad, en particular ante el cambio clim\u00e1tico. Mientras los gobiernos negocian y buscan soluciones, muchas ciudades se enfrentan ya al impacto del cambio clim\u00e1tico. Las ciudades resilientes hacen frente mejor a los desastres, protegen las vidas humanas, se preparan para las crisis futuras y promueven un bienestar sostenible. La resiliencia urbana no solo tiene que ver con la resiliencia f\u00edsica, econ\u00f3mica y social. Abarca un nuevo modelo de gobernanza que mitiga los riesgos y responde a los retos cambiantes. Construir la resiliencia urbana es incre\u00edblemente complejo, requiere la coordinaci\u00f3n entre muchos actores y una visi\u00f3n hol\u00edstica de la ciudad y sus problemas.<\/p>\n\n\n\n<p>La necesidad de una mayor resiliencia se hizo a\u00fan m\u00e1s evidente durante la pandemia de la COVID-19, cuando las ciudades y los alcaldes fueron los primeros en enfrentarse a la crisis sanitaria. Los gobiernos locales y regionales estuvieron a la vanguardia del apoyo a los ciudadanos y fueron capaces de salvaguardar los medios de subsistencia al tiempo que preservaban el desarrollo econ\u00f3mico. Se prioriz\u00f3 de nuevo el gasto local para proteger el empleo, apoyar a las peque\u00f1as empresas y promover formas alternativas de producci\u00f3n y consumo basadas en la econom\u00eda social y compartida.<\/p>\n\n\n\n<p>Al mismo tiempo, las grandes ciudades, sobre todo las capitales, lideraron los esfuerzos de respuesta y sirvieron de ejemplo a otras. Muchas ciudades de Asia lograron contener la propagaci\u00f3n de la pandemia en las primeras fases, y m\u00e1s tarde difundieron informaci\u00f3n sobre las medidas de prevenci\u00f3n y lanzaron campa\u00f1as de vacunaci\u00f3n. Por ejemplo, Han\u00f3i, la capital de Vietnam, recibi\u00f3 el reconocimiento internacional en una fase temprana por las medidas introducidas para contener la propagaci\u00f3n del coronavirus. Mientras muchas ciudades luchaban contra las consecuencias de la pandemia, Mil\u00e1n convirti\u00f3 esta crisis en una oportunidad para cambiar la ciudad y mejorar su resiliencia mediante la creaci\u00f3n de mejores espacios p\u00fablicos.<\/p>\n\n\n\n<p>Puesto que los efectos del cambio clim\u00e1tico aumentan a\u00f1o tras a\u00f1o, las ciudades est\u00e1n trabajando en estrategias de mitigaci\u00f3n: la construcci\u00f3n de mejores infraestructuras, la aplicaci\u00f3n de tecnolog\u00edas innovadoras, la b\u00fasqueda de soluciones basadas en la naturaleza y la inversi\u00f3n en la educaci\u00f3n de los ciudadanos, entre otras. De 2013 a 2019, la Fundaci\u00f3n Rockefeller financi\u00f3 el programa 100 Ciudades Resilientes. Apoy\u00f3 a cien gobiernos locales para que aumentasen la resiliencia y ayud\u00f3 a crear un nuevo cargo, el director general de Resiliencia, que coordina y dirige los esfuerzos que realizan las ciudades para ser m\u00e1s resilientes y sostenibles. Tras el cierre del programa, dos nuevas organizaciones asumieron el legado, <strong>Resilient Cities Catalyst<\/strong> (RCC) y la<strong> Red Mundial de Ciudades Resilientes<\/strong> (GRCN, por sus siglas en ingl\u00e9s).<\/p>\n\n\n\n<p><strong>Desarrollando Ciudades Resilientes 2030<\/strong> (MCR2030, por sus siglas en ingl\u00e9s) es una iniciativa de diversos actores liderada por la Oficina de las Naciones Unidas para la Reducci\u00f3n del Riesgo de Desastres (UNDRR, por sus siglas en ingl\u00e9s). Su objetivo es ayudar a que las ciudades desarrollen estrategias de resiliencia mediante el aprendizaje entre iguales y el intercambio de conocimientos. M\u00e1s de 1.500 ciudades forman parte de MCR2030<\/p>\n\n\n\n<p>La resiliencia urbana fue en 2022 uno de los temas fundamentales en el discurso multilateral. El G7, el G20, la Commonwealth y la Belt and Road Initiative, por ejemplo, han incluido referencias sin precedentes a las ciudades sostenibles, la urbanizaci\u00f3n y la acci\u00f3n multinivel en sus comunicados ministeriales o de jefes de Estado. Adem\u00e1s, la presidencia de la COP27 present\u00f3 en 2022 la iniciativa <strong>Resiliencia Urbana Sostenible para la Pr\u00f3xima Generaci\u00f3n<\/strong> (SURGe, por sus siglas en ingl\u00e9s), cuyo objetivo es mejorar y acelerar la acci\u00f3n clim\u00e1tica local y urbana mediante la gobernanza multinivel, la participaci\u00f3n y el cumplimiento a trav\u00e9s de cinco v\u00edas integradas, contribuyendo as\u00ed a alcanzar los objetivos del Acuerdo de Par\u00eds y los ODS.<\/p>\n\n\n\n<div class=\"wp-block-group has-cyan-bluish-gray-background-color has-background\"><div class=\"wp-block-group__inner-container is-layout-constrained wp-block-group-is-layout-constrained\">\n<h4 class=\"wp-block-heading\"><em>Seguir aprendiendo<\/em><\/h4>\n\n\n\n<p>CGLU, en colaboraci\u00f3n con UNDRR y ONU-H\u00e1bitat,<br>ha elaborado los M\u00f3dulos de Aprendizaje sobre<br>Resiliencia para la localizaci\u00f3n del Marco de Sendai,<br>que ayudan a los gobiernos locales y regionales en<br>el desarrollo de acciones y estrategias de resiliencia.<\/p>\n\n\n\n<p>Est\u00e1n disponibles en:<br><a href=\"https:\/\/bit.ly\/3YWsug8\">https:\/\/bit.ly\/3YWsug8<\/a><\/p>\n<\/div><\/div>\n<\/div>\n<\/div>\n\n\n\n<div style=\"height:25px\" aria-hidden=\"true\" class=\"wp-block-spacer\"><\/div>\n\n\n\n<div class=\"wp-block-columns are-vertically-aligned-center is-layout-flex wp-container-core-columns-is-layout-9d6595d7 wp-block-columns-is-layout-flex\">\n<div class=\"wp-block-column is-vertically-aligned-center has-vivid-red-color has-text-color is-layout-flow wp-block-column-is-layout-flow\" style=\"flex-basis:66.66%\">\n<h3 class=\"wp-block-heading has-vivid-red-color has-text-color\">M\u00e1s <strong>proyectos<\/strong> interesantes<\/h3>\n\n\n\n<ul class=\"bullet-eye wp-block-list\">\n<li>Greater Manchester prosigue su camino hacia la neutralidad en emisiones de carbono para 2038. Con fondos p\u00fablicos, se est\u00e1 ayudando a que miles de personas descarbonicen sus hogares mediante la rehabilitaci\u00f3n de las viviendas, haci\u00e9ndolas mejor aisladas, con menos corrientes de aire y con una calefacci\u00f3n m\u00e1s sostenible. En 2023, la ciudad aspira a tener m\u00e1s de 4.000 viviendas rehabilitadas.<\/li>\n\n\n\n<li>El 5 de agosto de 2022, el alcalde de Makati (Filipinas) declar\u00f3 oficialmente la emergencia clim\u00e1tica y reconoci\u00f3 la necesidad de una acci\u00f3n clim\u00e1tica m\u00e1s concreta, multinivel y multilateral. La ciudad de Makati acelerar\u00e1 sus iniciativas clim\u00e1ticas, por ejemplo, mediante la aplicaci\u00f3n de pol\u00edticas que reduzcan las emisiones de gases de efecto invernadero y se centren en la movilidad sostenible.<\/li>\n\n\n\n<li>Monterrey, la segunda mayor \u00e1rea metropolitana de M\u00e9xico, empezar\u00e1 en 2023 a desarrollar una estrategia de resiliencia.<\/li>\n\n\n\n<li>Desde 2022, Kigali trabaja por la resiliencia alimentaria reduciendo el desperdicio de alimentos. La capital de Ruanda se ha comprometido a garantizar que se evitar\u00e1 el desperdicio de comida en todas las etapas de la cadena alimentaria (desde el productor hasta el consumidor, pasando por el distribuidor).<\/li>\n<\/ul>\n<\/div>\n\n\n\n<div class=\"wp-block-column is-vertically-aligned-center is-layout-flow wp-block-column-is-layout-flow\" style=\"flex-basis:33.33%\">\n<figure class=\"wp-block-image size-large\"><img decoding=\"async\" src=\"https:\/\/urbanjournalism.institute\/forecast\/wp-content\/themes\/forecast\/dist\/assets\/images\/editorial\/page-22.jpg\" alt=\"\" \/><figcaption class=\"wp-element-caption\"><em>Manchester, Reino Unido<\/em><br><em>\u00a9 Joe Cleary<\/em><\/figcaption><\/figure>\n<\/div>\n<\/div>\n<\/div><\/div>\n","protected":false},"excerpt":{"rendered":"<p>La resiliencia urbana, en acci\u00f3n La resiliencia urbana, como parte de las estrategias de reducci\u00f3n del riesgo de desastres, es fundamental para lograr el desarrollo urbano sostenible. La mejora de la resiliencia urbana tambi\u00e9n est\u00e1 estrechamente relacionada con el cambio clim\u00e1tico. La importancia de la reducci\u00f3n del riesgo de desastres, y en particular de la [&hellip;]<\/p>\n","protected":false},"author":1,"featured_media":0,"parent":26,"menu_order":30,"comment_status":"closed","ping_status":"closed","template":"","meta":{"footnotes":""},"class_list":["post-30","page","type-page","status-publish","hentry"],"yoast_head":"<!-- This site is optimized with the Yoast SEO plugin v27.0 - https:\/\/yoast.com\/product\/yoast-seo-wordpress\/ -->\n<title>La resiliencia urbana, en acci\u00f3n - Municipal Forecast - Espa\u00f1ol<\/title>\n<meta name=\"robots\" content=\"index, follow, max-snippet:-1, max-image-preview:large, max-video-preview:-1\" \/>\n<link rel=\"canonical\" href=\"https:\/\/urbanjournalism.institute\/forecast-es\/forecast-2023\/localizando-la-sostenibilidad\/resiliencia-urbana-en-accion\/\" \/>\n<meta property=\"og:locale\" content=\"es_ES\" \/>\n<meta property=\"og:type\" content=\"article\" \/>\n<meta property=\"og:title\" content=\"La resiliencia urbana, en acci\u00f3n - Municipal Forecast - Espa\u00f1ol\" \/>\n<meta property=\"og:description\" content=\"La resiliencia urbana, en acci\u00f3n La resiliencia urbana, como parte de las estrategias de reducci\u00f3n del riesgo de desastres, es fundamental para lograr el desarrollo urbano sostenible. La mejora de la resiliencia urbana tambi\u00e9n est\u00e1 estrechamente relacionada con el cambio clim\u00e1tico. La importancia de la reducci\u00f3n del riesgo de desastres, y en particular de la [&hellip;]\" \/>\n<meta property=\"og:url\" content=\"https:\/\/urbanjournalism.institute\/forecast-es\/forecast-2023\/localizando-la-sostenibilidad\/resiliencia-urbana-en-accion\/\" \/>\n<meta property=\"og:site_name\" content=\"Municipal Forecast - Espa\u00f1ol\" \/>\n<meta property=\"og:image\" content=\"https:\/\/urbanjournalism.institute\/forecast\/wp-content\/themes\/forecast\/dist\/assets\/images\/editorial\/page-20.jpg\" \/>\n<meta name=\"twitter:card\" content=\"summary_large_image\" \/>\n<meta name=\"twitter:label1\" content=\"Tiempo de lectura\" \/>\n\t<meta name=\"twitter:data1\" content=\"6 minutos\" \/>\n<script type=\"application\/ld+json\" class=\"yoast-schema-graph\">{\"@context\":\"https:\/\/schema.org\",\"@graph\":[{\"@type\":\"WebPage\",\"@id\":\"https:\/\/urbanjournalism.institute\/forecast-es\/forecast-2023\/localizando-la-sostenibilidad\/resiliencia-urbana-en-accion\/\",\"url\":\"https:\/\/urbanjournalism.institute\/forecast-es\/forecast-2023\/localizando-la-sostenibilidad\/resiliencia-urbana-en-accion\/\",\"name\":\"La resiliencia urbana, en acci\u00f3n - Municipal Forecast - Espa\u00f1ol\",\"isPartOf\":{\"@id\":\"https:\/\/urbanjournalism.institute\/forecast-es\/#website\"},\"primaryImageOfPage\":{\"@id\":\"https:\/\/urbanjournalism.institute\/forecast-es\/forecast-2023\/localizando-la-sostenibilidad\/resiliencia-urbana-en-accion\/#primaryimage\"},\"image\":{\"@id\":\"https:\/\/urbanjournalism.institute\/forecast-es\/forecast-2023\/localizando-la-sostenibilidad\/resiliencia-urbana-en-accion\/#primaryimage\"},\"thumbnailUrl\":\"https:\/\/urbanjournalism.institute\/forecast\/wp-content\/themes\/forecast\/dist\/assets\/images\/editorial\/page-20.jpg\",\"datePublished\":\"2023-02-20T07:40:05+00:00\",\"breadcrumb\":{\"@id\":\"https:\/\/urbanjournalism.institute\/forecast-es\/forecast-2023\/localizando-la-sostenibilidad\/resiliencia-urbana-en-accion\/#breadcrumb\"},\"inLanguage\":\"es\",\"potentialAction\":[{\"@type\":\"ReadAction\",\"target\":[\"https:\/\/urbanjournalism.institute\/forecast-es\/forecast-2023\/localizando-la-sostenibilidad\/resiliencia-urbana-en-accion\/\"]}]},{\"@type\":\"ImageObject\",\"inLanguage\":\"es\",\"@id\":\"https:\/\/urbanjournalism.institute\/forecast-es\/forecast-2023\/localizando-la-sostenibilidad\/resiliencia-urbana-en-accion\/#primaryimage\",\"url\":\"https:\/\/urbanjournalism.institute\/forecast\/wp-content\/themes\/forecast\/dist\/assets\/images\/editorial\/page-20.jpg\",\"contentUrl\":\"https:\/\/urbanjournalism.institute\/forecast\/wp-content\/themes\/forecast\/dist\/assets\/images\/editorial\/page-20.jpg\"},{\"@type\":\"BreadcrumbList\",\"@id\":\"https:\/\/urbanjournalism.institute\/forecast-es\/forecast-2023\/localizando-la-sostenibilidad\/resiliencia-urbana-en-accion\/#breadcrumb\",\"itemListElement\":[{\"@type\":\"ListItem\",\"position\":1,\"name\":\"Forecast 2023\",\"item\":\"https:\/\/urbanjournalism.institute\/forecast-es\/forecast-2023\/\"},{\"@type\":\"ListItem\",\"position\":2,\"name\":\"Localizando la sostenibilidad\",\"item\":\"https:\/\/urbanjournalism.institute\/forecast-es\/forecast-2023\/localizando-la-sostenibilidad\/\"},{\"@type\":\"ListItem\",\"position\":3,\"name\":\"La resiliencia urbana, en acci\u00f3n\"}]},{\"@type\":\"WebSite\",\"@id\":\"https:\/\/urbanjournalism.institute\/forecast-es\/#website\",\"url\":\"https:\/\/urbanjournalism.institute\/forecast-es\/\",\"name\":\"Municipal Forecast - Espa\u00f1ol\",\"description\":\"\",\"potentialAction\":[{\"@type\":\"SearchAction\",\"target\":{\"@type\":\"EntryPoint\",\"urlTemplate\":\"https:\/\/urbanjournalism.institute\/forecast-es\/?s={search_term_string}\"},\"query-input\":{\"@type\":\"PropertyValueSpecification\",\"valueRequired\":true,\"valueName\":\"search_term_string\"}}],\"inLanguage\":\"es\"}]}<\/script>\n<!-- \/ Yoast SEO plugin. -->","yoast_head_json":{"title":"La resiliencia urbana, en acci\u00f3n - Municipal Forecast - Espa\u00f1ol","robots":{"index":"index","follow":"follow","max-snippet":"max-snippet:-1","max-image-preview":"max-image-preview:large","max-video-preview":"max-video-preview:-1"},"canonical":"https:\/\/urbanjournalism.institute\/forecast-es\/forecast-2023\/localizando-la-sostenibilidad\/resiliencia-urbana-en-accion\/","og_locale":"es_ES","og_type":"article","og_title":"La resiliencia urbana, en acci\u00f3n - Municipal Forecast - Espa\u00f1ol","og_description":"La resiliencia urbana, en acci\u00f3n La resiliencia urbana, como parte de las estrategias de reducci\u00f3n del riesgo de desastres, es fundamental para lograr el desarrollo urbano sostenible. La mejora de la resiliencia urbana tambi\u00e9n est\u00e1 estrechamente relacionada con el cambio clim\u00e1tico. La importancia de la reducci\u00f3n del riesgo de desastres, y en particular de la [&hellip;]","og_url":"https:\/\/urbanjournalism.institute\/forecast-es\/forecast-2023\/localizando-la-sostenibilidad\/resiliencia-urbana-en-accion\/","og_site_name":"Municipal Forecast - Espa\u00f1ol","og_image":[{"url":"https:\/\/urbanjournalism.institute\/forecast\/wp-content\/themes\/forecast\/dist\/assets\/images\/editorial\/page-20.jpg","type":"","width":"","height":""}],"twitter_card":"summary_large_image","twitter_misc":{"Tiempo de lectura":"6 minutos"},"schema":{"@context":"https:\/\/schema.org","@graph":[{"@type":"WebPage","@id":"https:\/\/urbanjournalism.institute\/forecast-es\/forecast-2023\/localizando-la-sostenibilidad\/resiliencia-urbana-en-accion\/","url":"https:\/\/urbanjournalism.institute\/forecast-es\/forecast-2023\/localizando-la-sostenibilidad\/resiliencia-urbana-en-accion\/","name":"La resiliencia urbana, en acci\u00f3n - Municipal Forecast - Espa\u00f1ol","isPartOf":{"@id":"https:\/\/urbanjournalism.institute\/forecast-es\/#website"},"primaryImageOfPage":{"@id":"https:\/\/urbanjournalism.institute\/forecast-es\/forecast-2023\/localizando-la-sostenibilidad\/resiliencia-urbana-en-accion\/#primaryimage"},"image":{"@id":"https:\/\/urbanjournalism.institute\/forecast-es\/forecast-2023\/localizando-la-sostenibilidad\/resiliencia-urbana-en-accion\/#primaryimage"},"thumbnailUrl":"https:\/\/urbanjournalism.institute\/forecast\/wp-content\/themes\/forecast\/dist\/assets\/images\/editorial\/page-20.jpg","datePublished":"2023-02-20T07:40:05+00:00","breadcrumb":{"@id":"https:\/\/urbanjournalism.institute\/forecast-es\/forecast-2023\/localizando-la-sostenibilidad\/resiliencia-urbana-en-accion\/#breadcrumb"},"inLanguage":"es","potentialAction":[{"@type":"ReadAction","target":["https:\/\/urbanjournalism.institute\/forecast-es\/forecast-2023\/localizando-la-sostenibilidad\/resiliencia-urbana-en-accion\/"]}]},{"@type":"ImageObject","inLanguage":"es","@id":"https:\/\/urbanjournalism.institute\/forecast-es\/forecast-2023\/localizando-la-sostenibilidad\/resiliencia-urbana-en-accion\/#primaryimage","url":"https:\/\/urbanjournalism.institute\/forecast\/wp-content\/themes\/forecast\/dist\/assets\/images\/editorial\/page-20.jpg","contentUrl":"https:\/\/urbanjournalism.institute\/forecast\/wp-content\/themes\/forecast\/dist\/assets\/images\/editorial\/page-20.jpg"},{"@type":"BreadcrumbList","@id":"https:\/\/urbanjournalism.institute\/forecast-es\/forecast-2023\/localizando-la-sostenibilidad\/resiliencia-urbana-en-accion\/#breadcrumb","itemListElement":[{"@type":"ListItem","position":1,"name":"Forecast 2023","item":"https:\/\/urbanjournalism.institute\/forecast-es\/forecast-2023\/"},{"@type":"ListItem","position":2,"name":"Localizando la sostenibilidad","item":"https:\/\/urbanjournalism.institute\/forecast-es\/forecast-2023\/localizando-la-sostenibilidad\/"},{"@type":"ListItem","position":3,"name":"La resiliencia urbana, en acci\u00f3n"}]},{"@type":"WebSite","@id":"https:\/\/urbanjournalism.institute\/forecast-es\/#website","url":"https:\/\/urbanjournalism.institute\/forecast-es\/","name":"Municipal Forecast - Espa\u00f1ol","description":"","potentialAction":[{"@type":"SearchAction","target":{"@type":"EntryPoint","urlTemplate":"https:\/\/urbanjournalism.institute\/forecast-es\/?s={search_term_string}"},"query-input":{"@type":"PropertyValueSpecification","valueRequired":true,"valueName":"search_term_string"}}],"inLanguage":"es"}]}},"_links":{"self":[{"href":"https:\/\/urbanjournalism.institute\/forecast-es\/wp-json\/wp\/v2\/pages\/30","targetHints":{"allow":["GET"]}}],"collection":[{"href":"https:\/\/urbanjournalism.institute\/forecast-es\/wp-json\/wp\/v2\/pages"}],"about":[{"href":"https:\/\/urbanjournalism.institute\/forecast-es\/wp-json\/wp\/v2\/types\/page"}],"author":[{"embeddable":true,"href":"https:\/\/urbanjournalism.institute\/forecast-es\/wp-json\/wp\/v2\/users\/1"}],"replies":[{"embeddable":true,"href":"https:\/\/urbanjournalism.institute\/forecast-es\/wp-json\/wp\/v2\/comments?post=30"}],"version-history":[{"count":0,"href":"https:\/\/urbanjournalism.institute\/forecast-es\/wp-json\/wp\/v2\/pages\/30\/revisions"}],"up":[{"embeddable":true,"href":"https:\/\/urbanjournalism.institute\/forecast-es\/wp-json\/wp\/v2\/pages\/26"}],"wp:attachment":[{"href":"https:\/\/urbanjournalism.institute\/forecast-es\/wp-json\/wp\/v2\/media?parent=30"}],"curies":[{"name":"wp","href":"https:\/\/api.w.org\/{rel}","templated":true}]}}