{"id":32,"date":"2023-02-20T07:40:05","date_gmt":"2023-02-20T07:40:05","guid":{"rendered":"https:\/\/urbanjournalism.institute\/forecast\/es\/forecast-2023\/localizando-la-sostenibilidad\/caminatas-urbanas\/"},"modified":"2023-02-20T07:40:05","modified_gmt":"2023-02-20T07:40:05","slug":"caminatas-urbanas","status":"publish","type":"page","link":"https:\/\/urbanjournalism.institute\/forecast-es\/forecast-2023\/localizando-la-sostenibilidad\/caminatas-urbanas\/","title":{"rendered":"Urban Walks"},"content":{"rendered":"\n<div class=\"wp-block-group\"><div class=\"wp-block-group__inner-container is-layout-constrained wp-block-group-is-layout-constrained\">\n<div class=\"wp-block-columns is-layout-flex wp-container-core-columns-is-layout-9d6595d7 wp-block-columns-is-layout-flex\">\n<div class=\"wp-block-column is-layout-flow wp-block-column-is-layout-flow\" style=\"flex-basis:33.33%\">\n<header class=\"wp-block-group\"><div class=\"wp-block-group__inner-container is-layout-constrained wp-block-group-is-layout-constrained\">\n<h1 class=\"wp-block-heading\">Urban Walks<\/h1>\n<\/div><\/header>\n<\/div>\n\n\n\n<div class=\"wp-block-column is-layout-flow wp-block-column-is-layout-flow\" style=\"flex-basis:66.66%\">\n<h4 class=\"wp-block-heading\"><em>Entender la implementaci\u00f3n de la Nueva Agenda Urbana a escala local<\/em><\/h4>\n<\/div>\n<\/div>\n\n\n\n<div style=\"height:35px\" aria-hidden=\"true\" class=\"wp-block-spacer\"><\/div>\n\n\n\n<figure class=\"wp-block-image size-large\"><img decoding=\"async\" src=\"https:\/\/urbanjournalism.institute\/forecast\/wp-content\/themes\/forecast\/dist\/assets\/images\/editorial\/page-24.jpg\" alt=\"\" \/><figcaption class=\"wp-element-caption\"><em>Zona sin coches en el barrio de Biryogo en Kigali (Ruanda), junio de 2022&nbsp;<\/em><em>\u00a9 Ilija Gubi\u0107<\/em><\/figcaption><\/figure>\n\n\n\n<div style=\"height:26px\" aria-hidden=\"true\" class=\"wp-block-spacer\"><\/div>\n\n\n\n<div class=\"wp-block-columns is-layout-flex wp-container-core-columns-is-layout-9d6595d7 wp-block-columns-is-layout-flex\">\n<div class=\"wp-block-column is-layout-flow wp-block-column-is-layout-flow\">\n<p>Los Urban Walks son recorridos urbanos que animan a los participantes a explorar, conocer y apreciar a pie una ciudad. Estas actividades pueden adoptar diversas formas, como visitas guiadas o paseos autoguiados utilizando itinerarios y mapas ya dise\u00f1ados. A menudo se centran en temas espec\u00edficos o en \u00e1reas de inter\u00e9s, como lugares hist\u00f3ricos o de inter\u00e9s arquitect\u00f3nico, sitios p\u00fablicos y con arte p\u00fablico, y espacios verdes. El objetivo de un Urban Walk es animar a que la gente se comprometa con su comunidad y descubra nuevos lugares y perspectivas, as\u00ed como promover la actividad f\u00edsica y la vida sana para un futuro urbano mejor. Los recorridos urbanos pueden ser tambi\u00e9n un buen modo de crear comunidad y fomentar entre los residentes el sentimiento de pertenencia.<\/p>\n\n\n\n<p>Algunos Urban Walks tienen por objetivo la promoci\u00f3n de los Objetivos de Desarrollo Sostenible (ODS), como el fomento de ciudades transitables y habitables, la concienciaci\u00f3n sobre cuestiones medioambientales o la presentaci\u00f3n de opciones de transporte sostenible.<\/p>\n\n\n\n<p>En Ruanda, por ejemplo, el Global Green Growth Institute organiz\u00f3 recorridos urbanos en colaboraci\u00f3n con el Ministerio de Infraestructuras, la Autoridad de la Vivienda de Ruanda, las autoridades locales de Kigali, seis ciudades secundarias y la Universidad de Ruanda. Los Urban Walks se organizaron con la intenci\u00f3n de poner de relieve los acuciantes problemas urbanos para los residentes. Uno de los recorridos, dedicado a los bosques urbanos, llev\u00f3 a los participantes por zonas verdes de Nyagatare, ciudad secundaria de Ruanda, donde los organizadores explicaron c\u00f3mo la silvicultura puede ayudar a la ciudad al prestar servicios ambientales como la purificaci\u00f3n del aire y el agua, la filtraci\u00f3n del viento y el ruido, la estabilizaci\u00f3n del microclima, la gesti\u00f3n de las aguas pluviales, el almacenamiento de carbono (es decir, la eliminaci\u00f3n del di\u00f3xido de carbono atmosf\u00e9rico) y el fomento de la biodiversidad urbana. Los Urban Walks tambi\u00e9n ofrecieron a los ciudadanos informaci\u00f3n sobre el modo en que los bosques urbanos contribuyen de muchas otras maneras a la calidad de vida de la ciudad; son atractivos espacios de cobijo y sombra con cualidades est\u00e9ticas que aumentan el valor de las propiedades y, por tanto, tambi\u00e9n los ingresos tributarios.<\/p>\n\n\n\n<p>Con una planificaci\u00f3n y un dise\u00f1o bien estudiados, los bosques urbanos de Nyagatare podr\u00edan transformarse en espacios p\u00fablicos que albergaran actividades recreativas y de ocio, lo que se considerar\u00eda una iniciativa de implementaci\u00f3n local de la Nueva Agenda Urbana.<\/p>\n\n\n\n<p>Tambi\u00e9n se organizaron Urban Walks en Kigali, donde el Global Green Growth Institute, junto con la Universidad de Ruanda y otros socios, mostraron a los participantes el distrito comercial hist\u00f3rico y los espacios p\u00fablicos abiertos de la ciudad.<\/p>\n\n\n\n<p>Recorridos similares tuvieron lugar en Huye. Cada mes de octubre, el Gobierno de Ruanda, junto con otros socios, organiza actividades, eventos y debates en torno a la sostenibilidad urbana para celebrar el Octubre Urbano.<\/p>\n<\/div>\n\n\n\n<div class=\"wp-block-column is-layout-flow wp-block-column-is-layout-flow\">\n<figure class=\"wp-block-image size-large\"><img decoding=\"async\" src=\"https:\/\/urbanjournalism.institute\/forecast\/wp-content\/themes\/forecast\/dist\/assets\/images\/editorial\/page-25.jpg\" alt=\"\" \/><figcaption class=\"wp-element-caption\"><em>Urban Walk en Huye (Ruanda), octubre de 2019<\/em> <em>\u00a9 Ilija Gubi\u0107<\/em><\/figcaption><\/figure>\n\n\n\n<p>En 2019, el Ministerio de Infraestructuras, el Global Green Growth Institute, el distrito de Huye y la Universidad de Ruanda organizaron un Urban Walk en Huye, la segunda ciudad de Ruanda, que se est\u00e1 urbanizando r\u00e1pidamente.<\/p>\n\n\n\n<p>El recorrido cont\u00f3 con la colaboraci\u00f3n de cincuenta participantes. Aunque Huye cuenta con un notable patrimonio arquitect\u00f3nico de principios del siglo XX, un periodo en el que la arquitectura moderna era a\u00fan incipiente en la regi\u00f3n, la mezcla del modernismo occidental, junto con las condiciones clim\u00e1ticas locales, ha producido una buena simbiosis y s\u00edntesis entre los seres humanos, el medio ambiente y las tradiciones. Dicha s\u00edntesis se utiliz\u00f3 hasta la d\u00e9cada de 1960 y continu\u00f3 en el periodo poscolonial. En concreto, el Urban Walks de Huye pas\u00f3 por nueve edificios que fueron seleccionados por sus valores hist\u00f3ricos, sociales, culturales y est\u00e9ticos.<\/p>\n\n\n\n<p>Los Urban Walks se utilizaron durante el proceso de H\u00e1bitat III y se siguen celebrando en todo el mundo para destacar la importancia de localizar y aplicar las agendas mundiales, como la Nueva Agenda Urbana, con el objetivo de alcanzar los ODS.<\/p>\n\n\n\n<p><\/p>\n<\/div>\n<\/div>\n<\/div><\/div>\n\n\n\n<figure class=\"wp-block-image size-large\"><a href=\"https:\/\/urbanjournalism.institute\/forecast\/wp-content\/themes\/forecast\/dist\/assets\/images\/editorial\/page-26.jpg\" target=\"_blank\" rel=\"noreferrer noopener\"><img decoding=\"async\" src=\"https:\/\/urbanjournalism.institute\/forecast\/wp-content\/themes\/forecast\/dist\/assets\/images\/editorial\/page-26.jpg\" alt=\"\" \/><\/a><\/figure>\n","protected":false},"excerpt":{"rendered":"<p>Urban Walks Entender la implementaci\u00f3n de la Nueva Agenda Urbana a escala local Los Urban Walks son recorridos urbanos que animan a los participantes a explorar, conocer y apreciar a pie una ciudad. Estas actividades pueden adoptar diversas formas, como visitas guiadas o paseos autoguiados utilizando itinerarios y mapas ya dise\u00f1ados. A menudo se centran [&hellip;]<\/p>\n","protected":false},"author":1,"featured_media":0,"parent":26,"menu_order":50,"comment_status":"closed","ping_status":"closed","template":"","meta":{"footnotes":""},"class_list":["post-32","page","type-page","status-publish","hentry"],"yoast_head":"<!-- This site is optimized with the Yoast SEO plugin v27.0 - https:\/\/yoast.com\/product\/yoast-seo-wordpress\/ -->\n<title>Urban Walks - Municipal Forecast - Espa\u00f1ol<\/title>\n<meta name=\"robots\" content=\"index, follow, max-snippet:-1, max-image-preview:large, max-video-preview:-1\" \/>\n<link rel=\"canonical\" href=\"https:\/\/urbanjournalism.institute\/forecast-es\/forecast-2023\/localizando-la-sostenibilidad\/caminatas-urbanas\/\" \/>\n<meta property=\"og:locale\" content=\"es_ES\" \/>\n<meta property=\"og:type\" content=\"article\" \/>\n<meta property=\"og:title\" content=\"Urban Walks - Municipal Forecast - Espa\u00f1ol\" \/>\n<meta property=\"og:description\" content=\"Urban Walks Entender la implementaci\u00f3n de la Nueva Agenda Urbana a escala local Los Urban Walks son recorridos urbanos que animan a los participantes a explorar, conocer y apreciar a pie una ciudad. Estas actividades pueden adoptar diversas formas, como visitas guiadas o paseos autoguiados utilizando itinerarios y mapas ya dise\u00f1ados. A menudo se centran [&hellip;]\" \/>\n<meta property=\"og:url\" content=\"https:\/\/urbanjournalism.institute\/forecast-es\/forecast-2023\/localizando-la-sostenibilidad\/caminatas-urbanas\/\" \/>\n<meta property=\"og:site_name\" content=\"Municipal Forecast - Espa\u00f1ol\" \/>\n<meta property=\"og:image\" content=\"https:\/\/urbanjournalism.institute\/forecast\/wp-content\/themes\/forecast\/dist\/assets\/images\/editorial\/page-24.jpg\" \/>\n<meta name=\"twitter:card\" content=\"summary_large_image\" \/>\n<meta name=\"twitter:label1\" content=\"Tiempo de lectura\" \/>\n\t<meta name=\"twitter:data1\" content=\"4 minutos\" \/>\n<script type=\"application\/ld+json\" class=\"yoast-schema-graph\">{\"@context\":\"https:\/\/schema.org\",\"@graph\":[{\"@type\":\"WebPage\",\"@id\":\"https:\/\/urbanjournalism.institute\/forecast-es\/forecast-2023\/localizando-la-sostenibilidad\/caminatas-urbanas\/\",\"url\":\"https:\/\/urbanjournalism.institute\/forecast-es\/forecast-2023\/localizando-la-sostenibilidad\/caminatas-urbanas\/\",\"name\":\"Urban Walks - Municipal Forecast - Espa\u00f1ol\",\"isPartOf\":{\"@id\":\"https:\/\/urbanjournalism.institute\/forecast-es\/#website\"},\"primaryImageOfPage\":{\"@id\":\"https:\/\/urbanjournalism.institute\/forecast-es\/forecast-2023\/localizando-la-sostenibilidad\/caminatas-urbanas\/#primaryimage\"},\"image\":{\"@id\":\"https:\/\/urbanjournalism.institute\/forecast-es\/forecast-2023\/localizando-la-sostenibilidad\/caminatas-urbanas\/#primaryimage\"},\"thumbnailUrl\":\"https:\/\/urbanjournalism.institute\/forecast\/wp-content\/themes\/forecast\/dist\/assets\/images\/editorial\/page-24.jpg\",\"datePublished\":\"2023-02-20T07:40:05+00:00\",\"breadcrumb\":{\"@id\":\"https:\/\/urbanjournalism.institute\/forecast-es\/forecast-2023\/localizando-la-sostenibilidad\/caminatas-urbanas\/#breadcrumb\"},\"inLanguage\":\"es\",\"potentialAction\":[{\"@type\":\"ReadAction\",\"target\":[\"https:\/\/urbanjournalism.institute\/forecast-es\/forecast-2023\/localizando-la-sostenibilidad\/caminatas-urbanas\/\"]}]},{\"@type\":\"ImageObject\",\"inLanguage\":\"es\",\"@id\":\"https:\/\/urbanjournalism.institute\/forecast-es\/forecast-2023\/localizando-la-sostenibilidad\/caminatas-urbanas\/#primaryimage\",\"url\":\"https:\/\/urbanjournalism.institute\/forecast\/wp-content\/themes\/forecast\/dist\/assets\/images\/editorial\/page-24.jpg\",\"contentUrl\":\"https:\/\/urbanjournalism.institute\/forecast\/wp-content\/themes\/forecast\/dist\/assets\/images\/editorial\/page-24.jpg\"},{\"@type\":\"BreadcrumbList\",\"@id\":\"https:\/\/urbanjournalism.institute\/forecast-es\/forecast-2023\/localizando-la-sostenibilidad\/caminatas-urbanas\/#breadcrumb\",\"itemListElement\":[{\"@type\":\"ListItem\",\"position\":1,\"name\":\"Forecast 2023\",\"item\":\"https:\/\/urbanjournalism.institute\/forecast-es\/forecast-2023\/\"},{\"@type\":\"ListItem\",\"position\":2,\"name\":\"Localizando la sostenibilidad\",\"item\":\"https:\/\/urbanjournalism.institute\/forecast-es\/forecast-2023\/localizando-la-sostenibilidad\/\"},{\"@type\":\"ListItem\",\"position\":3,\"name\":\"Urban Walks\"}]},{\"@type\":\"WebSite\",\"@id\":\"https:\/\/urbanjournalism.institute\/forecast-es\/#website\",\"url\":\"https:\/\/urbanjournalism.institute\/forecast-es\/\",\"name\":\"Municipal Forecast - Espa\u00f1ol\",\"description\":\"\",\"potentialAction\":[{\"@type\":\"SearchAction\",\"target\":{\"@type\":\"EntryPoint\",\"urlTemplate\":\"https:\/\/urbanjournalism.institute\/forecast-es\/?s={search_term_string}\"},\"query-input\":{\"@type\":\"PropertyValueSpecification\",\"valueRequired\":true,\"valueName\":\"search_term_string\"}}],\"inLanguage\":\"es\"}]}<\/script>\n<!-- \/ Yoast SEO plugin. -->","yoast_head_json":{"title":"Urban Walks - Municipal Forecast - Espa\u00f1ol","robots":{"index":"index","follow":"follow","max-snippet":"max-snippet:-1","max-image-preview":"max-image-preview:large","max-video-preview":"max-video-preview:-1"},"canonical":"https:\/\/urbanjournalism.institute\/forecast-es\/forecast-2023\/localizando-la-sostenibilidad\/caminatas-urbanas\/","og_locale":"es_ES","og_type":"article","og_title":"Urban Walks - Municipal Forecast - Espa\u00f1ol","og_description":"Urban Walks Entender la implementaci\u00f3n de la Nueva Agenda Urbana a escala local Los Urban Walks son recorridos urbanos que animan a los participantes a explorar, conocer y apreciar a pie una ciudad. Estas actividades pueden adoptar diversas formas, como visitas guiadas o paseos autoguiados utilizando itinerarios y mapas ya dise\u00f1ados. A menudo se centran [&hellip;]","og_url":"https:\/\/urbanjournalism.institute\/forecast-es\/forecast-2023\/localizando-la-sostenibilidad\/caminatas-urbanas\/","og_site_name":"Municipal Forecast - Espa\u00f1ol","og_image":[{"url":"https:\/\/urbanjournalism.institute\/forecast\/wp-content\/themes\/forecast\/dist\/assets\/images\/editorial\/page-24.jpg","type":"","width":"","height":""}],"twitter_card":"summary_large_image","twitter_misc":{"Tiempo de lectura":"4 minutos"},"schema":{"@context":"https:\/\/schema.org","@graph":[{"@type":"WebPage","@id":"https:\/\/urbanjournalism.institute\/forecast-es\/forecast-2023\/localizando-la-sostenibilidad\/caminatas-urbanas\/","url":"https:\/\/urbanjournalism.institute\/forecast-es\/forecast-2023\/localizando-la-sostenibilidad\/caminatas-urbanas\/","name":"Urban Walks - Municipal Forecast - Espa\u00f1ol","isPartOf":{"@id":"https:\/\/urbanjournalism.institute\/forecast-es\/#website"},"primaryImageOfPage":{"@id":"https:\/\/urbanjournalism.institute\/forecast-es\/forecast-2023\/localizando-la-sostenibilidad\/caminatas-urbanas\/#primaryimage"},"image":{"@id":"https:\/\/urbanjournalism.institute\/forecast-es\/forecast-2023\/localizando-la-sostenibilidad\/caminatas-urbanas\/#primaryimage"},"thumbnailUrl":"https:\/\/urbanjournalism.institute\/forecast\/wp-content\/themes\/forecast\/dist\/assets\/images\/editorial\/page-24.jpg","datePublished":"2023-02-20T07:40:05+00:00","breadcrumb":{"@id":"https:\/\/urbanjournalism.institute\/forecast-es\/forecast-2023\/localizando-la-sostenibilidad\/caminatas-urbanas\/#breadcrumb"},"inLanguage":"es","potentialAction":[{"@type":"ReadAction","target":["https:\/\/urbanjournalism.institute\/forecast-es\/forecast-2023\/localizando-la-sostenibilidad\/caminatas-urbanas\/"]}]},{"@type":"ImageObject","inLanguage":"es","@id":"https:\/\/urbanjournalism.institute\/forecast-es\/forecast-2023\/localizando-la-sostenibilidad\/caminatas-urbanas\/#primaryimage","url":"https:\/\/urbanjournalism.institute\/forecast\/wp-content\/themes\/forecast\/dist\/assets\/images\/editorial\/page-24.jpg","contentUrl":"https:\/\/urbanjournalism.institute\/forecast\/wp-content\/themes\/forecast\/dist\/assets\/images\/editorial\/page-24.jpg"},{"@type":"BreadcrumbList","@id":"https:\/\/urbanjournalism.institute\/forecast-es\/forecast-2023\/localizando-la-sostenibilidad\/caminatas-urbanas\/#breadcrumb","itemListElement":[{"@type":"ListItem","position":1,"name":"Forecast 2023","item":"https:\/\/urbanjournalism.institute\/forecast-es\/forecast-2023\/"},{"@type":"ListItem","position":2,"name":"Localizando la sostenibilidad","item":"https:\/\/urbanjournalism.institute\/forecast-es\/forecast-2023\/localizando-la-sostenibilidad\/"},{"@type":"ListItem","position":3,"name":"Urban Walks"}]},{"@type":"WebSite","@id":"https:\/\/urbanjournalism.institute\/forecast-es\/#website","url":"https:\/\/urbanjournalism.institute\/forecast-es\/","name":"Municipal Forecast - Espa\u00f1ol","description":"","potentialAction":[{"@type":"SearchAction","target":{"@type":"EntryPoint","urlTemplate":"https:\/\/urbanjournalism.institute\/forecast-es\/?s={search_term_string}"},"query-input":{"@type":"PropertyValueSpecification","valueRequired":true,"valueName":"search_term_string"}}],"inLanguage":"es"}]}},"_links":{"self":[{"href":"https:\/\/urbanjournalism.institute\/forecast-es\/wp-json\/wp\/v2\/pages\/32","targetHints":{"allow":["GET"]}}],"collection":[{"href":"https:\/\/urbanjournalism.institute\/forecast-es\/wp-json\/wp\/v2\/pages"}],"about":[{"href":"https:\/\/urbanjournalism.institute\/forecast-es\/wp-json\/wp\/v2\/types\/page"}],"author":[{"embeddable":true,"href":"https:\/\/urbanjournalism.institute\/forecast-es\/wp-json\/wp\/v2\/users\/1"}],"replies":[{"embeddable":true,"href":"https:\/\/urbanjournalism.institute\/forecast-es\/wp-json\/wp\/v2\/comments?post=32"}],"version-history":[{"count":0,"href":"https:\/\/urbanjournalism.institute\/forecast-es\/wp-json\/wp\/v2\/pages\/32\/revisions"}],"up":[{"embeddable":true,"href":"https:\/\/urbanjournalism.institute\/forecast-es\/wp-json\/wp\/v2\/pages\/26"}],"wp:attachment":[{"href":"https:\/\/urbanjournalism.institute\/forecast-es\/wp-json\/wp\/v2\/media?parent=32"}],"curies":[{"name":"wp","href":"https:\/\/api.w.org\/{rel}","templated":true}]}}