{"id":34,"date":"2023-02-20T07:40:05","date_gmt":"2023-02-20T07:40:05","guid":{"rendered":"https:\/\/urbanjournalism.institute\/forecast\/es\/forecast-2023\/cultura\/objetivo-cultura2030\/"},"modified":"2023-02-20T07:40:05","modified_gmt":"2023-02-20T07:40:05","slug":"objetivo-cultura2030","status":"publish","type":"page","link":"https:\/\/urbanjournalism.institute\/forecast-es\/forecast-2023\/cultura\/objetivo-cultura2030\/","title":{"rendered":"Objetivo Cultura2030"},"content":{"rendered":"\n<figure class=\"wp-block-image banner\" id=\"block-ea85d8b7-b5e0-4bf8-887a-d426877c936f\"><img decoding=\"async\" src=\"https:\/\/urbanjournalism.institute\/forecast\/wp-content\/themes\/forecast\/dist\/assets\/images\/editorial\/culture.jpg\" alt=\"This image has an empty alt attribute; its file name is culture.jpg\" \/><figcaption class=\"wp-element-caption\">Dubl\u00edn (Irlanda)<br>\u00a9 David Soanes<\/figcaption><\/figure>\n\n\n\n<figure class=\"wp-block-image banner banner-lg\" id=\"block-853e1013-37c3-469c-98ab-88301e1e90af\"><img decoding=\"async\" src=\"https:\/\/urbanjournalism.institute\/forecast\/wp-content\/themes\/forecast\/dist\/assets\/images\/editorial\/page-27.jpg\" alt=\"This image has an empty alt attribute; its file name is page-27.jpg\" \/><\/figure>\n\n\n\n<div style=\"height:33px\" aria-hidden=\"true\" class=\"wp-block-spacer\"><\/div>\n\n\n\n<div class=\"wp-block-group\"><div class=\"wp-block-group__inner-container is-layout-constrained wp-block-group-is-layout-constrained\">\n<header class=\"wp-block-group goal-logo\"><div class=\"wp-block-group__inner-container is-layout-constrained wp-block-group-is-layout-constrained\">\n<figure class=\"wp-block-image size-large\"><img decoding=\"async\" src=\"https:\/\/urbanjournalism.institute\/forecast\/wp-content\/themes\/forecast\/dist\/assets\/images\/editorial\/goal.jpg\" alt=\"\" \/><\/figure>\n\n\n\n<header class=\"wp-block-group\"><div class=\"wp-block-group__inner-container is-layout-constrained wp-block-group-is-layout-constrained\">\n<h1 class=\"wp-block-heading\">#Culture2030Goal<\/h1>\n\n\n\n<h4 class=\"wp-block-heading fs-4\"><em>Un objetivo de desarrollo sostenible<br>dedicado a la Cultura<\/em><\/h4>\n<\/div><\/header>\n<\/div><\/header>\n\n\n\n<div class=\"wp-block-columns is-layout-flex wp-container-core-columns-is-layout-9d6595d7 wp-block-columns-is-layout-flex\">\n<div class=\"wp-block-column is-layout-flow wp-block-column-is-layout-flow\">\n<p>En el marco de los Objetivos de Desarrollo Sostenible (ODS), adoptados en 2015 por las Naciones Unidas, la agenda internacional de desarrollo hace escasas referencias a la cultura. Los ODS no han incorporado todo su potencial en el desarrollo sostenible, a pesar de que la salvaguarda y la promoci\u00f3n de la cultura contribuyen directamente a resolver muchos de los retos de la humanidad: ciudades seguras y sostenibles, trabajo digno y crecimiento econ\u00f3mico, reducci\u00f3n de las desigualdades, medio ambiente, igualdad de g\u00e9nero y sociedades pac\u00edficas e inclusivas, por ejemplo.<\/p>\n\n\n\n<p>La cultura desempe\u00f1a un papel crucial en el ODS 11: Lograr que las ciudades y los asentamientos humanos sean inclusivos, seguros, resilientes y sostenibles. La meta 4 del objetivo 11 insta a redoblar los esfuerzos para proteger y salvaguardar el patrimonio cultural y natural del mundo. En otras agendas de desarrollo adoptadas tambi\u00e9n se apoyan los aspectos culturales de los ODS en relaci\u00f3n con las ciudades, como la Declaraci\u00f3n de Hangzhou y la Nueva Agenda Urbana. Las zonas urbanas ricas en patrimonio cultural y con un sector creativo din\u00e1mico son m\u00e1s atractivas para las personas y las empresas, ya que sus econom\u00edas se basan en gran medida en el patrimonio inmaterial, como la artesan\u00eda, la m\u00fasica, la danza, las artes visuales, la cocina tradicional y el teatro, entre otros.<\/p>\n\n\n\n<p>Las industrias creativas y las infraestructuras culturales son recursos valiosos para generar medios de subsistencia, en particular en los pa\u00edses en desarrollo con una gran riqueza de industrias creativas que emplean a un porcentaje significativo de mujeres. El fortalecimiento del comercio de bienes y servicios culturales supone un impulso para los mercados locales y nacionales, lo que a su vez proporciona oportunidades de empleo para un trabajo decente y promueve la producci\u00f3n local.<\/p>\n<\/div>\n\n\n\n<div class=\"wp-block-column is-layout-flow wp-block-column-is-layout-flow\">\n<p>Las pol\u00edticas culturales que promueven un trato preferente en el comercio para los bienes producidos a escala local contribuyen a la reducci\u00f3n de las desigualdades dentro de los pa\u00edses y entre ellos.<\/p>\n\n\n\n<p>La cultura, en particular los conocimientos tradicionales, tambi\u00e9n contribuye a la resiliencia y la recuperaci\u00f3n en caso de desastres. La cultura tambi\u00e9n facilita el entendimiento, la paz y la justicia. Mediante la prevenci\u00f3n de los conflictos y el fomento de la diversidad y la solidaridad, la cultura contribuye a proteger los derechos de los grupos marginados.<\/p>\n\n\n\n<p>En el marco de la Agenda 2030, a pesar de todas las referencias, no se ha reconocido adecuadamente la importante contribuci\u00f3n de la cultura a los ODS. El papel y el impacto precisos de la cultura en el desarrollo sostenible deben estudiarse, medirse y ponerse en pr\u00e1ctica de forma sistem\u00e1tica. A medida que avanza la implementaci\u00f3n de los ODS y se inicia la reflexi\u00f3n sobre los retos y los contenidos de una agenda de desarrollo pos-2030, es oportuno considerar c\u00f3mo la cultura puede ocupar el lugar que le corresponde en los compromisos, objetivos y metas que las Naciones Unidas adoptar\u00e1n en su momento.<\/p>\n\n\n\n<p>M\u00e1s informaci\u00f3n en:&nbsp;<\/p>\n\n\n\n<p><a href=\"http:\/\/culture2030goal.net\/\" target=\"_blank\" rel=\"noreferrer noopener\">http:\/\/culture2030goal.net\/<\/a><\/p>\n\n\n\n<p><a href=\"https:\/\/bit.ly\/3IWFhtD\" target=\"_blank\" rel=\"noreferrer noopener\">https:\/\/bit.ly\/3IWFhtD<\/a><\/p>\n<\/div>\n<\/div>\n<\/div><\/div>\n\n\n\n<div class=\"wp-block-group narrow-group\"><div class=\"wp-block-group__inner-container is-layout-constrained wp-block-group-is-layout-constrained\"><\/div><\/div>\n\n\n\n<div class=\"wp-block-group has-pale-pink-background-color has-background\"><div class=\"wp-block-group__inner-container is-layout-constrained wp-block-group-is-layout-constrained\">\n<div class=\"wp-block-columns is-layout-flex wp-container-core-columns-is-layout-9d6595d7 wp-block-columns-is-layout-flex\">\n<div class=\"wp-block-column border-left is-layout-flow wp-block-column-is-layout-flow\">\n<h2 class=\"wp-block-heading\">\u00bfD\u00f3nde aunar los esfuerzos?<\/h2>\n\n\n\n<h4 class=\"wp-block-heading\"><em><em>5.\u00aa Cumbre de Cultura de CGLU en Dubl\u00edn<\/em><\/em><\/h4>\n\n\n\n<p class=\"has-text-align-left\">Del 27 de noviembre al 1 de diciembre de 2023, la capital de Irlanda acoger\u00e1 la 5.\u00aa Cumbre de Cultura de Ciudades y Gobiernos Locales Unidos. Reunir\u00e1 a todas las partes interesadas en la cultura, las pol\u00edticas p\u00fablicas y la sostenibilidad, as\u00ed como a representantes de los gobiernos locales y nacionales y de organizaciones internacionales.<\/p>\n\n\n\n<p class=\"has-text-align-left\">La Cumbre, de tres d\u00edas de duraci\u00f3n, har\u00e1 hincapi\u00e9 en el papel de la cultura como una parte esencial de las ciudades sostenibles y promover\u00e1 el intercambio de experiencias e innovaciones de gobiernos locales de todo el mundo. Examinar\u00e1 el v\u00ednculo entre las pol\u00edticas culturales, la emergencia clim\u00e1tica y la igualdad de g\u00e9nero, y debatir\u00e1 el papel que desempe\u00f1an los derechos culturales a la hora de abordar las crecientes desigualdades en la sociedad.<\/p>\n\n\n\n<p class=\"has-text-align-left\">Uno de los principales objetivos ser\u00e1 seguir desarrollando la propuesta del \u00abObjetivo Cultura\u00bb, defendido en la campa\u00f1a mundial #Culture2030Goal e incluido en la declaraci\u00f3n final de la Conferencia Mondiacult 2022 de la Unesco, que se celebr\u00f3 en Ciudad de M\u00e9xico en septiembre de 2022.<\/p>\n<\/div>\n\n\n\n<div class=\"wp-block-column is-layout-flow wp-block-column-is-layout-flow\">\n<p class=\"has-text-align-left\">La campa\u00f1a #Culture2030Goal se present\u00f3 en el marco de la conferencia Mondiacult y la publicaci\u00f3n de un informe en profundidad sobre el contexto, la viabilidad y los posibles contenidos de un Objetivo Cultura independiente. A partir de un amplio proceso de consulta, se identificaron diez metas, que incluyen, entre otras cuestiones: los derechos culturales en las pol\u00edticas locales y nacionales, la promoci\u00f3n de una cultura de la paz y la no violencia, la protecci\u00f3n de todas las formas de patrimonio, la apreciaci\u00f3n de la diversidad cultural, el empoderamiento de los pueblos ind\u00edgenas y el fortalecimiento de las instituciones culturales, incluso a trav\u00e9s de la cooperaci\u00f3n internacional.<\/p>\n\n\n\n<p class=\"has-text-align-left\">La Cumbre de la Cultura de Dubl\u00edn se basa en las anteriores cumbres celebradas en Bilbao (2015), Jeju (2017), Buenos Aires (2019) e Izmir (2021).<\/p>\n\n\n\n<p class=\"has-text-align-left\"><strong>M\u00e1s informaci\u00f3n en: <br><\/strong><a href=\"https:\/\/bit.ly\/3YM7fxo\">https:\/\/bit.ly\/3YM7fxo<\/a><\/p>\n<\/div>\n<\/div>\n<\/div><\/div>\n","protected":false},"excerpt":{"rendered":"<p>#Culture2030Goal Un objetivo de desarrollo sosteniblededicado a la Cultura En el marco de los Objetivos de Desarrollo Sostenible (ODS), adoptados en 2015 por las Naciones Unidas, la agenda internacional de desarrollo hace escasas referencias a la cultura. Los ODS no han incorporado todo su potencial en el desarrollo sostenible, a pesar de que la salvaguarda [&hellip;]<\/p>\n","protected":false},"author":1,"featured_media":0,"parent":33,"menu_order":0,"comment_status":"closed","ping_status":"closed","template":"","meta":{"footnotes":""},"class_list":["post-34","page","type-page","status-publish","hentry"],"yoast_head":"<!-- This site is optimized with the Yoast SEO plugin v27.0 - https:\/\/yoast.com\/product\/yoast-seo-wordpress\/ -->\n<title>Objetivo Cultura2030 - Municipal Forecast - Espa\u00f1ol<\/title>\n<meta name=\"robots\" content=\"index, follow, max-snippet:-1, max-image-preview:large, max-video-preview:-1\" \/>\n<link rel=\"canonical\" href=\"https:\/\/urbanjournalism.institute\/forecast-es\/forecast-2023\/cultura\/objetivo-cultura2030\/\" \/>\n<meta property=\"og:locale\" content=\"es_ES\" \/>\n<meta property=\"og:type\" content=\"article\" \/>\n<meta property=\"og:title\" content=\"Objetivo Cultura2030 - Municipal Forecast - Espa\u00f1ol\" \/>\n<meta property=\"og:description\" content=\"#Culture2030Goal Un objetivo de desarrollo sosteniblededicado a la Cultura En el marco de los Objetivos de Desarrollo Sostenible (ODS), adoptados en 2015 por las Naciones Unidas, la agenda internacional de desarrollo hace escasas referencias a la cultura. Los ODS no han incorporado todo su potencial en el desarrollo sostenible, a pesar de que la salvaguarda [&hellip;]\" \/>\n<meta property=\"og:url\" content=\"https:\/\/urbanjournalism.institute\/forecast-es\/forecast-2023\/cultura\/objetivo-cultura2030\/\" \/>\n<meta property=\"og:site_name\" content=\"Municipal Forecast - Espa\u00f1ol\" \/>\n<meta property=\"og:image\" content=\"https:\/\/urbanjournalism.institute\/forecast\/wp-content\/themes\/forecast\/dist\/assets\/images\/editorial\/culture.jpg\" \/>\n<meta name=\"twitter:card\" content=\"summary_large_image\" \/>\n<meta name=\"twitter:label1\" content=\"Tiempo de lectura\" \/>\n\t<meta name=\"twitter:data1\" content=\"4 minutos\" \/>\n<script type=\"application\/ld+json\" class=\"yoast-schema-graph\">{\"@context\":\"https:\/\/schema.org\",\"@graph\":[{\"@type\":\"WebPage\",\"@id\":\"https:\/\/urbanjournalism.institute\/forecast-es\/forecast-2023\/cultura\/objetivo-cultura2030\/\",\"url\":\"https:\/\/urbanjournalism.institute\/forecast-es\/forecast-2023\/cultura\/objetivo-cultura2030\/\",\"name\":\"Objetivo Cultura2030 - Municipal Forecast - Espa\u00f1ol\",\"isPartOf\":{\"@id\":\"https:\/\/urbanjournalism.institute\/forecast-es\/#website\"},\"primaryImageOfPage\":{\"@id\":\"https:\/\/urbanjournalism.institute\/forecast-es\/forecast-2023\/cultura\/objetivo-cultura2030\/#primaryimage\"},\"image\":{\"@id\":\"https:\/\/urbanjournalism.institute\/forecast-es\/forecast-2023\/cultura\/objetivo-cultura2030\/#primaryimage\"},\"thumbnailUrl\":\"https:\/\/urbanjournalism.institute\/forecast\/wp-content\/themes\/forecast\/dist\/assets\/images\/editorial\/culture.jpg\",\"datePublished\":\"2023-02-20T07:40:05+00:00\",\"breadcrumb\":{\"@id\":\"https:\/\/urbanjournalism.institute\/forecast-es\/forecast-2023\/cultura\/objetivo-cultura2030\/#breadcrumb\"},\"inLanguage\":\"es\",\"potentialAction\":[{\"@type\":\"ReadAction\",\"target\":[\"https:\/\/urbanjournalism.institute\/forecast-es\/forecast-2023\/cultura\/objetivo-cultura2030\/\"]}]},{\"@type\":\"ImageObject\",\"inLanguage\":\"es\",\"@id\":\"https:\/\/urbanjournalism.institute\/forecast-es\/forecast-2023\/cultura\/objetivo-cultura2030\/#primaryimage\",\"url\":\"https:\/\/urbanjournalism.institute\/forecast\/wp-content\/themes\/forecast\/dist\/assets\/images\/editorial\/culture.jpg\",\"contentUrl\":\"https:\/\/urbanjournalism.institute\/forecast\/wp-content\/themes\/forecast\/dist\/assets\/images\/editorial\/culture.jpg\"},{\"@type\":\"BreadcrumbList\",\"@id\":\"https:\/\/urbanjournalism.institute\/forecast-es\/forecast-2023\/cultura\/objetivo-cultura2030\/#breadcrumb\",\"itemListElement\":[{\"@type\":\"ListItem\",\"position\":1,\"name\":\"Forecast 2023\",\"item\":\"https:\/\/urbanjournalism.institute\/forecast-es\/forecast-2023\/\"},{\"@type\":\"ListItem\",\"position\":2,\"name\":\"Cultura\",\"item\":\"https:\/\/urbanjournalism.institute\/forecast-es\/forecast-2023\/cultura\/\"},{\"@type\":\"ListItem\",\"position\":3,\"name\":\"Objetivo Cultura2030\"}]},{\"@type\":\"WebSite\",\"@id\":\"https:\/\/urbanjournalism.institute\/forecast-es\/#website\",\"url\":\"https:\/\/urbanjournalism.institute\/forecast-es\/\",\"name\":\"Municipal Forecast - Espa\u00f1ol\",\"description\":\"\",\"potentialAction\":[{\"@type\":\"SearchAction\",\"target\":{\"@type\":\"EntryPoint\",\"urlTemplate\":\"https:\/\/urbanjournalism.institute\/forecast-es\/?s={search_term_string}\"},\"query-input\":{\"@type\":\"PropertyValueSpecification\",\"valueRequired\":true,\"valueName\":\"search_term_string\"}}],\"inLanguage\":\"es\"}]}<\/script>\n<!-- \/ Yoast SEO plugin. -->","yoast_head_json":{"title":"Objetivo Cultura2030 - Municipal Forecast - Espa\u00f1ol","robots":{"index":"index","follow":"follow","max-snippet":"max-snippet:-1","max-image-preview":"max-image-preview:large","max-video-preview":"max-video-preview:-1"},"canonical":"https:\/\/urbanjournalism.institute\/forecast-es\/forecast-2023\/cultura\/objetivo-cultura2030\/","og_locale":"es_ES","og_type":"article","og_title":"Objetivo Cultura2030 - Municipal Forecast - Espa\u00f1ol","og_description":"#Culture2030Goal Un objetivo de desarrollo sosteniblededicado a la Cultura En el marco de los Objetivos de Desarrollo Sostenible (ODS), adoptados en 2015 por las Naciones Unidas, la agenda internacional de desarrollo hace escasas referencias a la cultura. Los ODS no han incorporado todo su potencial en el desarrollo sostenible, a pesar de que la salvaguarda [&hellip;]","og_url":"https:\/\/urbanjournalism.institute\/forecast-es\/forecast-2023\/cultura\/objetivo-cultura2030\/","og_site_name":"Municipal Forecast - Espa\u00f1ol","og_image":[{"url":"https:\/\/urbanjournalism.institute\/forecast\/wp-content\/themes\/forecast\/dist\/assets\/images\/editorial\/culture.jpg","type":"","width":"","height":""}],"twitter_card":"summary_large_image","twitter_misc":{"Tiempo de lectura":"4 minutos"},"schema":{"@context":"https:\/\/schema.org","@graph":[{"@type":"WebPage","@id":"https:\/\/urbanjournalism.institute\/forecast-es\/forecast-2023\/cultura\/objetivo-cultura2030\/","url":"https:\/\/urbanjournalism.institute\/forecast-es\/forecast-2023\/cultura\/objetivo-cultura2030\/","name":"Objetivo Cultura2030 - Municipal Forecast - Espa\u00f1ol","isPartOf":{"@id":"https:\/\/urbanjournalism.institute\/forecast-es\/#website"},"primaryImageOfPage":{"@id":"https:\/\/urbanjournalism.institute\/forecast-es\/forecast-2023\/cultura\/objetivo-cultura2030\/#primaryimage"},"image":{"@id":"https:\/\/urbanjournalism.institute\/forecast-es\/forecast-2023\/cultura\/objetivo-cultura2030\/#primaryimage"},"thumbnailUrl":"https:\/\/urbanjournalism.institute\/forecast\/wp-content\/themes\/forecast\/dist\/assets\/images\/editorial\/culture.jpg","datePublished":"2023-02-20T07:40:05+00:00","breadcrumb":{"@id":"https:\/\/urbanjournalism.institute\/forecast-es\/forecast-2023\/cultura\/objetivo-cultura2030\/#breadcrumb"},"inLanguage":"es","potentialAction":[{"@type":"ReadAction","target":["https:\/\/urbanjournalism.institute\/forecast-es\/forecast-2023\/cultura\/objetivo-cultura2030\/"]}]},{"@type":"ImageObject","inLanguage":"es","@id":"https:\/\/urbanjournalism.institute\/forecast-es\/forecast-2023\/cultura\/objetivo-cultura2030\/#primaryimage","url":"https:\/\/urbanjournalism.institute\/forecast\/wp-content\/themes\/forecast\/dist\/assets\/images\/editorial\/culture.jpg","contentUrl":"https:\/\/urbanjournalism.institute\/forecast\/wp-content\/themes\/forecast\/dist\/assets\/images\/editorial\/culture.jpg"},{"@type":"BreadcrumbList","@id":"https:\/\/urbanjournalism.institute\/forecast-es\/forecast-2023\/cultura\/objetivo-cultura2030\/#breadcrumb","itemListElement":[{"@type":"ListItem","position":1,"name":"Forecast 2023","item":"https:\/\/urbanjournalism.institute\/forecast-es\/forecast-2023\/"},{"@type":"ListItem","position":2,"name":"Cultura","item":"https:\/\/urbanjournalism.institute\/forecast-es\/forecast-2023\/cultura\/"},{"@type":"ListItem","position":3,"name":"Objetivo Cultura2030"}]},{"@type":"WebSite","@id":"https:\/\/urbanjournalism.institute\/forecast-es\/#website","url":"https:\/\/urbanjournalism.institute\/forecast-es\/","name":"Municipal Forecast - Espa\u00f1ol","description":"","potentialAction":[{"@type":"SearchAction","target":{"@type":"EntryPoint","urlTemplate":"https:\/\/urbanjournalism.institute\/forecast-es\/?s={search_term_string}"},"query-input":{"@type":"PropertyValueSpecification","valueRequired":true,"valueName":"search_term_string"}}],"inLanguage":"es"}]}},"_links":{"self":[{"href":"https:\/\/urbanjournalism.institute\/forecast-es\/wp-json\/wp\/v2\/pages\/34","targetHints":{"allow":["GET"]}}],"collection":[{"href":"https:\/\/urbanjournalism.institute\/forecast-es\/wp-json\/wp\/v2\/pages"}],"about":[{"href":"https:\/\/urbanjournalism.institute\/forecast-es\/wp-json\/wp\/v2\/types\/page"}],"author":[{"embeddable":true,"href":"https:\/\/urbanjournalism.institute\/forecast-es\/wp-json\/wp\/v2\/users\/1"}],"replies":[{"embeddable":true,"href":"https:\/\/urbanjournalism.institute\/forecast-es\/wp-json\/wp\/v2\/comments?post=34"}],"version-history":[{"count":0,"href":"https:\/\/urbanjournalism.institute\/forecast-es\/wp-json\/wp\/v2\/pages\/34\/revisions"}],"up":[{"embeddable":true,"href":"https:\/\/urbanjournalism.institute\/forecast-es\/wp-json\/wp\/v2\/pages\/33"}],"wp:attachment":[{"href":"https:\/\/urbanjournalism.institute\/forecast-es\/wp-json\/wp\/v2\/media?parent=34"}],"curies":[{"name":"wp","href":"https:\/\/api.w.org\/{rel}","templated":true}]}}