{"id":36,"date":"2023-02-20T07:40:05","date_gmt":"2023-02-20T07:40:05","guid":{"rendered":"https:\/\/urbanjournalism.institute\/forecast\/es\/forecast-2023\/cultura\/elefsina-timisoara-y-veszprem\/"},"modified":"2023-02-20T07:40:05","modified_gmt":"2023-02-20T07:40:05","slug":"elefsina-timisoara-y-veszprem","status":"publish","type":"page","link":"https:\/\/urbanjournalism.institute\/forecast-es\/forecast-2023\/cultura\/elefsina-timisoara-y-veszprem\/","title":{"rendered":"Elefsina, Timisoara y Veszpr\u00e9m"},"content":{"rendered":"\n<div class=\"wp-block-group narrow-group\"><div class=\"wp-block-group__inner-container is-layout-constrained wp-block-group-is-layout-constrained\">\n<div class=\"wp-block-columns are-vertically-aligned-top is-layout-flex wp-container-core-columns-is-layout-9d6595d7 wp-block-columns-is-layout-flex\">\n<div class=\"wp-block-column is-vertically-aligned-top is-layout-flow wp-block-column-is-layout-flow\">\n<hr class=\"wp-block-separator has-alpha-channel-opacity\" \/>\n\n\n\n<h1 class=\"wp-block-heading\">Elefsina, Timisoara y Veszpr\u00e9m<\/h1>\n\n\n\n<h4 class=\"wp-block-heading\"><em>Arte y cultura en 2023<\/em><\/h4>\n\n\n\n<p>El t\u00edtulo de Capital Europea de la Cultura se remonta a 1985. Melina Mercouri y Jack Lang, ministros de Cultura de Grecia y Francia, respectivamente, tuvieron la idea de elegir una vez al a\u00f1o la Capital Europea de la Cultura, con la intenci\u00f3n de conectar a los pueblos de Europa y concienciarlos sobre su historia y valores compartidos. Ese mismo a\u00f1o, la resoluci\u00f3n de los ministros de Cultura de la Uni\u00f3n Europea puso en marcha el proyecto. La iniciativa se convirti\u00f3 pronto en uno de los acontecimientos europeos m\u00e1s prestigiosos. Desde entonces, m\u00e1s de cuarenta ciudades han ostentado el t\u00edtulo de Capital Europea de la Cultura (CEC). Cada a\u00f1o, las ciudades seleccionadas son un ejemplo de la riqueza y diversidad de las culturas europeas.<\/p>\n\n\n\n<p>El 23 de diciembre de 2020, la Comisi\u00f3n Europea tom\u00f3 la decisi\u00f3n oficial de aplazar la capitalidad europea en 2021 al a\u00f1o 2022, a causa de la crisis mundial provocada por la pandemia de la COVID-19. De esta forma, Novi Sad (Serbia) se un\u00eda a Kaunas (Lituania) y Esch-sur-Alzette (Luxemburgo) como Capitales Europeas de la Cultura en 2022, mientras que Timisoara (Ruman\u00eda) no ostentar\u00eda el t\u00edtulo hasta 2023 junto con Elefsina (Grecia) y Veszpr\u00e9m (Hungr\u00eda).<\/p>\n<\/div>\n\n\n\n<div class=\"wp-block-column is-vertically-aligned-top is-layout-flow wp-block-column-is-layout-flow\">\n<p>La CEP se cre\u00f3 para poner de relieve la riqueza y diversidad de las culturas europeas, reforzar los lazos entre los ciudadanos de Europa, conectar a personas de distintos pa\u00edses europeos, conocer otras culturas, promover el entendimiento mutuo y fortalecer el sentimiento de europeidad. El legado m\u00e1s importante del proyecto es situar la cultura en el centro mismo del desarrollo social y redefinir la cultura como un elemento fundamental del desarrollo econ\u00f3mico basado en el conocimiento, la innovaci\u00f3n y la creatividad.<\/p>\n\n\n\n<p>Muchas capitales de la cultura aprovecharon esta oportunidad para desarrollar infraestructuras culturales durante y despu\u00e9s del proyecto, proporcionar un acceso m\u00e1s amplio a la cultura, mejorar la imagen de la ciudad, desarrollar la econom\u00eda del turismo y reforzar las industrias culturales y creativas.<\/p>\n\n\n\n<figure class=\"wp-block-image size-large\"><img decoding=\"async\" src=\"https:\/\/urbanjournalism.institute\/forecast\/wp-content\/themes\/forecast\/dist\/assets\/images\/editorial\/page-29.jpg\" alt=\"\" \/><figcaption class=\"wp-element-caption\"><em>Castillo de Veszprem en invierno<\/em><br><em>\u00a9Cs\u00e1k Istv\u00e1n<\/em><\/figcaption><\/figure>\n<\/div>\n<\/div>\n<\/div><\/div>\n\n\n\n<div class=\"wp-block-group\"><div class=\"wp-block-group__inner-container is-layout-constrained wp-block-group-is-layout-constrained\">\n<div class=\"wp-block-columns are-vertically-aligned-center is-layout-flex wp-container-core-columns-is-layout-9d6595d7 wp-block-columns-is-layout-flex\">\n<div class=\"wp-block-column is-vertically-aligned-center is-layout-flow wp-block-column-is-layout-flow\" style=\"flex-basis:33.33%\">\n<figure class=\"wp-block-image size-large\"><img decoding=\"async\" src=\"https:\/\/urbanjournalism.institute\/forecast\/wp-content\/themes\/forecast\/dist\/assets\/images\/editorial\/page-30.jpg\" alt=\"\" \/><figcaption class=\"wp-element-caption\"><em>Plaza de la Uni\u00f3n de Timisoara<\/em><br><em>\u00a9 Cornel Putan<\/em><\/figcaption><\/figure>\n<\/div>\n\n\n\n<div class=\"wp-block-column is-vertically-aligned-center is-layout-flow wp-block-column-is-layout-flow\" style=\"flex-basis:66.66%\">\n<p>Elefsina CEC2023 est\u00e1 llevando a cabo acciones en apoyo de un legado tangible e intangible que garantice la continuidad cultural y la singularidad de la ciudad como referencia en la historia griega antigua y moderna. Por ejemplo, se est\u00e1 adaptando y reutilizando determinados edificios industriales abandonados. Esta reconversi\u00f3n proporcionar\u00e1 espacios para la promoci\u00f3n de la cultura actual, es decir, intervenciones art\u00edsticas y performativas continuas en la vida de la ciudad. Elefsina est\u00e1 remodelando y transformando un emplazamiento industrial degradado medioambientalmente, en una zona que ahora se conoce como Dogteeth, para crear un teatro paisaj\u00edstico.<\/p>\n\n\n\n<p>Elefsina tambi\u00e9n est\u00e1 aprovechando la capitalidad cultural para mejorar la movilidad entre la ciudad y el \u00e1rea metropolitana de Atenas. Por razones tanto pr\u00e1cticas como tur\u00edsticas, se ha creado una ruta de transporte mar\u00edtimo, que as\u00ed estimula la naturaleza costera de Elefsina. Adem\u00e1s, se ha impulsado la reactivaci\u00f3n de las l\u00edneas de transporte ferroviario existentes, como el tren hist\u00f3rico que anta\u00f1o conduc\u00eda a Elefsina.<\/p>\n\n\n\n<p>Timisoara empez\u00f3 2023 estableci\u00e9ndose como un lugar donde la excelencia cultural proporciona a sus ciudadanos confianza en s\u00ed mismos y el poder de provocar cambios mediante la participaci\u00f3n y la implicaci\u00f3n. Habida cuenta de su papel como iniciadora de transformaciones en momentos cruciales de la historia, Timisoara utiliza su capitalidad cultural para restaurar la capacidad de los ciudadanos de promover cambios y contribuir a una Europa revitalizada, poniendo en marcha la energ\u00eda c\u00edvica. Partiendo de la v\u00edvida y poderosa met\u00e1fora de la luz, Timisoara utiliza el lema \u00abBrilla con tu luz, \u00a1ilumina tu ciudad!\u00bb.<\/p>\n<\/div>\n<\/div>\n<\/div><\/div>\n\n\n\n<div class=\"wp-block-group\"><div class=\"wp-block-group__inner-container is-layout-constrained wp-block-group-is-layout-constrained\">\n<div class=\"wp-block-columns are-vertically-aligned-center is-layout-flex wp-container-core-columns-is-layout-9d6595d7 wp-block-columns-is-layout-flex\">\n<div class=\"wp-block-column is-vertically-aligned-center is-layout-flow wp-block-column-is-layout-flow\" style=\"flex-basis:66.66%\">\n<p>El desarrollo de las infraestructuras de la CEC2023 se centra en proyectos al servicio de los programas culturales y comunitarios, con una atenci\u00f3n especial a la revitalizaci\u00f3n y reinterpretaci\u00f3n del patrimonio de edificios y espacios p\u00fablicos de la ciudad y la regi\u00f3n ya existentes, en desuso e infrautilizados.<\/p>\n\n\n\n<p>La ciudad de Veszpr\u00e9m ha definido el distrito cultural y el sistema de espacios p\u00fablicos que une el Teatro Pet\u0151fi, la Biblioteca Municipal E\u00f6tv\u00f6s K\u00e1roly, el Museo Laczk\u00f3 Dezs\u0151, el Hangvilla, la Escuela de M\u00fasica Cserm\u00e1k Antal y la Universidad de Panonia. El Jard\u00edn del Obispo, el Parque Erzs\u00e9bet y el paseo Erzs\u00e9bet, situados en el centro de Veszpr\u00e9m, constituyen una activa zona ajardinada contigua de cuatro hect\u00e1reas. La zona de la antigua colina de San Nicol\u00e1s se convertir\u00e1 en uno de los subcentros de las actuales instalaciones culturales, educativas y musicales de la ciudad.<\/p>\n\n\n\n<p>Veszpr\u00e9m est\u00e1 llevando a cabo intervenciones en lugares espec\u00edficos (tanto arquitect\u00f3nicos como urbanos) para cambiar la imagen a la ciudad. Por ejemplo, la zona del campus de la calle de la Universidad de Panonia est\u00e1 actualmente separada del sistema de espacios p\u00fablicos por vallas y barreras de tr\u00e1fico cerca del parque y el paseo Elizabeth. Los espacios situados entre los edificios centrales de la universidad suelen utilizarse como aparcamientos. CEC2023 est\u00e1 aportando a la ciudad una nueva red de espacios p\u00fablicos abiertos.<\/p>\n<\/div>\n\n\n\n<div class=\"wp-block-column is-vertically-aligned-center is-layout-flow wp-block-column-is-layout-flow\" style=\"flex-basis:33.33%\">\n<figure class=\"wp-block-image size-large\"><img decoding=\"async\" src=\"https:\/\/urbanjournalism.institute\/forecast\/wp-content\/themes\/forecast\/dist\/assets\/images\/editorial\/page-31.jpg\" alt=\"\" \/><figcaption class=\"wp-element-caption\"><em><em>Vista de Elefsina desde el nacimiento arqueol\u00f3gico de Eleusis<\/em><br><em>\u00a9 Haris Andronos<\/em><\/em><\/figcaption><\/figure>\n<\/div>\n<\/div>\n<\/div><\/div>\n","protected":false},"excerpt":{"rendered":"<p>Elefsina, Timisoara y Veszpr\u00e9m Arte y cultura en 2023 El t\u00edtulo de Capital Europea de la Cultura se remonta a 1985. Melina Mercouri y Jack Lang, ministros de Cultura de Grecia y Francia, respectivamente, tuvieron la idea de elegir una vez al a\u00f1o la Capital Europea de la Cultura, con la intenci\u00f3n de conectar a [&hellip;]<\/p>\n","protected":false},"author":1,"featured_media":0,"parent":33,"menu_order":20,"comment_status":"closed","ping_status":"closed","template":"","meta":{"footnotes":""},"class_list":["post-36","page","type-page","status-publish","hentry"],"yoast_head":"<!-- This site is optimized with the Yoast SEO plugin v27.0 - https:\/\/yoast.com\/product\/yoast-seo-wordpress\/ -->\n<title>Elefsina, Timisoara y Veszpr\u00e9m - Municipal Forecast - Espa\u00f1ol<\/title>\n<meta name=\"robots\" content=\"index, follow, max-snippet:-1, max-image-preview:large, max-video-preview:-1\" \/>\n<link rel=\"canonical\" href=\"https:\/\/urbanjournalism.institute\/forecast-es\/forecast-2023\/cultura\/elefsina-timisoara-y-veszprem\/\" \/>\n<meta property=\"og:locale\" content=\"es_ES\" \/>\n<meta property=\"og:type\" content=\"article\" \/>\n<meta property=\"og:title\" content=\"Elefsina, Timisoara y Veszpr\u00e9m - Municipal Forecast - Espa\u00f1ol\" \/>\n<meta property=\"og:description\" content=\"Elefsina, Timisoara y Veszpr\u00e9m Arte y cultura en 2023 El t\u00edtulo de Capital Europea de la Cultura se remonta a 1985. Melina Mercouri y Jack Lang, ministros de Cultura de Grecia y Francia, respectivamente, tuvieron la idea de elegir una vez al a\u00f1o la Capital Europea de la Cultura, con la intenci\u00f3n de conectar a [&hellip;]\" \/>\n<meta property=\"og:url\" content=\"https:\/\/urbanjournalism.institute\/forecast-es\/forecast-2023\/cultura\/elefsina-timisoara-y-veszprem\/\" \/>\n<meta property=\"og:site_name\" content=\"Municipal Forecast - Espa\u00f1ol\" \/>\n<meta property=\"og:image\" content=\"https:\/\/urbanjournalism.institute\/forecast\/wp-content\/themes\/forecast\/dist\/assets\/images\/editorial\/page-29.jpg\" \/>\n<meta name=\"twitter:card\" content=\"summary_large_image\" \/>\n<meta name=\"twitter:label1\" content=\"Tiempo de lectura\" \/>\n\t<meta name=\"twitter:data1\" content=\"5 minutos\" \/>\n<script type=\"application\/ld+json\" class=\"yoast-schema-graph\">{\"@context\":\"https:\/\/schema.org\",\"@graph\":[{\"@type\":\"WebPage\",\"@id\":\"https:\/\/urbanjournalism.institute\/forecast-es\/forecast-2023\/cultura\/elefsina-timisoara-y-veszprem\/\",\"url\":\"https:\/\/urbanjournalism.institute\/forecast-es\/forecast-2023\/cultura\/elefsina-timisoara-y-veszprem\/\",\"name\":\"Elefsina, Timisoara y Veszpr\u00e9m - Municipal Forecast - Espa\u00f1ol\",\"isPartOf\":{\"@id\":\"https:\/\/urbanjournalism.institute\/forecast-es\/#website\"},\"primaryImageOfPage\":{\"@id\":\"https:\/\/urbanjournalism.institute\/forecast-es\/forecast-2023\/cultura\/elefsina-timisoara-y-veszprem\/#primaryimage\"},\"image\":{\"@id\":\"https:\/\/urbanjournalism.institute\/forecast-es\/forecast-2023\/cultura\/elefsina-timisoara-y-veszprem\/#primaryimage\"},\"thumbnailUrl\":\"https:\/\/urbanjournalism.institute\/forecast\/wp-content\/themes\/forecast\/dist\/assets\/images\/editorial\/page-29.jpg\",\"datePublished\":\"2023-02-20T07:40:05+00:00\",\"breadcrumb\":{\"@id\":\"https:\/\/urbanjournalism.institute\/forecast-es\/forecast-2023\/cultura\/elefsina-timisoara-y-veszprem\/#breadcrumb\"},\"inLanguage\":\"es\",\"potentialAction\":[{\"@type\":\"ReadAction\",\"target\":[\"https:\/\/urbanjournalism.institute\/forecast-es\/forecast-2023\/cultura\/elefsina-timisoara-y-veszprem\/\"]}]},{\"@type\":\"ImageObject\",\"inLanguage\":\"es\",\"@id\":\"https:\/\/urbanjournalism.institute\/forecast-es\/forecast-2023\/cultura\/elefsina-timisoara-y-veszprem\/#primaryimage\",\"url\":\"https:\/\/urbanjournalism.institute\/forecast\/wp-content\/themes\/forecast\/dist\/assets\/images\/editorial\/page-29.jpg\",\"contentUrl\":\"https:\/\/urbanjournalism.institute\/forecast\/wp-content\/themes\/forecast\/dist\/assets\/images\/editorial\/page-29.jpg\"},{\"@type\":\"BreadcrumbList\",\"@id\":\"https:\/\/urbanjournalism.institute\/forecast-es\/forecast-2023\/cultura\/elefsina-timisoara-y-veszprem\/#breadcrumb\",\"itemListElement\":[{\"@type\":\"ListItem\",\"position\":1,\"name\":\"Forecast 2023\",\"item\":\"https:\/\/urbanjournalism.institute\/forecast-es\/forecast-2023\/\"},{\"@type\":\"ListItem\",\"position\":2,\"name\":\"Cultura\",\"item\":\"https:\/\/urbanjournalism.institute\/forecast-es\/forecast-2023\/cultura\/\"},{\"@type\":\"ListItem\",\"position\":3,\"name\":\"Elefsina, Timisoara y Veszpr\u00e9m\"}]},{\"@type\":\"WebSite\",\"@id\":\"https:\/\/urbanjournalism.institute\/forecast-es\/#website\",\"url\":\"https:\/\/urbanjournalism.institute\/forecast-es\/\",\"name\":\"Municipal Forecast - Espa\u00f1ol\",\"description\":\"\",\"potentialAction\":[{\"@type\":\"SearchAction\",\"target\":{\"@type\":\"EntryPoint\",\"urlTemplate\":\"https:\/\/urbanjournalism.institute\/forecast-es\/?s={search_term_string}\"},\"query-input\":{\"@type\":\"PropertyValueSpecification\",\"valueRequired\":true,\"valueName\":\"search_term_string\"}}],\"inLanguage\":\"es\"}]}<\/script>\n<!-- \/ Yoast SEO plugin. -->","yoast_head_json":{"title":"Elefsina, Timisoara y Veszpr\u00e9m - Municipal Forecast - Espa\u00f1ol","robots":{"index":"index","follow":"follow","max-snippet":"max-snippet:-1","max-image-preview":"max-image-preview:large","max-video-preview":"max-video-preview:-1"},"canonical":"https:\/\/urbanjournalism.institute\/forecast-es\/forecast-2023\/cultura\/elefsina-timisoara-y-veszprem\/","og_locale":"es_ES","og_type":"article","og_title":"Elefsina, Timisoara y Veszpr\u00e9m - Municipal Forecast - Espa\u00f1ol","og_description":"Elefsina, Timisoara y Veszpr\u00e9m Arte y cultura en 2023 El t\u00edtulo de Capital Europea de la Cultura se remonta a 1985. Melina Mercouri y Jack Lang, ministros de Cultura de Grecia y Francia, respectivamente, tuvieron la idea de elegir una vez al a\u00f1o la Capital Europea de la Cultura, con la intenci\u00f3n de conectar a [&hellip;]","og_url":"https:\/\/urbanjournalism.institute\/forecast-es\/forecast-2023\/cultura\/elefsina-timisoara-y-veszprem\/","og_site_name":"Municipal Forecast - Espa\u00f1ol","og_image":[{"url":"https:\/\/urbanjournalism.institute\/forecast\/wp-content\/themes\/forecast\/dist\/assets\/images\/editorial\/page-29.jpg","type":"","width":"","height":""}],"twitter_card":"summary_large_image","twitter_misc":{"Tiempo de lectura":"5 minutos"},"schema":{"@context":"https:\/\/schema.org","@graph":[{"@type":"WebPage","@id":"https:\/\/urbanjournalism.institute\/forecast-es\/forecast-2023\/cultura\/elefsina-timisoara-y-veszprem\/","url":"https:\/\/urbanjournalism.institute\/forecast-es\/forecast-2023\/cultura\/elefsina-timisoara-y-veszprem\/","name":"Elefsina, Timisoara y Veszpr\u00e9m - Municipal Forecast - Espa\u00f1ol","isPartOf":{"@id":"https:\/\/urbanjournalism.institute\/forecast-es\/#website"},"primaryImageOfPage":{"@id":"https:\/\/urbanjournalism.institute\/forecast-es\/forecast-2023\/cultura\/elefsina-timisoara-y-veszprem\/#primaryimage"},"image":{"@id":"https:\/\/urbanjournalism.institute\/forecast-es\/forecast-2023\/cultura\/elefsina-timisoara-y-veszprem\/#primaryimage"},"thumbnailUrl":"https:\/\/urbanjournalism.institute\/forecast\/wp-content\/themes\/forecast\/dist\/assets\/images\/editorial\/page-29.jpg","datePublished":"2023-02-20T07:40:05+00:00","breadcrumb":{"@id":"https:\/\/urbanjournalism.institute\/forecast-es\/forecast-2023\/cultura\/elefsina-timisoara-y-veszprem\/#breadcrumb"},"inLanguage":"es","potentialAction":[{"@type":"ReadAction","target":["https:\/\/urbanjournalism.institute\/forecast-es\/forecast-2023\/cultura\/elefsina-timisoara-y-veszprem\/"]}]},{"@type":"ImageObject","inLanguage":"es","@id":"https:\/\/urbanjournalism.institute\/forecast-es\/forecast-2023\/cultura\/elefsina-timisoara-y-veszprem\/#primaryimage","url":"https:\/\/urbanjournalism.institute\/forecast\/wp-content\/themes\/forecast\/dist\/assets\/images\/editorial\/page-29.jpg","contentUrl":"https:\/\/urbanjournalism.institute\/forecast\/wp-content\/themes\/forecast\/dist\/assets\/images\/editorial\/page-29.jpg"},{"@type":"BreadcrumbList","@id":"https:\/\/urbanjournalism.institute\/forecast-es\/forecast-2023\/cultura\/elefsina-timisoara-y-veszprem\/#breadcrumb","itemListElement":[{"@type":"ListItem","position":1,"name":"Forecast 2023","item":"https:\/\/urbanjournalism.institute\/forecast-es\/forecast-2023\/"},{"@type":"ListItem","position":2,"name":"Cultura","item":"https:\/\/urbanjournalism.institute\/forecast-es\/forecast-2023\/cultura\/"},{"@type":"ListItem","position":3,"name":"Elefsina, Timisoara y Veszpr\u00e9m"}]},{"@type":"WebSite","@id":"https:\/\/urbanjournalism.institute\/forecast-es\/#website","url":"https:\/\/urbanjournalism.institute\/forecast-es\/","name":"Municipal Forecast - Espa\u00f1ol","description":"","potentialAction":[{"@type":"SearchAction","target":{"@type":"EntryPoint","urlTemplate":"https:\/\/urbanjournalism.institute\/forecast-es\/?s={search_term_string}"},"query-input":{"@type":"PropertyValueSpecification","valueRequired":true,"valueName":"search_term_string"}}],"inLanguage":"es"}]}},"_links":{"self":[{"href":"https:\/\/urbanjournalism.institute\/forecast-es\/wp-json\/wp\/v2\/pages\/36","targetHints":{"allow":["GET"]}}],"collection":[{"href":"https:\/\/urbanjournalism.institute\/forecast-es\/wp-json\/wp\/v2\/pages"}],"about":[{"href":"https:\/\/urbanjournalism.institute\/forecast-es\/wp-json\/wp\/v2\/types\/page"}],"author":[{"embeddable":true,"href":"https:\/\/urbanjournalism.institute\/forecast-es\/wp-json\/wp\/v2\/users\/1"}],"replies":[{"embeddable":true,"href":"https:\/\/urbanjournalism.institute\/forecast-es\/wp-json\/wp\/v2\/comments?post=36"}],"version-history":[{"count":0,"href":"https:\/\/urbanjournalism.institute\/forecast-es\/wp-json\/wp\/v2\/pages\/36\/revisions"}],"up":[{"embeddable":true,"href":"https:\/\/urbanjournalism.institute\/forecast-es\/wp-json\/wp\/v2\/pages\/33"}],"wp:attachment":[{"href":"https:\/\/urbanjournalism.institute\/forecast-es\/wp-json\/wp\/v2\/media?parent=36"}],"curies":[{"name":"wp","href":"https:\/\/api.w.org\/{rel}","templated":true}]}}