{"id":37,"date":"2023-02-20T07:40:05","date_gmt":"2023-02-20T07:40:05","guid":{"rendered":"https:\/\/urbanjournalism.institute\/forecast\/es\/forecast-2023\/cultura\/rabat-capital-de-la-cultura-africana\/"},"modified":"2023-02-20T07:40:05","modified_gmt":"2023-02-20T07:40:05","slug":"rabat-capital-de-la-cultura-africana","status":"publish","type":"page","link":"https:\/\/urbanjournalism.institute\/forecast-es\/forecast-2023\/cultura\/rabat-capital-de-la-cultura-africana\/","title":{"rendered":"Rabat, Capital de la Cultura Africana"},"content":{"rendered":"\n<div class=\"wp-block-group\"><div class=\"wp-block-group__inner-container is-layout-constrained wp-block-group-is-layout-constrained\">\n<div class=\"wp-block-columns are-vertically-aligned-center is-layout-flex wp-container-core-columns-is-layout-9d6595d7 wp-block-columns-is-layout-flex\">\n<div class=\"wp-block-column is-vertically-aligned-center is-layout-flow wp-block-column-is-layout-flow\">\n<header class=\"wp-block-group\"><div class=\"wp-block-group__inner-container is-layout-constrained wp-block-group-is-layout-constrained\">\n<hr class=\"wp-block-separator has-alpha-channel-opacity\" \/>\n\n\n\n<h1 class=\"wp-block-heading\">Rabat, Capital de la Cultura Africana<\/h1>\n<\/div><\/header>\n\n\n\n<p>Rabat, capital de Marruecos, ha sido presentada oficialmente como Capital de la Cultura Africana 2022-2023, un acontecimiento que eleva el perfil de la ciudad en el panorama internacional de la cultura. La celebraci\u00f3n se realiz\u00f3 en el Teatro Mohamed V, coincidiendo con anuncio oficial de la designaci\u00f3n de Rabat por parte del Comit\u00e9 de Capitales Africanas de la Cultura, en febrero de 2020. Marrakech hab\u00eda sido seleccionada en un primer momento para albergar la capitalidad en 2020, pero el Gobierno de Marruecos lo aplaz\u00f3 hasta 2022-2023 y present\u00f3 finalmente a Rabat como sede.<\/p>\n\n\n\n<p>El sector del arte y la cultura de todo el continente africano llevaba a\u00f1os debatiendo la puesta en marcha de la iniciativa Capital Africana de la Cultura. En una de las reuniones regionales, celebrada en Kigali en 2018, ya se hab\u00eda puesto de manifiesto el inter\u00e9s en la iniciativa. En la reuni\u00f3n, el Gobierno de la ciudad de Kigali expres\u00f3 su inter\u00e9s en presentar una candidatura para albergar la capitalidad cultural en 2022-2023. Kigali podr\u00eda presentar una candidatura para 2026.<\/p>\n\n\n\n<p>Rabat comenz\u00f3 a celebrar su condici\u00f3n de Capital de la Cultura Africana promoviendo una serie de festivales que se celebran anualmente en Rabat, como el Festival de Arte Callejero, el Festival de M\u00fasica y la celebraci\u00f3n de eventos cinematogr\u00e1ficos en la playa, entre otros.<\/p>\n\n\n\n<p>El programa Capital Africana de la Cultura cuenta con el apoyo de Ciudades y Gobiernos Locales Unidos de \u00c1frica (CGLU \u00c1frica). Creada por los africanos para los africanos, como reza el comunicado oficial, la iniciativa pretende dibujar, tanto para el continente como para el mundo, escenarios de desarrollo alternativo, basados en una profundidad cultural sin parang\u00f3n, y abordar los retos de la transici\u00f3n, que son la clave de nuestro futuro com\u00fan.<\/p>\n\n\n\n<p>La capitalidad cultural africana se otorga cada tres a\u00f1os y la ciudad designada, que se convierte en la anfitriona de toda \u00c1frica, organiza durante doce meses acontecimientos puntuales y estructurantes. Durante un a\u00f1o, es la encrucijada de la creatividad para el continente, sus territorios y sus ciudades. Cada edici\u00f3n abre un periodo de visibilidad mundial para un conjunto de programas plurianuales, pilotados por el Comit\u00e9 Organizador de las Capitales Africanas de la Cultura. Estos programas se despliegan continuamente por todo el continente conectando a los actores creativos de las ciudades africanas.<\/p>\n\n\n\n<p>Para m\u00e1s informaci\u00f3n sobre el programa consulte el sitio web:<br><a rel=\"noreferrer noopener\" href=\"https:\/\/rcac2022.com\/en\/home-en\/\" target=\"_blank\"><strong>https:\/\/rcac2022.com\/en\/home-en\/<\/strong><\/a><\/p>\n<\/div>\n\n\n\n<div class=\"wp-block-column is-vertically-aligned-center is-layout-flow wp-block-column-is-layout-flow\">\n<figure class=\"wp-block-image size-large\"><img decoding=\"async\" src=\"https:\/\/urbanjournalism.institute\/forecast\/wp-content\/themes\/forecast\/dist\/assets\/images\/editorial\/page-32.jpg\" alt=\"\" \/><figcaption class=\"wp-element-caption\"><em>Rabat, Morocco, Africa&nbsp;<\/em><br><em>\u00a9 olenatur<\/em><\/figcaption><\/figure>\n<\/div>\n<\/div>\n<\/div><\/div>\n\n\n\n<p><a rel=\"noreferrer noopener\" href=\"https:\/\/rcac2022.com\/en\/home-en\/\" target=\"_blank\"><br><\/a><\/p>\n","protected":false},"excerpt":{"rendered":"<p>Rabat, Capital de la Cultura Africana Rabat, capital de Marruecos, ha sido presentada oficialmente como Capital de la Cultura Africana 2022-2023, un acontecimiento que eleva el perfil de la ciudad en el panorama internacional de la cultura. La celebraci\u00f3n se realiz\u00f3 en el Teatro Mohamed V, coincidiendo con anuncio oficial de la designaci\u00f3n de Rabat [&hellip;]<\/p>\n","protected":false},"author":1,"featured_media":0,"parent":33,"menu_order":30,"comment_status":"closed","ping_status":"closed","template":"","meta":{"footnotes":""},"class_list":["post-37","page","type-page","status-publish","hentry"],"yoast_head":"<!-- This site is optimized with the Yoast SEO plugin v27.0 - https:\/\/yoast.com\/product\/yoast-seo-wordpress\/ -->\n<title>Rabat, Capital de la Cultura Africana - Municipal Forecast - Espa\u00f1ol<\/title>\n<meta name=\"robots\" content=\"index, follow, max-snippet:-1, max-image-preview:large, max-video-preview:-1\" \/>\n<link rel=\"canonical\" href=\"https:\/\/urbanjournalism.institute\/forecast-es\/forecast-2023\/cultura\/rabat-capital-de-la-cultura-africana\/\" \/>\n<meta property=\"og:locale\" content=\"es_ES\" \/>\n<meta property=\"og:type\" content=\"article\" \/>\n<meta property=\"og:title\" content=\"Rabat, Capital de la Cultura Africana - Municipal Forecast - Espa\u00f1ol\" \/>\n<meta property=\"og:description\" content=\"Rabat, Capital de la Cultura Africana Rabat, capital de Marruecos, ha sido presentada oficialmente como Capital de la Cultura Africana 2022-2023, un acontecimiento que eleva el perfil de la ciudad en el panorama internacional de la cultura. La celebraci\u00f3n se realiz\u00f3 en el Teatro Mohamed V, coincidiendo con anuncio oficial de la designaci\u00f3n de Rabat [&hellip;]\" \/>\n<meta property=\"og:url\" content=\"https:\/\/urbanjournalism.institute\/forecast-es\/forecast-2023\/cultura\/rabat-capital-de-la-cultura-africana\/\" \/>\n<meta property=\"og:site_name\" content=\"Municipal Forecast - Espa\u00f1ol\" \/>\n<meta property=\"og:image\" content=\"https:\/\/urbanjournalism.institute\/forecast\/wp-content\/themes\/forecast\/dist\/assets\/images\/editorial\/page-32.jpg\" \/>\n<meta name=\"twitter:card\" content=\"summary_large_image\" \/>\n<meta name=\"twitter:label1\" content=\"Tiempo de lectura\" \/>\n\t<meta name=\"twitter:data1\" content=\"2 minutos\" \/>\n<script type=\"application\/ld+json\" class=\"yoast-schema-graph\">{\"@context\":\"https:\/\/schema.org\",\"@graph\":[{\"@type\":\"WebPage\",\"@id\":\"https:\/\/urbanjournalism.institute\/forecast-es\/forecast-2023\/cultura\/rabat-capital-de-la-cultura-africana\/\",\"url\":\"https:\/\/urbanjournalism.institute\/forecast-es\/forecast-2023\/cultura\/rabat-capital-de-la-cultura-africana\/\",\"name\":\"Rabat, Capital de la Cultura Africana - Municipal Forecast - Espa\u00f1ol\",\"isPartOf\":{\"@id\":\"https:\/\/urbanjournalism.institute\/forecast-es\/#website\"},\"primaryImageOfPage\":{\"@id\":\"https:\/\/urbanjournalism.institute\/forecast-es\/forecast-2023\/cultura\/rabat-capital-de-la-cultura-africana\/#primaryimage\"},\"image\":{\"@id\":\"https:\/\/urbanjournalism.institute\/forecast-es\/forecast-2023\/cultura\/rabat-capital-de-la-cultura-africana\/#primaryimage\"},\"thumbnailUrl\":\"https:\/\/urbanjournalism.institute\/forecast\/wp-content\/themes\/forecast\/dist\/assets\/images\/editorial\/page-32.jpg\",\"datePublished\":\"2023-02-20T07:40:05+00:00\",\"breadcrumb\":{\"@id\":\"https:\/\/urbanjournalism.institute\/forecast-es\/forecast-2023\/cultura\/rabat-capital-de-la-cultura-africana\/#breadcrumb\"},\"inLanguage\":\"es\",\"potentialAction\":[{\"@type\":\"ReadAction\",\"target\":[\"https:\/\/urbanjournalism.institute\/forecast-es\/forecast-2023\/cultura\/rabat-capital-de-la-cultura-africana\/\"]}]},{\"@type\":\"ImageObject\",\"inLanguage\":\"es\",\"@id\":\"https:\/\/urbanjournalism.institute\/forecast-es\/forecast-2023\/cultura\/rabat-capital-de-la-cultura-africana\/#primaryimage\",\"url\":\"https:\/\/urbanjournalism.institute\/forecast\/wp-content\/themes\/forecast\/dist\/assets\/images\/editorial\/page-32.jpg\",\"contentUrl\":\"https:\/\/urbanjournalism.institute\/forecast\/wp-content\/themes\/forecast\/dist\/assets\/images\/editorial\/page-32.jpg\"},{\"@type\":\"BreadcrumbList\",\"@id\":\"https:\/\/urbanjournalism.institute\/forecast-es\/forecast-2023\/cultura\/rabat-capital-de-la-cultura-africana\/#breadcrumb\",\"itemListElement\":[{\"@type\":\"ListItem\",\"position\":1,\"name\":\"Forecast 2023\",\"item\":\"https:\/\/urbanjournalism.institute\/forecast-es\/forecast-2023\/\"},{\"@type\":\"ListItem\",\"position\":2,\"name\":\"Cultura\",\"item\":\"https:\/\/urbanjournalism.institute\/forecast-es\/forecast-2023\/cultura\/\"},{\"@type\":\"ListItem\",\"position\":3,\"name\":\"Rabat, Capital de la Cultura Africana\"}]},{\"@type\":\"WebSite\",\"@id\":\"https:\/\/urbanjournalism.institute\/forecast-es\/#website\",\"url\":\"https:\/\/urbanjournalism.institute\/forecast-es\/\",\"name\":\"Municipal Forecast - Espa\u00f1ol\",\"description\":\"\",\"potentialAction\":[{\"@type\":\"SearchAction\",\"target\":{\"@type\":\"EntryPoint\",\"urlTemplate\":\"https:\/\/urbanjournalism.institute\/forecast-es\/?s={search_term_string}\"},\"query-input\":{\"@type\":\"PropertyValueSpecification\",\"valueRequired\":true,\"valueName\":\"search_term_string\"}}],\"inLanguage\":\"es\"}]}<\/script>\n<!-- \/ Yoast SEO plugin. -->","yoast_head_json":{"title":"Rabat, Capital de la Cultura Africana - Municipal Forecast - Espa\u00f1ol","robots":{"index":"index","follow":"follow","max-snippet":"max-snippet:-1","max-image-preview":"max-image-preview:large","max-video-preview":"max-video-preview:-1"},"canonical":"https:\/\/urbanjournalism.institute\/forecast-es\/forecast-2023\/cultura\/rabat-capital-de-la-cultura-africana\/","og_locale":"es_ES","og_type":"article","og_title":"Rabat, Capital de la Cultura Africana - Municipal Forecast - Espa\u00f1ol","og_description":"Rabat, Capital de la Cultura Africana Rabat, capital de Marruecos, ha sido presentada oficialmente como Capital de la Cultura Africana 2022-2023, un acontecimiento que eleva el perfil de la ciudad en el panorama internacional de la cultura. La celebraci\u00f3n se realiz\u00f3 en el Teatro Mohamed V, coincidiendo con anuncio oficial de la designaci\u00f3n de Rabat [&hellip;]","og_url":"https:\/\/urbanjournalism.institute\/forecast-es\/forecast-2023\/cultura\/rabat-capital-de-la-cultura-africana\/","og_site_name":"Municipal Forecast - Espa\u00f1ol","og_image":[{"url":"https:\/\/urbanjournalism.institute\/forecast\/wp-content\/themes\/forecast\/dist\/assets\/images\/editorial\/page-32.jpg","type":"","width":"","height":""}],"twitter_card":"summary_large_image","twitter_misc":{"Tiempo de lectura":"2 minutos"},"schema":{"@context":"https:\/\/schema.org","@graph":[{"@type":"WebPage","@id":"https:\/\/urbanjournalism.institute\/forecast-es\/forecast-2023\/cultura\/rabat-capital-de-la-cultura-africana\/","url":"https:\/\/urbanjournalism.institute\/forecast-es\/forecast-2023\/cultura\/rabat-capital-de-la-cultura-africana\/","name":"Rabat, Capital de la Cultura Africana - Municipal Forecast - Espa\u00f1ol","isPartOf":{"@id":"https:\/\/urbanjournalism.institute\/forecast-es\/#website"},"primaryImageOfPage":{"@id":"https:\/\/urbanjournalism.institute\/forecast-es\/forecast-2023\/cultura\/rabat-capital-de-la-cultura-africana\/#primaryimage"},"image":{"@id":"https:\/\/urbanjournalism.institute\/forecast-es\/forecast-2023\/cultura\/rabat-capital-de-la-cultura-africana\/#primaryimage"},"thumbnailUrl":"https:\/\/urbanjournalism.institute\/forecast\/wp-content\/themes\/forecast\/dist\/assets\/images\/editorial\/page-32.jpg","datePublished":"2023-02-20T07:40:05+00:00","breadcrumb":{"@id":"https:\/\/urbanjournalism.institute\/forecast-es\/forecast-2023\/cultura\/rabat-capital-de-la-cultura-africana\/#breadcrumb"},"inLanguage":"es","potentialAction":[{"@type":"ReadAction","target":["https:\/\/urbanjournalism.institute\/forecast-es\/forecast-2023\/cultura\/rabat-capital-de-la-cultura-africana\/"]}]},{"@type":"ImageObject","inLanguage":"es","@id":"https:\/\/urbanjournalism.institute\/forecast-es\/forecast-2023\/cultura\/rabat-capital-de-la-cultura-africana\/#primaryimage","url":"https:\/\/urbanjournalism.institute\/forecast\/wp-content\/themes\/forecast\/dist\/assets\/images\/editorial\/page-32.jpg","contentUrl":"https:\/\/urbanjournalism.institute\/forecast\/wp-content\/themes\/forecast\/dist\/assets\/images\/editorial\/page-32.jpg"},{"@type":"BreadcrumbList","@id":"https:\/\/urbanjournalism.institute\/forecast-es\/forecast-2023\/cultura\/rabat-capital-de-la-cultura-africana\/#breadcrumb","itemListElement":[{"@type":"ListItem","position":1,"name":"Forecast 2023","item":"https:\/\/urbanjournalism.institute\/forecast-es\/forecast-2023\/"},{"@type":"ListItem","position":2,"name":"Cultura","item":"https:\/\/urbanjournalism.institute\/forecast-es\/forecast-2023\/cultura\/"},{"@type":"ListItem","position":3,"name":"Rabat, Capital de la Cultura Africana"}]},{"@type":"WebSite","@id":"https:\/\/urbanjournalism.institute\/forecast-es\/#website","url":"https:\/\/urbanjournalism.institute\/forecast-es\/","name":"Municipal Forecast - Espa\u00f1ol","description":"","potentialAction":[{"@type":"SearchAction","target":{"@type":"EntryPoint","urlTemplate":"https:\/\/urbanjournalism.institute\/forecast-es\/?s={search_term_string}"},"query-input":{"@type":"PropertyValueSpecification","valueRequired":true,"valueName":"search_term_string"}}],"inLanguage":"es"}]}},"_links":{"self":[{"href":"https:\/\/urbanjournalism.institute\/forecast-es\/wp-json\/wp\/v2\/pages\/37","targetHints":{"allow":["GET"]}}],"collection":[{"href":"https:\/\/urbanjournalism.institute\/forecast-es\/wp-json\/wp\/v2\/pages"}],"about":[{"href":"https:\/\/urbanjournalism.institute\/forecast-es\/wp-json\/wp\/v2\/types\/page"}],"author":[{"embeddable":true,"href":"https:\/\/urbanjournalism.institute\/forecast-es\/wp-json\/wp\/v2\/users\/1"}],"replies":[{"embeddable":true,"href":"https:\/\/urbanjournalism.institute\/forecast-es\/wp-json\/wp\/v2\/comments?post=37"}],"version-history":[{"count":0,"href":"https:\/\/urbanjournalism.institute\/forecast-es\/wp-json\/wp\/v2\/pages\/37\/revisions"}],"up":[{"embeddable":true,"href":"https:\/\/urbanjournalism.institute\/forecast-es\/wp-json\/wp\/v2\/pages\/33"}],"wp:attachment":[{"href":"https:\/\/urbanjournalism.institute\/forecast-es\/wp-json\/wp\/v2\/media?parent=37"}],"curies":[{"name":"wp","href":"https:\/\/api.w.org\/{rel}","templated":true}]}}