{"id":38,"date":"2023-02-20T07:40:05","date_gmt":"2023-02-20T07:40:05","guid":{"rendered":"https:\/\/urbanjournalism.institute\/forecast\/es\/forecast-2023\/cultura\/mas-capitales-de-cultura-alrededor-del-mundo\/"},"modified":"2023-02-20T07:40:05","modified_gmt":"2023-02-20T07:40:05","slug":"mas-capitales-de-cultura-alrededor-del-mundo","status":"publish","type":"page","link":"https:\/\/urbanjournalism.institute\/forecast-es\/forecast-2023\/cultura\/mas-capitales-de-cultura-alrededor-del-mundo\/","title":{"rendered":"M\u00e1s capitales de la cultura en el mundo"},"content":{"rendered":"\n<div class=\"wp-block-group\"><div class=\"wp-block-group__inner-container is-layout-constrained wp-block-group-is-layout-constrained\">\n<div class=\"wp-block-columns are-vertically-aligned-top is-layout-flex wp-container-core-columns-is-layout-9d6595d7 wp-block-columns-is-layout-flex\">\n<div class=\"wp-block-column is-vertically-aligned-top is-layout-flow wp-block-column-is-layout-flow\">\n<figure class=\"wp-block-image size-large\"><img decoding=\"async\" src=\"https:\/\/urbanjournalism.institute\/forecast\/wp-content\/themes\/forecast\/dist\/assets\/images\/editorial\/page-33.jpg\" alt=\"\" \/><figcaption class=\"wp-element-caption\"><em><em><em><em>San Jos\u00e9 (Costa Rica), Capital Iberoamericana de la Cultura en 2023<br>\u00a9 Gian<\/em><\/em><\/em><\/em><\/figcaption><\/figure>\n<\/div>\n\n\n\n<div class=\"wp-block-column is-vertically-aligned-top is-layout-flow wp-block-column-is-layout-flow\">\n<header class=\"wp-block-group\"><div class=\"wp-block-group__inner-container is-layout-constrained wp-block-group-is-layout-constrained\">\n<h1 class=\"wp-block-heading\">M\u00e1s capitales de la cultura en el mundo<\/h1>\n<\/div><\/header>\n\n\n\n<p><strong>San Jos\u00e9<\/strong>, la capital de Costa Rica, fue nombrada<strong> Capital Iberoamericana de las Culturas en 2023<\/strong> por la Uni\u00f3n de Ciudades Capitales Iberoamericanas (UCCI). Este reconocimiento coincide con la conmemoraci\u00f3n del bicentenario de la ciudad. San Jos\u00e9 obtiene esta distinci\u00f3n por segunda vez (la primera fue en 2006). Organizaciones y empresas culturales del pa\u00eds han unido esfuerzos para contribuir a la agenda cultural de la capital en 2023. La programaci\u00f3n incluir\u00e1 gastronom\u00eda, m\u00fasica, moda y exposiciones de pintura y escultura. La UCCI confiere este t\u00edtulo desde 1991. Lo han ostentado capitales como Buenos Aires, Santiago de Chile, Bogot\u00e1 y Ciudad de M\u00e9xico. La predecesora de San Jos\u00e9 fue Brasilia, en 2022.<\/p>\n\n\n\n<p><strong>Chengdu<\/strong>, capital de la provincia china de Sichuan, ser\u00e1 la <strong>Capital Cultural de Asia Oriental en 2023<\/strong>. Con una poblaci\u00f3n de m\u00e1s de veinte millones de habitantes, Chengdu est\u00e1 considerada el Pa\u00eds del Cielo y es reconocida por su patrimonio cultural. A principios de 2022, la ciudad china recibi\u00f3 este t\u00edtulo gracias al acuerdo de los ministros de Cultura de Jap\u00f3n, China y la Rep\u00fablica de Corea. La primera Capital Cultural de Asia Oriental fue Yokohama (Jap\u00f3n), en 2014. Para 2024, la ciudad seleccionada es Gimhae, en la Rep\u00fablica de Corea.<\/p>\n\n\n\n<p><strong>Shusha<\/strong>, en Azerbaiy\u00e1n, es la <strong>Capital Cultural del Mundo Turco en 2023<\/strong>, y la ciudad de <strong>Nuakchot<\/strong>, en Mauritania, la<strong> Capital Cultural del Mundo Isl\u00e1mico<\/strong>.<\/p>\n\n\n\n<p>Las ferias mundiales o las exposiciones internacionales, as\u00ed como la designaci\u00f3n como capitales culturales u otras a escala nacional y regional, son oportunidades \u00fanicas para que las ciudades aceleren y alcancen objetivos de desarrollo sostenible. Los megaeventos culturales en ciudades con un rico patrimonio cultural deber\u00edan tener efectos a largo plazo en los espacios f\u00edsicos, pero tambi\u00e9n en los aspectos intangibles.<\/p>\n\n\n\n<p>&nbsp;<\/p>\n<\/div>\n<\/div>\n\n\n\n<p><\/p>\n<\/div><\/div>\n","protected":false},"excerpt":{"rendered":"<p>M\u00e1s capitales de la cultura en el mundo San Jos\u00e9, la capital de Costa Rica, fue nombrada Capital Iberoamericana de las Culturas en 2023 por la Uni\u00f3n de Ciudades Capitales Iberoamericanas (UCCI). Este reconocimiento coincide con la conmemoraci\u00f3n del bicentenario de la ciudad. San Jos\u00e9 obtiene esta distinci\u00f3n por segunda vez (la primera fue en [&hellip;]<\/p>\n","protected":false},"author":1,"featured_media":0,"parent":33,"menu_order":40,"comment_status":"closed","ping_status":"closed","template":"","meta":{"footnotes":""},"class_list":["post-38","page","type-page","status-publish","hentry"],"yoast_head":"<!-- This site is optimized with the Yoast SEO plugin v27.0 - https:\/\/yoast.com\/product\/yoast-seo-wordpress\/ -->\n<title>M\u00e1s capitales de la cultura en el mundo - Municipal Forecast - Espa\u00f1ol<\/title>\n<meta name=\"robots\" content=\"index, follow, max-snippet:-1, max-image-preview:large, max-video-preview:-1\" \/>\n<link rel=\"canonical\" href=\"https:\/\/urbanjournalism.institute\/forecast-es\/forecast-2023\/cultura\/mas-capitales-de-cultura-alrededor-del-mundo\/\" \/>\n<meta property=\"og:locale\" content=\"es_ES\" \/>\n<meta property=\"og:type\" content=\"article\" \/>\n<meta property=\"og:title\" content=\"M\u00e1s capitales de la cultura en el mundo - Municipal Forecast - Espa\u00f1ol\" \/>\n<meta property=\"og:description\" content=\"M\u00e1s capitales de la cultura en el mundo San Jos\u00e9, la capital de Costa Rica, fue nombrada Capital Iberoamericana de las Culturas en 2023 por la Uni\u00f3n de Ciudades Capitales Iberoamericanas (UCCI). Este reconocimiento coincide con la conmemoraci\u00f3n del bicentenario de la ciudad. San Jos\u00e9 obtiene esta distinci\u00f3n por segunda vez (la primera fue en [&hellip;]\" \/>\n<meta property=\"og:url\" content=\"https:\/\/urbanjournalism.institute\/forecast-es\/forecast-2023\/cultura\/mas-capitales-de-cultura-alrededor-del-mundo\/\" \/>\n<meta property=\"og:site_name\" content=\"Municipal Forecast - Espa\u00f1ol\" \/>\n<meta property=\"og:image\" content=\"https:\/\/urbanjournalism.institute\/forecast\/wp-content\/themes\/forecast\/dist\/assets\/images\/editorial\/page-33.jpg\" \/>\n<meta name=\"twitter:card\" content=\"summary_large_image\" \/>\n<meta name=\"twitter:label1\" content=\"Tiempo de lectura\" \/>\n\t<meta name=\"twitter:data1\" content=\"2 minutos\" \/>\n<script type=\"application\/ld+json\" class=\"yoast-schema-graph\">{\"@context\":\"https:\/\/schema.org\",\"@graph\":[{\"@type\":\"WebPage\",\"@id\":\"https:\/\/urbanjournalism.institute\/forecast-es\/forecast-2023\/cultura\/mas-capitales-de-cultura-alrededor-del-mundo\/\",\"url\":\"https:\/\/urbanjournalism.institute\/forecast-es\/forecast-2023\/cultura\/mas-capitales-de-cultura-alrededor-del-mundo\/\",\"name\":\"M\u00e1s capitales de la cultura en el mundo - Municipal Forecast - Espa\u00f1ol\",\"isPartOf\":{\"@id\":\"https:\/\/urbanjournalism.institute\/forecast-es\/#website\"},\"primaryImageOfPage\":{\"@id\":\"https:\/\/urbanjournalism.institute\/forecast-es\/forecast-2023\/cultura\/mas-capitales-de-cultura-alrededor-del-mundo\/#primaryimage\"},\"image\":{\"@id\":\"https:\/\/urbanjournalism.institute\/forecast-es\/forecast-2023\/cultura\/mas-capitales-de-cultura-alrededor-del-mundo\/#primaryimage\"},\"thumbnailUrl\":\"https:\/\/urbanjournalism.institute\/forecast\/wp-content\/themes\/forecast\/dist\/assets\/images\/editorial\/page-33.jpg\",\"datePublished\":\"2023-02-20T07:40:05+00:00\",\"breadcrumb\":{\"@id\":\"https:\/\/urbanjournalism.institute\/forecast-es\/forecast-2023\/cultura\/mas-capitales-de-cultura-alrededor-del-mundo\/#breadcrumb\"},\"inLanguage\":\"es\",\"potentialAction\":[{\"@type\":\"ReadAction\",\"target\":[\"https:\/\/urbanjournalism.institute\/forecast-es\/forecast-2023\/cultura\/mas-capitales-de-cultura-alrededor-del-mundo\/\"]}]},{\"@type\":\"ImageObject\",\"inLanguage\":\"es\",\"@id\":\"https:\/\/urbanjournalism.institute\/forecast-es\/forecast-2023\/cultura\/mas-capitales-de-cultura-alrededor-del-mundo\/#primaryimage\",\"url\":\"https:\/\/urbanjournalism.institute\/forecast\/wp-content\/themes\/forecast\/dist\/assets\/images\/editorial\/page-33.jpg\",\"contentUrl\":\"https:\/\/urbanjournalism.institute\/forecast\/wp-content\/themes\/forecast\/dist\/assets\/images\/editorial\/page-33.jpg\"},{\"@type\":\"BreadcrumbList\",\"@id\":\"https:\/\/urbanjournalism.institute\/forecast-es\/forecast-2023\/cultura\/mas-capitales-de-cultura-alrededor-del-mundo\/#breadcrumb\",\"itemListElement\":[{\"@type\":\"ListItem\",\"position\":1,\"name\":\"Forecast 2023\",\"item\":\"https:\/\/urbanjournalism.institute\/forecast-es\/forecast-2023\/\"},{\"@type\":\"ListItem\",\"position\":2,\"name\":\"Cultura\",\"item\":\"https:\/\/urbanjournalism.institute\/forecast-es\/forecast-2023\/cultura\/\"},{\"@type\":\"ListItem\",\"position\":3,\"name\":\"M\u00e1s capitales de la cultura en el mundo\"}]},{\"@type\":\"WebSite\",\"@id\":\"https:\/\/urbanjournalism.institute\/forecast-es\/#website\",\"url\":\"https:\/\/urbanjournalism.institute\/forecast-es\/\",\"name\":\"Municipal Forecast - Espa\u00f1ol\",\"description\":\"\",\"potentialAction\":[{\"@type\":\"SearchAction\",\"target\":{\"@type\":\"EntryPoint\",\"urlTemplate\":\"https:\/\/urbanjournalism.institute\/forecast-es\/?s={search_term_string}\"},\"query-input\":{\"@type\":\"PropertyValueSpecification\",\"valueRequired\":true,\"valueName\":\"search_term_string\"}}],\"inLanguage\":\"es\"}]}<\/script>\n<!-- \/ Yoast SEO plugin. -->","yoast_head_json":{"title":"M\u00e1s capitales de la cultura en el mundo - Municipal Forecast - Espa\u00f1ol","robots":{"index":"index","follow":"follow","max-snippet":"max-snippet:-1","max-image-preview":"max-image-preview:large","max-video-preview":"max-video-preview:-1"},"canonical":"https:\/\/urbanjournalism.institute\/forecast-es\/forecast-2023\/cultura\/mas-capitales-de-cultura-alrededor-del-mundo\/","og_locale":"es_ES","og_type":"article","og_title":"M\u00e1s capitales de la cultura en el mundo - Municipal Forecast - Espa\u00f1ol","og_description":"M\u00e1s capitales de la cultura en el mundo San Jos\u00e9, la capital de Costa Rica, fue nombrada Capital Iberoamericana de las Culturas en 2023 por la Uni\u00f3n de Ciudades Capitales Iberoamericanas (UCCI). Este reconocimiento coincide con la conmemoraci\u00f3n del bicentenario de la ciudad. San Jos\u00e9 obtiene esta distinci\u00f3n por segunda vez (la primera fue en [&hellip;]","og_url":"https:\/\/urbanjournalism.institute\/forecast-es\/forecast-2023\/cultura\/mas-capitales-de-cultura-alrededor-del-mundo\/","og_site_name":"Municipal Forecast - Espa\u00f1ol","og_image":[{"url":"https:\/\/urbanjournalism.institute\/forecast\/wp-content\/themes\/forecast\/dist\/assets\/images\/editorial\/page-33.jpg","type":"","width":"","height":""}],"twitter_card":"summary_large_image","twitter_misc":{"Tiempo de lectura":"2 minutos"},"schema":{"@context":"https:\/\/schema.org","@graph":[{"@type":"WebPage","@id":"https:\/\/urbanjournalism.institute\/forecast-es\/forecast-2023\/cultura\/mas-capitales-de-cultura-alrededor-del-mundo\/","url":"https:\/\/urbanjournalism.institute\/forecast-es\/forecast-2023\/cultura\/mas-capitales-de-cultura-alrededor-del-mundo\/","name":"M\u00e1s capitales de la cultura en el mundo - Municipal Forecast - Espa\u00f1ol","isPartOf":{"@id":"https:\/\/urbanjournalism.institute\/forecast-es\/#website"},"primaryImageOfPage":{"@id":"https:\/\/urbanjournalism.institute\/forecast-es\/forecast-2023\/cultura\/mas-capitales-de-cultura-alrededor-del-mundo\/#primaryimage"},"image":{"@id":"https:\/\/urbanjournalism.institute\/forecast-es\/forecast-2023\/cultura\/mas-capitales-de-cultura-alrededor-del-mundo\/#primaryimage"},"thumbnailUrl":"https:\/\/urbanjournalism.institute\/forecast\/wp-content\/themes\/forecast\/dist\/assets\/images\/editorial\/page-33.jpg","datePublished":"2023-02-20T07:40:05+00:00","breadcrumb":{"@id":"https:\/\/urbanjournalism.institute\/forecast-es\/forecast-2023\/cultura\/mas-capitales-de-cultura-alrededor-del-mundo\/#breadcrumb"},"inLanguage":"es","potentialAction":[{"@type":"ReadAction","target":["https:\/\/urbanjournalism.institute\/forecast-es\/forecast-2023\/cultura\/mas-capitales-de-cultura-alrededor-del-mundo\/"]}]},{"@type":"ImageObject","inLanguage":"es","@id":"https:\/\/urbanjournalism.institute\/forecast-es\/forecast-2023\/cultura\/mas-capitales-de-cultura-alrededor-del-mundo\/#primaryimage","url":"https:\/\/urbanjournalism.institute\/forecast\/wp-content\/themes\/forecast\/dist\/assets\/images\/editorial\/page-33.jpg","contentUrl":"https:\/\/urbanjournalism.institute\/forecast\/wp-content\/themes\/forecast\/dist\/assets\/images\/editorial\/page-33.jpg"},{"@type":"BreadcrumbList","@id":"https:\/\/urbanjournalism.institute\/forecast-es\/forecast-2023\/cultura\/mas-capitales-de-cultura-alrededor-del-mundo\/#breadcrumb","itemListElement":[{"@type":"ListItem","position":1,"name":"Forecast 2023","item":"https:\/\/urbanjournalism.institute\/forecast-es\/forecast-2023\/"},{"@type":"ListItem","position":2,"name":"Cultura","item":"https:\/\/urbanjournalism.institute\/forecast-es\/forecast-2023\/cultura\/"},{"@type":"ListItem","position":3,"name":"M\u00e1s capitales de la cultura en el mundo"}]},{"@type":"WebSite","@id":"https:\/\/urbanjournalism.institute\/forecast-es\/#website","url":"https:\/\/urbanjournalism.institute\/forecast-es\/","name":"Municipal Forecast - Espa\u00f1ol","description":"","potentialAction":[{"@type":"SearchAction","target":{"@type":"EntryPoint","urlTemplate":"https:\/\/urbanjournalism.institute\/forecast-es\/?s={search_term_string}"},"query-input":{"@type":"PropertyValueSpecification","valueRequired":true,"valueName":"search_term_string"}}],"inLanguage":"es"}]}},"_links":{"self":[{"href":"https:\/\/urbanjournalism.institute\/forecast-es\/wp-json\/wp\/v2\/pages\/38","targetHints":{"allow":["GET"]}}],"collection":[{"href":"https:\/\/urbanjournalism.institute\/forecast-es\/wp-json\/wp\/v2\/pages"}],"about":[{"href":"https:\/\/urbanjournalism.institute\/forecast-es\/wp-json\/wp\/v2\/types\/page"}],"author":[{"embeddable":true,"href":"https:\/\/urbanjournalism.institute\/forecast-es\/wp-json\/wp\/v2\/users\/1"}],"replies":[{"embeddable":true,"href":"https:\/\/urbanjournalism.institute\/forecast-es\/wp-json\/wp\/v2\/comments?post=38"}],"version-history":[{"count":0,"href":"https:\/\/urbanjournalism.institute\/forecast-es\/wp-json\/wp\/v2\/pages\/38\/revisions"}],"up":[{"embeddable":true,"href":"https:\/\/urbanjournalism.institute\/forecast-es\/wp-json\/wp\/v2\/pages\/33"}],"wp:attachment":[{"href":"https:\/\/urbanjournalism.institute\/forecast-es\/wp-json\/wp\/v2\/media?parent=38"}],"curies":[{"name":"wp","href":"https:\/\/api.w.org\/{rel}","templated":true}]}}