{"id":39,"date":"2023-02-20T07:40:05","date_gmt":"2023-02-20T07:40:05","guid":{"rendered":"https:\/\/urbanjournalism.institute\/forecast\/es\/forecast-2023\/cultura\/nuevo-bauhaus-europeo\/"},"modified":"2023-02-20T07:40:05","modified_gmt":"2023-02-20T07:40:05","slug":"nuevo-bauhaus-europeo","status":"publish","type":"page","link":"https:\/\/urbanjournalism.institute\/forecast-es\/forecast-2023\/cultura\/nuevo-bauhaus-europeo\/","title":{"rendered":"La Nueva Bauhaus Europea"},"content":{"rendered":"\n<div class=\"wp-block-group narrow-group has-pale-pink-background-color has-background\"><div class=\"wp-block-group__inner-container is-layout-constrained wp-block-group-is-layout-constrained\">\n<div class=\"wp-block-columns is-layout-flex wp-container-core-columns-is-layout-9d6595d7 wp-block-columns-is-layout-flex\">\n<div class=\"wp-block-column is-layout-flow wp-block-column-is-layout-flow\">\n<header class=\"wp-block-group\"><div class=\"wp-block-group__inner-container is-layout-constrained wp-block-group-is-layout-constrained\">\n<hr class=\"wp-block-separator has-alpha-channel-opacity\" \/>\n\n\n\n<p class=\"h1\">PARA PROFUNDIZAR<\/p>\n\n\n\n<h1 class=\"wp-block-heading h4 fs-4\"><em>La Nueva Bauhaus Europea<\/em><\/h1>\n<\/div><\/header>\n<\/div>\n\n\n\n<div class=\"wp-block-column is-layout-flow wp-block-column-is-layout-flow\"><\/div>\n<\/div>\n\n\n\n<div class=\"wp-block-columns is-layout-flex wp-container-core-columns-is-layout-9d6595d7 wp-block-columns-is-layout-flex\">\n<div class=\"wp-block-column is-layout-flow wp-block-column-is-layout-flow\">\n<p>En septiembre de 2020, la presidenta de la Comisi\u00f3n Europea, Ursula von der Leyen, anunci\u00f3 la creaci\u00f3n de la Nueva Bauhaus Europea, \u00abun espacio de cocreaci\u00f3n en que arquitectos, artistas, estudiantes, ingenieros y dise\u00f1adores trabajen juntos\u00bb en favor de la sostenibilidad. La iniciativa pretende conectar el Pacto Verde Europeo con el arte y la cultura, y as\u00ed mejorar la vida cotidiana y los espacios vitales.<\/p>\n\n\n\n<p>La idea de la iniciativa es crear un puente entre distintos conocimientos previos, atravesando disciplinas y a partir de la participaci\u00f3n a todos los niveles. La iniciativa facilita la transformaci\u00f3n en tres ejes principales: sostenibilidad, est\u00e9tica e inclusi\u00f3n. La primera fase de la Nueva Bauhaus Europea se puso en marcha en 2020-2021 para detectar c\u00f3mo y d\u00f3nde la iniciativa puede apoyar a las ideas creativas que conecten la arquitectura y el urbanismo. En 2021, la Comisi\u00f3n adopt\u00f3 una comunicaci\u00f3n que establece el marco, los principios fundamentales y las acciones esenciales para la Nueva Bauhaus Europea a medida que avanza hacia las siguientes etapas de su implementaci\u00f3n.<\/p>\n<\/div>\n\n\n\n<div class=\"wp-block-column is-layout-flow wp-block-column-is-layout-flow\">\n<p>En 2022, la Comisi\u00f3n Europea fund\u00f3 el Laboratorio de la Nueva Bauhaus Europea (NEB Lab) para trabajar con las comunidades y crear en com\u00fan, llevar a cabo prototipos y ensayar herramientas, soluciones y acciones pol\u00edticas que faciliten la transformaci\u00f3n. Adem\u00e1s, la Comisi\u00f3n Europea organiza el Festival de la Nueva Bauhaus Europea, que permite una mayor visibilidad de los creadores y el movimiento, as\u00ed como la posibilidad de compartir los avances y resultados, el establecimiento de contactos profesionales y un mayor compromiso.<\/p>\n\n\n\n<p>La Comisi\u00f3n tiene previsto desarrollar el concepto y transformar el Festival en un acontecimiento anual a partir de 2023.<\/p>\n\n\n\n<p>Adem\u00e1s, en octubre de 2022, la Iniciativa Urbana Europea abri\u00f3 una convocatoria de ayudas con un presupuesto de 50 millones de euros para apoyar la innovaci\u00f3n urbana y que las ciudades sean m\u00e1s sostenibles, bas\u00e1ndose en los valores de la Nueva Bauhaus Europea.<\/p>\n\n\n\n<p><a rel=\"noreferrer noopener\" href=\"https:\/\/new-europeanbauhaus.europa.eu\/index_en\" target=\"_blank\"><strong>M\u00e1s informaci\u00f3n aqu\u00ed.<\/strong><\/a><\/p>\n<\/div>\n<\/div>\n\n\n\n<figure class=\"wp-block-image size-large\"><img decoding=\"async\" src=\"https:\/\/urbanjournalism.institute\/forecast\/wp-content\/themes\/forecast\/dist\/assets\/images\/editorial\/page-34.jpg\" alt=\"\" \/><figcaption class=\"wp-element-caption\"><em><em>Bauhaus, Primera Escuela de Dise\u00f1o<br>Industrial de Dessau (Alemania)<br>\u00a9 Jos\u00e9 Leonardo Marino Coronado\/EyeEm<\/em><\/em><\/figcaption><\/figure>\n<\/div><\/div>\n\n\n\n<p><\/p>\n","protected":false},"excerpt":{"rendered":"<p>PARA PROFUNDIZAR La Nueva Bauhaus Europea En septiembre de 2020, la presidenta de la Comisi\u00f3n Europea, Ursula von der Leyen, anunci\u00f3 la creaci\u00f3n de la Nueva Bauhaus Europea, \u00abun espacio de cocreaci\u00f3n en que arquitectos, artistas, estudiantes, ingenieros y dise\u00f1adores trabajen juntos\u00bb en favor de la sostenibilidad. La iniciativa pretende conectar el Pacto Verde Europeo [&hellip;]<\/p>\n","protected":false},"author":1,"featured_media":0,"parent":33,"menu_order":50,"comment_status":"closed","ping_status":"closed","template":"","meta":{"footnotes":""},"class_list":["post-39","page","type-page","status-publish","hentry"],"yoast_head":"<!-- This site is optimized with the Yoast SEO plugin v27.0 - https:\/\/yoast.com\/product\/yoast-seo-wordpress\/ -->\n<title>La Nueva Bauhaus Europea - Municipal Forecast - Espa\u00f1ol<\/title>\n<meta name=\"robots\" content=\"index, follow, max-snippet:-1, max-image-preview:large, max-video-preview:-1\" \/>\n<link rel=\"canonical\" href=\"https:\/\/urbanjournalism.institute\/forecast-es\/forecast-2023\/cultura\/nuevo-bauhaus-europeo\/\" \/>\n<meta property=\"og:locale\" content=\"es_ES\" \/>\n<meta property=\"og:type\" content=\"article\" \/>\n<meta property=\"og:title\" content=\"La Nueva Bauhaus Europea - Municipal Forecast - Espa\u00f1ol\" \/>\n<meta property=\"og:description\" content=\"PARA PROFUNDIZAR La Nueva Bauhaus Europea En septiembre de 2020, la presidenta de la Comisi\u00f3n Europea, Ursula von der Leyen, anunci\u00f3 la creaci\u00f3n de la Nueva Bauhaus Europea, \u00abun espacio de cocreaci\u00f3n en que arquitectos, artistas, estudiantes, ingenieros y dise\u00f1adores trabajen juntos\u00bb en favor de la sostenibilidad. La iniciativa pretende conectar el Pacto Verde Europeo [&hellip;]\" \/>\n<meta property=\"og:url\" content=\"https:\/\/urbanjournalism.institute\/forecast-es\/forecast-2023\/cultura\/nuevo-bauhaus-europeo\/\" \/>\n<meta property=\"og:site_name\" content=\"Municipal Forecast - Espa\u00f1ol\" \/>\n<meta property=\"og:image\" content=\"https:\/\/urbanjournalism.institute\/forecast\/wp-content\/themes\/forecast\/dist\/assets\/images\/editorial\/page-34.jpg\" \/>\n<meta name=\"twitter:card\" content=\"summary_large_image\" \/>\n<meta name=\"twitter:label1\" content=\"Tiempo de lectura\" \/>\n\t<meta name=\"twitter:data1\" content=\"2 minutos\" \/>\n<script type=\"application\/ld+json\" class=\"yoast-schema-graph\">{\"@context\":\"https:\/\/schema.org\",\"@graph\":[{\"@type\":\"WebPage\",\"@id\":\"https:\/\/urbanjournalism.institute\/forecast-es\/forecast-2023\/cultura\/nuevo-bauhaus-europeo\/\",\"url\":\"https:\/\/urbanjournalism.institute\/forecast-es\/forecast-2023\/cultura\/nuevo-bauhaus-europeo\/\",\"name\":\"La Nueva Bauhaus Europea - Municipal Forecast - Espa\u00f1ol\",\"isPartOf\":{\"@id\":\"https:\/\/urbanjournalism.institute\/forecast-es\/#website\"},\"primaryImageOfPage\":{\"@id\":\"https:\/\/urbanjournalism.institute\/forecast-es\/forecast-2023\/cultura\/nuevo-bauhaus-europeo\/#primaryimage\"},\"image\":{\"@id\":\"https:\/\/urbanjournalism.institute\/forecast-es\/forecast-2023\/cultura\/nuevo-bauhaus-europeo\/#primaryimage\"},\"thumbnailUrl\":\"https:\/\/urbanjournalism.institute\/forecast\/wp-content\/themes\/forecast\/dist\/assets\/images\/editorial\/page-34.jpg\",\"datePublished\":\"2023-02-20T07:40:05+00:00\",\"breadcrumb\":{\"@id\":\"https:\/\/urbanjournalism.institute\/forecast-es\/forecast-2023\/cultura\/nuevo-bauhaus-europeo\/#breadcrumb\"},\"inLanguage\":\"es\",\"potentialAction\":[{\"@type\":\"ReadAction\",\"target\":[\"https:\/\/urbanjournalism.institute\/forecast-es\/forecast-2023\/cultura\/nuevo-bauhaus-europeo\/\"]}]},{\"@type\":\"ImageObject\",\"inLanguage\":\"es\",\"@id\":\"https:\/\/urbanjournalism.institute\/forecast-es\/forecast-2023\/cultura\/nuevo-bauhaus-europeo\/#primaryimage\",\"url\":\"https:\/\/urbanjournalism.institute\/forecast\/wp-content\/themes\/forecast\/dist\/assets\/images\/editorial\/page-34.jpg\",\"contentUrl\":\"https:\/\/urbanjournalism.institute\/forecast\/wp-content\/themes\/forecast\/dist\/assets\/images\/editorial\/page-34.jpg\"},{\"@type\":\"BreadcrumbList\",\"@id\":\"https:\/\/urbanjournalism.institute\/forecast-es\/forecast-2023\/cultura\/nuevo-bauhaus-europeo\/#breadcrumb\",\"itemListElement\":[{\"@type\":\"ListItem\",\"position\":1,\"name\":\"Forecast 2023\",\"item\":\"https:\/\/urbanjournalism.institute\/forecast-es\/forecast-2023\/\"},{\"@type\":\"ListItem\",\"position\":2,\"name\":\"Cultura\",\"item\":\"https:\/\/urbanjournalism.institute\/forecast-es\/forecast-2023\/cultura\/\"},{\"@type\":\"ListItem\",\"position\":3,\"name\":\"La Nueva Bauhaus Europea\"}]},{\"@type\":\"WebSite\",\"@id\":\"https:\/\/urbanjournalism.institute\/forecast-es\/#website\",\"url\":\"https:\/\/urbanjournalism.institute\/forecast-es\/\",\"name\":\"Municipal Forecast - Espa\u00f1ol\",\"description\":\"\",\"potentialAction\":[{\"@type\":\"SearchAction\",\"target\":{\"@type\":\"EntryPoint\",\"urlTemplate\":\"https:\/\/urbanjournalism.institute\/forecast-es\/?s={search_term_string}\"},\"query-input\":{\"@type\":\"PropertyValueSpecification\",\"valueRequired\":true,\"valueName\":\"search_term_string\"}}],\"inLanguage\":\"es\"}]}<\/script>\n<!-- \/ Yoast SEO plugin. -->","yoast_head_json":{"title":"La Nueva Bauhaus Europea - Municipal Forecast - Espa\u00f1ol","robots":{"index":"index","follow":"follow","max-snippet":"max-snippet:-1","max-image-preview":"max-image-preview:large","max-video-preview":"max-video-preview:-1"},"canonical":"https:\/\/urbanjournalism.institute\/forecast-es\/forecast-2023\/cultura\/nuevo-bauhaus-europeo\/","og_locale":"es_ES","og_type":"article","og_title":"La Nueva Bauhaus Europea - Municipal Forecast - Espa\u00f1ol","og_description":"PARA PROFUNDIZAR La Nueva Bauhaus Europea En septiembre de 2020, la presidenta de la Comisi\u00f3n Europea, Ursula von der Leyen, anunci\u00f3 la creaci\u00f3n de la Nueva Bauhaus Europea, \u00abun espacio de cocreaci\u00f3n en que arquitectos, artistas, estudiantes, ingenieros y dise\u00f1adores trabajen juntos\u00bb en favor de la sostenibilidad. La iniciativa pretende conectar el Pacto Verde Europeo [&hellip;]","og_url":"https:\/\/urbanjournalism.institute\/forecast-es\/forecast-2023\/cultura\/nuevo-bauhaus-europeo\/","og_site_name":"Municipal Forecast - Espa\u00f1ol","og_image":[{"url":"https:\/\/urbanjournalism.institute\/forecast\/wp-content\/themes\/forecast\/dist\/assets\/images\/editorial\/page-34.jpg","type":"","width":"","height":""}],"twitter_card":"summary_large_image","twitter_misc":{"Tiempo de lectura":"2 minutos"},"schema":{"@context":"https:\/\/schema.org","@graph":[{"@type":"WebPage","@id":"https:\/\/urbanjournalism.institute\/forecast-es\/forecast-2023\/cultura\/nuevo-bauhaus-europeo\/","url":"https:\/\/urbanjournalism.institute\/forecast-es\/forecast-2023\/cultura\/nuevo-bauhaus-europeo\/","name":"La Nueva Bauhaus Europea - Municipal Forecast - Espa\u00f1ol","isPartOf":{"@id":"https:\/\/urbanjournalism.institute\/forecast-es\/#website"},"primaryImageOfPage":{"@id":"https:\/\/urbanjournalism.institute\/forecast-es\/forecast-2023\/cultura\/nuevo-bauhaus-europeo\/#primaryimage"},"image":{"@id":"https:\/\/urbanjournalism.institute\/forecast-es\/forecast-2023\/cultura\/nuevo-bauhaus-europeo\/#primaryimage"},"thumbnailUrl":"https:\/\/urbanjournalism.institute\/forecast\/wp-content\/themes\/forecast\/dist\/assets\/images\/editorial\/page-34.jpg","datePublished":"2023-02-20T07:40:05+00:00","breadcrumb":{"@id":"https:\/\/urbanjournalism.institute\/forecast-es\/forecast-2023\/cultura\/nuevo-bauhaus-europeo\/#breadcrumb"},"inLanguage":"es","potentialAction":[{"@type":"ReadAction","target":["https:\/\/urbanjournalism.institute\/forecast-es\/forecast-2023\/cultura\/nuevo-bauhaus-europeo\/"]}]},{"@type":"ImageObject","inLanguage":"es","@id":"https:\/\/urbanjournalism.institute\/forecast-es\/forecast-2023\/cultura\/nuevo-bauhaus-europeo\/#primaryimage","url":"https:\/\/urbanjournalism.institute\/forecast\/wp-content\/themes\/forecast\/dist\/assets\/images\/editorial\/page-34.jpg","contentUrl":"https:\/\/urbanjournalism.institute\/forecast\/wp-content\/themes\/forecast\/dist\/assets\/images\/editorial\/page-34.jpg"},{"@type":"BreadcrumbList","@id":"https:\/\/urbanjournalism.institute\/forecast-es\/forecast-2023\/cultura\/nuevo-bauhaus-europeo\/#breadcrumb","itemListElement":[{"@type":"ListItem","position":1,"name":"Forecast 2023","item":"https:\/\/urbanjournalism.institute\/forecast-es\/forecast-2023\/"},{"@type":"ListItem","position":2,"name":"Cultura","item":"https:\/\/urbanjournalism.institute\/forecast-es\/forecast-2023\/cultura\/"},{"@type":"ListItem","position":3,"name":"La Nueva Bauhaus Europea"}]},{"@type":"WebSite","@id":"https:\/\/urbanjournalism.institute\/forecast-es\/#website","url":"https:\/\/urbanjournalism.institute\/forecast-es\/","name":"Municipal Forecast - Espa\u00f1ol","description":"","potentialAction":[{"@type":"SearchAction","target":{"@type":"EntryPoint","urlTemplate":"https:\/\/urbanjournalism.institute\/forecast-es\/?s={search_term_string}"},"query-input":{"@type":"PropertyValueSpecification","valueRequired":true,"valueName":"search_term_string"}}],"inLanguage":"es"}]}},"_links":{"self":[{"href":"https:\/\/urbanjournalism.institute\/forecast-es\/wp-json\/wp\/v2\/pages\/39","targetHints":{"allow":["GET"]}}],"collection":[{"href":"https:\/\/urbanjournalism.institute\/forecast-es\/wp-json\/wp\/v2\/pages"}],"about":[{"href":"https:\/\/urbanjournalism.institute\/forecast-es\/wp-json\/wp\/v2\/types\/page"}],"author":[{"embeddable":true,"href":"https:\/\/urbanjournalism.institute\/forecast-es\/wp-json\/wp\/v2\/users\/1"}],"replies":[{"embeddable":true,"href":"https:\/\/urbanjournalism.institute\/forecast-es\/wp-json\/wp\/v2\/comments?post=39"}],"version-history":[{"count":0,"href":"https:\/\/urbanjournalism.institute\/forecast-es\/wp-json\/wp\/v2\/pages\/39\/revisions"}],"up":[{"embeddable":true,"href":"https:\/\/urbanjournalism.institute\/forecast-es\/wp-json\/wp\/v2\/pages\/33"}],"wp:attachment":[{"href":"https:\/\/urbanjournalism.institute\/forecast-es\/wp-json\/wp\/v2\/media?parent=39"}],"curies":[{"name":"wp","href":"https:\/\/api.w.org\/{rel}","templated":true}]}}