{"id":41,"date":"2023-02-20T07:40:05","date_gmt":"2023-02-20T07:40:05","guid":{"rendered":"https:\/\/urbanjournalism.institute\/forecast\/es\/forecast-2023\/cultura\/copenhague-capital-mundial-de-la-arquitectura\/"},"modified":"2023-02-20T07:40:05","modified_gmt":"2023-02-20T07:40:05","slug":"copenhague-capital-mundial-de-la-arquitectura","status":"publish","type":"page","link":"https:\/\/urbanjournalism.institute\/forecast-es\/forecast-2023\/cultura\/copenhague-capital-mundial-de-la-arquitectura\/","title":{"rendered":"Copenhague, Capital Mundial de la Arquitectura"},"content":{"rendered":"\n<div class=\"wp-block-group\"><div class=\"wp-block-group__inner-container is-layout-constrained wp-block-group-is-layout-constrained\">\n<div class=\"wp-block-columns is-layout-flex wp-container-core-columns-is-layout-9d6595d7 wp-block-columns-is-layout-flex\">\n<div class=\"wp-block-column is-layout-flow wp-block-column-is-layout-flow\" style=\"flex-basis:66.66%\">\n<figure class=\"wp-block-image size-large\"><img decoding=\"async\" src=\"https:\/\/urbanjournalism.institute\/forecast\/wp-content\/themes\/forecast\/dist\/assets\/images\/editorial\/page-38.jpg\" alt=\"\" \/><figcaption class=\"wp-element-caption\"><em>Unesco-UIA Capital Mundial de la Arquitectura en 2023<\/em><br><em>\u00a9 OliverFoerstner<\/em><\/figcaption><\/figure>\n<\/div>\n\n\n\n<div class=\"wp-block-column is-layout-flow wp-block-column-is-layout-flow\" style=\"flex-basis:33.33%\">\n<div style=\"height:61px\" aria-hidden=\"true\" class=\"wp-block-spacer\"><\/div>\n\n\n\n<h1 class=\"wp-block-heading\">Copenhague<\/h1>\n\n\n\n<h4 class=\"wp-block-heading\"><em>Capital Mundial de la Arquitectura UIA-Unesco en 2023<\/em><\/h4>\n<\/div>\n<\/div>\n<\/div><\/div>\n\n\n\n<div class=\"wp-block-group narrow-group\"><div class=\"wp-block-group__inner-container is-layout-constrained wp-block-group-is-layout-constrained\">\n<div class=\"wp-block-columns is-layout-flex wp-container-core-columns-is-layout-9d6595d7 wp-block-columns-is-layout-flex\">\n<div class=\"wp-block-column is-layout-flow wp-block-column-is-layout-flow\">\n<p>La ciudad de Copenhague ha sido designada oficialmente Capital Mundial de la Arquitectura en 2023 por recomendaci\u00f3n de la Asamblea General de la Uni\u00f3n Internacional de Arquitectos (UIA). Esta decisi\u00f3n se enmarca en el acuerdo de colaboraci\u00f3n entre la Unesco y la UIA, firmado en 2018, mediante el cual la Unesco designa como Capital Mundial de la Arquitectura a las ciudades anfitrionas del Congreso Mundial de la UIA.<\/p>\n\n\n\n<p>La Unesco y la UIA promovieron la iniciativa Capital Mundial de la Arquitectura para destacar el papel fundamental que la arquitectura, la planificaci\u00f3n urban\u00edstica y la cultura representan en la configuraci\u00f3n de la identidad urbana y el desarrollo urbano sostenible. Cada tres a\u00f1os, la ciudad designada Capital Mundial de la Arquitectura se convierte en un foro mundial a la vanguardia de los debates sobre urbanismo y arquitectura contempor\u00e1neos. El testigo de la designaci\u00f3n pas\u00f3 a Copenhague desde R\u00edo de Janeiro, que fue la primera Capital Mundial de la Arquitectura, lo que enfatiza el papel relevante del urbanismo, en particular en el contexto de la pandemia.<\/p>\n\n\n\n<p>En Copenhague, se continuar\u00e1 mostrando la manera en que las ciudades, la arquitectura y la cultura pueden responder a los retos de nuestro tiempo, especialmente en lo que respecta al medio ambiente y al cambio clim\u00e1tico.<\/p>\n\n\n\n<p>Como Capital Mundial de la Arquitectura en 2023, Copenhague acoger\u00e1 una serie de importantes actos y programas bajo el lema \u00abFuturos sostenibles: no dejar a nadie atr\u00e1s\u00bb. La ciudad, en colaboraci\u00f3n con la Asociaci\u00f3n Danesa de Arquitectos y varios organismos profesionales n\u00f3rdicos, examinar\u00e1 c\u00f3mo el dise\u00f1o urbano y la arquitectura contribuyen a alcanzar los 17 Objetivos de Desarrollo Sostenible de las Naciones Unidas.<\/p>\n\n\n\n<p>Programa detallado en:<\/p>\n\n\n\n<p><a href=\"https:\/\/bit.ly\/3IuvXvG\" target=\"_blank\" rel=\"noreferrer noopener\">https:\/\/bit.ly\/3IuvXvG<\/a><\/p>\n<\/div>\n\n\n\n<div class=\"wp-block-column is-layout-flow wp-block-column-is-layout-flow\">\n<p>El programa de la Capital Mundial de la Arquitectura incluye recorridos a pie y en bicicleta, visitas a azoteas y numerosas exposiciones y mesas redondas relacionadas con el urbanismo, la arquitectura y el dise\u00f1o daneses, adem\u00e1s de exposiciones invitadas como la dedicada a los principios de la vivienda en Jap\u00f3n.<\/p>\n\n\n\n<p>Tras Copenhague en 2023, Barcelona y Beijing eran las dos aspirantes al t\u00edtulo de Capital Mundial de la Arquitectura en 2026 y a acoger el pr\u00f3ximo Congreso Mundial. La designaci\u00f3n oficial se tom\u00f3 a favor de Barcelona.<\/p>\n\n\n\n<p>Barcelona tambi\u00e9n albergar\u00e1 el 29.\u00ba Congreso Mundial de la Uni\u00f3n Internacional de Arquitectos. El lema del congreso ser\u00e1 \u00abUn hoy, un ma\u00f1ana\u00bb. La candidatura explora la aproximaci\u00f3n de Barcelona a la sostenibilidad y al futuro del entorno construido, y c\u00f3mo podemos reinventar el futuro de las ciudades siguiendo unos principios ecol\u00f3gicos y sociales.<\/p>\n\n\n\n<figure class=\"wp-block-image size-large caption-out\"><img decoding=\"async\" src=\"https:\/\/urbanjournalism.institute\/forecast\/wp-content\/themes\/forecast\/dist\/assets\/images\/editorial\/page-39.jpg\" alt=\"\" \/><figcaption class=\"wp-element-caption\"><em>Vida callejera en Copenhague. <\/em>Gente en bicicleta por el centro de la ciudad<em>.<\/em><br><em>\u00a9 perekotypole<\/em><\/figcaption><\/figure>\n<\/div>\n<\/div>\n<\/div><\/div>\n","protected":false},"excerpt":{"rendered":"<p>Copenhague Capital Mundial de la Arquitectura UIA-Unesco en 2023 La ciudad de Copenhague ha sido designada oficialmente Capital Mundial de la Arquitectura en 2023 por recomendaci\u00f3n de la Asamblea General de la Uni\u00f3n Internacional de Arquitectos (UIA). Esta decisi\u00f3n se enmarca en el acuerdo de colaboraci\u00f3n entre la Unesco y la UIA, firmado en 2018, [&hellip;]<\/p>\n","protected":false},"author":1,"featured_media":0,"parent":33,"menu_order":70,"comment_status":"closed","ping_status":"closed","template":"","meta":{"footnotes":""},"class_list":["post-41","page","type-page","status-publish","hentry"],"yoast_head":"<!-- This site is optimized with the Yoast SEO plugin v27.0 - https:\/\/yoast.com\/product\/yoast-seo-wordpress\/ -->\n<title>Copenhague, Capital Mundial de la Arquitectura - Municipal Forecast - Espa\u00f1ol<\/title>\n<meta name=\"robots\" content=\"index, follow, max-snippet:-1, max-image-preview:large, max-video-preview:-1\" \/>\n<link rel=\"canonical\" href=\"https:\/\/urbanjournalism.institute\/forecast-es\/forecast-2023\/cultura\/copenhague-capital-mundial-de-la-arquitectura\/\" \/>\n<meta property=\"og:locale\" content=\"es_ES\" \/>\n<meta property=\"og:type\" content=\"article\" \/>\n<meta property=\"og:title\" content=\"Copenhague, Capital Mundial de la Arquitectura - Municipal Forecast - Espa\u00f1ol\" \/>\n<meta property=\"og:description\" content=\"Copenhague Capital Mundial de la Arquitectura UIA-Unesco en 2023 La ciudad de Copenhague ha sido designada oficialmente Capital Mundial de la Arquitectura en 2023 por recomendaci\u00f3n de la Asamblea General de la Uni\u00f3n Internacional de Arquitectos (UIA). Esta decisi\u00f3n se enmarca en el acuerdo de colaboraci\u00f3n entre la Unesco y la UIA, firmado en 2018, [&hellip;]\" \/>\n<meta property=\"og:url\" content=\"https:\/\/urbanjournalism.institute\/forecast-es\/forecast-2023\/cultura\/copenhague-capital-mundial-de-la-arquitectura\/\" \/>\n<meta property=\"og:site_name\" content=\"Municipal Forecast - Espa\u00f1ol\" \/>\n<meta property=\"og:image\" content=\"https:\/\/urbanjournalism.institute\/forecast\/wp-content\/themes\/forecast\/dist\/assets\/images\/editorial\/page-38.jpg\" \/>\n<meta name=\"twitter:card\" content=\"summary_large_image\" \/>\n<meta name=\"twitter:label1\" content=\"Tiempo de lectura\" \/>\n\t<meta name=\"twitter:data1\" content=\"2 minutos\" \/>\n<script type=\"application\/ld+json\" class=\"yoast-schema-graph\">{\"@context\":\"https:\/\/schema.org\",\"@graph\":[{\"@type\":\"WebPage\",\"@id\":\"https:\/\/urbanjournalism.institute\/forecast-es\/forecast-2023\/cultura\/copenhague-capital-mundial-de-la-arquitectura\/\",\"url\":\"https:\/\/urbanjournalism.institute\/forecast-es\/forecast-2023\/cultura\/copenhague-capital-mundial-de-la-arquitectura\/\",\"name\":\"Copenhague, Capital Mundial de la Arquitectura - Municipal Forecast - Espa\u00f1ol\",\"isPartOf\":{\"@id\":\"https:\/\/urbanjournalism.institute\/forecast-es\/#website\"},\"primaryImageOfPage\":{\"@id\":\"https:\/\/urbanjournalism.institute\/forecast-es\/forecast-2023\/cultura\/copenhague-capital-mundial-de-la-arquitectura\/#primaryimage\"},\"image\":{\"@id\":\"https:\/\/urbanjournalism.institute\/forecast-es\/forecast-2023\/cultura\/copenhague-capital-mundial-de-la-arquitectura\/#primaryimage\"},\"thumbnailUrl\":\"https:\/\/urbanjournalism.institute\/forecast\/wp-content\/themes\/forecast\/dist\/assets\/images\/editorial\/page-38.jpg\",\"datePublished\":\"2023-02-20T07:40:05+00:00\",\"breadcrumb\":{\"@id\":\"https:\/\/urbanjournalism.institute\/forecast-es\/forecast-2023\/cultura\/copenhague-capital-mundial-de-la-arquitectura\/#breadcrumb\"},\"inLanguage\":\"es\",\"potentialAction\":[{\"@type\":\"ReadAction\",\"target\":[\"https:\/\/urbanjournalism.institute\/forecast-es\/forecast-2023\/cultura\/copenhague-capital-mundial-de-la-arquitectura\/\"]}]},{\"@type\":\"ImageObject\",\"inLanguage\":\"es\",\"@id\":\"https:\/\/urbanjournalism.institute\/forecast-es\/forecast-2023\/cultura\/copenhague-capital-mundial-de-la-arquitectura\/#primaryimage\",\"url\":\"https:\/\/urbanjournalism.institute\/forecast\/wp-content\/themes\/forecast\/dist\/assets\/images\/editorial\/page-38.jpg\",\"contentUrl\":\"https:\/\/urbanjournalism.institute\/forecast\/wp-content\/themes\/forecast\/dist\/assets\/images\/editorial\/page-38.jpg\"},{\"@type\":\"BreadcrumbList\",\"@id\":\"https:\/\/urbanjournalism.institute\/forecast-es\/forecast-2023\/cultura\/copenhague-capital-mundial-de-la-arquitectura\/#breadcrumb\",\"itemListElement\":[{\"@type\":\"ListItem\",\"position\":1,\"name\":\"Forecast 2023\",\"item\":\"https:\/\/urbanjournalism.institute\/forecast-es\/forecast-2023\/\"},{\"@type\":\"ListItem\",\"position\":2,\"name\":\"Cultura\",\"item\":\"https:\/\/urbanjournalism.institute\/forecast-es\/forecast-2023\/cultura\/\"},{\"@type\":\"ListItem\",\"position\":3,\"name\":\"Copenhague, Capital Mundial de la Arquitectura\"}]},{\"@type\":\"WebSite\",\"@id\":\"https:\/\/urbanjournalism.institute\/forecast-es\/#website\",\"url\":\"https:\/\/urbanjournalism.institute\/forecast-es\/\",\"name\":\"Municipal Forecast - Espa\u00f1ol\",\"description\":\"\",\"potentialAction\":[{\"@type\":\"SearchAction\",\"target\":{\"@type\":\"EntryPoint\",\"urlTemplate\":\"https:\/\/urbanjournalism.institute\/forecast-es\/?s={search_term_string}\"},\"query-input\":{\"@type\":\"PropertyValueSpecification\",\"valueRequired\":true,\"valueName\":\"search_term_string\"}}],\"inLanguage\":\"es\"}]}<\/script>\n<!-- \/ Yoast SEO plugin. -->","yoast_head_json":{"title":"Copenhague, Capital Mundial de la Arquitectura - Municipal Forecast - Espa\u00f1ol","robots":{"index":"index","follow":"follow","max-snippet":"max-snippet:-1","max-image-preview":"max-image-preview:large","max-video-preview":"max-video-preview:-1"},"canonical":"https:\/\/urbanjournalism.institute\/forecast-es\/forecast-2023\/cultura\/copenhague-capital-mundial-de-la-arquitectura\/","og_locale":"es_ES","og_type":"article","og_title":"Copenhague, Capital Mundial de la Arquitectura - Municipal Forecast - Espa\u00f1ol","og_description":"Copenhague Capital Mundial de la Arquitectura UIA-Unesco en 2023 La ciudad de Copenhague ha sido designada oficialmente Capital Mundial de la Arquitectura en 2023 por recomendaci\u00f3n de la Asamblea General de la Uni\u00f3n Internacional de Arquitectos (UIA). Esta decisi\u00f3n se enmarca en el acuerdo de colaboraci\u00f3n entre la Unesco y la UIA, firmado en 2018, [&hellip;]","og_url":"https:\/\/urbanjournalism.institute\/forecast-es\/forecast-2023\/cultura\/copenhague-capital-mundial-de-la-arquitectura\/","og_site_name":"Municipal Forecast - Espa\u00f1ol","og_image":[{"url":"https:\/\/urbanjournalism.institute\/forecast\/wp-content\/themes\/forecast\/dist\/assets\/images\/editorial\/page-38.jpg","type":"","width":"","height":""}],"twitter_card":"summary_large_image","twitter_misc":{"Tiempo de lectura":"2 minutos"},"schema":{"@context":"https:\/\/schema.org","@graph":[{"@type":"WebPage","@id":"https:\/\/urbanjournalism.institute\/forecast-es\/forecast-2023\/cultura\/copenhague-capital-mundial-de-la-arquitectura\/","url":"https:\/\/urbanjournalism.institute\/forecast-es\/forecast-2023\/cultura\/copenhague-capital-mundial-de-la-arquitectura\/","name":"Copenhague, Capital Mundial de la Arquitectura - Municipal Forecast - Espa\u00f1ol","isPartOf":{"@id":"https:\/\/urbanjournalism.institute\/forecast-es\/#website"},"primaryImageOfPage":{"@id":"https:\/\/urbanjournalism.institute\/forecast-es\/forecast-2023\/cultura\/copenhague-capital-mundial-de-la-arquitectura\/#primaryimage"},"image":{"@id":"https:\/\/urbanjournalism.institute\/forecast-es\/forecast-2023\/cultura\/copenhague-capital-mundial-de-la-arquitectura\/#primaryimage"},"thumbnailUrl":"https:\/\/urbanjournalism.institute\/forecast\/wp-content\/themes\/forecast\/dist\/assets\/images\/editorial\/page-38.jpg","datePublished":"2023-02-20T07:40:05+00:00","breadcrumb":{"@id":"https:\/\/urbanjournalism.institute\/forecast-es\/forecast-2023\/cultura\/copenhague-capital-mundial-de-la-arquitectura\/#breadcrumb"},"inLanguage":"es","potentialAction":[{"@type":"ReadAction","target":["https:\/\/urbanjournalism.institute\/forecast-es\/forecast-2023\/cultura\/copenhague-capital-mundial-de-la-arquitectura\/"]}]},{"@type":"ImageObject","inLanguage":"es","@id":"https:\/\/urbanjournalism.institute\/forecast-es\/forecast-2023\/cultura\/copenhague-capital-mundial-de-la-arquitectura\/#primaryimage","url":"https:\/\/urbanjournalism.institute\/forecast\/wp-content\/themes\/forecast\/dist\/assets\/images\/editorial\/page-38.jpg","contentUrl":"https:\/\/urbanjournalism.institute\/forecast\/wp-content\/themes\/forecast\/dist\/assets\/images\/editorial\/page-38.jpg"},{"@type":"BreadcrumbList","@id":"https:\/\/urbanjournalism.institute\/forecast-es\/forecast-2023\/cultura\/copenhague-capital-mundial-de-la-arquitectura\/#breadcrumb","itemListElement":[{"@type":"ListItem","position":1,"name":"Forecast 2023","item":"https:\/\/urbanjournalism.institute\/forecast-es\/forecast-2023\/"},{"@type":"ListItem","position":2,"name":"Cultura","item":"https:\/\/urbanjournalism.institute\/forecast-es\/forecast-2023\/cultura\/"},{"@type":"ListItem","position":3,"name":"Copenhague, Capital Mundial de la Arquitectura"}]},{"@type":"WebSite","@id":"https:\/\/urbanjournalism.institute\/forecast-es\/#website","url":"https:\/\/urbanjournalism.institute\/forecast-es\/","name":"Municipal Forecast - Espa\u00f1ol","description":"","potentialAction":[{"@type":"SearchAction","target":{"@type":"EntryPoint","urlTemplate":"https:\/\/urbanjournalism.institute\/forecast-es\/?s={search_term_string}"},"query-input":{"@type":"PropertyValueSpecification","valueRequired":true,"valueName":"search_term_string"}}],"inLanguage":"es"}]}},"_links":{"self":[{"href":"https:\/\/urbanjournalism.institute\/forecast-es\/wp-json\/wp\/v2\/pages\/41","targetHints":{"allow":["GET"]}}],"collection":[{"href":"https:\/\/urbanjournalism.institute\/forecast-es\/wp-json\/wp\/v2\/pages"}],"about":[{"href":"https:\/\/urbanjournalism.institute\/forecast-es\/wp-json\/wp\/v2\/types\/page"}],"author":[{"embeddable":true,"href":"https:\/\/urbanjournalism.institute\/forecast-es\/wp-json\/wp\/v2\/users\/1"}],"replies":[{"embeddable":true,"href":"https:\/\/urbanjournalism.institute\/forecast-es\/wp-json\/wp\/v2\/comments?post=41"}],"version-history":[{"count":0,"href":"https:\/\/urbanjournalism.institute\/forecast-es\/wp-json\/wp\/v2\/pages\/41\/revisions"}],"up":[{"embeddable":true,"href":"https:\/\/urbanjournalism.institute\/forecast-es\/wp-json\/wp\/v2\/pages\/33"}],"wp:attachment":[{"href":"https:\/\/urbanjournalism.institute\/forecast-es\/wp-json\/wp\/v2\/media?parent=41"}],"curies":[{"name":"wp","href":"https:\/\/api.w.org\/{rel}","templated":true}]}}