{"id":49,"date":"2024-02-18T09:30:05","date_gmt":"2024-02-18T09:30:05","guid":{"rendered":"https:\/\/urbanjournalism.institute\/forecast-es\/forecast-2024\/cities-in-2024\/"},"modified":"2024-03-06T11:33:23","modified_gmt":"2024-03-06T11:33:23","slug":"cities-in-2024","status":"publish","type":"page","link":"https:\/\/urbanjournalism.institute\/forecast-es\/forecast-2024\/cities-in-2024\/","title":{"rendered":"Ciudades en 2024"},"content":{"rendered":"\n<div class=\"wp-block-group pt-0 narrow-group\"><div class=\"wp-block-group__inner-container is-layout-constrained wp-block-group-is-layout-constrained\">\n<div class=\"wp-block-group\"><div class=\"wp-block-group__inner-container is-layout-constrained wp-block-group-is-layout-constrained\">\n<pre class=\"wp-block-preformatted has-text-align-center\">Editorial<\/pre>\n\n\n\n<h1 class=\"wp-block-heading has-text-align-center\">Ciudades en 2024<\/h1>\n\n\n\n<div style=\"height:20px\" aria-hidden=\"true\" class=\"wp-block-spacer\"><\/div>\n\n\n\n<div class=\"wp-block-columns is-layout-flex wp-container-core-columns-is-layout-9d6595d7 wp-block-columns-is-layout-flex\">\n<div class=\"wp-block-column is-layout-flow wp-block-column-is-layout-flow\">\n<p><strong>El t\u00e9rmino \u201cIA\u201d, la abreviatura de inteli\u00adgencia artificial<\/strong>, ha sido elegido palabra del a\u00f1o 2023 por el&nbsp;<em>Collins Dictionary<\/em>. El&nbsp;<em>Oxford Dictionary&nbsp;<\/em>concede el honor a \u201c<strong><em>rizz<\/em><\/strong>\u201d, un t\u00e9rmino coloquial procedente de inter\u00adnet que alude al estilo, encanto o atractivo de una persona, a la capacidad de atraer a una pareja rom\u00e1ntica o sexual.&nbsp;<\/p>\n\n\n\n<p>Por el contrario,&nbsp;<em>Merriam-Webster&nbsp;<\/em>destaca \u201c<strong><em>authentic<\/em><\/strong>\u201d (aut\u00e9ntico\/a), que hace hinca\u00adpi\u00e9 en los valores fundamentales de auten\u00adticidad y sinceridad. Entre los contendien\u00adtes, \u201c<em>rizz<\/em>\u201d emerge junto a la ominosa figura de \u201c<em>deepfake<\/em>\u201d, que encarna la&nbsp;<strong>siniestra manipulaci\u00f3n de im\u00e1genes digitales para enga\u00f1ar y distorsionar la realidad<\/strong>.&nbsp;<\/p>\n\n\n\n<p>Mientras tanto, el\u00a0<em>Cambridge Dictionary\u00a0<\/em>se adentra en el \u00e1mbito de la inteligencia artificial, ofreciendo una novedosa inter\u00adpretaci\u00f3n de \u201c<strong><em>hallucinate<\/em><\/strong>\u201d. En este con\u00adtexto, cuando un sistema de IA \u201calucina\u201d, genera informaci\u00f3n falsa, un fen\u00f3meno conocido coloquialmente como \u201c<em>confa\u00adbulation<\/em>\u201d. Estas adaptaciones ling\u00fc\u00edsticas ponen de relieve la interacci\u00f3n entre la cognici\u00f3n humana y los algoritmos de la IA, que\u00a0<strong>difumina los l\u00edmites de la per\u00adcepci\u00f3n y la realidad<\/strong>.\u00a0La\u00a0<strong>llegada de los modelos ling\u00fc\u00edsticos basados en la IA\u00a0<\/strong>ha revolucionado las ruti\u00adnas diarias, impregnando millones de vidas desde su aparici\u00f3n a finales de 2022. A me\u00addida que nos adentramos en el a\u00f1o 2024, el aumento exponencial de la utilizaci\u00f3n de la IA promete grandes avances en la edu\u00adcaci\u00f3n y la sanidad, aunque despierta tan\u00adto entusiasmo como temor. Los gobiernos lidian con el\u00a0<strong>delicado equilibrio entre la prosperidad econ\u00f3mica y la regulaci\u00f3n de las tecnolog\u00edas de IA, conscientes del potencial para exacerbar las desigualda\u00addes sociales.<\/strong><\/p>\n<\/div>\n\n\n\n<div class=\"wp-block-column is-layout-flow wp-block-column-is-layout-flow\">\n<p>En medio del persistente tel\u00f3n de fondo de la \u201c<strong><em>permacrisis<\/em><\/strong>\u201d y la \u201c<strong><em>policrisis<\/em><\/strong>\u201d, como se pronostic\u00f3 en 2023, las secuelas de la pan\u00addemia de la COVID-19 persisten, aunque de forma menos visible. A pesar de que la Organizaci\u00f3n Mundial de la Salud declar\u00f3 el fin de la pandemia en mayo de 2023, tras casi siete millones de muertes, sus duraderos efectos se propagan a trav\u00e9s de\u00a0<strong>econom\u00edas debilitadas, crisis clim\u00e1ticas exacerbadas y tensiones geopol\u00edticas y conflictos armados en aumento<\/strong>. Los go\u00adbiernos locales y regionales se encuentran en el centro de estos retos, con la tarea de fomentar la paz, la resiliencia y el bienestar de las comunidades.\u00a0<\/p>\n\n\n\n<p>Sin embargo, entre la adversidad existe una oportunidad para la renovaci\u00f3n y la solidaridad. Los Objetivos de Desarro\u00adllo Sostenible (ODS) se enfrentan a un retroceso del progreso colectivo, lo que hace necesario un enfoque renovado en las noticias positivas y los logros locales en 2024. Es un a\u00f1o propicio para&nbsp;<strong>elecciones democr\u00e1ticas&nbsp;<\/strong>y&nbsp;<strong>reformas de la gober\u00adnanza mundial<\/strong>, esperemos que basadas en la&nbsp;<strong>confianza&nbsp;<\/strong>y la&nbsp;<strong>inclusi\u00f3n<\/strong>, que cata\u00adlicen&nbsp;<strong>asociaciones transformadoras y coaliciones de gran impacto<\/strong>.&nbsp;Al ampliar las acciones locales para lograr un impacto mundial, el a\u00f1o 2024 debe dar prioridad a los enfoques ba\u00adsados en los&nbsp;<strong>cuidados y los derechos<\/strong>, garantizando la participaci\u00f3n de todas las comunidades en la configuraci\u00f3n de nuestro futuro colectivo.<\/p>\n<\/div>\n<\/div>\n<\/div><\/div>\n<\/div><\/div>\n","protected":false},"excerpt":{"rendered":"<p>Editorial Ciudades en 2024 El t\u00e9rmino \u201cIA\u201d, la abreviatura de inteli\u00adgencia artificial, ha sido elegido palabra del a\u00f1o 2023 por el&nbsp;Collins Dictionary. El&nbsp;Oxford Dictionary&nbsp;concede el honor a \u201crizz\u201d, un t\u00e9rmino coloquial procedente de inter\u00adnet que alude al estilo, encanto o atractivo de una persona, a la capacidad de atraer a una pareja rom\u00e1ntica o sexual.&nbsp; [&hellip;]<\/p>\n","protected":false},"author":1,"featured_media":0,"parent":48,"menu_order":0,"comment_status":"closed","ping_status":"closed","template":"","meta":{"footnotes":""},"class_list":["post-49","page","type-page","status-publish","hentry"],"yoast_head":"<!-- This site is optimized with the Yoast SEO plugin v27.0 - https:\/\/yoast.com\/product\/yoast-seo-wordpress\/ -->\n<title>Ciudades en 2024 - Municipal Forecast - Espa\u00f1ol<\/title>\n<meta name=\"robots\" content=\"index, follow, max-snippet:-1, max-image-preview:large, max-video-preview:-1\" \/>\n<link rel=\"canonical\" href=\"https:\/\/urbanjournalism.institute\/forecast-es\/forecast-2024\/cities-in-2024\/\" \/>\n<meta property=\"og:locale\" content=\"es_ES\" \/>\n<meta property=\"og:type\" content=\"article\" \/>\n<meta property=\"og:title\" content=\"Ciudades en 2024 - Municipal Forecast - Espa\u00f1ol\" \/>\n<meta property=\"og:description\" content=\"Editorial Ciudades en 2024 El t\u00e9rmino \u201cIA\u201d, la abreviatura de inteli\u00adgencia artificial, ha sido elegido palabra del a\u00f1o 2023 por el&nbsp;Collins Dictionary. El&nbsp;Oxford Dictionary&nbsp;concede el honor a \u201crizz\u201d, un t\u00e9rmino coloquial procedente de inter\u00adnet que alude al estilo, encanto o atractivo de una persona, a la capacidad de atraer a una pareja rom\u00e1ntica o sexual.&nbsp; [&hellip;]\" \/>\n<meta property=\"og:url\" content=\"https:\/\/urbanjournalism.institute\/forecast-es\/forecast-2024\/cities-in-2024\/\" \/>\n<meta property=\"og:site_name\" content=\"Municipal Forecast - Espa\u00f1ol\" \/>\n<meta property=\"article:modified_time\" content=\"2024-03-06T11:33:23+00:00\" \/>\n<meta name=\"twitter:card\" content=\"summary_large_image\" \/>\n<meta name=\"twitter:label1\" content=\"Tiempo de lectura\" \/>\n\t<meta name=\"twitter:data1\" content=\"3 minutos\" \/>\n<script type=\"application\/ld+json\" class=\"yoast-schema-graph\">{\"@context\":\"https:\/\/schema.org\",\"@graph\":[{\"@type\":\"WebPage\",\"@id\":\"https:\/\/urbanjournalism.institute\/forecast-es\/forecast-2024\/cities-in-2024\/\",\"url\":\"https:\/\/urbanjournalism.institute\/forecast-es\/forecast-2024\/cities-in-2024\/\",\"name\":\"Ciudades en 2024 - Municipal Forecast - Espa\u00f1ol\",\"isPartOf\":{\"@id\":\"https:\/\/urbanjournalism.institute\/forecast-es\/#website\"},\"datePublished\":\"2024-02-18T09:30:05+00:00\",\"dateModified\":\"2024-03-06T11:33:23+00:00\",\"breadcrumb\":{\"@id\":\"https:\/\/urbanjournalism.institute\/forecast-es\/forecast-2024\/cities-in-2024\/#breadcrumb\"},\"inLanguage\":\"es\",\"potentialAction\":[{\"@type\":\"ReadAction\",\"target\":[\"https:\/\/urbanjournalism.institute\/forecast-es\/forecast-2024\/cities-in-2024\/\"]}]},{\"@type\":\"BreadcrumbList\",\"@id\":\"https:\/\/urbanjournalism.institute\/forecast-es\/forecast-2024\/cities-in-2024\/#breadcrumb\",\"itemListElement\":[{\"@type\":\"ListItem\",\"position\":1,\"name\":\"Forecast 2024\",\"item\":\"https:\/\/urbanjournalism.institute\/forecast-es\/\"},{\"@type\":\"ListItem\",\"position\":2,\"name\":\"Ciudades en 2024\"}]},{\"@type\":\"WebSite\",\"@id\":\"https:\/\/urbanjournalism.institute\/forecast-es\/#website\",\"url\":\"https:\/\/urbanjournalism.institute\/forecast-es\/\",\"name\":\"Municipal Forecast - Espa\u00f1ol\",\"description\":\"\",\"potentialAction\":[{\"@type\":\"SearchAction\",\"target\":{\"@type\":\"EntryPoint\",\"urlTemplate\":\"https:\/\/urbanjournalism.institute\/forecast-es\/?s={search_term_string}\"},\"query-input\":{\"@type\":\"PropertyValueSpecification\",\"valueRequired\":true,\"valueName\":\"search_term_string\"}}],\"inLanguage\":\"es\"}]}<\/script>\n<!-- \/ Yoast SEO plugin. -->","yoast_head_json":{"title":"Ciudades en 2024 - Municipal Forecast - Espa\u00f1ol","robots":{"index":"index","follow":"follow","max-snippet":"max-snippet:-1","max-image-preview":"max-image-preview:large","max-video-preview":"max-video-preview:-1"},"canonical":"https:\/\/urbanjournalism.institute\/forecast-es\/forecast-2024\/cities-in-2024\/","og_locale":"es_ES","og_type":"article","og_title":"Ciudades en 2024 - Municipal Forecast - Espa\u00f1ol","og_description":"Editorial Ciudades en 2024 El t\u00e9rmino \u201cIA\u201d, la abreviatura de inteli\u00adgencia artificial, ha sido elegido palabra del a\u00f1o 2023 por el&nbsp;Collins Dictionary. El&nbsp;Oxford Dictionary&nbsp;concede el honor a \u201crizz\u201d, un t\u00e9rmino coloquial procedente de inter\u00adnet que alude al estilo, encanto o atractivo de una persona, a la capacidad de atraer a una pareja rom\u00e1ntica o sexual.&nbsp; [&hellip;]","og_url":"https:\/\/urbanjournalism.institute\/forecast-es\/forecast-2024\/cities-in-2024\/","og_site_name":"Municipal Forecast - Espa\u00f1ol","article_modified_time":"2024-03-06T11:33:23+00:00","twitter_card":"summary_large_image","twitter_misc":{"Tiempo de lectura":"3 minutos"},"schema":{"@context":"https:\/\/schema.org","@graph":[{"@type":"WebPage","@id":"https:\/\/urbanjournalism.institute\/forecast-es\/forecast-2024\/cities-in-2024\/","url":"https:\/\/urbanjournalism.institute\/forecast-es\/forecast-2024\/cities-in-2024\/","name":"Ciudades en 2024 - Municipal Forecast - Espa\u00f1ol","isPartOf":{"@id":"https:\/\/urbanjournalism.institute\/forecast-es\/#website"},"datePublished":"2024-02-18T09:30:05+00:00","dateModified":"2024-03-06T11:33:23+00:00","breadcrumb":{"@id":"https:\/\/urbanjournalism.institute\/forecast-es\/forecast-2024\/cities-in-2024\/#breadcrumb"},"inLanguage":"es","potentialAction":[{"@type":"ReadAction","target":["https:\/\/urbanjournalism.institute\/forecast-es\/forecast-2024\/cities-in-2024\/"]}]},{"@type":"BreadcrumbList","@id":"https:\/\/urbanjournalism.institute\/forecast-es\/forecast-2024\/cities-in-2024\/#breadcrumb","itemListElement":[{"@type":"ListItem","position":1,"name":"Forecast 2024","item":"https:\/\/urbanjournalism.institute\/forecast-es\/"},{"@type":"ListItem","position":2,"name":"Ciudades en 2024"}]},{"@type":"WebSite","@id":"https:\/\/urbanjournalism.institute\/forecast-es\/#website","url":"https:\/\/urbanjournalism.institute\/forecast-es\/","name":"Municipal Forecast - Espa\u00f1ol","description":"","potentialAction":[{"@type":"SearchAction","target":{"@type":"EntryPoint","urlTemplate":"https:\/\/urbanjournalism.institute\/forecast-es\/?s={search_term_string}"},"query-input":{"@type":"PropertyValueSpecification","valueRequired":true,"valueName":"search_term_string"}}],"inLanguage":"es"}]}},"_links":{"self":[{"href":"https:\/\/urbanjournalism.institute\/forecast-es\/wp-json\/wp\/v2\/pages\/49","targetHints":{"allow":["GET"]}}],"collection":[{"href":"https:\/\/urbanjournalism.institute\/forecast-es\/wp-json\/wp\/v2\/pages"}],"about":[{"href":"https:\/\/urbanjournalism.institute\/forecast-es\/wp-json\/wp\/v2\/types\/page"}],"author":[{"embeddable":true,"href":"https:\/\/urbanjournalism.institute\/forecast-es\/wp-json\/wp\/v2\/users\/1"}],"replies":[{"embeddable":true,"href":"https:\/\/urbanjournalism.institute\/forecast-es\/wp-json\/wp\/v2\/comments?post=49"}],"version-history":[{"count":2,"href":"https:\/\/urbanjournalism.institute\/forecast-es\/wp-json\/wp\/v2\/pages\/49\/revisions"}],"predecessor-version":[{"id":211,"href":"https:\/\/urbanjournalism.institute\/forecast-es\/wp-json\/wp\/v2\/pages\/49\/revisions\/211"}],"up":[{"embeddable":true,"href":"https:\/\/urbanjournalism.institute\/forecast-es\/wp-json\/wp\/v2\/pages\/48"}],"wp:attachment":[{"href":"https:\/\/urbanjournalism.institute\/forecast-es\/wp-json\/wp\/v2\/media?parent=49"}],"curies":[{"name":"wp","href":"https:\/\/api.w.org\/{rel}","templated":true}]}}