{"id":50,"date":"2024-02-18T09:30:05","date_gmt":"2024-02-18T09:30:05","guid":{"rendered":"https:\/\/urbanjournalism.institute\/forecast-es\/forecast-2024\/cities-in-2024\/architects-of-global-peace\/"},"modified":"2024-08-26T08:24:27","modified_gmt":"2024-08-26T08:24:27","slug":"architects-of-global-peace","status":"publish","type":"page","link":"https:\/\/urbanjournalism.institute\/forecast-es\/forecast-2024\/cities-in-2024\/architects-of-global-peace\/","title":{"rendered":"Arquitectos de la paz mundial"},"content":{"rendered":"\n<figure class=\"wp-block-image size-large is-resized\"><img decoding=\"async\" src=\"\/forecast\/wp-content\/themes\/uji\/img\/mf24\/architects-of-global-peace.jpg\" alt=\"\" style=\"width:840px;height:auto\" \/><figcaption class=\"wp-element-caption\">\u00a9 Chuko Kribb<\/figcaption><\/figure>\n\n\n\n<div class=\"wp-block-group py-0\"><div class=\"wp-block-group__inner-container is-layout-constrained wp-block-group-is-layout-constrained\">\n<div class=\"wp-block-group py-0\"><div class=\"wp-block-group__inner-container is-layout-constrained wp-block-group-is-layout-constrained\">\n<h1 class=\"wp-block-heading has-text-align-center\">ARQUITECTOS DE LA PAZ MUNDIAL<\/h1>\n\n\n\n<div style=\"height:20px\" aria-hidden=\"true\" class=\"wp-block-spacer\"><\/div>\n\n\n\n<div class=\"wp-block-columns is-layout-flex wp-container-core-columns-is-layout-9d6595d7 wp-block-columns-is-layout-flex\">\n<div class=\"wp-block-column is-layout-flow wp-block-column-is-layout-flow\">\n<p class=\"has-text-align-left\"><strong><em>\u201cLos que aman la paz deben aprender a organizar\u00adse tan eficazmente como los que aman la guerra\u201c.&nbsp;<\/em><\/strong><\/p>\n\n\n\n<p>Martin Luther King pronunci\u00f3 estas palabras en su ser\u00adm\u00f3n&nbsp;<em>Ama a tus enemigos&nbsp;<\/em>el 17 de noviembre de 1957, en la Iglesia Bautista de la avenida Dexter de Montgo\u00admery, en Alabama.&nbsp;<\/p>\n\n\n\n<p>La<em>\u00a0<strong><a href=\"https:\/\/www.rescue.org\/eu\/emergency-watchlist-2024\">Lista de Alertas de <\/a><a href=\"https:\/\/www.rescue.org\/eu\/emergency-watchlist-2024\" target=\"_blank\" rel=\"noreferrer noopener\">Emergencia<\/a><a href=\"https:\/\/www.rescue.org\/eu\/emergency-watchlist-2024\"> 2024<\/a><\/strong><\/em><strong>\u00a0<\/strong>subraya \u201cuna crisis humanitaria mundial abrumadora\u201c, ya que revela que\u00a0<strong>se ha cuatriplicado el n\u00famero de per\u00adsonas necesitadas entre 2014 y 2023<\/strong>. Estas cifras, aunque asombrosas, son dif\u00edciles de comprender para la mayor\u00eda de la poblaci\u00f3n, ya que parece que haya desaparecido la capacidad para provocar un impacto emocional y la empat\u00eda. En todo el mundo, casi 300 millones de personas se encuentran en situaci\u00f3n de necesidad humanitaria, 110 millones de personas han sido desplazadas a la fuerza, 237,8 millones de personas experimentan una crisis o niveles peores de inseguridad alimentaria y 659 millones de personas viven en la pobreza extrema.\u00a0<\/p>\n\n\n\n<p>Las zonas urbanas, debido a su tama\u00f1o y densidad, son las m\u00e1s susceptibles a los impactos de las crisis y las perturbaciones mundiales, como se pudo compro\u00adbar durante la pandemia de la COVID-19. Sin embargo,&nbsp;<strong>las ciudades no est\u00e1n dise\u00f1adas para soportar conflictos, sino para ser lugares de paz.<\/strong><\/p>\n\n\n\n<p>La fuerza de una ciudad reside en el entendimiento diario y la reciprocidad entre sus habitantes. Sus in\u00adfraestructuras p\u00fablicas y los bienes comunes se basan en el concepto de interconexi\u00f3n, desde el suministro de agua y energ\u00eda hasta los hospitales y el transporte, prestando servicios a las personas y apoy\u00e1ndose al mismo tiempo en un enfoque comunitario.<\/p>\n\n\n\n<p>Cuando el conflicto y la violencia azotan una ciudad, las infraestructuras y servicios se convierten en un objetivo habitual y el sistema urbano se derrumba con graves consecuencias humanitarias, incluidos los des\u00adplazamientos masivos. Lo que en tiempos de paz era fortaleza se convierte en fragilidad y vulnerabilidad, y los ciudadanos sufren todo tipo de perjuicios.<\/p>\n<\/div>\n\n\n\n<div class=\"wp-block-column is-layout-flow wp-block-column-is-layout-flow\">\n<p>Los da\u00f1os devastadores que la guerra caus\u00f3 en las zo\u00adnas urbanas fueron especialmente dram\u00e1ticos durante la Segunda Guerra Mundial, cuando se perfeccion\u00f3 el armamento destinado a destruir ciudades. Miles de civiles murieron en las ciudades europeas, y los bom\u00adbardeos at\u00f3micos de Hiroshima y Nagasaki causaron entre 110.000 y 210.000 v\u00edctimas, con consecuencias a largo plazo que impiden el c\u00e1lculo de unas cifras m\u00e1s precisas. En 2025 se cumplir\u00e1n 80 a\u00f1os de los bombar\u00addeos.&nbsp;<\/p>\n\n\n\n<p>La dram\u00e1tica situaci\u00f3n de Gaza, los bombardeos de las ciudades ucranianas por parte de Rusia y la devasta\u00adci\u00f3n de los \u00faltimos a\u00f1os en Alepo, Bagdad, Damasco, Mosul, San\u00e1, Marahui, Mogadiscio y Jartum son solo algunos ejemplos de c\u00f3mo las ciudades se encuentran en la primera l\u00ednea de los conflictos. El Comit\u00e9 Interna\u00adcional de la Cruz Roja (CICR) ha promovido el proyecto fotogr\u00e1fico en 3D&nbsp;<strong>\u201c<a href=\"https:\/\/broken-cities.icrc.org\/\" target=\"_blank\" rel=\"noreferrer noopener\"><em>Ciudades rotas<\/em><\/a>\u201d<\/strong>, centrado en los da\u00f1os sufridos en Alepo, Mosul y Gaza, como parte de un llamamiento a todos los Estados para que se pon\u00adgan de acuerdo en frenar el uso de armas explosivas en las zonas pobladas.<\/p>\n\n\n\n<p><strong>Si las ciudades son lugares de paz, los gobiernos locales son los arquitectos<\/strong>. Son agentes naturales de la paz y la construcci\u00f3n comunitaria, que velan por el bienestar de sus ciudadanos y promueven el di\u00e1logo, las asociaciones y la cooperaci\u00f3n entre ciudades y a trav\u00e9s de las redes de gobiernos locales y regionales. Su labor es esencial para prevenir, cuidar y construir la convivencia pac\u00edfica, as\u00ed como para combatir la vio\u00adlencia en todas sus expresiones, incluida la violencia contra las mujeres y la violencia estructural en forma de desigualdades.<\/p>\n\n\n\n<p>Como expresa la declaraci\u00f3n del Foro Mundial de Ciudades y Territorios de Paz 2023,\u00a0<strong>\u201cla paz no es solo la ausencia de guerra, sino tambi\u00e9n la ausencia de todo tipo de violencia\u201d.<\/strong><\/p>\n<\/div>\n<\/div>\n<\/div><\/div>\n<\/div><\/div>\n\n\n\n<div class=\"wp-block-group mt-10\"><div class=\"wp-block-group__inner-container is-layout-constrained wp-block-group-is-layout-constrained\">\n<div class=\"wp-block-columns is-layout-flex wp-container-core-columns-is-layout-9d6595d7 wp-block-columns-is-layout-flex\">\n<div class=\"wp-block-column is-layout-flow wp-block-column-is-layout-flow\">\n<p>La&nbsp;<strong>Nueva Agenda para la Paz&nbsp;<\/strong>es m\u00e1s urgente que nunca, con&nbsp;<strong>soluciones eficaces para promover la paz y prevenir los conflictos que emanan de los territorios<\/strong>. El Foro Pol\u00edtico de Alto Nivel 2024 de las Naciones Unidas revisar\u00e1 cinco ODS, incluido el Ob\u00adjetivo 16: promover sociedades pac\u00edficas e inclusivas para el desarrollo sostenible, facilitar el acceso a la justicia para toda la poblaci\u00f3n y crear institucio\u00adnes eficaces, responsables e inclusivas a todos los niveles. Los gobiernos locales son cruciales en este esfuerzo por fortalecer las instituciones y la buena gobernanza, tendiendo puentes entre la construc\u00adci\u00f3n de la paz y la confianza.<\/p>\n\n\n\n<p>La <a href=\"https:\/\/news.gallup.com\/poll\/512651\/americans-trust-local-government-congress-least.aspx#:~:text=Story%20Highlights&amp;text=WASHINGTON%2C%20D.C.%20%2D%2D%20Gallup's%20annual,%2C%20or%20Congress%20(32%25).\" target=\"_blank\" rel=\"noreferrer noopener\">actualizaci\u00f3n anual de Gallup<\/a> sobre la\u00a0<strong>confianza en las instituciones\u00a0<\/strong>y los actores gubernamentales en Estados Unidos revela que el gobierno local (67 %) obtiene el \u00edndice m\u00e1s alto de confianza entre los esta\u00addounidenses, y que el poder legislativo del gobierno federal o Congreso (32 %), el menor. El dato m\u00e1s rele\u00advante de la encuesta es la comparaci\u00f3n con la media hist\u00f3rica desde que Gallup inici\u00f3 este estudio anual a principios de los a\u00f1os setenta. La confianza en los gobiernos locales se ha reducido solo en tres puntos, ya que la media hist\u00f3rica es del 70 %. Sin embargo, la confianza en el gobierno federal, el poder legislativo y el poder judicial ha descendido 15, 16 y 17 puntos, respectivamente.<\/p>\n\n\n\n<p>La Reuni\u00f3n Anual del Foro Econ\u00f3mico Mundial de 2024 se celebr\u00f3 en Davos bajo el lema \u201c<strong>Reconstruir la confianza<\/strong>\u201d. Se debati\u00f3 mucho sobre la confianza en las tecnolog\u00eda y en las empresas, especialmente en la IA, sobre la confianza en las empresas, sobre su compromiso con la acci\u00f3n contra el cambio clim\u00e1tico, la transparencia y la rendi\u00adci\u00f3n de cuentas, pero no mucho sobre la recuperaci\u00f3n de la confianza de los ciudadanos en sus instituciones.<\/p>\n\n\n\n<p>El\u00a0<strong><a href=\"https:\/\/www3.weforum.org\/docs\/WEF_The_Global_Risks_Report_2024.pdf\" target=\"_blank\" rel=\"noreferrer noopener\"><em>Informe de Riesgos Mundiales 2024<\/em><\/a><\/strong>, publicado por el Foro Econ\u00f3mico Mundial, identifica la\u00a0<strong>\u201cpolarizaci\u00f3n de la sociedad\u201d como uno de los tres principales riesgos tanto en la actualidad como a dos a\u00f1os vista<\/strong>. El clima extremo ocupa el primer lugar, y la desinformaci\u00f3n generada por la IA, el segundo. Esta \u00faltima est\u00e1 especialmente relacionada con las implicaciones del \u201ca\u00f1o superelectoral\u201d, en el que casi la mitad de la poblaci\u00f3n mundial est\u00e1 llamada a las urnas, y las consecuencias de las \u201ccampa\u00f1as manipuladoras\u201d que amenazan los procesos democr\u00e1ticos.<\/p>\n<\/div>\n\n\n\n<div class=\"wp-block-column is-layout-flow wp-block-column-is-layout-flow\">\n<p>La falta de confianza en los gobiernos tambi\u00e9n se refleja en el&nbsp;<strong><a href=\"https:\/\/www.edelman.com\/trust\/2024\/trust-barometer\" target=\"_blank\" rel=\"noreferrer noopener\"><em>Bar\u00f3metro de Confianza Edelman 2024<\/em><\/a><\/strong>, realizado entre el 3 y el 22 de noviembre de 2023.&nbsp;<strong>Los gobiernos son percibidos como menos competen\u00adtes y \u00e9ticos que las empresas, las ONG o los medios de comunicaci\u00f3n<\/strong>, siendo los l\u00edderes gubernamentales las personas en las que menos se conf\u00eda. En pa\u00edses como Argentina, Colombia, Sud\u00e1frica y el Reino Unido los porcentajes de confianza son superiores al 35 %.&nbsp;<\/p>\n\n\n\n<p>La confianza en el gobierno, tradicionalmente asociada a los pa\u00edses con una historia consolidada de democracia, est\u00e1 en crisis. Hannah Bunting, del Centro de Investigaci\u00f3n de la Democracia Local del Reino Unido, el pa\u00eds que ocupa el \u00faltimo lugar entre los gobiernos menos fiables del Bar\u00f3metro Edelman, define la confianza como&nbsp;<strong>\u201ccreer que un gobierno desempe\u00f1ar\u00e1 una funci\u00f3n que dar\u00e1 como resulta\u00addo algo que uno desea, incluso cuando nadie est\u00e1 mirando\u201d.&nbsp;<\/strong>Los gobiernos locales son m\u00e1s receptivos a las preocupaciones de los ciudadanos, m\u00e1s cerca\u00adnos a sus necesidades y m\u00e1s capaces de ofrecer los servicios que necesitan.<\/p>\n\n\n\n<p><strong>Los bajos niveles de confianza tambi\u00e9n se han aso\u00adciado tradicionalmente a altos \u00edndices de desigual\u00addad<\/strong>, a lo que habr\u00eda que a\u00f1adir el factor m\u00e1s reciente de la vulnerabilidad de los territorios frente a los retos del cambio clim\u00e1tico.<\/p>\n\n\n\n<p><strong>La conexi\u00f3n entre paz y democracia y la agenda de igualdad y medio ambiente es m\u00e1s pertinente que nunca<\/strong>. La coincidencia entre los pa\u00edses afectados por conflictos y los pa\u00edses vulnerables al cambio clim\u00e1tico es cada vez mayor: el porcentaje de conflictos que se producen en pa\u00edses vulnerables al cambio clim\u00e1tico ha aumentado del 44 % al 67 % en las \u00faltimas tres d\u00e9cadas.<\/p>\n\n\n\n<p>La confianza en los gobiernos y la capacidad humana para encontrar enfoques en com\u00fan est\u00e1n en crisis. Organizar a los amantes de la paz es una prioridad, y son los gobiernos locales y regionales los primeros con los que hay que ponerse a trabajar.<\/p>\n<\/div>\n<\/div>\n<\/div><\/div>\n","protected":false},"excerpt":{"rendered":"<p>ARQUITECTOS DE LA PAZ MUNDIAL \u201cLos que aman la paz deben aprender a organizar\u00adse tan eficazmente como los que aman la guerra\u201c.&nbsp; Martin Luther King pronunci\u00f3 estas palabras en su ser\u00adm\u00f3n&nbsp;Ama a tus enemigos&nbsp;el 17 de noviembre de 1957, en la Iglesia Bautista de la avenida Dexter de Montgo\u00admery, en Alabama.&nbsp; La\u00a0Lista de Alertas de [&hellip;]<\/p>\n","protected":false},"author":1,"featured_media":0,"parent":49,"menu_order":0,"comment_status":"closed","ping_status":"closed","template":"","meta":{"footnotes":""},"class_list":["post-50","page","type-page","status-publish","hentry"],"yoast_head":"<!-- This site is optimized with the Yoast SEO plugin v27.0 - https:\/\/yoast.com\/product\/yoast-seo-wordpress\/ -->\n<title>Arquitectos de la paz mundial - Municipal Forecast - Espa\u00f1ol<\/title>\n<meta name=\"robots\" content=\"index, follow, max-snippet:-1, max-image-preview:large, max-video-preview:-1\" \/>\n<link rel=\"canonical\" href=\"https:\/\/urbanjournalism.institute\/forecast-es\/forecast-2024\/cities-in-2024\/architects-of-global-peace\/\" \/>\n<meta property=\"og:locale\" content=\"es_ES\" \/>\n<meta property=\"og:type\" content=\"article\" \/>\n<meta property=\"og:title\" content=\"Arquitectos de la paz mundial - Municipal Forecast - Espa\u00f1ol\" \/>\n<meta property=\"og:description\" content=\"ARQUITECTOS DE LA PAZ MUNDIAL \u201cLos que aman la paz deben aprender a organizar\u00adse tan eficazmente como los que aman la guerra\u201c.&nbsp; Martin Luther King pronunci\u00f3 estas palabras en su ser\u00adm\u00f3n&nbsp;Ama a tus enemigos&nbsp;el 17 de noviembre de 1957, en la Iglesia Bautista de la avenida Dexter de Montgo\u00admery, en Alabama.&nbsp; La\u00a0Lista de Alertas de [&hellip;]\" \/>\n<meta property=\"og:url\" content=\"https:\/\/urbanjournalism.institute\/forecast-es\/forecast-2024\/cities-in-2024\/architects-of-global-peace\/\" \/>\n<meta property=\"og:site_name\" content=\"Municipal Forecast - Espa\u00f1ol\" \/>\n<meta property=\"article:modified_time\" content=\"2024-08-26T08:24:27+00:00\" \/>\n<meta name=\"twitter:card\" content=\"summary_large_image\" \/>\n<meta name=\"twitter:label1\" content=\"Tiempo de lectura\" \/>\n\t<meta name=\"twitter:data1\" content=\"7 minutos\" \/>\n<script type=\"application\/ld+json\" class=\"yoast-schema-graph\">{\"@context\":\"https:\/\/schema.org\",\"@graph\":[{\"@type\":\"WebPage\",\"@id\":\"https:\/\/urbanjournalism.institute\/forecast-es\/forecast-2024\/cities-in-2024\/architects-of-global-peace\/\",\"url\":\"https:\/\/urbanjournalism.institute\/forecast-es\/forecast-2024\/cities-in-2024\/architects-of-global-peace\/\",\"name\":\"Arquitectos de la paz mundial - Municipal Forecast - Espa\u00f1ol\",\"isPartOf\":{\"@id\":\"https:\/\/urbanjournalism.institute\/forecast-es\/#website\"},\"datePublished\":\"2024-02-18T09:30:05+00:00\",\"dateModified\":\"2024-08-26T08:24:27+00:00\",\"breadcrumb\":{\"@id\":\"https:\/\/urbanjournalism.institute\/forecast-es\/forecast-2024\/cities-in-2024\/architects-of-global-peace\/#breadcrumb\"},\"inLanguage\":\"es\",\"potentialAction\":[{\"@type\":\"ReadAction\",\"target\":[\"https:\/\/urbanjournalism.institute\/forecast-es\/forecast-2024\/cities-in-2024\/architects-of-global-peace\/\"]}]},{\"@type\":\"BreadcrumbList\",\"@id\":\"https:\/\/urbanjournalism.institute\/forecast-es\/forecast-2024\/cities-in-2024\/architects-of-global-peace\/#breadcrumb\",\"itemListElement\":[{\"@type\":\"ListItem\",\"position\":1,\"name\":\"Forecast 2024\",\"item\":\"https:\/\/urbanjournalism.institute\/forecast-es\/\"},{\"@type\":\"ListItem\",\"position\":2,\"name\":\"Ciudades en 2024\",\"item\":\"https:\/\/urbanjournalism.institute\/forecast-es\/forecast-2024\/cities-in-2024\/\"},{\"@type\":\"ListItem\",\"position\":3,\"name\":\"Arquitectos de la paz mundial\"}]},{\"@type\":\"WebSite\",\"@id\":\"https:\/\/urbanjournalism.institute\/forecast-es\/#website\",\"url\":\"https:\/\/urbanjournalism.institute\/forecast-es\/\",\"name\":\"Municipal Forecast - Espa\u00f1ol\",\"description\":\"\",\"potentialAction\":[{\"@type\":\"SearchAction\",\"target\":{\"@type\":\"EntryPoint\",\"urlTemplate\":\"https:\/\/urbanjournalism.institute\/forecast-es\/?s={search_term_string}\"},\"query-input\":{\"@type\":\"PropertyValueSpecification\",\"valueRequired\":true,\"valueName\":\"search_term_string\"}}],\"inLanguage\":\"es\"}]}<\/script>\n<!-- \/ Yoast SEO plugin. -->","yoast_head_json":{"title":"Arquitectos de la paz mundial - Municipal Forecast - Espa\u00f1ol","robots":{"index":"index","follow":"follow","max-snippet":"max-snippet:-1","max-image-preview":"max-image-preview:large","max-video-preview":"max-video-preview:-1"},"canonical":"https:\/\/urbanjournalism.institute\/forecast-es\/forecast-2024\/cities-in-2024\/architects-of-global-peace\/","og_locale":"es_ES","og_type":"article","og_title":"Arquitectos de la paz mundial - Municipal Forecast - Espa\u00f1ol","og_description":"ARQUITECTOS DE LA PAZ MUNDIAL \u201cLos que aman la paz deben aprender a organizar\u00adse tan eficazmente como los que aman la guerra\u201c.&nbsp; Martin Luther King pronunci\u00f3 estas palabras en su ser\u00adm\u00f3n&nbsp;Ama a tus enemigos&nbsp;el 17 de noviembre de 1957, en la Iglesia Bautista de la avenida Dexter de Montgo\u00admery, en Alabama.&nbsp; La\u00a0Lista de Alertas de [&hellip;]","og_url":"https:\/\/urbanjournalism.institute\/forecast-es\/forecast-2024\/cities-in-2024\/architects-of-global-peace\/","og_site_name":"Municipal Forecast - Espa\u00f1ol","article_modified_time":"2024-08-26T08:24:27+00:00","twitter_card":"summary_large_image","twitter_misc":{"Tiempo de lectura":"7 minutos"},"schema":{"@context":"https:\/\/schema.org","@graph":[{"@type":"WebPage","@id":"https:\/\/urbanjournalism.institute\/forecast-es\/forecast-2024\/cities-in-2024\/architects-of-global-peace\/","url":"https:\/\/urbanjournalism.institute\/forecast-es\/forecast-2024\/cities-in-2024\/architects-of-global-peace\/","name":"Arquitectos de la paz mundial - Municipal Forecast - Espa\u00f1ol","isPartOf":{"@id":"https:\/\/urbanjournalism.institute\/forecast-es\/#website"},"datePublished":"2024-02-18T09:30:05+00:00","dateModified":"2024-08-26T08:24:27+00:00","breadcrumb":{"@id":"https:\/\/urbanjournalism.institute\/forecast-es\/forecast-2024\/cities-in-2024\/architects-of-global-peace\/#breadcrumb"},"inLanguage":"es","potentialAction":[{"@type":"ReadAction","target":["https:\/\/urbanjournalism.institute\/forecast-es\/forecast-2024\/cities-in-2024\/architects-of-global-peace\/"]}]},{"@type":"BreadcrumbList","@id":"https:\/\/urbanjournalism.institute\/forecast-es\/forecast-2024\/cities-in-2024\/architects-of-global-peace\/#breadcrumb","itemListElement":[{"@type":"ListItem","position":1,"name":"Forecast 2024","item":"https:\/\/urbanjournalism.institute\/forecast-es\/"},{"@type":"ListItem","position":2,"name":"Ciudades en 2024","item":"https:\/\/urbanjournalism.institute\/forecast-es\/forecast-2024\/cities-in-2024\/"},{"@type":"ListItem","position":3,"name":"Arquitectos de la paz mundial"}]},{"@type":"WebSite","@id":"https:\/\/urbanjournalism.institute\/forecast-es\/#website","url":"https:\/\/urbanjournalism.institute\/forecast-es\/","name":"Municipal Forecast - Espa\u00f1ol","description":"","potentialAction":[{"@type":"SearchAction","target":{"@type":"EntryPoint","urlTemplate":"https:\/\/urbanjournalism.institute\/forecast-es\/?s={search_term_string}"},"query-input":{"@type":"PropertyValueSpecification","valueRequired":true,"valueName":"search_term_string"}}],"inLanguage":"es"}]}},"_links":{"self":[{"href":"https:\/\/urbanjournalism.institute\/forecast-es\/wp-json\/wp\/v2\/pages\/50","targetHints":{"allow":["GET"]}}],"collection":[{"href":"https:\/\/urbanjournalism.institute\/forecast-es\/wp-json\/wp\/v2\/pages"}],"about":[{"href":"https:\/\/urbanjournalism.institute\/forecast-es\/wp-json\/wp\/v2\/types\/page"}],"author":[{"embeddable":true,"href":"https:\/\/urbanjournalism.institute\/forecast-es\/wp-json\/wp\/v2\/users\/1"}],"replies":[{"embeddable":true,"href":"https:\/\/urbanjournalism.institute\/forecast-es\/wp-json\/wp\/v2\/comments?post=50"}],"version-history":[{"count":8,"href":"https:\/\/urbanjournalism.institute\/forecast-es\/wp-json\/wp\/v2\/pages\/50\/revisions"}],"predecessor-version":[{"id":238,"href":"https:\/\/urbanjournalism.institute\/forecast-es\/wp-json\/wp\/v2\/pages\/50\/revisions\/238"}],"up":[{"embeddable":true,"href":"https:\/\/urbanjournalism.institute\/forecast-es\/wp-json\/wp\/v2\/pages\/49"}],"wp:attachment":[{"href":"https:\/\/urbanjournalism.institute\/forecast-es\/wp-json\/wp\/v2\/media?parent=50"}],"curies":[{"name":"wp","href":"https:\/\/api.w.org\/{rel}","templated":true}]}}