{"id":51,"date":"2024-02-18T09:30:05","date_gmt":"2024-02-18T09:30:05","guid":{"rendered":"https:\/\/urbanjournalism.institute\/forecast-es\/forecast-2024\/cities-in-2024\/what-to-expect-in-2024\/"},"modified":"2024-08-26T08:28:06","modified_gmt":"2024-08-26T08:28:06","slug":"what-to-expect-in-2024","status":"publish","type":"page","link":"https:\/\/urbanjournalism.institute\/forecast-es\/forecast-2024\/cities-in-2024\/what-to-expect-in-2024\/","title":{"rendered":"\u00bfQu\u00e9 nos espera en 2024?"},"content":{"rendered":"\n<div class=\"wp-block-group pt-5\"><div class=\"wp-block-group__inner-container is-layout-constrained wp-block-group-is-layout-constrained\">\n<div class=\"wp-block-group is-vertical is-layout-flex wp-container-core-group-is-layout-8cf370e7 wp-block-group-is-layout-flex\">\n<h1 class=\"wp-block-heading\">\u00bfQU\u00c9 NOS ESPERA EN 2024?<\/h1>\n<\/div>\n\n\n\n<div class=\"wp-block-columns is-layout-flex wp-container-core-columns-is-layout-9d6595d7 wp-block-columns-is-layout-flex\">\n<div class=\"wp-block-column is-layout-flow wp-block-column-is-layout-flow\">\n<p>A medida que nos adentramos en 2024, el panorama econ\u00f3mico mundial se presenta desalentador, con retos que van desde el lento crecimiento y las crecientes crisis de deuda hasta la escalada de los conflictos y los desastres clim\u00e1ticos. Mientras que algunas regiones muestran capacidad de recuperaci\u00f3n, otras se enfren\u00adtan a importantes reveses, lo que pone de relieve la urgente necesidad de realizar inversiones audaces en desarrollo sostenible y acci\u00f3n por el clima.<\/p>\n\n\n\n<p>La pandemia de la COVID-19 ha exacerbado las des\u00adigualdades existentes, ya que las econom\u00edas desa\u00adrrolladas se recuperan mientras que las naciones en desarrollo luchan por recuperar terreno. <\/p>\n\n\n\n<p>El&nbsp;<strong><a href=\"https:\/\/www.un.org\/development\/desa\/dpad\/wp-content\/uploads\/sites\/45\/WESP_2024_Web.pdf\" target=\"_blank\" rel=\"noreferrer noopener\"><em>Informe de Situaci\u00f3n y Perspectivas de la Econom\u00eda Mundial&nbsp;<\/em>2024<\/a>&nbsp;<\/strong>de las Naciones Unidas prev\u00e9 un crecimiento mundial del 2,4 % en 2024, muy por debajo de los niveles ante\u00adriores a la pandemia (3 %).<\/p>\n\n\n\n<p>La espiral de la crisis de la deuda es una preocupaci\u00f3n acuciante, especialmente prevalente en las econom\u00edas en desarrollo. Muchos pa\u00edses est\u00e1n ahogados por la deuda, y m\u00e1s de un tercio corre el riesgo de entrar en crisis. Los elevados tipos de inter\u00e9s, el endurecimiento de las condiciones financieras y la aton\u00eda del comercio internacional agravan esta situaci\u00f3n.&nbsp;<strong>El d\u00e9bil ciclo de inversi\u00f3n y el lento crecimiento amenazan con hacer descarrilar el avance hacia los Objetivos de Desarrollo Sostenible (ODS) si no se interviene.<\/strong><\/p>\n\n\n\n<p>Adem\u00e1s, el impacto del cambio clim\u00e1tico se cierne sobre nosotros, con fen\u00f3menos meteorol\u00f3gicos extremos que causan estragos en las econom\u00edas de todo el mundo. La inversi\u00f3n en acci\u00f3n clim\u00e1tica y desarrollo sostenible es insuficiente, lo que agrava la&nbsp;<strong>fragilidad de las econom\u00edas vulnerables y de renta baja<\/strong>. Mientras asistimos al aumento del&nbsp;<strong>hambre, la pobreza y los desplazamientos<\/strong>, es necesario actuar con urgencia para mitigar los efectos del cambio clim\u00e1tico y aumentar la resiliencia.<\/p>\n\n\n\n<p>La inflaci\u00f3n sigue siendo preocupante, sobre todo en los pa\u00edses en desarrollo, donde se prev\u00e9 que las tasas anuales de inflaci\u00f3n superen el 10 % en 2024. Una&nbsp;<strong>inflaci\u00f3n elevada&nbsp;<\/strong>erosiona los logros econ\u00f3micos y agrava la pobreza, lo que subraya la necesidad de una cooperaci\u00f3n mundial para hacer frente a las perturba\u00adciones de la oferta y a las presiones sobre los precios.<\/p>\n<\/div>\n\n\n\n<div class=\"wp-block-column is-layout-flow wp-block-column-is-layout-flow\">\n<p>Seg\u00fan&nbsp;<strong>Oxford Economics<\/strong>, el crecimiento de los princi\u00adpales indicadores econ\u00f3micos (PIB, empleo y gasto de los consumidores) ser\u00e1 probablemente m\u00e1s d\u00e9bil en 2024 que en 2023 para la mayor\u00eda de las ciudades del mundo. Se prev\u00e9 que las&nbsp;<strong>ciudades de Asia-Pac\u00edfico&nbsp;<\/strong>superen a las de Norteam\u00e9rica y Europa, y que las ciu\u00addades indias muestren se\u00f1ales de resistencia gracias a su fortaleza en los servicios digitales, profesionales y de consumo. Sin embargo, debido a la ralentizaci\u00f3n posterior a la reapertura y a las preocupaciones por el mercado inmobiliario, las ciudades chinas quiz\u00e1 deban enfrentarse a algunas dificultades.<\/p>\n\n\n\n<figure class=\"wp-block-image size-large\"><img decoding=\"async\" src=\"\/wp-content\/themes\/uji\/img\/mf24\/what-to-expect-in-2024-1.jpg\" alt=\"\" \/><figcaption class=\"wp-element-caption\"><br><em>\u00a9 Andri Wyss. Venecia, Italia<\/em><\/figcaption><\/figure>\n<\/div>\n<\/div>\n\n\n\n<hr class=\"wp-block-separator has-alpha-channel-opacity is-style-wide my-10\" \/>\n\n\n\n<div class=\"wp-block-columns is-layout-flex wp-container-core-columns-is-layout-9d6595d7 wp-block-columns-is-layout-flex\">\n<div class=\"wp-block-column is-layout-flow wp-block-column-is-layout-flow\">\n<p>Las&nbsp;<strong>ciudades africanas y de Oriente Medio&nbsp;<\/strong>aumenta\u00adr\u00e1n el ritmo de crecimiento con el tiempo y empezar\u00e1n a liderar las clasificaciones mundiales de crecimiento econ\u00f3mico urbano. Seg\u00fan las previsiones de Oxford Economics, las&nbsp;<strong>ciudades africanas ser\u00e1n las que m\u00e1s crezcan hasta 2050<\/strong>, con un crecimiento medio anual del PIB del 2,8 %, impulsadas por una poblaci\u00f3n mucho m\u00e1s joven y un 40 % de la poblaci\u00f3n en 2025 procedente del continente africano.&nbsp;<\/p>\n\n\n\n<p>Sin embargo, ser\u00e1 el&nbsp;<strong>crecimiento de las ciudades asi\u00e1ticas el que m\u00e1s contribuya a la econom\u00eda mun\u00addial<\/strong>, lo que confirma que la actividad econ\u00f3mica urba\u00adna seguir\u00e1 desplaz\u00e1ndose hacia el este, hacia Asia.&nbsp;<\/p>\n\n\n\n<p>Pero a\u00fan as\u00ed,&nbsp;<strong>el n\u00famero de personas que viven en barrios marginales y asentamientos informales en \u00c1frica, Asia y Am\u00e9rica Latina sigue superando los mil millones de personas, entre ellas cerca de 500 millones de ni\u00f1os<\/strong>. En ciudades y pueblos de pa\u00edses como Tanzania, N\u00edger, Etiop\u00eda, Kenia y Uganda, entre el 40 % y el 70 % de la poblaci\u00f3n vive en asentamien\u00adtos informales, un dato destacado por Cities Alliance bas\u00e1ndose en el Gr\u00e1fico de Progreso de los Objetivos de Desarrollo Sostenible de la ONU para 2022.&nbsp;<\/p>\n\n\n\n<p>Se supone que un&nbsp;<strong>Plan de Acci\u00f3n Global&nbsp;<\/strong>para acelerar la transformaci\u00f3n de esta dram\u00e1tica realidad empeza\u00adr\u00e1 a recibir un fuerte apoyo en 2024 tras su aprobaci\u00f3n en la Asamblea de ONU-H\u00e1bitat en junio de 2023. H\u00e1bitat para la Humanidad y el Instituto Internacional para el Medio Ambiente y el Desarrollo (IIED, por sus siglas en ingl\u00e9s) informaron de que&nbsp;<strong>el acceso equita\u00adtivo a una vivienda adecuada en los asentamientos informales puede repercutir directamente \u201chasta en un 10,5 % de crecimiento econ\u00f3mico\u201d<\/strong>.&nbsp;Las pol\u00edticas que promuevan el crecimiento integrador y aborden las desigualdades ser\u00e1n m\u00e1s imprescindi\u00adbles que nunca. Esto incluye&nbsp;<strong>invertir en educaci\u00f3n, sanidad y protecci\u00f3n social para garantizar que nadie se quede atr\u00e1s<\/strong>.<\/p>\n<\/div>\n\n\n\n<div class=\"wp-block-column is-layout-flow wp-block-column-is-layout-flow\">\n<figure class=\"wp-block-image size-large\"><img decoding=\"async\" src=\"\/wp-content\/themes\/uji\/img\/mf24\/what-to-expect-in-2024-2.jpg\" alt=\"\" \/><figcaption class=\"wp-element-caption\"><br><em>\u00a9 Milos Hajder<\/em><\/figcaption><\/figure>\n<\/div>\n<\/div>\n\n\n\n<hr class=\"wp-block-separator has-alpha-channel-opacity is-style-wide my-10\" \/>\n\n\n\n<div class=\"wp-block-columns is-layout-flex wp-container-core-columns-is-layout-9d6595d7 wp-block-columns-is-layout-flex\">\n<div class=\"wp-block-column is-layout-flow wp-block-column-is-layout-flow\">\n<p>El n\u00famero de migrantes seguir\u00e1 aumentando, sum\u00e1ndose a los factores socioecon\u00f3micos, incluida la creciente demanda de mano de obra en pa\u00edses con poblaciones envejecidas y escasez de personal cualifi\u00adcado, los migrantes \u201cclim\u00e1ticos\u201d. Los \u00faltimos datos del Observatorio de Desplazamientos Internos muestran que las cat\u00e1strofes desencadenaron<strong> un n\u00famero sin precedentes de 32,6 millones de nuevos desplaza\u00admientos internos en 2022<\/strong>.&nbsp;<\/p>\n\n\n\n<p>La Organizaci\u00f3n Internacional para las Migraciones (OIM) centr\u00f3 su llamamiento mundial para 2024 en el aumento de las cat\u00e1strofes relacionadas con el clima y las previsiones de m\u00e1s personas afectadas y potencialmente desplazadas. El portal de datos de los&nbsp;<strong><a href=\"https:\/\/www.migrationdataportal.org\/es\/node\/12171\" target=\"_blank\" rel=\"noreferrer noopener\">Impactos de la Movilidad Clim\u00e1tica<\/a>&nbsp;<\/strong>es una platafor\u00adma para visualizar d\u00f3nde se prev\u00e9 que coincidan los peligros potenciales, la alta densidad de poblaci\u00f3n y la vulnerabilidad econ\u00f3mica. Jap\u00f3n ya anunci\u00f3 su apoyo para financiar proyectos de la OIM en favor de las co\u00admunidades asi\u00e1ticas de Myanmar, Filipinas, Sri Lanka, Tailandia y Timor Oriental afectadas por el cambio clim\u00e1tico, en particular debido al fen\u00f3meno de El Ni\u00f1o.&nbsp;<\/p>\n\n\n\n<p>La\u00a0<strong><em>Agenda de Bridgetown 2.0<\/em><\/strong>, sucesora de la Agen\u00adda de Bridgetown de 2022, propuesta por la primera ministra de Barbados, Mia Mottley, ampli\u00f3 en 2023 su llamamiento para que los sectores de las finanzas y del comercio trabajen juntos para apoyar la transici\u00f3n justa y el cambio hacia econom\u00edas bajas en carbono y resilientes en el Sur Global. El a\u00f1o 2024 ser\u00e1 testigo del surgimiento de \u201cnuevas\u201d alianzas geopol\u00edticas, como la expansi\u00f3n de los BRICS o la inclusi\u00f3n de la Uni\u00f3n Africana como miembro permanente del G20.\u00a0La\u00a0<strong>pobreza, el hambre y la seguridad alimentaria\u00a0<\/strong>ser\u00e1n preocupaciones fundamentales para millones de personas. El Programa Mundial de Alimentos ha llamado la atenci\u00f3n sobre el hecho de que Sud\u00e1n haya duplicado en el \u00faltimo a\u00f1o el n\u00famero de personas que pasan hambre y sobre la situaci\u00f3n en Etiop\u00eda. Seg\u00fan el\u00a0<strong><em><a href=\"https:\/\/www.actionagainsthunger.org\/app\/uploads\/2024\/01\/Action-Against-Hunger-2024-Hunger-Funding-Gap-Report.pdf\" target=\"_blank\" rel=\"noreferrer noopener\">Informe sobre el d\u00e9ficit de financiaci\u00f3n de la lucha contra el hambre en 2024<\/a><\/em><\/strong>, los pa\u00edses que se enfrentan a niveles de hambre \u201cde crisis\u201d solo recibieron el 35 % de la financiaci\u00f3n solicitada en 2023, lo que se traduce en un d\u00e9ficit de financiaci\u00f3n de la lucha contra el hambre del 65 %, un 23 % m\u00e1s que en 2022.<\/p>\n<\/div>\n\n\n\n<div class=\"wp-block-column is-layout-flow wp-block-column-is-layout-flow\">\n<p><strong>Las mujeres y otros grupos vulnerables se llevan la peor parte, con la asombrosa cifra de 15 millo\u00adnes m\u00e1s de mujeres que viven ahora en la pobreza extrema.<\/strong><\/p>\n\n\n\n<p>La brecha de la igualdad tambi\u00e9n ser\u00e1 el centro de atenci\u00f3n en 2024, ya que no se ha alcanzado ning\u00fan indicador del ODS 5 y solo quedan unos pocos a\u00f1os para ganar terreno y lograr la consecuci\u00f3n la Agen\u00adda 2030. Seg\u00fan el Informe global sobre la Brecha de G\u00e9nero,\u00a0<strong>la desigualdad de g\u00e9nero cuesta al mundo unos 12 billones de d\u00f3lares en el PIB mundial, \u201ccon algunos pa\u00edses experimentando una p\u00e9rdida de hasta el 35 %\u201d<\/strong>.<\/p>\n\n\n\n<p>Las tendencias esbozadas subrayan la interconexi\u00f3n entre los retos mundiales y locales y la urgencia por encontrar soluciones colaborativas y con visi\u00f3n de futuro. Hacer frente a las crisis exige voluntad pol\u00edtica y esfuerzos concertados a varios niveles para superar las divisiones, promover la inclusi\u00f3n y dar prioridad a la sostenibilidad. Los gobiernos locales y regionales est\u00e1n en primera l\u00ednea a la hora de afrontar los retos y son los que ponen a prueba a diario&nbsp;<strong>las alianzas en\u00adtre los sectores p\u00fablico y privado para superarlos<\/strong>.<\/p>\n\n\n\n<figure class=\"wp-block-image size-large\"><img decoding=\"async\" src=\"\/wp-content\/themes\/uji\/img\/mf24\/what-to-expect-in-2024-3.jpg\" alt=\"\" \/><figcaption class=\"wp-element-caption\"><br><em>\u00a9 Ben Ostrower<\/em><\/figcaption><\/figure>\n<\/div>\n<\/div>\n<\/div><\/div>\n","protected":false},"excerpt":{"rendered":"<p>\u00bfQU\u00c9 NOS ESPERA EN 2024? A medida que nos adentramos en 2024, el panorama econ\u00f3mico mundial se presenta desalentador, con retos que van desde el lento crecimiento y las crecientes crisis de deuda hasta la escalada de los conflictos y los desastres clim\u00e1ticos. Mientras que algunas regiones muestran capacidad de recuperaci\u00f3n, otras se enfren\u00adtan a [&hellip;]<\/p>\n","protected":false},"author":1,"featured_media":0,"parent":49,"menu_order":10,"comment_status":"closed","ping_status":"closed","template":"","meta":{"footnotes":""},"class_list":["post-51","page","type-page","status-publish","hentry"],"yoast_head":"<!-- This site is optimized with the Yoast SEO plugin v27.0 - https:\/\/yoast.com\/product\/yoast-seo-wordpress\/ -->\n<title>\u00bfQu\u00e9 nos espera en 2024? - Municipal Forecast - Espa\u00f1ol<\/title>\n<meta name=\"robots\" content=\"index, follow, max-snippet:-1, max-image-preview:large, max-video-preview:-1\" \/>\n<link rel=\"canonical\" href=\"https:\/\/urbanjournalism.institute\/forecast-es\/forecast-2024\/cities-in-2024\/what-to-expect-in-2024\/\" \/>\n<meta property=\"og:locale\" content=\"es_ES\" \/>\n<meta property=\"og:type\" content=\"article\" \/>\n<meta property=\"og:title\" content=\"\u00bfQu\u00e9 nos espera en 2024? - Municipal Forecast - Espa\u00f1ol\" \/>\n<meta property=\"og:description\" content=\"\u00bfQU\u00c9 NOS ESPERA EN 2024? A medida que nos adentramos en 2024, el panorama econ\u00f3mico mundial se presenta desalentador, con retos que van desde el lento crecimiento y las crecientes crisis de deuda hasta la escalada de los conflictos y los desastres clim\u00e1ticos. Mientras que algunas regiones muestran capacidad de recuperaci\u00f3n, otras se enfren\u00adtan a [&hellip;]\" \/>\n<meta property=\"og:url\" content=\"https:\/\/urbanjournalism.institute\/forecast-es\/forecast-2024\/cities-in-2024\/what-to-expect-in-2024\/\" \/>\n<meta property=\"og:site_name\" content=\"Municipal Forecast - Espa\u00f1ol\" \/>\n<meta property=\"article:modified_time\" content=\"2024-08-26T08:28:06+00:00\" \/>\n<meta name=\"twitter:card\" content=\"summary_large_image\" \/>\n<meta name=\"twitter:label1\" content=\"Tiempo de lectura\" \/>\n\t<meta name=\"twitter:data1\" content=\"7 minutos\" \/>\n<script type=\"application\/ld+json\" class=\"yoast-schema-graph\">{\"@context\":\"https:\/\/schema.org\",\"@graph\":[{\"@type\":\"WebPage\",\"@id\":\"https:\/\/urbanjournalism.institute\/forecast-es\/forecast-2024\/cities-in-2024\/what-to-expect-in-2024\/\",\"url\":\"https:\/\/urbanjournalism.institute\/forecast-es\/forecast-2024\/cities-in-2024\/what-to-expect-in-2024\/\",\"name\":\"\u00bfQu\u00e9 nos espera en 2024? - Municipal Forecast - Espa\u00f1ol\",\"isPartOf\":{\"@id\":\"https:\/\/urbanjournalism.institute\/forecast-es\/#website\"},\"datePublished\":\"2024-02-18T09:30:05+00:00\",\"dateModified\":\"2024-08-26T08:28:06+00:00\",\"breadcrumb\":{\"@id\":\"https:\/\/urbanjournalism.institute\/forecast-es\/forecast-2024\/cities-in-2024\/what-to-expect-in-2024\/#breadcrumb\"},\"inLanguage\":\"es\",\"potentialAction\":[{\"@type\":\"ReadAction\",\"target\":[\"https:\/\/urbanjournalism.institute\/forecast-es\/forecast-2024\/cities-in-2024\/what-to-expect-in-2024\/\"]}]},{\"@type\":\"BreadcrumbList\",\"@id\":\"https:\/\/urbanjournalism.institute\/forecast-es\/forecast-2024\/cities-in-2024\/what-to-expect-in-2024\/#breadcrumb\",\"itemListElement\":[{\"@type\":\"ListItem\",\"position\":1,\"name\":\"Forecast 2024\",\"item\":\"https:\/\/urbanjournalism.institute\/forecast-es\/\"},{\"@type\":\"ListItem\",\"position\":2,\"name\":\"Ciudades en 2024\",\"item\":\"https:\/\/urbanjournalism.institute\/forecast-es\/forecast-2024\/cities-in-2024\/\"},{\"@type\":\"ListItem\",\"position\":3,\"name\":\"\u00bfQu\u00e9 nos espera en 2024?\"}]},{\"@type\":\"WebSite\",\"@id\":\"https:\/\/urbanjournalism.institute\/forecast-es\/#website\",\"url\":\"https:\/\/urbanjournalism.institute\/forecast-es\/\",\"name\":\"Municipal Forecast - Espa\u00f1ol\",\"description\":\"\",\"potentialAction\":[{\"@type\":\"SearchAction\",\"target\":{\"@type\":\"EntryPoint\",\"urlTemplate\":\"https:\/\/urbanjournalism.institute\/forecast-es\/?s={search_term_string}\"},\"query-input\":{\"@type\":\"PropertyValueSpecification\",\"valueRequired\":true,\"valueName\":\"search_term_string\"}}],\"inLanguage\":\"es\"}]}<\/script>\n<!-- \/ Yoast SEO plugin. -->","yoast_head_json":{"title":"\u00bfQu\u00e9 nos espera en 2024? - Municipal Forecast - Espa\u00f1ol","robots":{"index":"index","follow":"follow","max-snippet":"max-snippet:-1","max-image-preview":"max-image-preview:large","max-video-preview":"max-video-preview:-1"},"canonical":"https:\/\/urbanjournalism.institute\/forecast-es\/forecast-2024\/cities-in-2024\/what-to-expect-in-2024\/","og_locale":"es_ES","og_type":"article","og_title":"\u00bfQu\u00e9 nos espera en 2024? - Municipal Forecast - Espa\u00f1ol","og_description":"\u00bfQU\u00c9 NOS ESPERA EN 2024? A medida que nos adentramos en 2024, el panorama econ\u00f3mico mundial se presenta desalentador, con retos que van desde el lento crecimiento y las crecientes crisis de deuda hasta la escalada de los conflictos y los desastres clim\u00e1ticos. Mientras que algunas regiones muestran capacidad de recuperaci\u00f3n, otras se enfren\u00adtan a [&hellip;]","og_url":"https:\/\/urbanjournalism.institute\/forecast-es\/forecast-2024\/cities-in-2024\/what-to-expect-in-2024\/","og_site_name":"Municipal Forecast - Espa\u00f1ol","article_modified_time":"2024-08-26T08:28:06+00:00","twitter_card":"summary_large_image","twitter_misc":{"Tiempo de lectura":"7 minutos"},"schema":{"@context":"https:\/\/schema.org","@graph":[{"@type":"WebPage","@id":"https:\/\/urbanjournalism.institute\/forecast-es\/forecast-2024\/cities-in-2024\/what-to-expect-in-2024\/","url":"https:\/\/urbanjournalism.institute\/forecast-es\/forecast-2024\/cities-in-2024\/what-to-expect-in-2024\/","name":"\u00bfQu\u00e9 nos espera en 2024? - Municipal Forecast - Espa\u00f1ol","isPartOf":{"@id":"https:\/\/urbanjournalism.institute\/forecast-es\/#website"},"datePublished":"2024-02-18T09:30:05+00:00","dateModified":"2024-08-26T08:28:06+00:00","breadcrumb":{"@id":"https:\/\/urbanjournalism.institute\/forecast-es\/forecast-2024\/cities-in-2024\/what-to-expect-in-2024\/#breadcrumb"},"inLanguage":"es","potentialAction":[{"@type":"ReadAction","target":["https:\/\/urbanjournalism.institute\/forecast-es\/forecast-2024\/cities-in-2024\/what-to-expect-in-2024\/"]}]},{"@type":"BreadcrumbList","@id":"https:\/\/urbanjournalism.institute\/forecast-es\/forecast-2024\/cities-in-2024\/what-to-expect-in-2024\/#breadcrumb","itemListElement":[{"@type":"ListItem","position":1,"name":"Forecast 2024","item":"https:\/\/urbanjournalism.institute\/forecast-es\/"},{"@type":"ListItem","position":2,"name":"Ciudades en 2024","item":"https:\/\/urbanjournalism.institute\/forecast-es\/forecast-2024\/cities-in-2024\/"},{"@type":"ListItem","position":3,"name":"\u00bfQu\u00e9 nos espera en 2024?"}]},{"@type":"WebSite","@id":"https:\/\/urbanjournalism.institute\/forecast-es\/#website","url":"https:\/\/urbanjournalism.institute\/forecast-es\/","name":"Municipal Forecast - Espa\u00f1ol","description":"","potentialAction":[{"@type":"SearchAction","target":{"@type":"EntryPoint","urlTemplate":"https:\/\/urbanjournalism.institute\/forecast-es\/?s={search_term_string}"},"query-input":{"@type":"PropertyValueSpecification","valueRequired":true,"valueName":"search_term_string"}}],"inLanguage":"es"}]}},"_links":{"self":[{"href":"https:\/\/urbanjournalism.institute\/forecast-es\/wp-json\/wp\/v2\/pages\/51","targetHints":{"allow":["GET"]}}],"collection":[{"href":"https:\/\/urbanjournalism.institute\/forecast-es\/wp-json\/wp\/v2\/pages"}],"about":[{"href":"https:\/\/urbanjournalism.institute\/forecast-es\/wp-json\/wp\/v2\/types\/page"}],"author":[{"embeddable":true,"href":"https:\/\/urbanjournalism.institute\/forecast-es\/wp-json\/wp\/v2\/users\/1"}],"replies":[{"embeddable":true,"href":"https:\/\/urbanjournalism.institute\/forecast-es\/wp-json\/wp\/v2\/comments?post=51"}],"version-history":[{"count":10,"href":"https:\/\/urbanjournalism.institute\/forecast-es\/wp-json\/wp\/v2\/pages\/51\/revisions"}],"predecessor-version":[{"id":241,"href":"https:\/\/urbanjournalism.institute\/forecast-es\/wp-json\/wp\/v2\/pages\/51\/revisions\/241"}],"up":[{"embeddable":true,"href":"https:\/\/urbanjournalism.institute\/forecast-es\/wp-json\/wp\/v2\/pages\/49"}],"wp:attachment":[{"href":"https:\/\/urbanjournalism.institute\/forecast-es\/wp-json\/wp\/v2\/media?parent=51"}],"curies":[{"name":"wp","href":"https:\/\/api.w.org\/{rel}","templated":true}]}}