{"id":52,"date":"2024-02-18T09:30:05","date_gmt":"2024-02-18T09:30:05","guid":{"rendered":"https:\/\/urbanjournalism.institute\/forecast-es\/forecast-2024\/cities-in-2024\/global-trends-for-local-and-regional-governments\/"},"modified":"2024-08-26T08:34:47","modified_gmt":"2024-08-26T08:34:47","slug":"global-trends-for-local-and-regional-governments","status":"publish","type":"page","link":"https:\/\/urbanjournalism.institute\/forecast-es\/forecast-2024\/cities-in-2024\/global-trends-for-local-and-regional-governments\/","title":{"rendered":"Tendencias mundiales para los gobiernos locales y regionales"},"content":{"rendered":"\n<p>&nbsp;&nbsp;<\/p>\n\n\n\n<div class=\"wp-block-group pt-0 pb-5\"><div class=\"wp-block-group__inner-container is-layout-constrained wp-block-group-is-layout-constrained\">\n<h1 class=\"wp-block-heading\">Tendencias mundiales para los gobiernos locales y regionales<\/h1>\n\n\n\n<p class=\"font-serif\"><em>Escrito por ChatGPT&nbsp;(Enero 2024)<\/em><\/p>\n\n\n\n<p><em>El a\u00f1o pasado, en el Municipal Forecast 2023, no pudimos resistir la tentaci\u00f3n de indagar con ChatGPT sobre las tendencias mundiales para los gobiernos locales y regionales. La tentaci\u00f3n ha vuelto, ten\u00edamos que hacerlo de nuevo. Adelante, eche un vistazo a su respuesta y comp\u00e1rela con la que obtuvimos en 2023.<\/em><\/p>\n<\/div><\/div>\n\n\n\n<figure class=\"wp-block-image size-large\"><img decoding=\"async\" src=\"\/wp-content\/themes\/uji\/img\/mf24\/global-trends-for-local-and-regional-governments-1.jpg\" alt=\"\" \/><\/figure>\n\n\n\n<div class=\"wp-block-columns p-10 gap-5 is-layout-flex wp-container-core-columns-is-layout-9d6595d7 wp-block-columns-is-layout-flex\">\n<div class=\"wp-block-column is-layout-flow wp-block-column-is-layout-flow\">\n<p><strong>1. Transformaci\u00f3n digital<\/strong>. En los pr\u00f3ximos a\u00f1os, se espera que los gobiernos locales y regionales aceleren sus iniciativas de transformaci\u00f3n digital. Desde la adop\u00adci\u00f3n de tecnolog\u00edas de ciudades inteligentes hasta la integraci\u00f3n de an\u00e1lisis de datos e inteligencia artificial, el panorama digital se est\u00e1 convirtiendo en un elemen\u00adto central para la prestaci\u00f3n eficiente de servicios y la participaci\u00f3n ciudadana. Las plataformas digitales que facilitan la comunicaci\u00f3n, la participaci\u00f3n y la transpa\u00adrencia generar\u00e1n confianza entre los gobiernos y sus electores.<\/p>\n\n\n\n<p><strong>2. Sostenibilidad y resiliencia: priorizar el futuro.&nbsp;<\/strong>A medida que la lucha contra el cambio clim\u00e1tico se hace m\u00e1s evidente, los gobiernos locales y regionales est\u00e1n adoptando iniciativas de sostenibilidad y resiliencia. Aumentan las inversiones en energ\u00edas renovables, infraestructuras verdes y planificaci\u00f3n urbana respe\u00adtuosa con el medio ambiente. Los gobiernos reconocen la necesidad de construir ciudades y regiones que pue\u00addan resistir los retos medioambientales al tiempo que fomentan la sostenibilidad a largo plazo.<\/p>\n\n\n\n<p class=\"has-text-align-left\"><strong>3. Asociaciones p\u00fablico-privadas (APP).&nbsp;<\/strong>Las colabo\u00adraciones entre los sectores p\u00fablico y privado son cada vez m\u00e1s frecuentes a medida que los gobiernos buscan soluciones innovadoras a retos complejos. Se est\u00e1n utilizando las asociaciones p\u00fablico-privadas (APP) para el desarrollo de infraestructuras, la implantaci\u00f3n de tecnolog\u00eda y la prestaci\u00f3n de servicios p\u00fablicos. Estas colaboraciones permiten compartir recursos, conoci\u00admientos y riesgos, lo que se traduce en una gobernanza m\u00e1s eficaz y eficiente.<\/p>\n<\/div>\n\n\n\n<div class=\"wp-block-column is-layout-flow wp-block-column-is-layout-flow\">\n<p class=\"has-text-align-left\"><strong>4. Descentralizaci\u00f3n y capacitaci\u00f3n local.&nbsp;<\/strong>En algu\u00adnas regiones se est\u00e1 produciendo un cambio hacia la descentralizaci\u00f3n, dotando a los gobiernos locales de mayor poder de decisi\u00f3n. Esta tendencia implica la devoluci\u00f3n de competencias, la concesi\u00f3n de auto\u00adnom\u00eda fiscal y el aumento de la responsabilidad para abordar los problemas locales. Con ello, los gobiernos pretenden fomentar una conexi\u00f3n m\u00e1s profunda entre los responsables de la toma de decisiones y las&nbsp;comunidades&nbsp;a las que sirven.<\/p>\n\n\n\n<p><strong>5. Gobernanza inclusiva.&nbsp;<\/strong>El llamamiento en favor de una gobernanza inclusiva est\u00e1 ganando impulso, haciendo hincapi\u00e9 en garantizar un acceso equitativo a los recursos, servicios y oportunidades para todos los miembros de la comunidad. Los gobiernos se esfuerzan por representar las diversas voces de sus territorios, fomentando el sentido de pertenencia y el compromiso de la comunidad.&nbsp;<\/p>\n\n\n\n<p><strong>6. Preparaci\u00f3n ante las crisis sanitarias.&nbsp;<\/strong>Las expe\u00adriencias con las crisis sanitarias mundiales, como la pandemia de la COVID-19, han subrayado la impor\u00adtancia de la preparaci\u00f3n ante las crisis sanitarias. Se espera que los gobiernos locales y regionales inviertan en infraestructuras sanitarias, sistemas de datos y me\u00adcanismos de coordinaci\u00f3n para responder eficazmente a futuros retos sanitarios.&nbsp;<\/p>\n<\/div>\n\n\n\n<div class=\"wp-block-column is-layout-flow wp-block-column-is-layout-flow\">\n<p><strong>7. Participaci\u00f3n de la comunidad y transparencia.\u00a0<\/strong>Los ciudadanos exigen mayor transparencia y la partici\u00adpaci\u00f3n activa en los procesos de toma de decisiones. Los gobiernos locales y regionales est\u00e1n respondiendo mediante la inversi\u00f3n en tecnolog\u00edas y estrategias que mejoren la comunicaci\u00f3n, recojan las aportaciones de los ciudadanos y generen confianza con sus comuni\u00addades. El di\u00e1logo abierto y la informaci\u00f3n accesible se est\u00e1n convirtiendo en componentes esenciales de una gobernanza eficaz.\u00a0<\/p>\n\n\n\n<p><strong>8. Transformaci\u00f3n de la mano de obra.&nbsp;<\/strong>Los gobiernos se est\u00e1n adaptando a los cambios en la mano de obra mediante la incorporaci\u00f3n de opciones de trabajo a dis\u00adtancia, la mejora de la cualificaci\u00f3n de los empleados y el aprovechamiento de la tecnolog\u00eda para lograr opera\u00adciones m\u00e1s eficientes y flexibles. La transformaci\u00f3n de la mano de obra es crucial para mantener la agilidad y garantizar que los gobiernos locales y regionales pue\u00addan abordar con eficacia las necesidades cambiantes de sus comunidades.&nbsp;<\/p>\n\n\n\n<p><strong>9. Seguridad y ciberseguridad.&nbsp;<\/strong>Con los sistemas digita\u00adles como parte integrante de la gobernanza, es funda\u00admental prestar una mayor atenci\u00f3n a la ciberseguridad. Los gobiernos locales y regionales deben invertir en medidas de seguridad s\u00f3lidas para proteger los datos confidenciales y garantizar la honestidad de las ope\u00adraciones gubernamentales en una era de amenazas cibern\u00e9ticas en constante evoluci\u00f3n.<\/p>\n<\/div>\n<\/div>\n","protected":false},"excerpt":{"rendered":"<p>&nbsp;&nbsp; Tendencias mundiales para los gobiernos locales y regionales Escrito por ChatGPT&nbsp;(Enero 2024) El a\u00f1o pasado, en el Municipal Forecast 2023, no pudimos resistir la tentaci\u00f3n de indagar con ChatGPT sobre las tendencias mundiales para los gobiernos locales y regionales. La tentaci\u00f3n ha vuelto, ten\u00edamos que hacerlo de nuevo. Adelante, eche un vistazo a su [&hellip;]<\/p>\n","protected":false},"author":1,"featured_media":0,"parent":49,"menu_order":20,"comment_status":"closed","ping_status":"closed","template":"","meta":{"footnotes":""},"class_list":["post-52","page","type-page","status-publish","hentry"],"yoast_head":"<!-- This site is optimized with the Yoast SEO plugin v27.0 - https:\/\/yoast.com\/product\/yoast-seo-wordpress\/ -->\n<title>Tendencias mundiales para los gobiernos locales y regionales - Municipal Forecast - Espa\u00f1ol<\/title>\n<meta name=\"robots\" content=\"index, follow, max-snippet:-1, max-image-preview:large, max-video-preview:-1\" \/>\n<link rel=\"canonical\" href=\"https:\/\/urbanjournalism.institute\/forecast-es\/forecast-2024\/cities-in-2024\/global-trends-for-local-and-regional-governments\/\" \/>\n<meta property=\"og:locale\" content=\"es_ES\" \/>\n<meta property=\"og:type\" content=\"article\" \/>\n<meta property=\"og:title\" content=\"Tendencias mundiales para los gobiernos locales y regionales - Municipal Forecast - Espa\u00f1ol\" \/>\n<meta property=\"og:description\" content=\"&nbsp;&nbsp; Tendencias mundiales para los gobiernos locales y regionales Escrito por ChatGPT&nbsp;(Enero 2024) El a\u00f1o pasado, en el Municipal Forecast 2023, no pudimos resistir la tentaci\u00f3n de indagar con ChatGPT sobre las tendencias mundiales para los gobiernos locales y regionales. La tentaci\u00f3n ha vuelto, ten\u00edamos que hacerlo de nuevo. Adelante, eche un vistazo a su [&hellip;]\" \/>\n<meta property=\"og:url\" content=\"https:\/\/urbanjournalism.institute\/forecast-es\/forecast-2024\/cities-in-2024\/global-trends-for-local-and-regional-governments\/\" \/>\n<meta property=\"og:site_name\" content=\"Municipal Forecast - Espa\u00f1ol\" \/>\n<meta property=\"article:modified_time\" content=\"2024-08-26T08:34:47+00:00\" \/>\n<meta name=\"twitter:card\" content=\"summary_large_image\" \/>\n<meta name=\"twitter:label1\" content=\"Tiempo de lectura\" \/>\n\t<meta name=\"twitter:data1\" content=\"4 minutos\" \/>\n<script type=\"application\/ld+json\" class=\"yoast-schema-graph\">{\"@context\":\"https:\/\/schema.org\",\"@graph\":[{\"@type\":\"WebPage\",\"@id\":\"https:\/\/urbanjournalism.institute\/forecast-es\/forecast-2024\/cities-in-2024\/global-trends-for-local-and-regional-governments\/\",\"url\":\"https:\/\/urbanjournalism.institute\/forecast-es\/forecast-2024\/cities-in-2024\/global-trends-for-local-and-regional-governments\/\",\"name\":\"Tendencias mundiales para los gobiernos locales y regionales - Municipal Forecast - Espa\u00f1ol\",\"isPartOf\":{\"@id\":\"https:\/\/urbanjournalism.institute\/forecast-es\/#website\"},\"datePublished\":\"2024-02-18T09:30:05+00:00\",\"dateModified\":\"2024-08-26T08:34:47+00:00\",\"breadcrumb\":{\"@id\":\"https:\/\/urbanjournalism.institute\/forecast-es\/forecast-2024\/cities-in-2024\/global-trends-for-local-and-regional-governments\/#breadcrumb\"},\"inLanguage\":\"es\",\"potentialAction\":[{\"@type\":\"ReadAction\",\"target\":[\"https:\/\/urbanjournalism.institute\/forecast-es\/forecast-2024\/cities-in-2024\/global-trends-for-local-and-regional-governments\/\"]}]},{\"@type\":\"BreadcrumbList\",\"@id\":\"https:\/\/urbanjournalism.institute\/forecast-es\/forecast-2024\/cities-in-2024\/global-trends-for-local-and-regional-governments\/#breadcrumb\",\"itemListElement\":[{\"@type\":\"ListItem\",\"position\":1,\"name\":\"Forecast 2024\",\"item\":\"https:\/\/urbanjournalism.institute\/forecast-es\/\"},{\"@type\":\"ListItem\",\"position\":2,\"name\":\"Ciudades en 2024\",\"item\":\"https:\/\/urbanjournalism.institute\/forecast-es\/forecast-2024\/cities-in-2024\/\"},{\"@type\":\"ListItem\",\"position\":3,\"name\":\"Tendencias mundiales para los gobiernos locales y regionales\"}]},{\"@type\":\"WebSite\",\"@id\":\"https:\/\/urbanjournalism.institute\/forecast-es\/#website\",\"url\":\"https:\/\/urbanjournalism.institute\/forecast-es\/\",\"name\":\"Municipal Forecast - Espa\u00f1ol\",\"description\":\"\",\"potentialAction\":[{\"@type\":\"SearchAction\",\"target\":{\"@type\":\"EntryPoint\",\"urlTemplate\":\"https:\/\/urbanjournalism.institute\/forecast-es\/?s={search_term_string}\"},\"query-input\":{\"@type\":\"PropertyValueSpecification\",\"valueRequired\":true,\"valueName\":\"search_term_string\"}}],\"inLanguage\":\"es\"}]}<\/script>\n<!-- \/ Yoast SEO plugin. -->","yoast_head_json":{"title":"Tendencias mundiales para los gobiernos locales y regionales - Municipal Forecast - Espa\u00f1ol","robots":{"index":"index","follow":"follow","max-snippet":"max-snippet:-1","max-image-preview":"max-image-preview:large","max-video-preview":"max-video-preview:-1"},"canonical":"https:\/\/urbanjournalism.institute\/forecast-es\/forecast-2024\/cities-in-2024\/global-trends-for-local-and-regional-governments\/","og_locale":"es_ES","og_type":"article","og_title":"Tendencias mundiales para los gobiernos locales y regionales - Municipal Forecast - Espa\u00f1ol","og_description":"&nbsp;&nbsp; Tendencias mundiales para los gobiernos locales y regionales Escrito por ChatGPT&nbsp;(Enero 2024) El a\u00f1o pasado, en el Municipal Forecast 2023, no pudimos resistir la tentaci\u00f3n de indagar con ChatGPT sobre las tendencias mundiales para los gobiernos locales y regionales. La tentaci\u00f3n ha vuelto, ten\u00edamos que hacerlo de nuevo. Adelante, eche un vistazo a su [&hellip;]","og_url":"https:\/\/urbanjournalism.institute\/forecast-es\/forecast-2024\/cities-in-2024\/global-trends-for-local-and-regional-governments\/","og_site_name":"Municipal Forecast - Espa\u00f1ol","article_modified_time":"2024-08-26T08:34:47+00:00","twitter_card":"summary_large_image","twitter_misc":{"Tiempo de lectura":"4 minutos"},"schema":{"@context":"https:\/\/schema.org","@graph":[{"@type":"WebPage","@id":"https:\/\/urbanjournalism.institute\/forecast-es\/forecast-2024\/cities-in-2024\/global-trends-for-local-and-regional-governments\/","url":"https:\/\/urbanjournalism.institute\/forecast-es\/forecast-2024\/cities-in-2024\/global-trends-for-local-and-regional-governments\/","name":"Tendencias mundiales para los gobiernos locales y regionales - Municipal Forecast - Espa\u00f1ol","isPartOf":{"@id":"https:\/\/urbanjournalism.institute\/forecast-es\/#website"},"datePublished":"2024-02-18T09:30:05+00:00","dateModified":"2024-08-26T08:34:47+00:00","breadcrumb":{"@id":"https:\/\/urbanjournalism.institute\/forecast-es\/forecast-2024\/cities-in-2024\/global-trends-for-local-and-regional-governments\/#breadcrumb"},"inLanguage":"es","potentialAction":[{"@type":"ReadAction","target":["https:\/\/urbanjournalism.institute\/forecast-es\/forecast-2024\/cities-in-2024\/global-trends-for-local-and-regional-governments\/"]}]},{"@type":"BreadcrumbList","@id":"https:\/\/urbanjournalism.institute\/forecast-es\/forecast-2024\/cities-in-2024\/global-trends-for-local-and-regional-governments\/#breadcrumb","itemListElement":[{"@type":"ListItem","position":1,"name":"Forecast 2024","item":"https:\/\/urbanjournalism.institute\/forecast-es\/"},{"@type":"ListItem","position":2,"name":"Ciudades en 2024","item":"https:\/\/urbanjournalism.institute\/forecast-es\/forecast-2024\/cities-in-2024\/"},{"@type":"ListItem","position":3,"name":"Tendencias mundiales para los gobiernos locales y regionales"}]},{"@type":"WebSite","@id":"https:\/\/urbanjournalism.institute\/forecast-es\/#website","url":"https:\/\/urbanjournalism.institute\/forecast-es\/","name":"Municipal Forecast - Espa\u00f1ol","description":"","potentialAction":[{"@type":"SearchAction","target":{"@type":"EntryPoint","urlTemplate":"https:\/\/urbanjournalism.institute\/forecast-es\/?s={search_term_string}"},"query-input":{"@type":"PropertyValueSpecification","valueRequired":true,"valueName":"search_term_string"}}],"inLanguage":"es"}]}},"_links":{"self":[{"href":"https:\/\/urbanjournalism.institute\/forecast-es\/wp-json\/wp\/v2\/pages\/52","targetHints":{"allow":["GET"]}}],"collection":[{"href":"https:\/\/urbanjournalism.institute\/forecast-es\/wp-json\/wp\/v2\/pages"}],"about":[{"href":"https:\/\/urbanjournalism.institute\/forecast-es\/wp-json\/wp\/v2\/types\/page"}],"author":[{"embeddable":true,"href":"https:\/\/urbanjournalism.institute\/forecast-es\/wp-json\/wp\/v2\/users\/1"}],"replies":[{"embeddable":true,"href":"https:\/\/urbanjournalism.institute\/forecast-es\/wp-json\/wp\/v2\/comments?post=52"}],"version-history":[{"count":2,"href":"https:\/\/urbanjournalism.institute\/forecast-es\/wp-json\/wp\/v2\/pages\/52\/revisions"}],"predecessor-version":[{"id":242,"href":"https:\/\/urbanjournalism.institute\/forecast-es\/wp-json\/wp\/v2\/pages\/52\/revisions\/242"}],"up":[{"embeddable":true,"href":"https:\/\/urbanjournalism.institute\/forecast-es\/wp-json\/wp\/v2\/pages\/49"}],"wp:attachment":[{"href":"https:\/\/urbanjournalism.institute\/forecast-es\/wp-json\/wp\/v2\/media?parent=52"}],"curies":[{"name":"wp","href":"https:\/\/api.w.org\/{rel}","templated":true}]}}