{"id":56,"date":"2024-02-18T09:30:05","date_gmt":"2024-02-18T09:30:05","guid":{"rendered":"https:\/\/urbanjournalism.institute\/forecast-es\/forecast-2024\/local-multilateralism\/"},"modified":"2024-08-26T10:41:36","modified_gmt":"2024-08-26T10:41:36","slug":"local-multilateralism","status":"publish","type":"page","link":"https:\/\/urbanjournalism.institute\/forecast-es\/forecast-2024\/local-multilateralism\/","title":{"rendered":"Multilateralismo local"},"content":{"rendered":"\n<header class=\"wp-block-group pt-5\"><div class=\"wp-block-group__inner-container is-layout-constrained wp-block-group-is-layout-constrained\">\n<h1 class=\"wp-block-heading has-x-large-font-size\">MULTILATERALISMO LOCAL EN 2024<\/h1>\n\n\n\n<h4 class=\"wp-block-heading\">\u00bf<em><strong>D\u00f3nde aunar los esfuerzos?<\/strong><\/em><\/h4>\n<\/div><\/header>\n\n\n\n<div class=\"wp-block-columns are-vertically-aligned-top gap-0 equal-heights is-layout-flex wp-container-core-columns-is-layout-9d6595d7 wp-block-columns-is-layout-flex\">\n<div class=\"wp-block-column is-vertically-aligned-top is-layout-flow wp-block-column-is-layout-flow\">\n<figure class=\"wp-block-image size-large\"><img decoding=\"async\" src=\"\/wp-content\/themes\/uji\/img\/mf24\/local-multilateralism.jpg\" alt=\"\" \/><figcaption class=\"wp-element-caption\"><em>\u00a9Antenna<\/em><\/figcaption><\/figure>\n<\/div>\n\n\n\n<div class=\"wp-block-column is-vertically-aligned-top px-10 is-layout-flow wp-block-column-is-layout-flow\">\n<p>Repensar el multilateralismo y la gobernanza mundial se reconoce como una necesidad para la mayor\u00eda de los actores que dirigen las instituciones clave de un sistema heredado de la posguerra. El secretario general de las Naciones Unidas, Ant\u00f3nio Guterres, ha sido una de las voces m\u00e1s activas a la hora de instar a acelerar el cambio e implicar a los Estados miembros, expertos y partes interesadas en ofrecer propuestas para adaptar los sistemas a la realidad mundial actual.&nbsp;<\/p>\n\n\n\n<p>En julio de 2024 se cumplir\u00e1n 80 a\u00f1os de la Conferencia de Bretton Woods y de la creaci\u00f3n del Banco Mundial y el Fondo Monetario Internacional. Es un error de interpretaci\u00f3n peligroso sugerir que los sistemas creados en un contexto geopol\u00edtico ajeno al actual est\u00e1n obsoletos.&nbsp;<\/p>\n\n\n\n<p>En la \u00faltima d\u00e9cada, los gobiernos locales y regionales han ganado un espacio sin precedentes para el di\u00e1logo abierto y las contribuciones a las Naciones Unidas. Sin embargo, traducir estos espacios en acuerdos formales sigue siendo un reto importante, sobre todo en medio del creciente nacionalismo y los planteamientos conservadores.&nbsp;<\/p>\n\n\n\n<p><strong>A tan solo seis a\u00f1os del horizonte 2030, la localizaci\u00f3n es m\u00e1s importante que nunca. <\/strong>Existen innumerables soluciones para la vivienda inasequible, el aumento del coste de la vida, los efectos del cambio clim\u00e1tico, la falta de servicios b\u00e1sicos y los conflictos actuales.<\/p>\n\n\n\n<p>Al localizar los ODS y hacerlos tangibles, es posible empoderar a las partes interesadas locales y fomentar la participaci\u00f3n ciudadana. Mediante herramientas como los presupuestos participativos, el desarrollo sostenible puede responder mejor a las necesidades locales, lo que repercutir\u00e1 positivamente en las peque\u00f1as comunidades y en las megal\u00f3polis en expansi\u00f3n.<\/p>\n<\/div>\n<\/div>\n\n\n\n<div class=\"wp-block-group narrow-group\"><div class=\"wp-block-group__inner-container is-layout-constrained wp-block-group-is-layout-constrained\">\n<p><strong>La Cumbre del Futuro de la ONU<\/strong>, propuesta en el Informe Nuestra Agenda Com\u00fan del secretario general de la ONU, tiene como objetivo establecer un nuevo consenso mundial para un futuro compartido y las acciones necesarias para garantizarlo. La Cumbre se celebrar\u00e1 en septiembre de 2024 y se considera una oportunidad \u00fanica para reconstruir la confianza y reforzar la cooperaci\u00f3n internacional. El principal resultado de la Cumbre del Futuro ser\u00e1 un documento final negociado y orientado a la acci\u00f3n, titulado <strong>Pacto para el Futuro<\/strong>, que prev\u00e9 el futuro del sistema multilateral para los pr\u00f3ximos 25 a\u00f1os y que est\u00e1 previsto que se adopte en los proleg\u00f3menos y durante la Cumbre de septiembre de 2024.\u00a0<\/p>\n\n\n\n<p>El <strong>borrador cero <\/strong>del Pacto para el Futuro fue publicado el 26 de enero de 2024 por los cofacilitadores del proceso intergubernamental preparatorio de la Cumbre, los Representantes Permanentes de Alemania y Namibia. <\/p>\n\n\n\n<p>Como parte de las aportaciones recibidas, incluye las <strong><a href=\"https:\/\/www.un.org\/sites\/un2.un.org\/files\/sof-local-authorities-major-group-input-zero-draft-pact-for-future.pdf\">contribuciones escritas<\/a> <\/strong>del Grupo Principal de Autoridades Locales, reunido en el seno del Grupo de Trabajo Global de Gobiernos Locales y Regionales, facilitado por CGLU.<\/p>\n\n\n\n<p>Se propuso un proceso de consulta con las partes interesadas con la publicaci\u00f3n del borrador cero \u201cpara complementar las consultas intergubernamentales y garantizar que diversas voces y perspectivas puedan contribuir\u201d.&nbsp;<\/p>\n\n\n\n<p>El 21 de febrero de 2024, se celebrar\u00e1 <strong>una consulta virtual con los grupos principales, otras partes interesadas y representantes de la sociedad civil<\/strong>. La fecha l\u00edmite para recibir comentarios sobre el borrador cero del Pacto para el Futuro es el 12 de febrero de 2024. Del 9 al 11 de mayo de 2024, se celebrar\u00e1 en Nairobi (Kenia) una Conferencia de la Sociedad Civil de las Naciones Unidas, cuyas deliberaciones y resultados constituir\u00e1n una valiosa contribuci\u00f3n a los resultados de la Cumbre del Futuro.&nbsp;<\/p>\n\n\n\n<p>A partir de la versi\u00f3n inicial del borrador cero, se incluye un compromiso para facilitar una participaci\u00f3n m\u00e1s estructurada e inclusiva de los gobiernos locales en el ECOSOC y sus comisiones funcionales y regionales.&nbsp;<\/p>\n\n\n\n<p>El grupo de gobiernos locales y regionales est\u00e1 especialmente implicado en el proceso a trav\u00e9s del <strong>Grupo Asesor sobre Gobiernos Locales y Regionales<\/strong>, formado por veinte miembros, quince de los cuales son representantes de gobiernos locales y regionales, para mejorar la colaboraci\u00f3n entre las Naciones Unidas y los gobiernos locales y regionales centr\u00e1ndose en reforzar su participaci\u00f3n en&nbsp;los procesos intergubernamentales de la ONU. La presidencia la ostentan el presidente de la Regi\u00f3n de Nuakchot (Mauritania) y el secretario de Estado de Cooperaci\u00f3n Internacional de Espa\u00f1a.<\/p>\n<\/div><\/div>\n\n\n\n<figure class=\"wp-block-image size-large\"><img decoding=\"async\" src=\"\/wp-content\/themes\/uji\/img\/mf24\/local-multilateralism-2.jpg\" alt=\"\" \/><figcaption class=\"wp-element-caption\"><br><em>\u00a9 UCLG<\/em><\/figcaption><\/figure>\n\n\n\n<div class=\"wp-block-group narrow-group\"><div class=\"wp-block-group__inner-container is-layout-constrained wp-block-group-is-layout-constrained\">\n<p>Durante la presentaci\u00f3n del Grupo Asesor en octubre de 2023, Ant\u00f3nio Guterres, secretario general de la ONU, reafirm\u00f3 la determinaci\u00f3n de las Naciones Unidas de <strong>\u201chacer que el sistema multilateral tenga una fuerte conexi\u00f3n con las autoridades locales y subnacionales, independientemente de la naturaleza intergubernamental del sistema\u201d<\/strong>. Tambi\u00e9n reconoci\u00f3 que \u201cexiste cierta resistencia por parte de muchos gobiernos a tener enfoques multipartitos, que incluyan a las autoridades locales [y] a las sociedades civiles\u201d.&nbsp;<\/p>\n\n\n\n<p>Antes de la Cumbre del Futuro, en julio de 2024, se celebrar\u00e1 el Foro Pol\u00edtico de Alto Nivel (FPAN) bajo el lema \u201cReforzar la Agenda 2030 y erradicar la pobreza en tiempos de crisis m\u00faltiples: La aplicaci\u00f3n eficaz de soluciones sostenibles, resilientes e innovadoras\u201d, en el que se revisar\u00e1n cinco de los Objetivos de Desarrollo Sostenible: ODS 1 (No a la pobreza), ODS 2 (Hambre cero), ODS 13 (Acci\u00f3n por el clima), ODS 16 (Paz, justicia e instituciones s\u00f3lidas) y ODS 17 (Alianzas para alcanzar los Objetivos).&nbsp;<\/p>\n\n\n\n<p>Paralelamente a las negociaciones del Pacto para el Futuro, se est\u00e1n dando varios pasos clave hacia 2025, como la preparaci\u00f3n de la <strong>cuarta Conferencia Internacional sobre la Financiaci\u00f3n para el Desarrollo y la Cumbre Social Mundial<\/strong>.<\/p>\n<\/div><\/div>\n\n\n\n<blockquote class=\"wp-block-quote has-vivid-cyan-blue-color has-light-green-cyan-background-color has-text-color has-background is-layout-flow wp-block-quote-is-layout-flow\">\n<p><strong><em>\u201cLos l\u00edderes locales son vitales para las soluciones globales. Son un eslab\u00f3n esencial en la cadena de apropiaci\u00f3n y confianza entre las instituciones multilaterales y las personas a las que todos servimos\u201d.<\/em><\/strong><\/p>\n\n\n\n<p><strong><em>\u201cDir\u00eda que el papel del poder local puede ser incluso m\u00e1s importante que el nacional para la vida pol\u00edtica de un pa\u00eds, en m\u00faltiples sentidos\u201d<\/em><\/strong>.<\/p>\n<cite><br>Ant\u00f3nio Guterres, secretario general de Naciones Unidas<\/cite><\/blockquote>\n","protected":false},"excerpt":{"rendered":"<p>MULTILATERALISMO LOCAL EN 2024 \u00bfD\u00f3nde aunar los esfuerzos? Repensar el multilateralismo y la gobernanza mundial se reconoce como una necesidad para la mayor\u00eda de los actores que dirigen las instituciones clave de un sistema heredado de la posguerra. El secretario general de las Naciones Unidas, Ant\u00f3nio Guterres, ha sido una de las voces m\u00e1s activas [&hellip;]<\/p>\n","protected":false},"author":1,"featured_media":0,"parent":48,"menu_order":20,"comment_status":"closed","ping_status":"closed","template":"","meta":{"footnotes":""},"class_list":["post-56","page","type-page","status-publish","hentry"],"yoast_head":"<!-- This site is optimized with the Yoast SEO plugin v27.0 - https:\/\/yoast.com\/product\/yoast-seo-wordpress\/ -->\n<title>Multilateralismo local - Municipal Forecast - Espa\u00f1ol<\/title>\n<meta name=\"robots\" content=\"index, follow, max-snippet:-1, max-image-preview:large, max-video-preview:-1\" \/>\n<link rel=\"canonical\" href=\"https:\/\/urbanjournalism.institute\/forecast-es\/forecast-2024\/local-multilateralism\/\" \/>\n<meta property=\"og:locale\" content=\"es_ES\" \/>\n<meta property=\"og:type\" content=\"article\" \/>\n<meta property=\"og:title\" content=\"Multilateralismo local - Municipal Forecast - Espa\u00f1ol\" \/>\n<meta property=\"og:description\" content=\"MULTILATERALISMO LOCAL EN 2024 \u00bfD\u00f3nde aunar los esfuerzos? Repensar el multilateralismo y la gobernanza mundial se reconoce como una necesidad para la mayor\u00eda de los actores que dirigen las instituciones clave de un sistema heredado de la posguerra. El secretario general de las Naciones Unidas, Ant\u00f3nio Guterres, ha sido una de las voces m\u00e1s activas [&hellip;]\" \/>\n<meta property=\"og:url\" content=\"https:\/\/urbanjournalism.institute\/forecast-es\/forecast-2024\/local-multilateralism\/\" \/>\n<meta property=\"og:site_name\" content=\"Municipal Forecast - Espa\u00f1ol\" \/>\n<meta property=\"article:modified_time\" content=\"2024-08-26T10:41:36+00:00\" \/>\n<meta name=\"twitter:card\" content=\"summary_large_image\" \/>\n<meta name=\"twitter:label1\" content=\"Tiempo de lectura\" \/>\n\t<meta name=\"twitter:data1\" content=\"5 minutos\" \/>\n<script type=\"application\/ld+json\" class=\"yoast-schema-graph\">{\"@context\":\"https:\/\/schema.org\",\"@graph\":[{\"@type\":\"WebPage\",\"@id\":\"https:\/\/urbanjournalism.institute\/forecast-es\/forecast-2024\/local-multilateralism\/\",\"url\":\"https:\/\/urbanjournalism.institute\/forecast-es\/forecast-2024\/local-multilateralism\/\",\"name\":\"Multilateralismo local - Municipal Forecast - Espa\u00f1ol\",\"isPartOf\":{\"@id\":\"https:\/\/urbanjournalism.institute\/forecast-es\/#website\"},\"datePublished\":\"2024-02-18T09:30:05+00:00\",\"dateModified\":\"2024-08-26T10:41:36+00:00\",\"breadcrumb\":{\"@id\":\"https:\/\/urbanjournalism.institute\/forecast-es\/forecast-2024\/local-multilateralism\/#breadcrumb\"},\"inLanguage\":\"es\",\"potentialAction\":[{\"@type\":\"ReadAction\",\"target\":[\"https:\/\/urbanjournalism.institute\/forecast-es\/forecast-2024\/local-multilateralism\/\"]}]},{\"@type\":\"BreadcrumbList\",\"@id\":\"https:\/\/urbanjournalism.institute\/forecast-es\/forecast-2024\/local-multilateralism\/#breadcrumb\",\"itemListElement\":[{\"@type\":\"ListItem\",\"position\":1,\"name\":\"Forecast 2024\",\"item\":\"https:\/\/urbanjournalism.institute\/forecast-es\/\"},{\"@type\":\"ListItem\",\"position\":2,\"name\":\"Multilateralismo local\"}]},{\"@type\":\"WebSite\",\"@id\":\"https:\/\/urbanjournalism.institute\/forecast-es\/#website\",\"url\":\"https:\/\/urbanjournalism.institute\/forecast-es\/\",\"name\":\"Municipal Forecast - Espa\u00f1ol\",\"description\":\"\",\"potentialAction\":[{\"@type\":\"SearchAction\",\"target\":{\"@type\":\"EntryPoint\",\"urlTemplate\":\"https:\/\/urbanjournalism.institute\/forecast-es\/?s={search_term_string}\"},\"query-input\":{\"@type\":\"PropertyValueSpecification\",\"valueRequired\":true,\"valueName\":\"search_term_string\"}}],\"inLanguage\":\"es\"}]}<\/script>\n<!-- \/ Yoast SEO plugin. -->","yoast_head_json":{"title":"Multilateralismo local - Municipal Forecast - Espa\u00f1ol","robots":{"index":"index","follow":"follow","max-snippet":"max-snippet:-1","max-image-preview":"max-image-preview:large","max-video-preview":"max-video-preview:-1"},"canonical":"https:\/\/urbanjournalism.institute\/forecast-es\/forecast-2024\/local-multilateralism\/","og_locale":"es_ES","og_type":"article","og_title":"Multilateralismo local - Municipal Forecast - Espa\u00f1ol","og_description":"MULTILATERALISMO LOCAL EN 2024 \u00bfD\u00f3nde aunar los esfuerzos? Repensar el multilateralismo y la gobernanza mundial se reconoce como una necesidad para la mayor\u00eda de los actores que dirigen las instituciones clave de un sistema heredado de la posguerra. El secretario general de las Naciones Unidas, Ant\u00f3nio Guterres, ha sido una de las voces m\u00e1s activas [&hellip;]","og_url":"https:\/\/urbanjournalism.institute\/forecast-es\/forecast-2024\/local-multilateralism\/","og_site_name":"Municipal Forecast - Espa\u00f1ol","article_modified_time":"2024-08-26T10:41:36+00:00","twitter_card":"summary_large_image","twitter_misc":{"Tiempo de lectura":"5 minutos"},"schema":{"@context":"https:\/\/schema.org","@graph":[{"@type":"WebPage","@id":"https:\/\/urbanjournalism.institute\/forecast-es\/forecast-2024\/local-multilateralism\/","url":"https:\/\/urbanjournalism.institute\/forecast-es\/forecast-2024\/local-multilateralism\/","name":"Multilateralismo local - Municipal Forecast - Espa\u00f1ol","isPartOf":{"@id":"https:\/\/urbanjournalism.institute\/forecast-es\/#website"},"datePublished":"2024-02-18T09:30:05+00:00","dateModified":"2024-08-26T10:41:36+00:00","breadcrumb":{"@id":"https:\/\/urbanjournalism.institute\/forecast-es\/forecast-2024\/local-multilateralism\/#breadcrumb"},"inLanguage":"es","potentialAction":[{"@type":"ReadAction","target":["https:\/\/urbanjournalism.institute\/forecast-es\/forecast-2024\/local-multilateralism\/"]}]},{"@type":"BreadcrumbList","@id":"https:\/\/urbanjournalism.institute\/forecast-es\/forecast-2024\/local-multilateralism\/#breadcrumb","itemListElement":[{"@type":"ListItem","position":1,"name":"Forecast 2024","item":"https:\/\/urbanjournalism.institute\/forecast-es\/"},{"@type":"ListItem","position":2,"name":"Multilateralismo local"}]},{"@type":"WebSite","@id":"https:\/\/urbanjournalism.institute\/forecast-es\/#website","url":"https:\/\/urbanjournalism.institute\/forecast-es\/","name":"Municipal Forecast - Espa\u00f1ol","description":"","potentialAction":[{"@type":"SearchAction","target":{"@type":"EntryPoint","urlTemplate":"https:\/\/urbanjournalism.institute\/forecast-es\/?s={search_term_string}"},"query-input":{"@type":"PropertyValueSpecification","valueRequired":true,"valueName":"search_term_string"}}],"inLanguage":"es"}]}},"_links":{"self":[{"href":"https:\/\/urbanjournalism.institute\/forecast-es\/wp-json\/wp\/v2\/pages\/56","targetHints":{"allow":["GET"]}}],"collection":[{"href":"https:\/\/urbanjournalism.institute\/forecast-es\/wp-json\/wp\/v2\/pages"}],"about":[{"href":"https:\/\/urbanjournalism.institute\/forecast-es\/wp-json\/wp\/v2\/types\/page"}],"author":[{"embeddable":true,"href":"https:\/\/urbanjournalism.institute\/forecast-es\/wp-json\/wp\/v2\/users\/1"}],"replies":[{"embeddable":true,"href":"https:\/\/urbanjournalism.institute\/forecast-es\/wp-json\/wp\/v2\/comments?post=56"}],"version-history":[{"count":5,"href":"https:\/\/urbanjournalism.institute\/forecast-es\/wp-json\/wp\/v2\/pages\/56\/revisions"}],"predecessor-version":[{"id":248,"href":"https:\/\/urbanjournalism.institute\/forecast-es\/wp-json\/wp\/v2\/pages\/56\/revisions\/248"}],"up":[{"embeddable":true,"href":"https:\/\/urbanjournalism.institute\/forecast-es\/wp-json\/wp\/v2\/pages\/48"}],"wp:attachment":[{"href":"https:\/\/urbanjournalism.institute\/forecast-es\/wp-json\/wp\/v2\/media?parent=56"}],"curies":[{"name":"wp","href":"https:\/\/api.w.org\/{rel}","templated":true}]}}