{"id":57,"date":"2024-02-18T09:30:05","date_gmt":"2024-02-18T09:30:05","guid":{"rendered":"https:\/\/urbanjournalism.institute\/forecast-es\/forecast-2024\/local-multilateralism\/acting-for-the-future-of-humanity\/"},"modified":"2024-08-26T10:42:31","modified_gmt":"2024-08-26T10:42:31","slug":"acting-for-the-future-of-humanity","status":"publish","type":"page","link":"https:\/\/urbanjournalism.institute\/forecast-es\/forecast-2024\/local-multilateralism\/acting-for-the-future-of-humanity\/","title":{"rendered":"Actuar por el futuro de la humanidad"},"content":{"rendered":"\n<figure class=\"wp-block-image size-large\"><img decoding=\"async\" src=\"\/wp-content\/themes\/uji\/img\/mf24\/acting-for-the-future-of-humanity.jpg\" alt=\"\" \/><figcaption class=\"wp-element-caption\"><em>\u00a9Mika Baumeister&nbsp;<\/em><\/figcaption><\/figure>\n\n\n\n<div class=\"wp-block-group pt-5\"><div class=\"wp-block-group__inner-container is-layout-constrained wp-block-group-is-layout-constrained\">\n<h1 class=\"wp-block-heading has-x-large-font-size\">ACTUAR POR EL FUTURO DE LA HUMANIDAD<\/h1>\n\n\n\n<p><strong><em>Emilia Saiz<\/em><\/strong><br><em><em>Secretaria general de Ciudades y Gobiernos Locales Unidos (CGLU)<\/em><\/em><\/p>\n\n\n\n<p>Un a\u00f1o despu\u00e9s de la adopci\u00f3n de nuestro Pacto por el Futuro de la Humanidad, sigue intacta la voluntad de los gobiernos locales y regionales de contribuir a un futuro colectivo, sostenible y m\u00e1s justo que no deje atr\u00e1s a nadie ni a ning\u00fan lugar. Esto no es poca cosa en un contexto de policrisis y choques globales que afectan enormemente a nuestra capacidad de acci\u00f3n, pero tambi\u00e9n al tipo de acci\u00f3n que ser\u00e1 necesaria.&nbsp;<\/p>\n\n\n\n<p>Las experiencias acumuladas durante la pandemia y el contexto pospand\u00e9mico han inspirado nuevos modelos de servicio y una gran conciencia de la necesidad de reforzar la apropiaci\u00f3n de las comunidades sobre las pol\u00edticas que deben dar forma al futuro.&nbsp;<\/p>\n\n\n\n<p>Desde el r\u00e1pido aumento de las temperaturas en las zonas urbanas y la r\u00e1pida evoluci\u00f3n de la inteligencia artificial hasta la escalada de la incitaci\u00f3n al odio y las tecnolog\u00edas innovadoras para reducir los residuos, pasando por el futuro del trabajo y la agricultura sostenible, la demograf\u00eda y su v\u00ednculo con la movilidad humana, la juventud, la accesibilidad y el acceso al agua, los retos y las oportunidades que nos aguardan resultan a la vez sobrecogedores y esperanzadores.&nbsp;<\/p>\n\n\n\n<p>Las tendencias a las que se enfrenta el mundo y las prioridades de la agenda internacional requerir\u00e1n gobiernos locales y regionales empoderados e implicados para hacerlas nuestras y abordarlas en el centro de nuestras estrategias de localizaci\u00f3n.&nbsp;<\/p>\n\n\n\n<p class=\"has-text-align-left font-serif has-x-large-font-size\"><em><strong>Una narrativa renovada para transformar los debates mundiales<\/strong><\/em><\/p>\n\n\n\n<p>A medida que nos acercamos a 2030, debemos trabajar en nuevos modelos que reflejen nuestras nuevas realidades. Las necesidades de nuestras poblaciones y de nuestro planeta deber\u00e1n abordarse como una sola, incluida su necesidad de cuidados. Los gobiernos locales y regionales entienden que renovar el contrato social para mejorar la justicia y la sostenibilidad en la vida urbana exige adoptar una escala que abarque toda la ciudad y toda la regi\u00f3n. <strong>Significa replantearse c\u00f3mo se prestan los cuidados, qui\u00e9nes son los cuidadores y las cuidadas, su papel en la sociedad y c\u00f3mo pueden protegerlos las instituciones<\/strong>.&nbsp;<\/p>\n\n\n\n<p>Los gobiernos locales y regionales creemos que los cuidados y la igualdad van de la mano. Por ello, estamos comprometidos con una agenda de igualdad <strong>que garantice los mismos derechos para todos, empodere a mujeres y hombres por igual y sit\u00fae el bienestar de las personas y de nuestro planeta como m\u00e1xima prioridad<\/strong>. Asegurar la participaci\u00f3n igualitaria y significativa de las mujeres en la vida p\u00fablica y pol\u00edtica es un requisito previo para desarrollar sociedades sanas e igualitarias que no dejen a nadie atr\u00e1s.<\/p>\n<\/div><\/div>\n\n\n\n<hr class=\"wp-block-separator has-alpha-channel-opacity is-style-wide\" \/>\n\n\n\n<div class=\"wp-block-group narrow-group py-10\"><div class=\"wp-block-group__inner-container is-layout-constrained wp-block-group-is-layout-constrained\">\n<div class=\"wp-block-columns are-vertically-aligned-center gap-5 is-layout-flex wp-container-core-columns-is-layout-9d6595d7 wp-block-columns-is-layout-flex\">\n<div class=\"wp-block-column is-vertically-aligned-center is-layout-flow wp-block-column-is-layout-flow\">\n<p>Entendemos que un mundo igualitario es pac\u00edfico, por lo que desarrollamos una construcci\u00f3n de la paz basada en el cuidado y el aprecio de nuestras diferencias. Con el desarrollo de la Nueva Agenda para la Paz del secretario general de la ONU, <strong>los gobiernos locales y regionales est\u00e1n demostrando ser, ahora m\u00e1s que nunca, esenciales para construir la paz desde la base<\/strong>. Los esfuerzos locales de consolidaci\u00f3n de la paz y la localizaci\u00f3n de la agenda para la paz exigen abordar las causas profundas de los conflictos, como la pobreza, la desigualdad y la falta de acceso a la educaci\u00f3n y la sanidad, contribuyendo a la prevenci\u00f3n y resoluci\u00f3n de disputas.&nbsp;<\/p>\n\n\n\n<p>Los gobiernos locales y regionales son actores pol\u00edticos decisivos en la localizaci\u00f3n de todas las agendas globales, abordando las desigualdades estructurales con los derechos humanos, la igualdad de g\u00e9nero y el cuidado como palancas transversales. <strong>Al fomentar el desarrollo sostenible desde la base, la localizaci\u00f3n de los ODS se convierte en un poderoso catalizador para construir sociedades resilientes, m\u00e1s igualitarias y pac\u00edficas<\/strong>.<\/p>\n\n\n\n<figure class=\"wp-block-image size-large\"><img decoding=\"async\" src=\"\/wp-content\/themes\/uji\/img\/mf24\/acting-for-the-future-of-humanity-2.jpg\" alt=\"\" \/><figcaption class=\"wp-element-caption\"><em>\u00a9 Pascal Bernardon<\/em><\/figcaption><\/figure>\n<\/div>\n\n\n\n<div class=\"wp-block-column is-vertically-aligned-center is-layout-flow wp-block-column-is-layout-flow\">\n<p class=\"has-text-align-left font-serif has-x-large-font-size\"><strong><em>Gobiernos locales que garantizan un futuro mejor para nuestras poblaciones<\/em><\/strong><\/p>\n\n\n\n<p>La Conferencia Internacional sobre la Poblaci\u00f3n y el Desarrollo (CIPD) cumplir\u00e1 treinta a\u00f1os en 2024. Este hito arroja luz sobre la importancia de dar prioridad a los derechos y aspiraciones de nuestras poblaciones. Los gobiernos locales y regionales son una parte integral para asegurar la localizaci\u00f3n de la CIPD, y en su 30.\u00ba aniversario, estamos trabajando hacia un paradigma renovado sobre demograf\u00eda situando las necesidades de todos en el centro.&nbsp;<\/p>\n\n\n\n<p>La localizaci\u00f3n de la CIPD es esencial para conseguir un mundo sin pobreza, en el que todas las personas tengan el mismo acceso a la salud como un bien com\u00fan global y local, y en el que la atenci\u00f3n se preste a trav\u00e9s de la provisi\u00f3n de servicios b\u00e1sicos. Es un recordatorio de que la prestaci\u00f3n de servicios esenciales es, quiz\u00e1 la mayor herramienta para revertir las desigualdades sociales y territoriales, desarrollar soluciones a los retos y oportunidades del crecimiento de la poblaci\u00f3n y ofrecer un mundo mejor a los m\u00e1s de ocho mil millones de personas que viven en \u00e9l.\u00a0<\/p>\n\n\n\n<p>Las posiciones que el movimiento municipalista ha hecho suyas \u2014la defensa de nuestros bienes comunes, la democracia local y los mecanismos de financiaci\u00f3n renovados\u2014 son esenciales para lograr un futuro mejor para nuestras poblaciones. El movimiento est\u00e1 dispuesto a desempe\u00f1ar su papel en una agenda com\u00fan renovada y ambiciosa, centrada en un mundo posterior a 2030, que mire hacia un futuro mejor.<\/p>\n<\/div>\n<\/div>\n\n\n\n<div class=\"wp-block-columns are-vertically-aligned-center gap-5 pt-10 is-layout-flex wp-container-core-columns-is-layout-9d6595d7 wp-block-columns-is-layout-flex\">\n<div class=\"wp-block-column is-vertically-aligned-center is-layout-flow wp-block-column-is-layout-flow\">\n<p class=\"has-text-align-left font-serif has-x-large-font-size\"><strong><em><strong><em>Hacia la Cumbre del Futuro y m\u00e1s all\u00e1<\/em><\/strong><\/em><\/strong><\/p>\n\n\n\n<p>La pr\u00f3xima Cumbre del Futuro, en la que est\u00e1 prevista la adopci\u00f3n del Pacto para el Futuro de las Naciones Unidas, deber\u00eda ser un momento crucial para el futuro del multilateralismo y para acelerar los compromisos y las acciones destinadas a localizar las agendas universales de desarrollo. Sin embargo, en el contexto actual, el camino hacia la Cumbre plantea preguntas sin respuesta: \u00bfc\u00f3mo ser\u00e1 el panorama en los cinco a\u00f1os que quedan para alcanzar nuestros objetivos? \u00bfEst\u00e1n nuestras comunidades adecuadamente representadas? Tambi\u00e9n deja preguntas sin respuesta para nuestro movimiento: \u00bfcu\u00e1l es la nueva frontera despu\u00e9s de esta Cumbre? \u00bfCu\u00e1l es nuestra mejor posici\u00f3n para lograrlo?&nbsp;<\/p>\n\n\n\n<p><\/p>\n<\/div>\n\n\n\n<div class=\"wp-block-column is-vertically-aligned-center is-layout-flow wp-block-column-is-layout-flow\">\n<p>Con estas realidades como tel\u00f3n de fondo, los gobiernos locales y regionales est\u00e1n poniendo muchas esperanzas en este proceso para contribuir a la redefinici\u00f3n del desarrollo sostenible. Esto implica un examen exhaustivo de la arquitectura financiera que sustenta las iniciativas de desarrollo y un lugar diferente para la prestaci\u00f3n de servicios locales en los planes futuros.&nbsp;<\/p>\n\n\n\n<p>Al imaginar un mundo con nuestra comunidad en el centro, tambi\u00e9n se nos insta a repensar nuestras estructuras. Necesitamos un sistema financiero internacional que est\u00e9 en condiciones de responder a las necesidades de la sociedad. A trav\u00e9s de una gobernanza financiera inclusiva y sana, debemos fomentar un entorno de confianza y transparencia en todas las instituciones y gobiernos que reconstruya los lazos entre nuestras comunidades y sus gobiernos.&nbsp;<\/p>\n\n\n\n<p>El resultado de la Cumbre del Futuro debe basarse en los conocimientos y experiencias de las comunidades locales. Estamos en camino de garantizar que estas visiones y ambiciones se lleven a la pr\u00e1ctica. Este es el camino para alcanzar las agendas universales de desarrollo: trabajar unidos por un mundo m\u00e1s igualitario, pac\u00edfico y solidario para todos.<\/p>\n<\/div>\n<\/div>\n\n\n\n<figure class=\"wp-block-image size-large mt-10 mb-10\"><img decoding=\"async\" src=\"\/wp-content\/themes\/uji\/img\/mf24\/acting-for-the-future-of-humanity-3.jpg\" alt=\"\" \/><figcaption class=\"wp-element-caption\"><em>\u00a9Siavosh Hosseini&nbsp;<\/em><\/figcaption><\/figure>\n<\/div><\/div>\n","protected":false},"excerpt":{"rendered":"<p>ACTUAR POR EL FUTURO DE LA HUMANIDAD Emilia SaizSecretaria general de Ciudades y Gobiernos Locales Unidos (CGLU) Un a\u00f1o despu\u00e9s de la adopci\u00f3n de nuestro Pacto por el Futuro de la Humanidad, sigue intacta la voluntad de los gobiernos locales y regionales de contribuir a un futuro colectivo, sostenible y m\u00e1s justo que no deje [&hellip;]<\/p>\n","protected":false},"author":1,"featured_media":0,"parent":56,"menu_order":0,"comment_status":"closed","ping_status":"closed","template":"","meta":{"footnotes":""},"class_list":["post-57","page","type-page","status-publish","hentry"],"yoast_head":"<!-- This site is optimized with the Yoast SEO plugin v27.0 - https:\/\/yoast.com\/product\/yoast-seo-wordpress\/ -->\n<title>Actuar por el futuro de la humanidad - Municipal Forecast - Espa\u00f1ol<\/title>\n<meta name=\"robots\" content=\"index, follow, max-snippet:-1, max-image-preview:large, max-video-preview:-1\" \/>\n<link rel=\"canonical\" href=\"https:\/\/urbanjournalism.institute\/forecast-es\/forecast-2024\/local-multilateralism\/acting-for-the-future-of-humanity\/\" \/>\n<meta property=\"og:locale\" content=\"es_ES\" \/>\n<meta property=\"og:type\" content=\"article\" \/>\n<meta property=\"og:title\" content=\"Actuar por el futuro de la humanidad - Municipal Forecast - Espa\u00f1ol\" \/>\n<meta property=\"og:description\" content=\"ACTUAR POR EL FUTURO DE LA HUMANIDAD Emilia SaizSecretaria general de Ciudades y Gobiernos Locales Unidos (CGLU) Un a\u00f1o despu\u00e9s de la adopci\u00f3n de nuestro Pacto por el Futuro de la Humanidad, sigue intacta la voluntad de los gobiernos locales y regionales de contribuir a un futuro colectivo, sostenible y m\u00e1s justo que no deje [&hellip;]\" \/>\n<meta property=\"og:url\" content=\"https:\/\/urbanjournalism.institute\/forecast-es\/forecast-2024\/local-multilateralism\/acting-for-the-future-of-humanity\/\" \/>\n<meta property=\"og:site_name\" content=\"Municipal Forecast - Espa\u00f1ol\" \/>\n<meta property=\"article:modified_time\" content=\"2024-08-26T10:42:31+00:00\" \/>\n<meta name=\"twitter:card\" content=\"summary_large_image\" \/>\n<meta name=\"twitter:label1\" content=\"Tiempo de lectura\" \/>\n\t<meta name=\"twitter:data1\" content=\"6 minutos\" \/>\n<script type=\"application\/ld+json\" class=\"yoast-schema-graph\">{\"@context\":\"https:\/\/schema.org\",\"@graph\":[{\"@type\":\"WebPage\",\"@id\":\"https:\/\/urbanjournalism.institute\/forecast-es\/forecast-2024\/local-multilateralism\/acting-for-the-future-of-humanity\/\",\"url\":\"https:\/\/urbanjournalism.institute\/forecast-es\/forecast-2024\/local-multilateralism\/acting-for-the-future-of-humanity\/\",\"name\":\"Actuar por el futuro de la humanidad - Municipal Forecast - Espa\u00f1ol\",\"isPartOf\":{\"@id\":\"https:\/\/urbanjournalism.institute\/forecast-es\/#website\"},\"datePublished\":\"2024-02-18T09:30:05+00:00\",\"dateModified\":\"2024-08-26T10:42:31+00:00\",\"breadcrumb\":{\"@id\":\"https:\/\/urbanjournalism.institute\/forecast-es\/forecast-2024\/local-multilateralism\/acting-for-the-future-of-humanity\/#breadcrumb\"},\"inLanguage\":\"es\",\"potentialAction\":[{\"@type\":\"ReadAction\",\"target\":[\"https:\/\/urbanjournalism.institute\/forecast-es\/forecast-2024\/local-multilateralism\/acting-for-the-future-of-humanity\/\"]}]},{\"@type\":\"BreadcrumbList\",\"@id\":\"https:\/\/urbanjournalism.institute\/forecast-es\/forecast-2024\/local-multilateralism\/acting-for-the-future-of-humanity\/#breadcrumb\",\"itemListElement\":[{\"@type\":\"ListItem\",\"position\":1,\"name\":\"Forecast 2024\",\"item\":\"https:\/\/urbanjournalism.institute\/forecast-es\/\"},{\"@type\":\"ListItem\",\"position\":2,\"name\":\"Multilateralismo local\",\"item\":\"https:\/\/urbanjournalism.institute\/forecast-es\/forecast-2024\/local-multilateralism\/\"},{\"@type\":\"ListItem\",\"position\":3,\"name\":\"Actuar por el futuro de la humanidad\"}]},{\"@type\":\"WebSite\",\"@id\":\"https:\/\/urbanjournalism.institute\/forecast-es\/#website\",\"url\":\"https:\/\/urbanjournalism.institute\/forecast-es\/\",\"name\":\"Municipal Forecast - Espa\u00f1ol\",\"description\":\"\",\"potentialAction\":[{\"@type\":\"SearchAction\",\"target\":{\"@type\":\"EntryPoint\",\"urlTemplate\":\"https:\/\/urbanjournalism.institute\/forecast-es\/?s={search_term_string}\"},\"query-input\":{\"@type\":\"PropertyValueSpecification\",\"valueRequired\":true,\"valueName\":\"search_term_string\"}}],\"inLanguage\":\"es\"}]}<\/script>\n<!-- \/ Yoast SEO plugin. -->","yoast_head_json":{"title":"Actuar por el futuro de la humanidad - Municipal Forecast - Espa\u00f1ol","robots":{"index":"index","follow":"follow","max-snippet":"max-snippet:-1","max-image-preview":"max-image-preview:large","max-video-preview":"max-video-preview:-1"},"canonical":"https:\/\/urbanjournalism.institute\/forecast-es\/forecast-2024\/local-multilateralism\/acting-for-the-future-of-humanity\/","og_locale":"es_ES","og_type":"article","og_title":"Actuar por el futuro de la humanidad - Municipal Forecast - Espa\u00f1ol","og_description":"ACTUAR POR EL FUTURO DE LA HUMANIDAD Emilia SaizSecretaria general de Ciudades y Gobiernos Locales Unidos (CGLU) Un a\u00f1o despu\u00e9s de la adopci\u00f3n de nuestro Pacto por el Futuro de la Humanidad, sigue intacta la voluntad de los gobiernos locales y regionales de contribuir a un futuro colectivo, sostenible y m\u00e1s justo que no deje [&hellip;]","og_url":"https:\/\/urbanjournalism.institute\/forecast-es\/forecast-2024\/local-multilateralism\/acting-for-the-future-of-humanity\/","og_site_name":"Municipal Forecast - Espa\u00f1ol","article_modified_time":"2024-08-26T10:42:31+00:00","twitter_card":"summary_large_image","twitter_misc":{"Tiempo de lectura":"6 minutos"},"schema":{"@context":"https:\/\/schema.org","@graph":[{"@type":"WebPage","@id":"https:\/\/urbanjournalism.institute\/forecast-es\/forecast-2024\/local-multilateralism\/acting-for-the-future-of-humanity\/","url":"https:\/\/urbanjournalism.institute\/forecast-es\/forecast-2024\/local-multilateralism\/acting-for-the-future-of-humanity\/","name":"Actuar por el futuro de la humanidad - Municipal Forecast - Espa\u00f1ol","isPartOf":{"@id":"https:\/\/urbanjournalism.institute\/forecast-es\/#website"},"datePublished":"2024-02-18T09:30:05+00:00","dateModified":"2024-08-26T10:42:31+00:00","breadcrumb":{"@id":"https:\/\/urbanjournalism.institute\/forecast-es\/forecast-2024\/local-multilateralism\/acting-for-the-future-of-humanity\/#breadcrumb"},"inLanguage":"es","potentialAction":[{"@type":"ReadAction","target":["https:\/\/urbanjournalism.institute\/forecast-es\/forecast-2024\/local-multilateralism\/acting-for-the-future-of-humanity\/"]}]},{"@type":"BreadcrumbList","@id":"https:\/\/urbanjournalism.institute\/forecast-es\/forecast-2024\/local-multilateralism\/acting-for-the-future-of-humanity\/#breadcrumb","itemListElement":[{"@type":"ListItem","position":1,"name":"Forecast 2024","item":"https:\/\/urbanjournalism.institute\/forecast-es\/"},{"@type":"ListItem","position":2,"name":"Multilateralismo local","item":"https:\/\/urbanjournalism.institute\/forecast-es\/forecast-2024\/local-multilateralism\/"},{"@type":"ListItem","position":3,"name":"Actuar por el futuro de la humanidad"}]},{"@type":"WebSite","@id":"https:\/\/urbanjournalism.institute\/forecast-es\/#website","url":"https:\/\/urbanjournalism.institute\/forecast-es\/","name":"Municipal Forecast - Espa\u00f1ol","description":"","potentialAction":[{"@type":"SearchAction","target":{"@type":"EntryPoint","urlTemplate":"https:\/\/urbanjournalism.institute\/forecast-es\/?s={search_term_string}"},"query-input":{"@type":"PropertyValueSpecification","valueRequired":true,"valueName":"search_term_string"}}],"inLanguage":"es"}]}},"_links":{"self":[{"href":"https:\/\/urbanjournalism.institute\/forecast-es\/wp-json\/wp\/v2\/pages\/57","targetHints":{"allow":["GET"]}}],"collection":[{"href":"https:\/\/urbanjournalism.institute\/forecast-es\/wp-json\/wp\/v2\/pages"}],"about":[{"href":"https:\/\/urbanjournalism.institute\/forecast-es\/wp-json\/wp\/v2\/types\/page"}],"author":[{"embeddable":true,"href":"https:\/\/urbanjournalism.institute\/forecast-es\/wp-json\/wp\/v2\/users\/1"}],"replies":[{"embeddable":true,"href":"https:\/\/urbanjournalism.institute\/forecast-es\/wp-json\/wp\/v2\/comments?post=57"}],"version-history":[{"count":3,"href":"https:\/\/urbanjournalism.institute\/forecast-es\/wp-json\/wp\/v2\/pages\/57\/revisions"}],"predecessor-version":[{"id":249,"href":"https:\/\/urbanjournalism.institute\/forecast-es\/wp-json\/wp\/v2\/pages\/57\/revisions\/249"}],"up":[{"embeddable":true,"href":"https:\/\/urbanjournalism.institute\/forecast-es\/wp-json\/wp\/v2\/pages\/56"}],"wp:attachment":[{"href":"https:\/\/urbanjournalism.institute\/forecast-es\/wp-json\/wp\/v2\/media?parent=57"}],"curies":[{"name":"wp","href":"https:\/\/api.w.org\/{rel}","templated":true}]}}