{"id":58,"date":"2024-02-18T09:30:05","date_gmt":"2024-02-18T09:30:05","guid":{"rendered":"https:\/\/urbanjournalism.institute\/forecast-es\/forecast-2024\/local-multilateralism\/global-influence-shifts-southdeep-dive-into-wuf-2024\/"},"modified":"2024-08-26T10:43:36","modified_gmt":"2024-08-26T10:43:36","slug":"global-influence-shifts-southdeep-dive-into-wuf-2024","status":"publish","type":"page","link":"https:\/\/urbanjournalism.institute\/forecast-es\/forecast-2024\/local-multilateralism\/global-influence-shifts-southdeep-dive-into-wuf-2024\/","title":{"rendered":"La influencia mundial se desplaza hacia el sur"},"content":{"rendered":"\n<figure class=\"wp-block-image size-large\"><img decoding=\"async\" src=\"\/wp-content\/themes\/uji\/img\/mf24\/global-influence-shifts-southdeep-dive-into-wuf-2024.jpg\" alt=\"\" \/><figcaption class=\"wp-element-caption\"><em>\u00a9 Leo Moko<\/em><\/figcaption><\/figure>\n\n\n\n<div class=\"wp-block-group\"><div class=\"wp-block-group__inner-container is-layout-constrained wp-block-group-is-layout-constrained\">\n<h1 class=\"wp-block-heading\">LA INFLUENCIA MUNDIAL SE DESPLAZA HACIA EL SUR<br><em>BRASIL Y SUD\u00c1FRICA, A LA CABEZA<\/em><\/h1>\n\n\n\n<p class=\"has-text-align-left\"><em>Ambos pa\u00edses se hacen o\u00edr con fuerza en el multilateralismo local, una oportunidad para Urban 20<\/em><\/p>\n\n\n\n<div class=\"wp-block-columns is-layout-flex wp-container-core-columns-is-layout-9d6595d7 wp-block-columns-is-layout-flex\">\n<div class=\"wp-block-column is-layout-flow wp-block-column-is-layout-flow\">\n<p>Brasil, listo para acoger el G20 en 2024 y la COP30 en 2025, y Sud\u00e1frica, prepar\u00e1ndose para el G20 en 2025, est\u00e1n estrat\u00e9gicamente posicionados para influir en la agenda internacional. Al mismo tiempo, la expansi\u00f3n de los BRICS, de los que Brasil y Sud\u00e1frica son fundadores, junto con China, la India y Rusia, ha supuesto un paso importante en la amplificaci\u00f3n de la voz del Sur Global. Con la reciente invitaci\u00f3n a Egipto, Etiop\u00eda, Ir\u00e1n, Arabia Saud\u00ed y los Emiratos \u00c1rabes Unidos a incorporarse como miembros de pleno derecho, a partir del 1 de enero de 2024, el BRICS consolida su estatus como fuerza de primer orden en la pol\u00edtica internacional.&nbsp;<\/p>\n\n\n\n<p>El nuevo grupo BRICS representa el 46 % de la poblaci\u00f3n mundial, y es probable que pronto alcance el 50 %, dada la inclusi\u00f3n de pa\u00edses con un elevado crecimiento demogr\u00e1fico. Econ\u00f3micamente, aportan el 29 % del PIB mundial y el 43 % de la producci\u00f3n mundial de petr\u00f3leo. La incorporaci\u00f3n de Arabia Saud\u00ed, Ir\u00e1n y los Emiratos \u00c1rabes Unidos ha duplicado la cuota de los BRICS.&nbsp;<\/p>\n\n\n\n<p>La India, otro pa\u00eds BRICS, acogi\u00f3 el G20 en 2023. La ciudad de Ahmedabad presidi\u00f3 Urban 20, una iniciativa de diplomacia de las ciudades y un Grupo de Compromiso del G20 que re\u00fane a ciudades de los Estados miembros del G20 para informar e influir en los debates de los l\u00edderes nacionales en el G20.<\/p>\n<\/div>\n\n\n\n<div class=\"wp-block-column is-layout-flow wp-block-column-is-layout-flow\">\n<p>En la declaraci\u00f3n final adoptada por los l\u00edderes del G20 en Nueva Delhi, se hace una menci\u00f3n concreta a \u201cla necesidad de mejorar la movilizaci\u00f3n de fondos y el uso eficiente de los recursos existentes\u201d para hacer que las ciudades del ma\u00f1ana sean inclusivas, resilientes y sostenibles, siguiendo el ODS 11. A tal efecto, el G20 aprob\u00f3 los Principios del G20 para la Financiaci\u00f3n de las Ciudades del Ma\u00f1ana como estrategia voluntaria y no vinculante.&nbsp;<\/p>\n\n\n\n<figure class=\"wp-block-image size-large\"><img decoding=\"async\" src=\"\/wp-content\/themes\/uji\/img\/mf24\/global-influence-shifts-southdeep-dive-into-wuf-2024-2.jpg\" alt=\"\" \/><figcaption class=\"wp-element-caption\"><em>\u00a9 Nathalia Segato<\/em><\/figcaption><\/figure>\n<\/div>\n<\/div>\n<\/div><\/div>\n\n\n\n<div class=\"wp-block-group narrow-group pt-10\"><div class=\"wp-block-group__inner-container is-layout-constrained wp-block-group-is-layout-constrained\">\n<div class=\"wp-block-columns gap-5 is-layout-flex wp-container-core-columns-is-layout-9d6595d7 wp-block-columns-is-layout-flex\">\n<div class=\"wp-block-column is-layout-flow wp-block-column-is-layout-flow\">\n<figure class=\"wp-block-image size-large\"><img decoding=\"async\" src=\"\/wp-content\/themes\/uji\/img\/mf24\/global-influence-shifts-southdeep-dive-into-wuf-2024-3.jpg\" alt=\"\" \/><figcaption class=\"wp-element-caption\"><em>\u00a9 Dominique Jeftha<\/em><\/figcaption><\/figure>\n\n\n\n<p>El Comunicado del U20 de Ahmedabad fue respaldado por 105 ciudades, y se centr\u00f3 en pasar de la \u201cIntenci\u00f3n a la Acci\u00f3n\u201d e instar a los gobiernos nacionales a tomar conciencia del papel de los gobiernos locales y regionales en la consecuci\u00f3n de la Agenda 2030. Se anunciaron varias recomendaciones estrat\u00e9gicas al G20, como fomentar comportamientos responsables con el medio ambiente, garantizar la seguridad del agua, acelerar la financiaci\u00f3n clim\u00e1tica, defender la cultura y la econom\u00eda locales, reinventar los marcos de gobernanza y planificaci\u00f3n urbanas y catalizar futuros urbanos digitales.&nbsp;<\/p>\n\n\n\n<p>En Brasil, uno de los pocos pa\u00edses con un Ministerio de Ciudades, que celebra elecciones locales este a\u00f1o, el U20 estar\u00e1 copresidido por los alcaldes de R\u00edo de Janeiro y S\u00e3o Paulo. Ambas ciudades acoger\u00e1n varias actividades del U20 y una reuni\u00f3n virtual de sherpas del U20, en marzo de 2024. La Cumbre de S\u00e3o Paulo se celebrar\u00e1 en mayo y junio, antes de la Cumbre de R\u00edo, que preceder\u00e1 a la reuni\u00f3n de jefes de Estado del G20, en noviembre de 2024.&nbsp;<\/p>\n\n\n\n<p>La asunci\u00f3n por parte de Brasil de la presidencia del G20, una funci\u00f3n que desempe\u00f1ar\u00e1 hasta noviembre de 2024, sit\u00faa al presidente Lula y a su gobierno en la vanguardia de los debates econ\u00f3micos mundiales. El objetivo principal es avanzar en las reformas de la&nbsp;deuda soberana mundial y de los sistemas de pr\u00e9stamos al desarrollo, as\u00ed como aumentar los fondos para proyectos clim\u00e1ticos, de infraestructuras y de desarrollo a trav\u00e9s de los bancos multilaterales de desarrollo. Brasil tambi\u00e9n pretende agilizar los procesos de alivio y reestructuraci\u00f3n de la deuda de las naciones altamente endeudadas.<\/p>\n<\/div>\n\n\n\n<div class=\"wp-block-column is-layout-flow wp-block-column-is-layout-flow\">\n<p>M\u00e1s all\u00e1 del G20, el gobierno de Lula se enfrenta a la urgente tarea de revertir el aislamiento internacional y el descr\u00e9dito que marcaron la pol\u00edtica exterior brasile\u00f1a en la administraci\u00f3n anterior. Brasil se encuentra en la encrucijada de saldar las deudas pendientes en los sistemas multilaterales globales y restablecer el compromiso del pa\u00eds con la paz, los derechos humanos y el desarrollo.&nbsp;<\/p>\n\n\n\n<p>La visi\u00f3n de Lula pretende hacer hincapi\u00e9 en la participaci\u00f3n en los acuerdos internacionales y en la defensa de los principios democr\u00e1ticos, as\u00ed como en la promoci\u00f3n del desarrollo sostenible. Queda por ver c\u00f3mo podr\u00eda desarrollarse todo esto en la cumbre de los BRICS que se celebrar\u00e1 en octubre de 2024 en Kaz\u00e1n (Rusia). Ser\u00e1 la primera vez que se re\u00fana el grupo ampliado de l\u00edderes de los BRICS, lo que brindar\u00e1 a estos pa\u00edses la oportunidad de dar forma a una agenda colectiva.&nbsp;<\/p>\n\n\n\n<p>La influencia de Brasil tambi\u00e9n ser\u00e1 relevante en 2025 con la COP30 en Belem. Lula ha vuelto al poder con una fuerte agenda medioambiental. En noviembre de 2023, la deforestaci\u00f3n en la selva amaz\u00f3nica brasile\u00f1a se hab\u00eda reducido en m\u00e1s de la mitad en comparaci\u00f3n con un a\u00f1o antes, el primero de su mandato. El presidente brasile\u00f1o reiter\u00f3 en la COP28 el objetivo de su pa\u00eds de acabar con la deforestaci\u00f3n ilegal para 2030.&nbsp;<\/p>\n\n\n\n<p>En el caso de Sud\u00e1frica, las elecciones generales est\u00e1n previstas para agosto de 2024. Aun as\u00ed, no hay muchas dudas de que habr\u00e1 esfuerzos de colaboraci\u00f3n en foros como los BRICS y en el ciclo 2024-2025 del G20 para impulsar colectivamente la reforma de la gobernanza mundial. Seg\u00fan las Perspectivas de la Econom\u00eda Mundial del Fondo Monetario Internacional, Sud\u00e1frica podr\u00eda ocupar el puesto de mayor econom\u00eda de \u00c1frica en 2024, y se espera que lo conserve solo un a\u00f1o antes de ser superada de nuevo por Nigeria.\u00a0<\/p>\n\n\n\n<p>Alineando sus posturas sobre desarrollo sostenible, desigualdad global y cambio clim\u00e1tico, ambos pa\u00edses aspiran a reconectar el Sur Global y el Norte Global.<\/p>\n<\/div>\n<\/div>\n<\/div><\/div>\n","protected":false},"excerpt":{"rendered":"<p>LA INFLUENCIA MUNDIAL SE DESPLAZA HACIA EL SURBRASIL Y SUD\u00c1FRICA, A LA CABEZA Ambos pa\u00edses se hacen o\u00edr con fuerza en el multilateralismo local, una oportunidad para Urban 20 Brasil, listo para acoger el G20 en 2024 y la COP30 en 2025, y Sud\u00e1frica, prepar\u00e1ndose para el G20 en 2025, est\u00e1n estrat\u00e9gicamente posicionados para influir [&hellip;]<\/p>\n","protected":false},"author":1,"featured_media":0,"parent":56,"menu_order":10,"comment_status":"closed","ping_status":"closed","template":"","meta":{"footnotes":""},"class_list":["post-58","page","type-page","status-publish","hentry"],"yoast_head":"<!-- This site is optimized with the Yoast SEO plugin v27.0 - https:\/\/yoast.com\/product\/yoast-seo-wordpress\/ -->\n<title>La influencia mundial se desplaza hacia el sur - Municipal Forecast - Espa\u00f1ol<\/title>\n<meta name=\"robots\" content=\"index, follow, max-snippet:-1, max-image-preview:large, max-video-preview:-1\" \/>\n<link rel=\"canonical\" href=\"https:\/\/urbanjournalism.institute\/forecast-es\/forecast-2024\/local-multilateralism\/global-influence-shifts-southdeep-dive-into-wuf-2024\/\" \/>\n<meta property=\"og:locale\" content=\"es_ES\" \/>\n<meta property=\"og:type\" content=\"article\" \/>\n<meta property=\"og:title\" content=\"La influencia mundial se desplaza hacia el sur - Municipal Forecast - Espa\u00f1ol\" \/>\n<meta property=\"og:description\" content=\"LA INFLUENCIA MUNDIAL SE DESPLAZA HACIA EL SURBRASIL Y SUD\u00c1FRICA, A LA CABEZA Ambos pa\u00edses se hacen o\u00edr con fuerza en el multilateralismo local, una oportunidad para Urban 20 Brasil, listo para acoger el G20 en 2024 y la COP30 en 2025, y Sud\u00e1frica, prepar\u00e1ndose para el G20 en 2025, est\u00e1n estrat\u00e9gicamente posicionados para influir [&hellip;]\" \/>\n<meta property=\"og:url\" content=\"https:\/\/urbanjournalism.institute\/forecast-es\/forecast-2024\/local-multilateralism\/global-influence-shifts-southdeep-dive-into-wuf-2024\/\" \/>\n<meta property=\"og:site_name\" content=\"Municipal Forecast - Espa\u00f1ol\" \/>\n<meta property=\"article:modified_time\" content=\"2024-08-26T10:43:36+00:00\" \/>\n<meta name=\"twitter:card\" content=\"summary_large_image\" \/>\n<meta name=\"twitter:label1\" content=\"Tiempo de lectura\" \/>\n\t<meta name=\"twitter:data1\" content=\"5 minutos\" \/>\n<script type=\"application\/ld+json\" class=\"yoast-schema-graph\">{\"@context\":\"https:\/\/schema.org\",\"@graph\":[{\"@type\":\"WebPage\",\"@id\":\"https:\/\/urbanjournalism.institute\/forecast-es\/forecast-2024\/local-multilateralism\/global-influence-shifts-southdeep-dive-into-wuf-2024\/\",\"url\":\"https:\/\/urbanjournalism.institute\/forecast-es\/forecast-2024\/local-multilateralism\/global-influence-shifts-southdeep-dive-into-wuf-2024\/\",\"name\":\"La influencia mundial se desplaza hacia el sur - Municipal Forecast - Espa\u00f1ol\",\"isPartOf\":{\"@id\":\"https:\/\/urbanjournalism.institute\/forecast-es\/#website\"},\"datePublished\":\"2024-02-18T09:30:05+00:00\",\"dateModified\":\"2024-08-26T10:43:36+00:00\",\"breadcrumb\":{\"@id\":\"https:\/\/urbanjournalism.institute\/forecast-es\/forecast-2024\/local-multilateralism\/global-influence-shifts-southdeep-dive-into-wuf-2024\/#breadcrumb\"},\"inLanguage\":\"es\",\"potentialAction\":[{\"@type\":\"ReadAction\",\"target\":[\"https:\/\/urbanjournalism.institute\/forecast-es\/forecast-2024\/local-multilateralism\/global-influence-shifts-southdeep-dive-into-wuf-2024\/\"]}]},{\"@type\":\"BreadcrumbList\",\"@id\":\"https:\/\/urbanjournalism.institute\/forecast-es\/forecast-2024\/local-multilateralism\/global-influence-shifts-southdeep-dive-into-wuf-2024\/#breadcrumb\",\"itemListElement\":[{\"@type\":\"ListItem\",\"position\":1,\"name\":\"Forecast 2024\",\"item\":\"https:\/\/urbanjournalism.institute\/forecast-es\/\"},{\"@type\":\"ListItem\",\"position\":2,\"name\":\"Multilateralismo local\",\"item\":\"https:\/\/urbanjournalism.institute\/forecast-es\/forecast-2024\/local-multilateralism\/\"},{\"@type\":\"ListItem\",\"position\":3,\"name\":\"La influencia mundial se desplaza hacia el sur\"}]},{\"@type\":\"WebSite\",\"@id\":\"https:\/\/urbanjournalism.institute\/forecast-es\/#website\",\"url\":\"https:\/\/urbanjournalism.institute\/forecast-es\/\",\"name\":\"Municipal Forecast - Espa\u00f1ol\",\"description\":\"\",\"potentialAction\":[{\"@type\":\"SearchAction\",\"target\":{\"@type\":\"EntryPoint\",\"urlTemplate\":\"https:\/\/urbanjournalism.institute\/forecast-es\/?s={search_term_string}\"},\"query-input\":{\"@type\":\"PropertyValueSpecification\",\"valueRequired\":true,\"valueName\":\"search_term_string\"}}],\"inLanguage\":\"es\"}]}<\/script>\n<!-- \/ Yoast SEO plugin. -->","yoast_head_json":{"title":"La influencia mundial se desplaza hacia el sur - Municipal Forecast - Espa\u00f1ol","robots":{"index":"index","follow":"follow","max-snippet":"max-snippet:-1","max-image-preview":"max-image-preview:large","max-video-preview":"max-video-preview:-1"},"canonical":"https:\/\/urbanjournalism.institute\/forecast-es\/forecast-2024\/local-multilateralism\/global-influence-shifts-southdeep-dive-into-wuf-2024\/","og_locale":"es_ES","og_type":"article","og_title":"La influencia mundial se desplaza hacia el sur - Municipal Forecast - Espa\u00f1ol","og_description":"LA INFLUENCIA MUNDIAL SE DESPLAZA HACIA EL SURBRASIL Y SUD\u00c1FRICA, A LA CABEZA Ambos pa\u00edses se hacen o\u00edr con fuerza en el multilateralismo local, una oportunidad para Urban 20 Brasil, listo para acoger el G20 en 2024 y la COP30 en 2025, y Sud\u00e1frica, prepar\u00e1ndose para el G20 en 2025, est\u00e1n estrat\u00e9gicamente posicionados para influir [&hellip;]","og_url":"https:\/\/urbanjournalism.institute\/forecast-es\/forecast-2024\/local-multilateralism\/global-influence-shifts-southdeep-dive-into-wuf-2024\/","og_site_name":"Municipal Forecast - Espa\u00f1ol","article_modified_time":"2024-08-26T10:43:36+00:00","twitter_card":"summary_large_image","twitter_misc":{"Tiempo de lectura":"5 minutos"},"schema":{"@context":"https:\/\/schema.org","@graph":[{"@type":"WebPage","@id":"https:\/\/urbanjournalism.institute\/forecast-es\/forecast-2024\/local-multilateralism\/global-influence-shifts-southdeep-dive-into-wuf-2024\/","url":"https:\/\/urbanjournalism.institute\/forecast-es\/forecast-2024\/local-multilateralism\/global-influence-shifts-southdeep-dive-into-wuf-2024\/","name":"La influencia mundial se desplaza hacia el sur - Municipal Forecast - Espa\u00f1ol","isPartOf":{"@id":"https:\/\/urbanjournalism.institute\/forecast-es\/#website"},"datePublished":"2024-02-18T09:30:05+00:00","dateModified":"2024-08-26T10:43:36+00:00","breadcrumb":{"@id":"https:\/\/urbanjournalism.institute\/forecast-es\/forecast-2024\/local-multilateralism\/global-influence-shifts-southdeep-dive-into-wuf-2024\/#breadcrumb"},"inLanguage":"es","potentialAction":[{"@type":"ReadAction","target":["https:\/\/urbanjournalism.institute\/forecast-es\/forecast-2024\/local-multilateralism\/global-influence-shifts-southdeep-dive-into-wuf-2024\/"]}]},{"@type":"BreadcrumbList","@id":"https:\/\/urbanjournalism.institute\/forecast-es\/forecast-2024\/local-multilateralism\/global-influence-shifts-southdeep-dive-into-wuf-2024\/#breadcrumb","itemListElement":[{"@type":"ListItem","position":1,"name":"Forecast 2024","item":"https:\/\/urbanjournalism.institute\/forecast-es\/"},{"@type":"ListItem","position":2,"name":"Multilateralismo local","item":"https:\/\/urbanjournalism.institute\/forecast-es\/forecast-2024\/local-multilateralism\/"},{"@type":"ListItem","position":3,"name":"La influencia mundial se desplaza hacia el sur"}]},{"@type":"WebSite","@id":"https:\/\/urbanjournalism.institute\/forecast-es\/#website","url":"https:\/\/urbanjournalism.institute\/forecast-es\/","name":"Municipal Forecast - Espa\u00f1ol","description":"","potentialAction":[{"@type":"SearchAction","target":{"@type":"EntryPoint","urlTemplate":"https:\/\/urbanjournalism.institute\/forecast-es\/?s={search_term_string}"},"query-input":{"@type":"PropertyValueSpecification","valueRequired":true,"valueName":"search_term_string"}}],"inLanguage":"es"}]}},"_links":{"self":[{"href":"https:\/\/urbanjournalism.institute\/forecast-es\/wp-json\/wp\/v2\/pages\/58","targetHints":{"allow":["GET"]}}],"collection":[{"href":"https:\/\/urbanjournalism.institute\/forecast-es\/wp-json\/wp\/v2\/pages"}],"about":[{"href":"https:\/\/urbanjournalism.institute\/forecast-es\/wp-json\/wp\/v2\/types\/page"}],"author":[{"embeddable":true,"href":"https:\/\/urbanjournalism.institute\/forecast-es\/wp-json\/wp\/v2\/users\/1"}],"replies":[{"embeddable":true,"href":"https:\/\/urbanjournalism.institute\/forecast-es\/wp-json\/wp\/v2\/comments?post=58"}],"version-history":[{"count":2,"href":"https:\/\/urbanjournalism.institute\/forecast-es\/wp-json\/wp\/v2\/pages\/58\/revisions"}],"predecessor-version":[{"id":250,"href":"https:\/\/urbanjournalism.institute\/forecast-es\/wp-json\/wp\/v2\/pages\/58\/revisions\/250"}],"up":[{"embeddable":true,"href":"https:\/\/urbanjournalism.institute\/forecast-es\/wp-json\/wp\/v2\/pages\/56"}],"wp:attachment":[{"href":"https:\/\/urbanjournalism.institute\/forecast-es\/wp-json\/wp\/v2\/media?parent=58"}],"curies":[{"name":"wp","href":"https:\/\/api.w.org\/{rel}","templated":true}]}}