{"id":60,"date":"2024-02-18T09:30:05","date_gmt":"2024-02-18T09:30:05","guid":{"rendered":"https:\/\/urbanjournalism.institute\/forecast-es\/forecast-2024\/a-vote-for-democracy\/"},"modified":"2024-02-18T12:38:41","modified_gmt":"2024-02-18T12:38:41","slug":"a-vote-for-democracy","status":"publish","type":"page","link":"https:\/\/urbanjournalism.institute\/forecast-es\/forecast-2024\/a-vote-for-democracy\/","title":{"rendered":"Un voto por la democracia"},"content":{"rendered":"\n<figure class=\"wp-block-image size-large\"><img decoding=\"async\" src=\"\/wp-content\/themes\/uji\/img\/mf24\/a-vote-for-democracy.jpg\" alt=\"\" \/><figcaption class=\"wp-element-caption\"><em>@ Jaime Lopes<\/em><\/figcaption><\/figure>\n\n\n\n<div class=\"wp-block-group p-10\"><div class=\"wp-block-group__inner-container is-layout-constrained wp-block-group-is-layout-constrained\">\n<h1 class=\"wp-block-heading\" style=\"text-transform:uppercase\"><strong>uN VOTO POR LA DEMOCRACIA<\/strong><\/h1>\n\n\n\n<p class=\"has-text-align-left font-serif has-medium-font-size\"><strong>2024 batir\u00e1 un r\u00e9cord hist\u00f3rico como \u00aba\u00f1o superelectoral\u201d<\/strong><\/p>\n\n\n\n<div class=\"wp-block-columns is-layout-flex wp-container-core-columns-is-layout-9d6595d7 wp-block-columns-is-layout-flex\">\n<div class=\"wp-block-column is-layout-flow wp-block-column-is-layout-flow\" style=\"flex-basis:66.66%\"><\/div>\n\n\n\n<div class=\"wp-block-column is-layout-flow wp-block-column-is-layout-flow\" style=\"flex-basis:33.33%\"><\/div>\n<\/div>\n\n\n\n<p>En el mundo se celebrar\u00e1 el mayor n\u00famero de convocatorias electorales jam\u00e1s registrado. <strong>M\u00e1s de 70 pa\u00edses se preparan para celebrar elecciones nacionales o legislativas, un hecho extraordinario que incluye a cinco de las seis democracias m\u00e1s grandes del mundo. <\/strong>Este acontecimiento extraordinario, que no se repetir\u00e1 hasta 2048, re\u00fane a m\u00e1s de 4.000 millones de personas y est\u00e1 llamado a influir significativamente en la pol\u00edtica mundial de los pr\u00f3ximos a\u00f1os. La cuesti\u00f3n crucial que persiste es c\u00f3mo contribuir\u00e1 realmente el ejercicio del derecho al voto a fomentar una mayor democracia en todo el mundo.&nbsp;<\/p>\n\n\n\n<p><strong>\u00c1frica es el continente en que se celebrar\u00e1n m\u00e1s elecciones<\/strong>, la mayor\u00eda de las cuales durante el segundo semestre del a\u00f1o. Se votar\u00e1 en casi un tercio de sus pa\u00edses, entre ellos Ghana, Mozambique, Ruanda, Senegal y Sud\u00e1frica. Las elecciones en Burkina Faso, Chad y Mal\u00ed, que han sufrido golpes de Estado en los \u00faltimos a\u00f1os, siguen siendo inciertas, ya que dependen de que los consejos militares cumplan sus promesas de devolver el poder a gobiernos civiles. El resultado tambi\u00e9n depende de una reflexi\u00f3n sobria sobre la realidad conflictiva de la regi\u00f3n del Sahel.&nbsp;<\/p>\n\n\n\n<p><strong>Las elecciones asi\u00e1ticas contar\u00e1n con el mayor n\u00famero de votantes convocados<\/strong>, previstas principalmente para el segundo semestre del a\u00f1o. India, Indonesia y Banglad\u00e9s figuran entre los pa\u00edses m\u00e1s poblados del mundo. M\u00e1s all\u00e1 de estos focos, se celebrar\u00e1n elecciones en Azerbaiy\u00e1n, Ir\u00e1n, Mongolia, Corea del Sur y Pakist\u00e1n.<\/p>\n\n\n\n<figure class=\"wp-block-image size-large\"><img decoding=\"async\" src=\"\/wp-content\/themes\/uji\/img\/mf24\/a-vote-for-democracy-2.jpg\" alt=\"\" style=\"aspect-ratio:16\/9;object-fit:cover\" \/><figcaption class=\"wp-element-caption\"><em>\u00a9&nbsp; Rio Lecatompessy<\/em><\/figcaption><\/figure>\n\n\n\n<p>Las elecciones para elegir a los <strong>representantes del Parlamento Europeo <\/strong>est\u00e1n previstas en los 27 pa\u00edses de la Uni\u00f3n Europea desde el jueves 6 de junio hasta el domingo 9 de junio de 2024. Aproximadamente 400 millones de votantes ejercer\u00e1n su derecho al voto. Tras las elecciones, los parlamentarios europeos elegir\u00e1n al presidente del Parlamento y al nuevo presidente de la Comisi\u00f3n Europea.&nbsp;<\/p>\n\n\n\n<p>Las <strong>elecciones presidenciales de Estados Unidos <\/strong>est\u00e1n previstas para el 5 de noviembre de 2024, con las primarias presidenciales en marcha para elegir a los candidatos republicano y dem\u00f3crata y la posibilidad de una revancha Biden-Trump.<\/p>\n<\/div><\/div>\n","protected":false},"excerpt":{"rendered":"<p>uN VOTO POR LA DEMOCRACIA 2024 batir\u00e1 un r\u00e9cord hist\u00f3rico como \u00aba\u00f1o superelectoral\u201d En el mundo se celebrar\u00e1 el mayor n\u00famero de convocatorias electorales jam\u00e1s registrado. M\u00e1s de 70 pa\u00edses se preparan para celebrar elecciones nacionales o legislativas, un hecho extraordinario que incluye a cinco de las seis democracias m\u00e1s grandes del mundo. Este acontecimiento [&hellip;]<\/p>\n","protected":false},"author":1,"featured_media":0,"parent":48,"menu_order":30,"comment_status":"closed","ping_status":"closed","template":"","meta":{"footnotes":""},"class_list":["post-60","page","type-page","status-publish","hentry"],"yoast_head":"<!-- This site is optimized with the Yoast SEO plugin v27.0 - https:\/\/yoast.com\/product\/yoast-seo-wordpress\/ -->\n<title>Un voto por la democracia - Municipal Forecast - Espa\u00f1ol<\/title>\n<meta name=\"robots\" content=\"index, follow, max-snippet:-1, max-image-preview:large, max-video-preview:-1\" \/>\n<link rel=\"canonical\" href=\"https:\/\/urbanjournalism.institute\/forecast-es\/forecast-2024\/a-vote-for-democracy\/\" \/>\n<meta property=\"og:locale\" content=\"es_ES\" \/>\n<meta property=\"og:type\" content=\"article\" \/>\n<meta property=\"og:title\" content=\"Un voto por la democracia - Municipal Forecast - Espa\u00f1ol\" \/>\n<meta property=\"og:description\" content=\"uN VOTO POR LA DEMOCRACIA 2024 batir\u00e1 un r\u00e9cord hist\u00f3rico como \u00aba\u00f1o superelectoral\u201d En el mundo se celebrar\u00e1 el mayor n\u00famero de convocatorias electorales jam\u00e1s registrado. M\u00e1s de 70 pa\u00edses se preparan para celebrar elecciones nacionales o legislativas, un hecho extraordinario que incluye a cinco de las seis democracias m\u00e1s grandes del mundo. Este acontecimiento [&hellip;]\" \/>\n<meta property=\"og:url\" content=\"https:\/\/urbanjournalism.institute\/forecast-es\/forecast-2024\/a-vote-for-democracy\/\" \/>\n<meta property=\"og:site_name\" content=\"Municipal Forecast - Espa\u00f1ol\" \/>\n<meta property=\"article:modified_time\" content=\"2024-02-18T12:38:41+00:00\" \/>\n<meta name=\"twitter:card\" content=\"summary_large_image\" \/>\n<meta name=\"twitter:label1\" content=\"Tiempo de lectura\" \/>\n\t<meta name=\"twitter:data1\" content=\"3 minutos\" \/>\n<script type=\"application\/ld+json\" class=\"yoast-schema-graph\">{\"@context\":\"https:\/\/schema.org\",\"@graph\":[{\"@type\":\"WebPage\",\"@id\":\"https:\/\/urbanjournalism.institute\/forecast-es\/forecast-2024\/a-vote-for-democracy\/\",\"url\":\"https:\/\/urbanjournalism.institute\/forecast-es\/forecast-2024\/a-vote-for-democracy\/\",\"name\":\"Un voto por la democracia - Municipal Forecast - Espa\u00f1ol\",\"isPartOf\":{\"@id\":\"https:\/\/urbanjournalism.institute\/forecast-es\/#website\"},\"datePublished\":\"2024-02-18T09:30:05+00:00\",\"dateModified\":\"2024-02-18T12:38:41+00:00\",\"breadcrumb\":{\"@id\":\"https:\/\/urbanjournalism.institute\/forecast-es\/forecast-2024\/a-vote-for-democracy\/#breadcrumb\"},\"inLanguage\":\"es\",\"potentialAction\":[{\"@type\":\"ReadAction\",\"target\":[\"https:\/\/urbanjournalism.institute\/forecast-es\/forecast-2024\/a-vote-for-democracy\/\"]}]},{\"@type\":\"BreadcrumbList\",\"@id\":\"https:\/\/urbanjournalism.institute\/forecast-es\/forecast-2024\/a-vote-for-democracy\/#breadcrumb\",\"itemListElement\":[{\"@type\":\"ListItem\",\"position\":1,\"name\":\"Forecast 2024\",\"item\":\"https:\/\/urbanjournalism.institute\/forecast-es\/\"},{\"@type\":\"ListItem\",\"position\":2,\"name\":\"Un voto por la democracia\"}]},{\"@type\":\"WebSite\",\"@id\":\"https:\/\/urbanjournalism.institute\/forecast-es\/#website\",\"url\":\"https:\/\/urbanjournalism.institute\/forecast-es\/\",\"name\":\"Municipal Forecast - Espa\u00f1ol\",\"description\":\"\",\"potentialAction\":[{\"@type\":\"SearchAction\",\"target\":{\"@type\":\"EntryPoint\",\"urlTemplate\":\"https:\/\/urbanjournalism.institute\/forecast-es\/?s={search_term_string}\"},\"query-input\":{\"@type\":\"PropertyValueSpecification\",\"valueRequired\":true,\"valueName\":\"search_term_string\"}}],\"inLanguage\":\"es\"}]}<\/script>\n<!-- \/ Yoast SEO plugin. -->","yoast_head_json":{"title":"Un voto por la democracia - Municipal Forecast - Espa\u00f1ol","robots":{"index":"index","follow":"follow","max-snippet":"max-snippet:-1","max-image-preview":"max-image-preview:large","max-video-preview":"max-video-preview:-1"},"canonical":"https:\/\/urbanjournalism.institute\/forecast-es\/forecast-2024\/a-vote-for-democracy\/","og_locale":"es_ES","og_type":"article","og_title":"Un voto por la democracia - Municipal Forecast - Espa\u00f1ol","og_description":"uN VOTO POR LA DEMOCRACIA 2024 batir\u00e1 un r\u00e9cord hist\u00f3rico como \u00aba\u00f1o superelectoral\u201d En el mundo se celebrar\u00e1 el mayor n\u00famero de convocatorias electorales jam\u00e1s registrado. M\u00e1s de 70 pa\u00edses se preparan para celebrar elecciones nacionales o legislativas, un hecho extraordinario que incluye a cinco de las seis democracias m\u00e1s grandes del mundo. Este acontecimiento [&hellip;]","og_url":"https:\/\/urbanjournalism.institute\/forecast-es\/forecast-2024\/a-vote-for-democracy\/","og_site_name":"Municipal Forecast - Espa\u00f1ol","article_modified_time":"2024-02-18T12:38:41+00:00","twitter_card":"summary_large_image","twitter_misc":{"Tiempo de lectura":"3 minutos"},"schema":{"@context":"https:\/\/schema.org","@graph":[{"@type":"WebPage","@id":"https:\/\/urbanjournalism.institute\/forecast-es\/forecast-2024\/a-vote-for-democracy\/","url":"https:\/\/urbanjournalism.institute\/forecast-es\/forecast-2024\/a-vote-for-democracy\/","name":"Un voto por la democracia - Municipal Forecast - Espa\u00f1ol","isPartOf":{"@id":"https:\/\/urbanjournalism.institute\/forecast-es\/#website"},"datePublished":"2024-02-18T09:30:05+00:00","dateModified":"2024-02-18T12:38:41+00:00","breadcrumb":{"@id":"https:\/\/urbanjournalism.institute\/forecast-es\/forecast-2024\/a-vote-for-democracy\/#breadcrumb"},"inLanguage":"es","potentialAction":[{"@type":"ReadAction","target":["https:\/\/urbanjournalism.institute\/forecast-es\/forecast-2024\/a-vote-for-democracy\/"]}]},{"@type":"BreadcrumbList","@id":"https:\/\/urbanjournalism.institute\/forecast-es\/forecast-2024\/a-vote-for-democracy\/#breadcrumb","itemListElement":[{"@type":"ListItem","position":1,"name":"Forecast 2024","item":"https:\/\/urbanjournalism.institute\/forecast-es\/"},{"@type":"ListItem","position":2,"name":"Un voto por la democracia"}]},{"@type":"WebSite","@id":"https:\/\/urbanjournalism.institute\/forecast-es\/#website","url":"https:\/\/urbanjournalism.institute\/forecast-es\/","name":"Municipal Forecast - Espa\u00f1ol","description":"","potentialAction":[{"@type":"SearchAction","target":{"@type":"EntryPoint","urlTemplate":"https:\/\/urbanjournalism.institute\/forecast-es\/?s={search_term_string}"},"query-input":{"@type":"PropertyValueSpecification","valueRequired":true,"valueName":"search_term_string"}}],"inLanguage":"es"}]}},"_links":{"self":[{"href":"https:\/\/urbanjournalism.institute\/forecast-es\/wp-json\/wp\/v2\/pages\/60","targetHints":{"allow":["GET"]}}],"collection":[{"href":"https:\/\/urbanjournalism.institute\/forecast-es\/wp-json\/wp\/v2\/pages"}],"about":[{"href":"https:\/\/urbanjournalism.institute\/forecast-es\/wp-json\/wp\/v2\/types\/page"}],"author":[{"embeddable":true,"href":"https:\/\/urbanjournalism.institute\/forecast-es\/wp-json\/wp\/v2\/users\/1"}],"replies":[{"embeddable":true,"href":"https:\/\/urbanjournalism.institute\/forecast-es\/wp-json\/wp\/v2\/comments?post=60"}],"version-history":[{"count":1,"href":"https:\/\/urbanjournalism.institute\/forecast-es\/wp-json\/wp\/v2\/pages\/60\/revisions"}],"predecessor-version":[{"id":110,"href":"https:\/\/urbanjournalism.institute\/forecast-es\/wp-json\/wp\/v2\/pages\/60\/revisions\/110"}],"up":[{"embeddable":true,"href":"https:\/\/urbanjournalism.institute\/forecast-es\/wp-json\/wp\/v2\/pages\/48"}],"wp:attachment":[{"href":"https:\/\/urbanjournalism.institute\/forecast-es\/wp-json\/wp\/v2\/media?parent=60"}],"curies":[{"name":"wp","href":"https:\/\/api.w.org\/{rel}","templated":true}]}}