{"id":62,"date":"2024-02-18T09:30:05","date_gmt":"2024-02-18T09:30:05","guid":{"rendered":"https:\/\/urbanjournalism.institute\/forecast-es\/forecast-2024\/a-vote-for-democracy\/women-in-local-and-global-leadership\/"},"modified":"2024-08-26T10:45:47","modified_gmt":"2024-08-26T10:45:47","slug":"women-in-local-and-global-leadership","status":"publish","type":"page","link":"https:\/\/urbanjournalism.institute\/forecast-es\/forecast-2024\/a-vote-for-democracy\/women-in-local-and-global-leadership\/","title":{"rendered":"Mujeres en el liderazgo local y mundial"},"content":{"rendered":"\n<figure class=\"wp-block-image size-large is-resized\"><img decoding=\"async\" src=\"\/wp-content\/themes\/uji\/img\/mf24\/women-in-local-and-global-leadership.jpg\" alt=\"\" style=\"width:840px;height:auto\" \/><figcaption class=\"wp-element-caption\"><em>@ Maxwell Photography<\/em><\/figcaption><\/figure>\n\n\n\n<div class=\"wp-block-group\"><div class=\"wp-block-group__inner-container is-layout-constrained wp-block-group-is-layout-constrained\">\n<h1 class=\"wp-block-heading\" style=\"text-transform:uppercase\">MUJERES EN EL LIDERAZGO LOCAL Y MUNDIAL<\/h1>\n\n\n\n<p>La plataforma en l\u00ednea de ONU Mujeres,<em> <strong><a href=\"https:\/\/localgov.unwomen.org\/\" target=\"_blank\" rel=\"noreferrer noopener\">Mujeres en el Liderazgo Local<\/a><\/strong><\/em>, ofrece una instant\u00e1nea completa de los cargos electos ocupados por mujeres en los \u00f3rganos deliberativos locales en enero de 2023. En 141 pa\u00edses, los datos subrayan la creciente presencia de las mujeres en los gobiernos locales, con m\u00e1s de tres millones de representantes, lo que equivale al 35,5 % del total. Aunque se han logrado avances notables, solo tres pa\u00edses \u2014Antigua y Barbuda, Islandia y Bolivia\u2014 han alcanzado la marca del 50 %, mientras que otros 22 superan el 40 % de representaci\u00f3n.\u00a0<\/p>\n\n\n\n<p>Analizando las <strong>disparidades regionales<\/strong>, Asia Central y del Sur se sit\u00faa a la cabeza, con un 41 %, seguida de Europa y Norteam\u00e9rica, con un 37 %. Por el contrario, Asia Occidental y \u00c1frica del Norte registran la representaci\u00f3n m\u00e1s baja, con un 20 %. Estas cifras subrayan el imperativo de realizar esfuerzos sostenidos para fomentar una representaci\u00f3n global equitativa.&nbsp;<\/p>\n\n\n\n<p>En Am\u00e9rica Latina y el Caribe, los datos de ONU Mujeres revelan una representaci\u00f3n femenina del 27 % en los \u00f3rganos deliberativos locales. Sin embargo, existen variaciones significativas entre los pa\u00edses. Bolivia, Costa Rica, M\u00e9xico y Per\u00fa se encuentran entre los veinte pa\u00edses con una mayor representaci\u00f3n pol\u00edtica de las mujeres. Por el contrario, Brasil, Colombia, Guatemala y Paraguay van a la zaga, con menos del 20 % cada uno, mientras que Panam\u00e1 ocupa el \u00faltimo lugar, con menos del 10 %.&nbsp;<\/p>\n\n\n\n<p>La proporci\u00f3n de esca\u00f1os ocupados por mujeres en los parlamentos nacionales y los gobiernos locales es una meta crucial (5.5) de los ODS, que se centra&nbsp;en garantizar la participaci\u00f3n plena y efectiva de las mujeres y la igualdad de oportunidades de liderazgo en todos los niveles de toma de decisiones en la vida pol\u00edtica, econ\u00f3mica y p\u00fablica. A 10 de enero de 2024, <strong>26 pa\u00edses tendr\u00e1n a mujeres como jefas de Estado y de Gobierno<\/strong>.&nbsp;<\/p>\n\n\n\n<p>En \u00c1frica, solo cuatro mujeres ocupan actualmente cargos electos o designados como jefas de Estado o de Gobierno. Entre las figuras m\u00e1s destacadas, se encuentran la presidenta de Tanzania, Samia Suluhu Hassan, que asumi\u00f3 el cargo en 2021 como la primera mujer en este puesto, y la presidenta de Etiop\u00eda, Sahle-Work Zewde, que lleva en el cargo desde 2018. Victoire Tomegah Dogb\u00e9 ocupa el cargo de primera ministra en Togo desde 2020, mientras que Raja Nicola es miembro civil del Consejo de Soberan\u00eda de Transici\u00f3n en Sud\u00e1n, contribuyendo al liderazgo colectivo de transici\u00f3n en su pa\u00eds.<\/p>\n<\/div><\/div>\n\n\n\n<div class=\"wp-block-group pt-10 narrow-group\"><div class=\"wp-block-group__inner-container is-layout-constrained wp-block-group-is-layout-constrained\">\n<figure class=\"wp-block-image size-large mb-10\"><img decoding=\"async\" src=\"\/wp-content\/themes\/uji\/img\/mf24\/women-in-local-and-global-leadership-2.jpg\" alt=\"\" \/><figcaption class=\"wp-element-caption\"><em>\u00a9 Antonio Jamal Roberson<\/em><\/figcaption><\/figure>\n\n\n\n<div class=\"wp-block-columns gap-5 is-layout-flex wp-container-core-columns-is-layout-9d6595d7 wp-block-columns-is-layout-flex\">\n<div class=\"wp-block-column is-layout-flow wp-block-column-is-layout-flow\">\n<p>La reelecci\u00f3n de la primera ministra de Banglad\u00e9s, Sheikh Hasina, la convierte en la jefa de Gobierno m\u00e1s longeva del mundo. En un panorama escaso de mujeres l\u00edderes en Asia, destacan Draupadi Murmu, presidenta de la India desde julio de 2022; Hilda Heine, que volvi\u00f3 a la presidencia de las Islas Marshall en enero de 2024, y Fiame Naomi Mata\u2019afa, primera ministra de Samoa desde 2021.&nbsp;<\/p>\n\n\n\n<p>En Am\u00e9rica Latina, Barbados tiene una presidenta y una primera ministra, Sandra Mason y Mia Mottley. Xiomara Castro es la presidenta de Honduras; Dina Boluarte, la presidenta de Per\u00fa; Cristine Kangaloo, la presidenta de Trinidad y Tobago, y Sylvanie Burton, la&nbsp;presidenta de Dominica. En Europa, Bosnia y Herzegovina, Dinamarca, Estonia, Georgia, Grecia, Hungr\u00eda, Islandia, Italia, Kosovo, Letonia, Lituania, Moldavia, Serbia, Eslovaquia y Eslovenia tienen jefas de Estado o de Gobierno.&nbsp;<\/p>\n\n\n\n<p>La proyecci\u00f3n de ONU Mujeres es desalentadora: <strong>al ritmo actual, la igualdad de g\u00e9nero en los m\u00e1s altos puestos de poder no se har\u00e1 realidad hasta dentro de otros 130 a\u00f1os<\/strong>.&nbsp;<\/p>\n\n\n\n<p><\/p>\n<\/div>\n\n\n\n<div class=\"wp-block-column is-layout-flow wp-block-column-is-layout-flow\">\n<p>Aunque muchos pa\u00edses no han alcanzado la paridad de g\u00e9nero, se ha demostrado que la implementaci\u00f3n de cuotas de g\u00e9nero promueve la igualdad. Las naciones con cuotas de candidaturas por ley registran una representaci\u00f3n significativamente mayor de mujeres en comparaci\u00f3n con los pa\u00edses que carecen de dicha legislaci\u00f3n: un 5 % en los parlamentos y un 7 % en los gobiernos locales.<\/p>\n\n\n\n<p>El impacto de la participaci\u00f3n de las mujeres en los procesos de toma de decisiones pol\u00edticas es sustancial. En la India, los consejos dirigidos por mujeres contribuyeron a un notable aumento del 62 % en los proyectos de suministro de agua potable. En Noruega, se establece una correlaci\u00f3n directa entre la presencia femenina en los consejos municipales y la ampliaci\u00f3n de la cobertura de las guarder\u00edas.&nbsp;<\/p>\n\n\n\n<p>Seguiremos de cerca el pr\u00f3ximo a\u00f1o superelectoral y volveremos el a\u00f1o que viene para informar sobre si el mundo est\u00e1 siendo testigo de un aumento del n\u00famero de mujeres que representan la voz de sus ciudadanos.<\/p>\n\n\n\n<p>M\u00e1s informaci\u00f3n en::<br><a href=\"https:\/\/localgov.unwomen.org\/\" target=\"_blank\" rel=\"noreferrer noopener\"><strong><em>Women in Local Government<\/em><\/strong><\/a><\/p>\n<\/div>\n<\/div>\n<\/div><\/div>\n","protected":false},"excerpt":{"rendered":"<p>MUJERES EN EL LIDERAZGO LOCAL Y MUNDIAL La plataforma en l\u00ednea de ONU Mujeres, Mujeres en el Liderazgo Local, ofrece una instant\u00e1nea completa de los cargos electos ocupados por mujeres en los \u00f3rganos deliberativos locales en enero de 2023. En 141 pa\u00edses, los datos subrayan la creciente presencia de las mujeres en los gobiernos locales, [&hellip;]<\/p>\n","protected":false},"author":1,"featured_media":0,"parent":60,"menu_order":10,"comment_status":"closed","ping_status":"closed","template":"","meta":{"footnotes":""},"class_list":["post-62","page","type-page","status-publish","hentry"],"yoast_head":"<!-- This site is optimized with the Yoast SEO plugin v27.0 - https:\/\/yoast.com\/product\/yoast-seo-wordpress\/ -->\n<title>Mujeres en el liderazgo local y mundial - Municipal Forecast - Espa\u00f1ol<\/title>\n<meta name=\"robots\" content=\"index, follow, max-snippet:-1, max-image-preview:large, max-video-preview:-1\" \/>\n<link rel=\"canonical\" href=\"https:\/\/urbanjournalism.institute\/forecast-es\/forecast-2024\/a-vote-for-democracy\/women-in-local-and-global-leadership\/\" \/>\n<meta property=\"og:locale\" content=\"es_ES\" \/>\n<meta property=\"og:type\" content=\"article\" \/>\n<meta property=\"og:title\" content=\"Mujeres en el liderazgo local y mundial - Municipal Forecast - Espa\u00f1ol\" \/>\n<meta property=\"og:description\" content=\"MUJERES EN EL LIDERAZGO LOCAL Y MUNDIAL La plataforma en l\u00ednea de ONU Mujeres, Mujeres en el Liderazgo Local, ofrece una instant\u00e1nea completa de los cargos electos ocupados por mujeres en los \u00f3rganos deliberativos locales en enero de 2023. En 141 pa\u00edses, los datos subrayan la creciente presencia de las mujeres en los gobiernos locales, [&hellip;]\" \/>\n<meta property=\"og:url\" content=\"https:\/\/urbanjournalism.institute\/forecast-es\/forecast-2024\/a-vote-for-democracy\/women-in-local-and-global-leadership\/\" \/>\n<meta property=\"og:site_name\" content=\"Municipal Forecast - Espa\u00f1ol\" \/>\n<meta property=\"article:modified_time\" content=\"2024-08-26T10:45:47+00:00\" \/>\n<meta name=\"twitter:card\" content=\"summary_large_image\" \/>\n<meta name=\"twitter:label1\" content=\"Tiempo de lectura\" \/>\n\t<meta name=\"twitter:data1\" content=\"4 minutos\" \/>\n<script type=\"application\/ld+json\" class=\"yoast-schema-graph\">{\"@context\":\"https:\/\/schema.org\",\"@graph\":[{\"@type\":\"WebPage\",\"@id\":\"https:\/\/urbanjournalism.institute\/forecast-es\/forecast-2024\/a-vote-for-democracy\/women-in-local-and-global-leadership\/\",\"url\":\"https:\/\/urbanjournalism.institute\/forecast-es\/forecast-2024\/a-vote-for-democracy\/women-in-local-and-global-leadership\/\",\"name\":\"Mujeres en el liderazgo local y mundial - Municipal Forecast - Espa\u00f1ol\",\"isPartOf\":{\"@id\":\"https:\/\/urbanjournalism.institute\/forecast-es\/#website\"},\"datePublished\":\"2024-02-18T09:30:05+00:00\",\"dateModified\":\"2024-08-26T10:45:47+00:00\",\"breadcrumb\":{\"@id\":\"https:\/\/urbanjournalism.institute\/forecast-es\/forecast-2024\/a-vote-for-democracy\/women-in-local-and-global-leadership\/#breadcrumb\"},\"inLanguage\":\"es\",\"potentialAction\":[{\"@type\":\"ReadAction\",\"target\":[\"https:\/\/urbanjournalism.institute\/forecast-es\/forecast-2024\/a-vote-for-democracy\/women-in-local-and-global-leadership\/\"]}]},{\"@type\":\"BreadcrumbList\",\"@id\":\"https:\/\/urbanjournalism.institute\/forecast-es\/forecast-2024\/a-vote-for-democracy\/women-in-local-and-global-leadership\/#breadcrumb\",\"itemListElement\":[{\"@type\":\"ListItem\",\"position\":1,\"name\":\"Forecast 2024\",\"item\":\"https:\/\/urbanjournalism.institute\/forecast-es\/\"},{\"@type\":\"ListItem\",\"position\":2,\"name\":\"Un voto por la democracia\",\"item\":\"https:\/\/urbanjournalism.institute\/forecast-es\/forecast-2024\/a-vote-for-democracy\/\"},{\"@type\":\"ListItem\",\"position\":3,\"name\":\"Mujeres en el liderazgo local y mundial\"}]},{\"@type\":\"WebSite\",\"@id\":\"https:\/\/urbanjournalism.institute\/forecast-es\/#website\",\"url\":\"https:\/\/urbanjournalism.institute\/forecast-es\/\",\"name\":\"Municipal Forecast - Espa\u00f1ol\",\"description\":\"\",\"potentialAction\":[{\"@type\":\"SearchAction\",\"target\":{\"@type\":\"EntryPoint\",\"urlTemplate\":\"https:\/\/urbanjournalism.institute\/forecast-es\/?s={search_term_string}\"},\"query-input\":{\"@type\":\"PropertyValueSpecification\",\"valueRequired\":true,\"valueName\":\"search_term_string\"}}],\"inLanguage\":\"es\"}]}<\/script>\n<!-- \/ Yoast SEO plugin. -->","yoast_head_json":{"title":"Mujeres en el liderazgo local y mundial - Municipal Forecast - Espa\u00f1ol","robots":{"index":"index","follow":"follow","max-snippet":"max-snippet:-1","max-image-preview":"max-image-preview:large","max-video-preview":"max-video-preview:-1"},"canonical":"https:\/\/urbanjournalism.institute\/forecast-es\/forecast-2024\/a-vote-for-democracy\/women-in-local-and-global-leadership\/","og_locale":"es_ES","og_type":"article","og_title":"Mujeres en el liderazgo local y mundial - Municipal Forecast - Espa\u00f1ol","og_description":"MUJERES EN EL LIDERAZGO LOCAL Y MUNDIAL La plataforma en l\u00ednea de ONU Mujeres, Mujeres en el Liderazgo Local, ofrece una instant\u00e1nea completa de los cargos electos ocupados por mujeres en los \u00f3rganos deliberativos locales en enero de 2023. En 141 pa\u00edses, los datos subrayan la creciente presencia de las mujeres en los gobiernos locales, [&hellip;]","og_url":"https:\/\/urbanjournalism.institute\/forecast-es\/forecast-2024\/a-vote-for-democracy\/women-in-local-and-global-leadership\/","og_site_name":"Municipal Forecast - Espa\u00f1ol","article_modified_time":"2024-08-26T10:45:47+00:00","twitter_card":"summary_large_image","twitter_misc":{"Tiempo de lectura":"4 minutos"},"schema":{"@context":"https:\/\/schema.org","@graph":[{"@type":"WebPage","@id":"https:\/\/urbanjournalism.institute\/forecast-es\/forecast-2024\/a-vote-for-democracy\/women-in-local-and-global-leadership\/","url":"https:\/\/urbanjournalism.institute\/forecast-es\/forecast-2024\/a-vote-for-democracy\/women-in-local-and-global-leadership\/","name":"Mujeres en el liderazgo local y mundial - Municipal Forecast - Espa\u00f1ol","isPartOf":{"@id":"https:\/\/urbanjournalism.institute\/forecast-es\/#website"},"datePublished":"2024-02-18T09:30:05+00:00","dateModified":"2024-08-26T10:45:47+00:00","breadcrumb":{"@id":"https:\/\/urbanjournalism.institute\/forecast-es\/forecast-2024\/a-vote-for-democracy\/women-in-local-and-global-leadership\/#breadcrumb"},"inLanguage":"es","potentialAction":[{"@type":"ReadAction","target":["https:\/\/urbanjournalism.institute\/forecast-es\/forecast-2024\/a-vote-for-democracy\/women-in-local-and-global-leadership\/"]}]},{"@type":"BreadcrumbList","@id":"https:\/\/urbanjournalism.institute\/forecast-es\/forecast-2024\/a-vote-for-democracy\/women-in-local-and-global-leadership\/#breadcrumb","itemListElement":[{"@type":"ListItem","position":1,"name":"Forecast 2024","item":"https:\/\/urbanjournalism.institute\/forecast-es\/"},{"@type":"ListItem","position":2,"name":"Un voto por la democracia","item":"https:\/\/urbanjournalism.institute\/forecast-es\/forecast-2024\/a-vote-for-democracy\/"},{"@type":"ListItem","position":3,"name":"Mujeres en el liderazgo local y mundial"}]},{"@type":"WebSite","@id":"https:\/\/urbanjournalism.institute\/forecast-es\/#website","url":"https:\/\/urbanjournalism.institute\/forecast-es\/","name":"Municipal Forecast - Espa\u00f1ol","description":"","potentialAction":[{"@type":"SearchAction","target":{"@type":"EntryPoint","urlTemplate":"https:\/\/urbanjournalism.institute\/forecast-es\/?s={search_term_string}"},"query-input":{"@type":"PropertyValueSpecification","valueRequired":true,"valueName":"search_term_string"}}],"inLanguage":"es"}]}},"_links":{"self":[{"href":"https:\/\/urbanjournalism.institute\/forecast-es\/wp-json\/wp\/v2\/pages\/62","targetHints":{"allow":["GET"]}}],"collection":[{"href":"https:\/\/urbanjournalism.institute\/forecast-es\/wp-json\/wp\/v2\/pages"}],"about":[{"href":"https:\/\/urbanjournalism.institute\/forecast-es\/wp-json\/wp\/v2\/types\/page"}],"author":[{"embeddable":true,"href":"https:\/\/urbanjournalism.institute\/forecast-es\/wp-json\/wp\/v2\/users\/1"}],"replies":[{"embeddable":true,"href":"https:\/\/urbanjournalism.institute\/forecast-es\/wp-json\/wp\/v2\/comments?post=62"}],"version-history":[{"count":6,"href":"https:\/\/urbanjournalism.institute\/forecast-es\/wp-json\/wp\/v2\/pages\/62\/revisions"}],"predecessor-version":[{"id":251,"href":"https:\/\/urbanjournalism.institute\/forecast-es\/wp-json\/wp\/v2\/pages\/62\/revisions\/251"}],"up":[{"embeddable":true,"href":"https:\/\/urbanjournalism.institute\/forecast-es\/wp-json\/wp\/v2\/pages\/60"}],"wp:attachment":[{"href":"https:\/\/urbanjournalism.institute\/forecast-es\/wp-json\/wp\/v2\/media?parent=62"}],"curies":[{"name":"wp","href":"https:\/\/api.w.org\/{rel}","templated":true}]}}