{"id":63,"date":"2024-02-18T09:30:05","date_gmt":"2024-02-18T09:30:05","guid":{"rendered":"https:\/\/urbanjournalism.institute\/forecast-es\/forecast-2024\/a-vote-for-democracy\/small-big-steps\/"},"modified":"2024-02-18T16:29:14","modified_gmt":"2024-02-18T16:29:14","slug":"small-big-steps","status":"publish","type":"page","link":"https:\/\/urbanjournalism.institute\/forecast-es\/forecast-2024\/a-vote-for-democracy\/small-big-steps\/","title":{"rendered":"Peque\u00f1os-grandes pasos"},"content":{"rendered":"\n<div class=\"wp-block-group\"><div class=\"wp-block-group__inner-container is-layout-constrained wp-block-group-is-layout-constrained\">\n<h1 class=\"wp-block-heading has-x-large-font-size\">Peque\u00f1os-grandes pasos<\/h1>\n\n\n\n<p class=\"font-serif has-medium-font-size\"><strong>Desafiar los prejuicios sexistas<\/strong><br><strong>en la lengua escrita japonesa<\/strong><\/p>\n\n\n\n<div class=\"wp-block-columns mt-10 gap-5 is-layout-flex wp-container-core-columns-is-layout-9d6595d7 wp-block-columns-is-layout-flex\">\n<div class=\"wp-block-column is-layout-flow wp-block-column-is-layout-flow\">\n<figure class=\"wp-block-image size-large\"><img decoding=\"async\" src=\"\/wp-content\/themes\/uji\/img\/mf24\/small-big-steps.jpg\" alt=\"\" \/><figcaption class=\"wp-element-caption\"><em>\u00a9mosdesign<\/em><\/figcaption><\/figure>\n<\/div>\n\n\n\n<div class=\"wp-block-column is-layout-flow wp-block-column-is-layout-flow\">\n<p>A pesar de los esfuerzos mundiales en pro de la igualdad de g\u00e9nero, todos somos conscientes de la lentitud de los avances y de lo necesarios que son los peque\u00f1os y grandes pasos para romper el techo de cristal. Seg\u00fan el Informe sobre la Brecha de G\u00e9nero 2023 del Foro Econ\u00f3mico Mundial, la clasificaci\u00f3n de Jap\u00f3n en materia de paridad de g\u00e9nero ha descendido ligeramente por segundo a\u00f1o consecutivo, situ\u00e1ndose ahora en el puesto 125 de 146 pa\u00edses. La encuesta de Teikoku Databank de julio de 2022 destacaba, adem\u00e1s, que las mujeres apenas ocupan el 9,4 % de los puestos directivos en las empresas japonesas. En respuesta a estas cifras, el primer ministro japon\u00e9s, Fumio Kishida, ha fijado un ambicioso objetivo: las mujeres deben ocupar el 30 % de los puestos ejecutivos en las principales empresas para 2030.&nbsp;<\/p>\n\n\n\n<p>En un avance hist\u00f3rico, Japan Airlines acaba de nombrar a su primera presidenta. Mitsuko Tottori, antigua azafata de vuelo desde 1985, asumir\u00e1 el cargo a partir del 1 de abril de 2024, sucediendo al actual presidente, Yuji Akasaka. Esta decisi\u00f3n innovadora sienta un precedente para otras compa\u00f1\u00edas de Jap\u00f3n.&nbsp;<\/p>\n\n\n\n<p>Japan Airlines se alinea con otras empresas japonesas, con el objetivo de alcanzar una representaci\u00f3n femenina del 30 % en los puestos directivos de todo el grupo para finales del ejercicio fiscal de marzo de 2026. La empresa se comprometi\u00f3 a \u201caumentar el valor corporativo y contribuir al crecimiento y desarrollo de la sociedad\u201d.<\/p>\n<\/div>\n<\/div>\n<\/div><\/div>\n\n\n\n<figure class=\"wp-block-image size-large\"><img decoding=\"async\" src=\"\/wp-content\/themes\/uji\/img\/mf24\/small-big-steps-2.jpg\" alt=\"\" \/><figcaption class=\"wp-element-caption\"><em>\u00a9 Imagen via\u00a0Adam\u00a0Gothelf<\/em><\/figcaption><\/figure>\n\n\n\n<div class=\"wp-block-group\"><div class=\"wp-block-group__inner-container is-layout-constrained wp-block-group-is-layout-constrained\">\n<figure class=\"wp-block-image size-large mb-10\"><img decoding=\"async\" src=\"\/wp-content\/themes\/uji\/img\/mf24\/small-big-steps-3.jpg\" alt=\"\" \/><\/figure>\n\n\n\n<div class=\"wp-block-columns is-layout-flex wp-container-core-columns-is-layout-9d6595d7 wp-block-columns-is-layout-flex\">\n<div class=\"wp-block-column is-layout-flow wp-block-column-is-layout-flow\">\n<p>El lenguaje refleja el pulso de la sociedad, evolucionando a la par que los cambios sociales. La importancia del lenguaje inclusivo radica en su poder para combatir la discriminaci\u00f3n y los estereotipos que afectan a los roles y la identidad de g\u00e9nero. No es una mera cuesti\u00f3n ideol\u00f3gica o pol\u00edtica, sino una transformaci\u00f3n indicativa del progreso hacia una sociedad m\u00e1s justa y representativa.&nbsp;<\/p>\n\n\n\n<p>En el \u00e1mbito del lenguaje y la igualdad de g\u00e9nero, el sistema japon\u00e9s de escritura kanji, \u201c\u6f22\u5b57\u201d, hace casi invisibles a las mujeres, y carece de signos espec\u00edficamente inclusivos dentro de la comunidad LGBTQ+. Ejemplos como el pronombre \u201cella\u201d, kanojo \u201c\u5f7c\u5973\u201d, que contiene impl\u00edcitamente el pronombre \u201c\u00e9l\u201d, o kare \u201c\u5f7c\u201d, subrayan c\u00f3mo las mujeres siguen estando ling\u00fc\u00edsticamente subordinadas a la figura masculina, perpetuando una desigualdad arraigada en el pasado. Al mismo tiempo, la falta de representaci\u00f3n de toda una comunidad atenta contra la libertad de expresi\u00f3n y el derecho a ser uno mismo. Los prejuicios incrustados en el kanji hacen dif\u00edcil distinguir conceptos como la homosexualidad y la identidad transexual, perpetuando la invisibilidad e inhibiendo a los individuos de la comunidad.&nbsp;<\/p>\n\n\n\n<p>Para desafiar estos prejuicios, la exposici\u00f3n \u201cLiving Kanji: Modernizing Script for a Changing Japan\u201d surge como un planteamiento totalmente innovador. <\/p>\n<\/div>\n\n\n\n<div class=\"wp-block-column is-layout-flow wp-block-column-is-layout-flow\">\n<p>A trav\u00e9s de carteles gr\u00e1ficos, la exposici\u00f3n redefine la narrativa de 1.600 a\u00f1os de prejuicios de g\u00e9nero asociados a la\u00a0lengua escrita japonesa. Tratando los kanjis como \u201centidades vivas listas para el cambio\u201d, \u201cLiving Kanji\u201d integra las identidades LGBTQ+ en la cultura japonesa, creando los primeros kanjis espec\u00edficos LGBTQ+ de la historia. Tambi\u00e9n reconstruye la narrativa de la mujer en el lenguaje, transformando el kanji viviente para incorporar \u201c \u529b\u201d de \u201cfuerza\u201d, distanci\u00e1ndolo de su actual representaci\u00f3n de mujer arrodillada. Reconociendo que la masculinidad t\u00f3xica no es exclusiva de las minor\u00edas, parte del proyecto se dirige tambi\u00e9n a los hombres. El kanji vivo de \u201chombre\u201d, o \u201c\u7537\u201d, sustituye \u201ccampo\u201d por \u201c\u53e3\u201d o \u201cboca\u201d, invitando a romper barreras y fomentar debates abiertos sobre los sentimientos.\u00a0<\/p>\n\n\n\n<p>La exposici\u00f3n cuenta con la colaboraci\u00f3n de los creativos Hami (Miharu Matsunaga) y Adam Gothelf, junto a la dise\u00f1adora gr\u00e1fica Chiara Mendoli. El proyecto no pretende sustituir los kanjis tradicionales, sino suscitar una conversaci\u00f3n sobre un Jap\u00f3n m\u00e1s inclusivo y consciente. La exposici\u00f3n se present\u00f3 en la Galer\u00eda RELOAD, en el distrito Shimokitazawa de Tokio, del 11 al 14 de enero de 2024.<\/p>\n\n\n\n<p>Para m\u00e1s informaci\u00f3n, visite la cuenta de instagram de \u00abLiving Kanji\u00bb:<br><a href=\"\/\/www.instagram.com\/living_kanji\/\" target=\"_blank\" rel=\"noreferrer noopener\"><strong>Living Kanji Instagram account<\/strong><\/a><\/p>\n<\/div>\n<\/div>\n<\/div><\/div>\n","protected":false},"excerpt":{"rendered":"<p>Peque\u00f1os-grandes pasos Desafiar los prejuicios sexistasen la lengua escrita japonesa A pesar de los esfuerzos mundiales en pro de la igualdad de g\u00e9nero, todos somos conscientes de la lentitud de los avances y de lo necesarios que son los peque\u00f1os y grandes pasos para romper el techo de cristal. Seg\u00fan el Informe sobre la Brecha [&hellip;]<\/p>\n","protected":false},"author":1,"featured_media":0,"parent":60,"menu_order":20,"comment_status":"closed","ping_status":"closed","template":"","meta":{"footnotes":""},"class_list":["post-63","page","type-page","status-publish","hentry"],"yoast_head":"<!-- This site is optimized with the Yoast SEO plugin v27.0 - https:\/\/yoast.com\/product\/yoast-seo-wordpress\/ -->\n<title>Peque\u00f1os-grandes pasos - Municipal Forecast - Espa\u00f1ol<\/title>\n<meta name=\"robots\" content=\"index, follow, max-snippet:-1, max-image-preview:large, max-video-preview:-1\" \/>\n<link rel=\"canonical\" href=\"https:\/\/urbanjournalism.institute\/forecast-es\/forecast-2024\/a-vote-for-democracy\/small-big-steps\/\" \/>\n<meta property=\"og:locale\" content=\"es_ES\" \/>\n<meta property=\"og:type\" content=\"article\" \/>\n<meta property=\"og:title\" content=\"Peque\u00f1os-grandes pasos - Municipal Forecast - Espa\u00f1ol\" \/>\n<meta property=\"og:description\" content=\"Peque\u00f1os-grandes pasos Desafiar los prejuicios sexistasen la lengua escrita japonesa A pesar de los esfuerzos mundiales en pro de la igualdad de g\u00e9nero, todos somos conscientes de la lentitud de los avances y de lo necesarios que son los peque\u00f1os y grandes pasos para romper el techo de cristal. Seg\u00fan el Informe sobre la Brecha [&hellip;]\" \/>\n<meta property=\"og:url\" content=\"https:\/\/urbanjournalism.institute\/forecast-es\/forecast-2024\/a-vote-for-democracy\/small-big-steps\/\" \/>\n<meta property=\"og:site_name\" content=\"Municipal Forecast - Espa\u00f1ol\" \/>\n<meta property=\"article:modified_time\" content=\"2024-02-18T16:29:14+00:00\" \/>\n<meta name=\"twitter:card\" content=\"summary_large_image\" \/>\n<meta name=\"twitter:label1\" content=\"Tiempo de lectura\" \/>\n\t<meta name=\"twitter:data1\" content=\"4 minutos\" \/>\n<script type=\"application\/ld+json\" class=\"yoast-schema-graph\">{\"@context\":\"https:\/\/schema.org\",\"@graph\":[{\"@type\":\"WebPage\",\"@id\":\"https:\/\/urbanjournalism.institute\/forecast-es\/forecast-2024\/a-vote-for-democracy\/small-big-steps\/\",\"url\":\"https:\/\/urbanjournalism.institute\/forecast-es\/forecast-2024\/a-vote-for-democracy\/small-big-steps\/\",\"name\":\"Peque\u00f1os-grandes pasos - Municipal Forecast - Espa\u00f1ol\",\"isPartOf\":{\"@id\":\"https:\/\/urbanjournalism.institute\/forecast-es\/#website\"},\"datePublished\":\"2024-02-18T09:30:05+00:00\",\"dateModified\":\"2024-02-18T16:29:14+00:00\",\"breadcrumb\":{\"@id\":\"https:\/\/urbanjournalism.institute\/forecast-es\/forecast-2024\/a-vote-for-democracy\/small-big-steps\/#breadcrumb\"},\"inLanguage\":\"es\",\"potentialAction\":[{\"@type\":\"ReadAction\",\"target\":[\"https:\/\/urbanjournalism.institute\/forecast-es\/forecast-2024\/a-vote-for-democracy\/small-big-steps\/\"]}]},{\"@type\":\"BreadcrumbList\",\"@id\":\"https:\/\/urbanjournalism.institute\/forecast-es\/forecast-2024\/a-vote-for-democracy\/small-big-steps\/#breadcrumb\",\"itemListElement\":[{\"@type\":\"ListItem\",\"position\":1,\"name\":\"Forecast 2024\",\"item\":\"https:\/\/urbanjournalism.institute\/forecast-es\/\"},{\"@type\":\"ListItem\",\"position\":2,\"name\":\"Un voto por la democracia\",\"item\":\"https:\/\/urbanjournalism.institute\/forecast-es\/forecast-2024\/a-vote-for-democracy\/\"},{\"@type\":\"ListItem\",\"position\":3,\"name\":\"Peque\u00f1os-grandes pasos\"}]},{\"@type\":\"WebSite\",\"@id\":\"https:\/\/urbanjournalism.institute\/forecast-es\/#website\",\"url\":\"https:\/\/urbanjournalism.institute\/forecast-es\/\",\"name\":\"Municipal Forecast - Espa\u00f1ol\",\"description\":\"\",\"potentialAction\":[{\"@type\":\"SearchAction\",\"target\":{\"@type\":\"EntryPoint\",\"urlTemplate\":\"https:\/\/urbanjournalism.institute\/forecast-es\/?s={search_term_string}\"},\"query-input\":{\"@type\":\"PropertyValueSpecification\",\"valueRequired\":true,\"valueName\":\"search_term_string\"}}],\"inLanguage\":\"es\"}]}<\/script>\n<!-- \/ Yoast SEO plugin. -->","yoast_head_json":{"title":"Peque\u00f1os-grandes pasos - Municipal Forecast - Espa\u00f1ol","robots":{"index":"index","follow":"follow","max-snippet":"max-snippet:-1","max-image-preview":"max-image-preview:large","max-video-preview":"max-video-preview:-1"},"canonical":"https:\/\/urbanjournalism.institute\/forecast-es\/forecast-2024\/a-vote-for-democracy\/small-big-steps\/","og_locale":"es_ES","og_type":"article","og_title":"Peque\u00f1os-grandes pasos - Municipal Forecast - Espa\u00f1ol","og_description":"Peque\u00f1os-grandes pasos Desafiar los prejuicios sexistasen la lengua escrita japonesa A pesar de los esfuerzos mundiales en pro de la igualdad de g\u00e9nero, todos somos conscientes de la lentitud de los avances y de lo necesarios que son los peque\u00f1os y grandes pasos para romper el techo de cristal. Seg\u00fan el Informe sobre la Brecha [&hellip;]","og_url":"https:\/\/urbanjournalism.institute\/forecast-es\/forecast-2024\/a-vote-for-democracy\/small-big-steps\/","og_site_name":"Municipal Forecast - Espa\u00f1ol","article_modified_time":"2024-02-18T16:29:14+00:00","twitter_card":"summary_large_image","twitter_misc":{"Tiempo de lectura":"4 minutos"},"schema":{"@context":"https:\/\/schema.org","@graph":[{"@type":"WebPage","@id":"https:\/\/urbanjournalism.institute\/forecast-es\/forecast-2024\/a-vote-for-democracy\/small-big-steps\/","url":"https:\/\/urbanjournalism.institute\/forecast-es\/forecast-2024\/a-vote-for-democracy\/small-big-steps\/","name":"Peque\u00f1os-grandes pasos - Municipal Forecast - Espa\u00f1ol","isPartOf":{"@id":"https:\/\/urbanjournalism.institute\/forecast-es\/#website"},"datePublished":"2024-02-18T09:30:05+00:00","dateModified":"2024-02-18T16:29:14+00:00","breadcrumb":{"@id":"https:\/\/urbanjournalism.institute\/forecast-es\/forecast-2024\/a-vote-for-democracy\/small-big-steps\/#breadcrumb"},"inLanguage":"es","potentialAction":[{"@type":"ReadAction","target":["https:\/\/urbanjournalism.institute\/forecast-es\/forecast-2024\/a-vote-for-democracy\/small-big-steps\/"]}]},{"@type":"BreadcrumbList","@id":"https:\/\/urbanjournalism.institute\/forecast-es\/forecast-2024\/a-vote-for-democracy\/small-big-steps\/#breadcrumb","itemListElement":[{"@type":"ListItem","position":1,"name":"Forecast 2024","item":"https:\/\/urbanjournalism.institute\/forecast-es\/"},{"@type":"ListItem","position":2,"name":"Un voto por la democracia","item":"https:\/\/urbanjournalism.institute\/forecast-es\/forecast-2024\/a-vote-for-democracy\/"},{"@type":"ListItem","position":3,"name":"Peque\u00f1os-grandes pasos"}]},{"@type":"WebSite","@id":"https:\/\/urbanjournalism.institute\/forecast-es\/#website","url":"https:\/\/urbanjournalism.institute\/forecast-es\/","name":"Municipal Forecast - Espa\u00f1ol","description":"","potentialAction":[{"@type":"SearchAction","target":{"@type":"EntryPoint","urlTemplate":"https:\/\/urbanjournalism.institute\/forecast-es\/?s={search_term_string}"},"query-input":{"@type":"PropertyValueSpecification","valueRequired":true,"valueName":"search_term_string"}}],"inLanguage":"es"}]}},"_links":{"self":[{"href":"https:\/\/urbanjournalism.institute\/forecast-es\/wp-json\/wp\/v2\/pages\/63","targetHints":{"allow":["GET"]}}],"collection":[{"href":"https:\/\/urbanjournalism.institute\/forecast-es\/wp-json\/wp\/v2\/pages"}],"about":[{"href":"https:\/\/urbanjournalism.institute\/forecast-es\/wp-json\/wp\/v2\/types\/page"}],"author":[{"embeddable":true,"href":"https:\/\/urbanjournalism.institute\/forecast-es\/wp-json\/wp\/v2\/users\/1"}],"replies":[{"embeddable":true,"href":"https:\/\/urbanjournalism.institute\/forecast-es\/wp-json\/wp\/v2\/comments?post=63"}],"version-history":[{"count":1,"href":"https:\/\/urbanjournalism.institute\/forecast-es\/wp-json\/wp\/v2\/pages\/63\/revisions"}],"predecessor-version":[{"id":116,"href":"https:\/\/urbanjournalism.institute\/forecast-es\/wp-json\/wp\/v2\/pages\/63\/revisions\/116"}],"up":[{"embeddable":true,"href":"https:\/\/urbanjournalism.institute\/forecast-es\/wp-json\/wp\/v2\/pages\/60"}],"wp:attachment":[{"href":"https:\/\/urbanjournalism.institute\/forecast-es\/wp-json\/wp\/v2\/media?parent=63"}],"curies":[{"name":"wp","href":"https:\/\/api.w.org\/{rel}","templated":true}]}}