{"id":64,"date":"2024-02-18T09:30:05","date_gmt":"2024-02-18T09:30:05","guid":{"rendered":"https:\/\/urbanjournalism.institute\/forecast-es\/forecast-2024\/climate-challenges-in-2024\/"},"modified":"2024-08-26T10:48:16","modified_gmt":"2024-08-26T10:48:16","slug":"climate-challenges-in-2024","status":"publish","type":"page","link":"https:\/\/urbanjournalism.institute\/forecast-es\/forecast-2024\/climate-challenges-in-2024\/","title":{"rendered":"Retos clim\u00e1ticos en 2024"},"content":{"rendered":"\n<figure class=\"wp-block-image size-large\"><img decoding=\"async\" src=\"\/wp-content\/themes\/uji\/img\/mf24\/climate-challenges.jpg\" alt=\"\" \/><figcaption class=\"wp-element-caption\"><em>\u00a9mikhail serdyukov<\/em><\/figcaption><\/figure>\n\n\n\n<div class=\"wp-block-group\"><div class=\"wp-block-group__inner-container is-layout-constrained wp-block-group-is-layout-constrained\">\n<h1 class=\"wp-block-heading has-x-large-font-size\" style=\"text-transform:uppercase\">RETOS CLIM\u00c1TICOS EN 2024: PRESI\u00d3N CRECIENTE<\/h1>\n\n\n\n<div class=\"wp-block-columns mt-10 is-layout-flex wp-container-core-columns-is-layout-9d6595d7 wp-block-columns-is-layout-flex\">\n<div class=\"wp-block-column is-layout-flow wp-block-column-is-layout-flow\">\n<figure class=\"wp-block-image size-large\"><img decoding=\"async\" src=\"\/wp-content\/themes\/uji\/img\/mf24\/climate-challenges-2.jpg\" alt=\"\" \/><figcaption class=\"wp-element-caption\"><em>\u00a9Robert Bye. Hong Kong<\/em><\/figcaption><\/figure>\n<\/div>\n\n\n\n<div class=\"wp-block-column is-layout-flow wp-block-column-is-layout-flow\">\n<figure class=\"wp-block-image size-large\"><img decoding=\"async\" src=\"\/wp-content\/themes\/uji\/img\/mf24\/climate-challenges-3.jpg\" alt=\"\" \/><figcaption class=\"wp-element-caption\"><em>\u00a9Eugenia Clara. Singapur<\/em><\/figcaption><\/figure>\n<\/div>\n\n\n\n<div class=\"wp-block-column is-layout-flow wp-block-column-is-layout-flow\">\n<figure class=\"wp-block-image size-large\"><img decoding=\"async\" src=\"\/wp-content\/themes\/uji\/img\/mf24\/climate-challenges-4.jpg\" alt=\"\" \/><figcaption class=\"wp-element-caption\"><em>\u00a9Markus Spiske. Schlossplatz, Erlangen<\/em><\/figcaption><\/figure>\n<\/div>\n<\/div>\n<\/div><\/div>\n\n\n\n<div class=\"wp-block-group\"><div class=\"wp-block-group__inner-container is-layout-constrained wp-block-group-is-layout-constrained\">\n<div class=\"wp-block-columns gap-5 is-layout-flex wp-container-core-columns-is-layout-9d6595d7 wp-block-columns-is-layout-flex\">\n<div class=\"wp-block-column is-layout-flow wp-block-column-is-layout-flow\">\n<p>A primera vista, la COP28 celebrada en Dub\u00e1i en noviembre de 2023 fue un \u00e9xito. Por primera vez en treinta a\u00f1os de conferencias sobre el clima, el acuerdo final incluye las palabras \u201ctransici\u00f3n para el abandono de los combustibles f\u00f3siles\u201d, reconoci\u00e9ndolos como el principal motor del cambio clim\u00e1tico. Casi todos los pa\u00edses del mundo han firmado el acuerdo final, y el hecho de que una conferencia en un pa\u00eds dependiente del petr\u00f3leo haya dado este resultado es sorprendente.&nbsp;<\/p>\n\n\n\n<p>Sin embargo, su car\u00e1cter no vinculante deja decisiones cruciales en manos de los dirigentes nacionales. Como en muchos otros casos, el lenguaje audaz de un documento global a menudo se queda corto en la fase de aplicaci\u00f3n, ya que depende en gran medida de c\u00f3mo se traduzca en las pol\u00edticas aplicables y la&nbsp;financiaci\u00f3n. A pesar de la importancia hist\u00f3rica del lenguaje utilizado en la declaraci\u00f3n final de la COP28, la eficacia de dicha declaraci\u00f3n depende del compromiso y las medidas proactivas de cada pa\u00eds. La comunidad internacional, incluidos los gobiernos locales y regionales, las partes interesadas y los ciudadanos, est\u00e1n sometidos a una mayor presi\u00f3n para transformar las aspiraciones en acciones tangibles para lograr un futuro mundial sostenible y resiliente.&nbsp;<\/p>\n\n\n\n<p>El acuerdo de Dub\u00e1i fracas\u00f3 en muchos otros temas y sigue incluyendo lagunas para que contin\u00fae la producci\u00f3n y el consumo de carb\u00f3n, petr\u00f3leo y gas. Un nuevo fondo para pagar las \u201cp\u00e9rdidas y da\u00f1os\u201d del cambio clim\u00e1tico es prometedor, pero no suficiente: como siempre, los compromisos financieros van con retraso. Desde su puesta en marcha, solo han recaudado 429 millones de d\u00f3lares, una cifra casi diez veces inferior a los da\u00f1os anuales estimados en los pa\u00edses en desarrollo, que ascienden a la asombrosa cifra de 400.000 millones de d\u00f3lares. Esta disparidad pone de manifiesto la insuficiencia y la falta de compromisos concretos de la comunidad internacional para reforzar los fondos destinados a cubrir las necesidades urgentes de los m\u00e1s afectados. La falta de financiaci\u00f3n sigue siendo uno de los retos importantes para alcanzar el objetivo principal del fondo.<\/p>\n<\/div>\n\n\n\n<div class=\"wp-block-column is-layout-flow wp-block-column-is-layout-flow\">\n<p>En la COP28 tambi\u00e9n se realiz\u00f3 un primer balance de las medidas adoptadas en el mundo, que dej\u00f3 claro que los pa\u00edses deben acelerar su acci\u00f3n clim\u00e1tica para cumplir los objetivos del Acuerdo de Par\u00eds. Se est\u00e1n anunciando promesas internacionales de triplicar las energ\u00edas renovables, actuar sobre la biodiversidad y reducir las emisiones de las empresas. Hasta ahora, 100 de los 200 pa\u00edses miembros se han comprometido a triplicar las energ\u00edas renovables en el mundo para 2030, y a duplicar los \u00edndices de eficiencia para esa misma fecha.&nbsp;<\/p>\n\n\n\n<p>Ahora es el momento de actuar. Con el fen\u00f3meno de El Ni\u00f1o en su punto \u00e1lgido, nos espera otro verano r\u00e9cord, que podr\u00eda ser un anticipo de la d\u00e9cada de 2030. Los ant\u00eddotos son las energ\u00edas renovables, el comportamiento de los consumidores, la descarbonizaci\u00f3n de la cadena de suministro, las estrategias de cero emisiones netas y una econom\u00eda clim\u00e1tica en crecimiento. Ayudan a que la adaptaci\u00f3n al clima pase de la estrategia a la acci\u00f3n. Y el ejemplo de Alemania, que obliga por ley a hacer frente a las consecuencias del cambio clim\u00e1tico, muestra otra v\u00eda de aplicaci\u00f3n.&nbsp;<\/p>\n\n\n\n<p>La Administraci\u00f3n Biden decidi\u00f3 el 26 de enero de 2024 pausar las nuevas exportaciones de gas natural licuado, dando un paso esencial para limitar la producci\u00f3n de combustibles f\u00f3siles y acelerar la transici\u00f3n a una econom\u00eda de energ\u00eda limpia. Biden subray\u00f3 que esta pausa \u201centiende la crisis clim\u00e1tica como lo que es: la amenaza existencial de nuestro tiempo\u201d. Con las pr\u00f3ximas elecciones en la UE y en muchos pa\u00edses, como Estados Unidos, el Reino Unido y M\u00e9xico, los votantes pueden llevar a las urnas su esperanza en el cambio clim\u00e1tico. En la COP29 de Azerbaiy\u00e1n, el mundo se reunir\u00e1 de nuevo para evaluar los avances y, con suerte, promover a\u00fan m\u00e1s las acciones por el clima: ya no tenemos elecci\u00f3n, y tampoco tenemos tiempo.<\/p>\n<\/div>\n<\/div>\n<\/div><\/div>\n\n\n\n<div class=\"wp-block-group narrow-group has-vivid-cyan-blue-color has-light-green-cyan-background-color has-text-color has-background has-link-color wp-elements-6b19f5a3977f78869dfaa6d4e2f962f4\"><div class=\"wp-block-group__inner-container is-layout-constrained wp-block-group-is-layout-constrained\">\n<h2 class=\"wp-block-heading font-normal text-underline mb-10\">EN EL FOCO<\/h2>\n\n\n\n<div class=\"wp-block-columns gap-5 is-layout-flex wp-container-core-columns-is-layout-9d6595d7 wp-block-columns-is-layout-flex\">\n<div class=\"wp-block-column is-layout-flow wp-block-column-is-layout-flow\">\n<p><strong>El informe del IPCC sobre cambio clim\u00e1tico y ciudades estar\u00e1 listo en 2027<\/strong><\/p>\n\n\n\n<p>El Grupo Intergubernamental de Expertos sobre el Cambio Clim\u00e1tico (IPCC, por sus siglas en ingl\u00e9s) acord\u00f3 un Programa de Trabajo el 20 de enero de 2024, que incluye un <em>Informe Especial sobre el Cambio Clim\u00e1tico y las Ciudades <\/em>que estar\u00e1 listo en 2027. La primera reuni\u00f3n para debatir el borrador del informe est\u00e1 prevista para abril de 2024 en Riga (Letonia), con la participaci\u00f3n de expertos designados por los gobiernos miembros y organizaciones observadoras.<\/p>\n\n\n\n<p><strong><strong>Conferencia Innovate4Cities en Montreal<\/strong><\/strong><\/p>\n\n\n\n<p>Para informar sobre el S\u00e9ptimo Ciclo de Informes de Evaluaci\u00f3n del IPCC (AR7) y el <em>Informe Especial sobre Cambio Clim\u00e1tico y Ciudades<\/em>, la <a href=\"https:\/\/www.innovate4cities.org\/conference2024\/\">Conferencia Innovate4Cities<\/a> (I4C2024) se celebrar\u00e1 en Montreal (Canad\u00e1) del 10 al 12 de septiembre de 2024. Convocada por el Pacto Mundial de Alcaldes para el Clima y la Energ\u00eda (GCoM) y ONU-H\u00e1bitat, reunir\u00e1 a l\u00edderes de ciudades, del mundo acad\u00e9mico, de la sociedad civil y de la industria.\u00a0<\/p>\n\n\n\n<p>&nbsp;<\/p>\n<\/div>\n\n\n\n<div class=\"wp-block-column is-layout-flow wp-block-column-is-layout-flow\">\n<p><strong>N\u00famero especial sobre investigaci\u00f3n e innovaci\u00f3n urbanas para la acci\u00f3n clim\u00e1tica<\/strong><\/p>\n\n\n\n<p>El <em>Journal for City Climate Policy and Economy <\/em>(JCCPE) ha anunciado la publicaci\u00f3n de un n\u00famero especial titulado <em>City Led Research and Innovation for Climate Action <\/em>en agosto de 2024. La convocatoria de art\u00edculos invita a los responsables pol\u00edticos de las ciudades, a los responsables de la toma de decisiones, a los representantes electos y no electos y a las redes de ciudades a compartir sus puntos de vista sobre los retos a los que se enfrentan, las estrategias actuales de investigaci\u00f3n e innovaci\u00f3n, las necesidades prioritarias para la acci\u00f3n clim\u00e1tica a escala de la ciudad y las oportunidades para ampliar los \u00e9xitos existentes. En agosto de 2025 se publicar\u00e1 un segundo n\u00famero sobre el mismo tema, desde la perspectiva de los especialistas en urbanismo, cient\u00edficos del clima centrados en las ciudades, ge\u00f3grafos y miembros del mundo acad\u00e9mico especializados en la planificaci\u00f3n urbana. Esta edici\u00f3n pretende abordar los retos identificados por las ciudades y las redes de ciudades.&nbsp;<\/p>\n<\/div>\n<\/div>\n<\/div><\/div>\n","protected":false},"excerpt":{"rendered":"<p>RETOS CLIM\u00c1TICOS EN 2024: PRESI\u00d3N CRECIENTE A primera vista, la COP28 celebrada en Dub\u00e1i en noviembre de 2023 fue un \u00e9xito. Por primera vez en treinta a\u00f1os de conferencias sobre el clima, el acuerdo final incluye las palabras \u201ctransici\u00f3n para el abandono de los combustibles f\u00f3siles\u201d, reconoci\u00e9ndolos como el principal motor del cambio clim\u00e1tico. Casi [&hellip;]<\/p>\n","protected":false},"author":1,"featured_media":0,"parent":48,"menu_order":40,"comment_status":"closed","ping_status":"closed","template":"","meta":{"footnotes":""},"class_list":["post-64","page","type-page","status-publish","hentry"],"yoast_head":"<!-- This site is optimized with the Yoast SEO plugin v27.0 - https:\/\/yoast.com\/product\/yoast-seo-wordpress\/ -->\n<title>Retos clim\u00e1ticos en 2024 - Municipal Forecast - Espa\u00f1ol<\/title>\n<meta name=\"robots\" content=\"index, follow, max-snippet:-1, max-image-preview:large, max-video-preview:-1\" \/>\n<link rel=\"canonical\" href=\"https:\/\/urbanjournalism.institute\/forecast-es\/forecast-2024\/climate-challenges-in-2024\/\" \/>\n<meta property=\"og:locale\" content=\"es_ES\" \/>\n<meta property=\"og:type\" content=\"article\" \/>\n<meta property=\"og:title\" content=\"Retos clim\u00e1ticos en 2024 - Municipal Forecast - Espa\u00f1ol\" \/>\n<meta property=\"og:description\" content=\"RETOS CLIM\u00c1TICOS EN 2024: PRESI\u00d3N CRECIENTE A primera vista, la COP28 celebrada en Dub\u00e1i en noviembre de 2023 fue un \u00e9xito. Por primera vez en treinta a\u00f1os de conferencias sobre el clima, el acuerdo final incluye las palabras \u201ctransici\u00f3n para el abandono de los combustibles f\u00f3siles\u201d, reconoci\u00e9ndolos como el principal motor del cambio clim\u00e1tico. Casi [&hellip;]\" \/>\n<meta property=\"og:url\" content=\"https:\/\/urbanjournalism.institute\/forecast-es\/forecast-2024\/climate-challenges-in-2024\/\" \/>\n<meta property=\"og:site_name\" content=\"Municipal Forecast - Espa\u00f1ol\" \/>\n<meta property=\"article:modified_time\" content=\"2024-08-26T10:48:16+00:00\" \/>\n<meta name=\"twitter:card\" content=\"summary_large_image\" \/>\n<meta name=\"twitter:label1\" content=\"Tiempo de lectura\" \/>\n\t<meta name=\"twitter:data1\" content=\"6 minutos\" \/>\n<script type=\"application\/ld+json\" class=\"yoast-schema-graph\">{\"@context\":\"https:\/\/schema.org\",\"@graph\":[{\"@type\":\"WebPage\",\"@id\":\"https:\/\/urbanjournalism.institute\/forecast-es\/forecast-2024\/climate-challenges-in-2024\/\",\"url\":\"https:\/\/urbanjournalism.institute\/forecast-es\/forecast-2024\/climate-challenges-in-2024\/\",\"name\":\"Retos clim\u00e1ticos en 2024 - Municipal Forecast - Espa\u00f1ol\",\"isPartOf\":{\"@id\":\"https:\/\/urbanjournalism.institute\/forecast-es\/#website\"},\"datePublished\":\"2024-02-18T09:30:05+00:00\",\"dateModified\":\"2024-08-26T10:48:16+00:00\",\"breadcrumb\":{\"@id\":\"https:\/\/urbanjournalism.institute\/forecast-es\/forecast-2024\/climate-challenges-in-2024\/#breadcrumb\"},\"inLanguage\":\"es\",\"potentialAction\":[{\"@type\":\"ReadAction\",\"target\":[\"https:\/\/urbanjournalism.institute\/forecast-es\/forecast-2024\/climate-challenges-in-2024\/\"]}]},{\"@type\":\"BreadcrumbList\",\"@id\":\"https:\/\/urbanjournalism.institute\/forecast-es\/forecast-2024\/climate-challenges-in-2024\/#breadcrumb\",\"itemListElement\":[{\"@type\":\"ListItem\",\"position\":1,\"name\":\"Forecast 2024\",\"item\":\"https:\/\/urbanjournalism.institute\/forecast-es\/\"},{\"@type\":\"ListItem\",\"position\":2,\"name\":\"Retos clim\u00e1ticos en 2024\"}]},{\"@type\":\"WebSite\",\"@id\":\"https:\/\/urbanjournalism.institute\/forecast-es\/#website\",\"url\":\"https:\/\/urbanjournalism.institute\/forecast-es\/\",\"name\":\"Municipal Forecast - Espa\u00f1ol\",\"description\":\"\",\"potentialAction\":[{\"@type\":\"SearchAction\",\"target\":{\"@type\":\"EntryPoint\",\"urlTemplate\":\"https:\/\/urbanjournalism.institute\/forecast-es\/?s={search_term_string}\"},\"query-input\":{\"@type\":\"PropertyValueSpecification\",\"valueRequired\":true,\"valueName\":\"search_term_string\"}}],\"inLanguage\":\"es\"}]}<\/script>\n<!-- \/ Yoast SEO plugin. -->","yoast_head_json":{"title":"Retos clim\u00e1ticos en 2024 - Municipal Forecast - Espa\u00f1ol","robots":{"index":"index","follow":"follow","max-snippet":"max-snippet:-1","max-image-preview":"max-image-preview:large","max-video-preview":"max-video-preview:-1"},"canonical":"https:\/\/urbanjournalism.institute\/forecast-es\/forecast-2024\/climate-challenges-in-2024\/","og_locale":"es_ES","og_type":"article","og_title":"Retos clim\u00e1ticos en 2024 - Municipal Forecast - Espa\u00f1ol","og_description":"RETOS CLIM\u00c1TICOS EN 2024: PRESI\u00d3N CRECIENTE A primera vista, la COP28 celebrada en Dub\u00e1i en noviembre de 2023 fue un \u00e9xito. Por primera vez en treinta a\u00f1os de conferencias sobre el clima, el acuerdo final incluye las palabras \u201ctransici\u00f3n para el abandono de los combustibles f\u00f3siles\u201d, reconoci\u00e9ndolos como el principal motor del cambio clim\u00e1tico. Casi [&hellip;]","og_url":"https:\/\/urbanjournalism.institute\/forecast-es\/forecast-2024\/climate-challenges-in-2024\/","og_site_name":"Municipal Forecast - Espa\u00f1ol","article_modified_time":"2024-08-26T10:48:16+00:00","twitter_card":"summary_large_image","twitter_misc":{"Tiempo de lectura":"6 minutos"},"schema":{"@context":"https:\/\/schema.org","@graph":[{"@type":"WebPage","@id":"https:\/\/urbanjournalism.institute\/forecast-es\/forecast-2024\/climate-challenges-in-2024\/","url":"https:\/\/urbanjournalism.institute\/forecast-es\/forecast-2024\/climate-challenges-in-2024\/","name":"Retos clim\u00e1ticos en 2024 - Municipal Forecast - Espa\u00f1ol","isPartOf":{"@id":"https:\/\/urbanjournalism.institute\/forecast-es\/#website"},"datePublished":"2024-02-18T09:30:05+00:00","dateModified":"2024-08-26T10:48:16+00:00","breadcrumb":{"@id":"https:\/\/urbanjournalism.institute\/forecast-es\/forecast-2024\/climate-challenges-in-2024\/#breadcrumb"},"inLanguage":"es","potentialAction":[{"@type":"ReadAction","target":["https:\/\/urbanjournalism.institute\/forecast-es\/forecast-2024\/climate-challenges-in-2024\/"]}]},{"@type":"BreadcrumbList","@id":"https:\/\/urbanjournalism.institute\/forecast-es\/forecast-2024\/climate-challenges-in-2024\/#breadcrumb","itemListElement":[{"@type":"ListItem","position":1,"name":"Forecast 2024","item":"https:\/\/urbanjournalism.institute\/forecast-es\/"},{"@type":"ListItem","position":2,"name":"Retos clim\u00e1ticos en 2024"}]},{"@type":"WebSite","@id":"https:\/\/urbanjournalism.institute\/forecast-es\/#website","url":"https:\/\/urbanjournalism.institute\/forecast-es\/","name":"Municipal Forecast - Espa\u00f1ol","description":"","potentialAction":[{"@type":"SearchAction","target":{"@type":"EntryPoint","urlTemplate":"https:\/\/urbanjournalism.institute\/forecast-es\/?s={search_term_string}"},"query-input":{"@type":"PropertyValueSpecification","valueRequired":true,"valueName":"search_term_string"}}],"inLanguage":"es"}]}},"_links":{"self":[{"href":"https:\/\/urbanjournalism.institute\/forecast-es\/wp-json\/wp\/v2\/pages\/64","targetHints":{"allow":["GET"]}}],"collection":[{"href":"https:\/\/urbanjournalism.institute\/forecast-es\/wp-json\/wp\/v2\/pages"}],"about":[{"href":"https:\/\/urbanjournalism.institute\/forecast-es\/wp-json\/wp\/v2\/types\/page"}],"author":[{"embeddable":true,"href":"https:\/\/urbanjournalism.institute\/forecast-es\/wp-json\/wp\/v2\/users\/1"}],"replies":[{"embeddable":true,"href":"https:\/\/urbanjournalism.institute\/forecast-es\/wp-json\/wp\/v2\/comments?post=64"}],"version-history":[{"count":3,"href":"https:\/\/urbanjournalism.institute\/forecast-es\/wp-json\/wp\/v2\/pages\/64\/revisions"}],"predecessor-version":[{"id":253,"href":"https:\/\/urbanjournalism.institute\/forecast-es\/wp-json\/wp\/v2\/pages\/64\/revisions\/253"}],"up":[{"embeddable":true,"href":"https:\/\/urbanjournalism.institute\/forecast-es\/wp-json\/wp\/v2\/pages\/48"}],"wp:attachment":[{"href":"https:\/\/urbanjournalism.institute\/forecast-es\/wp-json\/wp\/v2\/media?parent=64"}],"curies":[{"name":"wp","href":"https:\/\/api.w.org\/{rel}","templated":true}]}}