{"id":65,"date":"2024-02-18T09:30:05","date_gmt":"2024-02-18T09:30:05","guid":{"rendered":"https:\/\/urbanjournalism.institute\/forecast-es\/forecast-2024\/climate-challenges-in-2024\/extreme-heat\/"},"modified":"2024-08-26T10:51:27","modified_gmt":"2024-08-26T10:51:27","slug":"extreme-heat","status":"publish","type":"page","link":"https:\/\/urbanjournalism.institute\/forecast-es\/forecast-2024\/climate-challenges-in-2024\/extreme-heat\/","title":{"rendered":"Calor extremo"},"content":{"rendered":"\n<div class=\"wp-block-columns is-layout-flex wp-container-core-columns-is-layout-9d6595d7 wp-block-columns-is-layout-flex\">\n<div class=\"wp-block-column is-layout-flow wp-block-column-is-layout-flow\">\n<figure class=\"wp-block-image size-large\"><img decoding=\"async\" src=\"\/wp-content\/themes\/uji\/img\/mf24\/extreme-heat.jpg\" alt=\"\" \/><figcaption class=\"wp-element-caption\"><em>\u00a9Ramin Khatibi<\/em><\/figcaption><\/figure>\n<\/div>\n\n\n\n<div class=\"wp-block-column is-layout-flow wp-block-column-is-layout-flow\">\n<h1 class=\"wp-block-heading\">CALOR<br>EXTREMO<\/h1>\n\n\n\n<p class=\"has-large-font-size\">EL ASESINO SILENCIOSO<\/p>\n<\/div>\n<\/div>\n\n\n\n<div class=\"wp-block-group narrow-group\"><div class=\"wp-block-group__inner-container is-layout-constrained wp-block-group-is-layout-constrained\">\n<p>El a\u00f1o 2023 ha inscrito su nombre como el m\u00e1s caluroso jam\u00e1s registrado, un anuncio basado en los datos del Servicio de Cambio Clim\u00e1tico de Copernicus de la Uni\u00f3n Europea. La temperatura global aument\u00f3 casi 1,5\u00ba C (1,48\u00baC) por encima de los niveles preindustriales, desatando una oleada de fen\u00f3menos extremos en todo el mundo, desde olas de calor e inundaciones hasta sequ\u00edas e incendios forestales. Las pruebas corroboradas por el IPCC son alarmantes, ya que se prev\u00e9 que 2024 pueda volver a batir r\u00e9cords, convirti\u00e9ndose en el a\u00f1o m\u00e1s caluroso de los \u00faltimos 125.000 a\u00f1os. El principal responsable de este calor sin precedentes es sin duda el cambio clim\u00e1tico, agravado en 2023 por los efectos persistentes del fen\u00f3meno de El Ni\u00f1o.&nbsp;<\/p>\n\n\n\n<p>Las olas de calor de 2023 causaron estragos en el oeste de Estados Unidos, el sur de Europa y varios pa\u00edses asi\u00e1ticos, como Banglad\u00e9s, China, Tailandia, Malasia, Singapur y Vietnam. Las consecuencias fueron catastr\u00f3ficas, desde incendios forestales en Alberta hasta temperaturas extremas que causaron v\u00edctimas en Canad\u00e1, Estados Unidos y otros pa\u00edses. Europa, que sigue luchando contra las secuelas de anteriores olas de calor, fue testigo de m\u00e1s de 61.000 muertes&nbsp;<\/p>\n\n\n\n<p>en 2022, lo que puso de manifiesto la vulnerabilidad de las capacidades de adaptaci\u00f3n y los planes de prevenci\u00f3n de los pa\u00edses. En Asia, se batieron r\u00e9cords regionales de temperatura, lo que provoc\u00f3 el cierre de escuelas, cortes de electricidad y escasez de combustible.&nbsp;<\/p>\n\n\n\n<p>Un informe reci\u00e9n publicado por el Comit\u00e9 de Auditor\u00eda Medioambiental de la C\u00e1mara de los Comunes del Reino Unido, titulado Resistencia al Calor y Refrigeraci\u00f3n Sostenible (enero de 2024), hace un llamamiento urgente a la acci\u00f3n. El informe se basa en pruebas convincentes de que el calor tiene repercusiones de gran alcance en la salud, el bienestar y la productividad econ\u00f3mica. El Reino Unido, que registr\u00f3 m\u00e1s de 4.500 muertes relacionadas con el calor en 2022, se enfrenta a la perspectiva de que esta cifra se duplique anualmente si no se realizan esfuerzos concertados para adaptarse al calentamiento del clima. En julio de 2022, la Agencia de Seguridad Sanitaria del Reino Unido emiti\u00f3 la primera alerta sanitaria por calor de nivel 4 de su historia, ya que las temperaturas superaron por primera vez los 40\u00ba C.<\/p>\n<\/div><\/div>\n\n\n\n<div class=\"wp-block-group\"><div class=\"wp-block-group__inner-container is-layout-constrained wp-block-group-is-layout-constrained\">\n<div class=\"wp-block-columns gap-5 is-layout-flex wp-container-core-columns-is-layout-9d6595d7 wp-block-columns-is-layout-flex\">\n<div class=\"wp-block-column is-layout-flow wp-block-column-is-layout-flow\">\n<p>Las p\u00e9rdidas en el Reino Unido, medidas en miles de vidas y miles de millones de libras anuales, llevan a una conclusi\u00f3n inequ\u00edvoca: \u201cEl imperativo social y econ\u00f3mico de acelerar las medidas de adaptaci\u00f3n al calor es evidente\u201d. Las recomendaciones son concretas y reconocen la actuaci\u00f3n de los gobiernos locales y su valor en situaciones de emergencia clim\u00e1tica. Podr\u00edan servir de modelo para otros pa\u00edses. Entre las recomendaciones figuran el nombramiento de un ministro principal para la Resiliencia al Calor y el lanzamiento de una campa\u00f1a de informaci\u00f3n p\u00fablica dirigida por el ministro sobre la amenaza de las olas de calor y la ampliaci\u00f3n de los espacios verdes urbanos, sobre todo en las zonas desfavorecidas. Otra recomendaci\u00f3n crucial es un programa nacional de rehabilitaci\u00f3n centrado en el aislamiento y la ventilaci\u00f3n del parque de viviendas del Reino Unido, que ejecuten las autoridades locales con una financiaci\u00f3n adecuada a largo plazo. La recomendaci\u00f3n final del informe insta al Gobierno brit\u00e1nico a figurar entre los primeros firmantes del Compromiso Mundial por la Refrigeraci\u00f3n. Los expertos consideran que se trata de un importante paso adelante en materia de resistencia al calor y refrigeraci\u00f3n sostenible a nivel de liderazgo internacional.&nbsp;<\/p>\n\n\n\n<p>Mientras tanto, las ciudades de todo el mundo llevan a\u00f1os tomando medidas proactivas para mitigar el efecto isla de calor y mejorar la calidad de vida de los ciudadanos durante los fen\u00f3menos meteorol\u00f3gicos extremos. Entre las estrategias m\u00e1s populares figuran la plantaci\u00f3n de \u00e1rboles, la creaci\u00f3n de parques y jardines en las azoteas y el empleo de tecnolog\u00edas de refrigeraci\u00f3n como tejados y pavimentos reflectantes. Las ciudades tambi\u00e9n implantan sistemas de alerta temprana, colaboran con las comunidades para sensibilizarlas e informan a los ciudadanos sobre las medidas de adaptaci\u00f3n.&nbsp;<\/p>\n\n\n\n<p>El Centro de Resiliencia de la Fundaci\u00f3n Adrienne Arsht-Rockefeller (Arsht-Rock) sigue defendiendo el cargo de jefe de Calor a escala mundial. En 2023, Daca, en Banglad\u00e9s, inaugur\u00f3 el primer puesto de director jefe de Calor (CHO, por sus siglas en ingl\u00e9s), nombrando a Bushra Afreen para combatir los retos de las temperaturas extremas del verano. Al mismo tiempo, Eleni Myrivili, la anterior CHO de Atenas, se convirti\u00f3 en la primera directora jefa de Calor mundial mediante un nombramiento conjunto de ONU-H\u00e1bitat y Arsht-Rock.<\/p>\n\n\n\n<p>Ciudades de todo el mundo afectadas por el aumento de las temperaturas est\u00e1n explorando soluciones innovadoras. Sevilla trata de concienciar a la poblaci\u00f3n dando a las olas de calor un nombre similar al de otros fen\u00f3menos meteorol\u00f3gicos. Nueva York y Los \u00c1ngeles est\u00e1n a la vanguardia con tejados verdes y aceras fr\u00edas, demostrando el potencial para la reducci\u00f3n de las temperaturas superficiales hasta en 11\u00b0 C. Singapur ha refrescado partes de su ciudad plantando m\u00e1s de siete millones de \u00e1rboles y creando m\u00e1s de 300 parques y jardines.<\/p>\n<\/div>\n\n\n\n<div class=\"wp-block-column is-layout-flow wp-block-column-is-layout-flow\">\n<p class=\"has-text-align-left\"><strong>En el Compromiso Mundial por la Refrigeraci\u00f3n, los gobiernos subnacionales como principales implementadores<\/strong><\/p>\n\n\n\n<p>Como iniciativa conjunta de los Emiratos \u00c1rabes Unidos, anfitriones de la COP28, y la <a href=\"https:\/\/coolcoalition.org\/\"><em>Cool Coalition<\/em><\/a> liderada por el PNUMA, m\u00e1s de 60 pa\u00edses han refrendado el Compromiso Mundial por la Refrigeraci\u00f3n. Estas naciones se comprometen a reducir las emisiones relacionadas con la refrigeraci\u00f3n en todos los sectores en al menos un 68 % a escala mundial, en relaci\u00f3n con los niveles de 2022, para 2050. La promesa incluye el compromiso de los gobiernos subnacionales de incorporar la refrigeraci\u00f3n a las estrategias o planes de acci\u00f3n existentes o de desarrollar un Plan de Acci\u00f3n contra el Calor para 2026. Los compromisos adicionales incluyen la ampliaci\u00f3n de la calidad de los espacios verdes y azules en las zonas urbanas y la promesa de llevar a cabo la contrataci\u00f3n p\u00fablica de tecnolog\u00edas de refrigeraci\u00f3n de bajo potencial de calentamiento global y altamente eficientes en los edificios gubernamentales para 2030.<\/p>\n\n\n\n<figure class=\"wp-block-image size-large\"><img decoding=\"async\" src=\"\/wp-content\/themes\/uji\/img\/mf24\/extreme-heat-2.jpg\" alt=\"\" \/><figcaption class=\"wp-element-caption\"><em>\u00a9Bernd Dittrich. Innra Hvannagil, Njardhvik, Islandia<\/em><\/figcaption><\/figure>\n<\/div>\n<\/div>\n<\/div><\/div>\n","protected":false},"excerpt":{"rendered":"<p>CALOREXTREMO EL ASESINO SILENCIOSO El a\u00f1o 2023 ha inscrito su nombre como el m\u00e1s caluroso jam\u00e1s registrado, un anuncio basado en los datos del Servicio de Cambio Clim\u00e1tico de Copernicus de la Uni\u00f3n Europea. La temperatura global aument\u00f3 casi 1,5\u00ba C (1,48\u00baC) por encima de los niveles preindustriales, desatando una oleada de fen\u00f3menos extremos en [&hellip;]<\/p>\n","protected":false},"author":1,"featured_media":0,"parent":64,"menu_order":0,"comment_status":"closed","ping_status":"closed","template":"","meta":{"footnotes":""},"class_list":["post-65","page","type-page","status-publish","hentry"],"yoast_head":"<!-- This site is optimized with the Yoast SEO plugin v27.0 - https:\/\/yoast.com\/product\/yoast-seo-wordpress\/ -->\n<title>Calor extremo - Municipal Forecast - Espa\u00f1ol<\/title>\n<meta name=\"robots\" content=\"index, follow, max-snippet:-1, max-image-preview:large, max-video-preview:-1\" \/>\n<link rel=\"canonical\" href=\"https:\/\/urbanjournalism.institute\/forecast-es\/forecast-2024\/climate-challenges-in-2024\/extreme-heat\/\" \/>\n<meta property=\"og:locale\" content=\"es_ES\" \/>\n<meta property=\"og:type\" content=\"article\" \/>\n<meta property=\"og:title\" content=\"Calor extremo - Municipal Forecast - Espa\u00f1ol\" \/>\n<meta property=\"og:description\" content=\"CALOREXTREMO EL ASESINO SILENCIOSO El a\u00f1o 2023 ha inscrito su nombre como el m\u00e1s caluroso jam\u00e1s registrado, un anuncio basado en los datos del Servicio de Cambio Clim\u00e1tico de Copernicus de la Uni\u00f3n Europea. La temperatura global aument\u00f3 casi 1,5\u00ba C (1,48\u00baC) por encima de los niveles preindustriales, desatando una oleada de fen\u00f3menos extremos en [&hellip;]\" \/>\n<meta property=\"og:url\" content=\"https:\/\/urbanjournalism.institute\/forecast-es\/forecast-2024\/climate-challenges-in-2024\/extreme-heat\/\" \/>\n<meta property=\"og:site_name\" content=\"Municipal Forecast - Espa\u00f1ol\" \/>\n<meta property=\"article:modified_time\" content=\"2024-08-26T10:51:27+00:00\" \/>\n<meta name=\"twitter:card\" content=\"summary_large_image\" \/>\n<meta name=\"twitter:label1\" content=\"Tiempo de lectura\" \/>\n\t<meta name=\"twitter:data1\" content=\"5 minutos\" \/>\n<script type=\"application\/ld+json\" class=\"yoast-schema-graph\">{\"@context\":\"https:\/\/schema.org\",\"@graph\":[{\"@type\":\"WebPage\",\"@id\":\"https:\/\/urbanjournalism.institute\/forecast-es\/forecast-2024\/climate-challenges-in-2024\/extreme-heat\/\",\"url\":\"https:\/\/urbanjournalism.institute\/forecast-es\/forecast-2024\/climate-challenges-in-2024\/extreme-heat\/\",\"name\":\"Calor extremo - Municipal Forecast - Espa\u00f1ol\",\"isPartOf\":{\"@id\":\"https:\/\/urbanjournalism.institute\/forecast-es\/#website\"},\"datePublished\":\"2024-02-18T09:30:05+00:00\",\"dateModified\":\"2024-08-26T10:51:27+00:00\",\"breadcrumb\":{\"@id\":\"https:\/\/urbanjournalism.institute\/forecast-es\/forecast-2024\/climate-challenges-in-2024\/extreme-heat\/#breadcrumb\"},\"inLanguage\":\"es\",\"potentialAction\":[{\"@type\":\"ReadAction\",\"target\":[\"https:\/\/urbanjournalism.institute\/forecast-es\/forecast-2024\/climate-challenges-in-2024\/extreme-heat\/\"]}]},{\"@type\":\"BreadcrumbList\",\"@id\":\"https:\/\/urbanjournalism.institute\/forecast-es\/forecast-2024\/climate-challenges-in-2024\/extreme-heat\/#breadcrumb\",\"itemListElement\":[{\"@type\":\"ListItem\",\"position\":1,\"name\":\"Forecast 2024\",\"item\":\"https:\/\/urbanjournalism.institute\/forecast-es\/\"},{\"@type\":\"ListItem\",\"position\":2,\"name\":\"Retos clim\u00e1ticos en 2024\",\"item\":\"https:\/\/urbanjournalism.institute\/forecast-es\/forecast-2024\/climate-challenges-in-2024\/\"},{\"@type\":\"ListItem\",\"position\":3,\"name\":\"Calor extremo\"}]},{\"@type\":\"WebSite\",\"@id\":\"https:\/\/urbanjournalism.institute\/forecast-es\/#website\",\"url\":\"https:\/\/urbanjournalism.institute\/forecast-es\/\",\"name\":\"Municipal Forecast - Espa\u00f1ol\",\"description\":\"\",\"potentialAction\":[{\"@type\":\"SearchAction\",\"target\":{\"@type\":\"EntryPoint\",\"urlTemplate\":\"https:\/\/urbanjournalism.institute\/forecast-es\/?s={search_term_string}\"},\"query-input\":{\"@type\":\"PropertyValueSpecification\",\"valueRequired\":true,\"valueName\":\"search_term_string\"}}],\"inLanguage\":\"es\"}]}<\/script>\n<!-- \/ Yoast SEO plugin. -->","yoast_head_json":{"title":"Calor extremo - Municipal Forecast - Espa\u00f1ol","robots":{"index":"index","follow":"follow","max-snippet":"max-snippet:-1","max-image-preview":"max-image-preview:large","max-video-preview":"max-video-preview:-1"},"canonical":"https:\/\/urbanjournalism.institute\/forecast-es\/forecast-2024\/climate-challenges-in-2024\/extreme-heat\/","og_locale":"es_ES","og_type":"article","og_title":"Calor extremo - Municipal Forecast - Espa\u00f1ol","og_description":"CALOREXTREMO EL ASESINO SILENCIOSO El a\u00f1o 2023 ha inscrito su nombre como el m\u00e1s caluroso jam\u00e1s registrado, un anuncio basado en los datos del Servicio de Cambio Clim\u00e1tico de Copernicus de la Uni\u00f3n Europea. La temperatura global aument\u00f3 casi 1,5\u00ba C (1,48\u00baC) por encima de los niveles preindustriales, desatando una oleada de fen\u00f3menos extremos en [&hellip;]","og_url":"https:\/\/urbanjournalism.institute\/forecast-es\/forecast-2024\/climate-challenges-in-2024\/extreme-heat\/","og_site_name":"Municipal Forecast - Espa\u00f1ol","article_modified_time":"2024-08-26T10:51:27+00:00","twitter_card":"summary_large_image","twitter_misc":{"Tiempo de lectura":"5 minutos"},"schema":{"@context":"https:\/\/schema.org","@graph":[{"@type":"WebPage","@id":"https:\/\/urbanjournalism.institute\/forecast-es\/forecast-2024\/climate-challenges-in-2024\/extreme-heat\/","url":"https:\/\/urbanjournalism.institute\/forecast-es\/forecast-2024\/climate-challenges-in-2024\/extreme-heat\/","name":"Calor extremo - Municipal Forecast - Espa\u00f1ol","isPartOf":{"@id":"https:\/\/urbanjournalism.institute\/forecast-es\/#website"},"datePublished":"2024-02-18T09:30:05+00:00","dateModified":"2024-08-26T10:51:27+00:00","breadcrumb":{"@id":"https:\/\/urbanjournalism.institute\/forecast-es\/forecast-2024\/climate-challenges-in-2024\/extreme-heat\/#breadcrumb"},"inLanguage":"es","potentialAction":[{"@type":"ReadAction","target":["https:\/\/urbanjournalism.institute\/forecast-es\/forecast-2024\/climate-challenges-in-2024\/extreme-heat\/"]}]},{"@type":"BreadcrumbList","@id":"https:\/\/urbanjournalism.institute\/forecast-es\/forecast-2024\/climate-challenges-in-2024\/extreme-heat\/#breadcrumb","itemListElement":[{"@type":"ListItem","position":1,"name":"Forecast 2024","item":"https:\/\/urbanjournalism.institute\/forecast-es\/"},{"@type":"ListItem","position":2,"name":"Retos clim\u00e1ticos en 2024","item":"https:\/\/urbanjournalism.institute\/forecast-es\/forecast-2024\/climate-challenges-in-2024\/"},{"@type":"ListItem","position":3,"name":"Calor extremo"}]},{"@type":"WebSite","@id":"https:\/\/urbanjournalism.institute\/forecast-es\/#website","url":"https:\/\/urbanjournalism.institute\/forecast-es\/","name":"Municipal Forecast - Espa\u00f1ol","description":"","potentialAction":[{"@type":"SearchAction","target":{"@type":"EntryPoint","urlTemplate":"https:\/\/urbanjournalism.institute\/forecast-es\/?s={search_term_string}"},"query-input":{"@type":"PropertyValueSpecification","valueRequired":true,"valueName":"search_term_string"}}],"inLanguage":"es"}]}},"_links":{"self":[{"href":"https:\/\/urbanjournalism.institute\/forecast-es\/wp-json\/wp\/v2\/pages\/65","targetHints":{"allow":["GET"]}}],"collection":[{"href":"https:\/\/urbanjournalism.institute\/forecast-es\/wp-json\/wp\/v2\/pages"}],"about":[{"href":"https:\/\/urbanjournalism.institute\/forecast-es\/wp-json\/wp\/v2\/types\/page"}],"author":[{"embeddable":true,"href":"https:\/\/urbanjournalism.institute\/forecast-es\/wp-json\/wp\/v2\/users\/1"}],"replies":[{"embeddable":true,"href":"https:\/\/urbanjournalism.institute\/forecast-es\/wp-json\/wp\/v2\/comments?post=65"}],"version-history":[{"count":4,"href":"https:\/\/urbanjournalism.institute\/forecast-es\/wp-json\/wp\/v2\/pages\/65\/revisions"}],"predecessor-version":[{"id":254,"href":"https:\/\/urbanjournalism.institute\/forecast-es\/wp-json\/wp\/v2\/pages\/65\/revisions\/254"}],"up":[{"embeddable":true,"href":"https:\/\/urbanjournalism.institute\/forecast-es\/wp-json\/wp\/v2\/pages\/64"}],"wp:attachment":[{"href":"https:\/\/urbanjournalism.institute\/forecast-es\/wp-json\/wp\/v2\/media?parent=65"}],"curies":[{"name":"wp","href":"https:\/\/api.w.org\/{rel}","templated":true}]}}