{"id":66,"date":"2024-02-18T09:30:05","date_gmt":"2024-02-18T09:30:05","guid":{"rendered":"https:\/\/urbanjournalism.institute\/forecast-es\/forecast-2024\/climate-challenges-in-2024\/water-as-a-global-common-good\/"},"modified":"2024-02-19T11:01:55","modified_gmt":"2024-02-19T11:01:55","slug":"water-as-a-global-common-good","status":"publish","type":"page","link":"https:\/\/urbanjournalism.institute\/forecast-es\/forecast-2024\/climate-challenges-in-2024\/water-as-a-global-common-good\/","title":{"rendered":"El agua com bien com\u00fan mundial"},"content":{"rendered":"\n<div class=\"wp-block-group\"><div class=\"wp-block-group__inner-container is-layout-constrained wp-block-group-is-layout-constrained\">\n<h1 class=\"wp-block-heading mb-10 has-x-large-font-size\">EL AGUA COMO BIEN COM\u00daN MUNDIAL<\/h1>\n\n\n\n<div class=\"wp-block-columns is-layout-flex wp-container-core-columns-is-layout-9d6595d7 wp-block-columns-is-layout-flex\">\n<div class=\"wp-block-column is-layout-flow wp-block-column-is-layout-flow\">\n<figure class=\"wp-block-image size-large\"><img decoding=\"async\" src=\"\/wp-content\/themes\/uji\/img\/mf24\/water-as-a-global-common-good.jpg\" alt=\"\" \/><figcaption class=\"wp-element-caption\"><em>\u00a9&nbsp; Evangeline Shaw<\/em><\/figcaption><\/figure>\n<\/div>\n\n\n\n<div class=\"wp-block-column is-layout-flow wp-block-column-is-layout-flow\">\n<p>El agua es un recurso indispensable para la supervivencia humana, la salud, la prosperidad econ\u00f3mica y la sostenibilidad medioambiental. A pesar de estar reconocido como un derecho humano b\u00e1sico por las Naciones Unidas, el reto de acceder a agua limpia y saneamiento todav\u00eda persiste, especialmente a nivel local y regional. Problemas como la escasez de agua, la\u00a0contaminaci\u00f3n y los efectos del cambio clim\u00e1tico afectan de manera desproporcionada a las comunidades vulnerables, y las mujeres deben soportar una carga significativa.\u00a0<\/p>\n\n\n\n<p>Los gobiernos locales y regionales desempe\u00f1an un papel fundamental a la hora de abordar estos retos, ya que son los encargados de suministrar los servicios de agua y saneamiento. Resolver los problemas relacionados con el agua requiere esfuerzos de colaboraci\u00f3n en los que participen estos gobiernos para avanzar en el desarrollo sostenible y mitigar las disparidades. Estos principios de acci\u00f3n se reafirman en el Pacto para el Futuro, adoptado por CGLU en octubre de 2022.&nbsp;<\/p>\n\n\n\n<p>El a\u00f1o 2023 marc\u00f3 un punto de inflexi\u00f3n en los esfuerzos colectivos para hacer frente a los retos cr\u00edticos del agua. La Conferencia de las Naciones Unidas sobre el Agua, celebrada en marzo de ese a\u00f1o, desencaden\u00f3 una movilizaci\u00f3n hist\u00f3rica entre las partes interesadas de todo el mundo, movilizando a los gobiernos locales y regionales para responder a los urgentes retos relacionados con el agua. Este importante acontecimiento sent\u00f3 las bases de s\u00f3lidos compromisos pol\u00edticos destinados a abordar todo el espectro de cuestiones relacionadas con el agua en 2024, cuando se enlazar\u00e1n diversos hitos pol\u00edticos.&nbsp;<\/p>\n\n\n\n<p>Este a\u00f1o crucial presenta una oportunidad para instar a los gobiernos nacionales y al sistema internacional a crear un entorno propicio para que los gobiernos locales y regionales puedan implementar, operar y regular eficientemente los servicios del agua. Estos servicios incluyen la producci\u00f3n y el suministro de agua potable, la gesti\u00f3n de las aguas residuales, la gesti\u00f3n de los residuos s\u00f3lidos y su participaci\u00f3n en las decisiones relacionadas con la mejora de la gesti\u00f3n del agua.<\/p>\n<\/div>\n<\/div>\n\n\n\n<div class=\"wp-block-columns mt-10 equal-heights is-layout-flex wp-container-core-columns-is-layout-9d6595d7 wp-block-columns-is-layout-flex\">\n<div class=\"wp-block-column is-layout-flow wp-block-column-is-layout-flow\">\n<div class=\"wp-block-group has-light-green-cyan-background-color has-background\"><div class=\"wp-block-group__inner-container is-layout-constrained wp-block-group-is-layout-constrained\">\n<p><strong>10.\u00ba Foro Mundial del Agua<\/strong><\/p>\n\n\n\n<p>Con la vista puesta en el 10.\u00ba Foro Mundial del Agua, que ser\u00e1 la mayor reuni\u00f3n mundial de m\u00faltiples partes interesadas, el escenario est\u00e1 preparado para una toma en consideraci\u00f3n sin precedentes del papel fundamental que desempe\u00f1an las autoridades locales en la configuraci\u00f3n del futuro de la gesti\u00f3n y la gobernanza del agua. El 10.\u00ba Foro Mundial del Agua reunir\u00e1 a responsables pol\u00edticos, instituciones multilaterales, acad\u00e9micos, representantes de la sociedad civil y operadores p\u00fablicos y privados, entre otros, para compartir experiencias, identificar prioridades y proponer soluciones concretas en los \u00e1mbitos del agua y el saneamiento.&nbsp;<\/p>\n\n\n\n<p>Tambi\u00e9n brindar\u00e1 la oportunidad de defender las prioridades locales en materia de agua, crear redes y asociaciones e influir en las pol\u00edticas relacionadas con el contexto local del agua. Estos resultados ayudar\u00e1n a desarrollar la capacidad de comprender los problemas locales y el estado del agua y promover la gobernanza del agua a nivel local.<\/p>\n<\/div><\/div>\n<\/div>\n\n\n\n<div class=\"wp-block-column is-layout-flow wp-block-column-is-layout-flow\">\n<div class=\"wp-block-group has-light-green-cyan-background-color has-background\"><div class=\"wp-block-group__inner-container is-layout-constrained wp-block-group-is-layout-constrained\">\n<p><strong>Conferencia de la D\u00e9cada de los Oc\u00e9anos 2024<\/strong><\/p>\n\n\n\n<p>Acogida por el Gobierno de Espa\u00f1a en Barcelona, del 10 al 12 de abril de 2024, marcar\u00e1 un momento crucial para abordar los retos mundiales esbozados en el Decenio de las Naciones Unidas de las Ciencias Oce\u00e1nicas para el Desarrollo Sostenible (2021-2030). Como cuarto a\u00f1o de aplicaci\u00f3n, la conferencia tiene como objetivo evaluar los logros, identificar \u00e1reas clave para la acci\u00f3n y establecer prioridades conjuntas para los pr\u00f3ximos tres a cinco a\u00f1os. Centrado en la aportaci\u00f3n de conocimientos cient\u00edficos esenciales para configurar un futuro sostenible de los oc\u00e9anos, el evento reunir\u00e1 a la comunidad mundial de la D\u00e9cada de los Oc\u00e9anos para abordar cuestiones cr\u00edticas como el cambio clim\u00e1tico, la seguridad alimentaria, la gesti\u00f3n de la biodiversidad, la econom\u00eda de los oc\u00e9anos, la contaminaci\u00f3n y los riesgos naturales. Mediante el fomento de la colaboraci\u00f3n y la innovaci\u00f3n, la conferencia pretende sentar las bases de una gesti\u00f3n eficaz de los oc\u00e9anos y de soluciones integradoras, garantizando un compromiso compartido con la gesti\u00f3n sostenible de los oc\u00e9anos de aqu\u00ed a 2030.&nbsp;<\/p>\n<\/div><\/div>\n<\/div>\n<\/div>\n\n\n\n<div class=\"wp-block-columns mt-5 equal-heights is-layout-flex wp-container-core-columns-is-layout-9d6595d7 wp-block-columns-is-layout-flex\">\n<div class=\"wp-block-column is-layout-flow wp-block-column-is-layout-flow\">\n<div class=\"wp-block-group has-light-green-cyan-background-color has-background\"><div class=\"wp-block-group__inner-container is-layout-constrained wp-block-group-is-layout-constrained\">\n<p><strong>&nbsp;<strong>Cumbre One Water<\/strong><\/strong><\/p>\n\n\n\n<p>Anunciada en la COP28 por los presidentes Macron y Tokayev, la Cumbre One Water, prevista para septiembre de 2024 en Nueva York, subraya la urgencia de abordar la crisis mundial del agua en un contexto de empeoramiento de los efectos del cambio clim\u00e1tico. Centrada en la mejora de la gobernanza del agua y en soluciones innovadoras, esta cumbre pretende abordar los crecientes retos a los que se enfrentan los recursos h\u00eddricos en todo el mundo. La participaci\u00f3n de diversas partes interesadas, entre ellas ministros, representantes de las Naciones Unidas, autoridades locales, agentes financieros y ONG, refleja un esfuerzo concertado para hacer frente a la escasez de agua y la degradaci\u00f3n del medio ambiente a escala mundial. Adem\u00e1s, la coalici\u00f3n del Desaf\u00edo del Agua Dulce, integrada por gobiernos de diversos pa\u00edses, pone de relieve el compromiso colectivo de restaurar los ecosistemas degradados y garantizar pr\u00e1cticas sostenibles de gesti\u00f3n del agua, lo que supone un paso importante para salvaguardar los recursos h\u00eddricos para las generaciones futuras.<\/p>\n<\/div><\/div>\n<\/div>\n\n\n\n<div class=\"wp-block-column is-layout-flow wp-block-column-is-layout-flow\">\n<figure class=\"wp-block-image size-large\"><img decoding=\"async\" src=\"\/wp-content\/themes\/uji\/img\/mf24\/water-as-a-global-common-good-2.jpg\" alt=\"\" \/><figcaption class=\"wp-element-caption\"><em>\u00a9 Ocean Image Bank, Vincent&nbsp; Kneefel<\/em><\/figcaption><\/figure>\n<\/div>\n<\/div>\n<\/div><\/div>\n","protected":false},"excerpt":{"rendered":"<p>EL AGUA COMO BIEN COM\u00daN MUNDIAL El agua es un recurso indispensable para la supervivencia humana, la salud, la prosperidad econ\u00f3mica y la sostenibilidad medioambiental. A pesar de estar reconocido como un derecho humano b\u00e1sico por las Naciones Unidas, el reto de acceder a agua limpia y saneamiento todav\u00eda persiste, especialmente a nivel local y [&hellip;]<\/p>\n","protected":false},"author":1,"featured_media":0,"parent":64,"menu_order":10,"comment_status":"closed","ping_status":"closed","template":"","meta":{"footnotes":""},"class_list":["post-66","page","type-page","status-publish","hentry"],"yoast_head":"<!-- This site is optimized with the Yoast SEO plugin v27.0 - https:\/\/yoast.com\/product\/yoast-seo-wordpress\/ -->\n<title>El agua com bien com\u00fan mundial - Municipal Forecast - Espa\u00f1ol<\/title>\n<meta name=\"robots\" content=\"index, follow, max-snippet:-1, max-image-preview:large, max-video-preview:-1\" \/>\n<link rel=\"canonical\" href=\"https:\/\/urbanjournalism.institute\/forecast-es\/forecast-2024\/climate-challenges-in-2024\/water-as-a-global-common-good\/\" \/>\n<meta property=\"og:locale\" content=\"es_ES\" \/>\n<meta property=\"og:type\" content=\"article\" \/>\n<meta property=\"og:title\" content=\"El agua com bien com\u00fan mundial - Municipal Forecast - Espa\u00f1ol\" \/>\n<meta property=\"og:description\" content=\"EL AGUA COMO BIEN COM\u00daN MUNDIAL El agua es un recurso indispensable para la supervivencia humana, la salud, la prosperidad econ\u00f3mica y la sostenibilidad medioambiental. A pesar de estar reconocido como un derecho humano b\u00e1sico por las Naciones Unidas, el reto de acceder a agua limpia y saneamiento todav\u00eda persiste, especialmente a nivel local y [&hellip;]\" \/>\n<meta property=\"og:url\" content=\"https:\/\/urbanjournalism.institute\/forecast-es\/forecast-2024\/climate-challenges-in-2024\/water-as-a-global-common-good\/\" \/>\n<meta property=\"og:site_name\" content=\"Municipal Forecast - Espa\u00f1ol\" \/>\n<meta property=\"article:modified_time\" content=\"2024-02-19T11:01:55+00:00\" \/>\n<meta name=\"twitter:card\" content=\"summary_large_image\" \/>\n<meta name=\"twitter:label1\" content=\"Tiempo de lectura\" \/>\n\t<meta name=\"twitter:data1\" content=\"5 minutos\" \/>\n<script type=\"application\/ld+json\" class=\"yoast-schema-graph\">{\"@context\":\"https:\/\/schema.org\",\"@graph\":[{\"@type\":\"WebPage\",\"@id\":\"https:\/\/urbanjournalism.institute\/forecast-es\/forecast-2024\/climate-challenges-in-2024\/water-as-a-global-common-good\/\",\"url\":\"https:\/\/urbanjournalism.institute\/forecast-es\/forecast-2024\/climate-challenges-in-2024\/water-as-a-global-common-good\/\",\"name\":\"El agua com bien com\u00fan mundial - Municipal Forecast - Espa\u00f1ol\",\"isPartOf\":{\"@id\":\"https:\/\/urbanjournalism.institute\/forecast-es\/#website\"},\"datePublished\":\"2024-02-18T09:30:05+00:00\",\"dateModified\":\"2024-02-19T11:01:55+00:00\",\"breadcrumb\":{\"@id\":\"https:\/\/urbanjournalism.institute\/forecast-es\/forecast-2024\/climate-challenges-in-2024\/water-as-a-global-common-good\/#breadcrumb\"},\"inLanguage\":\"es\",\"potentialAction\":[{\"@type\":\"ReadAction\",\"target\":[\"https:\/\/urbanjournalism.institute\/forecast-es\/forecast-2024\/climate-challenges-in-2024\/water-as-a-global-common-good\/\"]}]},{\"@type\":\"BreadcrumbList\",\"@id\":\"https:\/\/urbanjournalism.institute\/forecast-es\/forecast-2024\/climate-challenges-in-2024\/water-as-a-global-common-good\/#breadcrumb\",\"itemListElement\":[{\"@type\":\"ListItem\",\"position\":1,\"name\":\"Forecast 2024\",\"item\":\"https:\/\/urbanjournalism.institute\/forecast-es\/\"},{\"@type\":\"ListItem\",\"position\":2,\"name\":\"Retos clim\u00e1ticos en 2024\",\"item\":\"https:\/\/urbanjournalism.institute\/forecast-es\/forecast-2024\/climate-challenges-in-2024\/\"},{\"@type\":\"ListItem\",\"position\":3,\"name\":\"El agua com bien com\u00fan mundial\"}]},{\"@type\":\"WebSite\",\"@id\":\"https:\/\/urbanjournalism.institute\/forecast-es\/#website\",\"url\":\"https:\/\/urbanjournalism.institute\/forecast-es\/\",\"name\":\"Municipal Forecast - Espa\u00f1ol\",\"description\":\"\",\"potentialAction\":[{\"@type\":\"SearchAction\",\"target\":{\"@type\":\"EntryPoint\",\"urlTemplate\":\"https:\/\/urbanjournalism.institute\/forecast-es\/?s={search_term_string}\"},\"query-input\":{\"@type\":\"PropertyValueSpecification\",\"valueRequired\":true,\"valueName\":\"search_term_string\"}}],\"inLanguage\":\"es\"}]}<\/script>\n<!-- \/ Yoast SEO plugin. -->","yoast_head_json":{"title":"El agua com bien com\u00fan mundial - Municipal Forecast - Espa\u00f1ol","robots":{"index":"index","follow":"follow","max-snippet":"max-snippet:-1","max-image-preview":"max-image-preview:large","max-video-preview":"max-video-preview:-1"},"canonical":"https:\/\/urbanjournalism.institute\/forecast-es\/forecast-2024\/climate-challenges-in-2024\/water-as-a-global-common-good\/","og_locale":"es_ES","og_type":"article","og_title":"El agua com bien com\u00fan mundial - Municipal Forecast - Espa\u00f1ol","og_description":"EL AGUA COMO BIEN COM\u00daN MUNDIAL El agua es un recurso indispensable para la supervivencia humana, la salud, la prosperidad econ\u00f3mica y la sostenibilidad medioambiental. A pesar de estar reconocido como un derecho humano b\u00e1sico por las Naciones Unidas, el reto de acceder a agua limpia y saneamiento todav\u00eda persiste, especialmente a nivel local y [&hellip;]","og_url":"https:\/\/urbanjournalism.institute\/forecast-es\/forecast-2024\/climate-challenges-in-2024\/water-as-a-global-common-good\/","og_site_name":"Municipal Forecast - Espa\u00f1ol","article_modified_time":"2024-02-19T11:01:55+00:00","twitter_card":"summary_large_image","twitter_misc":{"Tiempo de lectura":"5 minutos"},"schema":{"@context":"https:\/\/schema.org","@graph":[{"@type":"WebPage","@id":"https:\/\/urbanjournalism.institute\/forecast-es\/forecast-2024\/climate-challenges-in-2024\/water-as-a-global-common-good\/","url":"https:\/\/urbanjournalism.institute\/forecast-es\/forecast-2024\/climate-challenges-in-2024\/water-as-a-global-common-good\/","name":"El agua com bien com\u00fan mundial - Municipal Forecast - Espa\u00f1ol","isPartOf":{"@id":"https:\/\/urbanjournalism.institute\/forecast-es\/#website"},"datePublished":"2024-02-18T09:30:05+00:00","dateModified":"2024-02-19T11:01:55+00:00","breadcrumb":{"@id":"https:\/\/urbanjournalism.institute\/forecast-es\/forecast-2024\/climate-challenges-in-2024\/water-as-a-global-common-good\/#breadcrumb"},"inLanguage":"es","potentialAction":[{"@type":"ReadAction","target":["https:\/\/urbanjournalism.institute\/forecast-es\/forecast-2024\/climate-challenges-in-2024\/water-as-a-global-common-good\/"]}]},{"@type":"BreadcrumbList","@id":"https:\/\/urbanjournalism.institute\/forecast-es\/forecast-2024\/climate-challenges-in-2024\/water-as-a-global-common-good\/#breadcrumb","itemListElement":[{"@type":"ListItem","position":1,"name":"Forecast 2024","item":"https:\/\/urbanjournalism.institute\/forecast-es\/"},{"@type":"ListItem","position":2,"name":"Retos clim\u00e1ticos en 2024","item":"https:\/\/urbanjournalism.institute\/forecast-es\/forecast-2024\/climate-challenges-in-2024\/"},{"@type":"ListItem","position":3,"name":"El agua com bien com\u00fan mundial"}]},{"@type":"WebSite","@id":"https:\/\/urbanjournalism.institute\/forecast-es\/#website","url":"https:\/\/urbanjournalism.institute\/forecast-es\/","name":"Municipal Forecast - Espa\u00f1ol","description":"","potentialAction":[{"@type":"SearchAction","target":{"@type":"EntryPoint","urlTemplate":"https:\/\/urbanjournalism.institute\/forecast-es\/?s={search_term_string}"},"query-input":{"@type":"PropertyValueSpecification","valueRequired":true,"valueName":"search_term_string"}}],"inLanguage":"es"}]}},"_links":{"self":[{"href":"https:\/\/urbanjournalism.institute\/forecast-es\/wp-json\/wp\/v2\/pages\/66","targetHints":{"allow":["GET"]}}],"collection":[{"href":"https:\/\/urbanjournalism.institute\/forecast-es\/wp-json\/wp\/v2\/pages"}],"about":[{"href":"https:\/\/urbanjournalism.institute\/forecast-es\/wp-json\/wp\/v2\/types\/page"}],"author":[{"embeddable":true,"href":"https:\/\/urbanjournalism.institute\/forecast-es\/wp-json\/wp\/v2\/users\/1"}],"replies":[{"embeddable":true,"href":"https:\/\/urbanjournalism.institute\/forecast-es\/wp-json\/wp\/v2\/comments?post=66"}],"version-history":[{"count":2,"href":"https:\/\/urbanjournalism.institute\/forecast-es\/wp-json\/wp\/v2\/pages\/66\/revisions"}],"predecessor-version":[{"id":204,"href":"https:\/\/urbanjournalism.institute\/forecast-es\/wp-json\/wp\/v2\/pages\/66\/revisions\/204"}],"up":[{"embeddable":true,"href":"https:\/\/urbanjournalism.institute\/forecast-es\/wp-json\/wp\/v2\/pages\/64"}],"wp:attachment":[{"href":"https:\/\/urbanjournalism.institute\/forecast-es\/wp-json\/wp\/v2\/media?parent=66"}],"curies":[{"name":"wp","href":"https:\/\/api.w.org\/{rel}","templated":true}]}}