{"id":72,"date":"2024-02-18T09:30:05","date_gmt":"2024-02-18T09:30:05","guid":{"rendered":"https:\/\/urbanjournalism.institute\/forecast-es\/forecast-2024\/sdgs-rescue\/"},"modified":"2024-08-26T10:54:39","modified_gmt":"2024-08-26T10:54:39","slug":"sdgs-rescue","status":"publish","type":"page","link":"https:\/\/urbanjournalism.institute\/forecast-es\/forecast-2024\/sdgs-rescue\/","title":{"rendered":"Rescate de los ODS"},"content":{"rendered":"\n<figure class=\"wp-block-image size-large\"><img decoding=\"async\" src=\"\/wp-content\/themes\/uji\/img\/mf24\/sdgs-rescue.jpg\" alt=\"\" \/><figcaption class=\"wp-element-caption\"><em>\u00a9UCLG&nbsp;<\/em><\/figcaption><\/figure>\n\n\n\n<div class=\"wp-block-group\"><div class=\"wp-block-group__inner-container is-layout-constrained wp-block-group-is-layout-constrained\">\n<h1 class=\"wp-block-heading mb-10\">RESCATE DE <br>LOS ODS<\/h1>\n\n\n\n<div class=\"wp-block-columns is-layout-flex wp-container-core-columns-is-layout-9d6595d7 wp-block-columns-is-layout-flex\">\n<div class=\"wp-block-column is-layout-flow wp-block-column-is-layout-flow\" style=\"flex-basis:25%\"><\/div>\n\n\n\n<div class=\"wp-block-column is-layout-flow wp-block-column-is-layout-flow\" style=\"flex-basis:70%\">\n<p>La Cumbre sobre los ODS de 2023 se inaugur\u00f3 con un mensaje claro y contundente del secretario general de las Naciones Unidas, Ant\u00f3nio Guterres: \u201cSolo el 15 % de las metas van por buen camino, y muchas van en retroceso. En lugar de no dejar a nadie atr\u00e1s, corremos el riesgo de dejar atr\u00e1s los ODS\u201d. Propuso a los Estados miembros un Plan mundial de rescate de los ODS, especialmente para mejorar el acceso de los pa\u00edses en desarrollo a la financiaci\u00f3n.\u00a0<\/p>\n\n\n\n<p>En la Cumbre, la CGLU present\u00f3 un Dec\u00e1logo de Coaliciones de Alto Impacto destinado a ampliar la acci\u00f3n local con impacto global.<\/p>\n<\/div>\n\n\n\n<div class=\"wp-block-column is-layout-flow wp-block-column-is-layout-flow\" style=\"flex-basis:25%\"><\/div>\n<\/div>\n<\/div><\/div>\n\n\n\n<div class=\"wp-block-group narrow-group mt-10\"><div class=\"wp-block-group__inner-container is-layout-constrained wp-block-group-is-layout-constrained\">\n<p>El <strong><em>Informe Mundial sobre el Desarrollo Sostenible 2023<\/em><\/strong>, la \u00faltima actualizaci\u00f3n sobre el progreso de los ODS, que se elabora una vez cada cuatro a\u00f1os y que es el primero que presenta c\u00f3mo han progresado los ODS tras el impacto de la pandemia, reafirm\u00f3 la evidencia de que el mundo est\u00e1 \u201cmuy lejos de alcanzar\u201d la Agenda 2030. Como nota positiva, se considera que \u201clas perspectivas han mejorado\u201d, especialmente en lo que respecta al conocimiento y las pruebas relacionadas con los Objetivos. En el informe se solicita \u201cuna mayor ambici\u00f3n e intervenciones transformadoras\u201d para acelerar el progreso.&nbsp;<\/p>\n\n\n\n<p>Los seis elementos para la aceleraci\u00f3n son los planes de acci\u00f3n nacionales para abordar las tendencias negativas o el estancamiento en la implementaci\u00f3n de los ODS; la planificaci\u00f3n local y espec\u00edfica de la industria para alimentar los planes nacionales; las iniciativas a trav\u00e9s de la Agenda de Acci\u00f3n de Ad\u00eds Abeba o de otro tipo para aumentar el espacio fiscal, incluidas las reformas fiscales, la reestructuraci\u00f3n y el alivio de la deuda, y un mayor compromiso de las instituciones financieras internacionales para la implementaci\u00f3n de los Objetivos de Desarrollo Sostenible; la inversi\u00f3n en datos relacionados con los Objetivos, las herramientas basadas en la ciencia y el aprendizaje de pol\u00edticas; las asociaciones para fortalecer la interfaz ciencia-pol\u00edtica-sociedad; y las medidas para mejorar la rendici\u00f3n de cuentas de los gobiernos y otras partes interesadas.&nbsp;<\/p>\n\n\n\n<p>A principios de a\u00f1o, antes de la reuni\u00f3n de ministros de Finanzas y gobernadores de bancos centrales del G20 en febrero de 2023, Guterres lanz\u00f3 el <strong>Est\u00edmulo de los ODS<\/strong>, identificando tres \u00e1reas de acci\u00f3n inmediata: abordar los altos costes de la deuda y los crecientes riesgos de sobreendeudamiento, incluyendo la conversi\u00f3n de pr\u00e9stamos a corto plazo y alto inter\u00e9s en deuda a largo plazo a tipos de inter\u00e9s m\u00e1s bajos; aumentar masivamente la financiaci\u00f3n asequible a largo plazo para el desarrollo, principalmente a trav\u00e9s de bancos p\u00fablicos de desarrollo, incluidos los bancos multilaterales de desarrollo, y alineando todos los flujos de financiaci\u00f3n con los ODS; y ampliar la financiaci\u00f3n de contingencia a los pa\u00edses necesitados. Tambi\u00e9n hizo un llamamiento para <strong>movilizar al menos 500.000 millones de d\u00f3lares anuales en nuevas inversiones para los pa\u00edses en desarrollo<\/strong>, advirtiendo sobre la \u201cgran brecha financiera\u201d, que deja al Sur Global m\u00e1s a merced de las crisis.&nbsp;<\/p>\n\n\n\n<p>Durante la sesi\u00f3n de 2023 del foro del Consejo Econ\u00f3mico y Social sobre el seguimiento de la financiaci\u00f3n para el desarrollo, los pa\u00edses tambi\u00e9n se comprometieron a ampliar la protecci\u00f3n social y mejorar el acceso a la financiaci\u00f3n en condiciones favorables, as\u00ed como el alivio de la deuda para los pa\u00edses vulnerables. Al mismo tiempo, el DAES de las Naciones Unidas, el PNUD, la OCDE, la Uni\u00f3n Europea, Italia y Suecia pusieron en marcha el <strong><a href=\"https:\/\/inff.org\/es\/about\/inff-facility\" target=\"_blank\" rel=\"noreferrer noopener\">Mecanismo Integrado del Marco Nacional de Financiaci\u00f3n<\/a> <\/strong>para ayudar a los pa\u00edses a formular nuevas estrategias nacionales de financiaci\u00f3n para alcanzar los ODS.&nbsp;<\/p>\n\n\n\n<p>La <strong>Alianza de Inversores Mundiales para el Desarrollo Sostenible<\/strong>, un grupo de l\u00edderes de las principales instituciones financieras y empresas de todo el mundo, ha ampliado su mandato hasta 2025. El objetivo de la Alianza es aportar soluciones para aumentar la financiaci\u00f3n privada a largo plazo de infraestructuras sostenibles y ofrece recomendaciones pol\u00edticas para movilizar m\u00e1s fondos para el desarrollo sostenible. A finales de noviembre de 2023, la Alianza anunci\u00f3 un llamamiento a la acci\u00f3n dirigido a jefes de Estado, responsables pol\u00edticos y funcionarios de bancos multilaterales de desarrollo para ampliar la movilizaci\u00f3n de capital privado y \u201cdesbloquear un flujo de capital privado sin precedentes y urgentemente necesario para ayudar a acelerar el desarrollo y la descarbonizaci\u00f3n\u201d de los Mercados Emergentes y Pa\u00edses en Desarrollo (EMDC, por sus siglas en ingl\u00e9s) y de todo el mundo.&nbsp;<\/p>\n\n\n\n<p>Adem\u00e1s, la <strong>Feria de Inversiones en los Objetivos de Desarrollo Sostenible <\/strong>puso en contacto a financiadores privados con proyectos listos para ser implementados en mercados emergentes. Desde 2018, la Feria de Inversiones ha mostrado proyectos por valor de m\u00e1s de 11.000 millones de d\u00f3lares procedentes de 22 pa\u00edses.&nbsp;<\/p>\n\n\n\n<p>Otros mecanismos son el <strong><a href=\"https:\/\/jointsdgfund.org\/\" target=\"_blank\" rel=\"noreferrer noopener\">Fondo Conjunto para los Objetivos de Desarrollo Sostenible<\/a><\/strong>, que canaliz\u00f3 m\u00e1s de 260 millones de d\u00f3lares a 31 organizaciones de las Naciones Unidas para ayudar a 119 Estados miembros a responder a la crisis del coste de la vida, ampliar las prestaciones sociales para m\u00e1s de 175 millones de personas y apalancar m\u00e1s de 2.300 millones de d\u00f3lares en financiaci\u00f3n adicional. El Fondo tambi\u00e9n abri\u00f3 una nueva ventanilla de \u201cemergencia de desarrollo\u201d para ayudar a hacer frente a las crisis alimentaria, energ\u00e9tica y financiera.<\/p>\n\n\n\n<p>El <strong>Grupo de Directores de la ONU de la Coalici\u00f3n Local2030 <\/strong>tambi\u00e9n ha adoptado un <a href=\"https:\/\/jointsdgfund.org\/sites\/default\/files\/2024-02\/JSDGF Localization Marker - FINAL%5B51%5D.pdf\" target=\"_blank\" rel=\"noreferrer noopener\">Marcador de Localizaci\u00f3n de los ODS<\/a> a principios de febrero de 2024. Esta iniciativa reconoce la localizaci\u00f3n de los ODS como una fuerza impulsora fundamental y crucial para alcanzar todos los ODS. Compromete al Fondo a fomentar iniciativas espec\u00edficas que impulsen el avance de la localizaci\u00f3n de los ODS. Su objetivo es ayudar a los equipos de las Naciones Unidas en los pa\u00edses a aplicar el marcador de localizaci\u00f3n al dise\u00f1o, la ejecuci\u00f3n y la rendici\u00f3n de cuentas de los programas conjuntos financiados por el Fondo ODS.&nbsp;<\/p>\n\n\n\n<p>En consonancia con estas iniciativas y con el llamamiento urgente a movilizar recursos, el <strong>Grupo de Trabajo sobre Financiaci\u00f3n Clim\u00e1tica de la U20 <\/strong>emiti\u00f3 una declaraci\u00f3n en la que ped\u00eda \u201ca los l\u00edderes nacionales, a las instituciones financieras de desarrollo y al sector privado que trabajen con las ciudades para acelerar la disponibilidad y el acceso a la financiaci\u00f3n clim\u00e1tica urbana\u201d. La declaraci\u00f3n tambi\u00e9n reconoc\u00eda los esfuerzos de la <strong>Comisi\u00f3n Global SDSN para la Financiaci\u00f3n Urbana de los ODS<\/strong>, creada en junio de 2023 por el Penn Institute for Urban Research (Penn IUR) en colaboraci\u00f3n con la Red de Soluciones Sostenibles de las Naciones Unidas (SDSN). La Comisi\u00f3n est\u00e1 formada por seis grupos de trabajo que analizan los obst\u00e1culos a la financiaci\u00f3n urbana de los ODS, y se espera que el informe final se publique en la primavera de 2024.&nbsp;<\/p>\n\n\n\n<p>En 2014, <strong>la Conferencia de las Naciones Unidas sobre Comercio y Desarrollo (UNCTAD) estim\u00f3 que se necesitar\u00edan entre 3,3 y 4,5 billones de d\u00f3lares al a\u00f1o para alcanzar los ambiciosos objetivos esbozados en la Agenda 2030<\/strong>. Si avanzamos hasta 2024, las proyecciones indican una necesidad de inversi\u00f3n a\u00fan mayor: 150 billones de d\u00f3lares adicionales hasta 2050 para el avance de las tecnolog\u00edas e infraestructuras de transici\u00f3n energ\u00e9tica.&nbsp;<\/p>\n\n\n\n<p>Para poner esto en perspectiva, se considera necesaria una inversi\u00f3n anual de 5,3 billones de d\u00f3lares solo para transformar el sector energ\u00e9tico mundial. Sin embargo, a pesar de estas apremiantes demandas, la promesa hecha por los pa\u00edses desarrollados de aportar 100.000 millones de d\u00f3lares anuales para la financiaci\u00f3n de la lucha contra el cambio clim\u00e1tico en 2020 se ha quedado corta, ya que la financiaci\u00f3n solo alcanz\u00f3 los 89.600 millones de d\u00f3lares en 2021.\u00a0<\/p>\n\n\n\n<p>A medida que nos enfrentamos a los retos del cambio clim\u00e1tico, el establecimiento del <strong>Fondo de P\u00e9rdidas y Da\u00f1os<\/strong>, acordado durante la COP28 con un compromiso inicial de 792 millones de d\u00f3lares, se vuelve cada vez m\u00e1s cr\u00edtico conforme nos adentramos en 2024.\u00a0<\/p>\n\n\n\n<p>La <strong>Tercera Cumbre del Sur<\/strong>, que se celebr\u00f3 en Kampala en enero de 2024 con representaci\u00f3n de los 135 miembros del Grupo de los 77 y China, reconoci\u00f3 los esfuerzos realizados durante la COP28. Sin embargo, subray\u00f3 la necesidad de reformas sustanciales en la arquitectura financiera internacional. Estas reformas, tal y como se subray\u00f3 en la cumbre, deben centrarse en una mejor alineaci\u00f3n con las necesidades y prioridades de las naciones en desarrollo, abordando al mismo tiempo la persistente crisis de la deuda. Adem\u00e1s, la cumbre hizo un llamamiento para crear el espacio fiscal necesario que permita la recuperaci\u00f3n econ\u00f3mica y facilite la consecuci\u00f3n de los Objetivos de Desarrollo Sostenible (ODS). Tambi\u00e9n se exige una acci\u00f3n urgente para ampliar los canjes de deuda, en particular los centrados en la preservaci\u00f3n del clima y el medio ambiente. Adem\u00e1s, se inst\u00f3 a los pa\u00edses desarrollados y a las instituciones financieras internacionales a tomar medidas decisivas en la aplicaci\u00f3n del Est\u00edmulo de los ODS para seguir apoyando estos objetivos.&nbsp;<\/p>\n\n\n\n<p>De cara al futuro, la <strong>cuarta Conferencia Internacional sobre la Financiaci\u00f3n para el Desarrollo, prevista para 2025, reviste una enorme importancia. <\/strong>Esta conferencia, que se celebrar\u00e1 una d\u00e9cada despu\u00e9s de la Agenda de Acci\u00f3n de Ad\u00eds Abeba y su marco para la financiaci\u00f3n del desarrollo sostenible, constituye un hito fundamental. Representa quiz\u00e1s la \u00faltima oportunidad para catalizar una acci\u00f3n genuina y acelerada hacia el cumplimiento de los ambiciosos objetivos esbozados en la Agenda 2030.<\/p>\n<\/div><\/div>\n\n\n\n<blockquote class=\"wp-block-quote w-100 has-light-green-cyan-color has-vivid-cyan-blue-background-color has-text-color has-background is-layout-flow wp-block-quote-is-layout-flow\">\n<p class=\"has-text-align-center mt-0\"><strong><em>Ciudades Personas <\/em><\/strong><br><strong><em>Multilateral <\/em><\/strong><br><strong><em>Sistema Paz <\/em><\/strong><br><strong><em>Gobiernos <\/em><\/strong><br><strong><em>Agenda 2030 <\/em><\/strong><br><strong><em>Cuidados Planeta <\/em><\/strong><br><strong><em>Solidaridad <\/em><\/strong><br><strong><em>Derechos Sociales <\/em><\/strong><br><strong><em>Igualdad <\/em><\/strong><br><strong><em>Territorios <\/em><\/strong><br><strong><em>Sostenibilidad <\/em><\/strong><br><strong><em>Movimiento <\/em><\/strong><br><strong><em>Municipal<\/em><\/strong><\/p>\n<\/blockquote>\n","protected":false},"excerpt":{"rendered":"<p>RESCATE DE LOS ODS La Cumbre sobre los ODS de 2023 se inaugur\u00f3 con un mensaje claro y contundente del secretario general de las Naciones Unidas, Ant\u00f3nio Guterres: \u201cSolo el 15 % de las metas van por buen camino, y muchas van en retroceso. En lugar de no dejar a nadie atr\u00e1s, corremos el riesgo [&hellip;]<\/p>\n","protected":false},"author":1,"featured_media":0,"parent":48,"menu_order":70,"comment_status":"closed","ping_status":"closed","template":"","meta":{"footnotes":""},"class_list":["post-72","page","type-page","status-publish","hentry"],"yoast_head":"<!-- This site is optimized with the Yoast SEO plugin v27.0 - https:\/\/yoast.com\/product\/yoast-seo-wordpress\/ -->\n<title>Rescate de los ODS - Municipal Forecast - Espa\u00f1ol<\/title>\n<meta name=\"robots\" content=\"index, follow, max-snippet:-1, max-image-preview:large, max-video-preview:-1\" \/>\n<link rel=\"canonical\" href=\"https:\/\/urbanjournalism.institute\/forecast-es\/forecast-2024\/sdgs-rescue\/\" \/>\n<meta property=\"og:locale\" content=\"es_ES\" \/>\n<meta property=\"og:type\" content=\"article\" \/>\n<meta property=\"og:title\" content=\"Rescate de los ODS - Municipal Forecast - Espa\u00f1ol\" \/>\n<meta property=\"og:description\" content=\"RESCATE DE LOS ODS La Cumbre sobre los ODS de 2023 se inaugur\u00f3 con un mensaje claro y contundente del secretario general de las Naciones Unidas, Ant\u00f3nio Guterres: \u201cSolo el 15 % de las metas van por buen camino, y muchas van en retroceso. En lugar de no dejar a nadie atr\u00e1s, corremos el riesgo [&hellip;]\" \/>\n<meta property=\"og:url\" content=\"https:\/\/urbanjournalism.institute\/forecast-es\/forecast-2024\/sdgs-rescue\/\" \/>\n<meta property=\"og:site_name\" content=\"Municipal Forecast - Espa\u00f1ol\" \/>\n<meta property=\"article:modified_time\" content=\"2024-08-26T10:54:39+00:00\" \/>\n<meta name=\"twitter:card\" content=\"summary_large_image\" \/>\n<meta name=\"twitter:label1\" content=\"Tiempo de lectura\" \/>\n\t<meta name=\"twitter:data1\" content=\"8 minutos\" \/>\n<script type=\"application\/ld+json\" class=\"yoast-schema-graph\">{\"@context\":\"https:\/\/schema.org\",\"@graph\":[{\"@type\":\"WebPage\",\"@id\":\"https:\/\/urbanjournalism.institute\/forecast-es\/forecast-2024\/sdgs-rescue\/\",\"url\":\"https:\/\/urbanjournalism.institute\/forecast-es\/forecast-2024\/sdgs-rescue\/\",\"name\":\"Rescate de los ODS - Municipal Forecast - Espa\u00f1ol\",\"isPartOf\":{\"@id\":\"https:\/\/urbanjournalism.institute\/forecast-es\/#website\"},\"datePublished\":\"2024-02-18T09:30:05+00:00\",\"dateModified\":\"2024-08-26T10:54:39+00:00\",\"breadcrumb\":{\"@id\":\"https:\/\/urbanjournalism.institute\/forecast-es\/forecast-2024\/sdgs-rescue\/#breadcrumb\"},\"inLanguage\":\"es\",\"potentialAction\":[{\"@type\":\"ReadAction\",\"target\":[\"https:\/\/urbanjournalism.institute\/forecast-es\/forecast-2024\/sdgs-rescue\/\"]}]},{\"@type\":\"BreadcrumbList\",\"@id\":\"https:\/\/urbanjournalism.institute\/forecast-es\/forecast-2024\/sdgs-rescue\/#breadcrumb\",\"itemListElement\":[{\"@type\":\"ListItem\",\"position\":1,\"name\":\"Forecast 2024\",\"item\":\"https:\/\/urbanjournalism.institute\/forecast-es\/\"},{\"@type\":\"ListItem\",\"position\":2,\"name\":\"Rescate de los ODS\"}]},{\"@type\":\"WebSite\",\"@id\":\"https:\/\/urbanjournalism.institute\/forecast-es\/#website\",\"url\":\"https:\/\/urbanjournalism.institute\/forecast-es\/\",\"name\":\"Municipal Forecast - Espa\u00f1ol\",\"description\":\"\",\"potentialAction\":[{\"@type\":\"SearchAction\",\"target\":{\"@type\":\"EntryPoint\",\"urlTemplate\":\"https:\/\/urbanjournalism.institute\/forecast-es\/?s={search_term_string}\"},\"query-input\":{\"@type\":\"PropertyValueSpecification\",\"valueRequired\":true,\"valueName\":\"search_term_string\"}}],\"inLanguage\":\"es\"}]}<\/script>\n<!-- \/ Yoast SEO plugin. -->","yoast_head_json":{"title":"Rescate de los ODS - Municipal Forecast - Espa\u00f1ol","robots":{"index":"index","follow":"follow","max-snippet":"max-snippet:-1","max-image-preview":"max-image-preview:large","max-video-preview":"max-video-preview:-1"},"canonical":"https:\/\/urbanjournalism.institute\/forecast-es\/forecast-2024\/sdgs-rescue\/","og_locale":"es_ES","og_type":"article","og_title":"Rescate de los ODS - Municipal Forecast - Espa\u00f1ol","og_description":"RESCATE DE LOS ODS La Cumbre sobre los ODS de 2023 se inaugur\u00f3 con un mensaje claro y contundente del secretario general de las Naciones Unidas, Ant\u00f3nio Guterres: \u201cSolo el 15 % de las metas van por buen camino, y muchas van en retroceso. En lugar de no dejar a nadie atr\u00e1s, corremos el riesgo [&hellip;]","og_url":"https:\/\/urbanjournalism.institute\/forecast-es\/forecast-2024\/sdgs-rescue\/","og_site_name":"Municipal Forecast - Espa\u00f1ol","article_modified_time":"2024-08-26T10:54:39+00:00","twitter_card":"summary_large_image","twitter_misc":{"Tiempo de lectura":"8 minutos"},"schema":{"@context":"https:\/\/schema.org","@graph":[{"@type":"WebPage","@id":"https:\/\/urbanjournalism.institute\/forecast-es\/forecast-2024\/sdgs-rescue\/","url":"https:\/\/urbanjournalism.institute\/forecast-es\/forecast-2024\/sdgs-rescue\/","name":"Rescate de los ODS - Municipal Forecast - Espa\u00f1ol","isPartOf":{"@id":"https:\/\/urbanjournalism.institute\/forecast-es\/#website"},"datePublished":"2024-02-18T09:30:05+00:00","dateModified":"2024-08-26T10:54:39+00:00","breadcrumb":{"@id":"https:\/\/urbanjournalism.institute\/forecast-es\/forecast-2024\/sdgs-rescue\/#breadcrumb"},"inLanguage":"es","potentialAction":[{"@type":"ReadAction","target":["https:\/\/urbanjournalism.institute\/forecast-es\/forecast-2024\/sdgs-rescue\/"]}]},{"@type":"BreadcrumbList","@id":"https:\/\/urbanjournalism.institute\/forecast-es\/forecast-2024\/sdgs-rescue\/#breadcrumb","itemListElement":[{"@type":"ListItem","position":1,"name":"Forecast 2024","item":"https:\/\/urbanjournalism.institute\/forecast-es\/"},{"@type":"ListItem","position":2,"name":"Rescate de los ODS"}]},{"@type":"WebSite","@id":"https:\/\/urbanjournalism.institute\/forecast-es\/#website","url":"https:\/\/urbanjournalism.institute\/forecast-es\/","name":"Municipal Forecast - Espa\u00f1ol","description":"","potentialAction":[{"@type":"SearchAction","target":{"@type":"EntryPoint","urlTemplate":"https:\/\/urbanjournalism.institute\/forecast-es\/?s={search_term_string}"},"query-input":{"@type":"PropertyValueSpecification","valueRequired":true,"valueName":"search_term_string"}}],"inLanguage":"es"}]}},"_links":{"self":[{"href":"https:\/\/urbanjournalism.institute\/forecast-es\/wp-json\/wp\/v2\/pages\/72","targetHints":{"allow":["GET"]}}],"collection":[{"href":"https:\/\/urbanjournalism.institute\/forecast-es\/wp-json\/wp\/v2\/pages"}],"about":[{"href":"https:\/\/urbanjournalism.institute\/forecast-es\/wp-json\/wp\/v2\/types\/page"}],"author":[{"embeddable":true,"href":"https:\/\/urbanjournalism.institute\/forecast-es\/wp-json\/wp\/v2\/users\/1"}],"replies":[{"embeddable":true,"href":"https:\/\/urbanjournalism.institute\/forecast-es\/wp-json\/wp\/v2\/comments?post=72"}],"version-history":[{"count":5,"href":"https:\/\/urbanjournalism.institute\/forecast-es\/wp-json\/wp\/v2\/pages\/72\/revisions"}],"predecessor-version":[{"id":256,"href":"https:\/\/urbanjournalism.institute\/forecast-es\/wp-json\/wp\/v2\/pages\/72\/revisions\/256"}],"up":[{"embeddable":true,"href":"https:\/\/urbanjournalism.institute\/forecast-es\/wp-json\/wp\/v2\/pages\/48"}],"wp:attachment":[{"href":"https:\/\/urbanjournalism.institute\/forecast-es\/wp-json\/wp\/v2\/media?parent=72"}],"curies":[{"name":"wp","href":"https:\/\/api.w.org\/{rel}","templated":true}]}}