{"id":108,"date":"2024-02-18T23:35:51","date_gmt":"2024-02-18T23:35:51","guid":{"rendered":"https:\/\/urbanjournalism.institute\/forecast-fr\/?page_id=108"},"modified":"2024-02-19T08:49:42","modified_gmt":"2024-02-19T08:49:42","slug":"looking-back","status":"publish","type":"page","link":"https:\/\/urbanjournalism.institute\/forecast-fr\/forecast-2024\/sdgs-rescue\/looking-back\/","title":{"rendered":"R\u00e9trospective"},"content":{"rendered":"\n<div class=\"wp-block-group has-light-green-cyan-color has-vivid-cyan-blue-background-color has-text-color has-background has-link-color wp-elements-3c3072b51d8fdb103919de115b3836ce\"><div class=\"wp-block-group__inner-container is-layout-constrained wp-block-group-is-layout-constrained\">\n<h2 class=\"wp-block-heading font-normal text-underline\">R\u00e9trospective<\/h2>\n\n\n\n<div class=\"wp-block-columns is-layout-flex wp-container-core-columns-is-layout-9d6595d7 wp-block-columns-is-layout-flex\">\n<div class=\"wp-block-column is-layout-flow wp-block-column-is-layout-flow\">\n<p>Dans un exercice d\u2019analyse r\u00e9trospective, nous inaugurons cette section afin d\u2019\u00e9valuer l\u2019exactitude de certaines de nos pr\u00e9visions pour 2023 et d\u2019en explorer les r\u00e9sultats. Retour sur le <em>Municipal Forecast 2023<\/em> !<\/p>\n\n\n\n<p><strong>Un r\u00f4le pour les gouvernements locaux et r\u00e9gionaux dans un multilat\u00e9ralisme efficace<\/strong><br>\u00c0 la page 19, nous avons sugg\u00e9r\u00e9 de surveiller le rapport du Conseil consultatif de haut niveau sur le multilat\u00e9ralisme efficace afin d\u2019observer comment ils abordent la reconnaissance des gouvernements locaux et r\u00e9gionaux au sein d\u2019un syst\u00e8me multilat\u00e9ral plus efficace. Le rapport, publi\u00e9 en avril 2023, recommandait d\u2019attribuer un statut formel et permanent aux gouvernements locaux et r\u00e9gionaux dans le multilat\u00e9ralisme, distinct de la soci\u00e9t\u00e9 civile et des organisations non gouvernementales.<\/p>\n\n\n\n<p><strong>Le record de femmes maires en Norv\u00e8ge n\u2019est pas atteint<\/strong><br>En page 31, nous nous demandions si les \u00e9lections locales en Norv\u00e8ge verraient une augmentation du nombre de femmes maires, dans le prolongement du record sans pr\u00e9c\u00e9dent de 2019, o\u00f9 plus d\u2019un tiers des maires \u00e9lus \u00e9taient des femmes. Malheureusement, les premi\u00e8res nouvelles de juillet 2023 indiquent un recul, car la proportion de femmes sur les listes de candidats a chut\u00e9, les hommes dominant les premi\u00e8res places. Seuls 42 % des candidats \u00e9taient des femmes. Toutefois, malgr\u00e9 les difficult\u00e9s, les r\u00e9sultats finaux ont marqu\u00e9 une l\u00e9g\u00e8re am\u00e9lioration, avec 40,6 % de femmes \u00e9lues en 2023, contre 40,5 % en 2019. Le record n\u2019a pas \u00e9t\u00e9 atteint pour les femmes maires, avec 36,7 % en 2019 contre 35,4 % en 2023. Le Parti travailliste a notamment d\u00fb relever des d\u00e9fis, perdant la majorit\u00e9 des voix au profit du Parti conservateur pour la premi\u00e8re fois depuis 1924.<\/p>\n<\/div>\n\n\n\n<div class=\"wp-block-column is-layout-flow wp-block-column-is-layout-flow\">\n<p><strong>Les jalons du m\u00e9tro l\u00e9ger \u00e0 Honolulu et \u00e0 Lagos<br><\/strong>Notre article de la page 50 met en lumi\u00e8re l\u2019inauguration anticip\u00e9e de nouveaux syst\u00e8mes de m\u00e9tro, notamment les services de m\u00e9tro l\u00e9ger d\u2019Honolulu (\u00c9tats-Unis) et de Lagos (Nigeria). Le premier segment du Skyline Rail d\u2019Honolulu, d\u2019une longueur de 10,75 miles, a \u00e9t\u00e9 inaugur\u00e9 le 30 juin 2023, reliant East Kapolei \u00e0 l\u2019Aloha Stadium avec neuf stations. Bien que le projet, lanc\u00e9 en 2011, soit pr\u00e9vu d\u2019\u00eatre achev\u00e9 en 2031, cette premi\u00e8re phase repr\u00e9sente une avanc\u00e9e significative. Dans le m\u00eame temps, Lagos a c\u00e9l\u00e9br\u00e9 le lancement de son service de m\u00e9tro l\u00e9ger Blue Line, construit par une entreprise chinoise, en septembre 2023. La premi\u00e8re phase, longue de 13 km et dot\u00e9e de cinq stations, a permis de r\u00e9duire consid\u00e9rablement le temps de trajet, qui est pass\u00e9 de deux heures \u00e0 15 minutes. Lagos pr\u00e9voit \u00e9galement une ligne rouge de 27 km avec 13 stations. Le projet de m\u00e9tro l\u00e9ger de Thessalonique devrait \u00eatre achev\u00e9 au second semestre 2024.<\/p>\n\n\n\n<p><strong>Expo 2030 \u00e0 Riyad<br><\/strong>En page 74, nous avons couvert le processus d\u2019appel d\u2019offres pour l\u2019Exposition universelle de 2030, en soulignant la proposition unique d\u2019Odessa au milieu des d\u00e9fis pos\u00e9s par l\u2019invasion russe. Cependant, en juin 2023, l\u2019assembl\u00e9e g\u00e9n\u00e9rale du Bureau international des expositions (BIE) a exclu Odessa de l\u2019examen final. Les autres candidats, Busan (R\u00e9publique de Cor\u00e9e), Riyad (Arabie Saoudite) et Rome (Italie), ont d\u00fb faire face \u00e0 un vote d\u00e9cisif. Dans une tournure surprenante des \u00e9v\u00e9nements, marqu\u00e9e par une absence notable de concurrence qui a rendu un second tour inutile, l\u2019Arabie saoudite a remport\u00e9 une victoire absolue avec 119 voix, satisfaisant ainsi \u00e0 l\u2019exigence de la majorit\u00e9 des deux tiers. Busan a obtenu 29 voix, tandis que Rome n\u2019en a recueilli que 17. Le th\u00e8me retenu pour l\u2019Exposition universelle 2030 de Riyad est \u00abL\u2019\u00e8re du changement : Ensemble pour un avenir pr\u00e9voyant\u00bb.<\/p>\n<\/div>\n<\/div>\n<\/div><\/div>\n","protected":false},"excerpt":{"rendered":"<p>R\u00e9trospective Dans un exercice d\u2019analyse r\u00e9trospective, nous inaugurons cette section afin d\u2019\u00e9valuer l\u2019exactitude de certaines de nos pr\u00e9visions pour 2023 et d\u2019en explorer les r\u00e9sultats. Retour sur le Municipal Forecast 2023 ! Un r\u00f4le pour les gouvernements locaux et r\u00e9gionaux dans un multilat\u00e9ralisme efficace\u00c0 la page 19, nous avons sugg\u00e9r\u00e9 de surveiller le rapport du [&hellip;]<\/p>\n","protected":false},"author":1,"featured_media":0,"parent":67,"menu_order":30,"comment_status":"closed","ping_status":"closed","template":"","meta":{"footnotes":""},"class_list":["post-108","page","type-page","status-publish","hentry"],"yoast_head":"<!-- This site is optimized with the Yoast SEO plugin v27.0 - https:\/\/yoast.com\/product\/yoast-seo-wordpress\/ -->\n<title>R\u00e9trospective - Municipal Forecast - Fran\u00e7ais<\/title>\n<meta name=\"robots\" content=\"index, follow, max-snippet:-1, max-image-preview:large, max-video-preview:-1\" \/>\n<link rel=\"canonical\" href=\"https:\/\/urbanjournalism.institute\/forecast-fr\/forecast-2024\/sdgs-rescue\/looking-back\/\" \/>\n<meta property=\"og:locale\" content=\"fr_FR\" \/>\n<meta property=\"og:type\" content=\"article\" \/>\n<meta property=\"og:title\" content=\"R\u00e9trospective - Municipal Forecast - Fran\u00e7ais\" \/>\n<meta property=\"og:description\" content=\"R\u00e9trospective Dans un exercice d\u2019analyse r\u00e9trospective, nous inaugurons cette section afin d\u2019\u00e9valuer l\u2019exactitude de certaines de nos pr\u00e9visions pour 2023 et d\u2019en explorer les r\u00e9sultats. Retour sur le Municipal Forecast 2023 ! Un r\u00f4le pour les gouvernements locaux et r\u00e9gionaux dans un multilat\u00e9ralisme efficace\u00c0 la page 19, nous avons sugg\u00e9r\u00e9 de surveiller le rapport du [&hellip;]\" \/>\n<meta property=\"og:url\" content=\"https:\/\/urbanjournalism.institute\/forecast-fr\/forecast-2024\/sdgs-rescue\/looking-back\/\" \/>\n<meta property=\"og:site_name\" content=\"Municipal Forecast - Fran\u00e7ais\" \/>\n<meta property=\"article:modified_time\" content=\"2024-02-19T08:49:42+00:00\" \/>\n<meta name=\"twitter:card\" content=\"summary_large_image\" \/>\n<meta name=\"twitter:label1\" content=\"Dur\u00e9e de lecture estim\u00e9e\" \/>\n\t<meta name=\"twitter:data1\" content=\"3 minutes\" \/>\n<script type=\"application\/ld+json\" class=\"yoast-schema-graph\">{\"@context\":\"https:\/\/schema.org\",\"@graph\":[{\"@type\":\"WebPage\",\"@id\":\"https:\/\/urbanjournalism.institute\/forecast-fr\/forecast-2024\/sdgs-rescue\/looking-back\/\",\"url\":\"https:\/\/urbanjournalism.institute\/forecast-fr\/forecast-2024\/sdgs-rescue\/looking-back\/\",\"name\":\"R\u00e9trospective - Municipal Forecast - Fran\u00e7ais\",\"isPartOf\":{\"@id\":\"https:\/\/urbanjournalism.institute\/forecast-fr\/#website\"},\"datePublished\":\"2024-02-18T23:35:51+00:00\",\"dateModified\":\"2024-02-19T08:49:42+00:00\",\"breadcrumb\":{\"@id\":\"https:\/\/urbanjournalism.institute\/forecast-fr\/forecast-2024\/sdgs-rescue\/looking-back\/#breadcrumb\"},\"inLanguage\":\"fr-FR\",\"potentialAction\":[{\"@type\":\"ReadAction\",\"target\":[\"https:\/\/urbanjournalism.institute\/forecast-fr\/forecast-2024\/sdgs-rescue\/looking-back\/\"]}]},{\"@type\":\"BreadcrumbList\",\"@id\":\"https:\/\/urbanjournalism.institute\/forecast-fr\/forecast-2024\/sdgs-rescue\/looking-back\/#breadcrumb\",\"itemListElement\":[{\"@type\":\"ListItem\",\"position\":1,\"name\":\"Forecast 2024\",\"item\":\"https:\/\/urbanjournalism.institute\/forecast-fr\/\"},{\"@type\":\"ListItem\",\"position\":2,\"name\":\"Le sauvetage des ODD\",\"item\":\"https:\/\/urbanjournalism.institute\/forecast-fr\/forecast-2024\/sdgs-rescue\/\"},{\"@type\":\"ListItem\",\"position\":3,\"name\":\"R\u00e9trospective\"}]},{\"@type\":\"WebSite\",\"@id\":\"https:\/\/urbanjournalism.institute\/forecast-fr\/#website\",\"url\":\"https:\/\/urbanjournalism.institute\/forecast-fr\/\",\"name\":\"Municipal Forecast - Fran\u00e7ais\",\"description\":\"\",\"potentialAction\":[{\"@type\":\"SearchAction\",\"target\":{\"@type\":\"EntryPoint\",\"urlTemplate\":\"https:\/\/urbanjournalism.institute\/forecast-fr\/?s={search_term_string}\"},\"query-input\":{\"@type\":\"PropertyValueSpecification\",\"valueRequired\":true,\"valueName\":\"search_term_string\"}}],\"inLanguage\":\"fr-FR\"}]}<\/script>\n<!-- \/ Yoast SEO plugin. -->","yoast_head_json":{"title":"R\u00e9trospective - Municipal Forecast - Fran\u00e7ais","robots":{"index":"index","follow":"follow","max-snippet":"max-snippet:-1","max-image-preview":"max-image-preview:large","max-video-preview":"max-video-preview:-1"},"canonical":"https:\/\/urbanjournalism.institute\/forecast-fr\/forecast-2024\/sdgs-rescue\/looking-back\/","og_locale":"fr_FR","og_type":"article","og_title":"R\u00e9trospective - Municipal Forecast - Fran\u00e7ais","og_description":"R\u00e9trospective Dans un exercice d\u2019analyse r\u00e9trospective, nous inaugurons cette section afin d\u2019\u00e9valuer l\u2019exactitude de certaines de nos pr\u00e9visions pour 2023 et d\u2019en explorer les r\u00e9sultats. Retour sur le Municipal Forecast 2023 ! Un r\u00f4le pour les gouvernements locaux et r\u00e9gionaux dans un multilat\u00e9ralisme efficace\u00c0 la page 19, nous avons sugg\u00e9r\u00e9 de surveiller le rapport du [&hellip;]","og_url":"https:\/\/urbanjournalism.institute\/forecast-fr\/forecast-2024\/sdgs-rescue\/looking-back\/","og_site_name":"Municipal Forecast - Fran\u00e7ais","article_modified_time":"2024-02-19T08:49:42+00:00","twitter_card":"summary_large_image","twitter_misc":{"Dur\u00e9e de lecture estim\u00e9e":"3 minutes"},"schema":{"@context":"https:\/\/schema.org","@graph":[{"@type":"WebPage","@id":"https:\/\/urbanjournalism.institute\/forecast-fr\/forecast-2024\/sdgs-rescue\/looking-back\/","url":"https:\/\/urbanjournalism.institute\/forecast-fr\/forecast-2024\/sdgs-rescue\/looking-back\/","name":"R\u00e9trospective - Municipal Forecast - Fran\u00e7ais","isPartOf":{"@id":"https:\/\/urbanjournalism.institute\/forecast-fr\/#website"},"datePublished":"2024-02-18T23:35:51+00:00","dateModified":"2024-02-19T08:49:42+00:00","breadcrumb":{"@id":"https:\/\/urbanjournalism.institute\/forecast-fr\/forecast-2024\/sdgs-rescue\/looking-back\/#breadcrumb"},"inLanguage":"fr-FR","potentialAction":[{"@type":"ReadAction","target":["https:\/\/urbanjournalism.institute\/forecast-fr\/forecast-2024\/sdgs-rescue\/looking-back\/"]}]},{"@type":"BreadcrumbList","@id":"https:\/\/urbanjournalism.institute\/forecast-fr\/forecast-2024\/sdgs-rescue\/looking-back\/#breadcrumb","itemListElement":[{"@type":"ListItem","position":1,"name":"Forecast 2024","item":"https:\/\/urbanjournalism.institute\/forecast-fr\/"},{"@type":"ListItem","position":2,"name":"Le sauvetage des ODD","item":"https:\/\/urbanjournalism.institute\/forecast-fr\/forecast-2024\/sdgs-rescue\/"},{"@type":"ListItem","position":3,"name":"R\u00e9trospective"}]},{"@type":"WebSite","@id":"https:\/\/urbanjournalism.institute\/forecast-fr\/#website","url":"https:\/\/urbanjournalism.institute\/forecast-fr\/","name":"Municipal Forecast - Fran\u00e7ais","description":"","potentialAction":[{"@type":"SearchAction","target":{"@type":"EntryPoint","urlTemplate":"https:\/\/urbanjournalism.institute\/forecast-fr\/?s={search_term_string}"},"query-input":{"@type":"PropertyValueSpecification","valueRequired":true,"valueName":"search_term_string"}}],"inLanguage":"fr-FR"}]}},"_links":{"self":[{"href":"https:\/\/urbanjournalism.institute\/forecast-fr\/wp-json\/wp\/v2\/pages\/108","targetHints":{"allow":["GET"]}}],"collection":[{"href":"https:\/\/urbanjournalism.institute\/forecast-fr\/wp-json\/wp\/v2\/pages"}],"about":[{"href":"https:\/\/urbanjournalism.institute\/forecast-fr\/wp-json\/wp\/v2\/types\/page"}],"author":[{"embeddable":true,"href":"https:\/\/urbanjournalism.institute\/forecast-fr\/wp-json\/wp\/v2\/users\/1"}],"replies":[{"embeddable":true,"href":"https:\/\/urbanjournalism.institute\/forecast-fr\/wp-json\/wp\/v2\/comments?post=108"}],"version-history":[{"count":3,"href":"https:\/\/urbanjournalism.institute\/forecast-fr\/wp-json\/wp\/v2\/pages\/108\/revisions"}],"predecessor-version":[{"id":144,"href":"https:\/\/urbanjournalism.institute\/forecast-fr\/wp-json\/wp\/v2\/pages\/108\/revisions\/144"}],"up":[{"embeddable":true,"href":"https:\/\/urbanjournalism.institute\/forecast-fr\/wp-json\/wp\/v2\/pages\/67"}],"wp:attachment":[{"href":"https:\/\/urbanjournalism.institute\/forecast-fr\/wp-json\/wp\/v2\/media?parent=108"}],"curies":[{"name":"wp","href":"https:\/\/api.w.org\/{rel}","templated":true}]}}