{"id":11,"date":"2023-02-20T07:40:59","date_gmt":"2023-02-20T07:40:59","guid":{"rendered":"https:\/\/urbanjournalism.institute\/forecast\/fr\/forecast-2023\/villes-en-2023\/"},"modified":"2023-02-20T07:40:59","modified_gmt":"2023-02-20T07:40:59","slug":"villes-en-2023","status":"publish","type":"page","link":"https:\/\/urbanjournalism.institute\/forecast-fr\/forecast-2023\/villes-en-2023\/","title":{"rendered":"Les Villes en 2023"},"content":{"rendered":"\n<figure class=\"wp-block-image size-large\"><img decoding=\"async\" src=\"https:\/\/urbanjournalism.institute\/forecast\/wp-content\/themes\/forecast\/dist\/assets\/images\/editorial\/page-1-portrait.jpg\" alt=\"\" \/><figcaption class=\"wp-element-caption\">\u00a9 ruslanshug<\/figcaption><\/figure>\n\n\n\n<div class=\"wp-block-group\"><div class=\"wp-block-group__inner-container is-layout-constrained wp-block-group-is-layout-constrained\">\n<div class=\"wp-block-group\"><div class=\"wp-block-group__inner-container is-layout-constrained wp-block-group-is-layout-constrained\">\n<pre class=\"wp-block-preformatted has-text-align-center\">\u00c9ditorial<\/pre>\n\n\n\n<h1 class=\"wp-block-heading has-text-align-center\">Les Villes en 2023<\/h1>\n\n\n\n<div style=\"height:20px\" aria-hidden=\"true\" class=\"wp-block-spacer\"><\/div>\n\n\n\n<div class=\"wp-block-columns is-layout-flex wp-container-core-columns-is-layout-9d6595d7 wp-block-columns-is-layout-flex\">\n<div class=\"wp-block-column is-layout-flow wp-block-column-is-layout-flow\">\n<p>La&nbsp;<strong>\u201cpermacrise\u201d&nbsp;<\/strong>est une p\u00e9riode prolong\u00e9e d\u2019instabilit\u00e9 et d\u2019ins\u00e9curit\u00e9. Selon les dictionnaires Collins, il s\u2019agirait du mot de l\u2019ann\u00e9e 2022, et ce terme semble plus que pertinent pour d\u00e9crire la situation et le sentiment d\u2019accablement partag\u00e9 par la plupart des individus pendant l\u2019ann\u00e9e \u00e9coul\u00e9e. La&nbsp;<strong>\u201cpolycrise\u201d&nbsp;<\/strong>est un autre concept largement utilis\u00e9 en 2022 pour d\u00e9crire les multiples urgences interconnect\u00e9es de la plan\u00e8te, ou l\u2019interd\u00e9pendance des crises entre elles. Le Chartbook n\u00b0192 d\u2019Adam Tooze permet de mieux comprendre les implications et l\u2019ampleur de la \u201cpolycrise\u201d.<\/p>\n\n\n\n<p>Ces deux nouvelles expressions renvoient \u00e0 la&nbsp;<strong>complexit\u00e9 des urgences mondiales<\/strong>. La London School of Economics (LSE), CGLU et Metropolis ont commenc\u00e9 \u00e0 effectuer des recherches conjointes sur ces termes et \u00e0 les mettre en pratique d\u00e8s le d\u00e9but de 2020 dans le cadre de l\u2019initiative \u201cLa gouvernance d\u2019urgence dans les villes et les r\u00e9gions\u201d. Les urgences dites complexes sont consid\u00e9r\u00e9es comme longues, de port\u00e9e politique, et capables d\u2019\u00e9roder la stabilit\u00e9 culturelle, civile et \u00e9conomique des soci\u00e9t\u00e9s.<\/p>\n\n\n\n<p>La pand\u00e9mie de COVID-19 est l\u2019urgence complexe la plus concr\u00e8te \u00e0 laquelle les gouvernements locaux ont r\u00e9cemment d\u00fb faire face. La gouvernance coordonn\u00e9e entre les diff\u00e9rents niveaux, test\u00e9e avec succ\u00e8s pendant la pand\u00e9mie, trace la voie vers un syst\u00e8me multilat\u00e9ral plus repr\u00e9sentatif, inclusif et efficace.<\/p>\n<\/div>\n\n\n\n<div class=\"wp-block-column is-layout-flow wp-block-column-is-layout-flow\">\n<p>Ce&nbsp;<strong>\u201cmultilat\u00e9ralisme 2.0\u201d&nbsp;<\/strong>exige une plus grande reconnaissance du r\u00f4le des acteurs non gouvernementaux, comme les autorit\u00e9s locales et r\u00e9gionales.&nbsp;<strong>La crise climatique, l\u2019accroissement des in\u00e9galit\u00e9s&nbsp;<\/strong>et&nbsp;<strong>l\u2019injustice sociale&nbsp;<\/strong>doivent \u00eatre trait\u00e9s comme des urgences et requi\u00e8rent une nouvelle approche de la gouvernance, un meilleur partage des ressources et des comp\u00e9tences entre les diff\u00e9rents \u00e9chelons gouvernementaux.<\/p>\n\n\n\n<p>Un&nbsp;<strong>leadership local d\u00e9mocratique et f\u00e9ministe&nbsp;<\/strong>est pr\u00eat \u00e0 prendre place dans le processus d\u00e9cisionnel mondial. Les rivalit\u00e9s g\u00e9opolitiques et les alternances politiques ne devraient pas occulter les efforts collectifs r\u00e9alis\u00e9s quotidiennement pour garantir les droits et les actions transformatrices.<\/p>\n\n\n\n<p><strong>Localiser la durabilit\u00e9&nbsp;<\/strong>est le moyen de montrer que nous faisons preuve d\u2019empathie, que nous nous faisons confiance et que nous collaborons. C\u2019est au niveau local et r\u00e9gional que les efforts en mati\u00e8re&nbsp;<strong>d\u2019accessibilit\u00e9<\/strong>,&nbsp;<strong>de logement abordable, d\u2019adaptation au changement climatique, de mobilit\u00e9 et d\u2019\u00e9quit\u00e9&nbsp;<\/strong>sont r\u00e9alis\u00e9s.<\/p>\n\n\n\n<p>Dans ce contexte d\u2019instabilit\u00e9 permanente, l\u2019ann\u00e9e 2023 devrait mettre en lumi\u00e8re le&nbsp;<strong>\u201cPouvoir du Nous\u201d<\/strong>, les&nbsp;<strong>\u201cVilles du Oui\u201d&nbsp;<\/strong>et la diversit\u00e9 des cultures \u00e0 travers laquelle s\u2019exprime notre&nbsp;<strong>humanit\u00e9 commune.<\/strong><\/p>\n<\/div>\n<\/div>\n<\/div><\/div>\n<\/div><\/div>\n","protected":false},"excerpt":{"rendered":"<p>\u00c9ditorial Les Villes en 2023 La&nbsp;\u201cpermacrise\u201d&nbsp;est une p\u00e9riode prolong\u00e9e d\u2019instabilit\u00e9 et d\u2019ins\u00e9curit\u00e9. Selon les dictionnaires Collins, il s\u2019agirait du mot de l\u2019ann\u00e9e 2022, et ce terme semble plus que pertinent pour d\u00e9crire la situation et le sentiment d\u2019accablement partag\u00e9 par la plupart des individus pendant l\u2019ann\u00e9e \u00e9coul\u00e9e. La&nbsp;\u201cpolycrise\u201d&nbsp;est un autre concept largement utilis\u00e9 en 2022 [&hellip;]<\/p>\n","protected":false},"author":1,"featured_media":0,"parent":10,"menu_order":0,"comment_status":"closed","ping_status":"closed","template":"","meta":{"footnotes":""},"class_list":["post-11","page","type-page","status-publish","hentry"],"yoast_head":"<!-- This site is optimized with the Yoast SEO plugin v27.0 - https:\/\/yoast.com\/product\/yoast-seo-wordpress\/ -->\n<title>Les Villes en 2023 - Municipal Forecast - Fran\u00e7ais<\/title>\n<meta name=\"robots\" content=\"index, follow, max-snippet:-1, max-image-preview:large, max-video-preview:-1\" \/>\n<link rel=\"canonical\" href=\"https:\/\/urbanjournalism.institute\/forecast-fr\/forecast-2023\/villes-en-2023\/\" \/>\n<meta property=\"og:locale\" content=\"fr_FR\" \/>\n<meta property=\"og:type\" content=\"article\" \/>\n<meta property=\"og:title\" content=\"Les Villes en 2023 - Municipal Forecast - Fran\u00e7ais\" \/>\n<meta property=\"og:description\" content=\"\u00c9ditorial Les Villes en 2023 La&nbsp;\u201cpermacrise\u201d&nbsp;est une p\u00e9riode prolong\u00e9e d\u2019instabilit\u00e9 et d\u2019ins\u00e9curit\u00e9. Selon les dictionnaires Collins, il s\u2019agirait du mot de l\u2019ann\u00e9e 2022, et ce terme semble plus que pertinent pour d\u00e9crire la situation et le sentiment d\u2019accablement partag\u00e9 par la plupart des individus pendant l\u2019ann\u00e9e \u00e9coul\u00e9e. La&nbsp;\u201cpolycrise\u201d&nbsp;est un autre concept largement utilis\u00e9 en 2022 [&hellip;]\" \/>\n<meta property=\"og:url\" content=\"https:\/\/urbanjournalism.institute\/forecast-fr\/forecast-2023\/villes-en-2023\/\" \/>\n<meta property=\"og:site_name\" content=\"Municipal Forecast - Fran\u00e7ais\" \/>\n<meta property=\"og:image\" content=\"https:\/\/urbanjournalism.institute\/forecast\/wp-content\/themes\/forecast\/dist\/assets\/images\/editorial\/page-1-portrait.jpg\" \/>\n<meta name=\"twitter:card\" content=\"summary_large_image\" \/>\n<meta name=\"twitter:label1\" content=\"Dur\u00e9e de lecture estim\u00e9e\" \/>\n\t<meta name=\"twitter:data1\" content=\"2 minutes\" \/>\n<script type=\"application\/ld+json\" class=\"yoast-schema-graph\">{\"@context\":\"https:\/\/schema.org\",\"@graph\":[{\"@type\":\"WebPage\",\"@id\":\"https:\/\/urbanjournalism.institute\/forecast-fr\/forecast-2023\/villes-en-2023\/\",\"url\":\"https:\/\/urbanjournalism.institute\/forecast-fr\/forecast-2023\/villes-en-2023\/\",\"name\":\"Les Villes en 2023 - Municipal Forecast - Fran\u00e7ais\",\"isPartOf\":{\"@id\":\"https:\/\/urbanjournalism.institute\/forecast-fr\/#website\"},\"primaryImageOfPage\":{\"@id\":\"https:\/\/urbanjournalism.institute\/forecast-fr\/forecast-2023\/villes-en-2023\/#primaryimage\"},\"image\":{\"@id\":\"https:\/\/urbanjournalism.institute\/forecast-fr\/forecast-2023\/villes-en-2023\/#primaryimage\"},\"thumbnailUrl\":\"https:\/\/urbanjournalism.institute\/forecast\/wp-content\/themes\/forecast\/dist\/assets\/images\/editorial\/page-1-portrait.jpg\",\"datePublished\":\"2023-02-20T07:40:59+00:00\",\"breadcrumb\":{\"@id\":\"https:\/\/urbanjournalism.institute\/forecast-fr\/forecast-2023\/villes-en-2023\/#breadcrumb\"},\"inLanguage\":\"fr-FR\",\"potentialAction\":[{\"@type\":\"ReadAction\",\"target\":[\"https:\/\/urbanjournalism.institute\/forecast-fr\/forecast-2023\/villes-en-2023\/\"]}]},{\"@type\":\"ImageObject\",\"inLanguage\":\"fr-FR\",\"@id\":\"https:\/\/urbanjournalism.institute\/forecast-fr\/forecast-2023\/villes-en-2023\/#primaryimage\",\"url\":\"https:\/\/urbanjournalism.institute\/forecast\/wp-content\/themes\/forecast\/dist\/assets\/images\/editorial\/page-1-portrait.jpg\",\"contentUrl\":\"https:\/\/urbanjournalism.institute\/forecast\/wp-content\/themes\/forecast\/dist\/assets\/images\/editorial\/page-1-portrait.jpg\"},{\"@type\":\"BreadcrumbList\",\"@id\":\"https:\/\/urbanjournalism.institute\/forecast-fr\/forecast-2023\/villes-en-2023\/#breadcrumb\",\"itemListElement\":[{\"@type\":\"ListItem\",\"position\":1,\"name\":\"Forecast 2023\",\"item\":\"https:\/\/urbanjournalism.institute\/forecast-fr\/forecast-2023\/\"},{\"@type\":\"ListItem\",\"position\":2,\"name\":\"Les Villes en 2023\"}]},{\"@type\":\"WebSite\",\"@id\":\"https:\/\/urbanjournalism.institute\/forecast-fr\/#website\",\"url\":\"https:\/\/urbanjournalism.institute\/forecast-fr\/\",\"name\":\"Municipal Forecast - Fran\u00e7ais\",\"description\":\"\",\"potentialAction\":[{\"@type\":\"SearchAction\",\"target\":{\"@type\":\"EntryPoint\",\"urlTemplate\":\"https:\/\/urbanjournalism.institute\/forecast-fr\/?s={search_term_string}\"},\"query-input\":{\"@type\":\"PropertyValueSpecification\",\"valueRequired\":true,\"valueName\":\"search_term_string\"}}],\"inLanguage\":\"fr-FR\"}]}<\/script>\n<!-- \/ Yoast SEO plugin. -->","yoast_head_json":{"title":"Les Villes en 2023 - Municipal Forecast - Fran\u00e7ais","robots":{"index":"index","follow":"follow","max-snippet":"max-snippet:-1","max-image-preview":"max-image-preview:large","max-video-preview":"max-video-preview:-1"},"canonical":"https:\/\/urbanjournalism.institute\/forecast-fr\/forecast-2023\/villes-en-2023\/","og_locale":"fr_FR","og_type":"article","og_title":"Les Villes en 2023 - Municipal Forecast - Fran\u00e7ais","og_description":"\u00c9ditorial Les Villes en 2023 La&nbsp;\u201cpermacrise\u201d&nbsp;est une p\u00e9riode prolong\u00e9e d\u2019instabilit\u00e9 et d\u2019ins\u00e9curit\u00e9. Selon les dictionnaires Collins, il s\u2019agirait du mot de l\u2019ann\u00e9e 2022, et ce terme semble plus que pertinent pour d\u00e9crire la situation et le sentiment d\u2019accablement partag\u00e9 par la plupart des individus pendant l\u2019ann\u00e9e \u00e9coul\u00e9e. La&nbsp;\u201cpolycrise\u201d&nbsp;est un autre concept largement utilis\u00e9 en 2022 [&hellip;]","og_url":"https:\/\/urbanjournalism.institute\/forecast-fr\/forecast-2023\/villes-en-2023\/","og_site_name":"Municipal Forecast - Fran\u00e7ais","og_image":[{"url":"https:\/\/urbanjournalism.institute\/forecast\/wp-content\/themes\/forecast\/dist\/assets\/images\/editorial\/page-1-portrait.jpg","type":"","width":"","height":""}],"twitter_card":"summary_large_image","twitter_misc":{"Dur\u00e9e de lecture estim\u00e9e":"2 minutes"},"schema":{"@context":"https:\/\/schema.org","@graph":[{"@type":"WebPage","@id":"https:\/\/urbanjournalism.institute\/forecast-fr\/forecast-2023\/villes-en-2023\/","url":"https:\/\/urbanjournalism.institute\/forecast-fr\/forecast-2023\/villes-en-2023\/","name":"Les Villes en 2023 - Municipal Forecast - Fran\u00e7ais","isPartOf":{"@id":"https:\/\/urbanjournalism.institute\/forecast-fr\/#website"},"primaryImageOfPage":{"@id":"https:\/\/urbanjournalism.institute\/forecast-fr\/forecast-2023\/villes-en-2023\/#primaryimage"},"image":{"@id":"https:\/\/urbanjournalism.institute\/forecast-fr\/forecast-2023\/villes-en-2023\/#primaryimage"},"thumbnailUrl":"https:\/\/urbanjournalism.institute\/forecast\/wp-content\/themes\/forecast\/dist\/assets\/images\/editorial\/page-1-portrait.jpg","datePublished":"2023-02-20T07:40:59+00:00","breadcrumb":{"@id":"https:\/\/urbanjournalism.institute\/forecast-fr\/forecast-2023\/villes-en-2023\/#breadcrumb"},"inLanguage":"fr-FR","potentialAction":[{"@type":"ReadAction","target":["https:\/\/urbanjournalism.institute\/forecast-fr\/forecast-2023\/villes-en-2023\/"]}]},{"@type":"ImageObject","inLanguage":"fr-FR","@id":"https:\/\/urbanjournalism.institute\/forecast-fr\/forecast-2023\/villes-en-2023\/#primaryimage","url":"https:\/\/urbanjournalism.institute\/forecast\/wp-content\/themes\/forecast\/dist\/assets\/images\/editorial\/page-1-portrait.jpg","contentUrl":"https:\/\/urbanjournalism.institute\/forecast\/wp-content\/themes\/forecast\/dist\/assets\/images\/editorial\/page-1-portrait.jpg"},{"@type":"BreadcrumbList","@id":"https:\/\/urbanjournalism.institute\/forecast-fr\/forecast-2023\/villes-en-2023\/#breadcrumb","itemListElement":[{"@type":"ListItem","position":1,"name":"Forecast 2023","item":"https:\/\/urbanjournalism.institute\/forecast-fr\/forecast-2023\/"},{"@type":"ListItem","position":2,"name":"Les Villes en 2023"}]},{"@type":"WebSite","@id":"https:\/\/urbanjournalism.institute\/forecast-fr\/#website","url":"https:\/\/urbanjournalism.institute\/forecast-fr\/","name":"Municipal Forecast - Fran\u00e7ais","description":"","potentialAction":[{"@type":"SearchAction","target":{"@type":"EntryPoint","urlTemplate":"https:\/\/urbanjournalism.institute\/forecast-fr\/?s={search_term_string}"},"query-input":{"@type":"PropertyValueSpecification","valueRequired":true,"valueName":"search_term_string"}}],"inLanguage":"fr-FR"}]}},"_links":{"self":[{"href":"https:\/\/urbanjournalism.institute\/forecast-fr\/wp-json\/wp\/v2\/pages\/11","targetHints":{"allow":["GET"]}}],"collection":[{"href":"https:\/\/urbanjournalism.institute\/forecast-fr\/wp-json\/wp\/v2\/pages"}],"about":[{"href":"https:\/\/urbanjournalism.institute\/forecast-fr\/wp-json\/wp\/v2\/types\/page"}],"author":[{"embeddable":true,"href":"https:\/\/urbanjournalism.institute\/forecast-fr\/wp-json\/wp\/v2\/users\/1"}],"replies":[{"embeddable":true,"href":"https:\/\/urbanjournalism.institute\/forecast-fr\/wp-json\/wp\/v2\/comments?post=11"}],"version-history":[{"count":0,"href":"https:\/\/urbanjournalism.institute\/forecast-fr\/wp-json\/wp\/v2\/pages\/11\/revisions"}],"up":[{"embeddable":true,"href":"https:\/\/urbanjournalism.institute\/forecast-fr\/wp-json\/wp\/v2\/pages\/10"}],"wp:attachment":[{"href":"https:\/\/urbanjournalism.institute\/forecast-fr\/wp-json\/wp\/v2\/media?parent=11"}],"curies":[{"name":"wp","href":"https:\/\/api.w.org\/{rel}","templated":true}]}}