{"id":111,"date":"2024-02-18T23:41:45","date_gmt":"2024-02-18T23:41:45","guid":{"rendered":"https:\/\/urbanjournalism.institute\/forecast-fr\/?page_id=111"},"modified":"2024-02-18T23:41:45","modified_gmt":"2024-02-18T23:41:45","slug":"pour-aller-plus-loin","status":"publish","type":"page","link":"https:\/\/urbanjournalism.institute\/forecast-fr\/forecast-2024\/urban-journalism\/pour-aller-plus-loin\/","title":{"rendered":"Pour aller plus loin"},"content":{"rendered":"\n<div class=\"wp-block-group has-vivid-cyan-blue-color has-light-green-cyan-background-color has-text-color has-background has-link-color wp-elements-a6472c7cad4d032f80282182022acecb\"><div class=\"wp-block-group__inner-container is-layout-constrained wp-block-group-is-layout-constrained\">\n<div class=\"wp-block-group\"><div class=\"wp-block-group__inner-container is-layout-constrained wp-block-group-is-layout-constrained\">\n<div class=\"wp-block-group\"><div class=\"wp-block-group__inner-container is-layout-constrained wp-block-group-is-layout-constrained\">\n<h2 class=\"wp-block-heading text-underline font-normal\">Pour aller plus loin<\/h2>\n\n\n\n<p>Consultez notre calendrier pour les prochaines conf\u00e9rences, congr\u00e8s, forums et r\u00e9unions pertinentes. Au c\u0153ur d\u2019une ann\u00e9e anim\u00e9e, l\u2019accent est mis sur les opportunit\u00e9s pour les gouvernements locaux et r\u00e9gionaux de continuer \u00e0 secouer la sc\u00e8ne multilat\u00e9rale. L\u2019objectif ? S\u2019assurer que chaque voix est entendue \u00e0 la table de prise de d\u00e9cision et se pr\u00e9parer \u00e0 ce qui nous attend en 2025. Ceci est votre calendrier incontournable pour les \u00e9l\u00e9ments essentiels \u00e0 ne pas manquer.<\/p>\n<\/div><\/div>\n<\/div><\/div>\n\n\n\n<div class=\"wp-block-columns is-layout-flex wp-container-core-columns-is-layout-9d6595d7 wp-block-columns-is-layout-flex\">\n<div class=\"wp-block-column is-layout-flow wp-block-column-is-layout-flow\">\n<p class=\"has-text-align-left\"><strong>26 f\u00e9vrier\u2013 1er mars<\/strong><br>Assembl\u00e9e des Nations Unies pour l\u2019environnement(Incluant la Journ\u00e9e des gouvernements locaux et r\u00e9gionaux)<strong><br><\/strong><em>Nairobi (Kenya<\/em><strong>)<br><br>11-22 mars<\/strong><br>68e session de la Commission de la condition de la femme (incluant la Journ\u00e9e des gouvernements locaux et r\u00e9gionaux)<br><em>New York City (\u00c9tats-Unis)<\/em><\/p>\n\n\n\n<p class=\"has-text-align-left\"><strong>17-19 avril<\/strong><br>Bureau ex\u00e9cutif de CGLU<br><em>San Jos\u00e9 (Costa Rica)<\/em><\/p>\n\n\n\n<p class=\"has-text-align-left\"><strong>29 avril-3 mai<\/strong><br>57e session de la Commission de la population et du d\u00e9veloppement <br><em>New York City (\u00c9tats-Unis)<\/em><\/p>\n\n\n\n<p class=\"has-text-align-left\"><strong>18-24 mai<\/strong><br>10e Forum mondial de l\u2019eau<strong><br><\/strong><em>Bali (Indon\u00e9sie)<\/em><\/p>\n<\/div>\n\n\n\n<div class=\"wp-block-column is-layout-flow wp-block-column-is-layout-flow\">\n<p class=\"has-text-align-left\"><strong>16-21 juin<\/strong><br>Sommet international de S\u00e3o Paulo<br>Conseil d\u2019administration de Metropolis<br><em>S\u00e3o Paulo (Br\u00e9sil)<\/em><\/p>\n\n\n\n<p class=\"has-text-align-left\"><strong>17-18 juin<br><\/strong>Sommet Urban20 de S\u00e3o Paulo<br><em>S\u00e3o Paulo (Br\u00e9sil)<\/em><\/p>\n\n\n\n<p class=\"has-text-align-left\"><strong>18-21 juin<br><\/strong>Congr\u00e8s mondial de l\u2019ICLEI<strong><br><\/strong><em>S\u00e3o Paulo (Br\u00e9sil)<\/em><\/p>\n\n\n\n<p class=\"has-text-align-left\"><strong>8-18 juillet<\/strong><br>Forum politique de haut niveau et Forum des gouvernements locaux et r\u00e9gionaux<br><em>New York City (<em>\u00c9tats-Unis<\/em>)<\/em><\/p>\n\n\n\n<p class=\"has-text-align-left\"><strong>22-23 juillet (\u00c0 d\u00e9terminer)<br><\/strong>R\u00e9union Urban7<br><em>Gen\u00e8ve (Suisse)<\/em><\/p>\n\n\n\n<p class=\"has-text-align-left\"><strong>22-23 septembre<\/strong><br>Sommet des Nations Unies de l\u2019avenir<br><em>New York City (USA)<\/em><\/p>\n<\/div>\n\n\n\n<div class=\"wp-block-column is-layout-flow wp-block-column-is-layout-flow\">\n<p><strong>30 septembre &#8211; 1er octobre<\/strong><br>Forum des maires de la CEE-ONU<br><em><em>Gen\u00e8ve (Suisse)<\/em><\/em><\/p>\n\n\n\n<p class=\"has-text-align-left\"><strong>6-11 octobre<\/strong><br>Conseil mondial de CGLU<strong><br><\/strong><em>La Haye (Pays-Bas)<\/em><\/p>\n\n\n\n<p class=\"has-text-align-left\"><strong>17-19 octobre<\/strong><br>23e Conf\u00e9rence internationale de l\u2019Observatoire international de la d\u00e9mocratie participative<br><em>Valongo (Portugal)<\/em><\/p>\n\n\n\n<p class=\"has-text-align-left\"><strong>21 octobre-1er novembre<\/strong><br>16e r\u00e9union de la Conf\u00e9rence des Parties (COP) \u00e0 la Convention sur la diversit\u00e9 biologique<br><em>(Colombie)<\/em><\/p>\n\n\n\n<p><strong>4-8 novembre<\/strong><br>Forum urbain mondial<br><em>Le Caire (\u00c9gypte)<\/em><\/p>\n\n\n\n<p class=\"has-text-align-left\"><strong>11-24 novembre<\/strong><br>COP29<strong><br><\/strong><em>Bakou (Azerba\u00efdjan)<\/em><\/p>\n\n\n\n<p class=\"has-text-align-left\"><strong>16-18 novembre (\u00c0 d\u00e9terminer)<br><\/strong>Sommet du G20 Sommet Urban20 de Rio de Janeiro<br><em>Rio de Janeiro (Br\u00e9sil)<\/em><\/p>\n<\/div>\n<\/div>\n<\/div><\/div>\n","protected":false},"excerpt":{"rendered":"<p>Pour aller plus loin Consultez notre calendrier pour les prochaines conf\u00e9rences, congr\u00e8s, forums et r\u00e9unions pertinentes. Au c\u0153ur d\u2019une ann\u00e9e anim\u00e9e, l\u2019accent est mis sur les opportunit\u00e9s pour les gouvernements locaux et r\u00e9gionaux de continuer \u00e0 secouer la sc\u00e8ne multilat\u00e9rale. L\u2019objectif ? S\u2019assurer que chaque voix est entendue \u00e0 la table de prise de d\u00e9cision [&hellip;]<\/p>\n","protected":false},"author":1,"featured_media":0,"parent":48,"menu_order":5,"comment_status":"closed","ping_status":"closed","template":"","meta":{"footnotes":""},"class_list":["post-111","page","type-page","status-publish","hentry"],"yoast_head":"<!-- This site is optimized with the Yoast SEO plugin v27.0 - https:\/\/yoast.com\/product\/yoast-seo-wordpress\/ -->\n<title>Pour aller plus loin - Municipal Forecast - Fran\u00e7ais<\/title>\n<meta name=\"robots\" content=\"index, follow, max-snippet:-1, max-image-preview:large, max-video-preview:-1\" \/>\n<link rel=\"canonical\" href=\"https:\/\/urbanjournalism.institute\/forecast-fr\/forecast-2024\/urban-journalism\/pour-aller-plus-loin\/\" \/>\n<meta property=\"og:locale\" content=\"fr_FR\" \/>\n<meta property=\"og:type\" content=\"article\" \/>\n<meta property=\"og:title\" content=\"Pour aller plus loin - Municipal Forecast - Fran\u00e7ais\" \/>\n<meta property=\"og:description\" content=\"Pour aller plus loin Consultez notre calendrier pour les prochaines conf\u00e9rences, congr\u00e8s, forums et r\u00e9unions pertinentes. Au c\u0153ur d\u2019une ann\u00e9e anim\u00e9e, l\u2019accent est mis sur les opportunit\u00e9s pour les gouvernements locaux et r\u00e9gionaux de continuer \u00e0 secouer la sc\u00e8ne multilat\u00e9rale. L\u2019objectif ? S\u2019assurer que chaque voix est entendue \u00e0 la table de prise de d\u00e9cision [&hellip;]\" \/>\n<meta property=\"og:url\" content=\"https:\/\/urbanjournalism.institute\/forecast-fr\/forecast-2024\/urban-journalism\/pour-aller-plus-loin\/\" \/>\n<meta property=\"og:site_name\" content=\"Municipal Forecast - Fran\u00e7ais\" \/>\n<meta name=\"twitter:card\" content=\"summary_large_image\" \/>\n<meta name=\"twitter:label1\" content=\"Dur\u00e9e de lecture estim\u00e9e\" \/>\n\t<meta name=\"twitter:data1\" content=\"2 minutes\" \/>\n<script type=\"application\/ld+json\" class=\"yoast-schema-graph\">{\"@context\":\"https:\/\/schema.org\",\"@graph\":[{\"@type\":\"WebPage\",\"@id\":\"https:\/\/urbanjournalism.institute\/forecast-fr\/forecast-2024\/urban-journalism\/pour-aller-plus-loin\/\",\"url\":\"https:\/\/urbanjournalism.institute\/forecast-fr\/forecast-2024\/urban-journalism\/pour-aller-plus-loin\/\",\"name\":\"Pour aller plus loin - Municipal Forecast - Fran\u00e7ais\",\"isPartOf\":{\"@id\":\"https:\/\/urbanjournalism.institute\/forecast-fr\/#website\"},\"datePublished\":\"2024-02-18T23:41:45+00:00\",\"breadcrumb\":{\"@id\":\"https:\/\/urbanjournalism.institute\/forecast-fr\/forecast-2024\/urban-journalism\/pour-aller-plus-loin\/#breadcrumb\"},\"inLanguage\":\"fr-FR\",\"potentialAction\":[{\"@type\":\"ReadAction\",\"target\":[\"https:\/\/urbanjournalism.institute\/forecast-fr\/forecast-2024\/urban-journalism\/pour-aller-plus-loin\/\"]}]},{\"@type\":\"BreadcrumbList\",\"@id\":\"https:\/\/urbanjournalism.institute\/forecast-fr\/forecast-2024\/urban-journalism\/pour-aller-plus-loin\/#breadcrumb\",\"itemListElement\":[{\"@type\":\"ListItem\",\"position\":1,\"name\":\"Forecast 2024\",\"item\":\"https:\/\/urbanjournalism.institute\/forecast-fr\/\"},{\"@type\":\"ListItem\",\"position\":2,\"name\":\"Urban Journalism\",\"item\":\"https:\/\/urbanjournalism.institute\/forecast-fr\/forecast-2024\/urban-journalism\/\"},{\"@type\":\"ListItem\",\"position\":3,\"name\":\"Pour aller plus loin\"}]},{\"@type\":\"WebSite\",\"@id\":\"https:\/\/urbanjournalism.institute\/forecast-fr\/#website\",\"url\":\"https:\/\/urbanjournalism.institute\/forecast-fr\/\",\"name\":\"Municipal Forecast - Fran\u00e7ais\",\"description\":\"\",\"potentialAction\":[{\"@type\":\"SearchAction\",\"target\":{\"@type\":\"EntryPoint\",\"urlTemplate\":\"https:\/\/urbanjournalism.institute\/forecast-fr\/?s={search_term_string}\"},\"query-input\":{\"@type\":\"PropertyValueSpecification\",\"valueRequired\":true,\"valueName\":\"search_term_string\"}}],\"inLanguage\":\"fr-FR\"}]}<\/script>\n<!-- \/ Yoast SEO plugin. -->","yoast_head_json":{"title":"Pour aller plus loin - Municipal Forecast - Fran\u00e7ais","robots":{"index":"index","follow":"follow","max-snippet":"max-snippet:-1","max-image-preview":"max-image-preview:large","max-video-preview":"max-video-preview:-1"},"canonical":"https:\/\/urbanjournalism.institute\/forecast-fr\/forecast-2024\/urban-journalism\/pour-aller-plus-loin\/","og_locale":"fr_FR","og_type":"article","og_title":"Pour aller plus loin - Municipal Forecast - Fran\u00e7ais","og_description":"Pour aller plus loin Consultez notre calendrier pour les prochaines conf\u00e9rences, congr\u00e8s, forums et r\u00e9unions pertinentes. Au c\u0153ur d\u2019une ann\u00e9e anim\u00e9e, l\u2019accent est mis sur les opportunit\u00e9s pour les gouvernements locaux et r\u00e9gionaux de continuer \u00e0 secouer la sc\u00e8ne multilat\u00e9rale. L\u2019objectif ? S\u2019assurer que chaque voix est entendue \u00e0 la table de prise de d\u00e9cision [&hellip;]","og_url":"https:\/\/urbanjournalism.institute\/forecast-fr\/forecast-2024\/urban-journalism\/pour-aller-plus-loin\/","og_site_name":"Municipal Forecast - Fran\u00e7ais","twitter_card":"summary_large_image","twitter_misc":{"Dur\u00e9e de lecture estim\u00e9e":"2 minutes"},"schema":{"@context":"https:\/\/schema.org","@graph":[{"@type":"WebPage","@id":"https:\/\/urbanjournalism.institute\/forecast-fr\/forecast-2024\/urban-journalism\/pour-aller-plus-loin\/","url":"https:\/\/urbanjournalism.institute\/forecast-fr\/forecast-2024\/urban-journalism\/pour-aller-plus-loin\/","name":"Pour aller plus loin - Municipal Forecast - Fran\u00e7ais","isPartOf":{"@id":"https:\/\/urbanjournalism.institute\/forecast-fr\/#website"},"datePublished":"2024-02-18T23:41:45+00:00","breadcrumb":{"@id":"https:\/\/urbanjournalism.institute\/forecast-fr\/forecast-2024\/urban-journalism\/pour-aller-plus-loin\/#breadcrumb"},"inLanguage":"fr-FR","potentialAction":[{"@type":"ReadAction","target":["https:\/\/urbanjournalism.institute\/forecast-fr\/forecast-2024\/urban-journalism\/pour-aller-plus-loin\/"]}]},{"@type":"BreadcrumbList","@id":"https:\/\/urbanjournalism.institute\/forecast-fr\/forecast-2024\/urban-journalism\/pour-aller-plus-loin\/#breadcrumb","itemListElement":[{"@type":"ListItem","position":1,"name":"Forecast 2024","item":"https:\/\/urbanjournalism.institute\/forecast-fr\/"},{"@type":"ListItem","position":2,"name":"Urban Journalism","item":"https:\/\/urbanjournalism.institute\/forecast-fr\/forecast-2024\/urban-journalism\/"},{"@type":"ListItem","position":3,"name":"Pour aller plus loin"}]},{"@type":"WebSite","@id":"https:\/\/urbanjournalism.institute\/forecast-fr\/#website","url":"https:\/\/urbanjournalism.institute\/forecast-fr\/","name":"Municipal Forecast - Fran\u00e7ais","description":"","potentialAction":[{"@type":"SearchAction","target":{"@type":"EntryPoint","urlTemplate":"https:\/\/urbanjournalism.institute\/forecast-fr\/?s={search_term_string}"},"query-input":{"@type":"PropertyValueSpecification","valueRequired":true,"valueName":"search_term_string"}}],"inLanguage":"fr-FR"}]}},"_links":{"self":[{"href":"https:\/\/urbanjournalism.institute\/forecast-fr\/wp-json\/wp\/v2\/pages\/111","targetHints":{"allow":["GET"]}}],"collection":[{"href":"https:\/\/urbanjournalism.institute\/forecast-fr\/wp-json\/wp\/v2\/pages"}],"about":[{"href":"https:\/\/urbanjournalism.institute\/forecast-fr\/wp-json\/wp\/v2\/types\/page"}],"author":[{"embeddable":true,"href":"https:\/\/urbanjournalism.institute\/forecast-fr\/wp-json\/wp\/v2\/users\/1"}],"replies":[{"embeddable":true,"href":"https:\/\/urbanjournalism.institute\/forecast-fr\/wp-json\/wp\/v2\/comments?post=111"}],"version-history":[{"count":1,"href":"https:\/\/urbanjournalism.institute\/forecast-fr\/wp-json\/wp\/v2\/pages\/111\/revisions"}],"predecessor-version":[{"id":112,"href":"https:\/\/urbanjournalism.institute\/forecast-fr\/wp-json\/wp\/v2\/pages\/111\/revisions\/112"}],"up":[{"embeddable":true,"href":"https:\/\/urbanjournalism.institute\/forecast-fr\/wp-json\/wp\/v2\/pages\/48"}],"wp:attachment":[{"href":"https:\/\/urbanjournalism.institute\/forecast-fr\/wp-json\/wp\/v2\/media?parent=111"}],"curies":[{"name":"wp","href":"https:\/\/api.w.org\/{rel}","templated":true}]}}