{"id":13,"date":"2023-02-20T07:40:59","date_gmt":"2023-02-20T07:40:59","guid":{"rendered":"https:\/\/urbanjournalism.institute\/forecast\/fr\/forecast-2023\/villes-en-2023\/a-quoi-sattendre-en-2023\/"},"modified":"2023-02-20T07:40:59","modified_gmt":"2023-02-20T07:40:59","slug":"a-quoi-sattendre-en-2023","status":"publish","type":"page","link":"https:\/\/urbanjournalism.institute\/forecast-fr\/forecast-2023\/villes-en-2023\/a-quoi-sattendre-en-2023\/","title":{"rendered":"Ce qui nous attend en 2023"},"content":{"rendered":"\n<div class=\"wp-block-group\"><div class=\"wp-block-group__inner-container is-layout-constrained wp-block-group-is-layout-constrained\">\n<div class=\"wp-block-columns is-layout-flex wp-container-core-columns-is-layout-9d6595d7 wp-block-columns-is-layout-flex\">\n<div class=\"wp-block-column is-layout-flow wp-block-column-is-layout-flow\">\n<p>ONU-Habitat a d\u00e9fini les principales orientations pour 2023 dans son rapport&nbsp;<em>\u201cPriorit\u00e9s 2022-2023 : Logement d\u00e9cent, Villes et changement climatique, et localisation des objectifs de d\u00e9veloppement durable\u201d<\/em>.&nbsp;<strong>L\u2019acc\u00e8s \u00e0 un logement d\u00e9cent pour tous&nbsp;<\/strong>reste la priorit\u00e9 la plus urgente. Celle-ci devrait \u00eatre int\u00e9gr\u00e9e aux strat\u00e9gies nationales et internationales&nbsp;<strong>d\u2019am\u00e9nagement du territoire<\/strong>. Les villes participent \u00e9galement \u00e0 l\u2019\u00e9laboration de&nbsp;<strong>solutions au changement climatique<\/strong>, autre priorit\u00e9 n\u00e9cessitant une attention urgente. En collaborant avec leur gouvernement national, les municipalit\u00e9s peuvent permettre aux populations de devenir plus r\u00e9silientes, et d\u2019am\u00e9liorer leurs conditions environnementales, sociales, sanitaires, s\u00e9curitaires et \u00e9conomiques. Enfin, la&nbsp;<strong>localisation des Objectifs de D\u00e9veloppement Durable&nbsp;<\/strong>devrait devenir une priorit\u00e9.<\/p>\n\n\n\n<p>Les autres perspectives pour 2023 en termes de r\u00e9alisations locales sont : la&nbsp;<strong>d\u00e9carbonation&nbsp;<\/strong>et l\u2019am\u00e9lioration de la&nbsp;<strong>qualit\u00e9 de l\u2019air<\/strong>, les&nbsp;<strong>\u00e9quipements centr\u00e9s sur l\u2019individu&nbsp;<\/strong>et la r\u00e9duction de la&nbsp;<strong>fracture num\u00e9rique&nbsp;<\/strong>permettant notamment une&nbsp;<strong>citoyennet\u00e9 plus participative&nbsp;<\/strong>impliquant&nbsp;<strong>jeunes&nbsp;<\/strong>et&nbsp;<strong>personnes \u00e2g\u00e9es.<\/strong><\/p>\n\n\n\n<p><\/p>\n\n\n\n<figure class=\"wp-block-image size-large caption-out\"><img decoding=\"async\" src=\"https:\/\/urbanjournalism.institute\/forecast\/wp-content\/themes\/forecast\/dist\/assets\/images\/editorial\/page-3-landscape.jpg\" alt=\"\" \/><figcaption class=\"wp-element-caption\"><em>S\u00e9oul, R\u00e9publique de Cor\u00e9e<\/em><br><em>\u00a9 Andre Greiffenstein<\/em><\/figcaption><\/figure>\n<\/div>\n\n\n\n<div class=\"wp-block-column is-layout-flow wp-block-column-is-layout-flow\">\n<p>La&nbsp;<strong>diplomatie des villes&nbsp;<\/strong>continuera \u00e0 \u00e9tendre sa port\u00e9e et son influence dans la poursuite du d\u00e9veloppement durable. En octobre 2022, l\u2019ambassadrice Nina Hachigian, ancienne premi\u00e8re adjointe au maire aux affaires internationales de la ville de Los Angeles, a \u00e9t\u00e9 nomm\u00e9e Repr\u00e9sentante sp\u00e9ciale pour la diplomatie territoriale au sein du D\u00e9partement d\u2019\u00c9tat am\u00e9ricain. D\u2019autres gouvernements nationaux perp\u00e9tueront ce mouvement de renforcement de la collaboration avec les responsables locaux. La politique \u00e9trang\u00e8re par la diplomatie locale gagnera alors en visibilit\u00e9, tout comme les efforts des villes \u00e0 faire avancer les agendas nationaux et mondiaux.<\/p>\n\n\n\n<p>Les strat\u00e9gies de&nbsp;<strong>planification urbaine&nbsp;<\/strong>envisag\u00e9es mondialement auront du mal \u00e0 \u00eatre aussi pertinentes qu\u2019elles devraient, mais toutes les d\u00e9cisions prises en termes de d\u00e9veloppement territorial auront un impact sur le caract\u00e8re inclusif et \u00e9galitaire des infrastructures de demain. L\u2019ann\u00e9e 2023 verra des avanc\u00e9es dans la r\u00e9alisation de nouvelles capitales comme Nusantara en Indon\u00e9sie ou la nouvelle capitale administrative en Egypte. Cependant, les probl\u00e9matiques \u201c r\u00e9currentes \u201c telles que l\u2019habitat informel, o\u00f9 jusqu\u2019\u00e0 quatre g\u00e9n\u00e9rations de citoyens ont v\u00e9cu, ne figurent toujours pas dans les agendas politiques.<\/p>\n\n\n\n<p>La\u00a0<strong>d\u00e9sinformation<\/strong>, la\u00a0<strong>cybers\u00e9curit\u00e9\u00a0<\/strong>et l\u2019exploitation des donn\u00e9es personnelles continueront \u00e0 constituer encore un danger mondial pour la confiance envers les pouvoirs publics. Les droits num\u00e9riques des citoyens et les environnements virtuels accessibles et non discriminatoires n\u00e9cessiteront une plus grande vigilance. La toute premi\u00e8re Conf\u00e9rence des Nations Unies sur l\u2019Eau permettra d\u2019attirer l\u2019attention sur les\u00a0<strong>droits \u00e0 l\u2019eau<\/strong>, mais aussi sur\u00a0<strong>l\u2019\u00e9conomie bleue\u00a0<\/strong>en tant que catalyseur des villes c\u00f4ti\u00e8res ou des villes des deltas.<\/p>\n<\/div>\n<\/div>\n<\/div><\/div>\n\n\n\n<div class=\"wp-block-group\"><div class=\"wp-block-group__inner-container is-layout-constrained wp-block-group-is-layout-constrained\">\n<div class=\"wp-block-columns are-vertically-aligned-top is-layout-flex wp-container-core-columns-is-layout-9d6595d7 wp-block-columns-is-layout-flex\">\n<div class=\"wp-block-column is-vertically-aligned-top is-layout-flow wp-block-column-is-layout-flow\" style=\"flex-basis:33.33%\">\n<h4 class=\"wp-block-heading fs-4\"><em>Vous ne connaissez pas encore ChatGPT ? Tenez-vous pr\u00eats&nbsp;<\/em><\/h4>\n\n\n\n<hr class=\"wp-block-separator has-alpha-channel-opacity is-style-wide\" \/>\n\n\n\n<p>Le 30 novembre 2022, OpenAI a rendu public la b\u00eata de ChatGPT (Generative Pre-Trained Transformer). Depuis cette date, les experts discutent des implications de cette intelligence artificielle. D\u00e9fier ChatGPT avec des questions ou des exercices est m\u00eame devenu un passe-temps familial pour des centaines d\u2019utilisateurs ces derni\u00e8res semaines. Le service est actuellement gratuit. Et fin d\u00e9cembre 2022, plus de deux millions d\u2019utilisateurs l\u2019avaient test\u00e9.&nbsp;<\/p>\n\n\n\n<p>ChatGPT est un chatbot \u00e0 grande \u00e9chelle, entra\u00een\u00e9 gr\u00e2ce \u00e0 l\u2019utilisation massive de donn\u00e9es provenant d\u2019Internet et d\u2019autres sources publiques. OpenAI explique avoir entra\u00een\u00e9 un \u201cmod\u00e8le appel\u00e9 ChatGPT, qui interagit de mani\u00e8re conversationnelle. Le format du dialogue permet \u00e0 ChatGPT de prendre en compte les pr\u00e9c\u00e9dentes questions dans ses r\u00e9ponses, d\u2019admettre ses erreurs, de contester des hypoth\u00e8ses incorrectes et de rejeter des demandes inappropri\u00e9es.\u201d&nbsp;<\/p>\n\n\n\n<p>Microsoft, qui \u00e9tait d\u00e9j\u00e0 partenaire du d\u00e9veloppement de ChatGPT, a annonc\u00e9 en janvier 2023 un investissement de plusieurs milliards de dollars dans OpenAI pour acc\u00e9l\u00e9rer et d\u00e9mocratiser l\u2019intelligence artificielle.&nbsp;<\/p>\n\n\n\n<p>Il \u00e9tait difficile de lutter contre la tentation de demander \u00e0 ChatGPT les tendances mondiales des gouvernements locaux et r\u00e9gionaux pour 2023. Nous vous laissons juger par vous-m\u00eame de sa r\u00e9ponse&#8230;&nbsp;<\/p>\n<\/div>\n\n\n\n<div class=\"wp-block-column is-vertically-aligned-top is-layout-flow wp-block-column-is-layout-flow\" style=\"flex-basis:66.66%\">\n<div class=\"wp-block-group has-pale-pink-background-color has-background\"><div class=\"wp-block-group__inner-container is-layout-constrained wp-block-group-is-layout-constrained\">\n<h4 class=\"wp-block-heading fs-4\"><em>Tendances mondiales pour les collectivit\u00e9s locales et r\u00e9gionales<\/em><\/h4>\n\n\n\n<p class=\"small\"><em><em>\u00c9crit par ChatGPT (janvier 2023)<\/em><\/em><\/p>\n\n\n\n<p><strong>1.\u00a0Une utilisation accrue de la technologie num\u00e9rique :<\/strong> les collectivit\u00e9s locales et r\u00e9gionales du monde entier continueront d\u2019investir dans les infrastructures et les technologies num\u00e9riques afin d\u2019am\u00e9liorer l\u2019efficience de leurs op\u00e9rations et services. Cela comprend l\u2019utilisation de l\u2019intelligence artificielle, du \u201ccloud computing\u201d, de l\u2019analyse des donn\u00e9es et de la technologie blockchain.<\/p>\n\n\n\n<p><strong>2.\u00a0Une plus grande attention port\u00e9e \u00e0 la durabilit\u00e9 : <\/strong>les collectivit\u00e9s locales et r\u00e9gionales continueront de donner la priorit\u00e9 aux initiatives durables, en particulier celles r\u00e9duisant les \u00e9missions ou am\u00e9liorant la gestion des ressources. Cela comprend le d\u00e9ploiement d\u2019infrastructures vertes, d\u2019\u00e9nergies renouvelables et de b\u00e2timents \u00e9cologiquement viables.<\/p>\n\n\n\n<p><strong>3.\u00a0Un plus large engagement des citoyens : <\/strong>les collectivit\u00e9s locales et r\u00e9gionales veilleront \u00e0 faire participer plus activement les citoyens aux processus de d\u00e9cision et \u00e0 la formulation des politiques publiques. Cela inclut l\u2019utilisation d\u2019outils num\u00e9riques comme les plateformes de donn\u00e9es ouvertes et les portails de participation citoyenne en ligne.<\/p>\n\n\n\n<p><strong>4.\u00a0Une attention accrue pour la s\u00e9curit\u00e9 publique :<\/strong> les collectivit\u00e9s locales et r\u00e9gionales continueront d\u2019am\u00e9liorer la s\u00e9curit\u00e9, notamment par l\u2019utilisation de technologies de surveillance, par le d\u00e9veloppement de la police dite \u201cpr\u00e9dictive\u201d et par le recrutement d\u2019un plus grand nombre d\u2019agents.\u00a0<\/p>\n\n\n\n<p><strong>5.\u00a0Un renforcement des partenariats r\u00e9gionaux : <\/strong>pour am\u00e9liorer la comp\u00e9titivit\u00e9 mondiale, les gouvernements locaux et r\u00e9gionaux continueront d\u2019\u00e9tablir des alliances avec des gouvernements, des entreprises et des organisations de la soci\u00e9t\u00e9 civile. Cela inclut la formation d\u2019accords commerciaux et la promotion de l\u2019int\u00e9gration \u00e9conomique locale.<\/p>\n<\/div><\/div>\n<\/div>\n<\/div>\n<\/div><\/div>\n","protected":false},"excerpt":{"rendered":"<p>ONU-Habitat a d\u00e9fini les principales orientations pour 2023 dans son rapport&nbsp;\u201cPriorit\u00e9s 2022-2023 : Logement d\u00e9cent, Villes et changement climatique, et localisation des objectifs de d\u00e9veloppement durable\u201d.&nbsp;L\u2019acc\u00e8s \u00e0 un logement d\u00e9cent pour tous&nbsp;reste la priorit\u00e9 la plus urgente. Celle-ci devrait \u00eatre int\u00e9gr\u00e9e aux strat\u00e9gies nationales et internationales&nbsp;d\u2019am\u00e9nagement du territoire. Les villes participent \u00e9galement \u00e0 l\u2019\u00e9laboration de&nbsp;solutions [&hellip;]<\/p>\n","protected":false},"author":1,"featured_media":0,"parent":11,"menu_order":10,"comment_status":"closed","ping_status":"closed","template":"","meta":{"footnotes":""},"class_list":["post-13","page","type-page","status-publish","hentry"],"yoast_head":"<!-- This site is optimized with the Yoast SEO plugin v27.0 - https:\/\/yoast.com\/product\/yoast-seo-wordpress\/ -->\n<title>Ce qui nous attend en 2023 - Municipal Forecast - Fran\u00e7ais<\/title>\n<meta name=\"robots\" content=\"index, follow, max-snippet:-1, max-image-preview:large, max-video-preview:-1\" \/>\n<link rel=\"canonical\" href=\"https:\/\/urbanjournalism.institute\/forecast-fr\/forecast-2023\/villes-en-2023\/a-quoi-sattendre-en-2023\/\" \/>\n<meta property=\"og:locale\" content=\"fr_FR\" \/>\n<meta property=\"og:type\" content=\"article\" \/>\n<meta property=\"og:title\" content=\"Ce qui nous attend en 2023 - Municipal Forecast - Fran\u00e7ais\" \/>\n<meta property=\"og:description\" content=\"ONU-Habitat a d\u00e9fini les principales orientations pour 2023 dans son rapport&nbsp;\u201cPriorit\u00e9s 2022-2023 : Logement d\u00e9cent, Villes et changement climatique, et localisation des objectifs de d\u00e9veloppement durable\u201d.&nbsp;L\u2019acc\u00e8s \u00e0 un logement d\u00e9cent pour tous&nbsp;reste la priorit\u00e9 la plus urgente. Celle-ci devrait \u00eatre int\u00e9gr\u00e9e aux strat\u00e9gies nationales et internationales&nbsp;d\u2019am\u00e9nagement du territoire. Les villes participent \u00e9galement \u00e0 l\u2019\u00e9laboration de&nbsp;solutions [&hellip;]\" \/>\n<meta property=\"og:url\" content=\"https:\/\/urbanjournalism.institute\/forecast-fr\/forecast-2023\/villes-en-2023\/a-quoi-sattendre-en-2023\/\" \/>\n<meta property=\"og:site_name\" content=\"Municipal Forecast - Fran\u00e7ais\" \/>\n<meta property=\"og:image\" content=\"https:\/\/urbanjournalism.institute\/forecast\/wp-content\/themes\/forecast\/dist\/assets\/images\/editorial\/page-3-landscape.jpg\" \/>\n<meta name=\"twitter:card\" content=\"summary_large_image\" \/>\n<meta name=\"twitter:label1\" content=\"Dur\u00e9e de lecture estim\u00e9e\" \/>\n\t<meta name=\"twitter:data1\" content=\"5 minutes\" \/>\n<script type=\"application\/ld+json\" class=\"yoast-schema-graph\">{\"@context\":\"https:\/\/schema.org\",\"@graph\":[{\"@type\":\"WebPage\",\"@id\":\"https:\/\/urbanjournalism.institute\/forecast-fr\/forecast-2023\/villes-en-2023\/a-quoi-sattendre-en-2023\/\",\"url\":\"https:\/\/urbanjournalism.institute\/forecast-fr\/forecast-2023\/villes-en-2023\/a-quoi-sattendre-en-2023\/\",\"name\":\"Ce qui nous attend en 2023 - Municipal Forecast - Fran\u00e7ais\",\"isPartOf\":{\"@id\":\"https:\/\/urbanjournalism.institute\/forecast-fr\/#website\"},\"primaryImageOfPage\":{\"@id\":\"https:\/\/urbanjournalism.institute\/forecast-fr\/forecast-2023\/villes-en-2023\/a-quoi-sattendre-en-2023\/#primaryimage\"},\"image\":{\"@id\":\"https:\/\/urbanjournalism.institute\/forecast-fr\/forecast-2023\/villes-en-2023\/a-quoi-sattendre-en-2023\/#primaryimage\"},\"thumbnailUrl\":\"https:\/\/urbanjournalism.institute\/forecast\/wp-content\/themes\/forecast\/dist\/assets\/images\/editorial\/page-3-landscape.jpg\",\"datePublished\":\"2023-02-20T07:40:59+00:00\",\"breadcrumb\":{\"@id\":\"https:\/\/urbanjournalism.institute\/forecast-fr\/forecast-2023\/villes-en-2023\/a-quoi-sattendre-en-2023\/#breadcrumb\"},\"inLanguage\":\"fr-FR\",\"potentialAction\":[{\"@type\":\"ReadAction\",\"target\":[\"https:\/\/urbanjournalism.institute\/forecast-fr\/forecast-2023\/villes-en-2023\/a-quoi-sattendre-en-2023\/\"]}]},{\"@type\":\"ImageObject\",\"inLanguage\":\"fr-FR\",\"@id\":\"https:\/\/urbanjournalism.institute\/forecast-fr\/forecast-2023\/villes-en-2023\/a-quoi-sattendre-en-2023\/#primaryimage\",\"url\":\"https:\/\/urbanjournalism.institute\/forecast\/wp-content\/themes\/forecast\/dist\/assets\/images\/editorial\/page-3-landscape.jpg\",\"contentUrl\":\"https:\/\/urbanjournalism.institute\/forecast\/wp-content\/themes\/forecast\/dist\/assets\/images\/editorial\/page-3-landscape.jpg\"},{\"@type\":\"BreadcrumbList\",\"@id\":\"https:\/\/urbanjournalism.institute\/forecast-fr\/forecast-2023\/villes-en-2023\/a-quoi-sattendre-en-2023\/#breadcrumb\",\"itemListElement\":[{\"@type\":\"ListItem\",\"position\":1,\"name\":\"Forecast 2023\",\"item\":\"https:\/\/urbanjournalism.institute\/forecast-fr\/forecast-2023\/\"},{\"@type\":\"ListItem\",\"position\":2,\"name\":\"Les Villes en 2023\",\"item\":\"https:\/\/urbanjournalism.institute\/forecast-fr\/forecast-2023\/villes-en-2023\/\"},{\"@type\":\"ListItem\",\"position\":3,\"name\":\"Ce qui nous attend en 2023\"}]},{\"@type\":\"WebSite\",\"@id\":\"https:\/\/urbanjournalism.institute\/forecast-fr\/#website\",\"url\":\"https:\/\/urbanjournalism.institute\/forecast-fr\/\",\"name\":\"Municipal Forecast - Fran\u00e7ais\",\"description\":\"\",\"potentialAction\":[{\"@type\":\"SearchAction\",\"target\":{\"@type\":\"EntryPoint\",\"urlTemplate\":\"https:\/\/urbanjournalism.institute\/forecast-fr\/?s={search_term_string}\"},\"query-input\":{\"@type\":\"PropertyValueSpecification\",\"valueRequired\":true,\"valueName\":\"search_term_string\"}}],\"inLanguage\":\"fr-FR\"}]}<\/script>\n<!-- \/ Yoast SEO plugin. -->","yoast_head_json":{"title":"Ce qui nous attend en 2023 - Municipal Forecast - Fran\u00e7ais","robots":{"index":"index","follow":"follow","max-snippet":"max-snippet:-1","max-image-preview":"max-image-preview:large","max-video-preview":"max-video-preview:-1"},"canonical":"https:\/\/urbanjournalism.institute\/forecast-fr\/forecast-2023\/villes-en-2023\/a-quoi-sattendre-en-2023\/","og_locale":"fr_FR","og_type":"article","og_title":"Ce qui nous attend en 2023 - Municipal Forecast - Fran\u00e7ais","og_description":"ONU-Habitat a d\u00e9fini les principales orientations pour 2023 dans son rapport&nbsp;\u201cPriorit\u00e9s 2022-2023 : Logement d\u00e9cent, Villes et changement climatique, et localisation des objectifs de d\u00e9veloppement durable\u201d.&nbsp;L\u2019acc\u00e8s \u00e0 un logement d\u00e9cent pour tous&nbsp;reste la priorit\u00e9 la plus urgente. Celle-ci devrait \u00eatre int\u00e9gr\u00e9e aux strat\u00e9gies nationales et internationales&nbsp;d\u2019am\u00e9nagement du territoire. Les villes participent \u00e9galement \u00e0 l\u2019\u00e9laboration de&nbsp;solutions [&hellip;]","og_url":"https:\/\/urbanjournalism.institute\/forecast-fr\/forecast-2023\/villes-en-2023\/a-quoi-sattendre-en-2023\/","og_site_name":"Municipal Forecast - Fran\u00e7ais","og_image":[{"url":"https:\/\/urbanjournalism.institute\/forecast\/wp-content\/themes\/forecast\/dist\/assets\/images\/editorial\/page-3-landscape.jpg","type":"","width":"","height":""}],"twitter_card":"summary_large_image","twitter_misc":{"Dur\u00e9e de lecture estim\u00e9e":"5 minutes"},"schema":{"@context":"https:\/\/schema.org","@graph":[{"@type":"WebPage","@id":"https:\/\/urbanjournalism.institute\/forecast-fr\/forecast-2023\/villes-en-2023\/a-quoi-sattendre-en-2023\/","url":"https:\/\/urbanjournalism.institute\/forecast-fr\/forecast-2023\/villes-en-2023\/a-quoi-sattendre-en-2023\/","name":"Ce qui nous attend en 2023 - Municipal Forecast - Fran\u00e7ais","isPartOf":{"@id":"https:\/\/urbanjournalism.institute\/forecast-fr\/#website"},"primaryImageOfPage":{"@id":"https:\/\/urbanjournalism.institute\/forecast-fr\/forecast-2023\/villes-en-2023\/a-quoi-sattendre-en-2023\/#primaryimage"},"image":{"@id":"https:\/\/urbanjournalism.institute\/forecast-fr\/forecast-2023\/villes-en-2023\/a-quoi-sattendre-en-2023\/#primaryimage"},"thumbnailUrl":"https:\/\/urbanjournalism.institute\/forecast\/wp-content\/themes\/forecast\/dist\/assets\/images\/editorial\/page-3-landscape.jpg","datePublished":"2023-02-20T07:40:59+00:00","breadcrumb":{"@id":"https:\/\/urbanjournalism.institute\/forecast-fr\/forecast-2023\/villes-en-2023\/a-quoi-sattendre-en-2023\/#breadcrumb"},"inLanguage":"fr-FR","potentialAction":[{"@type":"ReadAction","target":["https:\/\/urbanjournalism.institute\/forecast-fr\/forecast-2023\/villes-en-2023\/a-quoi-sattendre-en-2023\/"]}]},{"@type":"ImageObject","inLanguage":"fr-FR","@id":"https:\/\/urbanjournalism.institute\/forecast-fr\/forecast-2023\/villes-en-2023\/a-quoi-sattendre-en-2023\/#primaryimage","url":"https:\/\/urbanjournalism.institute\/forecast\/wp-content\/themes\/forecast\/dist\/assets\/images\/editorial\/page-3-landscape.jpg","contentUrl":"https:\/\/urbanjournalism.institute\/forecast\/wp-content\/themes\/forecast\/dist\/assets\/images\/editorial\/page-3-landscape.jpg"},{"@type":"BreadcrumbList","@id":"https:\/\/urbanjournalism.institute\/forecast-fr\/forecast-2023\/villes-en-2023\/a-quoi-sattendre-en-2023\/#breadcrumb","itemListElement":[{"@type":"ListItem","position":1,"name":"Forecast 2023","item":"https:\/\/urbanjournalism.institute\/forecast-fr\/forecast-2023\/"},{"@type":"ListItem","position":2,"name":"Les Villes en 2023","item":"https:\/\/urbanjournalism.institute\/forecast-fr\/forecast-2023\/villes-en-2023\/"},{"@type":"ListItem","position":3,"name":"Ce qui nous attend en 2023"}]},{"@type":"WebSite","@id":"https:\/\/urbanjournalism.institute\/forecast-fr\/#website","url":"https:\/\/urbanjournalism.institute\/forecast-fr\/","name":"Municipal Forecast - Fran\u00e7ais","description":"","potentialAction":[{"@type":"SearchAction","target":{"@type":"EntryPoint","urlTemplate":"https:\/\/urbanjournalism.institute\/forecast-fr\/?s={search_term_string}"},"query-input":{"@type":"PropertyValueSpecification","valueRequired":true,"valueName":"search_term_string"}}],"inLanguage":"fr-FR"}]}},"_links":{"self":[{"href":"https:\/\/urbanjournalism.institute\/forecast-fr\/wp-json\/wp\/v2\/pages\/13","targetHints":{"allow":["GET"]}}],"collection":[{"href":"https:\/\/urbanjournalism.institute\/forecast-fr\/wp-json\/wp\/v2\/pages"}],"about":[{"href":"https:\/\/urbanjournalism.institute\/forecast-fr\/wp-json\/wp\/v2\/types\/page"}],"author":[{"embeddable":true,"href":"https:\/\/urbanjournalism.institute\/forecast-fr\/wp-json\/wp\/v2\/users\/1"}],"replies":[{"embeddable":true,"href":"https:\/\/urbanjournalism.institute\/forecast-fr\/wp-json\/wp\/v2\/comments?post=13"}],"version-history":[{"count":0,"href":"https:\/\/urbanjournalism.institute\/forecast-fr\/wp-json\/wp\/v2\/pages\/13\/revisions"}],"up":[{"embeddable":true,"href":"https:\/\/urbanjournalism.institute\/forecast-fr\/wp-json\/wp\/v2\/pages\/11"}],"wp:attachment":[{"href":"https:\/\/urbanjournalism.institute\/forecast-fr\/wp-json\/wp\/v2\/media?parent=13"}],"curies":[{"name":"wp","href":"https:\/\/api.w.org\/{rel}","templated":true}]}}