{"id":17,"date":"2023-02-20T07:40:59","date_gmt":"2023-02-20T07:40:59","guid":{"rendered":"https:\/\/urbanjournalism.institute\/forecast\/fr\/forecast-2023\/vers-un-multilateralisme-en-reseau\/une-periode-pour-semer-en-vue-dune-future-recolte\/"},"modified":"2023-02-20T07:40:59","modified_gmt":"2023-02-20T07:40:59","slug":"une-periode-pour-semer-en-vue-dune-future-recolte","status":"publish","type":"page","link":"https:\/\/urbanjournalism.institute\/forecast-fr\/forecast-2023\/vers-un-multilateralisme-en-reseau\/une-periode-pour-semer-en-vue-dune-future-recolte\/","title":{"rendered":"Vers un multilat\u00e9ralisme organis\u00e9 en r\u00e9sau"},"content":{"rendered":"\n<header class=\"wp-block-group\"><div class=\"wp-block-group__inner-container is-layout-constrained wp-block-group-is-layout-constrained\">\n<h1 class=\"wp-block-heading\">Vers un multilat\u00e9ralisme <br>organis\u00e9 en r\u00e9seau<\/h1>\n\n\n\n<h4 class=\"wp-block-heading\"><em>Une saison pour semer puis en r\u00e9colter les fruits<\/em><\/h4>\n<\/div><\/header>\n\n\n\n<div class=\"wp-block-group\"><div class=\"wp-block-group__inner-container is-layout-constrained wp-block-group-is-layout-constrained\">\n<div class=\"wp-block-columns is-layout-flex wp-container-core-columns-is-layout-9d6595d7 wp-block-columns-is-layout-flex\">\n<div class=\"wp-block-column is-layout-flow wp-block-column-is-layout-flow\" style=\"flex-basis:33.33%\">\n<p class=\"has-text-align-left\"><em><em><em>Devenu centenaire, le mouvement municipal a \u00e9t\u00e9 plus pertinent que jamais entre 2012 et 2016. Un nombre croissant de lieux d\u2019\u00e9change, pas tous \u00e9quitablement reconnus, ont permis d\u2019infl\u00e9chir le processus d\u00e9cisionnel mondial. Pendant la p\u00e9riode 2016-2022, le mouvement municipal a permis de s\u00e9curiser sa place dans la sph\u00e8re mondiale et d\u2019amener la localisation des ODD sur la table des principaux forums. La p\u00e9riode 2023-2025 sera essentielle pour faire progresser la reconnaissance des gouvernements locaux et r\u00e9gionaux sur la sc\u00e8ne des n\u00e9gociations multilat\u00e9rales. Ces semences offriront aux collectivit\u00e9s de meilleures r\u00e9coltes pour le cycle 2026-2030.<\/em><\/em><\/em><\/p>\n<\/div>\n\n\n\n<div class=\"wp-block-column is-layout-flow wp-block-column-is-layout-flow\" style=\"flex-basis:66.66%\">\n<p>Les processus multilat\u00e9raux prennent du temps. Toute \u201crecherche de consensus\u201d prend au moins deux ans. Ant\u00f3nio Guterres, secr\u00e9taire g\u00e9n\u00e9ral des Nations Unies, a ainsi lanc\u00e9 son rapport \u201cNotre Programme Commun\u201d en septembre 2021, juste apr\u00e8s sa r\u00e9\u00e9lection pour un deuxi\u00e8me et dernier mandat. L\u2019ann\u00e9e 2026 sera la derni\u00e8re de son mandat, et il sait probablement mieux que quiconque l\u2019importance du relais qu\u2019il transmettra \u00e0 son rempla\u00e7ant. De nombreuses voix s\u2019\u00e9l\u00e8vent pour que la toute premi\u00e8re femme soit d\u00e9sign\u00e9e pour diriger l\u2019organisation. La p\u00e9riode 2023-2025 est donc essentielle pour concr\u00e9tiser sa vision et son h\u00e9ritage multilat\u00e9ral.<\/p>\n\n\n\n<p>Le plan expos\u00e9 dans \u201cNotre Programme Commun\u201d s\u2019articule autour de la n\u00e9cessit\u00e9 \u201cd\u2019acc\u00e9l\u00e9rer\u201d l\u2019action par \u00e9tapes majeures entre 2023 et 2025 : le&nbsp;<strong>Sommet de l\u2019Avenir<\/strong>, le&nbsp;<strong>Sommet Social Mondial&nbsp;<\/strong>et le&nbsp;<strong>sommet biannuel sur l\u2019\u00e9conomie mondiale<\/strong>.<\/p>\n\n\n\n<p><\/p>\n<\/div>\n<\/div>\n<\/div><\/div>\n\n\n\n<figure class=\"wp-block-image size-large\"><img decoding=\"async\" src=\"https:\/\/urbanjournalism.institute\/forecast\/wp-content\/themes\/forecast\/dist\/assets\/images\/editorial\/page-6-portrait.jpg\" alt=\"\" \/><figcaption class=\"wp-element-caption\"><em>S\u00e9ville, Espagne<\/em><br><em>\u00a9 Cl\u00e9ment Duguerre<\/em><\/figcaption><\/figure>\n\n\n\n<div class=\"wp-block-group narrow-group\"><div class=\"wp-block-group__inner-container is-layout-constrained wp-block-group-is-layout-constrained\">\n<p>Le \u201cSommet de l\u2019Avenir : des solutions multilat\u00e9rales pour un avenir meilleur\u201d \u00e9tait initialement pr\u00e9vu pour 2023, mais le consensus le reporta au 22 et 23 septembre 2024, \u00e0 New York, avec une session minist\u00e9rielle pr\u00e9paratoire le 18 septembre 2023. Le r\u00e9sultat du sommet sera un \u201cPacte pour l\u2019Avenir\u201d, adopt\u00e9 par consensus, bien qu\u2019un syst\u00e8me de vote majoritaire ait \u00e9galement \u00e9t\u00e9 envisag\u00e9.<\/p>\n\n\n\n<p>Tandis que le Sommet pour l\u2019Avenir est en pr\u00e9paration, les associations de gouvernements locaux et r\u00e9gionaux ont d\u00e9j\u00e0 commenc\u00e9 \u00e0 d\u00e9finir leurs priorit\u00e9s strat\u00e9giques et \u00e0 apporter leurs contributions aux n\u00e9gociations multilat\u00e9rales de la p\u00e9riode 2023-2025.<\/p>\n\n\n\n<p>En octobre 2022, lors du 7e Congr\u00e8s mondial de CGLU \u00e0 Daejeon, en R\u00e9publique de Cor\u00e9e, les gouvernements locaux et r\u00e9gionaux du monde entier et leurs associations ont adopt\u00e9 le&nbsp;<strong>Pacte pour l\u2019Avenir de l\u2019Humanit\u00e9&nbsp;<\/strong>de&nbsp;<strong>CGLU<\/strong>. Le dernier paragraphe de cette d\u00e9claration politique, qui porte le m\u00eame titre que le r\u00e9sultat attendu du Sommet des Nations Unies, appelle \u00e0 \u201cdirectement influencer les agendas internationaux de d\u00e9veloppement d\u2019apr\u00e8s 2030, et d\u2019apporter la contribution\u201d des collectivit\u00e9s locales et r\u00e9gionales au Sommet des Nations Unies pour l\u2019Avenir ainsi qu\u2019aux autres \u00e9tapes de \u201cNotre Programme Commun\u201d.<\/p>\n\n\n\n<p>Les perspectives et les ambitions pr\u00e9sent\u00e9es dans le Pacte de CGLU se traduiront par des engagements concrets tout au long de l\u2019ann\u00e9e 2023 et alimenteront la vision strat\u00e9gique de CGLU, qui se poursuivra autour du&nbsp;<strong>Groupe de Travail Mondial des Gouvernements Locaux et R\u00e9gionaux (<em>Global Taskforce<\/em>)<\/strong>. Le Pacte souligne que \u201cle moment est venu pour le syst\u00e8me multilat\u00e9ral local de d\u00e9montrer qu\u2019il a atteint sa maturit\u00e9 et qu\u2019il est pr\u00eat \u00e0 rejoindre ses partenaires nationaux et internationaux pour r\u00e9aliser des actions v\u00e9ritablement transformatrices\u201d.<\/p>\n\n\n\n<p>L\u2019existence m\u00eame du Groupe de Travail Mondial constitue une avanc\u00e9e d\u00e9cisive pour le mouvement municipal international. Les collectivit\u00e9s locales et r\u00e9gionales sont les seuls acteurs non \u00e9tatiques des Nations Unies \u00e0 disposer d\u2019un tel m\u00e9canisme pour coordonner les interventions aux processus politiques. Ce \u201cmultilat\u00e9ralisme en r\u00e9seau\u201d s\u2019est r\u00e9v\u00e9l\u00e9 essentiel lors de la conf\u00e9rence Habitat III et du processus d\u2019adoption du Nouvel Programme pour les Villes. Apr\u00e8s 2015 et 2016, le Groupe de Travail a continu\u00e9 \u00e0 collaborer avec les Nations Unies pour assurer le suivi de la mise en oeuvre locale des principaux agendas mondiaux.<\/p>\n\n\n\n<h2 class=\"wp-block-heading\">Quels moments cl\u00e9s du processus multilat\u00e9ral l\u2019ann\u00e9e 2023 offrira-t-elle aux collectivit\u00e9s locales et r\u00e9gionales ?<\/h2>\n\n\n\n<p>Apr\u00e8s la Rencontre de Haut Niveau sur les progr\u00e8s de la mise en oeuvre du\u00a0<strong>Nouveau Programme pour les Villes\u00a0<\/strong>en avril 2022 et le Forum Urbain Mondial juillet 2022 \u00e0 Katowice en Pologne, la deuxi\u00e8me session de\u00a0<strong>l\u2019Assembl\u00e9e d\u2019ONU-Habitat\u00a0<\/strong>en juin 2023 devrait \u00eatre une nouvelle occasion de poursuivre l\u2019acc\u00e9l\u00e9ration du d\u00e9veloppement urbain durable. Le Groupe de travail mondial des gouvernements locaux et r\u00e9gionaux tiendra \u00e0 Nairobi une session de l\u2019Assembl\u00e9e mondiale des gouvernements locaux et r\u00e9gionaux visant \u00e0 mettre en place dans le courant de l\u2019ann\u00e9e des actions et des partenariats \u00e0 fort potentiel.<\/p>\n\n\n\n<p>Le\u00a0<strong>Forum Politique de Haut Niveau\u00a0<\/strong>(FPHN) sur le D\u00e9veloppement Durable examine chaque ann\u00e9e la mise en oeuvre de l\u2019Agenda. En juillet 2023, le FPHN examinera les ODD6, ODD7, ODD9, ODD11 et ODD17. Concernant l\u2019ODD11, un groupe d\u2019experts se r\u00e9unira en f\u00e9vrier \u00e0 Bilbao, en Espagne. La discussion alimentera le FPHN et examinera la premi\u00e8re version du\u00a0<strong>Rapport de synth\u00e8se 2023 de l\u2019ODD11<\/strong>. Le septi\u00e8me rapport annuel pr\u00e9sent\u00e9 par CGLU au HLPF au nom du Groupe de Travail mondial des gouvernements locaux et r\u00e9gionaux, portera \u00e9galement sur la contribution des autorit\u00e9s locales du monde entier \u00e0 la r\u00e9alisation de l\u2019ODD 11.<\/p>\n<\/div><\/div>\n\n\n\n<div class=\"wp-block-group\"><div class=\"wp-block-group__inner-container is-layout-constrained wp-block-group-is-layout-constrained\">\n<div class=\"wp-block-columns are-vertically-aligned-bottom is-layout-flex wp-container-core-columns-is-layout-9d6595d7 wp-block-columns-is-layout-flex\">\n<div class=\"wp-block-column is-vertically-aligned-bottom is-layout-flow wp-block-column-is-layout-flow\">\n<p>La sixi\u00e8me \u00e9dition du&nbsp;<strong>Forum des gouvernements locaux et r\u00e9gionaux&nbsp;<\/strong>se d\u00e9roulera \u00e9galement sous les auspices du FPHN, en s\u2019appuyant sur des processus \u00e9prouv\u00e9s comme les Examens Locaux Volontaires (ELV) et les Examens R\u00e9gionaux Volontaires (ERV).<\/p>\n\n\n\n<p><strong>Le Rapport Mondial de 2023 sur le d\u00e9veloppement durable&nbsp;<\/strong>devrait \u00eatre publi\u00e9 en septembre 2023. Dans la continuit\u00e9 du rapport de 2019, il s\u2019appuiera sur un nouveau groupe ind\u00e9pendant de quinze scientifiques, d\u00e9sign\u00e9s pour le pr\u00e9parer. Il est probablement d\u00e9j\u00e0 trop tard pour influencer son contenu, mais les travaux pr\u00e9paratoires du Rapport mondial sur le d\u00e9veloppement durable 2027 devraient bient\u00f4t d\u00e9marrer.&nbsp;<\/p>\n\n\n\n<p>Le deuxi\u00e8me&nbsp;<strong>sommet sur les Objectifs de D\u00e9veloppement Durable&nbsp;<\/strong>(ODD) depuis l\u2019adoption de l\u2019Agenda 2030 aura lieu les 19 et 20 septembre 2023. Exceptionnellement, un Forum des Gouvernements Locaux et R\u00e9gionaux ainsi qu\u2019un forum du secteur priv\u00e9 ont \u00e9t\u00e9 pr\u00e9vus en cl\u00f4ture du sommet sur les ODD. Le prochain sommet sur les ODD est pr\u00e9vu en 2027, avec un nouveau secr\u00e9taire g\u00e9n\u00e9ral des Nations Unies.<\/p>\n\n\n\n<p>\u00c0 la fin de l\u2019ann\u00e9e, la Conf\u00e9rence des Nations Unies sur le changement climatique (COP28) de 2023 montrera \u00e0 Duba\u00ef si l\u2019avanc\u00e9e sur les \u201cpertes et pr\u00e9judices\u201d s\u2019est mat\u00e9rialis\u00e9e. La voix des collectivit\u00e9s locales et r\u00e9gionales \u00e0 la COP27 a en effet fortement contribu\u00e9 \u00e0 cette r\u00e9ussite.<\/p>\n\n\n\n<figure class=\"wp-block-image size-large\"><img decoding=\"async\" src=\"https:\/\/urbanjournalism.institute\/forecast\/wp-content\/themes\/forecast\/dist\/assets\/images\/editorial\/page-6-square.jpg\" alt=\"\" \/><figcaption class=\"wp-element-caption\"><em>\u00a9 CGLU<\/em><\/figcaption><\/figure>\n<\/div>\n\n\n\n<div class=\"wp-block-column is-vertically-aligned-bottom is-layout-flow wp-block-column-is-layout-flow\">\n<div class=\"wp-block-group has-pale-pink-background-color has-background\"><div class=\"wp-block-group__inner-container is-layout-constrained wp-block-group-is-layout-constrained\">\n<h2 class=\"wp-block-heading\">GARDONS L\u2019OEIL<\/h2>\n\n\n\n<h3 class=\"wp-block-heading\">Recommandations pour un multilat\u00e9ralisme efficace<\/h3>\n\n\n\n<p>Un conseil consultatif de haut niveau sur le multilat\u00e9ralisme efficace a \u00e9t\u00e9 cr\u00e9\u00e9 en mars 2022. Ce conseil, compos\u00e9 de 10 membres, est copr\u00e9sid\u00e9 par l\u2019ancienne pr\u00e9sidente du Liberia, Ellen Johnson Sirleaf, et l\u2019ancien Premier ministre su\u00e9dois, Stefan L\u00f6fven. Non contraignantes, ces recommandations devraient \u00eatre publi\u00e9es d\u00e9but 2023. Il sera int\u00e9ressant de voir comment ils envisagent la place des autorit\u00e9s locales et r\u00e9gionales dans un syst\u00e8me multilat\u00e9ral plus efficace.&nbsp;<\/p>\n\n\n\n<p>Plus d\u2019informations sur:&nbsp;<\/p>\n\n\n\n<p><a rel=\"noreferrer noopener\" href=\"https:\/\/highleveladvisoryboard.org\/\" target=\"_blank\"><strong>https:\/\/highleveladvisoryboard.org\/<\/strong><\/a><\/p>\n\n\n\n<h3 class=\"wp-block-heading\">La Feuille de Route de la Banque Mondiale<\/h3>\n\n\n\n<p>La Banque mondiale a commenc\u00e9 l\u2019ann\u00e9e 2023 par une r\u00e9union de son Conseil d\u2019Administration pour discuter d\u2019une Feuille de Route de Gestion et d\u2019Evolution. Le document provisoire, dat\u00e9 du 18 d\u00e9cembre 2022, m\u00e9rite d\u2019\u00eatre lu car il donne un aper\u00e7u de l\u2019orientation prise par la Banque. Elle se dirige en effet vers une ann\u00e9e intense de r\u00e9vision de ses missions, de son mod\u00e8le op\u00e9rationnel et de sa capacit\u00e9 financi\u00e8re. Dans une d\u00e9claration officielle, la Banque mondiale a annonc\u00e9 que cette \u201c\u00e9volution\u201d visait \u00e0 mieux appr\u00e9hender les d\u00e9fis du d\u00e9veloppement comme la pauvret\u00e9, le partage des richesses, les in\u00e9galit\u00e9s et les d\u00e9fis transfrontaliers, ainsi que le changement climatique, les pand\u00e9mies, les conflits et la violence. Le processus pr\u00e9voit un rapprochement avec d\u2019autres parties prenantes.<\/p>\n\n\n\n<p>La feuille de route est disponible sur: <\/p>\n\n\n\n<p><a rel=\"noreferrer noopener\" href=\"https:\/\/bit.ly\/worldbankroadmap\" target=\"_blank\"><strong>https:\/\/bit.ly\/worldbankroadmap<\/strong><\/a><\/p>\n<\/div><\/div>\n<\/div>\n<\/div>\n<\/div><\/div>\n","protected":false},"excerpt":{"rendered":"<p>Vers un multilat\u00e9ralisme organis\u00e9 en r\u00e9seau Une saison pour semer puis en r\u00e9colter les fruits Devenu centenaire, le mouvement municipal a \u00e9t\u00e9 plus pertinent que jamais entre 2012 et 2016. Un nombre croissant de lieux d\u2019\u00e9change, pas tous \u00e9quitablement reconnus, ont permis d\u2019infl\u00e9chir le processus d\u00e9cisionnel mondial. Pendant la p\u00e9riode 2016-2022, le mouvement municipal a [&hellip;]<\/p>\n","protected":false},"author":1,"featured_media":0,"parent":16,"menu_order":0,"comment_status":"closed","ping_status":"closed","template":"","meta":{"footnotes":""},"class_list":["post-17","page","type-page","status-publish","hentry"],"yoast_head":"<!-- This site is optimized with the Yoast SEO plugin v27.0 - https:\/\/yoast.com\/product\/yoast-seo-wordpress\/ -->\n<title>Vers un multilat\u00e9ralisme organis\u00e9 en r\u00e9sau - Municipal Forecast - Fran\u00e7ais<\/title>\n<meta name=\"robots\" content=\"index, follow, max-snippet:-1, max-image-preview:large, max-video-preview:-1\" \/>\n<link rel=\"canonical\" href=\"https:\/\/urbanjournalism.institute\/forecast-fr\/forecast-2023\/vers-un-multilateralisme-en-reseau\/une-periode-pour-semer-en-vue-dune-future-recolte\/\" \/>\n<meta property=\"og:locale\" content=\"fr_FR\" \/>\n<meta property=\"og:type\" content=\"article\" \/>\n<meta property=\"og:title\" content=\"Vers un multilat\u00e9ralisme organis\u00e9 en r\u00e9sau - Municipal Forecast - Fran\u00e7ais\" \/>\n<meta property=\"og:description\" content=\"Vers un multilat\u00e9ralisme organis\u00e9 en r\u00e9seau Une saison pour semer puis en r\u00e9colter les fruits Devenu centenaire, le mouvement municipal a \u00e9t\u00e9 plus pertinent que jamais entre 2012 et 2016. Un nombre croissant de lieux d\u2019\u00e9change, pas tous \u00e9quitablement reconnus, ont permis d\u2019infl\u00e9chir le processus d\u00e9cisionnel mondial. Pendant la p\u00e9riode 2016-2022, le mouvement municipal a [&hellip;]\" \/>\n<meta property=\"og:url\" content=\"https:\/\/urbanjournalism.institute\/forecast-fr\/forecast-2023\/vers-un-multilateralisme-en-reseau\/une-periode-pour-semer-en-vue-dune-future-recolte\/\" \/>\n<meta property=\"og:site_name\" content=\"Municipal Forecast - Fran\u00e7ais\" \/>\n<meta property=\"og:image\" content=\"https:\/\/urbanjournalism.institute\/forecast\/wp-content\/themes\/forecast\/dist\/assets\/images\/editorial\/page-6-portrait.jpg\" \/>\n<meta name=\"twitter:card\" content=\"summary_large_image\" \/>\n<meta name=\"twitter:label1\" content=\"Dur\u00e9e de lecture estim\u00e9e\" \/>\n\t<meta name=\"twitter:data1\" content=\"7 minutes\" \/>\n<script type=\"application\/ld+json\" class=\"yoast-schema-graph\">{\"@context\":\"https:\/\/schema.org\",\"@graph\":[{\"@type\":\"WebPage\",\"@id\":\"https:\/\/urbanjournalism.institute\/forecast-fr\/forecast-2023\/vers-un-multilateralisme-en-reseau\/une-periode-pour-semer-en-vue-dune-future-recolte\/\",\"url\":\"https:\/\/urbanjournalism.institute\/forecast-fr\/forecast-2023\/vers-un-multilateralisme-en-reseau\/une-periode-pour-semer-en-vue-dune-future-recolte\/\",\"name\":\"Vers un multilat\u00e9ralisme organis\u00e9 en r\u00e9sau - Municipal Forecast - Fran\u00e7ais\",\"isPartOf\":{\"@id\":\"https:\/\/urbanjournalism.institute\/forecast-fr\/#website\"},\"primaryImageOfPage\":{\"@id\":\"https:\/\/urbanjournalism.institute\/forecast-fr\/forecast-2023\/vers-un-multilateralisme-en-reseau\/une-periode-pour-semer-en-vue-dune-future-recolte\/#primaryimage\"},\"image\":{\"@id\":\"https:\/\/urbanjournalism.institute\/forecast-fr\/forecast-2023\/vers-un-multilateralisme-en-reseau\/une-periode-pour-semer-en-vue-dune-future-recolte\/#primaryimage\"},\"thumbnailUrl\":\"https:\/\/urbanjournalism.institute\/forecast\/wp-content\/themes\/forecast\/dist\/assets\/images\/editorial\/page-6-portrait.jpg\",\"datePublished\":\"2023-02-20T07:40:59+00:00\",\"breadcrumb\":{\"@id\":\"https:\/\/urbanjournalism.institute\/forecast-fr\/forecast-2023\/vers-un-multilateralisme-en-reseau\/une-periode-pour-semer-en-vue-dune-future-recolte\/#breadcrumb\"},\"inLanguage\":\"fr-FR\",\"potentialAction\":[{\"@type\":\"ReadAction\",\"target\":[\"https:\/\/urbanjournalism.institute\/forecast-fr\/forecast-2023\/vers-un-multilateralisme-en-reseau\/une-periode-pour-semer-en-vue-dune-future-recolte\/\"]}]},{\"@type\":\"ImageObject\",\"inLanguage\":\"fr-FR\",\"@id\":\"https:\/\/urbanjournalism.institute\/forecast-fr\/forecast-2023\/vers-un-multilateralisme-en-reseau\/une-periode-pour-semer-en-vue-dune-future-recolte\/#primaryimage\",\"url\":\"https:\/\/urbanjournalism.institute\/forecast\/wp-content\/themes\/forecast\/dist\/assets\/images\/editorial\/page-6-portrait.jpg\",\"contentUrl\":\"https:\/\/urbanjournalism.institute\/forecast\/wp-content\/themes\/forecast\/dist\/assets\/images\/editorial\/page-6-portrait.jpg\"},{\"@type\":\"BreadcrumbList\",\"@id\":\"https:\/\/urbanjournalism.institute\/forecast-fr\/forecast-2023\/vers-un-multilateralisme-en-reseau\/une-periode-pour-semer-en-vue-dune-future-recolte\/#breadcrumb\",\"itemListElement\":[{\"@type\":\"ListItem\",\"position\":1,\"name\":\"Forecast 2023\",\"item\":\"https:\/\/urbanjournalism.institute\/forecast-fr\/forecast-2023\/\"},{\"@type\":\"ListItem\",\"position\":2,\"name\":\"Vers un Multilat\u00e9ralisme organis\u00e9 en R\u00e9seau\",\"item\":\"https:\/\/urbanjournalism.institute\/forecast-fr\/forecast-2023\/vers-un-multilateralisme-en-reseau\/\"},{\"@type\":\"ListItem\",\"position\":3,\"name\":\"Vers un multilat\u00e9ralisme organis\u00e9 en r\u00e9sau\"}]},{\"@type\":\"WebSite\",\"@id\":\"https:\/\/urbanjournalism.institute\/forecast-fr\/#website\",\"url\":\"https:\/\/urbanjournalism.institute\/forecast-fr\/\",\"name\":\"Municipal Forecast - Fran\u00e7ais\",\"description\":\"\",\"potentialAction\":[{\"@type\":\"SearchAction\",\"target\":{\"@type\":\"EntryPoint\",\"urlTemplate\":\"https:\/\/urbanjournalism.institute\/forecast-fr\/?s={search_term_string}\"},\"query-input\":{\"@type\":\"PropertyValueSpecification\",\"valueRequired\":true,\"valueName\":\"search_term_string\"}}],\"inLanguage\":\"fr-FR\"}]}<\/script>\n<!-- \/ Yoast SEO plugin. -->","yoast_head_json":{"title":"Vers un multilat\u00e9ralisme organis\u00e9 en r\u00e9sau - Municipal Forecast - Fran\u00e7ais","robots":{"index":"index","follow":"follow","max-snippet":"max-snippet:-1","max-image-preview":"max-image-preview:large","max-video-preview":"max-video-preview:-1"},"canonical":"https:\/\/urbanjournalism.institute\/forecast-fr\/forecast-2023\/vers-un-multilateralisme-en-reseau\/une-periode-pour-semer-en-vue-dune-future-recolte\/","og_locale":"fr_FR","og_type":"article","og_title":"Vers un multilat\u00e9ralisme organis\u00e9 en r\u00e9sau - Municipal Forecast - Fran\u00e7ais","og_description":"Vers un multilat\u00e9ralisme organis\u00e9 en r\u00e9seau Une saison pour semer puis en r\u00e9colter les fruits Devenu centenaire, le mouvement municipal a \u00e9t\u00e9 plus pertinent que jamais entre 2012 et 2016. Un nombre croissant de lieux d\u2019\u00e9change, pas tous \u00e9quitablement reconnus, ont permis d\u2019infl\u00e9chir le processus d\u00e9cisionnel mondial. Pendant la p\u00e9riode 2016-2022, le mouvement municipal a [&hellip;]","og_url":"https:\/\/urbanjournalism.institute\/forecast-fr\/forecast-2023\/vers-un-multilateralisme-en-reseau\/une-periode-pour-semer-en-vue-dune-future-recolte\/","og_site_name":"Municipal Forecast - Fran\u00e7ais","og_image":[{"url":"https:\/\/urbanjournalism.institute\/forecast\/wp-content\/themes\/forecast\/dist\/assets\/images\/editorial\/page-6-portrait.jpg","type":"","width":"","height":""}],"twitter_card":"summary_large_image","twitter_misc":{"Dur\u00e9e de lecture estim\u00e9e":"7 minutes"},"schema":{"@context":"https:\/\/schema.org","@graph":[{"@type":"WebPage","@id":"https:\/\/urbanjournalism.institute\/forecast-fr\/forecast-2023\/vers-un-multilateralisme-en-reseau\/une-periode-pour-semer-en-vue-dune-future-recolte\/","url":"https:\/\/urbanjournalism.institute\/forecast-fr\/forecast-2023\/vers-un-multilateralisme-en-reseau\/une-periode-pour-semer-en-vue-dune-future-recolte\/","name":"Vers un multilat\u00e9ralisme organis\u00e9 en r\u00e9sau - Municipal Forecast - Fran\u00e7ais","isPartOf":{"@id":"https:\/\/urbanjournalism.institute\/forecast-fr\/#website"},"primaryImageOfPage":{"@id":"https:\/\/urbanjournalism.institute\/forecast-fr\/forecast-2023\/vers-un-multilateralisme-en-reseau\/une-periode-pour-semer-en-vue-dune-future-recolte\/#primaryimage"},"image":{"@id":"https:\/\/urbanjournalism.institute\/forecast-fr\/forecast-2023\/vers-un-multilateralisme-en-reseau\/une-periode-pour-semer-en-vue-dune-future-recolte\/#primaryimage"},"thumbnailUrl":"https:\/\/urbanjournalism.institute\/forecast\/wp-content\/themes\/forecast\/dist\/assets\/images\/editorial\/page-6-portrait.jpg","datePublished":"2023-02-20T07:40:59+00:00","breadcrumb":{"@id":"https:\/\/urbanjournalism.institute\/forecast-fr\/forecast-2023\/vers-un-multilateralisme-en-reseau\/une-periode-pour-semer-en-vue-dune-future-recolte\/#breadcrumb"},"inLanguage":"fr-FR","potentialAction":[{"@type":"ReadAction","target":["https:\/\/urbanjournalism.institute\/forecast-fr\/forecast-2023\/vers-un-multilateralisme-en-reseau\/une-periode-pour-semer-en-vue-dune-future-recolte\/"]}]},{"@type":"ImageObject","inLanguage":"fr-FR","@id":"https:\/\/urbanjournalism.institute\/forecast-fr\/forecast-2023\/vers-un-multilateralisme-en-reseau\/une-periode-pour-semer-en-vue-dune-future-recolte\/#primaryimage","url":"https:\/\/urbanjournalism.institute\/forecast\/wp-content\/themes\/forecast\/dist\/assets\/images\/editorial\/page-6-portrait.jpg","contentUrl":"https:\/\/urbanjournalism.institute\/forecast\/wp-content\/themes\/forecast\/dist\/assets\/images\/editorial\/page-6-portrait.jpg"},{"@type":"BreadcrumbList","@id":"https:\/\/urbanjournalism.institute\/forecast-fr\/forecast-2023\/vers-un-multilateralisme-en-reseau\/une-periode-pour-semer-en-vue-dune-future-recolte\/#breadcrumb","itemListElement":[{"@type":"ListItem","position":1,"name":"Forecast 2023","item":"https:\/\/urbanjournalism.institute\/forecast-fr\/forecast-2023\/"},{"@type":"ListItem","position":2,"name":"Vers un Multilat\u00e9ralisme organis\u00e9 en R\u00e9seau","item":"https:\/\/urbanjournalism.institute\/forecast-fr\/forecast-2023\/vers-un-multilateralisme-en-reseau\/"},{"@type":"ListItem","position":3,"name":"Vers un multilat\u00e9ralisme organis\u00e9 en r\u00e9sau"}]},{"@type":"WebSite","@id":"https:\/\/urbanjournalism.institute\/forecast-fr\/#website","url":"https:\/\/urbanjournalism.institute\/forecast-fr\/","name":"Municipal Forecast - Fran\u00e7ais","description":"","potentialAction":[{"@type":"SearchAction","target":{"@type":"EntryPoint","urlTemplate":"https:\/\/urbanjournalism.institute\/forecast-fr\/?s={search_term_string}"},"query-input":{"@type":"PropertyValueSpecification","valueRequired":true,"valueName":"search_term_string"}}],"inLanguage":"fr-FR"}]}},"_links":{"self":[{"href":"https:\/\/urbanjournalism.institute\/forecast-fr\/wp-json\/wp\/v2\/pages\/17","targetHints":{"allow":["GET"]}}],"collection":[{"href":"https:\/\/urbanjournalism.institute\/forecast-fr\/wp-json\/wp\/v2\/pages"}],"about":[{"href":"https:\/\/urbanjournalism.institute\/forecast-fr\/wp-json\/wp\/v2\/types\/page"}],"author":[{"embeddable":true,"href":"https:\/\/urbanjournalism.institute\/forecast-fr\/wp-json\/wp\/v2\/users\/1"}],"replies":[{"embeddable":true,"href":"https:\/\/urbanjournalism.institute\/forecast-fr\/wp-json\/wp\/v2\/comments?post=17"}],"version-history":[{"count":0,"href":"https:\/\/urbanjournalism.institute\/forecast-fr\/wp-json\/wp\/v2\/pages\/17\/revisions"}],"up":[{"embeddable":true,"href":"https:\/\/urbanjournalism.institute\/forecast-fr\/wp-json\/wp\/v2\/pages\/16"}],"wp:attachment":[{"href":"https:\/\/urbanjournalism.institute\/forecast-fr\/wp-json\/wp\/v2\/media?parent=17"}],"curies":[{"name":"wp","href":"https:\/\/api.w.org\/{rel}","templated":true}]}}