{"id":18,"date":"2023-02-20T07:40:59","date_gmt":"2023-02-20T07:40:59","guid":{"rendered":"https:\/\/urbanjournalism.institute\/forecast\/fr\/forecast-2023\/vers-un-multilateralisme-en-reseau\/linde-et-le-japon-des-centres-dintensification-du-multilateralisme-local\/"},"modified":"2023-02-20T07:40:59","modified_gmt":"2023-02-20T07:40:59","slug":"linde-et-le-japon-des-centres-dintensification-du-multilateralisme-local","status":"publish","type":"page","link":"https:\/\/urbanjournalism.institute\/forecast-fr\/forecast-2023\/vers-un-multilateralisme-en-reseau\/linde-et-le-japon-des-centres-dintensification-du-multilateralisme-local\/","title":{"rendered":"Inde et Japon, des pivots pour intensifier le multilat\u00e9ralisme local"},"content":{"rendered":"\n<div class=\"wp-block-group\"><div class=\"wp-block-group__inner-container is-layout-constrained wp-block-group-is-layout-constrained\">\n<div class=\"wp-block-columns is-layout-flex wp-container-core-columns-is-layout-9d6595d7 wp-block-columns-is-layout-flex\">\n<div class=\"wp-block-column is-layout-flow wp-block-column-is-layout-flow\" style=\"flex-basis:66.66%\">\n<h2 class=\"wp-block-heading\">Inde et Japon, des pivots pour intensifier le multilat\u00e9ralisme local<\/h2>\n\n\n\n<h4 class=\"wp-block-heading\"><em>L\u2019Urban 20 consolide son influence au sein du G20, et le G7 a \u00e9t\u00e9 mentionn\u00e9 dans le tout premier communiqu\u00e9 des ministres du d\u00e9veloppement urbain du Urban7.<\/em><\/h4>\n<\/div>\n\n\n\n<div class=\"wp-block-column is-layout-flow wp-block-column-is-layout-flow\" style=\"flex-basis:33.33%\"><\/div>\n<\/div>\n\n\n\n<div class=\"wp-block-columns is-layout-flex wp-container-core-columns-is-layout-9d6595d7 wp-block-columns-is-layout-flex\">\n<div class=\"wp-block-column is-layout-flow wp-block-column-is-layout-flow\">\n<p>Deux des plus grandes \u00e9conomies du monde as\u00adsumeront les pr\u00e9sidences du G20 et du G7. En 2022, le Japon \u00e9tait la troisi\u00e8me plus grande \u00e9conomie, et l\u2019Inde la cinqui\u00e8me. Selon les pr\u00e9visions, ce sera l\u2019Inde qui occupera la troisi\u00e8me position en 2030. Les deux pays sont donc naturellement des acteurs cl\u00e9s du multilat\u00e9ralisme en 2023.<\/p>\n\n\n\n<p>Le communiqu\u00e9 des dirigeants du G7 de juin 2022, pr\u00e9sid\u00e9 par l\u2019Allemagne, a reconnu le r\u00f4le des villes, de leurs groupements et de leurs r\u00e9seaux comme vecteurs de prosp\u00e9rit\u00e9 et de transition vers le d\u00e9veloppement durable. La toute premi\u00e8re r\u00e9union minist\u00e9rielle du G7 sur le D\u00e9veloppement Durable des villes a eu lieu \u00e0 Potsdam en septembre 2022. Le communiqu\u00e9 final exprime son soutien \u00e0 \u201cune recon\u00adnaissance plus forte des villes comme interlocuteurs au G7, par un dialogue approfondi avec les associa\u00adtions, les coalitions et les r\u00e9seaux de villes\u201d. Le Japon a d\u00e9j\u00e0 annonc\u00e9 la tenue d\u2019une deuxi\u00e8me r\u00e9union des ministres du d\u00e9veloppement urbain du G7 \u00e0 Taka\u00admatsu, Kagawa, du 7 au 9 juillet 2023.<\/p>\n\n\n\n<p>L\u2019Inde assure la pr\u00e9sidence du G20 du 1er d\u00e9cembre 2022 au 30 novembre 2023. Il s\u2019agit de la deuxi\u00e8me des quatre pr\u00e9sidences cons\u00e9cutives du \u201cSud\u201d,<\/p>\n<\/div>\n\n\n\n<div class=\"wp-block-column is-layout-flow wp-block-column-is-layout-flow\">\n<p>apr\u00e8s l\u2019Indon\u00e9sie en 2022, qui sera suivie du Br\u00e9sil en 2024 et de l\u2019Afrique du Sud en 2025. L\u2019Inde, le Br\u00e9sil et l\u2019Afrique du Sud sont en outre des pays du BRICS qui, pour la premi\u00e8re fois, dirigent le G20 et dont la d\u00e9mocratie locale prend une large part du syst\u00e8me politique. Ce pourrait \u00eatre une occasion unique de r\u00e9former le syst\u00e8me multilat\u00e9ral, de r\u00e9examiner la gouvernance financi\u00e8re mondiale et d\u2019acc\u00e9l\u00e9rer la poursuite des Objectifs de D\u00e9veloppement Durable.<\/p>\n\n\n\n<p>Le sommet des chefs d\u2019\u00c9tat et de gouvernement du G20 se tiendra les 9 et 10 septembre \u00e0 New Delhi. Parmi les rencontres pr\u00e9vues, la ville d\u2019Ahmedabad accueillera l\u2019Urban 20 (U20). Ce groupe r\u00e9unit les maires des principales villes du G20 afin d\u2019alimenter les discussions des dirigeants nationaux du G20 et in\u00adstaure une plateforme permettant aux villes de nour\u00adrir de mani\u00e8re collective les n\u00e9gociations du G20.<\/p>\n\n\n\n<p>Les secteurs prioritaires identifi\u00e9s par l\u2019U20 pour 2023 sont les suivants : encourager les comporte\u00adments \u00e9cologiquement responsables, s\u00e9curiser l\u2019acc\u00e8s \u00e0 l\u2019eau, acc\u00e9l\u00e9rer le financement du climat, d\u00e9fendre les identit\u00e9s locales, r\u00e9inventer les m\u00e9can\u00adismes de gouvernance et de planification des villes, et favoriser l\u2019avenir num\u00e9rique des villes. Le docu\u00adment final de l\u2019U20 et ses recommandations sont attendues pour juillet 2023<\/p>\n<\/div>\n<\/div>\n\n\n\n<p>Tous les communiqu\u00e9s pr\u00e9c\u00e9dents de l\u2019U20 sont disponibles sur :<\/p>\n\n\n\n<p><a href=\"https:\/\/bit.ly\/u20comms\"><strong>https:\/\/bit.ly\/u20comms<\/strong><\/a><\/p>\n\n\n\n<p>Pour en savoir plus :<\/p>\n\n\n\n<p><a rel=\"noreferrer noopener\" href=\"https:\/\/www.urban20.org\" target=\"_blank\"><strong>https:\/\/www.urban20.org<\/strong><\/a><\/p>\n\n\n\n<p><a href=\"https:\/\/www.u20india.org\"><strong>https:\/\/www.u20india.org<\/strong><\/a><\/p>\n<\/div><\/div>\n\n\n\n<figure class=\"wp-block-image size-large\"><img decoding=\"async\" src=\"https:\/\/urbanjournalism.institute\/forecast\/wp-content\/themes\/forecast\/dist\/assets\/images\/editorial\/page-7-portrait.jpg\" alt=\"\" \/><figcaption class=\"wp-element-caption\"><em>Vue nocturne d\u2019une ville au Japon<br>\u00a9 Toru Shimada<\/em><\/figcaption><\/figure>\n\n\n\n<p><\/p>\n","protected":false},"excerpt":{"rendered":"<p>Inde et Japon, des pivots pour intensifier le multilat\u00e9ralisme local L\u2019Urban 20 consolide son influence au sein du G20, et le G7 a \u00e9t\u00e9 mentionn\u00e9 dans le tout premier communiqu\u00e9 des ministres du d\u00e9veloppement urbain du Urban7. Deux des plus grandes \u00e9conomies du monde as\u00adsumeront les pr\u00e9sidences du G20 et du G7. En 2022, le [&hellip;]<\/p>\n","protected":false},"author":1,"featured_media":0,"parent":16,"menu_order":10,"comment_status":"closed","ping_status":"closed","template":"","meta":{"footnotes":""},"class_list":["post-18","page","type-page","status-publish","hentry"],"yoast_head":"<!-- This site is optimized with the Yoast SEO plugin v27.0 - https:\/\/yoast.com\/product\/yoast-seo-wordpress\/ -->\n<title>Inde et Japon, des pivots pour intensifier le multilat\u00e9ralisme local - Municipal Forecast - Fran\u00e7ais<\/title>\n<meta name=\"robots\" content=\"index, follow, max-snippet:-1, max-image-preview:large, max-video-preview:-1\" \/>\n<link rel=\"canonical\" href=\"https:\/\/urbanjournalism.institute\/forecast-fr\/forecast-2023\/vers-un-multilateralisme-en-reseau\/linde-et-le-japon-des-centres-dintensification-du-multilateralisme-local\/\" \/>\n<meta property=\"og:locale\" content=\"fr_FR\" \/>\n<meta property=\"og:type\" content=\"article\" \/>\n<meta property=\"og:title\" content=\"Inde et Japon, des pivots pour intensifier le multilat\u00e9ralisme local - Municipal Forecast - Fran\u00e7ais\" \/>\n<meta property=\"og:description\" content=\"Inde et Japon, des pivots pour intensifier le multilat\u00e9ralisme local L\u2019Urban 20 consolide son influence au sein du G20, et le G7 a \u00e9t\u00e9 mentionn\u00e9 dans le tout premier communiqu\u00e9 des ministres du d\u00e9veloppement urbain du Urban7. Deux des plus grandes \u00e9conomies du monde as\u00adsumeront les pr\u00e9sidences du G20 et du G7. En 2022, le [&hellip;]\" \/>\n<meta property=\"og:url\" content=\"https:\/\/urbanjournalism.institute\/forecast-fr\/forecast-2023\/vers-un-multilateralisme-en-reseau\/linde-et-le-japon-des-centres-dintensification-du-multilateralisme-local\/\" \/>\n<meta property=\"og:site_name\" content=\"Municipal Forecast - Fran\u00e7ais\" \/>\n<meta property=\"og:image\" content=\"https:\/\/urbanjournalism.institute\/forecast\/wp-content\/themes\/forecast\/dist\/assets\/images\/editorial\/page-7-portrait.jpg\" \/>\n<meta name=\"twitter:card\" content=\"summary_large_image\" \/>\n<meta name=\"twitter:label1\" content=\"Dur\u00e9e de lecture estim\u00e9e\" \/>\n\t<meta name=\"twitter:data1\" content=\"3 minutes\" \/>\n<script type=\"application\/ld+json\" class=\"yoast-schema-graph\">{\"@context\":\"https:\/\/schema.org\",\"@graph\":[{\"@type\":\"WebPage\",\"@id\":\"https:\/\/urbanjournalism.institute\/forecast-fr\/forecast-2023\/vers-un-multilateralisme-en-reseau\/linde-et-le-japon-des-centres-dintensification-du-multilateralisme-local\/\",\"url\":\"https:\/\/urbanjournalism.institute\/forecast-fr\/forecast-2023\/vers-un-multilateralisme-en-reseau\/linde-et-le-japon-des-centres-dintensification-du-multilateralisme-local\/\",\"name\":\"Inde et Japon, des pivots pour intensifier le multilat\u00e9ralisme local - Municipal Forecast - Fran\u00e7ais\",\"isPartOf\":{\"@id\":\"https:\/\/urbanjournalism.institute\/forecast-fr\/#website\"},\"primaryImageOfPage\":{\"@id\":\"https:\/\/urbanjournalism.institute\/forecast-fr\/forecast-2023\/vers-un-multilateralisme-en-reseau\/linde-et-le-japon-des-centres-dintensification-du-multilateralisme-local\/#primaryimage\"},\"image\":{\"@id\":\"https:\/\/urbanjournalism.institute\/forecast-fr\/forecast-2023\/vers-un-multilateralisme-en-reseau\/linde-et-le-japon-des-centres-dintensification-du-multilateralisme-local\/#primaryimage\"},\"thumbnailUrl\":\"https:\/\/urbanjournalism.institute\/forecast\/wp-content\/themes\/forecast\/dist\/assets\/images\/editorial\/page-7-portrait.jpg\",\"datePublished\":\"2023-02-20T07:40:59+00:00\",\"breadcrumb\":{\"@id\":\"https:\/\/urbanjournalism.institute\/forecast-fr\/forecast-2023\/vers-un-multilateralisme-en-reseau\/linde-et-le-japon-des-centres-dintensification-du-multilateralisme-local\/#breadcrumb\"},\"inLanguage\":\"fr-FR\",\"potentialAction\":[{\"@type\":\"ReadAction\",\"target\":[\"https:\/\/urbanjournalism.institute\/forecast-fr\/forecast-2023\/vers-un-multilateralisme-en-reseau\/linde-et-le-japon-des-centres-dintensification-du-multilateralisme-local\/\"]}]},{\"@type\":\"ImageObject\",\"inLanguage\":\"fr-FR\",\"@id\":\"https:\/\/urbanjournalism.institute\/forecast-fr\/forecast-2023\/vers-un-multilateralisme-en-reseau\/linde-et-le-japon-des-centres-dintensification-du-multilateralisme-local\/#primaryimage\",\"url\":\"https:\/\/urbanjournalism.institute\/forecast\/wp-content\/themes\/forecast\/dist\/assets\/images\/editorial\/page-7-portrait.jpg\",\"contentUrl\":\"https:\/\/urbanjournalism.institute\/forecast\/wp-content\/themes\/forecast\/dist\/assets\/images\/editorial\/page-7-portrait.jpg\"},{\"@type\":\"BreadcrumbList\",\"@id\":\"https:\/\/urbanjournalism.institute\/forecast-fr\/forecast-2023\/vers-un-multilateralisme-en-reseau\/linde-et-le-japon-des-centres-dintensification-du-multilateralisme-local\/#breadcrumb\",\"itemListElement\":[{\"@type\":\"ListItem\",\"position\":1,\"name\":\"Forecast 2023\",\"item\":\"https:\/\/urbanjournalism.institute\/forecast-fr\/forecast-2023\/\"},{\"@type\":\"ListItem\",\"position\":2,\"name\":\"Vers un Multilat\u00e9ralisme organis\u00e9 en R\u00e9seau\",\"item\":\"https:\/\/urbanjournalism.institute\/forecast-fr\/forecast-2023\/vers-un-multilateralisme-en-reseau\/\"},{\"@type\":\"ListItem\",\"position\":3,\"name\":\"Inde et Japon, des pivots pour intensifier le multilat\u00e9ralisme local\"}]},{\"@type\":\"WebSite\",\"@id\":\"https:\/\/urbanjournalism.institute\/forecast-fr\/#website\",\"url\":\"https:\/\/urbanjournalism.institute\/forecast-fr\/\",\"name\":\"Municipal Forecast - Fran\u00e7ais\",\"description\":\"\",\"potentialAction\":[{\"@type\":\"SearchAction\",\"target\":{\"@type\":\"EntryPoint\",\"urlTemplate\":\"https:\/\/urbanjournalism.institute\/forecast-fr\/?s={search_term_string}\"},\"query-input\":{\"@type\":\"PropertyValueSpecification\",\"valueRequired\":true,\"valueName\":\"search_term_string\"}}],\"inLanguage\":\"fr-FR\"}]}<\/script>\n<!-- \/ Yoast SEO plugin. -->","yoast_head_json":{"title":"Inde et Japon, des pivots pour intensifier le multilat\u00e9ralisme local - Municipal Forecast - Fran\u00e7ais","robots":{"index":"index","follow":"follow","max-snippet":"max-snippet:-1","max-image-preview":"max-image-preview:large","max-video-preview":"max-video-preview:-1"},"canonical":"https:\/\/urbanjournalism.institute\/forecast-fr\/forecast-2023\/vers-un-multilateralisme-en-reseau\/linde-et-le-japon-des-centres-dintensification-du-multilateralisme-local\/","og_locale":"fr_FR","og_type":"article","og_title":"Inde et Japon, des pivots pour intensifier le multilat\u00e9ralisme local - Municipal Forecast - Fran\u00e7ais","og_description":"Inde et Japon, des pivots pour intensifier le multilat\u00e9ralisme local L\u2019Urban 20 consolide son influence au sein du G20, et le G7 a \u00e9t\u00e9 mentionn\u00e9 dans le tout premier communiqu\u00e9 des ministres du d\u00e9veloppement urbain du Urban7. Deux des plus grandes \u00e9conomies du monde as\u00adsumeront les pr\u00e9sidences du G20 et du G7. En 2022, le [&hellip;]","og_url":"https:\/\/urbanjournalism.institute\/forecast-fr\/forecast-2023\/vers-un-multilateralisme-en-reseau\/linde-et-le-japon-des-centres-dintensification-du-multilateralisme-local\/","og_site_name":"Municipal Forecast - Fran\u00e7ais","og_image":[{"url":"https:\/\/urbanjournalism.institute\/forecast\/wp-content\/themes\/forecast\/dist\/assets\/images\/editorial\/page-7-portrait.jpg","type":"","width":"","height":""}],"twitter_card":"summary_large_image","twitter_misc":{"Dur\u00e9e de lecture estim\u00e9e":"3 minutes"},"schema":{"@context":"https:\/\/schema.org","@graph":[{"@type":"WebPage","@id":"https:\/\/urbanjournalism.institute\/forecast-fr\/forecast-2023\/vers-un-multilateralisme-en-reseau\/linde-et-le-japon-des-centres-dintensification-du-multilateralisme-local\/","url":"https:\/\/urbanjournalism.institute\/forecast-fr\/forecast-2023\/vers-un-multilateralisme-en-reseau\/linde-et-le-japon-des-centres-dintensification-du-multilateralisme-local\/","name":"Inde et Japon, des pivots pour intensifier le multilat\u00e9ralisme local - Municipal Forecast - Fran\u00e7ais","isPartOf":{"@id":"https:\/\/urbanjournalism.institute\/forecast-fr\/#website"},"primaryImageOfPage":{"@id":"https:\/\/urbanjournalism.institute\/forecast-fr\/forecast-2023\/vers-un-multilateralisme-en-reseau\/linde-et-le-japon-des-centres-dintensification-du-multilateralisme-local\/#primaryimage"},"image":{"@id":"https:\/\/urbanjournalism.institute\/forecast-fr\/forecast-2023\/vers-un-multilateralisme-en-reseau\/linde-et-le-japon-des-centres-dintensification-du-multilateralisme-local\/#primaryimage"},"thumbnailUrl":"https:\/\/urbanjournalism.institute\/forecast\/wp-content\/themes\/forecast\/dist\/assets\/images\/editorial\/page-7-portrait.jpg","datePublished":"2023-02-20T07:40:59+00:00","breadcrumb":{"@id":"https:\/\/urbanjournalism.institute\/forecast-fr\/forecast-2023\/vers-un-multilateralisme-en-reseau\/linde-et-le-japon-des-centres-dintensification-du-multilateralisme-local\/#breadcrumb"},"inLanguage":"fr-FR","potentialAction":[{"@type":"ReadAction","target":["https:\/\/urbanjournalism.institute\/forecast-fr\/forecast-2023\/vers-un-multilateralisme-en-reseau\/linde-et-le-japon-des-centres-dintensification-du-multilateralisme-local\/"]}]},{"@type":"ImageObject","inLanguage":"fr-FR","@id":"https:\/\/urbanjournalism.institute\/forecast-fr\/forecast-2023\/vers-un-multilateralisme-en-reseau\/linde-et-le-japon-des-centres-dintensification-du-multilateralisme-local\/#primaryimage","url":"https:\/\/urbanjournalism.institute\/forecast\/wp-content\/themes\/forecast\/dist\/assets\/images\/editorial\/page-7-portrait.jpg","contentUrl":"https:\/\/urbanjournalism.institute\/forecast\/wp-content\/themes\/forecast\/dist\/assets\/images\/editorial\/page-7-portrait.jpg"},{"@type":"BreadcrumbList","@id":"https:\/\/urbanjournalism.institute\/forecast-fr\/forecast-2023\/vers-un-multilateralisme-en-reseau\/linde-et-le-japon-des-centres-dintensification-du-multilateralisme-local\/#breadcrumb","itemListElement":[{"@type":"ListItem","position":1,"name":"Forecast 2023","item":"https:\/\/urbanjournalism.institute\/forecast-fr\/forecast-2023\/"},{"@type":"ListItem","position":2,"name":"Vers un Multilat\u00e9ralisme organis\u00e9 en R\u00e9seau","item":"https:\/\/urbanjournalism.institute\/forecast-fr\/forecast-2023\/vers-un-multilateralisme-en-reseau\/"},{"@type":"ListItem","position":3,"name":"Inde et Japon, des pivots pour intensifier le multilat\u00e9ralisme local"}]},{"@type":"WebSite","@id":"https:\/\/urbanjournalism.institute\/forecast-fr\/#website","url":"https:\/\/urbanjournalism.institute\/forecast-fr\/","name":"Municipal Forecast - Fran\u00e7ais","description":"","potentialAction":[{"@type":"SearchAction","target":{"@type":"EntryPoint","urlTemplate":"https:\/\/urbanjournalism.institute\/forecast-fr\/?s={search_term_string}"},"query-input":{"@type":"PropertyValueSpecification","valueRequired":true,"valueName":"search_term_string"}}],"inLanguage":"fr-FR"}]}},"_links":{"self":[{"href":"https:\/\/urbanjournalism.institute\/forecast-fr\/wp-json\/wp\/v2\/pages\/18","targetHints":{"allow":["GET"]}}],"collection":[{"href":"https:\/\/urbanjournalism.institute\/forecast-fr\/wp-json\/wp\/v2\/pages"}],"about":[{"href":"https:\/\/urbanjournalism.institute\/forecast-fr\/wp-json\/wp\/v2\/types\/page"}],"author":[{"embeddable":true,"href":"https:\/\/urbanjournalism.institute\/forecast-fr\/wp-json\/wp\/v2\/users\/1"}],"replies":[{"embeddable":true,"href":"https:\/\/urbanjournalism.institute\/forecast-fr\/wp-json\/wp\/v2\/comments?post=18"}],"version-history":[{"count":0,"href":"https:\/\/urbanjournalism.institute\/forecast-fr\/wp-json\/wp\/v2\/pages\/18\/revisions"}],"up":[{"embeddable":true,"href":"https:\/\/urbanjournalism.institute\/forecast-fr\/wp-json\/wp\/v2\/pages\/16"}],"wp:attachment":[{"href":"https:\/\/urbanjournalism.institute\/forecast-fr\/wp-json\/wp\/v2\/media?parent=18"}],"curies":[{"name":"wp","href":"https:\/\/api.w.org\/{rel}","templated":true}]}}