{"id":20,"date":"2023-02-20T07:40:59","date_gmt":"2023-02-20T07:40:59","guid":{"rendered":"https:\/\/urbanjournalism.institute\/forecast\/fr\/forecast-2023\/vers-un-multilateralisme-en-reseau\/le-mouvement-municipal-international-adopte-une-strategie-densemble\/"},"modified":"2023-02-20T07:40:59","modified_gmt":"2023-02-20T07:40:59","slug":"le-mouvement-municipal-international-adopte-une-strategie-densemble","status":"publish","type":"page","link":"https:\/\/urbanjournalism.institute\/forecast-fr\/forecast-2023\/vers-un-multilateralisme-en-reseau\/le-mouvement-municipal-international-adopte-une-strategie-densemble\/","title":{"rendered":"Le mouvement municipal international adopte un plan strat\u00e9gique"},"content":{"rendered":"\n<header class=\"wp-block-group\"><div class=\"wp-block-group__inner-container is-layout-constrained wp-block-group-is-layout-constrained\">\n<div class=\"wp-block-columns is-layout-flex wp-container-core-columns-is-layout-9d6595d7 wp-block-columns-is-layout-flex\">\n<div class=\"wp-block-column is-layout-flow wp-block-column-is-layout-flow\" style=\"flex-basis:66.66%\">\n<h1 class=\"wp-block-heading\">Le mouvement municipal international adopte un plan strat\u00e9gique<\/h1>\n<\/div>\n\n\n\n<div class=\"wp-block-column is-layout-flow wp-block-column-is-layout-flow\" style=\"flex-basis:33.33%\"><\/div>\n<\/div>\n\n\n\n<h4 class=\"wp-block-heading\"><em>Le Pacte pour l&rsquo;avenir de l&rsquo;humanity se concr\u00e9tise<\/em><\/h4>\n\n\n\n<p><strong><em>Emilia Saiz<\/em><\/strong><br><em>Secr\u00e9taire G\u00e9n\u00e9rale de Cit\u00e9s et Gouvernements Locaux Unis (CGLU)<\/em><\/p>\n<\/div><\/header>\n\n\n\n<div class=\"wp-block-group\"><div class=\"wp-block-group__inner-container is-layout-constrained wp-block-group-is-layout-constrained\">\n<div class=\"wp-block-columns is-layout-flex wp-container-core-columns-is-layout-9d6595d7 wp-block-columns-is-layout-flex\">\n<div class=\"wp-block-column is-layout-flow wp-block-column-is-layout-flow\">\n<p>Les maires, gouverneurs et dirigeants locaux du monde entier sont bien conscients que notre monde se situe \u00e0 un moment d\u00e9cisif. La pand\u00e9mie les a plac\u00e9s face \u00e0 un sc\u00e9nario sans pr\u00e9c\u00e9dent, mais elle leur a \u00e9galement donn\u00e9 une&nbsp;<strong>perception renouvel\u00e9e des objectifs \u00e0 atteindre pour mener une action v\u00e9ritablement transformatrice<\/strong>, et ainsi surmonter les niveaux actuels d\u2019in\u00e9galit\u00e9, s\u2019attaquer \u00e0 la crise environnementale et \u00e0 la fracture culturelle grandissante.<\/p>\n\n\n\n<p>C\u2019est dans ce contexte que l\u2019Organisation mondiale des Cit\u00e9s et Gouvernements Locaux Unis, le plus grand r\u00e9seau mondial de villes, de gouvernements locaux, r\u00e9gionaux et m\u00e9tropolitains et de leurs associations, h\u00e9ritier d\u2019un mouvement centenaire fond\u00e9 sur la diplomatie des villes et la coop\u00e9ration, a approuv\u00e9 le Pacte pour l\u2019Avenir de l\u2019Humanit\u00e9. Un Pacte pour l\u2019Avenir des Personnes, de la Plan\u00e8te et des Gouvernements adopt\u00e9 par 345 repr\u00e9sentants politiques \u00e9lus lors d\u2019un rassemblement de plus de 4 000 dirigeants.<\/p>\n\n\n\n<p>Dans le plus grand exercice de d\u00e9mocratie locale au monde, le Pacte pour l\u2019Avenir a \u00e9t\u00e9 adopt\u00e9 par consensus par les instances dirigeantes de notre Organisation. Gr\u00e2ce \u00e0 ce Pacte, les collectivit\u00e9s locales et r\u00e9gionales assument leur r\u00f4le et leur responsabilit\u00e9 essentiels dans la d\u00e9fense d\u2019une qualit\u00e9 de vie plus \u00e9quitable et durable pour les citoyens et les populations, en prot\u00e9geant leurs droits aux biens communs mondiaux et locaux, tout en pr\u00e9servant la plan\u00e8te pour les g\u00e9n\u00e9rations futures.<\/p>\n<\/div>\n\n\n\n<div class=\"wp-block-column is-layout-flow wp-block-column-is-layout-flow\">\n<p>Le Pacte, en bref, comme l\u2019a d\u00e9clar\u00e9 Carolina Cosse, pr\u00e9sidente de CGLU et maire de Montevideo, est \u201cl\u2019engagement des gouvernements locaux et r\u00e9gionaux en faveur d\u2019une transformation syst\u00e9mique par la voie d\u2019une diplomatie anim\u00e9e par un leadership et une solidarit\u00e9 f\u00e9ministes, vou\u00e9e \u00e0 la d\u00e9mocratie locale et \u00e0 la paix, fid\u00e8le aux valeurs de subsidiarit\u00e9, d\u2019\u00e9galit\u00e9 des sexes, d\u2019autonomie et de responsabilit\u00e9\u201d.<\/p>\n\n\n\n<p>L\u2019approbation du Pacte pour l\u2019avenir t\u00e9moigne de l\u2019immense \u00e9tendue des aspirations du mouvement. Elle garantit que les gouvernements locaux et r\u00e9gionaux sont en mesure de remplir leur r\u00f4le au sein de ce syst\u00e8me multilat\u00e9ral renouvel\u00e9, qui est de mettre en oeuvre les programmes de d\u00e9veloppement mondiaux, tels que l\u2019Agenda 2030, l\u2019Accord de Paris et le Nouveau Programme pour les Villes. Le mouvement international r\u00e9clame un si\u00e8ge \u00e0 la table des n\u00e9gociations mondiales depuis plusieurs d\u00e9cennies et, tout comme les pr\u00e9d\u00e9cesseurs de ce syst\u00e8me multilat\u00e9ral \u00e9tatique fond\u00e9 apr\u00e8s la Seconde Guerre mondiale (leurs fondements remontent \u00e0 1913), ils se consid\u00e8rent comme des acteurs essentiels pour garantir la mise en place d\u2019un syst\u00e8me de gouvernance mondiale r\u00e9nov\u00e9 et fonctionnel.<\/p>\n\n\n\n<p>Le Pacte porte un r\u00e9cit puissant revendiquant une appartenance commune \u00e0 l\u2019humanit\u00e9 : \u201cNous rejetons la cupidit\u00e9, les pr\u00e9jug\u00e9s et la division et nous choisissons de placer la solidarit\u00e9 au coeur de notre Pacte pour l\u2019avenir\u201d. Les trois axes du Pacte (Personnes, Plan\u00e8te et Gouvernement) mettent en \u00e9vidence le respect des droits de l\u2019homme de tous les individus et le maintien de l\u2019int\u00e9grit\u00e9 de notre plan\u00e8te. Pour r\u00e9pondre aux attentes des g\u00e9n\u00e9rations actuelles et futures, et pour r\u00e9affirmer notre humanit\u00e9 commune.<\/p>\n<\/div>\n<\/div>\n<\/div><\/div>\n\n\n\n<div class=\"wp-block-group narrow-group has-vivid-red-background-color has-background\"><div class=\"wp-block-group__inner-container is-layout-constrained wp-block-group-is-layout-constrained\">\n<p class=\"font-serif fs-6 has-pale-pink-color has-text-color\">Le 7e Congr\u00e8s mondial et Sommet des dirigeants locaux et r\u00e9gionaux de CGLU s\u2019est cl\u00f4tur\u00e9 le 14 octobre 2022 par l\u2019adoption du Pacte pour l\u2019Avenir de l\u2019Humanit\u00e9.<\/p>\n\n\n\n<p class=\"font-serif fs-6 has-pale-pink-color has-text-color\">Le document est fond\u00e9 sur une compr\u00e9hension profonde et un sens des responsabilit\u00e9s commun des membres de CGLU quant au r\u00f4le essentiel qu\u2019ils doivent jouer pour garantir \u201cune qualit\u00e9 de vie plus \u00e9quitable et durable pour les citoyens et les populations, en prot\u00e9geant leurs droits et les biens communs mondiaux et locaux tout en prot\u00e9geant la plan\u00e8te pour les g\u00e9n\u00e9rations futures. \u201c<\/p>\n\n\n\n<p class=\"font-serif fs-6 has-pale-pink-color has-text-color\">Par l\u2019approbation du Pacte, l\u2019organisation a \u00e9galement renforc\u00e9 son identit\u00e9, notamment gr\u00e2ce au Mouvement F\u00e9ministe Municipal, au \u201cDroit universel \u00e0 la ville pour tous\u201d, les principes d\u2019\u00e9galit\u00e9 des sexes et de d\u00e9mocratie, et sa mission de placer le soin au centre de la gouvernance locale.La l\u00e9gitimit\u00e9 croissante de CGLU dans les espaces multilat\u00e9raux, en particulier au cours de la derni\u00e8re d\u00e9cennie, continuera de repr\u00e9senter un objectif strat\u00e9gique, notamment en vue du Sommet de l\u2019Avenir des Nations Unies et des agendas de d\u00e9veloppement d\u2019apr\u00e8s 2030.<\/p>\n\n\n\n<p class=\"font-serif fs-6 has-pale-pink-color has-text-color\">Vous pouvez lire la version compl\u00e8te du document \u00e0 l\u2019adresse suivante: <\/p>\n\n\n\n<p class=\"font-serif fs-6 has-pale-pink-color has-text-color\"><a rel=\"noreferrer noopener\" href=\"https:\/\/bit.ly\/412fsQ0\" target=\"_blank\"><strong>https:\/\/bit.ly\/412fsQ0<\/strong><\/a><\/p>\n<\/div><\/div>\n\n\n\n<div class=\"wp-block-group\"><div class=\"wp-block-group__inner-container is-layout-constrained wp-block-group-is-layout-constrained\">\n<h4 class=\"wp-block-heading\"><em>Personnes, Plan\u00e8te et Gouvernement : Trois axes pour conduire la transformation<\/em><\/h4>\n\n\n\n<div class=\"wp-block-columns is-layout-flex wp-container-core-columns-is-layout-9d6595d7 wp-block-columns-is-layout-flex\">\n<div class=\"wp-block-column is-layout-flow wp-block-column-is-layout-flow\" style=\"flex-basis:66.66%\">\n<figure class=\"wp-block-image size-large\"><img decoding=\"async\" src=\"https:\/\/urbanjournalism.institute\/forecast\/wp-content\/themes\/forecast\/dist\/assets\/images\/editorial\/page-9-landscape.jpg\" alt=\"\" \/><figcaption class=\"wp-element-caption\"><em>\u00a9 <em>Banque mondiale&nbsp;<\/em>&nbsp;<\/em><\/figcaption><\/figure>\n<\/div>\n\n\n\n<div class=\"wp-block-column is-layout-flow wp-block-column-is-layout-flow\" style=\"flex-basis:33.33%\">\n<p><strong>Le Pacte pour l\u2019Avenir des Personnes&nbsp;<\/strong>se concentre sur les besoins des g\u00e9n\u00e9rations actuelles et sur l\u2019\u00e9largissement des droits des g\u00e9n\u00e9rations futures en leur garantissant l\u2019acc\u00e8s aux services publics et aux biens communs. Tandis que nous reconnaissons l\u2019impact des in\u00e9galit\u00e9s croissantes au sein des villes et entre elles, le Pacte cherche \u00e0 assurer l\u2019\u00e9quit\u00e9 et la justice intersectionnelle pour tous et en tout lieu.<\/p>\n\n\n\n<p><strong>L\u2019Avenir de la Plan\u00e8te&nbsp;<\/strong>promeut des syst\u00e8mes et des modes de vie en harmonie avec notre plan\u00e8te, tout en renfor\u00e7ant la r\u00e9silience et la durabilit\u00e9 par des politiques qui \u201crenaturent\u201d nos mod\u00e8les de production et de consommation, qui seront les pierres angulaires du Pacte pour l\u2019avenir &#8211; et un effort qu\u2019aucun acteur ou niveau de gouvernement ne peut r\u00e9aliser seul.&nbsp;<\/p>\n\n\n\n<p><strong>L\u2019Avenir des Gouvernements&nbsp;<\/strong>repose sur la revendication citoyenne plaidant pour une transformation des modes de gouvernance. Nous avons l\u2019occasion, une fois par g\u00e9n\u00e9ration, de revoir et d\u2019am\u00e9liorer nos outils pour r\u00e9pondre aux d\u00e9fis que nous devons relever, afin de garantir une transformation profonde de nos soci\u00e9t\u00e9s et de nos syst\u00e8mes.<\/p>\n<\/div>\n<\/div>\n<\/div><\/div>\n\n\n\n<div class=\"wp-block-group narrow-group\"><div class=\"wp-block-group__inner-container is-layout-constrained wp-block-group-is-layout-constrained\">\n<h4 class=\"wp-block-heading\"><em>Le Pacte pour l\u2019Avenir : au-del\u00e0 du r\u00e9cit&nbsp;<\/em><\/h4>\n\n\n\n<p>En pr\u00e9vision de l\u2019examen \u00e0 mi-parcours de l\u2019Agenda 2030 et des ODD en 2023, et avec le monde de l\u2019apr\u00e8s-2030 \u00e0 l\u2019horizon, le Pacte propose la vision d\u2019un monde qui \u00e9tablit un lien entre les actions locales et les tendances mondiales, qui apporte les perspectives territoriales aux agendas mondiaux. Le Pacte est une initiative mondiale qui incarne l\u2019espoir. Il d\u00e9montre qu\u2019une autre voie est possible et que, collectivement, il existe une abondance de ressources, de capacit\u00e9s intel\u00adlectuelles, de comp\u00e9tences et de d\u00e9sirs de faire mieux.&nbsp;<\/p>\n\n\n\n<p>L\u2019ann\u00e9e 2023 est l\u2019occasion de lancer un processus de r\u00e9flex\u00adion collectif s\u2019appuyant sur les acquis du mouvement municipal, adoptant ses valeurs et ses principes fon\u00addamentaux (d\u00e9centralisation, subsidiarit\u00e9, autonomie, responsabilit\u00e9), avec le souci du bien-\u00eatre, la culture et les droits de l\u2019homme comme valeurs transversales pour une offre renouvel\u00e9e de services publics. Ce sera l\u2019occasion d\u2019\u00e9tablir des partenariats \u00e0 fort potentiel et d\u2019engager une r\u00e9flexion collective avec la soci\u00e9t\u00e9 civile sur la structuration et les champ d\u2019application des qua\u00adtre piliers du Pacte pour l\u2019Avenir : les Biens communs, les Financements, la Confiance et le renouvellement des modes de Gouvernance.\u00a0<\/p>\n\n\n\n<p>Le Pacte qui pr\u00e9c\u00e8de le Sommet des Nations Unies pour l\u2019Avenir est, en soi, une \u00e9tape dans la disruption des d\u00e9bats qui devront conduire \u00e0 l\u2019\u00e9laboration d\u2019un programme commun ambitieux et renouvel\u00e9, allant au-del\u00e0 de 2030, et tourn\u00e9 vers un avenir plus radieux.&nbsp;<\/p>\n\n\n\n<p><em>\u201cL\u2019ambition est que l\u2019ensemble de la Groupe de Travail Mondial, qui porte la voix des villes et des r\u00e9gions sur la sc\u00e8ne internationale, influence les r\u00e9sultats du Sommet de l\u2019Avenir\u201d.<\/em><\/p>\n<\/div><\/div>\n\n\n\n<blockquote class=\"wp-block-quote has-pale-pink-color has-vivid-red-background-color has-text-color has-background is-layout-flow wp-block-quote-is-layout-flow\">\n<p><strong><em>\u201cUn r\u00f4le central des gouvernements locaux et r\u00e9gionaux pour un syst\u00e8me multilat\u00e9ral renouvel\u00e9, en r\u00e9seau et efficace. Un syst\u00e8me multilat\u00e9raliste qui accepte le fait que les d\u00e9fis mondiaux ne peuvent \u00eatre relev\u00e9s qu\u2019en traitant les d\u00e9fis locaux et qu\u2019\u00e0 leur tour, les d\u00e9fis locaux d\u00e9pendent des d\u00e9fis mondiaux.\u201d<\/em><\/strong><\/p>\n<cite><br>Pacte pour l\u2019Avenir de l\u2019Humanit\u00e9 de CGLU<\/cite><\/blockquote>\n","protected":false},"excerpt":{"rendered":"<p>Le mouvement municipal international adopte un plan strat\u00e9gique Le Pacte pour l&rsquo;avenir de l&rsquo;humanity se concr\u00e9tise Emilia SaizSecr\u00e9taire G\u00e9n\u00e9rale de Cit\u00e9s et Gouvernements Locaux Unis (CGLU) Les maires, gouverneurs et dirigeants locaux du monde entier sont bien conscients que notre monde se situe \u00e0 un moment d\u00e9cisif. La pand\u00e9mie les a plac\u00e9s face \u00e0 un [&hellip;]<\/p>\n","protected":false},"author":1,"featured_media":0,"parent":16,"menu_order":30,"comment_status":"closed","ping_status":"closed","template":"","meta":{"footnotes":""},"class_list":["post-20","page","type-page","status-publish","hentry"],"yoast_head":"<!-- This site is optimized with the Yoast SEO plugin v27.0 - https:\/\/yoast.com\/product\/yoast-seo-wordpress\/ -->\n<title>Le mouvement municipal international adopte un plan strat\u00e9gique - Municipal Forecast - Fran\u00e7ais<\/title>\n<meta name=\"robots\" content=\"index, follow, max-snippet:-1, max-image-preview:large, max-video-preview:-1\" \/>\n<link rel=\"canonical\" href=\"https:\/\/urbanjournalism.institute\/forecast-fr\/forecast-2023\/vers-un-multilateralisme-en-reseau\/le-mouvement-municipal-international-adopte-une-strategie-densemble\/\" \/>\n<meta property=\"og:locale\" content=\"fr_FR\" \/>\n<meta property=\"og:type\" content=\"article\" \/>\n<meta property=\"og:title\" content=\"Le mouvement municipal international adopte un plan strat\u00e9gique - Municipal Forecast - Fran\u00e7ais\" \/>\n<meta property=\"og:description\" content=\"Le mouvement municipal international adopte un plan strat\u00e9gique Le Pacte pour l&rsquo;avenir de l&rsquo;humanity se concr\u00e9tise Emilia SaizSecr\u00e9taire G\u00e9n\u00e9rale de Cit\u00e9s et Gouvernements Locaux Unis (CGLU) Les maires, gouverneurs et dirigeants locaux du monde entier sont bien conscients que notre monde se situe \u00e0 un moment d\u00e9cisif. La pand\u00e9mie les a plac\u00e9s face \u00e0 un [&hellip;]\" \/>\n<meta property=\"og:url\" content=\"https:\/\/urbanjournalism.institute\/forecast-fr\/forecast-2023\/vers-un-multilateralisme-en-reseau\/le-mouvement-municipal-international-adopte-une-strategie-densemble\/\" \/>\n<meta property=\"og:site_name\" content=\"Municipal Forecast - Fran\u00e7ais\" \/>\n<meta property=\"og:image\" content=\"https:\/\/urbanjournalism.institute\/forecast\/wp-content\/themes\/forecast\/dist\/assets\/images\/editorial\/page-9-landscape.jpg\" \/>\n<meta name=\"twitter:card\" content=\"summary_large_image\" \/>\n<meta name=\"twitter:label1\" content=\"Dur\u00e9e de lecture estim\u00e9e\" \/>\n\t<meta name=\"twitter:data1\" content=\"7 minutes\" \/>\n<script type=\"application\/ld+json\" class=\"yoast-schema-graph\">{\"@context\":\"https:\/\/schema.org\",\"@graph\":[{\"@type\":\"WebPage\",\"@id\":\"https:\/\/urbanjournalism.institute\/forecast-fr\/forecast-2023\/vers-un-multilateralisme-en-reseau\/le-mouvement-municipal-international-adopte-une-strategie-densemble\/\",\"url\":\"https:\/\/urbanjournalism.institute\/forecast-fr\/forecast-2023\/vers-un-multilateralisme-en-reseau\/le-mouvement-municipal-international-adopte-une-strategie-densemble\/\",\"name\":\"Le mouvement municipal international adopte un plan strat\u00e9gique - Municipal Forecast - Fran\u00e7ais\",\"isPartOf\":{\"@id\":\"https:\/\/urbanjournalism.institute\/forecast-fr\/#website\"},\"primaryImageOfPage\":{\"@id\":\"https:\/\/urbanjournalism.institute\/forecast-fr\/forecast-2023\/vers-un-multilateralisme-en-reseau\/le-mouvement-municipal-international-adopte-une-strategie-densemble\/#primaryimage\"},\"image\":{\"@id\":\"https:\/\/urbanjournalism.institute\/forecast-fr\/forecast-2023\/vers-un-multilateralisme-en-reseau\/le-mouvement-municipal-international-adopte-une-strategie-densemble\/#primaryimage\"},\"thumbnailUrl\":\"https:\/\/urbanjournalism.institute\/forecast\/wp-content\/themes\/forecast\/dist\/assets\/images\/editorial\/page-9-landscape.jpg\",\"datePublished\":\"2023-02-20T07:40:59+00:00\",\"breadcrumb\":{\"@id\":\"https:\/\/urbanjournalism.institute\/forecast-fr\/forecast-2023\/vers-un-multilateralisme-en-reseau\/le-mouvement-municipal-international-adopte-une-strategie-densemble\/#breadcrumb\"},\"inLanguage\":\"fr-FR\",\"potentialAction\":[{\"@type\":\"ReadAction\",\"target\":[\"https:\/\/urbanjournalism.institute\/forecast-fr\/forecast-2023\/vers-un-multilateralisme-en-reseau\/le-mouvement-municipal-international-adopte-une-strategie-densemble\/\"]}]},{\"@type\":\"ImageObject\",\"inLanguage\":\"fr-FR\",\"@id\":\"https:\/\/urbanjournalism.institute\/forecast-fr\/forecast-2023\/vers-un-multilateralisme-en-reseau\/le-mouvement-municipal-international-adopte-une-strategie-densemble\/#primaryimage\",\"url\":\"https:\/\/urbanjournalism.institute\/forecast\/wp-content\/themes\/forecast\/dist\/assets\/images\/editorial\/page-9-landscape.jpg\",\"contentUrl\":\"https:\/\/urbanjournalism.institute\/forecast\/wp-content\/themes\/forecast\/dist\/assets\/images\/editorial\/page-9-landscape.jpg\"},{\"@type\":\"BreadcrumbList\",\"@id\":\"https:\/\/urbanjournalism.institute\/forecast-fr\/forecast-2023\/vers-un-multilateralisme-en-reseau\/le-mouvement-municipal-international-adopte-une-strategie-densemble\/#breadcrumb\",\"itemListElement\":[{\"@type\":\"ListItem\",\"position\":1,\"name\":\"Forecast 2023\",\"item\":\"https:\/\/urbanjournalism.institute\/forecast-fr\/forecast-2023\/\"},{\"@type\":\"ListItem\",\"position\":2,\"name\":\"Vers un Multilat\u00e9ralisme organis\u00e9 en R\u00e9seau\",\"item\":\"https:\/\/urbanjournalism.institute\/forecast-fr\/forecast-2023\/vers-un-multilateralisme-en-reseau\/\"},{\"@type\":\"ListItem\",\"position\":3,\"name\":\"Le mouvement municipal international adopte un plan strat\u00e9gique\"}]},{\"@type\":\"WebSite\",\"@id\":\"https:\/\/urbanjournalism.institute\/forecast-fr\/#website\",\"url\":\"https:\/\/urbanjournalism.institute\/forecast-fr\/\",\"name\":\"Municipal Forecast - Fran\u00e7ais\",\"description\":\"\",\"potentialAction\":[{\"@type\":\"SearchAction\",\"target\":{\"@type\":\"EntryPoint\",\"urlTemplate\":\"https:\/\/urbanjournalism.institute\/forecast-fr\/?s={search_term_string}\"},\"query-input\":{\"@type\":\"PropertyValueSpecification\",\"valueRequired\":true,\"valueName\":\"search_term_string\"}}],\"inLanguage\":\"fr-FR\"}]}<\/script>\n<!-- \/ Yoast SEO plugin. -->","yoast_head_json":{"title":"Le mouvement municipal international adopte un plan strat\u00e9gique - Municipal Forecast - Fran\u00e7ais","robots":{"index":"index","follow":"follow","max-snippet":"max-snippet:-1","max-image-preview":"max-image-preview:large","max-video-preview":"max-video-preview:-1"},"canonical":"https:\/\/urbanjournalism.institute\/forecast-fr\/forecast-2023\/vers-un-multilateralisme-en-reseau\/le-mouvement-municipal-international-adopte-une-strategie-densemble\/","og_locale":"fr_FR","og_type":"article","og_title":"Le mouvement municipal international adopte un plan strat\u00e9gique - Municipal Forecast - Fran\u00e7ais","og_description":"Le mouvement municipal international adopte un plan strat\u00e9gique Le Pacte pour l&rsquo;avenir de l&rsquo;humanity se concr\u00e9tise Emilia SaizSecr\u00e9taire G\u00e9n\u00e9rale de Cit\u00e9s et Gouvernements Locaux Unis (CGLU) Les maires, gouverneurs et dirigeants locaux du monde entier sont bien conscients que notre monde se situe \u00e0 un moment d\u00e9cisif. La pand\u00e9mie les a plac\u00e9s face \u00e0 un [&hellip;]","og_url":"https:\/\/urbanjournalism.institute\/forecast-fr\/forecast-2023\/vers-un-multilateralisme-en-reseau\/le-mouvement-municipal-international-adopte-une-strategie-densemble\/","og_site_name":"Municipal Forecast - Fran\u00e7ais","og_image":[{"url":"https:\/\/urbanjournalism.institute\/forecast\/wp-content\/themes\/forecast\/dist\/assets\/images\/editorial\/page-9-landscape.jpg","type":"","width":"","height":""}],"twitter_card":"summary_large_image","twitter_misc":{"Dur\u00e9e de lecture estim\u00e9e":"7 minutes"},"schema":{"@context":"https:\/\/schema.org","@graph":[{"@type":"WebPage","@id":"https:\/\/urbanjournalism.institute\/forecast-fr\/forecast-2023\/vers-un-multilateralisme-en-reseau\/le-mouvement-municipal-international-adopte-une-strategie-densemble\/","url":"https:\/\/urbanjournalism.institute\/forecast-fr\/forecast-2023\/vers-un-multilateralisme-en-reseau\/le-mouvement-municipal-international-adopte-une-strategie-densemble\/","name":"Le mouvement municipal international adopte un plan strat\u00e9gique - Municipal Forecast - Fran\u00e7ais","isPartOf":{"@id":"https:\/\/urbanjournalism.institute\/forecast-fr\/#website"},"primaryImageOfPage":{"@id":"https:\/\/urbanjournalism.institute\/forecast-fr\/forecast-2023\/vers-un-multilateralisme-en-reseau\/le-mouvement-municipal-international-adopte-une-strategie-densemble\/#primaryimage"},"image":{"@id":"https:\/\/urbanjournalism.institute\/forecast-fr\/forecast-2023\/vers-un-multilateralisme-en-reseau\/le-mouvement-municipal-international-adopte-une-strategie-densemble\/#primaryimage"},"thumbnailUrl":"https:\/\/urbanjournalism.institute\/forecast\/wp-content\/themes\/forecast\/dist\/assets\/images\/editorial\/page-9-landscape.jpg","datePublished":"2023-02-20T07:40:59+00:00","breadcrumb":{"@id":"https:\/\/urbanjournalism.institute\/forecast-fr\/forecast-2023\/vers-un-multilateralisme-en-reseau\/le-mouvement-municipal-international-adopte-une-strategie-densemble\/#breadcrumb"},"inLanguage":"fr-FR","potentialAction":[{"@type":"ReadAction","target":["https:\/\/urbanjournalism.institute\/forecast-fr\/forecast-2023\/vers-un-multilateralisme-en-reseau\/le-mouvement-municipal-international-adopte-une-strategie-densemble\/"]}]},{"@type":"ImageObject","inLanguage":"fr-FR","@id":"https:\/\/urbanjournalism.institute\/forecast-fr\/forecast-2023\/vers-un-multilateralisme-en-reseau\/le-mouvement-municipal-international-adopte-une-strategie-densemble\/#primaryimage","url":"https:\/\/urbanjournalism.institute\/forecast\/wp-content\/themes\/forecast\/dist\/assets\/images\/editorial\/page-9-landscape.jpg","contentUrl":"https:\/\/urbanjournalism.institute\/forecast\/wp-content\/themes\/forecast\/dist\/assets\/images\/editorial\/page-9-landscape.jpg"},{"@type":"BreadcrumbList","@id":"https:\/\/urbanjournalism.institute\/forecast-fr\/forecast-2023\/vers-un-multilateralisme-en-reseau\/le-mouvement-municipal-international-adopte-une-strategie-densemble\/#breadcrumb","itemListElement":[{"@type":"ListItem","position":1,"name":"Forecast 2023","item":"https:\/\/urbanjournalism.institute\/forecast-fr\/forecast-2023\/"},{"@type":"ListItem","position":2,"name":"Vers un Multilat\u00e9ralisme organis\u00e9 en R\u00e9seau","item":"https:\/\/urbanjournalism.institute\/forecast-fr\/forecast-2023\/vers-un-multilateralisme-en-reseau\/"},{"@type":"ListItem","position":3,"name":"Le mouvement municipal international adopte un plan strat\u00e9gique"}]},{"@type":"WebSite","@id":"https:\/\/urbanjournalism.institute\/forecast-fr\/#website","url":"https:\/\/urbanjournalism.institute\/forecast-fr\/","name":"Municipal Forecast - Fran\u00e7ais","description":"","potentialAction":[{"@type":"SearchAction","target":{"@type":"EntryPoint","urlTemplate":"https:\/\/urbanjournalism.institute\/forecast-fr\/?s={search_term_string}"},"query-input":{"@type":"PropertyValueSpecification","valueRequired":true,"valueName":"search_term_string"}}],"inLanguage":"fr-FR"}]}},"_links":{"self":[{"href":"https:\/\/urbanjournalism.institute\/forecast-fr\/wp-json\/wp\/v2\/pages\/20","targetHints":{"allow":["GET"]}}],"collection":[{"href":"https:\/\/urbanjournalism.institute\/forecast-fr\/wp-json\/wp\/v2\/pages"}],"about":[{"href":"https:\/\/urbanjournalism.institute\/forecast-fr\/wp-json\/wp\/v2\/types\/page"}],"author":[{"embeddable":true,"href":"https:\/\/urbanjournalism.institute\/forecast-fr\/wp-json\/wp\/v2\/users\/1"}],"replies":[{"embeddable":true,"href":"https:\/\/urbanjournalism.institute\/forecast-fr\/wp-json\/wp\/v2\/comments?post=20"}],"version-history":[{"count":0,"href":"https:\/\/urbanjournalism.institute\/forecast-fr\/wp-json\/wp\/v2\/pages\/20\/revisions"}],"up":[{"embeddable":true,"href":"https:\/\/urbanjournalism.institute\/forecast-fr\/wp-json\/wp\/v2\/pages\/16"}],"wp:attachment":[{"href":"https:\/\/urbanjournalism.institute\/forecast-fr\/wp-json\/wp\/v2\/media?parent=20"}],"curies":[{"name":"wp","href":"https:\/\/api.w.org\/{rel}","templated":true}]}}