{"id":22,"date":"2023-02-20T07:40:59","date_gmt":"2023-02-20T07:40:59","guid":{"rendered":"https:\/\/urbanjournalism.institute\/forecast\/fr\/forecast-2023\/leadership-local\/elections-locales-en-2023\/"},"modified":"2023-02-20T07:40:59","modified_gmt":"2023-02-20T07:40:59","slug":"elections-locales-en-2023","status":"publish","type":"page","link":"https:\/\/urbanjournalism.institute\/forecast-fr\/forecast-2023\/leadership-local\/elections-locales-en-2023\/","title":{"rendered":"Les \u00e9lections locales de 2023"},"content":{"rendered":"\n<header class=\"wp-block-group\"><div class=\"wp-block-group__inner-container is-layout-constrained wp-block-group-is-layout-constrained\">\n<div class=\"wp-block-columns is-layout-flex wp-container-core-columns-is-layout-9d6595d7 wp-block-columns-is-layout-flex\">\n<div class=\"wp-block-column is-layout-flow wp-block-column-is-layout-flow\" style=\"flex-basis:66.66%\">\n<h1 class=\"wp-block-heading\">Gouvernance Locale<\/h1>\n\n\n\n<h2 class=\"wp-block-heading\">Les \u00e9lections locales de 2023<\/h2>\n\n\n\n<h4 class=\"wp-block-heading\"><em>L\u2019ann\u00e9e 2022 fut intense pour la d\u00e9mocratie locale. La R\u00e9publique tch\u00e8que, l\u2019Islande, l\u2019Italie, le N\u00e9pal, la Nouvelle-Z\u00e9lande, le P\u00e9rou, les Philippines, le S\u00e9n\u00e9gal, la Serbie, la Slovaquie, la Su\u00e8de et la R\u00e9publique de Cor\u00e9e figurent parmi les pays qui ont connu des \u00e9lections locales.<\/em>&nbsp;<\/h4>\n<\/div>\n\n\n\n<div class=\"wp-block-column is-layout-flow wp-block-column-is-layout-flow\" style=\"flex-basis:33.33%\"><\/div>\n<\/div>\n<\/div><\/header>\n\n\n\n<figure class=\"wp-block-image size-large banner\"><img decoding=\"async\" src=\"https:\/\/urbanjournalism.institute\/forecast\/wp-content\/themes\/forecast\/dist\/assets\/images\/editorial\/page-10-landscape.jpg\" alt=\"\" \/><figcaption class=\"wp-element-caption\"><em>\u00a9 Laiotz&nbsp;<\/em><\/figcaption><\/figure>\n\n\n\n<div class=\"wp-block-group narrow-group\"><div class=\"wp-block-group__inner-container is-layout-constrained wp-block-group-is-layout-constrained\">\n<p>En 2022, le N\u00e9pal a tenu ses premi\u00e8res \u00e9lections locales depuis 20 ans. Les citoyens n\u00e9palais ont ainsi vot\u00e9 dans 6 villes m\u00e9tropolitaines, 11 agglom\u00e9rations, 276 municipalit\u00e9s et 460 communes rurales. Ces \u00e9lections \u00e9taient d\u2019autant plus d\u00e9terminantes que la nouvelle constitution adopt\u00e9e en 2015 et la loi sur les affaires locales de 2017 ont transf\u00e9r\u00e9 des pouvoirs et des responsabilit\u00e9s majeures aux autorit\u00e9s locales. Les r\u00e9sultats furent sans pr\u00e9c\u00e9dent. Les scrutins ont notamment permis un net succ\u00e8s des candidats ind\u00e9pendants face aux repr\u00e9sentants des partis historiques. De plus, les femmes ont remport\u00e9 41,21 % des si\u00e8ges.<\/p>\n\n\n\n<p>En 2023, des \u00e9lections locales auront \u00e9galement lieu en Norv\u00e8ge, en Espagne et au Royaume-Uni. Certaines villes des \u00c9tats-Unis comme Chicago, Denver, Houston et Philadelphie \u00e9liront \u00e9galement leurs maires.<\/p>\n\n\n\n<div style=\"height:56px\" aria-hidden=\"true\" class=\"wp-block-spacer\"><\/div>\n\n\n\n<div class=\"wp-block-columns is-layout-flex wp-container-core-columns-is-layout-9d6595d7 wp-block-columns-is-layout-flex\">\n<div class=\"wp-block-column is-layout-flow wp-block-column-is-layout-flow\">\n<p><strong>2023 sera le th\u00e9\u00e2tre d\u2019intenses \u00e9lections en Espagne<\/strong><\/p>\n\n\n\n<p>Les \u00e9lections municipales de mai 2023 marqueront le lancement d\u2019un cycle \u00e9lectoral en Espagne. Simultan\u00e9ment, les citoyens voteront pour les repr\u00e9sentants des 12 gouvernements r\u00e9gionaux (l\u2019Aragon, les Asturies, les Bal\u00e9ares, les Canaries, la Cantabrie, Castille-La Manche, l\u2019Estr\u00e9madure, Madrid, Murcie, Navarre, La Rioja et Valence). Les \u00e9lections nationales sont pr\u00e9vues pour la fin de l\u2019ann\u00e9e, en d\u00e9cembre, tandis que l\u2019Espagne assurera la pr\u00e9sidence tournante de l\u2019Union europ\u00e9enne \u00e0 compter du 1er juillet 2023.<\/p>\n\n\n\n<p>Ces douzi\u00e8mes \u00e9lections d\u00e9mocratiques locales d\u2019Espagne seront c\u00e9l\u00e9br\u00e9es par plus de 8 000 municipalit\u00e9s. Les premi\u00e8res \u00e9lections ind\u00e9pendantes succ\u00e9dant au r\u00e9gime du dictateur Francisco Franco de 1936 \u00e0 1975 datent de 1979. Aujourd\u2019hui, plus de 80 % de la population espagnole vit en ville, soit pr\u00e8s de 40 millions de personnes. Madrid, Barcelone, Valence, S\u00e9ville, Saragosse et Malaga sont les m\u00e9tropoles les plus peupl\u00e9es, et parmi ces six municipalit\u00e9s, Barcelone est la seule \u00e0 \u00eatre dirig\u00e9e par une femme (Ada Colau). Historiquement, depuis 1979, toutes les grandes villes d\u2019Espagne ont cependant eu au moins une femme maire.<\/p>\n\n\n\n<figure class=\"wp-block-image size-large caption-out\"><img decoding=\"async\" src=\"https:\/\/urbanjournalism.institute\/forecast\/wp-content\/themes\/forecast\/dist\/assets\/images\/editorial\/page-11-landscape.jpg\" alt=\"\" \/><figcaption class=\"wp-element-caption\"><em>Madrid, Espagne<\/em><br><em>\u00a9 Igor Oliyarnik<\/em><\/figcaption><\/figure>\n<\/div>\n\n\n\n<div class=\"wp-block-column is-layout-flow wp-block-column-is-layout-flow\">\n<p>Les deux grands partis traditionnels d\u2019Espagne sont le Parti socialiste ouvrier espagnol (PSOE) et le Parti populaire (PP). Au cours des derni\u00e8res \u00e9lections municipales de 2019, le Parti socialiste a recueilli pr\u00e8s de 30 %, contre 22 % pour le Parti populaire. C\u2019est en 2007 que le Parti socialiste a obtenu son meilleur score (35 %) ces 20 derni\u00e8res ann\u00e9es. Pour le Parti populaire, 2011 fut sa meilleure ann\u00e9e (37,5 %). Ces chiffres traduisent l\u2019\u00e9mergence progressive des petits partis, qui ont fragment\u00e9 le vote populaire et entra\u00een\u00e9 une intensification des alliances \u00e9lectorales pour garantir la gouvernabilit\u00e9 des villes.<\/p>\n\n\n\n<p>Cinq des six plus grandes villes ont aujourd\u2019hui un gouvernement de coalition. Trois d\u2019entre elles, Barcelone, Valence et S\u00e9ville, sont gouvern\u00e9es par des partis de centre-gauche, tandis que Madrid et Malaga, sont gouvern\u00e9es par des partis de centre-droit. Enfin, Saragosse est dirig\u00e9e par un maire du Parti Populaire, et soutenu par le parti conservateur-lib\u00e9ral Ciudadanos, et le parti d\u2019extr\u00eame-droite Vox.<\/p>\n\n\n\n<p>Douze r\u00e9gions organiseront \u00e9galement des \u00e9lections en mai 2023. Parmi elles, dix sont actuellement gouvern\u00e9es par des partis ou des coalitions de centre-gauche, et seulement deux (Madrid et Murcie) par le centre-droit.<\/p>\n\n\n\n<p>La ville de Madrid fut gouvern\u00e9e par le Parti populaire pendant pr\u00e8s de 25 ans, jusqu\u2019aux \u00e9lections locales de 2015 que Manuela Carmena a remport\u00e9es comme repr\u00e9sentante d\u2019une union de gauche avec le Parti socialiste, appel\u00e9e Ahora Madrid. En 2019, la liste ayant r\u00e9colt\u00e9 le plus de voix fut M\u00e1s Madrid (Plus de Madrid), un nouveau parti progressiste form\u00e9 pour succ\u00e9der \u00e0 Ahora Madrid. C\u2019est cependant Jos\u00e9 Luis Mart\u00ednez Almeida qui fut \u00e9lu maire de Madrid, port\u00e9 par une coalition avec le Parti populaire et Ciudadanos.<\/p>\n\n\n\n<p>Une tendance similaire s\u2019est d\u00e9gag\u00e9e dans la ville de Valence. Le Parti populaire a gouvern\u00e9 la ville pendant pr\u00e8s de 25 ans, avec notamment Rita Barber\u00e0 qui fut maire entre 1991 et 2015. Cette ann\u00e9e, Coalici\u00f3 Comprom\u00eds, une coalition de gauche, remporta les \u00e9lections et conclut un accord avec le Parti socialiste. En 2019, le maire Joan Rib\u00f3, issu de Comprom\u00eds, fut \u00e9lu et reconduisit le gouvernement de coalition.<\/p>\n\n\n\n<p>&nbsp;<\/p>\n<\/div>\n<\/div>\n\n\n\n<div style=\"height:56px\" aria-hidden=\"true\" class=\"wp-block-spacer\"><\/div>\n\n\n\n<p>\u00c0 Barcelone, le parti socialiste a gouvern\u00e9 la ville de 1979 \u00e0 2011. Apr\u00e8s 32 ans, Converg\u00e8ncia i Uni\u00f3, le parti politique nationaliste catalan conservateur qui a dirig\u00e9 le gouvernement r\u00e9gional catalan de 1979 \u00e0 2003, remporta les \u00e9lections. Il demeura au pouvoir pendant quatre ans avant qu\u2019un nouveau gouvernement progressiste ne reprenne la mairie de Barcelone. En 2015, la maire Ada Colau, remporta les \u00e9lections \u00e0 la t\u00eate d\u2019une coalition de gauche appel\u00e9e Barcelona en Com\u00fa (Barcelone en Commun). En 2019, bien que n\u2019\u00e9tant pas la candidate la plus pl\u00e9biscit\u00e9e, elle accepta une coalition avec le Parti socialiste et fut r\u00e9\u00e9lue maire.&nbsp;S\u00e9ville et Saragosse ont connu de nombreuses alternances politiques entre le parti populaire et le parti socialiste. \u00c0 Malaga, le maire du Parti Populaire, Francisco de la Torre, gouverne la ville depuis 1995.&nbsp;<\/p>\n\n\n\n<div style=\"height:56px\" aria-hidden=\"true\" class=\"wp-block-spacer\"><\/div>\n\n\n\n<div class=\"wp-block-columns is-layout-flex wp-container-core-columns-is-layout-9d6595d7 wp-block-columns-is-layout-flex\">\n<div class=\"wp-block-column is-layout-flow wp-block-column-is-layout-flow\">\n<p><strong>Les \u00e9lections locales du Sri Lanka de 2022 report\u00e9es pour 2023<\/strong><\/p>\n\n\n\n<p>Le Sri Lanka a annonc\u00e9 que les \u00e9lections municipales auront lieu le 9 mars 2023. Il s\u2019agit des premi\u00e8res \u00e9lections d\u2019envergure nationale apr\u00e8s l\u2019intense crise \u00e9conomique et politique \u00e0 laquelle le gouvernement a \u00e9t\u00e9 confront\u00e9. Plus de 16,6 millions de Sri Lankais seront appel\u00e9s \u00e0 \u00e9lire leurs repr\u00e9sentants locaux.&nbsp;<\/p>\n\n\n\n<p>Les derni\u00e8res \u00e9lections municipales avaient eu lieu en 2018. Le parti Sri Lanka Podujana Peramuna (SLPP) avait alors remport\u00e9 40 % des voix et gouverne depuis dans la majorit\u00e9 des conseils municipaux. C\u2019est le cas de la capitale administrative, Sri Jayawardenapura Kotte, et de la plupart des grandes villes du pays, comme Dehiwala-Mount Lavinia, Moratuwa et Negombo.&nbsp;Toutefois, le parti au pouvoir \u00e0 Colombo, la capitale ex\u00e9cutive et judiciaire et la plus grande agglom\u00e9ration du pays, demeure le Parti National Uni (centre-droit), avec l\u2019activiste Rosy Senanayake qui si\u00e8ge comme maire depuis mars 2018. Le SLPP est r\u00e9guli\u00e8rement qualifi\u00e9 de parti populiste, mettant l\u2019accent sur le nationalisme, le d\u00e9veloppement \u00e9conomique et le conservatisme social.<\/p>\n\n\n\n<figure class=\"wp-block-image size-large caption-out\"><img decoding=\"async\" src=\"https:\/\/urbanjournalism.institute\/forecast\/wp-content\/themes\/forecast\/dist\/assets\/images\/editorial\/page-12-landscape.jpg\" alt=\"\" \/><figcaption class=\"wp-element-caption\"><em>Colombo, Sri Lanka<\/em><br><em>\u00a9 Alex Azabache&nbsp;<\/em><\/figcaption><\/figure>\n<\/div>\n\n\n\n<div class=\"wp-block-column is-layout-flow wp-block-column-is-layout-flow\">\n<figure class=\"wp-block-image size-large caption-out\"><img decoding=\"async\" src=\"https:\/\/urbanjournalism.institute\/forecast\/wp-content\/themes\/forecast\/dist\/assets\/images\/editorial\/page-13-landscape.jpg\" alt=\"\" \/><figcaption class=\"wp-element-caption\"><em>Oslo, Norv\u00e8ge<\/em><br><em>\u00a9 Maria Bobrova<\/em><\/figcaption><\/figure>\n\n\n\n<p><strong><strong>Les r\u00e9sultats de la Norv\u00e8ge aux \u00e9lections locales de 2023 \u00e9tabliront ils un record du nombre de femmes maires ?<\/strong><\/strong><\/p>\n\n\n\n<p>Le pays nordique organisera ses \u00e9lections locales le 11 septembre 2023. Les r\u00e9sultats de 2019 ont signifi\u00e9 un pourcentage sans pr\u00e9c\u00e9dent de femmes maires en Norv\u00e8ge. Plus d\u2019un tiers des maires \u00e9lus \u00e9taient des femmes. En vingt ans, de 1999 \u00e0 2019, le pourcentage de femmes maires a plus que doubl\u00e9.&nbsp;Les six plus grandes villes du pays, totalisant pr\u00e8s de deux millions d\u2019habitants, sont toutes dirig\u00e9es par des femmes. Bergen, Stavanger, Trondheim, Fredrikstad et Drammen sont en effet gouvern\u00e9es par des femmes maires du parti travailliste de centre-gauche. Oslo, la capitale et de loin la plus grande ville, est la seule \u00e0 \u00eatre gouvern\u00e9e par le parti socialiste de gauche.<\/p>\n<\/div>\n<\/div>\n<\/div><\/div>\n","protected":false},"excerpt":{"rendered":"<p>Gouvernance Locale Les \u00e9lections locales de 2023 L\u2019ann\u00e9e 2022 fut intense pour la d\u00e9mocratie locale. La R\u00e9publique tch\u00e8que, l\u2019Islande, l\u2019Italie, le N\u00e9pal, la Nouvelle-Z\u00e9lande, le P\u00e9rou, les Philippines, le S\u00e9n\u00e9gal, la Serbie, la Slovaquie, la Su\u00e8de et la R\u00e9publique de Cor\u00e9e figurent parmi les pays qui ont connu des \u00e9lections locales.&nbsp; En 2022, le N\u00e9pal [&hellip;]<\/p>\n","protected":false},"author":1,"featured_media":0,"parent":21,"menu_order":0,"comment_status":"closed","ping_status":"closed","template":"","meta":{"footnotes":""},"class_list":["post-22","page","type-page","status-publish","hentry"],"yoast_head":"<!-- This site is optimized with the Yoast SEO plugin v27.0 - https:\/\/yoast.com\/product\/yoast-seo-wordpress\/ -->\n<title>Les \u00e9lections locales de 2023 - Municipal Forecast - Fran\u00e7ais<\/title>\n<meta name=\"robots\" content=\"index, follow, max-snippet:-1, max-image-preview:large, max-video-preview:-1\" \/>\n<link rel=\"canonical\" href=\"https:\/\/urbanjournalism.institute\/forecast-fr\/forecast-2023\/leadership-local\/elections-locales-en-2023\/\" \/>\n<meta property=\"og:locale\" content=\"fr_FR\" \/>\n<meta property=\"og:type\" content=\"article\" \/>\n<meta property=\"og:title\" content=\"Les \u00e9lections locales de 2023 - Municipal Forecast - Fran\u00e7ais\" \/>\n<meta property=\"og:description\" content=\"Gouvernance Locale Les \u00e9lections locales de 2023 L\u2019ann\u00e9e 2022 fut intense pour la d\u00e9mocratie locale. La R\u00e9publique tch\u00e8que, l\u2019Islande, l\u2019Italie, le N\u00e9pal, la Nouvelle-Z\u00e9lande, le P\u00e9rou, les Philippines, le S\u00e9n\u00e9gal, la Serbie, la Slovaquie, la Su\u00e8de et la R\u00e9publique de Cor\u00e9e figurent parmi les pays qui ont connu des \u00e9lections locales.&nbsp; En 2022, le N\u00e9pal [&hellip;]\" \/>\n<meta property=\"og:url\" content=\"https:\/\/urbanjournalism.institute\/forecast-fr\/forecast-2023\/leadership-local\/elections-locales-en-2023\/\" \/>\n<meta property=\"og:site_name\" content=\"Municipal Forecast - Fran\u00e7ais\" \/>\n<meta property=\"og:image\" content=\"https:\/\/urbanjournalism.institute\/forecast\/wp-content\/themes\/forecast\/dist\/assets\/images\/editorial\/page-10-landscape.jpg\" \/>\n<meta name=\"twitter:card\" content=\"summary_large_image\" \/>\n<meta name=\"twitter:label1\" content=\"Dur\u00e9e de lecture estim\u00e9e\" \/>\n\t<meta name=\"twitter:data1\" content=\"6 minutes\" \/>\n<script type=\"application\/ld+json\" class=\"yoast-schema-graph\">{\"@context\":\"https:\/\/schema.org\",\"@graph\":[{\"@type\":\"WebPage\",\"@id\":\"https:\/\/urbanjournalism.institute\/forecast-fr\/forecast-2023\/leadership-local\/elections-locales-en-2023\/\",\"url\":\"https:\/\/urbanjournalism.institute\/forecast-fr\/forecast-2023\/leadership-local\/elections-locales-en-2023\/\",\"name\":\"Les \u00e9lections locales de 2023 - Municipal Forecast - Fran\u00e7ais\",\"isPartOf\":{\"@id\":\"https:\/\/urbanjournalism.institute\/forecast-fr\/#website\"},\"primaryImageOfPage\":{\"@id\":\"https:\/\/urbanjournalism.institute\/forecast-fr\/forecast-2023\/leadership-local\/elections-locales-en-2023\/#primaryimage\"},\"image\":{\"@id\":\"https:\/\/urbanjournalism.institute\/forecast-fr\/forecast-2023\/leadership-local\/elections-locales-en-2023\/#primaryimage\"},\"thumbnailUrl\":\"https:\/\/urbanjournalism.institute\/forecast\/wp-content\/themes\/forecast\/dist\/assets\/images\/editorial\/page-10-landscape.jpg\",\"datePublished\":\"2023-02-20T07:40:59+00:00\",\"breadcrumb\":{\"@id\":\"https:\/\/urbanjournalism.institute\/forecast-fr\/forecast-2023\/leadership-local\/elections-locales-en-2023\/#breadcrumb\"},\"inLanguage\":\"fr-FR\",\"potentialAction\":[{\"@type\":\"ReadAction\",\"target\":[\"https:\/\/urbanjournalism.institute\/forecast-fr\/forecast-2023\/leadership-local\/elections-locales-en-2023\/\"]}]},{\"@type\":\"ImageObject\",\"inLanguage\":\"fr-FR\",\"@id\":\"https:\/\/urbanjournalism.institute\/forecast-fr\/forecast-2023\/leadership-local\/elections-locales-en-2023\/#primaryimage\",\"url\":\"https:\/\/urbanjournalism.institute\/forecast\/wp-content\/themes\/forecast\/dist\/assets\/images\/editorial\/page-10-landscape.jpg\",\"contentUrl\":\"https:\/\/urbanjournalism.institute\/forecast\/wp-content\/themes\/forecast\/dist\/assets\/images\/editorial\/page-10-landscape.jpg\"},{\"@type\":\"BreadcrumbList\",\"@id\":\"https:\/\/urbanjournalism.institute\/forecast-fr\/forecast-2023\/leadership-local\/elections-locales-en-2023\/#breadcrumb\",\"itemListElement\":[{\"@type\":\"ListItem\",\"position\":1,\"name\":\"Forecast 2023\",\"item\":\"https:\/\/urbanjournalism.institute\/forecast-fr\/forecast-2023\/\"},{\"@type\":\"ListItem\",\"position\":2,\"name\":\"Leadership local\",\"item\":\"https:\/\/urbanjournalism.institute\/forecast-fr\/forecast-2023\/leadership-local\/\"},{\"@type\":\"ListItem\",\"position\":3,\"name\":\"Les \u00e9lections locales de 2023\"}]},{\"@type\":\"WebSite\",\"@id\":\"https:\/\/urbanjournalism.institute\/forecast-fr\/#website\",\"url\":\"https:\/\/urbanjournalism.institute\/forecast-fr\/\",\"name\":\"Municipal Forecast - Fran\u00e7ais\",\"description\":\"\",\"potentialAction\":[{\"@type\":\"SearchAction\",\"target\":{\"@type\":\"EntryPoint\",\"urlTemplate\":\"https:\/\/urbanjournalism.institute\/forecast-fr\/?s={search_term_string}\"},\"query-input\":{\"@type\":\"PropertyValueSpecification\",\"valueRequired\":true,\"valueName\":\"search_term_string\"}}],\"inLanguage\":\"fr-FR\"}]}<\/script>\n<!-- \/ Yoast SEO plugin. -->","yoast_head_json":{"title":"Les \u00e9lections locales de 2023 - Municipal Forecast - Fran\u00e7ais","robots":{"index":"index","follow":"follow","max-snippet":"max-snippet:-1","max-image-preview":"max-image-preview:large","max-video-preview":"max-video-preview:-1"},"canonical":"https:\/\/urbanjournalism.institute\/forecast-fr\/forecast-2023\/leadership-local\/elections-locales-en-2023\/","og_locale":"fr_FR","og_type":"article","og_title":"Les \u00e9lections locales de 2023 - Municipal Forecast - Fran\u00e7ais","og_description":"Gouvernance Locale Les \u00e9lections locales de 2023 L\u2019ann\u00e9e 2022 fut intense pour la d\u00e9mocratie locale. La R\u00e9publique tch\u00e8que, l\u2019Islande, l\u2019Italie, le N\u00e9pal, la Nouvelle-Z\u00e9lande, le P\u00e9rou, les Philippines, le S\u00e9n\u00e9gal, la Serbie, la Slovaquie, la Su\u00e8de et la R\u00e9publique de Cor\u00e9e figurent parmi les pays qui ont connu des \u00e9lections locales.&nbsp; En 2022, le N\u00e9pal [&hellip;]","og_url":"https:\/\/urbanjournalism.institute\/forecast-fr\/forecast-2023\/leadership-local\/elections-locales-en-2023\/","og_site_name":"Municipal Forecast - Fran\u00e7ais","og_image":[{"url":"https:\/\/urbanjournalism.institute\/forecast\/wp-content\/themes\/forecast\/dist\/assets\/images\/editorial\/page-10-landscape.jpg","type":"","width":"","height":""}],"twitter_card":"summary_large_image","twitter_misc":{"Dur\u00e9e de lecture estim\u00e9e":"6 minutes"},"schema":{"@context":"https:\/\/schema.org","@graph":[{"@type":"WebPage","@id":"https:\/\/urbanjournalism.institute\/forecast-fr\/forecast-2023\/leadership-local\/elections-locales-en-2023\/","url":"https:\/\/urbanjournalism.institute\/forecast-fr\/forecast-2023\/leadership-local\/elections-locales-en-2023\/","name":"Les \u00e9lections locales de 2023 - Municipal Forecast - Fran\u00e7ais","isPartOf":{"@id":"https:\/\/urbanjournalism.institute\/forecast-fr\/#website"},"primaryImageOfPage":{"@id":"https:\/\/urbanjournalism.institute\/forecast-fr\/forecast-2023\/leadership-local\/elections-locales-en-2023\/#primaryimage"},"image":{"@id":"https:\/\/urbanjournalism.institute\/forecast-fr\/forecast-2023\/leadership-local\/elections-locales-en-2023\/#primaryimage"},"thumbnailUrl":"https:\/\/urbanjournalism.institute\/forecast\/wp-content\/themes\/forecast\/dist\/assets\/images\/editorial\/page-10-landscape.jpg","datePublished":"2023-02-20T07:40:59+00:00","breadcrumb":{"@id":"https:\/\/urbanjournalism.institute\/forecast-fr\/forecast-2023\/leadership-local\/elections-locales-en-2023\/#breadcrumb"},"inLanguage":"fr-FR","potentialAction":[{"@type":"ReadAction","target":["https:\/\/urbanjournalism.institute\/forecast-fr\/forecast-2023\/leadership-local\/elections-locales-en-2023\/"]}]},{"@type":"ImageObject","inLanguage":"fr-FR","@id":"https:\/\/urbanjournalism.institute\/forecast-fr\/forecast-2023\/leadership-local\/elections-locales-en-2023\/#primaryimage","url":"https:\/\/urbanjournalism.institute\/forecast\/wp-content\/themes\/forecast\/dist\/assets\/images\/editorial\/page-10-landscape.jpg","contentUrl":"https:\/\/urbanjournalism.institute\/forecast\/wp-content\/themes\/forecast\/dist\/assets\/images\/editorial\/page-10-landscape.jpg"},{"@type":"BreadcrumbList","@id":"https:\/\/urbanjournalism.institute\/forecast-fr\/forecast-2023\/leadership-local\/elections-locales-en-2023\/#breadcrumb","itemListElement":[{"@type":"ListItem","position":1,"name":"Forecast 2023","item":"https:\/\/urbanjournalism.institute\/forecast-fr\/forecast-2023\/"},{"@type":"ListItem","position":2,"name":"Leadership local","item":"https:\/\/urbanjournalism.institute\/forecast-fr\/forecast-2023\/leadership-local\/"},{"@type":"ListItem","position":3,"name":"Les \u00e9lections locales de 2023"}]},{"@type":"WebSite","@id":"https:\/\/urbanjournalism.institute\/forecast-fr\/#website","url":"https:\/\/urbanjournalism.institute\/forecast-fr\/","name":"Municipal Forecast - Fran\u00e7ais","description":"","potentialAction":[{"@type":"SearchAction","target":{"@type":"EntryPoint","urlTemplate":"https:\/\/urbanjournalism.institute\/forecast-fr\/?s={search_term_string}"},"query-input":{"@type":"PropertyValueSpecification","valueRequired":true,"valueName":"search_term_string"}}],"inLanguage":"fr-FR"}]}},"_links":{"self":[{"href":"https:\/\/urbanjournalism.institute\/forecast-fr\/wp-json\/wp\/v2\/pages\/22","targetHints":{"allow":["GET"]}}],"collection":[{"href":"https:\/\/urbanjournalism.institute\/forecast-fr\/wp-json\/wp\/v2\/pages"}],"about":[{"href":"https:\/\/urbanjournalism.institute\/forecast-fr\/wp-json\/wp\/v2\/types\/page"}],"author":[{"embeddable":true,"href":"https:\/\/urbanjournalism.institute\/forecast-fr\/wp-json\/wp\/v2\/users\/1"}],"replies":[{"embeddable":true,"href":"https:\/\/urbanjournalism.institute\/forecast-fr\/wp-json\/wp\/v2\/comments?post=22"}],"version-history":[{"count":0,"href":"https:\/\/urbanjournalism.institute\/forecast-fr\/wp-json\/wp\/v2\/pages\/22\/revisions"}],"up":[{"embeddable":true,"href":"https:\/\/urbanjournalism.institute\/forecast-fr\/wp-json\/wp\/v2\/pages\/21"}],"wp:attachment":[{"href":"https:\/\/urbanjournalism.institute\/forecast-fr\/wp-json\/wp\/v2\/media?parent=22"}],"curies":[{"name":"wp","href":"https:\/\/api.w.org\/{rel}","templated":true}]}}