{"id":26,"date":"2023-02-20T07:41:00","date_gmt":"2023-02-20T07:41:00","guid":{"rendered":"https:\/\/urbanjournalism.institute\/forecast\/fr\/forecast-2023\/localisation-de-la-durabilite\/le-secteur-du-tourisme-comme-accelerateur-daccessibilite\/"},"modified":"2023-02-20T07:41:00","modified_gmt":"2023-02-20T07:41:00","slug":"le-secteur-du-tourisme-comme-accelerateur-daccessibilite","status":"publish","type":"page","link":"https:\/\/urbanjournalism.institute\/forecast-fr\/forecast-2023\/localisation-de-la-durabilite\/le-secteur-du-tourisme-comme-accelerateur-daccessibilite\/","title":{"rendered":"Le secteur touristique acc\u00e9l\u00e8re la transition vers une meilleure accessibilit\u00e9"},"content":{"rendered":"\n<figure class=\"wp-block-image size-large banner\"><img decoding=\"async\" src=\"https:\/\/urbanjournalism.institute\/forecast\/wp-content\/themes\/forecast\/dist\/assets\/images\/editorial\/page-17.jpg\" alt=\"\" \/><figcaption class=\"wp-element-caption\"><em><br><br><em>Rampe d\u2019acc\u00e8s au b\u00e2timent<\/em> \u00a9 Thanh<\/em><\/figcaption><\/figure>\n\n\n\n<div class=\"wp-block-group\"><div class=\"wp-block-group__inner-container is-layout-constrained wp-block-group-is-layout-constrained\">\n<header class=\"wp-block-group\"><div class=\"wp-block-group__inner-container is-layout-constrained wp-block-group-is-layout-constrained\">\n<h1 class=\"wp-block-heading\">Le secteur touristique acc\u00e9l\u00e8re la transition vers une meilleure accessibilit\u00e9<\/h1>\n\n\n\n<div style=\"height:25px\" aria-hidden=\"true\" class=\"wp-block-spacer\"><\/div>\n<\/div><\/header>\n\n\n\n<div class=\"wp-block-columns is-layout-flex wp-container-core-columns-is-layout-9d6595d7 wp-block-columns-is-layout-flex\">\n<div class=\"wp-block-column is-layout-flow wp-block-column-is-layout-flow\">\n<p>Selon l\u2019Organisation mondiale de la sant\u00e9 (OMS), en d\u00e9cembre 2022, 16 % de la population mondiale (1,3 milliard de personnes) pr\u00e9sentent un handicap significatif. Cela signifie que 1 personne sur 6 dans le monde est handicap\u00e9e. La Banque mondiale a calcul\u00e9 en 2021 qu\u2019environ 80 % de la population handicap\u00e9e vit dans les pays en d\u00e9veloppement.<\/p>\n\n\n\n<p>Si certaines villes ont bien investi dans l\u2019accessibilit\u00e9 des b\u00e2timents publics et des syst\u00e8mes de transport, les d\u00e9fis \u00e0 relever restent encore nombreux. Il demeure notamment des insuffisances dans les \u00e9tablissements de sant\u00e9, les infrastructures technologiques et dans la prise en compte de l\u2019autonomie des personnes handicap\u00e9es dans la planification urbaine et territoriale. Des organisations telles que World Enabled et l\u2019Union mondiale des aveugles ont oeuvr\u00e9 en faveur d\u2019un d\u00e9veloppement urbain plus inclusif et accessible \u00e0 travers divers programmes, comme Cities for All. Dans le prolongement de ces efforts, la ville d\u2019Amsterdam a ainsi lanc\u00e9 l\u2019initiative Amsterdam pour Tous en 2022.&nbsp;<\/p>\n\n\n\n<p>L\u2019un des principaux secteurs \u00e9conomiques susceptibles d\u2019acc\u00e9l\u00e9rer l\u2019inclusion et d\u2019en b\u00e9n\u00e9ficier est celui de l\u2019h\u00f4tellerie et du tourisme. L\u2019accessibilit\u00e9 des installations, des produits et des services touristiques pour tous devrait constituer un \u00e9l\u00e9ment central de toute politique de tourisme responsable et durable. L\u2019accessibilit\u00e9 est un droit humain, et les lieux de destination comme les entreprises devraient \u00eatre en mesure d\u2019accueillir tous les visiteurs, ce qui, en d\u00e9finitive, devrait accro\u00eetre leurs revenus.<\/p>\n<\/div>\n\n\n\n<div class=\"wp-block-column is-layout-flow wp-block-column-is-layout-flow\">\n<p>L\u2019Organisation mondiale du tourisme des Nations Unies, la Fundaci\u00f3n ONCE et l\u2019Association espagnole de normalisation (UNE) ont r\u00e9cemment lanc\u00e9 un guide de l\u2019utilisateur pour l\u2019application des normes internationales ciblant les entreprises d\u2019h\u00e9bergement, de restauration, de r\u00e9unions, d\u2019incitations, de conf\u00e9rences et d\u2019expositions. Ce nouvel outil d\u2019orientation devrait servir de point de d\u00e9part aux villes pour \u00e9valuer leurs niveaux d\u2019accessibilit\u00e9, ainsi que pour d\u00e9velopper ou adapter les services et exp\u00e9riences accessibles propos\u00e9s par ces secteurs.&nbsp;<\/p>\n\n\n\n<p>Dans le cadre d\u2019une collaboration entre l\u2019OMT et les organisations de personnes handicap\u00e9es (OPH), plusieurs manuels sur le tourisme accessible \u00e0 tous ont \u00e9t\u00e9 publi\u00e9s pour aider les acteurs du tourisme \u00e0 am\u00e9liorer l\u2019accessibilit\u00e9 des destinations, des installations et des services touristiques dans le monde entier. Citons par exemple Gondoles pour tous, une initiative qui rend les gondoles accessibles \u00e0 tous, ou Wesemann Travel, qui s\u2019adresse aux voyageurs sourds d\u2019Europe visitant des communaut\u00e9s de sourds dans des pays en d\u00e9veloppement. L\u2019un des portails en ligne qui rendent les voyages possibles pour tous est : Ruta Accessible. Ce site web fournit des informations sur plusieurs pays aux voyageurs \u00e0 mobilit\u00e9 r\u00e9duite. En outre, dans le cadre du projet \u201cCapitale europ\u00e9enne de la culture 2022\u201d, Novi Sad a \u00e9valu\u00e9 l\u2019accessibilit\u00e9 de toutes les infrastructures culturelles de la ville et a mis en oeuvre les ajustements recommand\u00e9s pour permettre \u00e0 tous d\u2019acc\u00e9der aux programmes culturels.<\/p>\n<\/div>\n\n\n\n<div class=\"wp-block-column is-layout-flow wp-block-column-is-layout-flow\">\n<p>Le gouvernement du Queensland a d\u00e9clar\u00e9 2023 \u201cAnn\u00e9e du tourisme accessible\u201d et a cr\u00e9\u00e9 \u201cl\u2019Australian Accessible Tourism Alliance\u201d en partenariat avec une organisation \u00e0 but non lucratif, Spinal Life Australia. Le gouvernement gallois a quant \u00e0 lui annonc\u00e9 un fonds d\u2019investissement pour 2023-2025 destin\u00e9 \u00e0 aider les collectivit\u00e9s locales \u00e0 am\u00e9liorer l\u2019accessibilit\u00e9 aux infrastructures touristiques de faible envergure. La contribution du secteur du tourisme aux ODD et \u00e0 sa dimension inclusive est essentielle. Le tourisme repr\u00e9sentait en effet 6,1 % du PIB mondial en 2021, ann\u00e9e pourtant touch\u00e9e par le COVID-19. Les arriv\u00e9es de touristes internationaux devraient cro\u00eetre de 30 % en 2023. Il est donc indispensable que les gouvernements et les entreprises du secteur des voyages s\u2019efforcent de r\u00e9pondre de mani\u00e8re coordonn\u00e9es aux d\u00e9fis mondiaux de l\u2019accessibilit\u00e9.<\/p>\n<\/div>\n<\/div>\n<\/div><\/div>\n","protected":false},"excerpt":{"rendered":"<p>Le secteur touristique acc\u00e9l\u00e8re la transition vers une meilleure accessibilit\u00e9 Selon l\u2019Organisation mondiale de la sant\u00e9 (OMS), en d\u00e9cembre 2022, 16 % de la population mondiale (1,3 milliard de personnes) pr\u00e9sentent un handicap significatif. Cela signifie que 1 personne sur 6 dans le monde est handicap\u00e9e. La Banque mondiale a calcul\u00e9 en 2021 qu\u2019environ 80 [&hellip;]<\/p>\n","protected":false},"author":1,"featured_media":0,"parent":24,"menu_order":10,"comment_status":"closed","ping_status":"closed","template":"","meta":{"footnotes":""},"class_list":["post-26","page","type-page","status-publish","hentry"],"yoast_head":"<!-- This site is optimized with the Yoast SEO plugin v27.0 - https:\/\/yoast.com\/product\/yoast-seo-wordpress\/ -->\n<title>Le secteur touristique acc\u00e9l\u00e8re la transition vers une meilleure accessibilit\u00e9 - Municipal Forecast - Fran\u00e7ais<\/title>\n<meta name=\"robots\" content=\"index, follow, max-snippet:-1, max-image-preview:large, max-video-preview:-1\" \/>\n<link rel=\"canonical\" href=\"https:\/\/urbanjournalism.institute\/forecast-fr\/forecast-2023\/localisation-de-la-durabilite\/le-secteur-du-tourisme-comme-accelerateur-daccessibilite\/\" \/>\n<meta property=\"og:locale\" content=\"fr_FR\" \/>\n<meta property=\"og:type\" content=\"article\" \/>\n<meta property=\"og:title\" content=\"Le secteur touristique acc\u00e9l\u00e8re la transition vers une meilleure accessibilit\u00e9 - Municipal Forecast - Fran\u00e7ais\" \/>\n<meta property=\"og:description\" content=\"Le secteur touristique acc\u00e9l\u00e8re la transition vers une meilleure accessibilit\u00e9 Selon l\u2019Organisation mondiale de la sant\u00e9 (OMS), en d\u00e9cembre 2022, 16 % de la population mondiale (1,3 milliard de personnes) pr\u00e9sentent un handicap significatif. Cela signifie que 1 personne sur 6 dans le monde est handicap\u00e9e. La Banque mondiale a calcul\u00e9 en 2021 qu\u2019environ 80 [&hellip;]\" \/>\n<meta property=\"og:url\" content=\"https:\/\/urbanjournalism.institute\/forecast-fr\/forecast-2023\/localisation-de-la-durabilite\/le-secteur-du-tourisme-comme-accelerateur-daccessibilite\/\" \/>\n<meta property=\"og:site_name\" content=\"Municipal Forecast - Fran\u00e7ais\" \/>\n<meta property=\"og:image\" content=\"https:\/\/urbanjournalism.institute\/forecast\/wp-content\/themes\/forecast\/dist\/assets\/images\/editorial\/page-17.jpg\" \/>\n<meta name=\"twitter:card\" content=\"summary_large_image\" \/>\n<meta name=\"twitter:label1\" content=\"Dur\u00e9e de lecture estim\u00e9e\" \/>\n\t<meta name=\"twitter:data1\" content=\"3 minutes\" \/>\n<script type=\"application\/ld+json\" class=\"yoast-schema-graph\">{\"@context\":\"https:\/\/schema.org\",\"@graph\":[{\"@type\":\"WebPage\",\"@id\":\"https:\/\/urbanjournalism.institute\/forecast-fr\/forecast-2023\/localisation-de-la-durabilite\/le-secteur-du-tourisme-comme-accelerateur-daccessibilite\/\",\"url\":\"https:\/\/urbanjournalism.institute\/forecast-fr\/forecast-2023\/localisation-de-la-durabilite\/le-secteur-du-tourisme-comme-accelerateur-daccessibilite\/\",\"name\":\"Le secteur touristique acc\u00e9l\u00e8re la transition vers une meilleure accessibilit\u00e9 - Municipal Forecast - Fran\u00e7ais\",\"isPartOf\":{\"@id\":\"https:\/\/urbanjournalism.institute\/forecast-fr\/#website\"},\"primaryImageOfPage\":{\"@id\":\"https:\/\/urbanjournalism.institute\/forecast-fr\/forecast-2023\/localisation-de-la-durabilite\/le-secteur-du-tourisme-comme-accelerateur-daccessibilite\/#primaryimage\"},\"image\":{\"@id\":\"https:\/\/urbanjournalism.institute\/forecast-fr\/forecast-2023\/localisation-de-la-durabilite\/le-secteur-du-tourisme-comme-accelerateur-daccessibilite\/#primaryimage\"},\"thumbnailUrl\":\"https:\/\/urbanjournalism.institute\/forecast\/wp-content\/themes\/forecast\/dist\/assets\/images\/editorial\/page-17.jpg\",\"datePublished\":\"2023-02-20T07:41:00+00:00\",\"breadcrumb\":{\"@id\":\"https:\/\/urbanjournalism.institute\/forecast-fr\/forecast-2023\/localisation-de-la-durabilite\/le-secteur-du-tourisme-comme-accelerateur-daccessibilite\/#breadcrumb\"},\"inLanguage\":\"fr-FR\",\"potentialAction\":[{\"@type\":\"ReadAction\",\"target\":[\"https:\/\/urbanjournalism.institute\/forecast-fr\/forecast-2023\/localisation-de-la-durabilite\/le-secteur-du-tourisme-comme-accelerateur-daccessibilite\/\"]}]},{\"@type\":\"ImageObject\",\"inLanguage\":\"fr-FR\",\"@id\":\"https:\/\/urbanjournalism.institute\/forecast-fr\/forecast-2023\/localisation-de-la-durabilite\/le-secteur-du-tourisme-comme-accelerateur-daccessibilite\/#primaryimage\",\"url\":\"https:\/\/urbanjournalism.institute\/forecast\/wp-content\/themes\/forecast\/dist\/assets\/images\/editorial\/page-17.jpg\",\"contentUrl\":\"https:\/\/urbanjournalism.institute\/forecast\/wp-content\/themes\/forecast\/dist\/assets\/images\/editorial\/page-17.jpg\"},{\"@type\":\"BreadcrumbList\",\"@id\":\"https:\/\/urbanjournalism.institute\/forecast-fr\/forecast-2023\/localisation-de-la-durabilite\/le-secteur-du-tourisme-comme-accelerateur-daccessibilite\/#breadcrumb\",\"itemListElement\":[{\"@type\":\"ListItem\",\"position\":1,\"name\":\"Forecast 2023\",\"item\":\"https:\/\/urbanjournalism.institute\/forecast-fr\/forecast-2023\/\"},{\"@type\":\"ListItem\",\"position\":2,\"name\":\"Localisation de la durabilit\u00e9\",\"item\":\"https:\/\/urbanjournalism.institute\/forecast-fr\/forecast-2023\/localisation-de-la-durabilite\/\"},{\"@type\":\"ListItem\",\"position\":3,\"name\":\"Le secteur touristique acc\u00e9l\u00e8re la transition vers une meilleure accessibilit\u00e9\"}]},{\"@type\":\"WebSite\",\"@id\":\"https:\/\/urbanjournalism.institute\/forecast-fr\/#website\",\"url\":\"https:\/\/urbanjournalism.institute\/forecast-fr\/\",\"name\":\"Municipal Forecast - Fran\u00e7ais\",\"description\":\"\",\"potentialAction\":[{\"@type\":\"SearchAction\",\"target\":{\"@type\":\"EntryPoint\",\"urlTemplate\":\"https:\/\/urbanjournalism.institute\/forecast-fr\/?s={search_term_string}\"},\"query-input\":{\"@type\":\"PropertyValueSpecification\",\"valueRequired\":true,\"valueName\":\"search_term_string\"}}],\"inLanguage\":\"fr-FR\"}]}<\/script>\n<!-- \/ Yoast SEO plugin. -->","yoast_head_json":{"title":"Le secteur touristique acc\u00e9l\u00e8re la transition vers une meilleure accessibilit\u00e9 - Municipal Forecast - Fran\u00e7ais","robots":{"index":"index","follow":"follow","max-snippet":"max-snippet:-1","max-image-preview":"max-image-preview:large","max-video-preview":"max-video-preview:-1"},"canonical":"https:\/\/urbanjournalism.institute\/forecast-fr\/forecast-2023\/localisation-de-la-durabilite\/le-secteur-du-tourisme-comme-accelerateur-daccessibilite\/","og_locale":"fr_FR","og_type":"article","og_title":"Le secteur touristique acc\u00e9l\u00e8re la transition vers une meilleure accessibilit\u00e9 - Municipal Forecast - Fran\u00e7ais","og_description":"Le secteur touristique acc\u00e9l\u00e8re la transition vers une meilleure accessibilit\u00e9 Selon l\u2019Organisation mondiale de la sant\u00e9 (OMS), en d\u00e9cembre 2022, 16 % de la population mondiale (1,3 milliard de personnes) pr\u00e9sentent un handicap significatif. Cela signifie que 1 personne sur 6 dans le monde est handicap\u00e9e. La Banque mondiale a calcul\u00e9 en 2021 qu\u2019environ 80 [&hellip;]","og_url":"https:\/\/urbanjournalism.institute\/forecast-fr\/forecast-2023\/localisation-de-la-durabilite\/le-secteur-du-tourisme-comme-accelerateur-daccessibilite\/","og_site_name":"Municipal Forecast - Fran\u00e7ais","og_image":[{"url":"https:\/\/urbanjournalism.institute\/forecast\/wp-content\/themes\/forecast\/dist\/assets\/images\/editorial\/page-17.jpg","type":"","width":"","height":""}],"twitter_card":"summary_large_image","twitter_misc":{"Dur\u00e9e de lecture estim\u00e9e":"3 minutes"},"schema":{"@context":"https:\/\/schema.org","@graph":[{"@type":"WebPage","@id":"https:\/\/urbanjournalism.institute\/forecast-fr\/forecast-2023\/localisation-de-la-durabilite\/le-secteur-du-tourisme-comme-accelerateur-daccessibilite\/","url":"https:\/\/urbanjournalism.institute\/forecast-fr\/forecast-2023\/localisation-de-la-durabilite\/le-secteur-du-tourisme-comme-accelerateur-daccessibilite\/","name":"Le secteur touristique acc\u00e9l\u00e8re la transition vers une meilleure accessibilit\u00e9 - Municipal Forecast - Fran\u00e7ais","isPartOf":{"@id":"https:\/\/urbanjournalism.institute\/forecast-fr\/#website"},"primaryImageOfPage":{"@id":"https:\/\/urbanjournalism.institute\/forecast-fr\/forecast-2023\/localisation-de-la-durabilite\/le-secteur-du-tourisme-comme-accelerateur-daccessibilite\/#primaryimage"},"image":{"@id":"https:\/\/urbanjournalism.institute\/forecast-fr\/forecast-2023\/localisation-de-la-durabilite\/le-secteur-du-tourisme-comme-accelerateur-daccessibilite\/#primaryimage"},"thumbnailUrl":"https:\/\/urbanjournalism.institute\/forecast\/wp-content\/themes\/forecast\/dist\/assets\/images\/editorial\/page-17.jpg","datePublished":"2023-02-20T07:41:00+00:00","breadcrumb":{"@id":"https:\/\/urbanjournalism.institute\/forecast-fr\/forecast-2023\/localisation-de-la-durabilite\/le-secteur-du-tourisme-comme-accelerateur-daccessibilite\/#breadcrumb"},"inLanguage":"fr-FR","potentialAction":[{"@type":"ReadAction","target":["https:\/\/urbanjournalism.institute\/forecast-fr\/forecast-2023\/localisation-de-la-durabilite\/le-secteur-du-tourisme-comme-accelerateur-daccessibilite\/"]}]},{"@type":"ImageObject","inLanguage":"fr-FR","@id":"https:\/\/urbanjournalism.institute\/forecast-fr\/forecast-2023\/localisation-de-la-durabilite\/le-secteur-du-tourisme-comme-accelerateur-daccessibilite\/#primaryimage","url":"https:\/\/urbanjournalism.institute\/forecast\/wp-content\/themes\/forecast\/dist\/assets\/images\/editorial\/page-17.jpg","contentUrl":"https:\/\/urbanjournalism.institute\/forecast\/wp-content\/themes\/forecast\/dist\/assets\/images\/editorial\/page-17.jpg"},{"@type":"BreadcrumbList","@id":"https:\/\/urbanjournalism.institute\/forecast-fr\/forecast-2023\/localisation-de-la-durabilite\/le-secteur-du-tourisme-comme-accelerateur-daccessibilite\/#breadcrumb","itemListElement":[{"@type":"ListItem","position":1,"name":"Forecast 2023","item":"https:\/\/urbanjournalism.institute\/forecast-fr\/forecast-2023\/"},{"@type":"ListItem","position":2,"name":"Localisation de la durabilit\u00e9","item":"https:\/\/urbanjournalism.institute\/forecast-fr\/forecast-2023\/localisation-de-la-durabilite\/"},{"@type":"ListItem","position":3,"name":"Le secteur touristique acc\u00e9l\u00e8re la transition vers une meilleure accessibilit\u00e9"}]},{"@type":"WebSite","@id":"https:\/\/urbanjournalism.institute\/forecast-fr\/#website","url":"https:\/\/urbanjournalism.institute\/forecast-fr\/","name":"Municipal Forecast - Fran\u00e7ais","description":"","potentialAction":[{"@type":"SearchAction","target":{"@type":"EntryPoint","urlTemplate":"https:\/\/urbanjournalism.institute\/forecast-fr\/?s={search_term_string}"},"query-input":{"@type":"PropertyValueSpecification","valueRequired":true,"valueName":"search_term_string"}}],"inLanguage":"fr-FR"}]}},"_links":{"self":[{"href":"https:\/\/urbanjournalism.institute\/forecast-fr\/wp-json\/wp\/v2\/pages\/26","targetHints":{"allow":["GET"]}}],"collection":[{"href":"https:\/\/urbanjournalism.institute\/forecast-fr\/wp-json\/wp\/v2\/pages"}],"about":[{"href":"https:\/\/urbanjournalism.institute\/forecast-fr\/wp-json\/wp\/v2\/types\/page"}],"author":[{"embeddable":true,"href":"https:\/\/urbanjournalism.institute\/forecast-fr\/wp-json\/wp\/v2\/users\/1"}],"replies":[{"embeddable":true,"href":"https:\/\/urbanjournalism.institute\/forecast-fr\/wp-json\/wp\/v2\/comments?post=26"}],"version-history":[{"count":0,"href":"https:\/\/urbanjournalism.institute\/forecast-fr\/wp-json\/wp\/v2\/pages\/26\/revisions"}],"up":[{"embeddable":true,"href":"https:\/\/urbanjournalism.institute\/forecast-fr\/wp-json\/wp\/v2\/pages\/24"}],"wp:attachment":[{"href":"https:\/\/urbanjournalism.institute\/forecast-fr\/wp-json\/wp\/v2\/media?parent=26"}],"curies":[{"name":"wp","href":"https:\/\/api.w.org\/{rel}","templated":true}]}}