{"id":32,"date":"2023-02-20T07:41:00","date_gmt":"2023-02-20T07:41:00","guid":{"rendered":"https:\/\/urbanjournalism.institute\/forecast\/fr\/forecast-2023\/culture\/objectif-culture-2030\/"},"modified":"2023-02-20T07:41:00","modified_gmt":"2023-02-20T07:41:00","slug":"objectif-culture-2030","status":"publish","type":"page","link":"https:\/\/urbanjournalism.institute\/forecast-fr\/forecast-2023\/culture\/objectif-culture-2030\/","title":{"rendered":"Objectif Culture 2030"},"content":{"rendered":"\n<figure class=\"wp-block-image size-large banner\"><img decoding=\"async\" src=\"https:\/\/urbanjournalism.institute\/forecast\/wp-content\/themes\/forecast\/dist\/assets\/images\/editorial\/culture.jpg\" alt=\"\" \/><\/figure>\n\n\n\n<figure class=\"wp-block-image size-large banner banner-lg\"><img decoding=\"async\" src=\"https:\/\/urbanjournalism.institute\/forecast\/wp-content\/themes\/forecast\/dist\/assets\/images\/editorial\/page-27.jpg\" alt=\"\" \/><\/figure>\n\n\n\n<div class=\"wp-block-group narrow-group\"><div class=\"wp-block-group__inner-container is-layout-constrained wp-block-group-is-layout-constrained\">\n<header class=\"wp-block-group goal-logo\"><div class=\"wp-block-group__inner-container is-layout-constrained wp-block-group-is-layout-constrained\">\n<figure class=\"wp-block-image size-large\"><img decoding=\"async\" src=\"https:\/\/urbanjournalism.institute\/forecast\/wp-content\/themes\/forecast\/dist\/assets\/images\/editorial\/goal.jpg\" alt=\"\" \/><\/figure>\n\n\n\n<header class=\"wp-block-group\"><div class=\"wp-block-group__inner-container is-layout-constrained wp-block-group-is-layout-constrained\">\n<h1 class=\"wp-block-heading\">#Culture2030Goal<\/h1>\n\n\n\n<h4 class=\"wp-block-heading fs-4\"><em>Un objectif de d\u00e9veloppement durable <\/em><br><em>ind\u00e9pendant consacr\u00e9 \u00e0 la culture<\/em><\/h4>\n\n\n\n<h4 class=\"wp-block-heading fs-4\"><\/h4>\n<\/div><\/header>\n<\/div><\/header>\n\n\n\n<div style=\"height:33px\" aria-hidden=\"true\" class=\"wp-block-spacer\"><\/div>\n\n\n\n<div class=\"wp-block-columns is-layout-flex wp-container-core-columns-is-layout-9d6595d7 wp-block-columns-is-layout-flex\">\n<div class=\"wp-block-column is-layout-flow wp-block-column-is-layout-flow\">\n<p>Dans le cadre des Objectifs de D\u00e9veloppement Durable (ODD) adopt\u00e9s en 2015 par les Nations Unies, l\u2019agenda du d\u00e9veloppement international fait tr\u00e8s peu r\u00e9f\u00e9rence \u00e0 la culture. Bien que la sauvegarde et la promotion de la culture contribuent directement \u00e0 de nombreux d\u00e9fis humains, comme par exemple rendre les villes plus s\u00fbres et durables, offrir un travail d\u00e9cent et favoriser la croissance \u00e9conomique, r\u00e9duire les in\u00e9galit\u00e9s, prot\u00e9ger l\u2019environnement, assurer l\u2019\u00e9galit\u00e9 des sexes et cr\u00e9er des soci\u00e9t\u00e9s pacifiques et inclusives, les ODD ne sont pas parvenus \u00e0 exploiter pleinement le potentiel de la culture dans le d\u00e9veloppement durable.<\/p>\n\n\n\n<p>La culture a en effet un r\u00f4le crucial \u00e0 jouer dans l\u2019ODD 11 : rendre les villes et les \u00e9tablissements humains inclusifs, s\u00fbrs, r\u00e9silients et durables. La cible 11.4 de l\u2019ODD 11 appelle ainsi \u00e0 renforcer les efforts pour prot\u00e9ger et sauvegarder le patrimoine culturel et naturel mondial. D\u2019autres programmes ont \u00e9t\u00e9 \u00e9labor\u00e9s pour soutenir la dimension culturelle des ODD li\u00e9s \u00e0 la ville, comme la d\u00e9claration de Hangzhou, le Nouveau Programme pour les Villes, etc. Les espaces urbains dot\u00e9s d\u2019un riche patrimoine culturel et d\u2019un secteur cr\u00e9atif dynamique sont plus attrayants pour les entreprises. Leurs \u00e9conomies s\u2019appuient \u00e9galement beaucoup sur les patrimoines immat\u00e9riels comme l\u2019artisanat, la musique, la danse, les arts visuels, la cuisine traditionnelle ou le th\u00e9\u00e2tre.<\/p>\n\n\n\n<p>Les industries cr\u00e9atives et les infrastructures culturelles sont des ressources pr\u00e9cieuses pour assurer des revenus, en particulier dans les pays en d\u00e9veloppement o\u00f9 les industries cr\u00e9atives sont nombreuses et o\u00f9 le pourcentage de femmes employ\u00e9es est important. <\/p>\n<\/div>\n\n\n\n<div class=\"wp-block-column is-layout-flow wp-block-column-is-layout-flow\">\n<p>Le renforcement du commerce des biens et services culturels donne un \u00e9lan aux march\u00e9s locaux, ce qui offre des opportunit\u00e9s d\u2019emploi et favorise la production locale. Les politiques culturelles qui pr\u00e9conisent les circuits courts contribuent \u00e0 r\u00e9duire les in\u00e9galit\u00e9s territoriales.<\/p>\n\n\n\n<p>La culture, en particulier les savoirs traditionnels, contribue \u00e9galement \u00e0 la r\u00e9silience et au r\u00e9tablissement en cas de catastrophe. Elle favorise \u00e9galement l\u2019empathie, la paix et la justice. Par la pr\u00e9vention des conflits, la culture aide \u00e0 pr\u00e9server les droits des groupes marginalis\u00e9s.<\/p>\n\n\n\n<p>L\u2019Agenda 2030, malgr\u00e9 toutes les r\u00e9f\u00e9rences \u00e0 la culture, n\u2019a pas suffisamment reconnu la contribution significative de la culture \u00e0 la mise en oeuvre des ODD. L\u2019impact de la culture sur le d\u00e9veloppement durable doivent \u00eatre syst\u00e9matiquement consid\u00e9r\u00e9s, mesur\u00e9s et r\u00e9pliqu\u00e9s. A mesure que la mise en oeuvre des ODD progresse et que la r\u00e9flexion sur les d\u00e9fis et le contenu d\u2019un Agenda de d\u00e9veloppement d\u2019apr\u00e8s 2030 a d\u00e9but\u00e9, il est opportun d\u2019examiner comment la culture peut prendre la place qui lui revient dans les engagements, les objectifs et les cibles qui seront retenus en temps voulu par les Nations Unies.<\/p>\n\n\n\n<p>Pour en savoir plus :&nbsp;<\/p>\n\n\n\n<p><a rel=\"noreferrer noopener\" href=\"http:\/\/culture2030goal.net\/\" target=\"_blank\"><strong>http:\/\/culture2030goal.net\/<\/strong><\/a><\/p>\n\n\n\n<p><a href=\"http:\/\/bit.ly\/3SDJiWZ\"><strong>http:\/\/bit.ly\/3SDJiWZ<\/strong><\/a><\/p>\n\n\n\n<p><\/p>\n<\/div>\n<\/div>\n<\/div><\/div>\n\n\n\n<div class=\"wp-block-group has-pale-pink-background-color has-background\"><div class=\"wp-block-group__inner-container is-layout-constrained wp-block-group-is-layout-constrained\">\n<div class=\"wp-block-columns is-layout-flex wp-container-core-columns-is-layout-9d6595d7 wp-block-columns-is-layout-flex\">\n<div class=\"wp-block-column border-left is-layout-flow wp-block-column-is-layout-flow\">\n<h2 class=\"wp-block-heading\">Quelles actions rejoindre?<\/h2>\n\n\n\n<h4 class=\"wp-block-heading\"><em>Le 5e Sommet de la Culture de CGLU \u00e0 Dublin<\/em><\/h4>\n\n\n\n<p>Du 27 novembre au 1er d\u00e9cembre 2023 \u00e0 Dublin, la capitale de l\u2019Irlande accueillera le 5e Sommet de la Culture de Cit\u00e9s et Gouvernements Locaux Unis. Il r\u00e9unira toutes les parties prenantes de la culture, des politiques publiques et de la durabilit\u00e9, ainsi que des repr\u00e9sentants des gouvernements locaux et nationaux et des organisations internationales.<\/p>\n\n\n\n<p>Ce Sommet de trois jours insistera sur le r\u00f4le de la culture comme composante essentielle des villes durables et encouragera le partage d\u2019exp\u00e9riences et d\u2019innovations entre les gouvernements locaux du monde entier. Il examinera le lien entre les politiques culturelles, l\u2019urgence du changement climatique et l\u2019\u00e9galit\u00e9 des sexes, et il discutera du r\u00f4le que les droits culturels jouent dans la lutte contre les in\u00e9galit\u00e9s croissantes dans la soci\u00e9t\u00e9.<\/p>\n\n\n\n<p>L\u2019un des principaux objectifs du sommet sera de poursuivre le travail sur la proposition d\u2019un \u201cObjectif Culture\u201d, d\u00e9fendue par la campagne mondiale #Culture2030Goal et figurant dans la d\u00e9claration finale de la conf\u00e9rence Mondiacult 2022 de l\u2019UNESCO qui s\u2019est tenue \u00e0 Mexico en septembre 2022.<\/p>\n<\/div>\n\n\n\n<div class=\"wp-block-column is-layout-flow wp-block-column-is-layout-flow\">\n<p>C\u2019est \u00e0 l\u2019occasion de cette conf\u00e9rence que la campagne #Culture2030Goal a \u00e9t\u00e9 lanc\u00e9e, mais \u00e9galement apr\u00e8s la publication d\u2019un rapport d\u00e9taillant le contexte, la faisabilit\u00e9 et le potentiel d\u2019un Objectif autonome d\u00e9di\u00e9 \u00e0 la Culture. S\u2019appuyant sur un vaste processus de consultation, 10 cibles concr\u00e8tes furent identifi\u00e9es. Ces cibles comprennent, entre autres, les droits culturels dans les politiques locales et nationales, la promotion d\u2019une culture de la paix et de la non-violence, la protection de toutes les formes de patrimoine, l\u2019appr\u00e9ciation de la diversit\u00e9 culturelle, l\u2019autonomisation des peuples autochtones et le renforcement des institutions culturelles, y compris par la coop\u00e9ration internationale.<\/p>\n\n\n\n<p>Le Sommet de la Culture de Dublin s\u2019appuie sur les pr\u00e9c\u00e9dents Sommets organis\u00e9s \u00e0 Bilbao en 2015, Jeju en 2017, Buenos Aires en 2019 et Izmir en 2021.&nbsp;<\/p>\n\n\n\n<p>Plus d\u2019informations sur :&nbsp;<strong><a href=\"https:\/\/bit.ly\/3YCgOz5\">https:\/\/bit.ly\/3YCgOz5<\/a><\/strong><\/p>\n<\/div>\n<\/div>\n<\/div><\/div>\n","protected":false},"excerpt":{"rendered":"<p>#Culture2030Goal Un objectif de d\u00e9veloppement durable ind\u00e9pendant consacr\u00e9 \u00e0 la culture Dans le cadre des Objectifs de D\u00e9veloppement Durable (ODD) adopt\u00e9s en 2015 par les Nations Unies, l\u2019agenda du d\u00e9veloppement international fait tr\u00e8s peu r\u00e9f\u00e9rence \u00e0 la culture. Bien que la sauvegarde et la promotion de la culture contribuent directement \u00e0 de nombreux d\u00e9fis humains, [&hellip;]<\/p>\n","protected":false},"author":1,"featured_media":0,"parent":31,"menu_order":0,"comment_status":"closed","ping_status":"closed","template":"","meta":{"footnotes":""},"class_list":["post-32","page","type-page","status-publish","hentry"],"yoast_head":"<!-- This site is optimized with the Yoast SEO plugin v27.0 - https:\/\/yoast.com\/product\/yoast-seo-wordpress\/ -->\n<title>Objectif Culture 2030 - Municipal Forecast - Fran\u00e7ais<\/title>\n<meta name=\"robots\" content=\"index, follow, max-snippet:-1, max-image-preview:large, max-video-preview:-1\" \/>\n<link rel=\"canonical\" href=\"https:\/\/urbanjournalism.institute\/forecast-fr\/forecast-2023\/culture\/objectif-culture-2030\/\" \/>\n<meta property=\"og:locale\" content=\"fr_FR\" \/>\n<meta property=\"og:type\" content=\"article\" \/>\n<meta property=\"og:title\" content=\"Objectif Culture 2030 - Municipal Forecast - Fran\u00e7ais\" \/>\n<meta property=\"og:description\" content=\"#Culture2030Goal Un objectif de d\u00e9veloppement durable ind\u00e9pendant consacr\u00e9 \u00e0 la culture Dans le cadre des Objectifs de D\u00e9veloppement Durable (ODD) adopt\u00e9s en 2015 par les Nations Unies, l\u2019agenda du d\u00e9veloppement international fait tr\u00e8s peu r\u00e9f\u00e9rence \u00e0 la culture. Bien que la sauvegarde et la promotion de la culture contribuent directement \u00e0 de nombreux d\u00e9fis humains, [&hellip;]\" \/>\n<meta property=\"og:url\" content=\"https:\/\/urbanjournalism.institute\/forecast-fr\/forecast-2023\/culture\/objectif-culture-2030\/\" \/>\n<meta property=\"og:site_name\" content=\"Municipal Forecast - Fran\u00e7ais\" \/>\n<meta property=\"og:image\" content=\"https:\/\/urbanjournalism.institute\/forecast\/wp-content\/themes\/forecast\/dist\/assets\/images\/editorial\/culture.jpg\" \/>\n<meta name=\"twitter:card\" content=\"summary_large_image\" \/>\n<meta name=\"twitter:label1\" content=\"Dur\u00e9e de lecture estim\u00e9e\" \/>\n\t<meta name=\"twitter:data1\" content=\"4 minutes\" \/>\n<script type=\"application\/ld+json\" class=\"yoast-schema-graph\">{\"@context\":\"https:\/\/schema.org\",\"@graph\":[{\"@type\":\"WebPage\",\"@id\":\"https:\/\/urbanjournalism.institute\/forecast-fr\/forecast-2023\/culture\/objectif-culture-2030\/\",\"url\":\"https:\/\/urbanjournalism.institute\/forecast-fr\/forecast-2023\/culture\/objectif-culture-2030\/\",\"name\":\"Objectif Culture 2030 - Municipal Forecast - Fran\u00e7ais\",\"isPartOf\":{\"@id\":\"https:\/\/urbanjournalism.institute\/forecast-fr\/#website\"},\"primaryImageOfPage\":{\"@id\":\"https:\/\/urbanjournalism.institute\/forecast-fr\/forecast-2023\/culture\/objectif-culture-2030\/#primaryimage\"},\"image\":{\"@id\":\"https:\/\/urbanjournalism.institute\/forecast-fr\/forecast-2023\/culture\/objectif-culture-2030\/#primaryimage\"},\"thumbnailUrl\":\"https:\/\/urbanjournalism.institute\/forecast\/wp-content\/themes\/forecast\/dist\/assets\/images\/editorial\/culture.jpg\",\"datePublished\":\"2023-02-20T07:41:00+00:00\",\"breadcrumb\":{\"@id\":\"https:\/\/urbanjournalism.institute\/forecast-fr\/forecast-2023\/culture\/objectif-culture-2030\/#breadcrumb\"},\"inLanguage\":\"fr-FR\",\"potentialAction\":[{\"@type\":\"ReadAction\",\"target\":[\"https:\/\/urbanjournalism.institute\/forecast-fr\/forecast-2023\/culture\/objectif-culture-2030\/\"]}]},{\"@type\":\"ImageObject\",\"inLanguage\":\"fr-FR\",\"@id\":\"https:\/\/urbanjournalism.institute\/forecast-fr\/forecast-2023\/culture\/objectif-culture-2030\/#primaryimage\",\"url\":\"https:\/\/urbanjournalism.institute\/forecast\/wp-content\/themes\/forecast\/dist\/assets\/images\/editorial\/culture.jpg\",\"contentUrl\":\"https:\/\/urbanjournalism.institute\/forecast\/wp-content\/themes\/forecast\/dist\/assets\/images\/editorial\/culture.jpg\"},{\"@type\":\"BreadcrumbList\",\"@id\":\"https:\/\/urbanjournalism.institute\/forecast-fr\/forecast-2023\/culture\/objectif-culture-2030\/#breadcrumb\",\"itemListElement\":[{\"@type\":\"ListItem\",\"position\":1,\"name\":\"Forecast 2023\",\"item\":\"https:\/\/urbanjournalism.institute\/forecast-fr\/forecast-2023\/\"},{\"@type\":\"ListItem\",\"position\":2,\"name\":\"Culture\",\"item\":\"https:\/\/urbanjournalism.institute\/forecast-fr\/forecast-2023\/culture\/\"},{\"@type\":\"ListItem\",\"position\":3,\"name\":\"Objectif Culture 2030\"}]},{\"@type\":\"WebSite\",\"@id\":\"https:\/\/urbanjournalism.institute\/forecast-fr\/#website\",\"url\":\"https:\/\/urbanjournalism.institute\/forecast-fr\/\",\"name\":\"Municipal Forecast - Fran\u00e7ais\",\"description\":\"\",\"potentialAction\":[{\"@type\":\"SearchAction\",\"target\":{\"@type\":\"EntryPoint\",\"urlTemplate\":\"https:\/\/urbanjournalism.institute\/forecast-fr\/?s={search_term_string}\"},\"query-input\":{\"@type\":\"PropertyValueSpecification\",\"valueRequired\":true,\"valueName\":\"search_term_string\"}}],\"inLanguage\":\"fr-FR\"}]}<\/script>\n<!-- \/ Yoast SEO plugin. -->","yoast_head_json":{"title":"Objectif Culture 2030 - Municipal Forecast - Fran\u00e7ais","robots":{"index":"index","follow":"follow","max-snippet":"max-snippet:-1","max-image-preview":"max-image-preview:large","max-video-preview":"max-video-preview:-1"},"canonical":"https:\/\/urbanjournalism.institute\/forecast-fr\/forecast-2023\/culture\/objectif-culture-2030\/","og_locale":"fr_FR","og_type":"article","og_title":"Objectif Culture 2030 - Municipal Forecast - Fran\u00e7ais","og_description":"#Culture2030Goal Un objectif de d\u00e9veloppement durable ind\u00e9pendant consacr\u00e9 \u00e0 la culture Dans le cadre des Objectifs de D\u00e9veloppement Durable (ODD) adopt\u00e9s en 2015 par les Nations Unies, l\u2019agenda du d\u00e9veloppement international fait tr\u00e8s peu r\u00e9f\u00e9rence \u00e0 la culture. Bien que la sauvegarde et la promotion de la culture contribuent directement \u00e0 de nombreux d\u00e9fis humains, [&hellip;]","og_url":"https:\/\/urbanjournalism.institute\/forecast-fr\/forecast-2023\/culture\/objectif-culture-2030\/","og_site_name":"Municipal Forecast - Fran\u00e7ais","og_image":[{"url":"https:\/\/urbanjournalism.institute\/forecast\/wp-content\/themes\/forecast\/dist\/assets\/images\/editorial\/culture.jpg","type":"","width":"","height":""}],"twitter_card":"summary_large_image","twitter_misc":{"Dur\u00e9e de lecture estim\u00e9e":"4 minutes"},"schema":{"@context":"https:\/\/schema.org","@graph":[{"@type":"WebPage","@id":"https:\/\/urbanjournalism.institute\/forecast-fr\/forecast-2023\/culture\/objectif-culture-2030\/","url":"https:\/\/urbanjournalism.institute\/forecast-fr\/forecast-2023\/culture\/objectif-culture-2030\/","name":"Objectif Culture 2030 - Municipal Forecast - Fran\u00e7ais","isPartOf":{"@id":"https:\/\/urbanjournalism.institute\/forecast-fr\/#website"},"primaryImageOfPage":{"@id":"https:\/\/urbanjournalism.institute\/forecast-fr\/forecast-2023\/culture\/objectif-culture-2030\/#primaryimage"},"image":{"@id":"https:\/\/urbanjournalism.institute\/forecast-fr\/forecast-2023\/culture\/objectif-culture-2030\/#primaryimage"},"thumbnailUrl":"https:\/\/urbanjournalism.institute\/forecast\/wp-content\/themes\/forecast\/dist\/assets\/images\/editorial\/culture.jpg","datePublished":"2023-02-20T07:41:00+00:00","breadcrumb":{"@id":"https:\/\/urbanjournalism.institute\/forecast-fr\/forecast-2023\/culture\/objectif-culture-2030\/#breadcrumb"},"inLanguage":"fr-FR","potentialAction":[{"@type":"ReadAction","target":["https:\/\/urbanjournalism.institute\/forecast-fr\/forecast-2023\/culture\/objectif-culture-2030\/"]}]},{"@type":"ImageObject","inLanguage":"fr-FR","@id":"https:\/\/urbanjournalism.institute\/forecast-fr\/forecast-2023\/culture\/objectif-culture-2030\/#primaryimage","url":"https:\/\/urbanjournalism.institute\/forecast\/wp-content\/themes\/forecast\/dist\/assets\/images\/editorial\/culture.jpg","contentUrl":"https:\/\/urbanjournalism.institute\/forecast\/wp-content\/themes\/forecast\/dist\/assets\/images\/editorial\/culture.jpg"},{"@type":"BreadcrumbList","@id":"https:\/\/urbanjournalism.institute\/forecast-fr\/forecast-2023\/culture\/objectif-culture-2030\/#breadcrumb","itemListElement":[{"@type":"ListItem","position":1,"name":"Forecast 2023","item":"https:\/\/urbanjournalism.institute\/forecast-fr\/forecast-2023\/"},{"@type":"ListItem","position":2,"name":"Culture","item":"https:\/\/urbanjournalism.institute\/forecast-fr\/forecast-2023\/culture\/"},{"@type":"ListItem","position":3,"name":"Objectif Culture 2030"}]},{"@type":"WebSite","@id":"https:\/\/urbanjournalism.institute\/forecast-fr\/#website","url":"https:\/\/urbanjournalism.institute\/forecast-fr\/","name":"Municipal Forecast - Fran\u00e7ais","description":"","potentialAction":[{"@type":"SearchAction","target":{"@type":"EntryPoint","urlTemplate":"https:\/\/urbanjournalism.institute\/forecast-fr\/?s={search_term_string}"},"query-input":{"@type":"PropertyValueSpecification","valueRequired":true,"valueName":"search_term_string"}}],"inLanguage":"fr-FR"}]}},"_links":{"self":[{"href":"https:\/\/urbanjournalism.institute\/forecast-fr\/wp-json\/wp\/v2\/pages\/32","targetHints":{"allow":["GET"]}}],"collection":[{"href":"https:\/\/urbanjournalism.institute\/forecast-fr\/wp-json\/wp\/v2\/pages"}],"about":[{"href":"https:\/\/urbanjournalism.institute\/forecast-fr\/wp-json\/wp\/v2\/types\/page"}],"author":[{"embeddable":true,"href":"https:\/\/urbanjournalism.institute\/forecast-fr\/wp-json\/wp\/v2\/users\/1"}],"replies":[{"embeddable":true,"href":"https:\/\/urbanjournalism.institute\/forecast-fr\/wp-json\/wp\/v2\/comments?post=32"}],"version-history":[{"count":0,"href":"https:\/\/urbanjournalism.institute\/forecast-fr\/wp-json\/wp\/v2\/pages\/32\/revisions"}],"up":[{"embeddable":true,"href":"https:\/\/urbanjournalism.institute\/forecast-fr\/wp-json\/wp\/v2\/pages\/31"}],"wp:attachment":[{"href":"https:\/\/urbanjournalism.institute\/forecast-fr\/wp-json\/wp\/v2\/media?parent=32"}],"curies":[{"name":"wp","href":"https:\/\/api.w.org\/{rel}","templated":true}]}}