{"id":36,"date":"2023-02-20T07:41:00","date_gmt":"2023-02-20T07:41:00","guid":{"rendered":"https:\/\/urbanjournalism.institute\/forecast\/fr\/forecast-2023\/culture\/plus-de-capitales-de-la-culture-dans-le-monde\/"},"modified":"2023-02-20T07:41:00","modified_gmt":"2023-02-20T07:41:00","slug":"plus-de-capitales-de-la-culture-dans-le-monde","status":"publish","type":"page","link":"https:\/\/urbanjournalism.institute\/forecast-fr\/forecast-2023\/culture\/plus-de-capitales-de-la-culture-dans-le-monde\/","title":{"rendered":"D&rsquo;Autres capitales de la culture dans le monde"},"content":{"rendered":"\n<div class=\"wp-block-group\"><div class=\"wp-block-group__inner-container is-layout-constrained wp-block-group-is-layout-constrained\">\n<div class=\"wp-block-columns are-vertically-aligned-top is-layout-flex wp-container-core-columns-is-layout-9d6595d7 wp-block-columns-is-layout-flex\">\n<div class=\"wp-block-column is-vertically-aligned-top is-layout-flow wp-block-column-is-layout-flow\">\n<figure class=\"wp-block-image size-large\"><img decoding=\"async\" src=\"https:\/\/urbanjournalism.institute\/forecast\/wp-content\/themes\/forecast\/dist\/assets\/images\/editorial\/page-33.jpg\" alt=\"\" \/><figcaption class=\"wp-element-caption\"><span><i>San Jos\u00e9, Costa Rica, capital<\/i><\/span><em><em> ib\u00e9ro-am\u00e9ricaine de la cultures<\/em><\/em><span><i> <\/i><\/span><span><i>e<\/i><\/span><span><i>n 2023<\/i><\/span><i><br><\/i><em style=\"font-style: italic\">\u00a9 Gian<\/em><\/figcaption><\/figure>\n<\/div>\n\n\n\n<div class=\"wp-block-column is-vertically-aligned-top is-layout-flow wp-block-column-is-layout-flow\">\n<header class=\"wp-block-group\"><div class=\"wp-block-group__inner-container is-layout-constrained wp-block-group-is-layout-constrained\">\n<h1 class=\"wp-block-heading\">D&rsquo;Autres capitales de la culture dans le monde<\/h1>\n<\/div><\/header>\n\n\n\n<p><strong>San Jos\u00e9<\/strong>, la capitale du Costa Rica, a \u00e9t\u00e9 d\u00e9sign\u00e9e\u00a0<strong>capitale Ib\u00e9ro-Am\u00e9ricaine des Cultures en 2023\u00a0<\/strong>par l\u2019Union des Capitales Ib\u00e9ro-Am\u00e9ricaines (UCCI). Cette distinction marque la comm\u00e9moration du bicentenaire de la ville. San Jos\u00e9 remporte cette cons\u00e9cration pour la deuxi\u00e8me fois (la premi\u00e8re fois \u00e9tait en 2006). Les organisations et les entreprises du secteur culturel du pays ont uni leurs forces pour participer \u00e0 la programmation culturelle de la capitale de 2023 ; une programmation qui inclura la gastronomie, la musique, la mode et des expositions de peintures et de sculptures. Depuis 1991, l\u2019UCCI d\u00e9cerne ce titre qui a d\u00e9j\u00e0 \u00e9t\u00e9 attribu\u00e9 \u00e0 des capitales telles que Buenos Aires, Santiago du Chili, Bogota et Mexico. La ville de San Jos\u00e9 a \u00e9t\u00e9 pr\u00e9c\u00e9d\u00e9e par Bras\u00edlia, en 2022.<\/p>\n\n\n\n<p><strong>Chengdu<\/strong>, la capitale de la province chinoise du Sichuan, sera la&nbsp;<strong>Capitale Culturelle de l\u2019Asie de l\u2019Est&nbsp;<\/strong>en 2023. Avec une population de plus de 20 millions d\u2019habitants, Chengdu, surnomm\u00e9e le \u201cPays du Ciel\u201d, est r\u00e9put\u00e9e pour son patrimoine culturel. D\u00e9but 2022, la ville de Chengdu s\u2019est vu d\u00e9cerner ce titre apr\u00e8s un accord des Ministres de la Culture du Japon, de la Chine et de la R\u00e9publique de Cor\u00e9e. La premi\u00e8re Capitale culturelle de l\u2019Asie de l\u2019Est avait \u00e9t\u00e9 Yokohama, au Japon, en 2014. Pour 2024, la ville retenue sera Gimhae, en R\u00e9publique de Cor\u00e9e.&nbsp;<\/p>\n\n\n\n<p><strong>Chouchi<\/strong>, en Azerba\u00efdjan, est&nbsp;<strong>la Capitale culturelle du Monde Turc&nbsp;<\/strong>2023 et la ville de&nbsp;<strong>Nouakchott&nbsp;<\/strong>en Mauritanie est la&nbsp;<strong>Capitale culturelle du Monde Islamique&nbsp;<\/strong>2023.&nbsp;<\/p>\n\n\n\n<p>Les Foires Mondiales, les Expositions Internationales ou toutes les diverses appellations transnationales telles que les Capitales Culturelles, sont pour les villes des opportunit\u00e9s uniques d\u2019acc\u00e9l\u00e9rer et de concr\u00e9tiser les Objectifs de D\u00e9veloppement Durable. Les m\u00e9ga-\u00e9v\u00e9nements culturels dans les villes riches en patrimoine devraient avoir des effets \u00e0 long terme sur leur environnement physique, mais aussi sur les ressources immat\u00e9rielles.&nbsp;<\/p>\n\n\n\n<p>\u00a0<\/p>\n<\/div>\n<\/div>\n<\/div><\/div>\n","protected":false},"excerpt":{"rendered":"<p>D&rsquo;Autres capitales de la culture dans le monde San Jos\u00e9, la capitale du Costa Rica, a \u00e9t\u00e9 d\u00e9sign\u00e9e\u00a0capitale Ib\u00e9ro-Am\u00e9ricaine des Cultures en 2023\u00a0par l\u2019Union des Capitales Ib\u00e9ro-Am\u00e9ricaines (UCCI). Cette distinction marque la comm\u00e9moration du bicentenaire de la ville. San Jos\u00e9 remporte cette cons\u00e9cration pour la deuxi\u00e8me fois (la premi\u00e8re fois \u00e9tait en 2006). Les organisations [&hellip;]<\/p>\n","protected":false},"author":1,"featured_media":0,"parent":31,"menu_order":40,"comment_status":"closed","ping_status":"closed","template":"","meta":{"footnotes":""},"class_list":["post-36","page","type-page","status-publish","hentry"],"yoast_head":"<!-- This site is optimized with the Yoast SEO plugin v27.0 - https:\/\/yoast.com\/product\/yoast-seo-wordpress\/ -->\n<title>D&#039;Autres capitales de la culture dans le monde - Municipal Forecast - Fran\u00e7ais<\/title>\n<meta name=\"robots\" content=\"index, follow, max-snippet:-1, max-image-preview:large, max-video-preview:-1\" \/>\n<link rel=\"canonical\" href=\"https:\/\/urbanjournalism.institute\/forecast-fr\/forecast-2023\/culture\/plus-de-capitales-de-la-culture-dans-le-monde\/\" \/>\n<meta property=\"og:locale\" content=\"fr_FR\" \/>\n<meta property=\"og:type\" content=\"article\" \/>\n<meta property=\"og:title\" content=\"D&#039;Autres capitales de la culture dans le monde - Municipal Forecast - Fran\u00e7ais\" \/>\n<meta property=\"og:description\" content=\"D&rsquo;Autres capitales de la culture dans le monde San Jos\u00e9, la capitale du Costa Rica, a \u00e9t\u00e9 d\u00e9sign\u00e9e\u00a0capitale Ib\u00e9ro-Am\u00e9ricaine des Cultures en 2023\u00a0par l\u2019Union des Capitales Ib\u00e9ro-Am\u00e9ricaines (UCCI). Cette distinction marque la comm\u00e9moration du bicentenaire de la ville. San Jos\u00e9 remporte cette cons\u00e9cration pour la deuxi\u00e8me fois (la premi\u00e8re fois \u00e9tait en 2006). Les organisations [&hellip;]\" \/>\n<meta property=\"og:url\" content=\"https:\/\/urbanjournalism.institute\/forecast-fr\/forecast-2023\/culture\/plus-de-capitales-de-la-culture-dans-le-monde\/\" \/>\n<meta property=\"og:site_name\" content=\"Municipal Forecast - Fran\u00e7ais\" \/>\n<meta property=\"og:image\" content=\"https:\/\/urbanjournalism.institute\/forecast\/wp-content\/themes\/forecast\/dist\/assets\/images\/editorial\/page-33.jpg\" \/>\n<meta name=\"twitter:card\" content=\"summary_large_image\" \/>\n<meta name=\"twitter:label1\" content=\"Dur\u00e9e de lecture estim\u00e9e\" \/>\n\t<meta name=\"twitter:data1\" content=\"2 minutes\" \/>\n<script type=\"application\/ld+json\" class=\"yoast-schema-graph\">{\"@context\":\"https:\/\/schema.org\",\"@graph\":[{\"@type\":\"WebPage\",\"@id\":\"https:\/\/urbanjournalism.institute\/forecast-fr\/forecast-2023\/culture\/plus-de-capitales-de-la-culture-dans-le-monde\/\",\"url\":\"https:\/\/urbanjournalism.institute\/forecast-fr\/forecast-2023\/culture\/plus-de-capitales-de-la-culture-dans-le-monde\/\",\"name\":\"D'Autres capitales de la culture dans le monde - Municipal Forecast - Fran\u00e7ais\",\"isPartOf\":{\"@id\":\"https:\/\/urbanjournalism.institute\/forecast-fr\/#website\"},\"primaryImageOfPage\":{\"@id\":\"https:\/\/urbanjournalism.institute\/forecast-fr\/forecast-2023\/culture\/plus-de-capitales-de-la-culture-dans-le-monde\/#primaryimage\"},\"image\":{\"@id\":\"https:\/\/urbanjournalism.institute\/forecast-fr\/forecast-2023\/culture\/plus-de-capitales-de-la-culture-dans-le-monde\/#primaryimage\"},\"thumbnailUrl\":\"https:\/\/urbanjournalism.institute\/forecast\/wp-content\/themes\/forecast\/dist\/assets\/images\/editorial\/page-33.jpg\",\"datePublished\":\"2023-02-20T07:41:00+00:00\",\"breadcrumb\":{\"@id\":\"https:\/\/urbanjournalism.institute\/forecast-fr\/forecast-2023\/culture\/plus-de-capitales-de-la-culture-dans-le-monde\/#breadcrumb\"},\"inLanguage\":\"fr-FR\",\"potentialAction\":[{\"@type\":\"ReadAction\",\"target\":[\"https:\/\/urbanjournalism.institute\/forecast-fr\/forecast-2023\/culture\/plus-de-capitales-de-la-culture-dans-le-monde\/\"]}]},{\"@type\":\"ImageObject\",\"inLanguage\":\"fr-FR\",\"@id\":\"https:\/\/urbanjournalism.institute\/forecast-fr\/forecast-2023\/culture\/plus-de-capitales-de-la-culture-dans-le-monde\/#primaryimage\",\"url\":\"https:\/\/urbanjournalism.institute\/forecast\/wp-content\/themes\/forecast\/dist\/assets\/images\/editorial\/page-33.jpg\",\"contentUrl\":\"https:\/\/urbanjournalism.institute\/forecast\/wp-content\/themes\/forecast\/dist\/assets\/images\/editorial\/page-33.jpg\"},{\"@type\":\"BreadcrumbList\",\"@id\":\"https:\/\/urbanjournalism.institute\/forecast-fr\/forecast-2023\/culture\/plus-de-capitales-de-la-culture-dans-le-monde\/#breadcrumb\",\"itemListElement\":[{\"@type\":\"ListItem\",\"position\":1,\"name\":\"Forecast 2023\",\"item\":\"https:\/\/urbanjournalism.institute\/forecast-fr\/forecast-2023\/\"},{\"@type\":\"ListItem\",\"position\":2,\"name\":\"Culture\",\"item\":\"https:\/\/urbanjournalism.institute\/forecast-fr\/forecast-2023\/culture\/\"},{\"@type\":\"ListItem\",\"position\":3,\"name\":\"D&rsquo;Autres capitales de la culture dans le monde\"}]},{\"@type\":\"WebSite\",\"@id\":\"https:\/\/urbanjournalism.institute\/forecast-fr\/#website\",\"url\":\"https:\/\/urbanjournalism.institute\/forecast-fr\/\",\"name\":\"Municipal Forecast - Fran\u00e7ais\",\"description\":\"\",\"potentialAction\":[{\"@type\":\"SearchAction\",\"target\":{\"@type\":\"EntryPoint\",\"urlTemplate\":\"https:\/\/urbanjournalism.institute\/forecast-fr\/?s={search_term_string}\"},\"query-input\":{\"@type\":\"PropertyValueSpecification\",\"valueRequired\":true,\"valueName\":\"search_term_string\"}}],\"inLanguage\":\"fr-FR\"}]}<\/script>\n<!-- \/ Yoast SEO plugin. -->","yoast_head_json":{"title":"D'Autres capitales de la culture dans le monde - Municipal Forecast - Fran\u00e7ais","robots":{"index":"index","follow":"follow","max-snippet":"max-snippet:-1","max-image-preview":"max-image-preview:large","max-video-preview":"max-video-preview:-1"},"canonical":"https:\/\/urbanjournalism.institute\/forecast-fr\/forecast-2023\/culture\/plus-de-capitales-de-la-culture-dans-le-monde\/","og_locale":"fr_FR","og_type":"article","og_title":"D'Autres capitales de la culture dans le monde - Municipal Forecast - Fran\u00e7ais","og_description":"D&rsquo;Autres capitales de la culture dans le monde San Jos\u00e9, la capitale du Costa Rica, a \u00e9t\u00e9 d\u00e9sign\u00e9e\u00a0capitale Ib\u00e9ro-Am\u00e9ricaine des Cultures en 2023\u00a0par l\u2019Union des Capitales Ib\u00e9ro-Am\u00e9ricaines (UCCI). Cette distinction marque la comm\u00e9moration du bicentenaire de la ville. San Jos\u00e9 remporte cette cons\u00e9cration pour la deuxi\u00e8me fois (la premi\u00e8re fois \u00e9tait en 2006). Les organisations [&hellip;]","og_url":"https:\/\/urbanjournalism.institute\/forecast-fr\/forecast-2023\/culture\/plus-de-capitales-de-la-culture-dans-le-monde\/","og_site_name":"Municipal Forecast - Fran\u00e7ais","og_image":[{"url":"https:\/\/urbanjournalism.institute\/forecast\/wp-content\/themes\/forecast\/dist\/assets\/images\/editorial\/page-33.jpg","type":"","width":"","height":""}],"twitter_card":"summary_large_image","twitter_misc":{"Dur\u00e9e de lecture estim\u00e9e":"2 minutes"},"schema":{"@context":"https:\/\/schema.org","@graph":[{"@type":"WebPage","@id":"https:\/\/urbanjournalism.institute\/forecast-fr\/forecast-2023\/culture\/plus-de-capitales-de-la-culture-dans-le-monde\/","url":"https:\/\/urbanjournalism.institute\/forecast-fr\/forecast-2023\/culture\/plus-de-capitales-de-la-culture-dans-le-monde\/","name":"D'Autres capitales de la culture dans le monde - Municipal Forecast - Fran\u00e7ais","isPartOf":{"@id":"https:\/\/urbanjournalism.institute\/forecast-fr\/#website"},"primaryImageOfPage":{"@id":"https:\/\/urbanjournalism.institute\/forecast-fr\/forecast-2023\/culture\/plus-de-capitales-de-la-culture-dans-le-monde\/#primaryimage"},"image":{"@id":"https:\/\/urbanjournalism.institute\/forecast-fr\/forecast-2023\/culture\/plus-de-capitales-de-la-culture-dans-le-monde\/#primaryimage"},"thumbnailUrl":"https:\/\/urbanjournalism.institute\/forecast\/wp-content\/themes\/forecast\/dist\/assets\/images\/editorial\/page-33.jpg","datePublished":"2023-02-20T07:41:00+00:00","breadcrumb":{"@id":"https:\/\/urbanjournalism.institute\/forecast-fr\/forecast-2023\/culture\/plus-de-capitales-de-la-culture-dans-le-monde\/#breadcrumb"},"inLanguage":"fr-FR","potentialAction":[{"@type":"ReadAction","target":["https:\/\/urbanjournalism.institute\/forecast-fr\/forecast-2023\/culture\/plus-de-capitales-de-la-culture-dans-le-monde\/"]}]},{"@type":"ImageObject","inLanguage":"fr-FR","@id":"https:\/\/urbanjournalism.institute\/forecast-fr\/forecast-2023\/culture\/plus-de-capitales-de-la-culture-dans-le-monde\/#primaryimage","url":"https:\/\/urbanjournalism.institute\/forecast\/wp-content\/themes\/forecast\/dist\/assets\/images\/editorial\/page-33.jpg","contentUrl":"https:\/\/urbanjournalism.institute\/forecast\/wp-content\/themes\/forecast\/dist\/assets\/images\/editorial\/page-33.jpg"},{"@type":"BreadcrumbList","@id":"https:\/\/urbanjournalism.institute\/forecast-fr\/forecast-2023\/culture\/plus-de-capitales-de-la-culture-dans-le-monde\/#breadcrumb","itemListElement":[{"@type":"ListItem","position":1,"name":"Forecast 2023","item":"https:\/\/urbanjournalism.institute\/forecast-fr\/forecast-2023\/"},{"@type":"ListItem","position":2,"name":"Culture","item":"https:\/\/urbanjournalism.institute\/forecast-fr\/forecast-2023\/culture\/"},{"@type":"ListItem","position":3,"name":"D&rsquo;Autres capitales de la culture dans le monde"}]},{"@type":"WebSite","@id":"https:\/\/urbanjournalism.institute\/forecast-fr\/#website","url":"https:\/\/urbanjournalism.institute\/forecast-fr\/","name":"Municipal Forecast - Fran\u00e7ais","description":"","potentialAction":[{"@type":"SearchAction","target":{"@type":"EntryPoint","urlTemplate":"https:\/\/urbanjournalism.institute\/forecast-fr\/?s={search_term_string}"},"query-input":{"@type":"PropertyValueSpecification","valueRequired":true,"valueName":"search_term_string"}}],"inLanguage":"fr-FR"}]}},"_links":{"self":[{"href":"https:\/\/urbanjournalism.institute\/forecast-fr\/wp-json\/wp\/v2\/pages\/36","targetHints":{"allow":["GET"]}}],"collection":[{"href":"https:\/\/urbanjournalism.institute\/forecast-fr\/wp-json\/wp\/v2\/pages"}],"about":[{"href":"https:\/\/urbanjournalism.institute\/forecast-fr\/wp-json\/wp\/v2\/types\/page"}],"author":[{"embeddable":true,"href":"https:\/\/urbanjournalism.institute\/forecast-fr\/wp-json\/wp\/v2\/users\/1"}],"replies":[{"embeddable":true,"href":"https:\/\/urbanjournalism.institute\/forecast-fr\/wp-json\/wp\/v2\/comments?post=36"}],"version-history":[{"count":0,"href":"https:\/\/urbanjournalism.institute\/forecast-fr\/wp-json\/wp\/v2\/pages\/36\/revisions"}],"up":[{"embeddable":true,"href":"https:\/\/urbanjournalism.institute\/forecast-fr\/wp-json\/wp\/v2\/pages\/31"}],"wp:attachment":[{"href":"https:\/\/urbanjournalism.institute\/forecast-fr\/wp-json\/wp\/v2\/media?parent=36"}],"curies":[{"name":"wp","href":"https:\/\/api.w.org\/{rel}","templated":true}]}}