{"id":37,"date":"2023-02-20T07:41:00","date_gmt":"2023-02-20T07:41:00","guid":{"rendered":"https:\/\/urbanjournalism.institute\/forecast\/fr\/forecast-2023\/culture\/nouveau-bauhaus-europeen\/"},"modified":"2023-02-20T07:41:00","modified_gmt":"2023-02-20T07:41:00","slug":"nouveau-bauhaus-europeen","status":"publish","type":"page","link":"https:\/\/urbanjournalism.institute\/forecast-fr\/forecast-2023\/culture\/nouveau-bauhaus-europeen\/","title":{"rendered":"Nouveau Bauhaus europ\u00e9en"},"content":{"rendered":"\n<div class=\"wp-block-group narrow-group has-pale-pink-background-color has-background\"><div class=\"wp-block-group__inner-container is-layout-constrained wp-block-group-is-layout-constrained\">\n<div class=\"wp-block-columns is-layout-flex wp-container-core-columns-is-layout-9d6595d7 wp-block-columns-is-layout-flex\">\n<div class=\"wp-block-column is-layout-flow wp-block-column-is-layout-flow\">\n<header class=\"wp-block-group\"><div class=\"wp-block-group__inner-container is-layout-constrained wp-block-group-is-layout-constrained\">\n<hr class=\"wp-block-separator has-alpha-channel-opacity\" \/>\n\n\n\n<p class=\"h1\">POUR APPROFONDIR<\/p>\n\n\n\n<h1 class=\"wp-block-heading h4 fs-4\"><em>Un nouveau \u00ab\u00a0Bauhaus\u00a0\u00bb Europ\u00e9e<\/em>n<\/h1>\n<\/div><\/header>\n<\/div>\n\n\n\n<div class=\"wp-block-column is-layout-flow wp-block-column-is-layout-flow\"><\/div>\n<\/div>\n\n\n\n<div class=\"wp-block-columns is-layout-flex wp-container-core-columns-is-layout-9d6595d7 wp-block-columns-is-layout-flex\">\n<div class=\"wp-block-column is-layout-flow wp-block-column-is-layout-flow\">\n<p>En septembre 2020, la Pr\u00e9sidente de la Commission Europ\u00e9enne, Ursula von der Leyen, a lanc\u00e9 l\u2019initiative d\u2019un nouveau \u201cBauhaus\u201d europ\u00e9en, \u201cun espace de co-cr\u00e9ation o\u00f9 architectes, artistes, \u00e9tudiants, ing\u00e9nieurs, designers travailleront ensemble\u201d en faveur de la durabilit\u00e9. Ce projet a pour ambition de relier le Green Deal europ\u00e9en \u00e0 l\u2019art et \u00e0 la culture, afin de contribuer \u00e0 l\u2019am\u00e9lioration du quotidien et du cadre de vie des Europ\u00e9ens.<\/p>\n\n\n\n<p>Cette initiative a pour but de tisser des liens entre les diff\u00e9rentes disciplines, de transcender les pratiques et de s\u2019appuyer sur des collaborations \u00e0 tous les \u00e9chelons. L\u2019initiative sera soutenue \u00e0 travers trois axes : la durabilit\u00e9, l\u2019esth\u00e9tique et l\u2019inclusion.<\/p>\n\n\n\n<p>La premi\u00e8re phase du Nouveau \u201cBauhaus\u201d europ\u00e9en a \u00e9t\u00e9 mise en oeuvre en 2020-2021 afin de soutenir des initiatives visant \u00e0 relier l\u2019architecture et l\u2019urbanisme. En 2021, la Commission a prononc\u00e9 une d\u00e9claration qui d\u00e9finissait le programme, les principes fondamentaux et les objectifs du Nouveau \u201cBauhaus\u201d europ\u00e9en en vue des prochaines \u00e9tapes de sa mise en oeuvre.<\/p>\n<\/div>\n\n\n\n<div class=\"wp-block-column is-layout-flow wp-block-column-is-layout-flow\">\n<p>Un an plus tard, en 2022, la Commission europ\u00e9enne \u00e9tablissait un Nouveau Laboratoire \u201cBauhaus\u201d europ\u00e9en pour collaborer avec la communaut\u00e9 et tester des outils ou des solutions transformatrices. La Commission Europ\u00e9enne a \u00e9galement lanc\u00e9 un Festival afin d\u2019accro\u00eetre la visibilit\u00e9 du mouvement et de ses artistes, d\u2019\u00e9changer sur les progr\u00e8s r\u00e9alis\u00e9s et faciliter les collaborations futures. La Commission a l\u2019intention de d\u00e9velopper un concept et de transformer le Festival en un \u00e9v\u00e9nement annuel \u00e0 partir de 2023.<\/p>\n\n\n\n<p>Enfin, en octobre 2022, l\u2019initiative urbaine europ\u00e9enne a lanc\u00e9 un appel d\u2019offres de 50 millions d\u2019euros pour soutenir l\u2019innovation urbaine et durable, sur la base des valeurs du \u201cNew European Bauhaus\u201d.&nbsp;Plus d\u2019informations sur : <\/p>\n\n\n\n<p><a href=\"https:\/\/new-european-bauhaus.europa.eu\/index_en\" target=\"_blank\" rel=\"noreferrer noopener\">https:\/\/new-european-bauhaus.europa.eu\/index_en<\/a><\/p>\n\n\n\n<p> <\/p>\n<\/div>\n<\/div>\n\n\n\n<figure class=\"wp-block-image size-large\"><img decoding=\"async\" src=\"https:\/\/urbanjournalism.institute\/forecast\/wp-content\/themes\/forecast\/dist\/assets\/images\/editorial\/page-34.jpg\" alt=\"\" \/><figcaption class=\"wp-element-caption\"><em>Bauhaus, premi\u00e8re \u00e9cole de design industriel Dessau (Allemagne)<\/em><br><em>\u00a9 jose leonardo marino coronado\/EyeEm<\/em><\/figcaption><\/figure>\n<\/div><\/div>\n","protected":false},"excerpt":{"rendered":"<p>POUR APPROFONDIR Un nouveau \u00ab\u00a0Bauhaus\u00a0\u00bb Europ\u00e9en En septembre 2020, la Pr\u00e9sidente de la Commission Europ\u00e9enne, Ursula von der Leyen, a lanc\u00e9 l\u2019initiative d\u2019un nouveau \u201cBauhaus\u201d europ\u00e9en, \u201cun espace de co-cr\u00e9ation o\u00f9 architectes, artistes, \u00e9tudiants, ing\u00e9nieurs, designers travailleront ensemble\u201d en faveur de la durabilit\u00e9. Ce projet a pour ambition de relier le Green Deal europ\u00e9en \u00e0 [&hellip;]<\/p>\n","protected":false},"author":1,"featured_media":0,"parent":31,"menu_order":50,"comment_status":"closed","ping_status":"closed","template":"","meta":{"footnotes":""},"class_list":["post-37","page","type-page","status-publish","hentry"],"yoast_head":"<!-- This site is optimized with the Yoast SEO plugin v27.0 - https:\/\/yoast.com\/product\/yoast-seo-wordpress\/ -->\n<title>Nouveau Bauhaus europ\u00e9en - Municipal Forecast - Fran\u00e7ais<\/title>\n<meta name=\"robots\" content=\"index, follow, max-snippet:-1, max-image-preview:large, max-video-preview:-1\" \/>\n<link rel=\"canonical\" href=\"https:\/\/urbanjournalism.institute\/forecast-fr\/forecast-2023\/culture\/nouveau-bauhaus-europeen\/\" \/>\n<meta property=\"og:locale\" content=\"fr_FR\" \/>\n<meta property=\"og:type\" content=\"article\" \/>\n<meta property=\"og:title\" content=\"Nouveau Bauhaus europ\u00e9en - Municipal Forecast - Fran\u00e7ais\" \/>\n<meta property=\"og:description\" content=\"POUR APPROFONDIR Un nouveau \u00ab\u00a0Bauhaus\u00a0\u00bb Europ\u00e9en En septembre 2020, la Pr\u00e9sidente de la Commission Europ\u00e9enne, Ursula von der Leyen, a lanc\u00e9 l\u2019initiative d\u2019un nouveau \u201cBauhaus\u201d europ\u00e9en, \u201cun espace de co-cr\u00e9ation o\u00f9 architectes, artistes, \u00e9tudiants, ing\u00e9nieurs, designers travailleront ensemble\u201d en faveur de la durabilit\u00e9. Ce projet a pour ambition de relier le Green Deal europ\u00e9en \u00e0 [&hellip;]\" \/>\n<meta property=\"og:url\" content=\"https:\/\/urbanjournalism.institute\/forecast-fr\/forecast-2023\/culture\/nouveau-bauhaus-europeen\/\" \/>\n<meta property=\"og:site_name\" content=\"Municipal Forecast - Fran\u00e7ais\" \/>\n<meta property=\"og:image\" content=\"https:\/\/urbanjournalism.institute\/forecast\/wp-content\/themes\/forecast\/dist\/assets\/images\/editorial\/page-34.jpg\" \/>\n<meta name=\"twitter:card\" content=\"summary_large_image\" \/>\n<meta name=\"twitter:label1\" content=\"Dur\u00e9e de lecture estim\u00e9e\" \/>\n\t<meta name=\"twitter:data1\" content=\"2 minutes\" \/>\n<script type=\"application\/ld+json\" class=\"yoast-schema-graph\">{\"@context\":\"https:\/\/schema.org\",\"@graph\":[{\"@type\":\"WebPage\",\"@id\":\"https:\/\/urbanjournalism.institute\/forecast-fr\/forecast-2023\/culture\/nouveau-bauhaus-europeen\/\",\"url\":\"https:\/\/urbanjournalism.institute\/forecast-fr\/forecast-2023\/culture\/nouveau-bauhaus-europeen\/\",\"name\":\"Nouveau Bauhaus europ\u00e9en - Municipal Forecast - Fran\u00e7ais\",\"isPartOf\":{\"@id\":\"https:\/\/urbanjournalism.institute\/forecast-fr\/#website\"},\"primaryImageOfPage\":{\"@id\":\"https:\/\/urbanjournalism.institute\/forecast-fr\/forecast-2023\/culture\/nouveau-bauhaus-europeen\/#primaryimage\"},\"image\":{\"@id\":\"https:\/\/urbanjournalism.institute\/forecast-fr\/forecast-2023\/culture\/nouveau-bauhaus-europeen\/#primaryimage\"},\"thumbnailUrl\":\"https:\/\/urbanjournalism.institute\/forecast\/wp-content\/themes\/forecast\/dist\/assets\/images\/editorial\/page-34.jpg\",\"datePublished\":\"2023-02-20T07:41:00+00:00\",\"breadcrumb\":{\"@id\":\"https:\/\/urbanjournalism.institute\/forecast-fr\/forecast-2023\/culture\/nouveau-bauhaus-europeen\/#breadcrumb\"},\"inLanguage\":\"fr-FR\",\"potentialAction\":[{\"@type\":\"ReadAction\",\"target\":[\"https:\/\/urbanjournalism.institute\/forecast-fr\/forecast-2023\/culture\/nouveau-bauhaus-europeen\/\"]}]},{\"@type\":\"ImageObject\",\"inLanguage\":\"fr-FR\",\"@id\":\"https:\/\/urbanjournalism.institute\/forecast-fr\/forecast-2023\/culture\/nouveau-bauhaus-europeen\/#primaryimage\",\"url\":\"https:\/\/urbanjournalism.institute\/forecast\/wp-content\/themes\/forecast\/dist\/assets\/images\/editorial\/page-34.jpg\",\"contentUrl\":\"https:\/\/urbanjournalism.institute\/forecast\/wp-content\/themes\/forecast\/dist\/assets\/images\/editorial\/page-34.jpg\"},{\"@type\":\"BreadcrumbList\",\"@id\":\"https:\/\/urbanjournalism.institute\/forecast-fr\/forecast-2023\/culture\/nouveau-bauhaus-europeen\/#breadcrumb\",\"itemListElement\":[{\"@type\":\"ListItem\",\"position\":1,\"name\":\"Forecast 2023\",\"item\":\"https:\/\/urbanjournalism.institute\/forecast-fr\/forecast-2023\/\"},{\"@type\":\"ListItem\",\"position\":2,\"name\":\"Culture\",\"item\":\"https:\/\/urbanjournalism.institute\/forecast-fr\/forecast-2023\/culture\/\"},{\"@type\":\"ListItem\",\"position\":3,\"name\":\"Nouveau Bauhaus europ\u00e9en\"}]},{\"@type\":\"WebSite\",\"@id\":\"https:\/\/urbanjournalism.institute\/forecast-fr\/#website\",\"url\":\"https:\/\/urbanjournalism.institute\/forecast-fr\/\",\"name\":\"Municipal Forecast - Fran\u00e7ais\",\"description\":\"\",\"potentialAction\":[{\"@type\":\"SearchAction\",\"target\":{\"@type\":\"EntryPoint\",\"urlTemplate\":\"https:\/\/urbanjournalism.institute\/forecast-fr\/?s={search_term_string}\"},\"query-input\":{\"@type\":\"PropertyValueSpecification\",\"valueRequired\":true,\"valueName\":\"search_term_string\"}}],\"inLanguage\":\"fr-FR\"}]}<\/script>\n<!-- \/ Yoast SEO plugin. -->","yoast_head_json":{"title":"Nouveau Bauhaus europ\u00e9en - Municipal Forecast - Fran\u00e7ais","robots":{"index":"index","follow":"follow","max-snippet":"max-snippet:-1","max-image-preview":"max-image-preview:large","max-video-preview":"max-video-preview:-1"},"canonical":"https:\/\/urbanjournalism.institute\/forecast-fr\/forecast-2023\/culture\/nouveau-bauhaus-europeen\/","og_locale":"fr_FR","og_type":"article","og_title":"Nouveau Bauhaus europ\u00e9en - Municipal Forecast - Fran\u00e7ais","og_description":"POUR APPROFONDIR Un nouveau \u00ab\u00a0Bauhaus\u00a0\u00bb Europ\u00e9en En septembre 2020, la Pr\u00e9sidente de la Commission Europ\u00e9enne, Ursula von der Leyen, a lanc\u00e9 l\u2019initiative d\u2019un nouveau \u201cBauhaus\u201d europ\u00e9en, \u201cun espace de co-cr\u00e9ation o\u00f9 architectes, artistes, \u00e9tudiants, ing\u00e9nieurs, designers travailleront ensemble\u201d en faveur de la durabilit\u00e9. Ce projet a pour ambition de relier le Green Deal europ\u00e9en \u00e0 [&hellip;]","og_url":"https:\/\/urbanjournalism.institute\/forecast-fr\/forecast-2023\/culture\/nouveau-bauhaus-europeen\/","og_site_name":"Municipal Forecast - Fran\u00e7ais","og_image":[{"url":"https:\/\/urbanjournalism.institute\/forecast\/wp-content\/themes\/forecast\/dist\/assets\/images\/editorial\/page-34.jpg","type":"","width":"","height":""}],"twitter_card":"summary_large_image","twitter_misc":{"Dur\u00e9e de lecture estim\u00e9e":"2 minutes"},"schema":{"@context":"https:\/\/schema.org","@graph":[{"@type":"WebPage","@id":"https:\/\/urbanjournalism.institute\/forecast-fr\/forecast-2023\/culture\/nouveau-bauhaus-europeen\/","url":"https:\/\/urbanjournalism.institute\/forecast-fr\/forecast-2023\/culture\/nouveau-bauhaus-europeen\/","name":"Nouveau Bauhaus europ\u00e9en - Municipal Forecast - Fran\u00e7ais","isPartOf":{"@id":"https:\/\/urbanjournalism.institute\/forecast-fr\/#website"},"primaryImageOfPage":{"@id":"https:\/\/urbanjournalism.institute\/forecast-fr\/forecast-2023\/culture\/nouveau-bauhaus-europeen\/#primaryimage"},"image":{"@id":"https:\/\/urbanjournalism.institute\/forecast-fr\/forecast-2023\/culture\/nouveau-bauhaus-europeen\/#primaryimage"},"thumbnailUrl":"https:\/\/urbanjournalism.institute\/forecast\/wp-content\/themes\/forecast\/dist\/assets\/images\/editorial\/page-34.jpg","datePublished":"2023-02-20T07:41:00+00:00","breadcrumb":{"@id":"https:\/\/urbanjournalism.institute\/forecast-fr\/forecast-2023\/culture\/nouveau-bauhaus-europeen\/#breadcrumb"},"inLanguage":"fr-FR","potentialAction":[{"@type":"ReadAction","target":["https:\/\/urbanjournalism.institute\/forecast-fr\/forecast-2023\/culture\/nouveau-bauhaus-europeen\/"]}]},{"@type":"ImageObject","inLanguage":"fr-FR","@id":"https:\/\/urbanjournalism.institute\/forecast-fr\/forecast-2023\/culture\/nouveau-bauhaus-europeen\/#primaryimage","url":"https:\/\/urbanjournalism.institute\/forecast\/wp-content\/themes\/forecast\/dist\/assets\/images\/editorial\/page-34.jpg","contentUrl":"https:\/\/urbanjournalism.institute\/forecast\/wp-content\/themes\/forecast\/dist\/assets\/images\/editorial\/page-34.jpg"},{"@type":"BreadcrumbList","@id":"https:\/\/urbanjournalism.institute\/forecast-fr\/forecast-2023\/culture\/nouveau-bauhaus-europeen\/#breadcrumb","itemListElement":[{"@type":"ListItem","position":1,"name":"Forecast 2023","item":"https:\/\/urbanjournalism.institute\/forecast-fr\/forecast-2023\/"},{"@type":"ListItem","position":2,"name":"Culture","item":"https:\/\/urbanjournalism.institute\/forecast-fr\/forecast-2023\/culture\/"},{"@type":"ListItem","position":3,"name":"Nouveau Bauhaus europ\u00e9en"}]},{"@type":"WebSite","@id":"https:\/\/urbanjournalism.institute\/forecast-fr\/#website","url":"https:\/\/urbanjournalism.institute\/forecast-fr\/","name":"Municipal Forecast - Fran\u00e7ais","description":"","potentialAction":[{"@type":"SearchAction","target":{"@type":"EntryPoint","urlTemplate":"https:\/\/urbanjournalism.institute\/forecast-fr\/?s={search_term_string}"},"query-input":{"@type":"PropertyValueSpecification","valueRequired":true,"valueName":"search_term_string"}}],"inLanguage":"fr-FR"}]}},"_links":{"self":[{"href":"https:\/\/urbanjournalism.institute\/forecast-fr\/wp-json\/wp\/v2\/pages\/37","targetHints":{"allow":["GET"]}}],"collection":[{"href":"https:\/\/urbanjournalism.institute\/forecast-fr\/wp-json\/wp\/v2\/pages"}],"about":[{"href":"https:\/\/urbanjournalism.institute\/forecast-fr\/wp-json\/wp\/v2\/types\/page"}],"author":[{"embeddable":true,"href":"https:\/\/urbanjournalism.institute\/forecast-fr\/wp-json\/wp\/v2\/users\/1"}],"replies":[{"embeddable":true,"href":"https:\/\/urbanjournalism.institute\/forecast-fr\/wp-json\/wp\/v2\/comments?post=37"}],"version-history":[{"count":0,"href":"https:\/\/urbanjournalism.institute\/forecast-fr\/wp-json\/wp\/v2\/pages\/37\/revisions"}],"up":[{"embeddable":true,"href":"https:\/\/urbanjournalism.institute\/forecast-fr\/wp-json\/wp\/v2\/pages\/31"}],"wp:attachment":[{"href":"https:\/\/urbanjournalism.institute\/forecast-fr\/wp-json\/wp\/v2\/media?parent=37"}],"curies":[{"name":"wp","href":"https:\/\/api.w.org\/{rel}","templated":true}]}}