{"id":38,"date":"2023-02-20T07:41:00","date_gmt":"2023-02-20T07:41:00","guid":{"rendered":"https:\/\/urbanjournalism.institute\/forecast\/fr\/forecast-2023\/culture\/une-annee-historique-pour-novi-sad\/"},"modified":"2023-02-20T07:41:00","modified_gmt":"2023-02-20T07:41:00","slug":"une-annee-historique-pour-novi-sad","status":"publish","type":"page","link":"https:\/\/urbanjournalism.institute\/forecast-fr\/forecast-2023\/culture\/une-annee-historique-pour-novi-sad\/","title":{"rendered":"Une ann\u00e9e historique pour Novi Sad"},"content":{"rendered":"\n<div class=\"wp-block-group pb-5\"><div class=\"wp-block-group__inner-container is-layout-constrained wp-block-group-is-layout-constrained\">\n<h1 class=\"wp-block-heading\">Une ann\u00e9e historique pour Novi Sad<\/h1>\n\n\n\n<h4 class=\"wp-block-heading\"><em>Nemanja Milenkovi\u0107<\/em><\/h4>\n\n\n\n<p class=\"font-serif\"><em><em>Directeur de la Fondation Capitale europ\u00e9enne de la culture de Novi Sad<\/em>\u00a0<\/em><\/p>\n<\/div><\/div>\n\n\n\n<figure class=\"wp-block-image size-large\"><img decoding=\"async\" src=\"https:\/\/urbanjournalism.institute\/forecast\/wp-content\/themes\/forecast\/dist\/assets\/images\/editorial\/page-35.jpg\" alt=\"\" \/><figcaption class=\"wp-element-caption\"><em>Vue panoramique de Novi Sad, Vojvodina (Serbie).<\/em><br><em>\u00a9 BGStock72<\/em><\/figcaption><\/figure>\n\n\n\n<div class=\"wp-block-group narrow-group\"><div class=\"wp-block-group__inner-container is-layout-constrained wp-block-group-is-layout-constrained\">\n<p>Pour chaque ville qui devient Capitale europ\u00e9enne de la culture, sa mise en oeuvre rel\u00e8ve de l\u2019exploit. S\u2019agissant de Novi Sad, entre le COVID-19 et la situation dans laquelle se trouve l\u2019Europe depuis mars 2022, ce qui s\u2019est produit n\u2019est rien de moins qu\u2019un miracle. Tout ce que nous avions promis, nous ne l\u2019avons pas seulement accompli, nous l\u2019avons m\u00eame surpass\u00e9e, alors qu\u2019en 2015, lorsque nous avons soumis la candidature pour la premi\u00e8re fois, cela nous avait sembl\u00e9 ambitieux, voire utopique. Par exemple, au lieu de trois nouveaux espaces d\u00e9di\u00e9s \u00e0 la culture, nous en avons maintenant neuf, et il y en aura encore plus demain. Plut\u00f4t que se contenter de r\u00e9nover l\u2019ancien chantier naval, c\u2019est le \u201cSuburbium\u201d, tout un quartier vieux de 300 ans que nous avons r\u00e9habilit\u00e9. Le projet entra\u00eena la r\u00e9novation de l\u2019Alma\u0161 et bien d\u2019autres quartiers. La salle de concert de la ville a \u00e9t\u00e9 livr\u00e9e, tout comme l\u2019\u00e9cole de musique et de ballet. Personne n\u2019aurait alors imagin\u00e9 que nous aurions un directeur artistique de renomm\u00e9e mondiale comme Stefan Milenkovi\u0107 pour g\u00e9rer ces nouvelles institutions. Par cons\u00e9quent, tout ce qui a \u00e9t\u00e9 entrepris donna un r\u00e9sultat double, voire plus encore.<\/p>\n\n\n\n<p>Pour ce qui est du programme, nous avons \u00e9tabli un v\u00e9ritable record. La Capitale europ\u00e9enne de la culture est g\u00e9n\u00e9ralement le r\u00e9sultat d\u2019un cofinancement, un fonctionnement comme le n\u00f4tre est donc tr\u00e8s peu fr\u00e9quent. En r\u00e9unissant tous les acteurs, nous savions que nous obtiendrions une v\u00e9ritable plus-value. Malgr\u00e9 un des plus petits budgets pour une Capitale europ\u00e9enne de la culture, nous avons en d\u00e9finitive presque doubl\u00e9 sa valeur. De quelle mani\u00e8re ? Nous avons d\u00e9fendu aupr\u00e8s des institutions et de la sc\u00e8ne extra-institutionnelle le mot d\u2019ordre suivant : \u201cIl s\u2019agit d\u2019un projet commun\u201d. Nous avons pr\u00e9conis\u00e9 que tous les \u00e9v\u00e8nements soient rattach\u00e9s au programme de la Capitale europ\u00e9enne de la culture, c\u2019est-\u00e0-dire qu\u2019ils planifient le calendrier annuel avec nous. C\u2019est gr\u00e2ce \u00e0 cette solidarit\u00e9 que nous avons surmont\u00e9 les obstacles qui se dressaient devant nous. En travaillant de concert, nous avons r\u00e9ussi \u00e0 proposer un programme hors-de-commun comprenant 4 000 \u00e9v\u00e9nements et 6 000 artistes du monde entier, en un an.<\/p>\n\n\n\n<p>Pour le dire simplement, 2022 fut une ann\u00e9e historique, tant sur le plan urbain avec 40 000 m2 r\u00e9nov\u00e9s, que sur le programme, avec des artistes de classe mondiale qui ont contribu\u00e9 au quotidien de Novi Sad, avec une moyenne de 10 \u00e9v\u00e9nements par jour.<\/p>\n\n\n\n<p>J\u2019ajoute que la performance est d\u2019autant plus&nbsp;&nbsp;impressionnante qu\u2019aucune capitale europ\u00e9enne de la culture n\u2019avait jamais r\u00e9ussi \u00e0 finaliser son programme avant le d\u00e9but de l\u2019ann\u00e9e. Malgr\u00e9 tout ce qui s\u2019est pass\u00e9 en 2022, nous avons d\u00e9j\u00e0 organis\u00e9 six \u201cDo\u010deks\u201d et cinq \u201cKal\u00e9idoscopes de la culture\u201d, qui ont eux-m\u00eames re\u00e7u le prix de la Marque Tendance Europ\u00e9enne dans le domaine de la culture. La seule recommandation faite lors du dernier panel d\u2019\u00e9valuation de la Commission europ\u00e9enne fut de conserver le patrimoine que nous avions cr\u00e9\u00e9, ce qui repr\u00e9sente pour nous le plus grand honneur. Je peux donc affirmer, sur la base des r\u00e9sultats et des donn\u00e9es chiffr\u00e9es, que nous avons organis\u00e9 une des meilleures Capitales europ\u00e9ennes de la culture de tous les temps, ce qui a \u00e9t\u00e9 confirm\u00e9 par le prix international Melina Mercouri, qui est d\u00e9cern\u00e9 aux villes participantes ayant le plus de succ\u00e8s.<\/p>\n\n\n\n<p>Chaque capitale europ\u00e9enne de la culture pr\u00e9sente un plan pour un \u201cgroupement de patrimoine\u201d. Nous l\u2019avions \u00e9labor\u00e9 en 2016, sept ans avant que notre ville ne devienne une capitale europ\u00e9enne de la culture, gr\u00e2ce \u00e0 un travail collectif remarquable sur les termes du programme. Aujourd\u2019hui, beaucoup de professionnels continuent \u00e0 vivre et travailler \u00e0 Novi Sad et dans la r\u00e9gion. Nous continuerons \u00e0 oeuvrer au d\u00e9veloppement de ce patrimoine qui repr\u00e9sente un mod\u00e8le unique en Europe &#8211; c\u2019est tout un r\u00e9seau de lieux culturels qui s\u2019\u00e9tendent vers les quartiers ou les petites villes du district de Novi Sad, mais aussi \u00e0 travers les salles de concert, les \u00e9v\u00e9nements comme les Do\u010dek, le Kal\u00e9idoscope de la Culture, les Drapeaux du Futur ou d\u2019autres encore.<\/p>\n\n\n\n<p>Enfin, les connaissances acquises durant l\u2019ann\u00e9e de la Capitale europ\u00e9enne de la culture ne sont pas seulement rest\u00e9es \u00e0 Novi Sad, elles se sont r\u00e9pandues dans toute la r\u00e9gion des Balkans et dans le reste de l\u2019Europe de l\u2019Est. Je suis tr\u00e8s fier de l\u2019\u00e9quipe de jeunes gens cr\u00e9atifs et d\u00e9vou\u00e9s qui ont particip\u00e9 avec t\u00e9nacit\u00e9 \u00e0 ce p\u00e9riple exceptionnel.<\/p>\n\n\n\n<hr class=\"wp-block-separator has-alpha-channel-opacity\" \/>\n\n\n\n<div class=\"wp-block-columns are-vertically-aligned-center is-layout-flex wp-container-core-columns-is-layout-9d6595d7 wp-block-columns-is-layout-flex\">\n<div class=\"wp-block-column is-vertically-aligned-center is-layout-flow wp-block-column-is-layout-flow\" style=\"flex-basis:66.66%\">\n<figure class=\"wp-block-image size-large caption-out\"><img decoding=\"async\" src=\"https:\/\/urbanjournalism.institute\/forecast\/wp-content\/themes\/forecast\/dist\/assets\/images\/editorial\/page-36.jpg\" alt=\"\" \/><figcaption class=\"wp-element-caption\"><em>Emerik Feje\u0161, Novi Sad, 1960, tempera sur papier, 49,2 x 57 cm\u00a0<\/em><br><em>\u00a9 Ilija Gubi\u0107<\/em><\/figcaption><\/figure>\n<\/div>\n\n\n\n<div class=\"wp-block-column is-vertically-aligned-center is-layout-flow wp-block-column-is-layout-flow\" style=\"flex-basis:33.33%\">\n<h4 class=\"wp-block-heading\"><em>Emerik Feje\u0161&nbsp;<\/em><\/h4>\n\n\n\n<p class=\"font-serif\"><strong>(Osijek, 1904 &#8211; Novi Sad, 1969) <\/strong><\/p>\n\n\n\n<p>est consid\u00e9r\u00e9 comme l\u2019un des plus importants repr\u00e9sentants de l\u2019art na\u00eff de l\u2019ancienne Yougoslavie, et comme un des principaux peintres de paysages urbains. Il a travaill\u00e9 comme fabricant et vendeur de boutons puis comme vendeur dans des magasins d\u2019antiquit\u00e9s dans plusieurs villes de Yougoslavie. \u00c0 Novi Sad, suite \u00e0 une maladie, il abandonne son m\u00e9tier et en 1949, il commence \u00e0 peindre. Il peint des villes qu\u2019il n\u2019a, pour la plupart, visit\u00e9es qu\u2019\u00e0 travers des cartes postales et des photos dans les journaux. Organis\u00e9es dans le cadre du programme officiel de Novi Sad &#8211; Capitale europ\u00e9enne de la culture 2022, deux expositions ont expos\u00e9 l\u2019art de Feje\u0161. L\u2019une au Centre culturel de Novi Sad pr\u00e9sentant l\u2019art de Feje\u0161 \u00e0 partir de la collection du Mus\u00e9e d\u2019Art Na\u00eff et Marginal de Belgrade, et l\u2019autre \u00e0 l\u2019Office du tourisme de Novi Sad o\u00f9 l\u2019oeuvre de Feje\u0161 \u00e9tait pr\u00e9sent\u00e9e en parall\u00e8le avec un autre artiste autodidacte V\u0169 D\u00e2n T\u00e2n, originaire du Vietnam.<\/p>\n<\/div>\n<\/div>\n\n\n\n<div class=\"wp-block-columns are-vertically-aligned-center is-layout-flex wp-container-core-columns-is-layout-9d6595d7 wp-block-columns-is-layout-flex\">\n<div class=\"wp-block-column is-vertically-aligned-center is-layout-flow wp-block-column-is-layout-flow\" style=\"flex-basis:33.33%\">\n<h4 class=\"wp-block-heading\"><em>V\u0169 D\u00e2n T\u00e2n<\/em><\/h4>\n\n\n\n<p class=\"font-serif\"><strong><strong>(Hanoi, 1946-2009)<\/strong><\/strong><\/p>\n\n\n\n<p>est d\u00e9crit comme l\u2019un des premiers artistes contemporains et conceptualistes d\u2019Asie du Sud-Est. Feje\u0161 et V\u0169, peintres non conventionnels du 20e si\u00e8cle, autodidactes, ont tous deux pr\u00e9sent\u00e9 durant leur carri\u00e8re leur propre vision de l\u2019Europe. Feje\u0161 &#8211; qui n\u2019en a jamais fait l\u2019exp\u00e9rience du fait de sa pauvret\u00e9, et V\u0169 D\u00e2n T\u00e2n &#8211; un artiste voyageur qui, \u00e0 travers sa s\u00e9rie \u201cMoney\u201d, a d\u00e9fi\u00e9 les orthodoxies artistiques de l\u2019\u00e9poque par sa libert\u00e9 formelle et son originalit\u00e9 s\u00e9mantique. V\u0169 D\u00e2n T\u00e2n est une figure importante de l\u2019histoire de l\u2019art vietnamien, tant pour sa production artistique que pour son r\u00f4le de catalyseur de l\u2019art contemporain au Vietnam.&nbsp;<\/p>\n\n\n\n<p><\/p>\n<\/div>\n\n\n\n<div class=\"wp-block-column is-vertically-aligned-center is-layout-flow wp-block-column-is-layout-flow\" style=\"flex-basis:66.66%\">\n<figure class=\"wp-block-image size-large caption-out caption-right\"><img decoding=\"async\" src=\"https:\/\/urbanjournalism.institute\/forecast\/wp-content\/themes\/forecast\/dist\/assets\/images\/editorial\/page-37.jpg\" alt=\"\" \/><figcaption class=\"wp-element-caption\"><em style=\"font-style: italic\">V\u0169 D\u00e2n T\u00e2n<\/em><i>, <\/i><em style=\"font-style: italic\">s\u00e9rie Money.\u00a0<\/em><i><br><\/i><em style=\"font-style: italic\">Euros \u2013 Patria o muerte.<\/em><i><br><\/i><span><i>Entre<\/i><\/span><em><em> de Chine<\/em><\/em><span><span><i>, <\/i><\/span><\/span><i>stylo<\/i> corrector sur papier<span><i>, 21 x 29,5 cm,\u00a0<\/i><\/span><i><br><\/i><em style=\"font-style: italic\">1998-1999<\/em><i><br><\/i><em style=\"font-style: italic\">\u00a9 Foundation Vu Dan Tan<\/em><\/figcaption><\/figure>\n<\/div>\n<\/div>\n<\/div><\/div>\n","protected":false},"excerpt":{"rendered":"<p>Une ann\u00e9e historique pour Novi Sad Nemanja Milenkovi\u0107 Directeur de la Fondation Capitale europ\u00e9enne de la culture de Novi Sad\u00a0 Pour chaque ville qui devient Capitale europ\u00e9enne de la culture, sa mise en oeuvre rel\u00e8ve de l\u2019exploit. S\u2019agissant de Novi Sad, entre le COVID-19 et la situation dans laquelle se trouve l\u2019Europe depuis mars 2022, [&hellip;]<\/p>\n","protected":false},"author":1,"featured_media":0,"parent":31,"menu_order":60,"comment_status":"closed","ping_status":"closed","template":"","meta":{"footnotes":""},"class_list":["post-38","page","type-page","status-publish","hentry"],"yoast_head":"<!-- This site is optimized with the Yoast SEO plugin v27.0 - https:\/\/yoast.com\/product\/yoast-seo-wordpress\/ -->\n<title>Une ann\u00e9e historique pour Novi Sad - Municipal Forecast - Fran\u00e7ais<\/title>\n<meta name=\"robots\" content=\"index, follow, max-snippet:-1, max-image-preview:large, max-video-preview:-1\" \/>\n<link rel=\"canonical\" href=\"https:\/\/urbanjournalism.institute\/forecast-fr\/forecast-2023\/culture\/une-annee-historique-pour-novi-sad\/\" \/>\n<meta property=\"og:locale\" content=\"fr_FR\" \/>\n<meta property=\"og:type\" content=\"article\" \/>\n<meta property=\"og:title\" content=\"Une ann\u00e9e historique pour Novi Sad - Municipal Forecast - Fran\u00e7ais\" \/>\n<meta property=\"og:description\" content=\"Une ann\u00e9e historique pour Novi Sad Nemanja Milenkovi\u0107 Directeur de la Fondation Capitale europ\u00e9enne de la culture de Novi Sad\u00a0 Pour chaque ville qui devient Capitale europ\u00e9enne de la culture, sa mise en oeuvre rel\u00e8ve de l\u2019exploit. S\u2019agissant de Novi Sad, entre le COVID-19 et la situation dans laquelle se trouve l\u2019Europe depuis mars 2022, [&hellip;]\" \/>\n<meta property=\"og:url\" content=\"https:\/\/urbanjournalism.institute\/forecast-fr\/forecast-2023\/culture\/une-annee-historique-pour-novi-sad\/\" \/>\n<meta property=\"og:site_name\" content=\"Municipal Forecast - Fran\u00e7ais\" \/>\n<meta property=\"og:image\" content=\"https:\/\/urbanjournalism.institute\/forecast\/wp-content\/themes\/forecast\/dist\/assets\/images\/editorial\/page-35.jpg\" \/>\n<meta name=\"twitter:card\" content=\"summary_large_image\" \/>\n<meta name=\"twitter:label1\" content=\"Dur\u00e9e de lecture estim\u00e9e\" \/>\n\t<meta name=\"twitter:data1\" content=\"6 minutes\" \/>\n<script type=\"application\/ld+json\" class=\"yoast-schema-graph\">{\"@context\":\"https:\/\/schema.org\",\"@graph\":[{\"@type\":\"WebPage\",\"@id\":\"https:\/\/urbanjournalism.institute\/forecast-fr\/forecast-2023\/culture\/une-annee-historique-pour-novi-sad\/\",\"url\":\"https:\/\/urbanjournalism.institute\/forecast-fr\/forecast-2023\/culture\/une-annee-historique-pour-novi-sad\/\",\"name\":\"Une ann\u00e9e historique pour Novi Sad - Municipal Forecast - Fran\u00e7ais\",\"isPartOf\":{\"@id\":\"https:\/\/urbanjournalism.institute\/forecast-fr\/#website\"},\"primaryImageOfPage\":{\"@id\":\"https:\/\/urbanjournalism.institute\/forecast-fr\/forecast-2023\/culture\/une-annee-historique-pour-novi-sad\/#primaryimage\"},\"image\":{\"@id\":\"https:\/\/urbanjournalism.institute\/forecast-fr\/forecast-2023\/culture\/une-annee-historique-pour-novi-sad\/#primaryimage\"},\"thumbnailUrl\":\"https:\/\/urbanjournalism.institute\/forecast\/wp-content\/themes\/forecast\/dist\/assets\/images\/editorial\/page-35.jpg\",\"datePublished\":\"2023-02-20T07:41:00+00:00\",\"breadcrumb\":{\"@id\":\"https:\/\/urbanjournalism.institute\/forecast-fr\/forecast-2023\/culture\/une-annee-historique-pour-novi-sad\/#breadcrumb\"},\"inLanguage\":\"fr-FR\",\"potentialAction\":[{\"@type\":\"ReadAction\",\"target\":[\"https:\/\/urbanjournalism.institute\/forecast-fr\/forecast-2023\/culture\/une-annee-historique-pour-novi-sad\/\"]}]},{\"@type\":\"ImageObject\",\"inLanguage\":\"fr-FR\",\"@id\":\"https:\/\/urbanjournalism.institute\/forecast-fr\/forecast-2023\/culture\/une-annee-historique-pour-novi-sad\/#primaryimage\",\"url\":\"https:\/\/urbanjournalism.institute\/forecast\/wp-content\/themes\/forecast\/dist\/assets\/images\/editorial\/page-35.jpg\",\"contentUrl\":\"https:\/\/urbanjournalism.institute\/forecast\/wp-content\/themes\/forecast\/dist\/assets\/images\/editorial\/page-35.jpg\"},{\"@type\":\"BreadcrumbList\",\"@id\":\"https:\/\/urbanjournalism.institute\/forecast-fr\/forecast-2023\/culture\/une-annee-historique-pour-novi-sad\/#breadcrumb\",\"itemListElement\":[{\"@type\":\"ListItem\",\"position\":1,\"name\":\"Forecast 2023\",\"item\":\"https:\/\/urbanjournalism.institute\/forecast-fr\/forecast-2023\/\"},{\"@type\":\"ListItem\",\"position\":2,\"name\":\"Culture\",\"item\":\"https:\/\/urbanjournalism.institute\/forecast-fr\/forecast-2023\/culture\/\"},{\"@type\":\"ListItem\",\"position\":3,\"name\":\"Une ann\u00e9e historique pour Novi Sad\"}]},{\"@type\":\"WebSite\",\"@id\":\"https:\/\/urbanjournalism.institute\/forecast-fr\/#website\",\"url\":\"https:\/\/urbanjournalism.institute\/forecast-fr\/\",\"name\":\"Municipal Forecast - Fran\u00e7ais\",\"description\":\"\",\"potentialAction\":[{\"@type\":\"SearchAction\",\"target\":{\"@type\":\"EntryPoint\",\"urlTemplate\":\"https:\/\/urbanjournalism.institute\/forecast-fr\/?s={search_term_string}\"},\"query-input\":{\"@type\":\"PropertyValueSpecification\",\"valueRequired\":true,\"valueName\":\"search_term_string\"}}],\"inLanguage\":\"fr-FR\"}]}<\/script>\n<!-- \/ Yoast SEO plugin. -->","yoast_head_json":{"title":"Une ann\u00e9e historique pour Novi Sad - Municipal Forecast - Fran\u00e7ais","robots":{"index":"index","follow":"follow","max-snippet":"max-snippet:-1","max-image-preview":"max-image-preview:large","max-video-preview":"max-video-preview:-1"},"canonical":"https:\/\/urbanjournalism.institute\/forecast-fr\/forecast-2023\/culture\/une-annee-historique-pour-novi-sad\/","og_locale":"fr_FR","og_type":"article","og_title":"Une ann\u00e9e historique pour Novi Sad - Municipal Forecast - Fran\u00e7ais","og_description":"Une ann\u00e9e historique pour Novi Sad Nemanja Milenkovi\u0107 Directeur de la Fondation Capitale europ\u00e9enne de la culture de Novi Sad\u00a0 Pour chaque ville qui devient Capitale europ\u00e9enne de la culture, sa mise en oeuvre rel\u00e8ve de l\u2019exploit. S\u2019agissant de Novi Sad, entre le COVID-19 et la situation dans laquelle se trouve l\u2019Europe depuis mars 2022, [&hellip;]","og_url":"https:\/\/urbanjournalism.institute\/forecast-fr\/forecast-2023\/culture\/une-annee-historique-pour-novi-sad\/","og_site_name":"Municipal Forecast - Fran\u00e7ais","og_image":[{"url":"https:\/\/urbanjournalism.institute\/forecast\/wp-content\/themes\/forecast\/dist\/assets\/images\/editorial\/page-35.jpg","type":"","width":"","height":""}],"twitter_card":"summary_large_image","twitter_misc":{"Dur\u00e9e de lecture estim\u00e9e":"6 minutes"},"schema":{"@context":"https:\/\/schema.org","@graph":[{"@type":"WebPage","@id":"https:\/\/urbanjournalism.institute\/forecast-fr\/forecast-2023\/culture\/une-annee-historique-pour-novi-sad\/","url":"https:\/\/urbanjournalism.institute\/forecast-fr\/forecast-2023\/culture\/une-annee-historique-pour-novi-sad\/","name":"Une ann\u00e9e historique pour Novi Sad - Municipal Forecast - Fran\u00e7ais","isPartOf":{"@id":"https:\/\/urbanjournalism.institute\/forecast-fr\/#website"},"primaryImageOfPage":{"@id":"https:\/\/urbanjournalism.institute\/forecast-fr\/forecast-2023\/culture\/une-annee-historique-pour-novi-sad\/#primaryimage"},"image":{"@id":"https:\/\/urbanjournalism.institute\/forecast-fr\/forecast-2023\/culture\/une-annee-historique-pour-novi-sad\/#primaryimage"},"thumbnailUrl":"https:\/\/urbanjournalism.institute\/forecast\/wp-content\/themes\/forecast\/dist\/assets\/images\/editorial\/page-35.jpg","datePublished":"2023-02-20T07:41:00+00:00","breadcrumb":{"@id":"https:\/\/urbanjournalism.institute\/forecast-fr\/forecast-2023\/culture\/une-annee-historique-pour-novi-sad\/#breadcrumb"},"inLanguage":"fr-FR","potentialAction":[{"@type":"ReadAction","target":["https:\/\/urbanjournalism.institute\/forecast-fr\/forecast-2023\/culture\/une-annee-historique-pour-novi-sad\/"]}]},{"@type":"ImageObject","inLanguage":"fr-FR","@id":"https:\/\/urbanjournalism.institute\/forecast-fr\/forecast-2023\/culture\/une-annee-historique-pour-novi-sad\/#primaryimage","url":"https:\/\/urbanjournalism.institute\/forecast\/wp-content\/themes\/forecast\/dist\/assets\/images\/editorial\/page-35.jpg","contentUrl":"https:\/\/urbanjournalism.institute\/forecast\/wp-content\/themes\/forecast\/dist\/assets\/images\/editorial\/page-35.jpg"},{"@type":"BreadcrumbList","@id":"https:\/\/urbanjournalism.institute\/forecast-fr\/forecast-2023\/culture\/une-annee-historique-pour-novi-sad\/#breadcrumb","itemListElement":[{"@type":"ListItem","position":1,"name":"Forecast 2023","item":"https:\/\/urbanjournalism.institute\/forecast-fr\/forecast-2023\/"},{"@type":"ListItem","position":2,"name":"Culture","item":"https:\/\/urbanjournalism.institute\/forecast-fr\/forecast-2023\/culture\/"},{"@type":"ListItem","position":3,"name":"Une ann\u00e9e historique pour Novi Sad"}]},{"@type":"WebSite","@id":"https:\/\/urbanjournalism.institute\/forecast-fr\/#website","url":"https:\/\/urbanjournalism.institute\/forecast-fr\/","name":"Municipal Forecast - Fran\u00e7ais","description":"","potentialAction":[{"@type":"SearchAction","target":{"@type":"EntryPoint","urlTemplate":"https:\/\/urbanjournalism.institute\/forecast-fr\/?s={search_term_string}"},"query-input":{"@type":"PropertyValueSpecification","valueRequired":true,"valueName":"search_term_string"}}],"inLanguage":"fr-FR"}]}},"_links":{"self":[{"href":"https:\/\/urbanjournalism.institute\/forecast-fr\/wp-json\/wp\/v2\/pages\/38","targetHints":{"allow":["GET"]}}],"collection":[{"href":"https:\/\/urbanjournalism.institute\/forecast-fr\/wp-json\/wp\/v2\/pages"}],"about":[{"href":"https:\/\/urbanjournalism.institute\/forecast-fr\/wp-json\/wp\/v2\/types\/page"}],"author":[{"embeddable":true,"href":"https:\/\/urbanjournalism.institute\/forecast-fr\/wp-json\/wp\/v2\/users\/1"}],"replies":[{"embeddable":true,"href":"https:\/\/urbanjournalism.institute\/forecast-fr\/wp-json\/wp\/v2\/comments?post=38"}],"version-history":[{"count":0,"href":"https:\/\/urbanjournalism.institute\/forecast-fr\/wp-json\/wp\/v2\/pages\/38\/revisions"}],"up":[{"embeddable":true,"href":"https:\/\/urbanjournalism.institute\/forecast-fr\/wp-json\/wp\/v2\/pages\/31"}],"wp:attachment":[{"href":"https:\/\/urbanjournalism.institute\/forecast-fr\/wp-json\/wp\/v2\/media?parent=38"}],"curies":[{"name":"wp","href":"https:\/\/api.w.org\/{rel}","templated":true}]}}