{"id":39,"date":"2023-02-20T07:41:00","date_gmt":"2023-02-20T07:41:00","guid":{"rendered":"https:\/\/urbanjournalism.institute\/forecast\/fr\/forecast-2023\/culture\/copenhague-capitale-mondiale-de-larchitecture\/"},"modified":"2023-02-20T07:41:00","modified_gmt":"2023-02-20T07:41:00","slug":"copenhague-capitale-mondiale-de-larchitecture","status":"publish","type":"page","link":"https:\/\/urbanjournalism.institute\/forecast-fr\/forecast-2023\/culture\/copenhague-capitale-mondiale-de-larchitecture\/","title":{"rendered":"Capital M\u00f3ndale de l&rsquo;Architecture UNESCO-UIA pour 2023"},"content":{"rendered":"\n<div class=\"wp-block-group\"><div class=\"wp-block-group__inner-container is-layout-constrained wp-block-group-is-layout-constrained\">\n<div class=\"wp-block-columns is-layout-flex wp-container-core-columns-is-layout-9d6595d7 wp-block-columns-is-layout-flex\">\n<div class=\"wp-block-column is-layout-flow wp-block-column-is-layout-flow\" style=\"flex-basis:66.66%\">\n<figure class=\"wp-block-image size-large\"><img decoding=\"async\" src=\"https:\/\/urbanjournalism.institute\/forecast\/wp-content\/themes\/forecast\/dist\/assets\/images\/editorial\/page-38.jpg\" alt=\"\" \/><figcaption class=\"wp-element-caption\"><em>Capitale mondiale de l&rsquo;architecture de l&rsquo;UNESCO-UIA pour 2023<\/em><br><em>\u00a9 OliverFoerstner<\/em><\/figcaption><\/figure>\n<\/div>\n\n\n\n<div class=\"wp-block-column is-layout-flow wp-block-column-is-layout-flow\" style=\"flex-basis:33.33%\">\n<div style=\"height:61px\" aria-hidden=\"true\" class=\"wp-block-spacer\"><\/div>\n\n\n\n<h1 class=\"wp-block-heading\">Copenhague<\/h1>\n\n\n\n<h4 class=\"wp-block-heading\"><em>Capital M\u00f3ndale de l&rsquo;Architecture UNESCO-UIA pour 2023<\/em><\/h4>\n<\/div>\n<\/div>\n<\/div><\/div>\n\n\n\n<div class=\"wp-block-group narrow-group\"><div class=\"wp-block-group__inner-container is-layout-constrained wp-block-group-is-layout-constrained\">\n<div class=\"wp-block-columns is-layout-flex wp-container-core-columns-is-layout-9d6595d7 wp-block-columns-is-layout-flex\">\n<div class=\"wp-block-column is-layout-flow wp-block-column-is-layout-flow\">\n<p>La ville de Copenhague a \u00e9t\u00e9 officiellement d\u00e9sign\u00e9e Capitale mondiale de l\u2019architecture pour 2023 apr\u00e8s recommandation de l\u2019Assembl\u00e9e G\u00e9n\u00e9rale de l\u2019Union internationale des architectes (UIA). Cette d\u00e9cision s\u2019inscrit dans le prolongement de l\u2019accord partenarial \u00e9tabli entre l\u2019UNESCO et l\u2019UIA en 2018, par lequel l\u2019UNESCO d\u00e9signe les villes h\u00f4tes du Congr\u00e8s mondial de l\u2019UIA \u201cCapitales Mondiales de l\u2019Architecture\u201d.&nbsp;<\/p>\n\n\n\n<p>L\u2019UNESCO et l\u2019UIA ont lanc\u00e9 cette initiative pour mettre en lumi\u00e8re le r\u00f4le cl\u00e9 de l\u2019architecture, de l\u2019urbanisme et de la culture dans le fa\u00e7onnement de l\u2019identit\u00e9 urbaine et du d\u00e9veloppement durable des villes. Tous les trois ans, la ville d\u00e9sign\u00e9e devient un forum mondial \u00e0 la pointe des discussions sur l\u2019urbanisme et l\u2019architecture contemporains. Le titre de Capitale mondiale de l\u2019architecture est pass\u00e9 de Rio de Janeiro, premi\u00e8re Capitale mondiale de l\u2019architecture, \u00e0 Copenhague, soulignant ainsi le r\u00f4le consid\u00e9rable de l\u2019urbanisme, notamment dans le contexte de la pand\u00e9mie. La nouvelle capitale mondiale de l\u2019architecture poursuivra sa mission de d\u00e9monstration de la mani\u00e8re dont les villes, l\u2019architecture et la culture peuvent r\u00e9pondre aux d\u00e9fis de notre \u00e9poque, notamment en mati\u00e8re d\u2019environnement et de changement climatique.<\/p>\n\n\n\n<p>C\u2019est dans ce cadre que Copenhague accueillera une s\u00e9rie d\u2019\u00e9v\u00e9nements sur le th\u00e8me \u201cAvenirs durables &#8211; ne laisser personne derri\u00e8re\u201d. En coop\u00e9ration avec l\u2019association danoise des architectes et divers organismes professionnels nordiques, la municipalit\u00e9 examinera comment l\u2019am\u00e9nagement urbain et l\u2019architecture contribuent \u00e0 la r\u00e9alisation des 17 Objectifs de D\u00e9veloppement Durable des Nations Unies.&nbsp;Le programme de la Capitale Mondiale de l\u2019Architecture comprend des promenades et des tours \u00e0 v\u00e9lo, des visites des toits, de nombreuses expositions et tables rondes sur l\u2019urbanisme, l\u2019architecture et le design danois, ainsi que des expositions temporaires comme celle sur les r\u00e8gles de l\u2019habitat japonais.<\/p>\n\n\n\n<p>Pour le programme d\u00e9taill\u00e9 de la capitale mondiale de l\u2019architecture 2023, veuillez consulter le site web :<br> <a rel=\"noreferrer noopener\" href=\"http:\/\/arkitekturhovedstad.kk.dk\/program\" target=\"_blank\"><strong>arkitekturhovedstad.kk.dk\/program<\/strong><\/a><\/p>\n<\/div>\n\n\n\n<div class=\"wp-block-column is-layout-flow wp-block-column-is-layout-flow\">\n<p>Apr\u00e8s Copenhague en 2023, Barcelone et P\u00e9kin \u00e9taient les deux villes pr\u00e9tendantes au titre et \u00e0 l\u2019organisation du prochain congr\u00e8s mondial en 2026. La d\u00e9cision officielle a \u00e9t\u00e9 prise en faveur de Barcelone, qui accueillera donc le 29e congr\u00e8s mondial de l\u2019Union Internationale des Architectes.&nbsp;<\/p>\n\n\n\n<p>Barcelone a fond\u00e9 sa candidature sur le th\u00e8me \u201cUn aujourd\u2019hui, un demain\u201d. La candidature explore l\u2019approche barcelonaise de la durabilit\u00e9, de l\u2019avenir de l\u2019environnement b\u00e2ti, et de la r\u00e9invention des villes selon des principes \u00e9cologiques et sociaux.<\/p>\n\n\n\n<figure class=\"wp-block-image size-large caption-out\"><img decoding=\"async\" src=\"https:\/\/urbanjournalism.institute\/forecast\/wp-content\/themes\/forecast\/dist\/assets\/images\/editorial\/page-39.jpg\" alt=\"\" \/><figcaption class=\"wp-element-caption\"><em>Vie de la rue \u00e0 Copenhage. Des gens \u00e0 v\u00e9lo dans le centre ville.<\/em><br><em>\u00a9 perekotypole<\/em><\/figcaption><\/figure>\n<\/div>\n<\/div>\n<\/div><\/div>\n","protected":false},"excerpt":{"rendered":"<p>Copenhague Capital M\u00f3ndale de l&rsquo;Architecture UNESCO-UIA pour 2023 La ville de Copenhague a \u00e9t\u00e9 officiellement d\u00e9sign\u00e9e Capitale mondiale de l\u2019architecture pour 2023 apr\u00e8s recommandation de l\u2019Assembl\u00e9e G\u00e9n\u00e9rale de l\u2019Union internationale des architectes (UIA). Cette d\u00e9cision s\u2019inscrit dans le prolongement de l\u2019accord partenarial \u00e9tabli entre l\u2019UNESCO et l\u2019UIA en 2018, par lequel l\u2019UNESCO d\u00e9signe les villes [&hellip;]<\/p>\n","protected":false},"author":1,"featured_media":0,"parent":31,"menu_order":70,"comment_status":"closed","ping_status":"closed","template":"","meta":{"footnotes":""},"class_list":["post-39","page","type-page","status-publish","hentry"],"yoast_head":"<!-- This site is optimized with the Yoast SEO plugin v27.0 - https:\/\/yoast.com\/product\/yoast-seo-wordpress\/ -->\n<title>Capital M\u00f3ndale de l&#039;Architecture UNESCO-UIA pour 2023 - Municipal Forecast - Fran\u00e7ais<\/title>\n<meta name=\"robots\" content=\"index, follow, max-snippet:-1, max-image-preview:large, max-video-preview:-1\" \/>\n<link rel=\"canonical\" href=\"https:\/\/urbanjournalism.institute\/forecast-fr\/forecast-2023\/culture\/copenhague-capitale-mondiale-de-larchitecture\/\" \/>\n<meta property=\"og:locale\" content=\"fr_FR\" \/>\n<meta property=\"og:type\" content=\"article\" \/>\n<meta property=\"og:title\" content=\"Capital M\u00f3ndale de l&#039;Architecture UNESCO-UIA pour 2023 - Municipal Forecast - Fran\u00e7ais\" \/>\n<meta property=\"og:description\" content=\"Copenhague Capital M\u00f3ndale de l&rsquo;Architecture UNESCO-UIA pour 2023 La ville de Copenhague a \u00e9t\u00e9 officiellement d\u00e9sign\u00e9e Capitale mondiale de l\u2019architecture pour 2023 apr\u00e8s recommandation de l\u2019Assembl\u00e9e G\u00e9n\u00e9rale de l\u2019Union internationale des architectes (UIA). Cette d\u00e9cision s\u2019inscrit dans le prolongement de l\u2019accord partenarial \u00e9tabli entre l\u2019UNESCO et l\u2019UIA en 2018, par lequel l\u2019UNESCO d\u00e9signe les villes [&hellip;]\" \/>\n<meta property=\"og:url\" content=\"https:\/\/urbanjournalism.institute\/forecast-fr\/forecast-2023\/culture\/copenhague-capitale-mondiale-de-larchitecture\/\" \/>\n<meta property=\"og:site_name\" content=\"Municipal Forecast - Fran\u00e7ais\" \/>\n<meta property=\"og:image\" content=\"https:\/\/urbanjournalism.institute\/forecast\/wp-content\/themes\/forecast\/dist\/assets\/images\/editorial\/page-38.jpg\" \/>\n<meta name=\"twitter:card\" content=\"summary_large_image\" \/>\n<meta name=\"twitter:label1\" content=\"Dur\u00e9e de lecture estim\u00e9e\" \/>\n\t<meta name=\"twitter:data1\" content=\"2 minutes\" \/>\n<script type=\"application\/ld+json\" class=\"yoast-schema-graph\">{\"@context\":\"https:\/\/schema.org\",\"@graph\":[{\"@type\":\"WebPage\",\"@id\":\"https:\/\/urbanjournalism.institute\/forecast-fr\/forecast-2023\/culture\/copenhague-capitale-mondiale-de-larchitecture\/\",\"url\":\"https:\/\/urbanjournalism.institute\/forecast-fr\/forecast-2023\/culture\/copenhague-capitale-mondiale-de-larchitecture\/\",\"name\":\"Capital M\u00f3ndale de l'Architecture UNESCO-UIA pour 2023 - Municipal Forecast - Fran\u00e7ais\",\"isPartOf\":{\"@id\":\"https:\/\/urbanjournalism.institute\/forecast-fr\/#website\"},\"primaryImageOfPage\":{\"@id\":\"https:\/\/urbanjournalism.institute\/forecast-fr\/forecast-2023\/culture\/copenhague-capitale-mondiale-de-larchitecture\/#primaryimage\"},\"image\":{\"@id\":\"https:\/\/urbanjournalism.institute\/forecast-fr\/forecast-2023\/culture\/copenhague-capitale-mondiale-de-larchitecture\/#primaryimage\"},\"thumbnailUrl\":\"https:\/\/urbanjournalism.institute\/forecast\/wp-content\/themes\/forecast\/dist\/assets\/images\/editorial\/page-38.jpg\",\"datePublished\":\"2023-02-20T07:41:00+00:00\",\"breadcrumb\":{\"@id\":\"https:\/\/urbanjournalism.institute\/forecast-fr\/forecast-2023\/culture\/copenhague-capitale-mondiale-de-larchitecture\/#breadcrumb\"},\"inLanguage\":\"fr-FR\",\"potentialAction\":[{\"@type\":\"ReadAction\",\"target\":[\"https:\/\/urbanjournalism.institute\/forecast-fr\/forecast-2023\/culture\/copenhague-capitale-mondiale-de-larchitecture\/\"]}]},{\"@type\":\"ImageObject\",\"inLanguage\":\"fr-FR\",\"@id\":\"https:\/\/urbanjournalism.institute\/forecast-fr\/forecast-2023\/culture\/copenhague-capitale-mondiale-de-larchitecture\/#primaryimage\",\"url\":\"https:\/\/urbanjournalism.institute\/forecast\/wp-content\/themes\/forecast\/dist\/assets\/images\/editorial\/page-38.jpg\",\"contentUrl\":\"https:\/\/urbanjournalism.institute\/forecast\/wp-content\/themes\/forecast\/dist\/assets\/images\/editorial\/page-38.jpg\"},{\"@type\":\"BreadcrumbList\",\"@id\":\"https:\/\/urbanjournalism.institute\/forecast-fr\/forecast-2023\/culture\/copenhague-capitale-mondiale-de-larchitecture\/#breadcrumb\",\"itemListElement\":[{\"@type\":\"ListItem\",\"position\":1,\"name\":\"Forecast 2023\",\"item\":\"https:\/\/urbanjournalism.institute\/forecast-fr\/forecast-2023\/\"},{\"@type\":\"ListItem\",\"position\":2,\"name\":\"Culture\",\"item\":\"https:\/\/urbanjournalism.institute\/forecast-fr\/forecast-2023\/culture\/\"},{\"@type\":\"ListItem\",\"position\":3,\"name\":\"Capital M\u00f3ndale de l&rsquo;Architecture UNESCO-UIA pour 2023\"}]},{\"@type\":\"WebSite\",\"@id\":\"https:\/\/urbanjournalism.institute\/forecast-fr\/#website\",\"url\":\"https:\/\/urbanjournalism.institute\/forecast-fr\/\",\"name\":\"Municipal Forecast - Fran\u00e7ais\",\"description\":\"\",\"potentialAction\":[{\"@type\":\"SearchAction\",\"target\":{\"@type\":\"EntryPoint\",\"urlTemplate\":\"https:\/\/urbanjournalism.institute\/forecast-fr\/?s={search_term_string}\"},\"query-input\":{\"@type\":\"PropertyValueSpecification\",\"valueRequired\":true,\"valueName\":\"search_term_string\"}}],\"inLanguage\":\"fr-FR\"}]}<\/script>\n<!-- \/ Yoast SEO plugin. -->","yoast_head_json":{"title":"Capital M\u00f3ndale de l'Architecture UNESCO-UIA pour 2023 - Municipal Forecast - Fran\u00e7ais","robots":{"index":"index","follow":"follow","max-snippet":"max-snippet:-1","max-image-preview":"max-image-preview:large","max-video-preview":"max-video-preview:-1"},"canonical":"https:\/\/urbanjournalism.institute\/forecast-fr\/forecast-2023\/culture\/copenhague-capitale-mondiale-de-larchitecture\/","og_locale":"fr_FR","og_type":"article","og_title":"Capital M\u00f3ndale de l'Architecture UNESCO-UIA pour 2023 - Municipal Forecast - Fran\u00e7ais","og_description":"Copenhague Capital M\u00f3ndale de l&rsquo;Architecture UNESCO-UIA pour 2023 La ville de Copenhague a \u00e9t\u00e9 officiellement d\u00e9sign\u00e9e Capitale mondiale de l\u2019architecture pour 2023 apr\u00e8s recommandation de l\u2019Assembl\u00e9e G\u00e9n\u00e9rale de l\u2019Union internationale des architectes (UIA). Cette d\u00e9cision s\u2019inscrit dans le prolongement de l\u2019accord partenarial \u00e9tabli entre l\u2019UNESCO et l\u2019UIA en 2018, par lequel l\u2019UNESCO d\u00e9signe les villes [&hellip;]","og_url":"https:\/\/urbanjournalism.institute\/forecast-fr\/forecast-2023\/culture\/copenhague-capitale-mondiale-de-larchitecture\/","og_site_name":"Municipal Forecast - Fran\u00e7ais","og_image":[{"url":"https:\/\/urbanjournalism.institute\/forecast\/wp-content\/themes\/forecast\/dist\/assets\/images\/editorial\/page-38.jpg","type":"","width":"","height":""}],"twitter_card":"summary_large_image","twitter_misc":{"Dur\u00e9e de lecture estim\u00e9e":"2 minutes"},"schema":{"@context":"https:\/\/schema.org","@graph":[{"@type":"WebPage","@id":"https:\/\/urbanjournalism.institute\/forecast-fr\/forecast-2023\/culture\/copenhague-capitale-mondiale-de-larchitecture\/","url":"https:\/\/urbanjournalism.institute\/forecast-fr\/forecast-2023\/culture\/copenhague-capitale-mondiale-de-larchitecture\/","name":"Capital M\u00f3ndale de l'Architecture UNESCO-UIA pour 2023 - Municipal Forecast - Fran\u00e7ais","isPartOf":{"@id":"https:\/\/urbanjournalism.institute\/forecast-fr\/#website"},"primaryImageOfPage":{"@id":"https:\/\/urbanjournalism.institute\/forecast-fr\/forecast-2023\/culture\/copenhague-capitale-mondiale-de-larchitecture\/#primaryimage"},"image":{"@id":"https:\/\/urbanjournalism.institute\/forecast-fr\/forecast-2023\/culture\/copenhague-capitale-mondiale-de-larchitecture\/#primaryimage"},"thumbnailUrl":"https:\/\/urbanjournalism.institute\/forecast\/wp-content\/themes\/forecast\/dist\/assets\/images\/editorial\/page-38.jpg","datePublished":"2023-02-20T07:41:00+00:00","breadcrumb":{"@id":"https:\/\/urbanjournalism.institute\/forecast-fr\/forecast-2023\/culture\/copenhague-capitale-mondiale-de-larchitecture\/#breadcrumb"},"inLanguage":"fr-FR","potentialAction":[{"@type":"ReadAction","target":["https:\/\/urbanjournalism.institute\/forecast-fr\/forecast-2023\/culture\/copenhague-capitale-mondiale-de-larchitecture\/"]}]},{"@type":"ImageObject","inLanguage":"fr-FR","@id":"https:\/\/urbanjournalism.institute\/forecast-fr\/forecast-2023\/culture\/copenhague-capitale-mondiale-de-larchitecture\/#primaryimage","url":"https:\/\/urbanjournalism.institute\/forecast\/wp-content\/themes\/forecast\/dist\/assets\/images\/editorial\/page-38.jpg","contentUrl":"https:\/\/urbanjournalism.institute\/forecast\/wp-content\/themes\/forecast\/dist\/assets\/images\/editorial\/page-38.jpg"},{"@type":"BreadcrumbList","@id":"https:\/\/urbanjournalism.institute\/forecast-fr\/forecast-2023\/culture\/copenhague-capitale-mondiale-de-larchitecture\/#breadcrumb","itemListElement":[{"@type":"ListItem","position":1,"name":"Forecast 2023","item":"https:\/\/urbanjournalism.institute\/forecast-fr\/forecast-2023\/"},{"@type":"ListItem","position":2,"name":"Culture","item":"https:\/\/urbanjournalism.institute\/forecast-fr\/forecast-2023\/culture\/"},{"@type":"ListItem","position":3,"name":"Capital M\u00f3ndale de l&rsquo;Architecture UNESCO-UIA pour 2023"}]},{"@type":"WebSite","@id":"https:\/\/urbanjournalism.institute\/forecast-fr\/#website","url":"https:\/\/urbanjournalism.institute\/forecast-fr\/","name":"Municipal Forecast - Fran\u00e7ais","description":"","potentialAction":[{"@type":"SearchAction","target":{"@type":"EntryPoint","urlTemplate":"https:\/\/urbanjournalism.institute\/forecast-fr\/?s={search_term_string}"},"query-input":{"@type":"PropertyValueSpecification","valueRequired":true,"valueName":"search_term_string"}}],"inLanguage":"fr-FR"}]}},"_links":{"self":[{"href":"https:\/\/urbanjournalism.institute\/forecast-fr\/wp-json\/wp\/v2\/pages\/39","targetHints":{"allow":["GET"]}}],"collection":[{"href":"https:\/\/urbanjournalism.institute\/forecast-fr\/wp-json\/wp\/v2\/pages"}],"about":[{"href":"https:\/\/urbanjournalism.institute\/forecast-fr\/wp-json\/wp\/v2\/types\/page"}],"author":[{"embeddable":true,"href":"https:\/\/urbanjournalism.institute\/forecast-fr\/wp-json\/wp\/v2\/users\/1"}],"replies":[{"embeddable":true,"href":"https:\/\/urbanjournalism.institute\/forecast-fr\/wp-json\/wp\/v2\/comments?post=39"}],"version-history":[{"count":0,"href":"https:\/\/urbanjournalism.institute\/forecast-fr\/wp-json\/wp\/v2\/pages\/39\/revisions"}],"up":[{"embeddable":true,"href":"https:\/\/urbanjournalism.institute\/forecast-fr\/wp-json\/wp\/v2\/pages\/31"}],"wp:attachment":[{"href":"https:\/\/urbanjournalism.institute\/forecast-fr\/wp-json\/wp\/v2\/media?parent=39"}],"curies":[{"name":"wp","href":"https:\/\/api.w.org\/{rel}","templated":true}]}}