{"id":40,"date":"2023-02-20T07:41:00","date_gmt":"2023-02-20T07:41:00","guid":{"rendered":"https:\/\/urbanjournalism.institute\/forecast\/fr\/forecast-2023\/culture\/lukraine-presente-la-candidature-dodessa-pour-lexposition-universelle-2030\/"},"modified":"2023-02-20T07:41:00","modified_gmt":"2023-02-20T07:41:00","slug":"lukraine-presente-la-candidature-dodessa-pour-lexposition-universelle-2030","status":"publish","type":"page","link":"https:\/\/urbanjournalism.institute\/forecast-fr\/forecast-2023\/culture\/lukraine-presente-la-candidature-dodessa-pour-lexposition-universelle-2030\/","title":{"rendered":"L&rsquo;Ukraine pr\u00e9sente la candidature d&rsquo;Odesa pour l&rsquo;Exposition universelle 2030"},"content":{"rendered":"\n<div class=\"wp-block-group narrow-group\"><div class=\"wp-block-group__inner-container is-layout-constrained wp-block-group-is-layout-constrained\">\n<div class=\"wp-block-columns is-layout-flex wp-container-core-columns-is-layout-9d6595d7 wp-block-columns-is-layout-flex\">\n<div class=\"wp-block-column is-layout-flow wp-block-column-is-layout-flow\" style=\"flex-basis:66.66%\">\n<h1 class=\"wp-block-heading\">L&rsquo;Ukraine pr\u00e9sente la candidature d&rsquo;Odesa pour l&rsquo;Exposition universelle 2030<\/h1>\n\n\n\n<h4 class=\"wp-block-heading\"><em>Le 25 janvier 2023, le centre historique de la ville portuaire d\u2019Odesa fut inscrit sur la Liste du Patrimoine Mondial de l\u2019UNESCO et sur la Liste du Patrimoine Mondial en P\u00e9ril. Cette d\u00e9cision consacre la valeur universelle exceptionnelle du site et le devoir de l\u2019humanit\u00e9 tout enti\u00e8re envers sa protection. La proposition de candidature \u00e0 l\u2019accueil de l\u2019Exposition Universelle 2030 est centr\u00e9e autour d\u2019une utilisation syst\u00e9matis\u00e9e de mat\u00e9riaux recycl\u00e9s provenant de structures endommag\u00e9es ou d\u00e9molies dans tout le sud de l\u2019Ukraine.<\/em><\/h4>\n<\/div>\n\n\n\n<div class=\"wp-block-column is-layout-flow wp-block-column-is-layout-flow\" style=\"flex-basis:33.33%\"><\/div>\n<\/div>\n<\/div><\/div>\n\n\n\n<div class=\"wp-block-group narrow-group\"><div class=\"wp-block-group__inner-container is-layout-constrained wp-block-group-is-layout-constrained\">\n<div class=\"wp-block-columns is-layout-flex wp-container-core-columns-is-layout-9d6595d7 wp-block-columns-is-layout-flex\">\n<div class=\"wp-block-column is-layout-flow wp-block-column-is-layout-flow\">\n<p>La candidature de l\u2019Ukraine \u00e0 l\u2019accueil de l\u2019Exposition Universelle 2030 dans la ville d\u2019Odesa a \u00e9t\u00e9 soumise au Bureau International des Expositions (BIE) en octobre 2021. Quelques mois plus tard, le 24 f\u00e9vrier 2022, la Russie envahissait l\u2019Ukraine. Loin de renoncer \u00e0 sa candidature, le Gouvernement Ukrainien cr\u00e9a un comit\u00e9 de coordination dirig\u00e9 par le Premier Vice-Premier Ministre et Ministre de l\u2019Economie.<\/p>\n\n\n\n<p>En novembre 2022, une d\u00e9l\u00e9gation de la ville d\u2019Odesa pr\u00e9sentait la candidature aux membres du BIE \u00e0 Paris. Trois autres villes sont actuellement en comp\u00e9tition pour l\u2019accueillir : Busan en la R\u00e9publique de Cor\u00e9e, Rome en l\u2019Italie, et Riyad en l\u2019Arabie saoudite. Les candidatures sont toujours en phase d\u2019examen. Le BIE organisera entre janvier et mars 2023 des enqu\u00eates dans chacun des pays candidats afin d\u2019\u00e9valuer la faisabilit\u00e9 et la viabilit\u00e9 des projets. Le pays h\u00f4te de l\u2019Expo Universelle 2030 sera ensuite d\u00e9sign\u00e9 par les \u00c9tats membres du BIE, r\u00e9unis en assembl\u00e9e g\u00e9n\u00e9rale en novembre 2023, selon le principe \u201cun pays, une voix\u201d.<\/p>\n\n\n\n<p>Le th\u00e8me propos\u00e9 pour Odesa est \u201cRenaissance. Technologie. Avenir\u201d, avec pour ambition d\u2019interroger la relation entre l\u2019homme et la technologie \u00e0 un horizon proche.<\/p>\n<\/div>\n\n\n\n<div class=\"wp-block-column is-layout-flow wp-block-column-is-layout-flow\">\n<p>Le cabinet de renomm\u00e9e mondiale, Zaha Hadid Architects, s\u2019est associ\u00e9 au cabinet JK Lab Architects d\u2019Odesa pour r\u00e9aliser le plan directeur de la zone de l\u2019Expo. Avec l\u2019espoir d\u2019une fin proche de la guerre, le d\u00e9veloppement futur de l\u2019Ukraine permettra une transformation fondamentale de l\u2019\u00e9conomie du pays vers l\u2019efficacit\u00e9 \u00e9nerg\u00e9tique et les technologies \u00e0 faible \u00e9mission de carbone. Le projet de Zaha Hadid Architects est de prolonger l\u2019utilisation des installations apr\u00e8s la fermeture de l\u2019exposition, un d\u00e9fi que toutes les grands \u00e9v\u00e8nements publics du monde entier d\u00e9fendent aujourd\u2019hui ; cr\u00e9er \u00e0 l\u2019avenir des expositions o\u00f9 plus rien n\u2019est gaspill\u00e9.<\/p>\n\n\n\n<p>L\u2019EXPO 2030 d\u2019Odesa limitera l\u2019utilisation du b\u00e9ton par une utilisation privil\u00e9gi\u00e9e de mat\u00e9riaux recycl\u00e9s issus des structures endommag\u00e9es dans le secteur sud de l\u2019Ukraine. Les \u00e9nergies renouvelables seront int\u00e9gr\u00e9es \u00e0 la conception des pavillons, notamment par l\u2019installation de panneaux photovolta\u00efques sur tous les toits, tandis que les turbines \u00e9oliennes connect\u00e9es au micro-r\u00e9seau de l\u2019EXPO 2030 contribueront \u00e0 la cr\u00e9ation d\u2019un site non seulement auto-suffisant \u00e9nerg\u00e9tiquement, mais qui fournira aussi de l\u2019\u00e9nergie renouvelable aux quartiers voisins.<\/p>\n\n\n\n<p>La proposition de Plan Directeur de l\u2019Expo 2030 d\u2019Odesa est disponible \u00e0 l\u2019adresse suivante : <a rel=\"noreferrer noopener\" href=\"https:\/\/bit.ly\/odesa2030bid\" target=\"_blank\"><strong>https:\/\/bit.ly\/odesa2030bid<\/strong><\/a><\/p>\n<\/div>\n<\/div>\n<\/div><\/div>\n","protected":false},"excerpt":{"rendered":"<p>L&rsquo;Ukraine pr\u00e9sente la candidature d&rsquo;Odesa pour l&rsquo;Exposition universelle 2030 Le 25 janvier 2023, le centre historique de la ville portuaire d\u2019Odesa fut inscrit sur la Liste du Patrimoine Mondial de l\u2019UNESCO et sur la Liste du Patrimoine Mondial en P\u00e9ril. Cette d\u00e9cision consacre la valeur universelle exceptionnelle du site et le devoir de l\u2019humanit\u00e9 tout [&hellip;]<\/p>\n","protected":false},"author":1,"featured_media":0,"parent":31,"menu_order":80,"comment_status":"closed","ping_status":"closed","template":"","meta":{"footnotes":""},"class_list":["post-40","page","type-page","status-publish","hentry"],"yoast_head":"<!-- This site is optimized with the Yoast SEO plugin v27.0 - https:\/\/yoast.com\/product\/yoast-seo-wordpress\/ -->\n<title>L&#039;Ukraine pr\u00e9sente la candidature d&#039;Odesa pour l&#039;Exposition universelle 2030 - Municipal Forecast - Fran\u00e7ais<\/title>\n<meta name=\"robots\" content=\"index, follow, max-snippet:-1, max-image-preview:large, max-video-preview:-1\" \/>\n<link rel=\"canonical\" href=\"https:\/\/urbanjournalism.institute\/forecast-fr\/forecast-2023\/culture\/lukraine-presente-la-candidature-dodessa-pour-lexposition-universelle-2030\/\" \/>\n<meta property=\"og:locale\" content=\"fr_FR\" \/>\n<meta property=\"og:type\" content=\"article\" \/>\n<meta property=\"og:title\" content=\"L&#039;Ukraine pr\u00e9sente la candidature d&#039;Odesa pour l&#039;Exposition universelle 2030 - Municipal Forecast - Fran\u00e7ais\" \/>\n<meta property=\"og:description\" content=\"L&rsquo;Ukraine pr\u00e9sente la candidature d&rsquo;Odesa pour l&rsquo;Exposition universelle 2030 Le 25 janvier 2023, le centre historique de la ville portuaire d\u2019Odesa fut inscrit sur la Liste du Patrimoine Mondial de l\u2019UNESCO et sur la Liste du Patrimoine Mondial en P\u00e9ril. Cette d\u00e9cision consacre la valeur universelle exceptionnelle du site et le devoir de l\u2019humanit\u00e9 tout [&hellip;]\" \/>\n<meta property=\"og:url\" content=\"https:\/\/urbanjournalism.institute\/forecast-fr\/forecast-2023\/culture\/lukraine-presente-la-candidature-dodessa-pour-lexposition-universelle-2030\/\" \/>\n<meta property=\"og:site_name\" content=\"Municipal Forecast - Fran\u00e7ais\" \/>\n<meta name=\"twitter:card\" content=\"summary_large_image\" \/>\n<meta name=\"twitter:label1\" content=\"Dur\u00e9e de lecture estim\u00e9e\" \/>\n\t<meta name=\"twitter:data1\" content=\"3 minutes\" \/>\n<script type=\"application\/ld+json\" class=\"yoast-schema-graph\">{\"@context\":\"https:\/\/schema.org\",\"@graph\":[{\"@type\":\"WebPage\",\"@id\":\"https:\/\/urbanjournalism.institute\/forecast-fr\/forecast-2023\/culture\/lukraine-presente-la-candidature-dodessa-pour-lexposition-universelle-2030\/\",\"url\":\"https:\/\/urbanjournalism.institute\/forecast-fr\/forecast-2023\/culture\/lukraine-presente-la-candidature-dodessa-pour-lexposition-universelle-2030\/\",\"name\":\"L'Ukraine pr\u00e9sente la candidature d'Odesa pour l'Exposition universelle 2030 - Municipal Forecast - Fran\u00e7ais\",\"isPartOf\":{\"@id\":\"https:\/\/urbanjournalism.institute\/forecast-fr\/#website\"},\"datePublished\":\"2023-02-20T07:41:00+00:00\",\"breadcrumb\":{\"@id\":\"https:\/\/urbanjournalism.institute\/forecast-fr\/forecast-2023\/culture\/lukraine-presente-la-candidature-dodessa-pour-lexposition-universelle-2030\/#breadcrumb\"},\"inLanguage\":\"fr-FR\",\"potentialAction\":[{\"@type\":\"ReadAction\",\"target\":[\"https:\/\/urbanjournalism.institute\/forecast-fr\/forecast-2023\/culture\/lukraine-presente-la-candidature-dodessa-pour-lexposition-universelle-2030\/\"]}]},{\"@type\":\"BreadcrumbList\",\"@id\":\"https:\/\/urbanjournalism.institute\/forecast-fr\/forecast-2023\/culture\/lukraine-presente-la-candidature-dodessa-pour-lexposition-universelle-2030\/#breadcrumb\",\"itemListElement\":[{\"@type\":\"ListItem\",\"position\":1,\"name\":\"Forecast 2023\",\"item\":\"https:\/\/urbanjournalism.institute\/forecast-fr\/forecast-2023\/\"},{\"@type\":\"ListItem\",\"position\":2,\"name\":\"Culture\",\"item\":\"https:\/\/urbanjournalism.institute\/forecast-fr\/forecast-2023\/culture\/\"},{\"@type\":\"ListItem\",\"position\":3,\"name\":\"L&rsquo;Ukraine pr\u00e9sente la candidature d&rsquo;Odesa pour l&rsquo;Exposition universelle 2030\"}]},{\"@type\":\"WebSite\",\"@id\":\"https:\/\/urbanjournalism.institute\/forecast-fr\/#website\",\"url\":\"https:\/\/urbanjournalism.institute\/forecast-fr\/\",\"name\":\"Municipal Forecast - Fran\u00e7ais\",\"description\":\"\",\"potentialAction\":[{\"@type\":\"SearchAction\",\"target\":{\"@type\":\"EntryPoint\",\"urlTemplate\":\"https:\/\/urbanjournalism.institute\/forecast-fr\/?s={search_term_string}\"},\"query-input\":{\"@type\":\"PropertyValueSpecification\",\"valueRequired\":true,\"valueName\":\"search_term_string\"}}],\"inLanguage\":\"fr-FR\"}]}<\/script>\n<!-- \/ Yoast SEO plugin. -->","yoast_head_json":{"title":"L'Ukraine pr\u00e9sente la candidature d'Odesa pour l'Exposition universelle 2030 - Municipal Forecast - Fran\u00e7ais","robots":{"index":"index","follow":"follow","max-snippet":"max-snippet:-1","max-image-preview":"max-image-preview:large","max-video-preview":"max-video-preview:-1"},"canonical":"https:\/\/urbanjournalism.institute\/forecast-fr\/forecast-2023\/culture\/lukraine-presente-la-candidature-dodessa-pour-lexposition-universelle-2030\/","og_locale":"fr_FR","og_type":"article","og_title":"L'Ukraine pr\u00e9sente la candidature d'Odesa pour l'Exposition universelle 2030 - Municipal Forecast - Fran\u00e7ais","og_description":"L&rsquo;Ukraine pr\u00e9sente la candidature d&rsquo;Odesa pour l&rsquo;Exposition universelle 2030 Le 25 janvier 2023, le centre historique de la ville portuaire d\u2019Odesa fut inscrit sur la Liste du Patrimoine Mondial de l\u2019UNESCO et sur la Liste du Patrimoine Mondial en P\u00e9ril. Cette d\u00e9cision consacre la valeur universelle exceptionnelle du site et le devoir de l\u2019humanit\u00e9 tout [&hellip;]","og_url":"https:\/\/urbanjournalism.institute\/forecast-fr\/forecast-2023\/culture\/lukraine-presente-la-candidature-dodessa-pour-lexposition-universelle-2030\/","og_site_name":"Municipal Forecast - Fran\u00e7ais","twitter_card":"summary_large_image","twitter_misc":{"Dur\u00e9e de lecture estim\u00e9e":"3 minutes"},"schema":{"@context":"https:\/\/schema.org","@graph":[{"@type":"WebPage","@id":"https:\/\/urbanjournalism.institute\/forecast-fr\/forecast-2023\/culture\/lukraine-presente-la-candidature-dodessa-pour-lexposition-universelle-2030\/","url":"https:\/\/urbanjournalism.institute\/forecast-fr\/forecast-2023\/culture\/lukraine-presente-la-candidature-dodessa-pour-lexposition-universelle-2030\/","name":"L'Ukraine pr\u00e9sente la candidature d'Odesa pour l'Exposition universelle 2030 - Municipal Forecast - Fran\u00e7ais","isPartOf":{"@id":"https:\/\/urbanjournalism.institute\/forecast-fr\/#website"},"datePublished":"2023-02-20T07:41:00+00:00","breadcrumb":{"@id":"https:\/\/urbanjournalism.institute\/forecast-fr\/forecast-2023\/culture\/lukraine-presente-la-candidature-dodessa-pour-lexposition-universelle-2030\/#breadcrumb"},"inLanguage":"fr-FR","potentialAction":[{"@type":"ReadAction","target":["https:\/\/urbanjournalism.institute\/forecast-fr\/forecast-2023\/culture\/lukraine-presente-la-candidature-dodessa-pour-lexposition-universelle-2030\/"]}]},{"@type":"BreadcrumbList","@id":"https:\/\/urbanjournalism.institute\/forecast-fr\/forecast-2023\/culture\/lukraine-presente-la-candidature-dodessa-pour-lexposition-universelle-2030\/#breadcrumb","itemListElement":[{"@type":"ListItem","position":1,"name":"Forecast 2023","item":"https:\/\/urbanjournalism.institute\/forecast-fr\/forecast-2023\/"},{"@type":"ListItem","position":2,"name":"Culture","item":"https:\/\/urbanjournalism.institute\/forecast-fr\/forecast-2023\/culture\/"},{"@type":"ListItem","position":3,"name":"L&rsquo;Ukraine pr\u00e9sente la candidature d&rsquo;Odesa pour l&rsquo;Exposition universelle 2030"}]},{"@type":"WebSite","@id":"https:\/\/urbanjournalism.institute\/forecast-fr\/#website","url":"https:\/\/urbanjournalism.institute\/forecast-fr\/","name":"Municipal Forecast - Fran\u00e7ais","description":"","potentialAction":[{"@type":"SearchAction","target":{"@type":"EntryPoint","urlTemplate":"https:\/\/urbanjournalism.institute\/forecast-fr\/?s={search_term_string}"},"query-input":{"@type":"PropertyValueSpecification","valueRequired":true,"valueName":"search_term_string"}}],"inLanguage":"fr-FR"}]}},"_links":{"self":[{"href":"https:\/\/urbanjournalism.institute\/forecast-fr\/wp-json\/wp\/v2\/pages\/40","targetHints":{"allow":["GET"]}}],"collection":[{"href":"https:\/\/urbanjournalism.institute\/forecast-fr\/wp-json\/wp\/v2\/pages"}],"about":[{"href":"https:\/\/urbanjournalism.institute\/forecast-fr\/wp-json\/wp\/v2\/types\/page"}],"author":[{"embeddable":true,"href":"https:\/\/urbanjournalism.institute\/forecast-fr\/wp-json\/wp\/v2\/users\/1"}],"replies":[{"embeddable":true,"href":"https:\/\/urbanjournalism.institute\/forecast-fr\/wp-json\/wp\/v2\/comments?post=40"}],"version-history":[{"count":0,"href":"https:\/\/urbanjournalism.institute\/forecast-fr\/wp-json\/wp\/v2\/pages\/40\/revisions"}],"up":[{"embeddable":true,"href":"https:\/\/urbanjournalism.institute\/forecast-fr\/wp-json\/wp\/v2\/pages\/31"}],"wp:attachment":[{"href":"https:\/\/urbanjournalism.institute\/forecast-fr\/wp-json\/wp\/v2\/media?parent=40"}],"curies":[{"name":"wp","href":"https:\/\/api.w.org\/{rel}","templated":true}]}}