{"id":44,"date":"2024-02-18T09:31:27","date_gmt":"2024-02-18T09:31:27","guid":{"rendered":"https:\/\/urbanjournalism.institute\/forecast-fr\/forecast-2024\/cities-in-2024\/"},"modified":"2024-02-18T14:25:05","modified_gmt":"2024-02-18T14:25:05","slug":"cities-in-2024","status":"publish","type":"page","link":"https:\/\/urbanjournalism.institute\/forecast-fr\/forecast-2024\/cities-in-2024\/","title":{"rendered":"Les Villes en 2024"},"content":{"rendered":"\n<div class=\"wp-block-group pt-0 narrow-group\"><div class=\"wp-block-group__inner-container is-layout-constrained wp-block-group-is-layout-constrained\">\n<div class=\"wp-block-group\"><div class=\"wp-block-group__inner-container is-layout-constrained wp-block-group-is-layout-constrained\">\n<pre class=\"wp-block-preformatted has-text-align-center\">Editorial<\/pre>\n\n\n\n<h1 class=\"wp-block-heading has-text-align-center\">Les Villes en 2024<\/h1>\n\n\n\n<div style=\"height:20px\" aria-hidden=\"true\" class=\"wp-block-spacer\"><\/div>\n\n\n\n<div class=\"wp-block-columns is-layout-flex wp-container-core-columns-is-layout-9d6595d7 wp-block-columns-is-layout-flex\">\n<div class=\"wp-block-column is-layout-flow wp-block-column-is-layout-flow\">\n<p><strong>L\u2019IA, l\u2019abr\u00e9viation pour l\u2019intelligenceartificielle<\/strong>, est le mot phare de l\u2019ann\u00e9e2023, selon le Dictionnaire Collins. LeDictionnaire d\u2019Oxford accorde l\u2019honneur \u00e0 \u00ab<strong><em>rizz<\/em><\/strong>,\u00bb un argot internet signifiant le style, le charme, ou l\u2019attractivit\u00e9, la capacit\u00e9d\u2019attirer un partenaire romantique ousexuel. En revanche, Merriam-Webstermet en avant \u00ab<strong><em>authentique<\/em><\/strong>\u00bb, soulignantles valeurs fondamentales de l\u2019authenticit\u00e9 et de la sinc\u00e9rit\u00e9. Parmi les pr\u00e9tendants, \u00ab<em>rizz<\/em>\u00bb refait surface aux c\u00f4t\u00e9sde la figure mena\u00e7ante de \u00ab<em>deepfake<\/em>,\u00bbincarnant la <strong>manipulation sinistre del\u2019imagerie num\u00e9rique pour tromper etd\u00e9former la r\u00e9alit\u00e9.<\/strong><\/p>\n\n\n\n<p>Pendant ce temps, le Dictionnaire de Cambridge explore le domaine de l\u2019intelligence artificielle, offrant une interpr\u00e9tation nouvelle de \u00ab<strong><em> hallucination <\/em><\/strong>.\u00bb Dans ce contexte, lorsqu\u2019un syst\u00e8me d\u2019IA \u00ab <strong><em>hallucine<\/em><\/strong> ,\u00bb il g\u00e9n\u00e8re de fausses informations, un ph\u00e9nom\u00e8ne connu famili\u00e8rement sous le nom de confabulation. De telles adaptations linguistiques soulignent l\u2019interaction \u00e9volutive entre la cognition humaine et les algorithmes pilot\u00e9s par l\u2019IA, <strong>brouillant les fronti\u00e8res de la perception et de la r\u00e9alit\u00e9<\/strong>.<\/p>\n\n\n\n<p><strong>L\u2019av\u00e8nement des mod\u00e8les de langage aliment\u00e9s par l\u2019IA <\/strong>a r\u00e9volutionn\u00e9 les routines quotidiennes, impr\u00e9gnant des millions de vies depuis sa cr\u00e9ation \u00e0 la fin de 2022. Alors que nous avan\u00e7ons rapidement vers 2024, la mont\u00e9e exponentielle de l\u2019utilisation de l\u2019IA promet des perc\u00e9es dans l\u2019\u00e9ducation et les soins de sant\u00e9, suscitant \u00e0 la fois l\u2019excitation et l\u2019appr\u00e9hension.<\/p>\n<\/div>\n\n\n\n<div class=\"wp-block-column is-layout-flow wp-block-column-is-layout-flow\">\n<p>Les gouvernements luttent pour trouver un <strong>\u00e9quilibre d\u00e9licat entre la prosp\u00e9rit\u00e9 \u00e9conomique et la r\u00e9gulation des technologies de l\u2019IA, conscients du potentiel d\u2019exacerbation des in\u00e9galit\u00e9s sociales<\/strong>.<\/p>\n\n\n\n<p>Au milieu du contexte persistant de \u00ab <strong>permacrise<\/strong> \u00bb et \u00ab <strong>polycrise <\/strong>,\u00bb comme pr\u00e9vu en 2023, les s\u00e9quelles de la pand\u00e9mie de COVID-19 persistent, bien que moins visibles. Malgr\u00e9 la d\u00e9claration de la fin de la pand\u00e9mie par l\u2019Organisation mondiale de la sant\u00e9 en mai 2023, apr\u00e8s pr\u00e8s de sept millions de d\u00e9c\u00e8s, ses impacts durables se font sentir \u00e0 travers <strong>des \u00e9conomies affaiblies, des crises climatiques exacerb\u00e9es, des tensions g\u00e9opolitiques et des conflits arm\u00e9s accrues<\/strong>. Les gouvernements locaux et r\u00e9gionaux se retrouvent au c\u0153ur de ces d\u00e9fis, charg\u00e9s de favoriser la paix, la r\u00e9silience, et le bien-\u00eatre communautaire.<\/p>\n\n\n\n<p>Pourtant, au milieu de l\u2019adversit\u00e9, se trouve une opportunit\u00e9 de renouveau et de solidarit\u00e9. Les Objectifs de D\u00e9veloppement Durable (ODD) font face \u00e0 une r\u00e9gression dans les progr\u00e8s collectifs, n\u00e9cessitant un recentrage sur les bonnes nouvelles et les r\u00e9alisations locales en 2024. C\u2019est une ann\u00e9e propice aux <strong>\u00e9lections d\u00e9mocratiques<\/strong> et aux <strong>r\u00e9formes de la gouvernance mondiale<\/strong>, esp\u00e9rons-le, fond\u00e9es sur <strong>la confiance et l\u2019inclusivit\u00e9<\/strong>, catalysant des <strong>partenariats transformateurs et des coalitions \u00e0 fort impact<\/strong>.<\/p>\n\n\n\n<p>En intensifiant les actions locales pour un impact mondial, l\u2019ann\u00e9e 2024 doit donner la priorit\u00e9 aux <strong>approches bas\u00e9es sur le soin et les droits<\/strong>, garantissant la participation de toutes les communaut\u00e9s \u00e0 fa\u00e7onner notre avenir collectif.<\/p>\n<\/div>\n<\/div>\n<\/div><\/div>\n<\/div><\/div>\n","protected":false},"excerpt":{"rendered":"<p>Editorial Les Villes en 2024 L\u2019IA, l\u2019abr\u00e9viation pour l\u2019intelligenceartificielle, est le mot phare de l\u2019ann\u00e9e2023, selon le Dictionnaire Collins. LeDictionnaire d\u2019Oxford accorde l\u2019honneur \u00e0 \u00abrizz,\u00bb un argot internet signifiant le style, le charme, ou l\u2019attractivit\u00e9, la capacit\u00e9d\u2019attirer un partenaire romantique ousexuel. En revanche, Merriam-Webstermet en avant \u00abauthentique\u00bb, soulignantles valeurs fondamentales de l\u2019authenticit\u00e9 et de la [&hellip;]<\/p>\n","protected":false},"author":1,"featured_media":0,"parent":43,"menu_order":0,"comment_status":"closed","ping_status":"closed","template":"","meta":{"footnotes":""},"class_list":["post-44","page","type-page","status-publish","hentry"],"yoast_head":"<!-- This site is optimized with the Yoast SEO plugin v27.0 - https:\/\/yoast.com\/product\/yoast-seo-wordpress\/ -->\n<title>Les Villes en 2024 - Municipal Forecast - Fran\u00e7ais<\/title>\n<meta name=\"robots\" content=\"index, follow, max-snippet:-1, max-image-preview:large, max-video-preview:-1\" \/>\n<link rel=\"canonical\" href=\"https:\/\/urbanjournalism.institute\/forecast-fr\/forecast-2024\/cities-in-2024\/\" \/>\n<meta property=\"og:locale\" content=\"fr_FR\" \/>\n<meta property=\"og:type\" content=\"article\" \/>\n<meta property=\"og:title\" content=\"Les Villes en 2024 - Municipal Forecast - Fran\u00e7ais\" \/>\n<meta property=\"og:description\" content=\"Editorial Les Villes en 2024 L\u2019IA, l\u2019abr\u00e9viation pour l\u2019intelligenceartificielle, est le mot phare de l\u2019ann\u00e9e2023, selon le Dictionnaire Collins. LeDictionnaire d\u2019Oxford accorde l\u2019honneur \u00e0 \u00abrizz,\u00bb un argot internet signifiant le style, le charme, ou l\u2019attractivit\u00e9, la capacit\u00e9d\u2019attirer un partenaire romantique ousexuel. En revanche, Merriam-Webstermet en avant \u00abauthentique\u00bb, soulignantles valeurs fondamentales de l\u2019authenticit\u00e9 et de la [&hellip;]\" \/>\n<meta property=\"og:url\" content=\"https:\/\/urbanjournalism.institute\/forecast-fr\/forecast-2024\/cities-in-2024\/\" \/>\n<meta property=\"og:site_name\" content=\"Municipal Forecast - Fran\u00e7ais\" \/>\n<meta property=\"article:modified_time\" content=\"2024-02-18T14:25:05+00:00\" \/>\n<meta name=\"twitter:card\" content=\"summary_large_image\" \/>\n<meta name=\"twitter:label1\" content=\"Dur\u00e9e de lecture estim\u00e9e\" \/>\n\t<meta name=\"twitter:data1\" content=\"3 minutes\" \/>\n<script type=\"application\/ld+json\" class=\"yoast-schema-graph\">{\"@context\":\"https:\/\/schema.org\",\"@graph\":[{\"@type\":\"WebPage\",\"@id\":\"https:\/\/urbanjournalism.institute\/forecast-fr\/forecast-2024\/cities-in-2024\/\",\"url\":\"https:\/\/urbanjournalism.institute\/forecast-fr\/forecast-2024\/cities-in-2024\/\",\"name\":\"Les Villes en 2024 - Municipal Forecast - Fran\u00e7ais\",\"isPartOf\":{\"@id\":\"https:\/\/urbanjournalism.institute\/forecast-fr\/#website\"},\"datePublished\":\"2024-02-18T09:31:27+00:00\",\"dateModified\":\"2024-02-18T14:25:05+00:00\",\"breadcrumb\":{\"@id\":\"https:\/\/urbanjournalism.institute\/forecast-fr\/forecast-2024\/cities-in-2024\/#breadcrumb\"},\"inLanguage\":\"fr-FR\",\"potentialAction\":[{\"@type\":\"ReadAction\",\"target\":[\"https:\/\/urbanjournalism.institute\/forecast-fr\/forecast-2024\/cities-in-2024\/\"]}]},{\"@type\":\"BreadcrumbList\",\"@id\":\"https:\/\/urbanjournalism.institute\/forecast-fr\/forecast-2024\/cities-in-2024\/#breadcrumb\",\"itemListElement\":[{\"@type\":\"ListItem\",\"position\":1,\"name\":\"Forecast 2024\",\"item\":\"https:\/\/urbanjournalism.institute\/forecast-fr\/\"},{\"@type\":\"ListItem\",\"position\":2,\"name\":\"Les Villes en 2024\"}]},{\"@type\":\"WebSite\",\"@id\":\"https:\/\/urbanjournalism.institute\/forecast-fr\/#website\",\"url\":\"https:\/\/urbanjournalism.institute\/forecast-fr\/\",\"name\":\"Municipal Forecast - Fran\u00e7ais\",\"description\":\"\",\"potentialAction\":[{\"@type\":\"SearchAction\",\"target\":{\"@type\":\"EntryPoint\",\"urlTemplate\":\"https:\/\/urbanjournalism.institute\/forecast-fr\/?s={search_term_string}\"},\"query-input\":{\"@type\":\"PropertyValueSpecification\",\"valueRequired\":true,\"valueName\":\"search_term_string\"}}],\"inLanguage\":\"fr-FR\"}]}<\/script>\n<!-- \/ Yoast SEO plugin. -->","yoast_head_json":{"title":"Les Villes en 2024 - Municipal Forecast - Fran\u00e7ais","robots":{"index":"index","follow":"follow","max-snippet":"max-snippet:-1","max-image-preview":"max-image-preview:large","max-video-preview":"max-video-preview:-1"},"canonical":"https:\/\/urbanjournalism.institute\/forecast-fr\/forecast-2024\/cities-in-2024\/","og_locale":"fr_FR","og_type":"article","og_title":"Les Villes en 2024 - Municipal Forecast - Fran\u00e7ais","og_description":"Editorial Les Villes en 2024 L\u2019IA, l\u2019abr\u00e9viation pour l\u2019intelligenceartificielle, est le mot phare de l\u2019ann\u00e9e2023, selon le Dictionnaire Collins. LeDictionnaire d\u2019Oxford accorde l\u2019honneur \u00e0 \u00abrizz,\u00bb un argot internet signifiant le style, le charme, ou l\u2019attractivit\u00e9, la capacit\u00e9d\u2019attirer un partenaire romantique ousexuel. En revanche, Merriam-Webstermet en avant \u00abauthentique\u00bb, soulignantles valeurs fondamentales de l\u2019authenticit\u00e9 et de la [&hellip;]","og_url":"https:\/\/urbanjournalism.institute\/forecast-fr\/forecast-2024\/cities-in-2024\/","og_site_name":"Municipal Forecast - Fran\u00e7ais","article_modified_time":"2024-02-18T14:25:05+00:00","twitter_card":"summary_large_image","twitter_misc":{"Dur\u00e9e de lecture estim\u00e9e":"3 minutes"},"schema":{"@context":"https:\/\/schema.org","@graph":[{"@type":"WebPage","@id":"https:\/\/urbanjournalism.institute\/forecast-fr\/forecast-2024\/cities-in-2024\/","url":"https:\/\/urbanjournalism.institute\/forecast-fr\/forecast-2024\/cities-in-2024\/","name":"Les Villes en 2024 - Municipal Forecast - Fran\u00e7ais","isPartOf":{"@id":"https:\/\/urbanjournalism.institute\/forecast-fr\/#website"},"datePublished":"2024-02-18T09:31:27+00:00","dateModified":"2024-02-18T14:25:05+00:00","breadcrumb":{"@id":"https:\/\/urbanjournalism.institute\/forecast-fr\/forecast-2024\/cities-in-2024\/#breadcrumb"},"inLanguage":"fr-FR","potentialAction":[{"@type":"ReadAction","target":["https:\/\/urbanjournalism.institute\/forecast-fr\/forecast-2024\/cities-in-2024\/"]}]},{"@type":"BreadcrumbList","@id":"https:\/\/urbanjournalism.institute\/forecast-fr\/forecast-2024\/cities-in-2024\/#breadcrumb","itemListElement":[{"@type":"ListItem","position":1,"name":"Forecast 2024","item":"https:\/\/urbanjournalism.institute\/forecast-fr\/"},{"@type":"ListItem","position":2,"name":"Les Villes en 2024"}]},{"@type":"WebSite","@id":"https:\/\/urbanjournalism.institute\/forecast-fr\/#website","url":"https:\/\/urbanjournalism.institute\/forecast-fr\/","name":"Municipal Forecast - Fran\u00e7ais","description":"","potentialAction":[{"@type":"SearchAction","target":{"@type":"EntryPoint","urlTemplate":"https:\/\/urbanjournalism.institute\/forecast-fr\/?s={search_term_string}"},"query-input":{"@type":"PropertyValueSpecification","valueRequired":true,"valueName":"search_term_string"}}],"inLanguage":"fr-FR"}]}},"_links":{"self":[{"href":"https:\/\/urbanjournalism.institute\/forecast-fr\/wp-json\/wp\/v2\/pages\/44","targetHints":{"allow":["GET"]}}],"collection":[{"href":"https:\/\/urbanjournalism.institute\/forecast-fr\/wp-json\/wp\/v2\/pages"}],"about":[{"href":"https:\/\/urbanjournalism.institute\/forecast-fr\/wp-json\/wp\/v2\/types\/page"}],"author":[{"embeddable":true,"href":"https:\/\/urbanjournalism.institute\/forecast-fr\/wp-json\/wp\/v2\/users\/1"}],"replies":[{"embeddable":true,"href":"https:\/\/urbanjournalism.institute\/forecast-fr\/wp-json\/wp\/v2\/comments?post=44"}],"version-history":[{"count":1,"href":"https:\/\/urbanjournalism.institute\/forecast-fr\/wp-json\/wp\/v2\/pages\/44\/revisions"}],"predecessor-version":[{"id":76,"href":"https:\/\/urbanjournalism.institute\/forecast-fr\/wp-json\/wp\/v2\/pages\/44\/revisions\/76"}],"up":[{"embeddable":true,"href":"https:\/\/urbanjournalism.institute\/forecast-fr\/wp-json\/wp\/v2\/pages\/43"}],"wp:attachment":[{"href":"https:\/\/urbanjournalism.institute\/forecast-fr\/wp-json\/wp\/v2\/media?parent=44"}],"curies":[{"name":"wp","href":"https:\/\/api.w.org\/{rel}","templated":true}]}}