{"id":45,"date":"2024-02-18T09:31:27","date_gmt":"2024-02-18T09:31:27","guid":{"rendered":"https:\/\/urbanjournalism.institute\/forecast-fr\/forecast-2024\/cities-in-2024\/architects-of-global-peace\/"},"modified":"2024-02-19T09:03:59","modified_gmt":"2024-02-19T09:03:59","slug":"architects-of-global-peace","status":"publish","type":"page","link":"https:\/\/urbanjournalism.institute\/forecast-fr\/forecast-2024\/cities-in-2024\/architects-of-global-peace\/","title":{"rendered":"Architectes de la Paix Mondiale"},"content":{"rendered":"\n<figure class=\"wp-block-image size-large is-resized\"><img decoding=\"async\" src=\"\/forecast\/wp-content\/themes\/uji\/img\/mf24\/architects-of-global-peace.jpg\" alt=\"\" style=\"width:840px;height:auto\" \/><figcaption class=\"wp-element-caption\">\u00a9 Chuko Kribb<\/figcaption><\/figure>\n\n\n\n<div class=\"wp-block-group py-0\"><div class=\"wp-block-group__inner-container is-layout-constrained wp-block-group-is-layout-constrained\">\n<div class=\"wp-block-group py-0\"><div class=\"wp-block-group__inner-container is-layout-constrained wp-block-group-is-layout-constrained\">\n<h1 class=\"wp-block-heading has-text-align-center\">ARCHITECTES DE LA PAIX MONDIALE<\/h1>\n\n\n\n<div style=\"height:20px\" aria-hidden=\"true\" class=\"wp-block-spacer\"><\/div>\n\n\n\n<div class=\"wp-block-columns is-layout-flex wp-container-core-columns-is-layout-9d6595d7 wp-block-columns-is-layout-flex\">\n<div class=\"wp-block-column is-layout-flow wp-block-column-is-layout-flow\">\n<p class=\"has-text-align-left\"><strong><em>\u00abCeux qui aiment la paix doivent apprendre \u00e0 s\u2019organiser aussi efficacement que ceux qui aiment la guerre.\u00bb<\/em><\/strong><\/p>\n\n\n\n<p>Les paroles de Martin Luther King Jr. dans son sermon \u00abAimer ses ennemis\u00bb ont \u00e9t\u00e9 prononc\u00e9es le 17 novembre 1957 \u00e0 l\u2019\u00e9glise baptiste de la Dexter Avenue \u00e0 Montgomery, Alabama.<\/p>\n\n\n\n<p>La <strong><a href=\"https:\/\/www.rescue.org\/eu\/emergency-watchlist-2024\" target=\"_blank\" rel=\"noreferrer noopener\">liste de surveillance d\u2019urgence de 2024<\/a><\/strong> souligne \u00abune crise humanitaire mondiale \u00e9crasante\u00bb, r\u00e9v\u00e9lant <strong>une augmentation de plus de quatre fois du nombre de personnes ayant besoin d\u2019aide entre 2014 et 2023.<\/strong> Ces chiffres, bien que stup\u00e9fiants, sont difficiles \u00e0 saisir pour la plupart de la population, car les chiffres semblent avoir perdu leur capacit\u00e9 d\u2019impact \u00e9motionnel et de compr\u00e9hension. Pr\u00e8s de 300 millions de personnes ont besoin d\u2019aide humanitaire, 110 millions de personnes sont d\u00e9plac\u00e9es de force dans le monde, 237,8 millions de personnes connaissent une crise alimentaire ou des niveaux encore pires d\u2019ins\u00e9curit\u00e9 alimentaire, et 659 millions de personnes vivent dans l\u2019extr\u00eame pauvret\u00e9.<\/p>\n\n\n\n<p>Les zones urbaines, en raison de leur taille et de leur densit\u00e9, sont les plus susceptibles d\u2019\u00eatre touch\u00e9es par les impacts des crises mondiales et des perturbations, comme cela a \u00e9t\u00e9 observ\u00e9 pendant la pand\u00e9mie de COVID-19. Cependant, <strong>les villes ne sont pas con\u00e7ues pour r\u00e9sister aux conflits mais pour \u00eatre des lieux de paix.<\/strong><\/p>\n\n\n\n<p>La force d\u2019une ville r\u00e9side dans la compr\u00e9hension quotidienne et la r\u00e9ciprocit\u00e9 entre ses habitants. Son infrastructure publique et biens communs reposent sur le concept d\u2019interconnexion, allant des approvisionnements en eau et en \u00e9nergie aux h\u00f4pitaux et aux transports, fournissant des services aux individus tout en s\u2019appuyant sur une approche communautaire.<\/p>\n\n\n\n<p>Lorsqu\u2019un conflit, et la violence qui l\u2019accompagne, frappent une ville, l\u2019infrastructure et les service publics deviennent une cible commune, et le syst\u00e8me urbain s\u2019effondre avec des cons\u00e9quences humanitaires graves, notamment le d\u00e9placement massif. Ce qui \u00e9tait autrefois une force dans la paix se transforme en fragilit\u00e9 et vuln\u00e9rabilit\u00e9, avec les citoyens subissant toute la gamme des pertes.<\/p>\n<\/div>\n\n\n\n<div class=\"wp-block-column is-layout-flow wp-block-column-is-layout-flow\">\n<p>Les dommages d\u00e9vastateurs caus\u00e9s par la guerre dans les zones urbaines ont \u00e9t\u00e9 particuli\u00e8rement dramatiques pendant la Seconde Guerre mondiale, o\u00f9 les armes ont perfectionn\u00e9 l\u2019art de d\u00e9truire les villes. Des milliers de civils ont \u00e9t\u00e9 tu\u00e9s dans les villes europ\u00e9ennes, tandis que les bombardements atomiques d\u2019Hiroshima et de Nagasaki ont fait entre 110 000 et 210 000 victimes, rendant impossible le calcul de donn\u00e9es plus sp\u00e9cifiques. En 2025, cela fera 80 ans depuis les bombardements.<\/p>\n\n\n\n<p>La situation dramatique \u00e0 Gaza, les bombardements des villes ukrainiennes par la Russie, et les destructions des derni\u00e8res ann\u00e9es \u00e0 Alep, Bagdad, Damas, Mossoul, Sanaa, Marawi, Mogadiscio et Khartoum ne sont que quelques exemples de la mani\u00e8re dont les villes sont en premi\u00e8re ligne des conflits. Le Comit\u00e9 international de la Croix-Rouge (CICR) a lanc\u00e9 un projet photographique en 3D sur les <strong><a href=\"https:\/\/broken-cities.icrc.org\/fr\/\" target=\"_blank\" rel=\"noreferrer noopener\">villes d\u00e9truites<\/a><\/strong>, se concentrant sur les d\u00e9g\u00e2ts \u00e0 Alep, Mossoul et Gaza, dans le cadre d\u2019un appel \u00e0 tous les \u00c9tats pour qu\u2019ils acceptent de limiter l\u2019utilisation d\u2019armes explosives dans les zones peupl\u00e9es.<\/p>\n\n\n\n<p><strong>Si les villes sont des lieux de paix, les gouvernements locaux en sont les architectes. <\/strong>Ils sont des agents naturels de la paix et de construction communautaire, \u0153uvrant au bien-\u00eatre de leurs citoyens et favorisant le dialogue, les partenariats et la coop\u00e9ration entre les villes et au sein des r\u00e9seaux de villes. Leur travail est essentiel pour pr\u00e9venir, prendre soin et construire une coexistence pacifique, ainsi que pour lutter contre la violence sous toutes ses formes, y compris la violence contre les femmes et la violence structurelle sous forme d\u2019in\u00e9galit\u00e9s.<\/p>\n\n\n\n<p>Comme l\u2019exprime la <a href=\"https:\/\/www.ciudadesdepaz.com\/wp-content\/uploads\/EN_Declaracion-IV-Foro-Ciudades-y-Territorios-de-Paz_Bogota.pdf\" target=\"_blank\" rel=\"noreferrer noopener\">d\u00e9claration<\/a> du Forum mondial des villes et territoires de paix de 2023, \u00ab<strong>La paix n\u2019est pas seulement l\u2019absence de guerre mais aussi l\u2019absence de toutes sortes de violence<\/strong>.\u00bb<\/p>\n<\/div>\n<\/div>\n<\/div><\/div>\n<\/div><\/div>\n\n\n\n<div class=\"wp-block-group mt-10\"><div class=\"wp-block-group__inner-container is-layout-constrained wp-block-group-is-layout-constrained\">\n<div class=\"wp-block-columns is-layout-flex wp-container-core-columns-is-layout-9d6595d7 wp-block-columns-is-layout-flex\">\n<div class=\"wp-block-column is-layout-flow wp-block-column-is-layout-flow\">\n<p>Un <strong>Nouvel Agenda pour la paix<\/strong> est plus pressant que jamais, <strong>avec des solutions efficaces et pacifiques \u00e9manant des territoires<\/strong>. Le Forum politique de haut niveau des Nations Unies en 2024 examinera en profondeur cinq objectifs de d\u00e9veloppement durable (ODD), notamment l\u2019objectif 16, promouvant des soci\u00e9t\u00e9s pacifiques et inclusives pour un d\u00e9veloppement durable, assurant l\u2019acc\u00e8s \u00e0 la justice pour tous et construisant des institutions efficaces, responsables et inclusives \u00e0 tous les niveaux. Les gouvernements locaux sont cruciaux pour cet effort en faveur d\u2019institutions plus fortes, non seulement en tant qu\u2019architectes de la paix, mais aussi en tant que garants de la confiance.<\/p>\n\n\n\n<p>L\u2019<a href=\"https:\/\/news.gallup.com\/poll\/512651\/americans-trust-local-government-congress-least.aspx#:~:text=Story%20Highlights&amp;text=WASHINGTON%2C%20D.C.%20%2D%2D%20Gallup's%20annual,%2C%20or%20Congress%20(32%25).\" target=\"_blank\" rel=\"noreferrer noopener\">actualisation annuelle de Gallup<\/a> sur la <strong>confiance dans les institutions <\/strong>et acteurs gouvernementaux aux \u00c9tats-Unis r\u00e9v\u00e8le que les Am\u00e9ricains ont le plus confiance dans le gouvernement local (67 %) et le moins dans le pouvoir l\u00e9gislatif du gouvernement f\u00e9d\u00e9ral ou le Congr\u00e8s (32 %). Les donn\u00e9es les plus pertinentes dans le sondage sont la comparaison avec la moyenne historique depuis le d\u00e9but de cette \u00e9tude annuelle par Gallup au d\u00e9but des ann\u00e9es 1970. La confiance dans les gouvernements locaux a seulement diminu\u00e9 de trois points, passant de la moyenne historique de 70 % \u00e0 67 % en 2023. Cependant, la confiance dans le gouvernement f\u00e9d\u00e9ral, les branches l\u00e9gislative et judiciaire, a chut\u00e9 respectivement de 15, 16 et 17 points.<\/p>\n\n\n\n<p>La R\u00e9union annuelle du Forum \u00e9conomique mondial de 2024 \u00e0 Davos avait pour th\u00e8me \u00ab<strong>Reconstruire la confiance<\/strong>\u00bb. On a beaucoup parl\u00e9 de faire confiance \u00e0 la technologie, en particulier \u00e0 l\u2019IA, de faire confiance aux entreprises, \u00e0 leur engagement en faveur de l\u2019action climatique, de la transparence et de la responsabilit\u00e9, mais peu de choses ont \u00e9t\u00e9 dites sur le regain de confiance des citoyens dans leurs institutions.<\/p>\n\n\n\n<p>Le <strong><em><a href=\"https:\/\/www3.weforum.org\/docs\/WEF_The_Global_Risks_Report_2024.pdf\" target=\"_blank\" rel=\"noreferrer noopener\">Rapport sur les risques mondiaux de 2024<\/a><\/em><\/strong>, publi\u00e9 par le Forum \u00e9conomique mondial, identifie la \u00ab<strong>polarisation de la soci\u00e9t\u00e9\u00bb comme l\u2019un des trois principaux risques \u00e0 la fois \u00e0 court terme et \u00e0 moyen terme sur une p\u00e9riode de deux ans<\/strong>. Les conditions m\u00e9t\u00e9orologiques extr\u00eames arrivent en premi\u00e8re position, et la d\u00e9sinformation g\u00e9n\u00e9r\u00e9e par l\u2019IA arrive en deuxi\u00e8me position. Cette derni\u00e8re est particuli\u00e8rement li\u00e9e aux implications de la \u00absuper ann\u00e9e \u00e9lectorale\u00bb, avec pr\u00e8s de la moiti\u00e9 de la population mondiale appel\u00e9e \u00e0 voter, et aux implications des \u00abcampagnes manipulatrices\u00bb mena\u00e7ant les processus d\u00e9mocratiques.<\/p>\n<\/div>\n\n\n\n<div class=\"wp-block-column is-layout-flow wp-block-column-is-layout-flow\">\n<p>Le manque de confiance dans les gouvernements se refl\u00e8te \u00e9galement dans le <strong><em><a href=\"https:\/\/www.edelman.com\/trust\/2024\/trust-barometer\" target=\"_blank\" rel=\"noreferrer noopener\">Barom\u00e8tre de confiance Edelman de 2024<\/a><\/em><\/strong>, r\u00e9alis\u00e9 entre le 3 et le 22 novembre 2023. Les <strong>gouvernements sont per\u00e7us comme moins comp\u00e9tents et \u00e9thiques que les entreprises, les ONG ou les m\u00e9dias<\/strong>, les leaders gouvernementaux \u00e9tant les individus les moins dignes de confiance. Des pays comme l\u2019Argentine, la Colombie, l\u2019Afrique du Sud et le Royaume-Uni affichent des pourcentages de confiance au-del\u00e0 de 35 %.<\/p>\n\n\n\n<p>La confiance dans le gouvernement, traditionnellement associ\u00e9e aux pays ayant une histoire consolid\u00e9e de d\u00e9mocratie, est en crise. Hannah Bunting du Centre de recherche sur la d\u00e9mocratie locale au Royaume-Uni, un pays en bas de l\u2019\u00e9chelle des gouvernements moins dignes de confiance dans le Barom\u00e8tre Edelman, <strong>d\u00e9finit la confiance comme \u00abcroire qu\u2019un gouvernement accomplira une fonction qui aboutira \u00e0 quelque chose que vous voulez, m\u00eame quand personne ne regarde.<\/strong>\u00bb Les gouvernements locaux sont plus r\u00e9ceptifs aux pr\u00e9occupations des citoyens, plus proches de leurs besoins et plus capables d\u2019offrir les services dont ils ont besoin.<\/p>\n\n\n\n<p>Les faibles niveaux de confiance sont \u00e9galement traditionnellement associ\u00e9s \u00e0 des niveaux \u00e9lev\u00e9s d\u2019in\u00e9galit\u00e9, auquel s\u2019ajoute le plus r\u00e9cent \u00e9l\u00e9ment de la vuln\u00e9rabilit\u00e9 des territoires face aux d\u00e9fis du changement climatique.<\/p>\n\n\n\n<p><strong>Le lien entre la paix et la d\u00e9mocratie d\u2019une part, et l\u2019agenda de l\u2019\u00e9galit\u00e9 et de l\u2019environnement d\u2019autre part, est plus pertinent que jamais<\/strong>. Le chevauchement entre les pays touch\u00e9s par les conflits et ceux vuln\u00e9rables au climat augmente, la proportion de conflits survenant dans des pays vuln\u00e9rables au climat passant de 44 \u00e0 67 % au cours des trois derni\u00e8res d\u00e9cennies.<\/p>\n\n\n\n<p>La confiance dans les gouvernements et la capacit\u00e9 humaine \u00e0 trouver des approches communes sont en crise. Il est donc urgent d\u2019organiser ceux qui aiment la paix, avec les gouvernements locaux en premi\u00e8re ligne pour commencer \u00e0 travailler.<\/p>\n<\/div>\n<\/div>\n<\/div><\/div>\n","protected":false},"excerpt":{"rendered":"<p>ARCHITECTES DE LA PAIX MONDIALE \u00abCeux qui aiment la paix doivent apprendre \u00e0 s\u2019organiser aussi efficacement que ceux qui aiment la guerre.\u00bb Les paroles de Martin Luther King Jr. dans son sermon \u00abAimer ses ennemis\u00bb ont \u00e9t\u00e9 prononc\u00e9es le 17 novembre 1957 \u00e0 l\u2019\u00e9glise baptiste de la Dexter Avenue \u00e0 Montgomery, Alabama. La liste de [&hellip;]<\/p>\n","protected":false},"author":1,"featured_media":0,"parent":44,"menu_order":0,"comment_status":"closed","ping_status":"closed","template":"","meta":{"footnotes":""},"class_list":["post-45","page","type-page","status-publish","hentry"],"yoast_head":"<!-- This site is optimized with the Yoast SEO plugin v27.0 - https:\/\/yoast.com\/product\/yoast-seo-wordpress\/ -->\n<title>Architectes de la Paix Mondiale - Municipal Forecast - Fran\u00e7ais<\/title>\n<meta name=\"robots\" content=\"index, follow, max-snippet:-1, max-image-preview:large, max-video-preview:-1\" \/>\n<link rel=\"canonical\" href=\"https:\/\/urbanjournalism.institute\/forecast-fr\/forecast-2024\/cities-in-2024\/architects-of-global-peace\/\" \/>\n<meta property=\"og:locale\" content=\"fr_FR\" \/>\n<meta property=\"og:type\" content=\"article\" \/>\n<meta property=\"og:title\" content=\"Architectes de la Paix Mondiale - Municipal Forecast - Fran\u00e7ais\" \/>\n<meta property=\"og:description\" content=\"ARCHITECTES DE LA PAIX MONDIALE \u00abCeux qui aiment la paix doivent apprendre \u00e0 s\u2019organiser aussi efficacement que ceux qui aiment la guerre.\u00bb Les paroles de Martin Luther King Jr. dans son sermon \u00abAimer ses ennemis\u00bb ont \u00e9t\u00e9 prononc\u00e9es le 17 novembre 1957 \u00e0 l\u2019\u00e9glise baptiste de la Dexter Avenue \u00e0 Montgomery, Alabama. La liste de [&hellip;]\" \/>\n<meta property=\"og:url\" content=\"https:\/\/urbanjournalism.institute\/forecast-fr\/forecast-2024\/cities-in-2024\/architects-of-global-peace\/\" \/>\n<meta property=\"og:site_name\" content=\"Municipal Forecast - Fran\u00e7ais\" \/>\n<meta property=\"article:modified_time\" content=\"2024-02-19T09:03:59+00:00\" \/>\n<meta name=\"twitter:card\" content=\"summary_large_image\" \/>\n<meta name=\"twitter:label1\" content=\"Dur\u00e9e de lecture estim\u00e9e\" \/>\n\t<meta name=\"twitter:data1\" content=\"7 minutes\" \/>\n<script type=\"application\/ld+json\" class=\"yoast-schema-graph\">{\"@context\":\"https:\/\/schema.org\",\"@graph\":[{\"@type\":\"WebPage\",\"@id\":\"https:\/\/urbanjournalism.institute\/forecast-fr\/forecast-2024\/cities-in-2024\/architects-of-global-peace\/\",\"url\":\"https:\/\/urbanjournalism.institute\/forecast-fr\/forecast-2024\/cities-in-2024\/architects-of-global-peace\/\",\"name\":\"Architectes de la Paix Mondiale - Municipal Forecast - Fran\u00e7ais\",\"isPartOf\":{\"@id\":\"https:\/\/urbanjournalism.institute\/forecast-fr\/#website\"},\"datePublished\":\"2024-02-18T09:31:27+00:00\",\"dateModified\":\"2024-02-19T09:03:59+00:00\",\"breadcrumb\":{\"@id\":\"https:\/\/urbanjournalism.institute\/forecast-fr\/forecast-2024\/cities-in-2024\/architects-of-global-peace\/#breadcrumb\"},\"inLanguage\":\"fr-FR\",\"potentialAction\":[{\"@type\":\"ReadAction\",\"target\":[\"https:\/\/urbanjournalism.institute\/forecast-fr\/forecast-2024\/cities-in-2024\/architects-of-global-peace\/\"]}]},{\"@type\":\"BreadcrumbList\",\"@id\":\"https:\/\/urbanjournalism.institute\/forecast-fr\/forecast-2024\/cities-in-2024\/architects-of-global-peace\/#breadcrumb\",\"itemListElement\":[{\"@type\":\"ListItem\",\"position\":1,\"name\":\"Forecast 2024\",\"item\":\"https:\/\/urbanjournalism.institute\/forecast-fr\/\"},{\"@type\":\"ListItem\",\"position\":2,\"name\":\"Les Villes en 2024\",\"item\":\"https:\/\/urbanjournalism.institute\/forecast-fr\/forecast-2024\/cities-in-2024\/\"},{\"@type\":\"ListItem\",\"position\":3,\"name\":\"Architectes de la Paix Mondiale\"}]},{\"@type\":\"WebSite\",\"@id\":\"https:\/\/urbanjournalism.institute\/forecast-fr\/#website\",\"url\":\"https:\/\/urbanjournalism.institute\/forecast-fr\/\",\"name\":\"Municipal Forecast - Fran\u00e7ais\",\"description\":\"\",\"potentialAction\":[{\"@type\":\"SearchAction\",\"target\":{\"@type\":\"EntryPoint\",\"urlTemplate\":\"https:\/\/urbanjournalism.institute\/forecast-fr\/?s={search_term_string}\"},\"query-input\":{\"@type\":\"PropertyValueSpecification\",\"valueRequired\":true,\"valueName\":\"search_term_string\"}}],\"inLanguage\":\"fr-FR\"}]}<\/script>\n<!-- \/ Yoast SEO plugin. -->","yoast_head_json":{"title":"Architectes de la Paix Mondiale - Municipal Forecast - Fran\u00e7ais","robots":{"index":"index","follow":"follow","max-snippet":"max-snippet:-1","max-image-preview":"max-image-preview:large","max-video-preview":"max-video-preview:-1"},"canonical":"https:\/\/urbanjournalism.institute\/forecast-fr\/forecast-2024\/cities-in-2024\/architects-of-global-peace\/","og_locale":"fr_FR","og_type":"article","og_title":"Architectes de la Paix Mondiale - Municipal Forecast - Fran\u00e7ais","og_description":"ARCHITECTES DE LA PAIX MONDIALE \u00abCeux qui aiment la paix doivent apprendre \u00e0 s\u2019organiser aussi efficacement que ceux qui aiment la guerre.\u00bb Les paroles de Martin Luther King Jr. dans son sermon \u00abAimer ses ennemis\u00bb ont \u00e9t\u00e9 prononc\u00e9es le 17 novembre 1957 \u00e0 l\u2019\u00e9glise baptiste de la Dexter Avenue \u00e0 Montgomery, Alabama. La liste de [&hellip;]","og_url":"https:\/\/urbanjournalism.institute\/forecast-fr\/forecast-2024\/cities-in-2024\/architects-of-global-peace\/","og_site_name":"Municipal Forecast - Fran\u00e7ais","article_modified_time":"2024-02-19T09:03:59+00:00","twitter_card":"summary_large_image","twitter_misc":{"Dur\u00e9e de lecture estim\u00e9e":"7 minutes"},"schema":{"@context":"https:\/\/schema.org","@graph":[{"@type":"WebPage","@id":"https:\/\/urbanjournalism.institute\/forecast-fr\/forecast-2024\/cities-in-2024\/architects-of-global-peace\/","url":"https:\/\/urbanjournalism.institute\/forecast-fr\/forecast-2024\/cities-in-2024\/architects-of-global-peace\/","name":"Architectes de la Paix Mondiale - Municipal Forecast - Fran\u00e7ais","isPartOf":{"@id":"https:\/\/urbanjournalism.institute\/forecast-fr\/#website"},"datePublished":"2024-02-18T09:31:27+00:00","dateModified":"2024-02-19T09:03:59+00:00","breadcrumb":{"@id":"https:\/\/urbanjournalism.institute\/forecast-fr\/forecast-2024\/cities-in-2024\/architects-of-global-peace\/#breadcrumb"},"inLanguage":"fr-FR","potentialAction":[{"@type":"ReadAction","target":["https:\/\/urbanjournalism.institute\/forecast-fr\/forecast-2024\/cities-in-2024\/architects-of-global-peace\/"]}]},{"@type":"BreadcrumbList","@id":"https:\/\/urbanjournalism.institute\/forecast-fr\/forecast-2024\/cities-in-2024\/architects-of-global-peace\/#breadcrumb","itemListElement":[{"@type":"ListItem","position":1,"name":"Forecast 2024","item":"https:\/\/urbanjournalism.institute\/forecast-fr\/"},{"@type":"ListItem","position":2,"name":"Les Villes en 2024","item":"https:\/\/urbanjournalism.institute\/forecast-fr\/forecast-2024\/cities-in-2024\/"},{"@type":"ListItem","position":3,"name":"Architectes de la Paix Mondiale"}]},{"@type":"WebSite","@id":"https:\/\/urbanjournalism.institute\/forecast-fr\/#website","url":"https:\/\/urbanjournalism.institute\/forecast-fr\/","name":"Municipal Forecast - Fran\u00e7ais","description":"","potentialAction":[{"@type":"SearchAction","target":{"@type":"EntryPoint","urlTemplate":"https:\/\/urbanjournalism.institute\/forecast-fr\/?s={search_term_string}"},"query-input":{"@type":"PropertyValueSpecification","valueRequired":true,"valueName":"search_term_string"}}],"inLanguage":"fr-FR"}]}},"_links":{"self":[{"href":"https:\/\/urbanjournalism.institute\/forecast-fr\/wp-json\/wp\/v2\/pages\/45","targetHints":{"allow":["GET"]}}],"collection":[{"href":"https:\/\/urbanjournalism.institute\/forecast-fr\/wp-json\/wp\/v2\/pages"}],"about":[{"href":"https:\/\/urbanjournalism.institute\/forecast-fr\/wp-json\/wp\/v2\/types\/page"}],"author":[{"embeddable":true,"href":"https:\/\/urbanjournalism.institute\/forecast-fr\/wp-json\/wp\/v2\/users\/1"}],"replies":[{"embeddable":true,"href":"https:\/\/urbanjournalism.institute\/forecast-fr\/wp-json\/wp\/v2\/comments?post=45"}],"version-history":[{"count":2,"href":"https:\/\/urbanjournalism.institute\/forecast-fr\/wp-json\/wp\/v2\/pages\/45\/revisions"}],"predecessor-version":[{"id":148,"href":"https:\/\/urbanjournalism.institute\/forecast-fr\/wp-json\/wp\/v2\/pages\/45\/revisions\/148"}],"up":[{"embeddable":true,"href":"https:\/\/urbanjournalism.institute\/forecast-fr\/wp-json\/wp\/v2\/pages\/44"}],"wp:attachment":[{"href":"https:\/\/urbanjournalism.institute\/forecast-fr\/wp-json\/wp\/v2\/media?parent=45"}],"curies":[{"name":"wp","href":"https:\/\/api.w.org\/{rel}","templated":true}]}}